{"id":47493,"date":"2022-02-15T16:19:36","date_gmt":"2022-02-15T14:19:36","guid":{"rendered":"https:\/\/www.veltec.eu\/?page_id=47493"},"modified":"2022-02-15T16:23:00","modified_gmt":"2022-02-15T14:23:00","slug":"videos-de-veltec","status":"publish","type":"page","link":"https:\/\/www.veltec.eu\/fr\/videos-de-veltec\/","title":{"rendered":"Vid\u00e9os de Veltec"},"content":{"rendered":"<section  class='av_textblock_section av-kzo7hsyt-6e62fecf3945aab03e6c070c85b637ef '   itemscope=\"itemscope\" itemtype=\"https:\/\/schema.org\/CreativeWork\" ><div class='avia_textblock'  itemprop=\"text\" ><p>Vid\u00e9os de Veltec. Regardez nos vid\u00e9os avec des informations visuelles sur nos services. Veltec est un fournisseur d&#8217;aspirateurs Kirby depuis plus de 20 ans.<\/p>\n<\/div><\/section>\n<div  class='flex_column av-av_one_fourth-a93934ecd89fbb8a9566d39e89cd3725 av_one_fourth  avia-builder-el-1  el_after_av_textblock  el_before_av_one_fourth  first flex_column_div  column-top-margin'     ><div  class='avia-video av-kzo7o0jd-464f9ee41751b7f4da8e183b75ec5c70 avia-video-16-9 av-no-preview-image avia-video-load-always av-lazyload-immediate av-lazyload-video-embed'  itemprop=\"video\" itemtype=\"https:\/\/schema.org\/VideoObject\"  data-original_url='https:\/\/www.youtube.com\/watch?v=kkM8Go2Gw0E'><script type='text\/html' class='av-video-tmpl'><div class='avia-iframe-wrap'><iframe loading=\"lazy\" title=\"Aspirateur Kirby Veltec -- remplacer les raccords de flexible Kirby.\" width=\"1500\" height=\"844\" src=\"https:\/\/www.youtube.com\/embed\/kkM8Go2Gw0E?feature=oembed&autoplay=0&loop=0&controls=1&mute=0\" frameborder=\"0\" allow=\"accelerometer; autoplay; clipboard-write; encrypted-media; gyroscope; picture-in-picture; web-share\" referrerpolicy=\"strict-origin-when-cross-origin\" allowfullscreen><\/iframe><\/div><\/script><div class='av-click-to-play-overlay'><div class=\"avia_playpause_icon\"><\/div><\/div><\/div><\/div>\n<div  class='flex_column av-av_one_fourth-d06667205e6186ec8414c6eb7605d406 av_one_fourth  avia-builder-el-3  el_after_av_one_fourth  el_before_av_one_fourth  flex_column_div  column-top-margin'     ><div  class='avia-video av-kzo7obzy-f3a26bac7fb19bb28a9ffe4df4d20ffc avia-video-16-9 av-no-preview-image avia-video-load-always av-lazyload-immediate av-lazyload-video-embed'  itemprop=\"video\" itemtype=\"https:\/\/schema.org\/VideoObject\"  data-original_url='https:\/\/www.youtube.com\/watch?v=x7ENssk3oec'><script type='text\/html' class='av-video-tmpl'><div class='avia-iframe-wrap'><iframe loading=\"lazy\" title=\"Aspirateur Kirby Veltec -- remplacer le sac d&#039;aspirateur Kirby.\" width=\"1500\" height=\"844\" src=\"https:\/\/www.youtube.com\/embed\/x7ENssk3oec?feature=oembed&autoplay=0&loop=0&controls=1&mute=0\" frameborder=\"0\" allow=\"accelerometer; autoplay; clipboard-write; encrypted-media; gyroscope; picture-in-picture; web-share\" referrerpolicy=\"strict-origin-when-cross-origin\" allowfullscreen><\/iframe><\/div><\/script><div class='av-click-to-play-overlay'><div class=\"avia_playpause_icon\"><\/div><\/div><\/div><\/div>\n<div  class='flex_column av-av_one_fourth-d06667205e6186ec8414c6eb7605d406 av_one_fourth  avia-builder-el-5  el_after_av_one_fourth  el_before_av_one_fourth  flex_column_div  column-top-margin'     ><div  class='avia-video av-kzo7onwq-3d8407ae306613d0918bcb1afedf594f avia-video-16-9 av-no-preview-image avia-video-load-always av-lazyload-immediate av-lazyload-video-embed'  itemprop=\"video\" itemtype=\"https:\/\/schema.org\/VideoObject\"  data-original_url='https:\/\/www.youtube.com\/watch?v=2N1I274_xmM'><script type='text\/html' class='av-video-tmpl'><div class='avia-iframe-wrap'><iframe loading=\"lazy\" title=\"Aspirateur Kirby Veltec -- remplacer la brosse d&#039;aspiro-batteur Kirby.\" width=\"1500\" height=\"844\" src=\"https:\/\/www.youtube.com\/embed\/2N1I274_xmM?feature=oembed&autoplay=0&loop=0&controls=1&mute=0\" frameborder=\"0\" allow=\"accelerometer; autoplay; clipboard-write; encrypted-media; gyroscope; picture-in-picture; web-share\" referrerpolicy=\"strict-origin-when-cross-origin\" allowfullscreen><\/iframe><\/div><\/script><div class='av-click-to-play-overlay'><div class=\"avia_playpause_icon\"><\/div><\/div><\/div><\/div>\n<div  class='flex_column av-av_one_fourth-d06667205e6186ec8414c6eb7605d406 av_one_fourth  avia-builder-el-7  el_after_av_one_fourth  el_before_av_hr  flex_column_div  column-top-margin'     ><div  class='avia-video av-kzo7oyh0-970d8839f678e8b9e62793fb1ae239ae avia-video-16-9 av-no-preview-image avia-video-load-always av-lazyload-immediate av-lazyload-video-embed'  itemprop=\"video\" itemtype=\"https:\/\/schema.org\/VideoObject\"  data-original_url='https:\/\/www.youtube.com\/watch?v=uA5Wb6VETfA'><script type='text\/html' class='av-video-tmpl'><div class='avia-iframe-wrap'><iframe loading=\"lazy\" title=\"Aspirateur Kirby Veltec -- remplacer la courroie d&#039;entra\u00eenement Kirby.\" width=\"1500\" height=\"844\" src=\"https:\/\/www.youtube.com\/embed\/uA5Wb6VETfA?feature=oembed&autoplay=0&loop=0&controls=1&mute=0\" frameborder=\"0\" allow=\"accelerometer; autoplay; clipboard-write; encrypted-media; gyroscope; picture-in-picture; web-share\" referrerpolicy=\"strict-origin-when-cross-origin\" allowfullscreen><\/iframe><\/div><\/script><div class='av-click-to-play-overlay'><div class=\"avia_playpause_icon\"><\/div><\/div><\/div><\/div>\n\n<style type=\"text\/css\" data-created_by=\"avia_inline_auto\" id=\"style-css-av-kzo7po4n-fed28986817da7bb59a1718647619df3\">\n#top .hr.hr-invisible.av-kzo7po4n-fed28986817da7bb59a1718647619df3{\nheight:50px;\n}\n<\/style>\n<div  class='hr av-kzo7po4n-fed28986817da7bb59a1718647619df3 hr-invisible  avia-builder-el-9  el_after_av_one_fourth  el_before_av_textblock '><span class='hr-inner '><span class=\"hr-inner-style\"><\/span><\/span><\/div>\n<section  class='av_textblock_section av-kzo7qflh-001044aca9000e173106ffe5ff6a7f19 '   itemscope=\"itemscope\" itemtype=\"https:\/\/schema.org\/CreativeWork\" ><div class='avia_textblock'  itemprop=\"text\" ><p><!-- TrustBox widget - Starter --><\/p>\n<div class=\"trustpilot-widget\" data-locale=\"fr-FR\" data-template-id=\"5613c9cde69ddc09340c6beb\" data-businessunit-id=\"4e1b158d00006400051028e4\" data-style-height=\"100%\" data-style-width=\"100%\" data-theme=\"light\"><a href=\"https:\/\/fr.trustpilot.com\/review\/www.veltec.eu\" target=\"_blank\" rel=\"noopener noreferrer\">Trustpilot<\/a><\/div>\n<p><!-- End TrustBox widget --><\/p>\n<\/div><\/section>\n\n<style type=\"text\/css\" data-created_by=\"avia_inline_auto\" id=\"style-css-av-kzo7qyzq-83a4ddf32119ca4a06ad2f20a62d8657\">\n#top .hr.hr-invisible.av-kzo7qyzq-83a4ddf32119ca4a06ad2f20a62d8657{\nheight:50px;\n}\n<\/style>\n<div  class='hr av-kzo7qyzq-83a4ddf32119ca4a06ad2f20a62d8657 hr-invisible  avia-builder-el-11  el_after_av_textblock  el_before_av_image '><span class='hr-inner '><span class=\"hr-inner-style\"><\/span><\/span><\/div>\n\n<style type=\"text\/css\" data-created_by=\"avia_inline_auto\" id=\"style-css-av-kzo7ryky-c3e41f53b3bd3df03de8c6bd6c4e966b\">\n.avia-image-container.av-kzo7ryky-c3e41f53b3bd3df03de8c6bd6c4e966b img.avia_image{\nbox-shadow:none;\n}\n.avia-image-container.av-kzo7ryky-c3e41f53b3bd3df03de8c6bd6c4e966b .av-image-caption-overlay-center{\ncolor:#ffffff;\n}\n<\/style>\n<div  class='avia-image-container av-kzo7ryky-c3e41f53b3bd3df03de8c6bd6c4e966b av-styling- av-img-linked avia-align-center  avia-builder-el-12  el_after_av_hr  el_before_av_hr '   itemprop=\"image\" itemscope=\"itemscope\" itemtype=\"https:\/\/schema.org\/ImageObject\" ><div class=\"avia-image-container-inner\"><div class=\"avia-image-overlay-wrap\"><a href=\"https:\/\/www.veltec.eu\/fr\/\" class='avia_image '  aria-label='Vid\u00e9os de Veltec'><img decoding=\"async\" fetchpriority=\"high\" class='wp-image-47427 avia-img-lazy-loading-not-47427 avia_image ' src=\"https:\/\/www.veltec.eu\/wp-content\/uploads\/2022\/02\/Veltec-log-groot-e1537260889125.webp\" alt='' title='Vid\u00e9os de Veltec'  height=\"60\" width=\"200\"  itemprop=\"thumbnailUrl\"  \/><\/a><\/div><\/div><\/div>\n\n<style type=\"text\/css\" data-created_by=\"avia_inline_auto\" id=\"style-css-av-kzo7sb4k-df04249b867d91f19c5992e04de3eb45\">\n#top .hr.hr-invisible.av-kzo7sb4k-df04249b867d91f19c5992e04de3eb45{\nheight:50px;\n}\n<\/style>\n<div  class='hr av-kzo7sb4k-df04249b867d91f19c5992e04de3eb45 hr-invisible  avia-builder-el-13  el_after_av_image  el_before_av_textblock '><span class='hr-inner '><span class=\"hr-inner-style\"><\/span><\/span><\/div>\n<section  class='av_textblock_section av-kzo7t2sa-25302ba26049244c9cd59dedb135e7bf '   itemscope=\"itemscope\" itemtype=\"https:\/\/schema.org\/CreativeWork\" ><div class='avia_textblock'  itemprop=\"text\" ><div class=\"flex_column av-2vhm-3883028715af4632344e8ee3ae8432c2 av_one_full avia-builder-el-31 el_after_av_productslider el_before_av_one_full first flex_column_div av-zero-column-padding \">\n<section class=\"av_textblock_section av-jmaorxn6-3ee683bcc7593affaa718a05e5cd05ba\">\n<div class=\"avia_textblock\">\n<h2>Aspirateur Kirby\u00a0Boutique en ligne:\u00a0Veltec<\/h2>\n<h3>Toutes les pi\u00e8ces et accessoires pour votre aspirateur Kirby<\/h3>\n<p>Accueil. Veltec est un important fournisseur des aspirateurs et accessoires haut de gamme Kirby. Nous fournissons\u00a0<a href=\"https:\/\/www.veltec.eu\/fr\/aspirateurs-kirby\/\">les aspirateurs Kirby<\/a>\u00a0aux particuliers et aux entreprises depuis plus de 20 ans. Notre boutique en ligne pour aspirateur Kirby concerne tous les aspirateurs Kirby originaux et r\u00e9vis\u00e9s et leurs accessoires. Notre boutique en ligne pour aspirateur Kirby a plus de 180 produits d\u2019origine pour aspirateurs Kirby en stock. Par cons\u00e9quent. Les sacs d\u2019aspirateur. Les aspirateurs Kirby professionnels Et les pi\u00e8ces d\u00e9tach\u00e9s d\u2019origine Kirby. Ne sont plus qu\u2019\u00e0 quelques clics de souris. Nous vous proposons \u00e9galement un service suppl\u00e9mentaire. Les vid\u00e9os d\u2019instruction Veltec Kirby qui vous seront tr\u00e8s utiles. L\u2019achat de tous les produits est tr\u00e8s facile dans notre boutique en ligne. SI vous commandez votre produit Kirby aujourd\u2019hui, il sera livr\u00e9 dans les 3 jours ouvrables.<\/p>\n<h2>Syst\u00e8mes de nettoyage Kirby<\/h2>\n<h3>Les meilleurs syst\u00e8mes de nettoyage Kirby \u00e0 des prix abordables<\/h3>\n<p>Outre les aspirateurs Kirby, nous fournissons \u00e9galement une vari\u00e9t\u00e9 d\u2019autres appareils m\u00e9nagers tels que les syst\u00e8mes de nettoyage Veltec et Kirby. Notre ligne de produits Kirby et Veltec propose une large gamme d\u2019\u00e9quipements de nettoyage innovants et intelligents. Les \u00e9quipements de nettoyage Kirby haut de gamme comprennent une large gamme de nettoyeurs vapeur Veltec et d\u2019aspirateurs Kirby. Nous avons test\u00e9 tous les \u00e9quipements \u00e0 l\u2019avance pour vous garantir que tous les produits Kirby et Montiss sont conformes aux normes Veltec les plus \u00e9lev\u00e9es. En effectuant ces tests de qualit\u00e9, nous avons retenu une s\u00e9lection des meilleurs syst\u00e8mes de nettoyage Kirby et Veltec, aspirateurs Kirby et accessoires Kirby. Tous les produits pr\u00e9sent\u00e9s dans la boutique en ligne sont de haute qualit\u00e9 et pr\u00e9sentent le meilleur rapport qualit\u00e9-prix.<\/p>\n<\/div>\n<\/section>\n<\/div>\n<div class=\"flex_column av-2ons-e5cf78e9ae507c31570e5e67adf0d1d1 av_one_full avia-builder-el-33 el_after_av_one_full avia-builder-el-last first flex_column_div av-zero-column-padding column-top-margin\">\n<section class=\"av_textblock_section av-jm6cnrsx-3df8749aaffe00a075ce5f0299af19ad\">\n<div class=\"avia_textblock\">\n<h2>Pi\u00e8ces et accessoires Kirby Veltec<\/h2>\n<h3><a href=\"https:\/\/www.veltec.eu\/fr\/pieces-daspirateur-kirby\/\">Pi\u00e8ces pour aspirateurs Kirby<\/a><\/h3>\n<p>Kirby a \u00e9t\u00e9 fond\u00e9e en l\u2019an 1914. Depuis cette \u00e9poque, les aspirateurs Kirby sont consid\u00e9r\u00e9s comme tr\u00e8s fiables. Et offrant un excellent rapport qualit\u00e9-prix. Le temps a montr\u00e9 qu\u2019un bon entretien de votre aspirateur Kirby gardera votre Kirby en forme optimale pendant longtemps. Malheureusement, une utilisation fr\u00e9quente peut provoquer des dommages li\u00e9s \u00e0 l\u2019usure. Ce qui est plus ou moins in\u00e9vitable. Heureusement. Nous avons toutes les pi\u00e8ces d\u2019aspirateur Kirby dont on peut avoir besoin pour conserver un fonctionnement optimal des aspirateurs Kirby. Des moteurs Kirby complets. Pales de rotor. P\u00e9dales \u00e0 pied. Cordons \u00e9lectriques. Et m\u00eame les plus petites vis Kirby. Nous avons toutes les meilleures pi\u00e8ces en stock. Dans la boutique en ligne pour aspirateurs Kirby. Vous pouvez trouver tous les aspirateurs Kirby originaux et r\u00e9vis\u00e9s, sacs d\u2019aspirateur et accessoires en quelques clics seulement.<\/p>\n<h3><a href=\"https:\/\/www.veltec.eu\/fr\/categorie\/sac-exterieur-et-accessoires-kirby\/\">Sac ext\u00e9rieur<\/a><\/h3>\n<p>Outre les pi\u00e8ces pour\u00a0<a href=\"https:\/\/www.veltec.eu\/fr\/categorie\/kirby-aspirateurs-reconditionnes\/\">aspirateurs Kirby<\/a>, telles que les pales de rotor et les moteurs Kirby complets, Veltec vous propose davantage. Nous offrons des sacs ext\u00e9rieurs Kirby haut de gamme allant du sac flambant neuf aux sacs reconditionn\u00e9s. M\u00eame les aspirateurs doivent \u00eatre nettoy\u00e9s de temps en temps. Un nouveau sac ext\u00e9rieur Kirby peut grandement am\u00e9liorer les performances de votre aspirateur. Un sac ext\u00e9rieur Kirby neuf ou recondittionn\u00e9 garantira que vous puissiez aspirer toute la poussi\u00e8re sans vous soucier de savoir si le sac ext\u00e9rieur s\u2019use ou risque de se d\u00e9chirer.<\/p>\n<h3><a href=\"https:\/\/www.veltec.eu\/fr\/categorie\/kirby-accessoires-fr\/\">Accessoires Kirby<\/a><\/h3>\n<p>Pour une performance optimale de votre aspirateur Kirby le bon kit d\u2019accessoires est une n\u00e9cessit\u00e9. Par exemple, les brosses professionnelles vous aiderons \u00e0 garder propres les endroits les plus difficiles \u00e0 l\u2019ext\u00e9rieur et \u00e0 l\u2019int\u00e9rieur de l\u2019aspirateur Kirby. Cet entretien permettra de prolonger la dur\u00e9e de vie de votre aspirateur. Veltec propose aussi des roues et des fa\u00e7ades Kirby pour garantir que votre aspirateur Kirby reste dans une condition optimale pendant longtemps. Si un nettoyage s\u2019av\u00e8re plus difficile, notre shampouineuse Kirby peut faire le travail \u00e0 votre place. La shampouineuse Kirby remet \u00e0 neuf les tapis et moquettes sales en un seul nettoyage. Si vous ne savez pas quels accessoires peuvent vous aider \u00e0 nettoyer \u00e0 fond une surface, Veltec peut vous aider. Nous pouvons vous offrir un conseil professionnel Kirby. Ainsi, plus aucun grain de poussi\u00e8re ne sera en s\u00e9curit\u00e9.<\/p>\n<\/div>\n<\/section>\n<\/div>\n<\/div><\/section>\n","protected":false},"excerpt":{"rendered":"","protected":false},"author":1,"featured_media":0,"parent":0,"menu_order":0,"comment_status":"closed","ping_status":"closed","template":"","meta":{"_acf_changed":false,"footnotes":""},"class_list":["post-47493","page","type-page","status-publish","hentry"],"acf":[],"yoast_head":"<!-- This site is optimized with the Yoast SEO Premium plugin v27.1 (Yoast SEO v27.4) - https:\/\/yoast.com\/product\/yoast-seo-premium-wordpress\/ -->\n<title>Vid\u00e9os de Veltec - Veltec Kirby specialist<\/title>\n<meta name=\"description\" content=\"Vid\u00e9os de Veltec. Regardez nos vid\u00e9os avec des informations visuelles sur nos services. Veltec est un fournisseur d&#039;aspirateurs Kirby.\" \/>\n<meta name=\"robots\" content=\"index, follow, max-snippet:-1, max-image-preview:large, max-video-preview:-1\" \/>\n<link rel=\"canonical\" href=\"https:\/\/www.veltec.eu\/nl\/content-paginas\/de-veltec-videos\/\" \/>\n<meta property=\"og:locale\" content=\"fr_FR\" \/>\n<meta property=\"og:type\" content=\"article\" \/>\n<meta property=\"og:title\" content=\"Vid\u00e9os de Veltec\" \/>\n<meta property=\"og:url\" content=\"https:\/\/www.veltec.eu\/nl\/content-paginas\/de-veltec-videos\/\" \/>\n<meta property=\"og:site_name\" content=\"Veltec Kirby specialist\" \/>\n<meta property=\"article:publisher\" content=\"https:\/\/www.facebook.com\/Veltec-Kirby-Specialist-236746293374877\/\" \/>\n<meta property=\"article:modified_time\" content=\"2022-02-15T14:23:00+00:00\" \/>\n<meta name=\"twitter:card\" content=\"summary_large_image\" \/>\n<meta name=\"twitter:label1\" content=\"Dur\u00e9e de lecture estim\u00e9e\" \/>\n\t<meta name=\"twitter:data1\" content=\"12 minutes\" \/>\n<script type=\"application\/ld+json\" class=\"yoast-schema-graph\">{\"@context\":\"https:\\\/\\\/schema.org\",\"@graph\":[{\"@type\":\"WebPage\",\"@id\":\"https:\\\/\\\/www.veltec.eu\\\/nl\\\/content-paginas\\\/de-veltec-videos\\\/\",\"url\":\"https:\\\/\\\/www.veltec.eu\\\/nl\\\/content-paginas\\\/de-veltec-videos\\\/\",\"name\":\"Vid\u00e9os de Veltec - Veltec Kirby specialist\",\"isPartOf\":{\"@id\":\"https:\\\/\\\/www.veltec.eu\\\/en\\\/#website\"},\"datePublished\":\"2022-02-15T14:19:36+00:00\",\"dateModified\":\"2022-02-15T14:23:00+00:00\",\"description\":\"Vid\u00e9os de Veltec. Regardez nos vid\u00e9os avec des informations visuelles sur nos services. Veltec est un fournisseur d'aspirateurs Kirby.\",\"breadcrumb\":{\"@id\":\"https:\\\/\\\/www.veltec.eu\\\/nl\\\/content-paginas\\\/de-veltec-videos\\\/#breadcrumb\"},\"inLanguage\":\"fr-FR\",\"potentialAction\":[{\"@type\":\"ReadAction\",\"target\":[\"https:\\\/\\\/www.veltec.eu\\\/nl\\\/content-paginas\\\/de-veltec-videos\\\/\"]}]},{\"@type\":\"BreadcrumbList\",\"@id\":\"https:\\\/\\\/www.veltec.eu\\\/nl\\\/content-paginas\\\/de-veltec-videos\\\/#breadcrumb\",\"itemListElement\":[{\"@type\":\"ListItem\",\"position\":1,\"name\":\"Home\",\"item\":\"https:\\\/\\\/www.veltec.eu\\\/fr\\\/\"},{\"@type\":\"ListItem\",\"position\":2,\"name\":\"Vid\u00e9os de Veltec\"}]},{\"@type\":\"WebSite\",\"@id\":\"https:\\\/\\\/www.veltec.eu\\\/en\\\/#website\",\"url\":\"https:\\\/\\\/www.veltec.eu\\\/en\\\/\",\"name\":\"Veltec Kirby specialist\",\"description\":\"Kirby stofzuiger producten\",\"publisher\":{\"@id\":\"https:\\\/\\\/www.veltec.eu\\\/en\\\/#organization\"},\"potentialAction\":[{\"@type\":\"SearchAction\",\"target\":{\"@type\":\"EntryPoint\",\"urlTemplate\":\"https:\\\/\\\/www.veltec.eu\\\/en\\\/?s={search_term_string}\"},\"query-input\":{\"@type\":\"PropertyValueSpecification\",\"valueRequired\":true,\"valueName\":\"search_term_string\"}}],\"inLanguage\":\"fr-FR\"},{\"@type\":\"Organization\",\"@id\":\"https:\\\/\\\/www.veltec.eu\\\/en\\\/#organization\",\"name\":\"Veltec Kirby Specialist\",\"url\":\"https:\\\/\\\/www.veltec.eu\\\/en\\\/\",\"logo\":{\"@type\":\"ImageObject\",\"inLanguage\":\"fr-FR\",\"@id\":\"https:\\\/\\\/www.veltec.eu\\\/en\\\/#\\\/schema\\\/logo\\\/image\\\/\",\"url\":\"https:\\\/\\\/www.veltec.eu\\\/wp-content\\\/uploads\\\/2021\\\/12\\\/Veltec-log-groot-e1537260889125.png\",\"contentUrl\":\"https:\\\/\\\/www.veltec.eu\\\/wp-content\\\/uploads\\\/2021\\\/12\\\/Veltec-log-groot-e1537260889125.png\",\"width\":200,\"height\":60,\"caption\":\"Veltec Kirby Specialist\"},\"image\":{\"@id\":\"https:\\\/\\\/www.veltec.eu\\\/en\\\/#\\\/schema\\\/logo\\\/image\\\/\"},\"sameAs\":[\"https:\\\/\\\/www.facebook.com\\\/Veltec-Kirby-Specialist-236746293374877\\\/\",\"https:\\\/\\\/www.youtube.com\\\/user\\\/VeltecService\"]}]}<\/script>\n<!-- \/ Yoast SEO Premium plugin. -->","yoast_head_json":{"title":"Vid\u00e9os de Veltec - Veltec Kirby specialist","description":"Vid\u00e9os de Veltec. Regardez nos vid\u00e9os avec des informations visuelles sur nos services. Veltec est un fournisseur d'aspirateurs Kirby.","robots":{"index":"index","follow":"follow","max-snippet":"max-snippet:-1","max-image-preview":"max-image-preview:large","max-video-preview":"max-video-preview:-1"},"canonical":"https:\/\/www.veltec.eu\/nl\/content-paginas\/de-veltec-videos\/","og_locale":"fr_FR","og_type":"article","og_title":"Vid\u00e9os de Veltec","og_url":"https:\/\/www.veltec.eu\/nl\/content-paginas\/de-veltec-videos\/","og_site_name":"Veltec Kirby specialist","article_publisher":"https:\/\/www.facebook.com\/Veltec-Kirby-Specialist-236746293374877\/","article_modified_time":"2022-02-15T14:23:00+00:00","twitter_card":"summary_large_image","twitter_misc":{"Dur\u00e9e de lecture estim\u00e9e":"12 minutes"},"schema":{"@context":"https:\/\/schema.org","@graph":[{"@type":"WebPage","@id":"https:\/\/www.veltec.eu\/nl\/content-paginas\/de-veltec-videos\/","url":"https:\/\/www.veltec.eu\/nl\/content-paginas\/de-veltec-videos\/","name":"Vid\u00e9os de Veltec - Veltec Kirby specialist","isPartOf":{"@id":"https:\/\/www.veltec.eu\/en\/#website"},"datePublished":"2022-02-15T14:19:36+00:00","dateModified":"2022-02-15T14:23:00+00:00","description":"Vid\u00e9os de Veltec. Regardez nos vid\u00e9os avec des informations visuelles sur nos services. Veltec est un fournisseur d'aspirateurs Kirby.","breadcrumb":{"@id":"https:\/\/www.veltec.eu\/nl\/content-paginas\/de-veltec-videos\/#breadcrumb"},"inLanguage":"fr-FR","potentialAction":[{"@type":"ReadAction","target":["https:\/\/www.veltec.eu\/nl\/content-paginas\/de-veltec-videos\/"]}]},{"@type":"BreadcrumbList","@id":"https:\/\/www.veltec.eu\/nl\/content-paginas\/de-veltec-videos\/#breadcrumb","itemListElement":[{"@type":"ListItem","position":1,"name":"Home","item":"https:\/\/www.veltec.eu\/fr\/"},{"@type":"ListItem","position":2,"name":"Vid\u00e9os de Veltec"}]},{"@type":"WebSite","@id":"https:\/\/www.veltec.eu\/en\/#website","url":"https:\/\/www.veltec.eu\/en\/","name":"Veltec Kirby specialist","description":"Kirby stofzuiger producten","publisher":{"@id":"https:\/\/www.veltec.eu\/en\/#organization"},"potentialAction":[{"@type":"SearchAction","target":{"@type":"EntryPoint","urlTemplate":"https:\/\/www.veltec.eu\/en\/?s={search_term_string}"},"query-input":{"@type":"PropertyValueSpecification","valueRequired":true,"valueName":"search_term_string"}}],"inLanguage":"fr-FR"},{"@type":"Organization","@id":"https:\/\/www.veltec.eu\/en\/#organization","name":"Veltec Kirby Specialist","url":"https:\/\/www.veltec.eu\/en\/","logo":{"@type":"ImageObject","inLanguage":"fr-FR","@id":"https:\/\/www.veltec.eu\/en\/#\/schema\/logo\/image\/","url":"https:\/\/www.veltec.eu\/wp-content\/uploads\/2021\/12\/Veltec-log-groot-e1537260889125.png","contentUrl":"https:\/\/www.veltec.eu\/wp-content\/uploads\/2021\/12\/Veltec-log-groot-e1537260889125.png","width":200,"height":60,"caption":"Veltec Kirby Specialist"},"image":{"@id":"https:\/\/www.veltec.eu\/en\/#\/schema\/logo\/image\/"},"sameAs":["https:\/\/www.facebook.com\/Veltec-Kirby-Specialist-236746293374877\/","https:\/\/www.youtube.com\/user\/VeltecService"]}]}},"_links":{"self":[{"href":"https:\/\/www.veltec.eu\/fr\/wp-json\/wp\/v2\/pages\/47493","targetHints":{"allow":["GET"]}}],"collection":[{"href":"https:\/\/www.veltec.eu\/fr\/wp-json\/wp\/v2\/pages"}],"about":[{"href":"https:\/\/www.veltec.eu\/fr\/wp-json\/wp\/v2\/types\/page"}],"author":[{"embeddable":true,"href":"https:\/\/www.veltec.eu\/fr\/wp-json\/wp\/v2\/users\/1"}],"replies":[{"embeddable":true,"href":"https:\/\/www.veltec.eu\/fr\/wp-json\/wp\/v2\/comments?post=47493"}],"version-history":[{"count":0,"href":"https:\/\/www.veltec.eu\/fr\/wp-json\/wp\/v2\/pages\/47493\/revisions"}],"wp:attachment":[{"href":"https:\/\/www.veltec.eu\/fr\/wp-json\/wp\/v2\/media?parent=47493"}],"curies":[{"name":"wp","href":"https:\/\/api.w.org\/{rel}","templated":true}]}}