{"id":45270,"date":"2022-01-10T13:42:59","date_gmt":"2022-01-10T11:42:59","guid":{"rendered":"https:\/\/www.veltec.eu\/kirby-nederland\/"},"modified":"2025-12-23T14:50:13","modified_gmt":"2025-12-23T12:50:13","slug":"kirby-france","status":"publish","type":"page","link":"https:\/\/www.veltec.eu\/fr\/kirby-france\/","title":{"rendered":"Kirby France"},"content":{"rendered":"\n<style type=\"text\/css\" data-created_by=\"avia_inline_auto\" id=\"style-css-av-vedi-305b8b86727032f3ed0452aa9fa3cbc4\">\n.flex_column.av-vedi-305b8b86727032f3ed0452aa9fa3cbc4{\nborder-radius:0px 0px 0px 0px;\npadding:0px 0px 0px 0px;\n}\n<\/style>\n<div  class='flex_column av-vedi-305b8b86727032f3ed0452aa9fa3cbc4 av_one_full  avia-builder-el-0  el_before_av_two_fifth  avia-builder-el-first  first flex_column_div av-zero-column-padding  '     ><section  class='av_textblock_section av-jmby17c6-cab4d7a08811cbc31eae0a6b7ee91844 '   itemscope=\"itemscope\" itemtype=\"https:\/\/schema.org\/CreativeWork\" ><div class='avia_textblock'  itemprop=\"text\" ><h1>Kirby France &#8211; Vente et service d&#8217;aspirateurs Kirby<\/h1>\n<\/div><\/section><\/div>\n<style type=\"text\/css\" data-created_by=\"avia_inline_auto\" id=\"style-css-av-8x5pa-36a50ada888fdc2125691538afdf43f0\">\n.flex_column.av-8x5pa-36a50ada888fdc2125691538afdf43f0{\nborder-radius:0px 0px 0px 0px;\npadding:0px 0px 0px 0px;\n}\n<\/style>\n<div  class='flex_column av-8x5pa-36a50ada888fdc2125691538afdf43f0 av_two_fifth  avia-builder-el-2  el_after_av_one_full  el_before_av_three_fifth  first flex_column_div av-zero-column-padding  column-top-margin'     ><style type=\"text\/css\" data-created_by=\"avia_inline_auto\" id=\"style-css-av-jmbyg0k2-8045641d4870fb1f6355d6d2db1ab431\">\n.avia-image-container.av-jmbyg0k2-8045641d4870fb1f6355d6d2db1ab431 img.avia_image{\nbox-shadow:none;\n}\n.avia-image-container.av-jmbyg0k2-8045641d4870fb1f6355d6d2db1ab431 .av-image-caption-overlay-center{\ncolor:#ffffff;\n}\n<\/style>\n<div  class='avia-image-container av-jmbyg0k2-8045641d4870fb1f6355d6d2db1ab431 av-styling- avia-align-center  avia-builder-el-3  avia-builder-el-no-sibling '   itemprop=\"image\" itemscope=\"itemscope\" itemtype=\"https:\/\/schema.org\/ImageObject\" ><div class=\"avia-image-container-inner\"><div class=\"avia-image-overlay-wrap\"><img decoding=\"async\" fetchpriority=\"high\" class='wp-image-45307 avia-img-lazy-loading-not-45307 avia_image ' src=\"https:\/\/www.veltec.eu\/wp-content\/uploads\/2022\/01\/Kirby-Fance.png\" alt='Kirby France' title='Kirby France'  height=\"500\" width=\"488\"  itemprop=\"thumbnailUrl\" srcset=\"https:\/\/www.veltec.eu\/wp-content\/uploads\/2022\/01\/Kirby-Fance.png 488w, https:\/\/www.veltec.eu\/wp-content\/uploads\/2022\/01\/Kirby-Fance-293x300.png 293w, https:\/\/www.veltec.eu\/wp-content\/uploads\/2022\/01\/Kirby-Fance-36x36.png 36w\" sizes=\"(max-width: 488px) 100vw, 488px\" \/><\/div><\/div><\/div><\/div>\n<style type=\"text\/css\" data-created_by=\"avia_inline_auto\" id=\"style-css-av-aq7iu-1b87a7ec26f85512de677466925e0799\">\n.flex_column.av-aq7iu-1b87a7ec26f85512de677466925e0799{\nborder-radius:0px 0px 0px 0px;\npadding:0px 0px 0px 0px;\n}\n<\/style>\n<div  class='flex_column av-aq7iu-1b87a7ec26f85512de677466925e0799 av_three_fifth  avia-builder-el-4  el_after_av_two_fifth  avia-builder-el-last  flex_column_div av-zero-column-padding  column-top-margin'     ><section  class='av_textblock_section av-jmby2a5i-6259d29290d1c3ddf92065054c0417aa '   itemscope=\"itemscope\" itemtype=\"https:\/\/schema.org\/CreativeWork\" ><div class='avia_textblock'  itemprop=\"text\" ><h3>Veltec, le sp\u00e9cialiste du Kirby France<\/h3>\n<p>Le c\u00e9l\u00e8bre aspirateur Kirby est \u00e9galement disponible en France.<br \/>\nLe c\u00e9l\u00e8bre aspirateur Kirby a \u00e9galement perc\u00e9 dans notre pays et depuis son arriv\u00e9e en 1989, plus de 200 000 Kirby ont \u00e9t\u00e9 vendus. Veltec est le sp\u00e9cialiste des aspirateurs Kirby. Nous avons plus de 200 pi\u00e8ces d\u00e9tach\u00e9es originales Kirby en stock. Command\u00e9es aujourd&#8217;hui, elles sont exp\u00e9di\u00e9es demain.<\/p>\n<h3>Solide et fiable<\/h3>\n<p>Veltec a plus de 25 ans d&#8217;exp\u00e9rience avec les produits Kirby et est \u00e9tabli \u00e0 Andelst (Pays-Bas) depuis 1998. Gr\u00e2ce \u00e0 notre ind\u00e9pendance et \u00e0 l&#8217;importation directe, nous pouvons vous offrir des aspirateurs Kirby plusieurs fois moins chers que par l&#8217;interm\u00e9diaire d&#8217;un distributeur. Souvent m\u00eame jusqu&#8217;\u00e0 60% en dessous du nouveau prix. Nous livrons tous les produits originaux Kirby non seulement dans notre pays, depuis 2010 nous livrons aussi en Belgique, Allemagne, France, Luxembourg, Autriche, Suisse, Italie, Espagne et Portugal.<br \/>\nVeltec Kirby France est \u00e9galement le centre de service Kirby pour toutes les r\u00e9parations et l&#8217;entretien.<br \/>\nPour les aspirateurs Kirby aux Pays-Bas et en Belgique, voir ici : <a href=\"https:\/\/www.veltec.eu\/nl\/kirby-verzendservice\/\">Service Kirby<\/a>.<\/p>\n<h3>Service Kirby directement \u00e0 votre domicile<\/h3>\n<p>Les r\u00e9parations et les services Kirby sont simplement effectu\u00e9s \u00e0 votre domicile apr\u00e8s un rendez-vous. Lorsque votre aspirateur Kirby pr\u00e9sente un d\u00e9faut inattendu. Ou lorsque vous voulez demander un service p\u00e9riodique de Kirby. Ensuite, nous nous rendrons directement \u00e0 votre domicile apr\u00e8s avoir pris rendez-vous. Ainsi, pour notre service Kirby, vous n&#8217;avez plus besoin de quitter votre maison.<\/p>\n<h3>Pourquoi un aspirateur Kirby ?<\/h3>\n<p>Gr\u00e2ce \u00e0 la puissance d&#8217;aspiration ininterrompue et \u00e0 la m\u00e9thode de nettoyage professionnelle, les cheveux, les particules de poussi\u00e8re et m\u00eame les acariens sont compl\u00e8tement \u00e9limin\u00e9s. Les r\u00e9actions allergiques appartiennent au pass\u00e9 gr\u00e2ce aux aspirateurs Kirby. L&#8217;utilisation d&#8217;un aspirateur Kirby d\u00e9passe tout et garantit que votre maison et\/ou vos locaux professionnels sont vraiment propres.<\/p>\n<p>Vous voulez en savoir plus sur les aspirateurs Kirby en France ?<\/p>\n<p>Veuillez \u00e9galement consulter notre boutique en ligne pour tous les produits que nous proposons, tels que les pi\u00e8ces d\u00e9tach\u00e9es Kirby, les sacs d&#8217;aspirateur Kirby et les accessoires.<br \/>\nPlus d&#8217;informations sur Kirby ? Appelez-nous et nous serons heureux de vous aider. Kirby France : 0031-(0)36 260 00 61<\/p>\n<p><a href=\"https:\/\/www.trustindex.io\/reviews\/www.veltec.eu?lang=fr\">Lire l&#8217;\u00e9valuation de nos clients <\/a><\/p>\n<h2><a href=\"https:\/\/www.veltec.eu\/fr\/\">Allez directement \u00e0 la boutique en ligne de Kirby &gt;&gt;<\/a><\/h2>\n<\/div><\/section><\/div><\/p>\n","protected":false},"excerpt":{"rendered":"","protected":false},"author":1,"featured_media":0,"parent":0,"menu_order":0,"comment_status":"closed","ping_status":"closed","template":"","meta":{"footnotes":""},"class_list":["post-45270","page","type-page","status-publish","hentry"],"yoast_head":"<!-- This site is optimized with the Yoast SEO Premium plugin v27.1 (Yoast SEO v27.4) - https:\/\/yoast.com\/product\/yoast-seo-premium-wordpress\/ -->\n<title>Kirby France | Aspirateur service - Veltec Kirby specialist<\/title>\n<meta name=\"description\" content=\"Veltec est le sp\u00e9cialiste de Kirby en France. Nous avons une large gamme d&#039;aspirateurs et d&#039;accessoires Kirby.\" \/>\n<meta name=\"robots\" content=\"index, follow, max-snippet:-1, max-image-preview:large, max-video-preview:-1\" \/>\n<link rel=\"canonical\" href=\"https:\/\/www.veltec.eu\/nl\/kirby-nederland\/\" \/>\n<meta property=\"og:locale\" content=\"fr_FR\" \/>\n<meta property=\"og:type\" content=\"article\" \/>\n<meta property=\"og:title\" content=\"Kirby France\" \/>\n<meta property=\"og:url\" content=\"https:\/\/www.veltec.eu\/nl\/kirby-nederland\/\" \/>\n<meta property=\"og:site_name\" content=\"Veltec Kirby specialist\" \/>\n<meta property=\"article:publisher\" content=\"https:\/\/www.facebook.com\/Veltec-Kirby-Specialist-236746293374877\/\" \/>\n<meta property=\"article:modified_time\" content=\"2025-12-23T12:50:13+00:00\" \/>\n<meta name=\"twitter:card\" content=\"summary_large_image\" \/>\n<meta name=\"twitter:label1\" content=\"Dur\u00e9e de lecture estim\u00e9e\" \/>\n\t<meta name=\"twitter:data1\" content=\"3 minutes\" \/>\n<script type=\"application\/ld+json\" class=\"yoast-schema-graph\">{\"@context\":\"https:\\\/\\\/schema.org\",\"@graph\":[{\"@type\":\"WebPage\",\"@id\":\"https:\\\/\\\/www.veltec.eu\\\/nl\\\/kirby-nederland\\\/\",\"url\":\"https:\\\/\\\/www.veltec.eu\\\/nl\\\/kirby-nederland\\\/\",\"name\":\"Kirby France | Aspirateur service - Veltec Kirby specialist\",\"isPartOf\":{\"@id\":\"https:\\\/\\\/www.veltec.eu\\\/en\\\/#website\"},\"datePublished\":\"2022-01-10T11:42:59+00:00\",\"dateModified\":\"2025-12-23T12:50:13+00:00\",\"description\":\"Veltec est le sp\u00e9cialiste de Kirby en France. Nous avons une large gamme d'aspirateurs et d'accessoires Kirby.\",\"breadcrumb\":{\"@id\":\"https:\\\/\\\/www.veltec.eu\\\/nl\\\/kirby-nederland\\\/#breadcrumb\"},\"inLanguage\":\"fr-FR\",\"potentialAction\":[{\"@type\":\"ReadAction\",\"target\":[\"https:\\\/\\\/www.veltec.eu\\\/nl\\\/kirby-nederland\\\/\"]}]},{\"@type\":\"BreadcrumbList\",\"@id\":\"https:\\\/\\\/www.veltec.eu\\\/nl\\\/kirby-nederland\\\/#breadcrumb\",\"itemListElement\":[{\"@type\":\"ListItem\",\"position\":1,\"name\":\"Home\",\"item\":\"https:\\\/\\\/www.veltec.eu\\\/fr\\\/\"},{\"@type\":\"ListItem\",\"position\":2,\"name\":\"Kirby France\"}]},{\"@type\":\"WebSite\",\"@id\":\"https:\\\/\\\/www.veltec.eu\\\/en\\\/#website\",\"url\":\"https:\\\/\\\/www.veltec.eu\\\/en\\\/\",\"name\":\"Veltec Kirby specialist\",\"description\":\"Kirby stofzuiger producten\",\"publisher\":{\"@id\":\"https:\\\/\\\/www.veltec.eu\\\/en\\\/#organization\"},\"potentialAction\":[{\"@type\":\"SearchAction\",\"target\":{\"@type\":\"EntryPoint\",\"urlTemplate\":\"https:\\\/\\\/www.veltec.eu\\\/en\\\/?s={search_term_string}\"},\"query-input\":{\"@type\":\"PropertyValueSpecification\",\"valueRequired\":true,\"valueName\":\"search_term_string\"}}],\"inLanguage\":\"fr-FR\"},{\"@type\":\"Organization\",\"@id\":\"https:\\\/\\\/www.veltec.eu\\\/en\\\/#organization\",\"name\":\"Veltec Kirby Specialist\",\"url\":\"https:\\\/\\\/www.veltec.eu\\\/en\\\/\",\"logo\":{\"@type\":\"ImageObject\",\"inLanguage\":\"fr-FR\",\"@id\":\"https:\\\/\\\/www.veltec.eu\\\/en\\\/#\\\/schema\\\/logo\\\/image\\\/\",\"url\":\"https:\\\/\\\/www.veltec.eu\\\/wp-content\\\/uploads\\\/2021\\\/12\\\/Veltec-log-groot-e1537260889125.png\",\"contentUrl\":\"https:\\\/\\\/www.veltec.eu\\\/wp-content\\\/uploads\\\/2021\\\/12\\\/Veltec-log-groot-e1537260889125.png\",\"width\":200,\"height\":60,\"caption\":\"Veltec Kirby Specialist\"},\"image\":{\"@id\":\"https:\\\/\\\/www.veltec.eu\\\/en\\\/#\\\/schema\\\/logo\\\/image\\\/\"},\"sameAs\":[\"https:\\\/\\\/www.facebook.com\\\/Veltec-Kirby-Specialist-236746293374877\\\/\",\"https:\\\/\\\/www.youtube.com\\\/user\\\/VeltecService\"]}]}<\/script>\n<!-- \/ Yoast SEO Premium plugin. -->","yoast_head_json":{"title":"Kirby France | Aspirateur service - Veltec Kirby specialist","description":"Veltec est le sp\u00e9cialiste de Kirby en France. Nous avons une large gamme d'aspirateurs et d'accessoires Kirby.","robots":{"index":"index","follow":"follow","max-snippet":"max-snippet:-1","max-image-preview":"max-image-preview:large","max-video-preview":"max-video-preview:-1"},"canonical":"https:\/\/www.veltec.eu\/nl\/kirby-nederland\/","og_locale":"fr_FR","og_type":"article","og_title":"Kirby France","og_url":"https:\/\/www.veltec.eu\/nl\/kirby-nederland\/","og_site_name":"Veltec Kirby specialist","article_publisher":"https:\/\/www.facebook.com\/Veltec-Kirby-Specialist-236746293374877\/","article_modified_time":"2025-12-23T12:50:13+00:00","twitter_card":"summary_large_image","twitter_misc":{"Dur\u00e9e de lecture estim\u00e9e":"3 minutes"},"schema":{"@context":"https:\/\/schema.org","@graph":[{"@type":"WebPage","@id":"https:\/\/www.veltec.eu\/nl\/kirby-nederland\/","url":"https:\/\/www.veltec.eu\/nl\/kirby-nederland\/","name":"Kirby France | Aspirateur service - Veltec Kirby specialist","isPartOf":{"@id":"https:\/\/www.veltec.eu\/en\/#website"},"datePublished":"2022-01-10T11:42:59+00:00","dateModified":"2025-12-23T12:50:13+00:00","description":"Veltec est le sp\u00e9cialiste de Kirby en France. Nous avons une large gamme d'aspirateurs et d'accessoires Kirby.","breadcrumb":{"@id":"https:\/\/www.veltec.eu\/nl\/kirby-nederland\/#breadcrumb"},"inLanguage":"fr-FR","potentialAction":[{"@type":"ReadAction","target":["https:\/\/www.veltec.eu\/nl\/kirby-nederland\/"]}]},{"@type":"BreadcrumbList","@id":"https:\/\/www.veltec.eu\/nl\/kirby-nederland\/#breadcrumb","itemListElement":[{"@type":"ListItem","position":1,"name":"Home","item":"https:\/\/www.veltec.eu\/fr\/"},{"@type":"ListItem","position":2,"name":"Kirby France"}]},{"@type":"WebSite","@id":"https:\/\/www.veltec.eu\/en\/#website","url":"https:\/\/www.veltec.eu\/en\/","name":"Veltec Kirby specialist","description":"Kirby stofzuiger producten","publisher":{"@id":"https:\/\/www.veltec.eu\/en\/#organization"},"potentialAction":[{"@type":"SearchAction","target":{"@type":"EntryPoint","urlTemplate":"https:\/\/www.veltec.eu\/en\/?s={search_term_string}"},"query-input":{"@type":"PropertyValueSpecification","valueRequired":true,"valueName":"search_term_string"}}],"inLanguage":"fr-FR"},{"@type":"Organization","@id":"https:\/\/www.veltec.eu\/en\/#organization","name":"Veltec Kirby Specialist","url":"https:\/\/www.veltec.eu\/en\/","logo":{"@type":"ImageObject","inLanguage":"fr-FR","@id":"https:\/\/www.veltec.eu\/en\/#\/schema\/logo\/image\/","url":"https:\/\/www.veltec.eu\/wp-content\/uploads\/2021\/12\/Veltec-log-groot-e1537260889125.png","contentUrl":"https:\/\/www.veltec.eu\/wp-content\/uploads\/2021\/12\/Veltec-log-groot-e1537260889125.png","width":200,"height":60,"caption":"Veltec Kirby Specialist"},"image":{"@id":"https:\/\/www.veltec.eu\/en\/#\/schema\/logo\/image\/"},"sameAs":["https:\/\/www.facebook.com\/Veltec-Kirby-Specialist-236746293374877\/","https:\/\/www.youtube.com\/user\/VeltecService"]}]}},"_links":{"self":[{"href":"https:\/\/www.veltec.eu\/fr\/wp-json\/wp\/v2\/pages\/45270","targetHints":{"allow":["GET"]}}],"collection":[{"href":"https:\/\/www.veltec.eu\/fr\/wp-json\/wp\/v2\/pages"}],"about":[{"href":"https:\/\/www.veltec.eu\/fr\/wp-json\/wp\/v2\/types\/page"}],"author":[{"embeddable":true,"href":"https:\/\/www.veltec.eu\/fr\/wp-json\/wp\/v2\/users\/1"}],"replies":[{"embeddable":true,"href":"https:\/\/www.veltec.eu\/fr\/wp-json\/wp\/v2\/comments?post=45270"}],"version-history":[{"count":2,"href":"https:\/\/www.veltec.eu\/fr\/wp-json\/wp\/v2\/pages\/45270\/revisions"}],"predecessor-version":[{"id":87292,"href":"https:\/\/www.veltec.eu\/fr\/wp-json\/wp\/v2\/pages\/45270\/revisions\/87292"}],"wp:attachment":[{"href":"https:\/\/www.veltec.eu\/fr\/wp-json\/wp\/v2\/media?parent=45270"}],"curies":[{"name":"wp","href":"https:\/\/api.w.org\/{rel}","templated":true}]}}