{"id":41715,"date":"2021-07-28T12:36:08","date_gmt":"2021-07-28T10:36:08","guid":{"rendered":"https:\/\/www.veltec.eu\/kirby-service-europe-send-it-yourself\/"},"modified":"2021-12-24T18:00:57","modified_gmt":"2021-12-24T16:00:57","slug":"service-kirby-europe-envoyez-le-vous-meme","status":"publish","type":"page","link":"https:\/\/www.veltec.eu\/fr\/service-kirby-europe-envoyez-le-vous-meme\/","title":{"rendered":"Service Kirby Europe envoyez-le vous-m\u00eame"},"content":{"rendered":"\n<style type=\"text\/css\" data-created_by=\"avia_inline_auto\" id=\"style-css-av-9eytay3-ae238bf3e741fe2a1beb0b102fc35941\">\n.flex_column.av-9eytay3-ae238bf3e741fe2a1beb0b102fc35941{\nborder-radius:0px 0px 0px 0px;\npadding:0px 0px 0px 0px;\n}\n<\/style>\n<div  class='flex_column av-9eytay3-ae238bf3e741fe2a1beb0b102fc35941 av_one_half  avia-builder-el-0  el_before_av_one_half  avia-builder-el-first  first flex_column_div av-zero-column-padding  '     ><style type=\"text\/css\" data-created_by=\"avia_inline_auto\" id=\"style-css-av-krn6n366-00086d592c307430a3849bac159be034\">\n.avia-image-container.av-krn6n366-00086d592c307430a3849bac159be034 img.avia_image{\nbox-shadow:none;\n}\n.avia-image-container.av-krn6n366-00086d592c307430a3849bac159be034 .av-image-caption-overlay-center{\ncolor:#ffffff;\n}\n<\/style>\n<div  class='avia-image-container av-krn6n366-00086d592c307430a3849bac159be034 av-styling- avia-align-center  avia-builder-el-1  avia-builder-el-no-sibling '   itemprop=\"image\" itemscope=\"itemscope\" itemtype=\"https:\/\/schema.org\/ImageObject\" ><div class=\"avia-image-container-inner\"><div class=\"avia-image-overlay-wrap\"><img decoding=\"async\" fetchpriority=\"high\" class='wp-image-41658 avia-img-lazy-loading-not-41658 avia_image ' src=\"https:\/\/www.veltec.eu\/wp-content\/uploads\/2021\/07\/Kirby-service.jpg\" alt='' title='Service Kirby Europe envoyez-le vous-m\u00eame'  height=\"680\" width=\"1020\"  itemprop=\"thumbnailUrl\" srcset=\"https:\/\/www.veltec.eu\/wp-content\/uploads\/2021\/07\/Kirby-service.jpg 1020w, https:\/\/www.veltec.eu\/wp-content\/uploads\/2021\/07\/Kirby-service-300x200.jpg 300w, https:\/\/www.veltec.eu\/wp-content\/uploads\/2021\/07\/Kirby-service-768x512.jpg 768w, https:\/\/www.veltec.eu\/wp-content\/uploads\/2021\/07\/Kirby-service-705x470.jpg 705w, https:\/\/www.veltec.eu\/wp-content\/uploads\/2021\/07\/Kirby-service-600x400.jpg 600w\" sizes=\"(max-width: 1020px) 100vw, 1020px\" \/><\/div><\/div><\/div><\/div>\n\n<style type=\"text\/css\" data-created_by=\"avia_inline_auto\" id=\"style-css-av-93na3d7-54067651fd4b23ca44b96dec296deb06\">\n.flex_column.av-93na3d7-54067651fd4b23ca44b96dec296deb06{\nborder-radius:0px 0px 0px 0px;\npadding:0px 0px 0px 0px;\n}\n<\/style>\n<div  class='flex_column av-93na3d7-54067651fd4b23ca44b96dec296deb06 av_one_half  avia-builder-el-2  el_after_av_one_half  el_before_av_one_third  flex_column_div av-zero-column-padding  '     ><section  class='av_textblock_section av-krn6owbr-fd33bea94b23df7042acfb0924fefd5d '   itemscope=\"itemscope\" itemtype=\"https:\/\/schema.org\/CreativeWork\" ><div class='avia_textblock'  itemprop=\"text\" ><h2>Combien \u00e7a co\u00fbte ?<\/h2>\n<p>Service Kirby Europe envoyez-le vous-m\u00eame.<\/p>\n<\/div><\/section><br \/>\n<div class='avia-data-table-wrap av-8jgdywb-e5d55aed4284e15ea7e219bc20de27ec avia_responsive_table avia-table-1'><table  class='avia-table avia-data-table avia_pricing_default  avia-builder-el-4  el_after_av_textblock  avia-builder-el-last '  itemscope=\"itemscope\" itemtype=\"https:\/\/schema.org\/Table\" ><tbody><tr class=''><td class=''>Frais de livraison \u00e0 notre charge<\/td><td class=''>&#8230;&#8230;..<\/td><\/tr><tr class=''><td class=''>Co\u00fbt des services<\/td><td class=''>\u20ac 50,00<\/td><\/tr><tr class=''><td class=''>Remboursement des co\u00fbts d\u2019exp\u00e9dition<\/td><td class=''>GRATUIT<\/td><\/tr><tr class=''><td class=''>Prix total du service (sans pi\u00e8ces de rechange)<\/td><td class=''>\u20ac 50,00<\/td><\/tr><\/tbody><\/table><\/div><\/p><\/div>\n\n<style type=\"text\/css\" data-created_by=\"avia_inline_auto\" id=\"style-css-av-2nuzpu3-f2fb2220160caf6b8225db4a5d31f059\">\n.flex_column.av-2nuzpu3-f2fb2220160caf6b8225db4a5d31f059{\nborder-radius:0px 0px 0px 0px;\npadding:0px 0px 0px 0px;\n}\n<\/style>\n<div  class='flex_column av-2nuzpu3-f2fb2220160caf6b8225db4a5d31f059 av_one_third  avia-builder-el-5  el_after_av_one_half  el_before_av_one_third  first flex_column_div av-zero-column-padding  column-top-margin'     ><section  class='av_textblock_section av-krn6i3mz-824836050d325233e61c87dfed2fee04 '   itemscope=\"itemscope\" itemtype=\"https:\/\/schema.org\/CreativeWork\" ><div class='avia_textblock'  itemprop=\"text\" ><h2>Service Kirby Europe envoyez-le vous-m\u00eame. Comment est-ce que vous nous l\u2019envoyes?<\/h2>\n<p>Retirez la fourche de la poign\u00e9e, le sac ext\u00e9rieur et tous les accessoires de votre Kirby. Il reste le corps de l\u2019appareil Kirby. Emballez le corps du <a href=\"https:\/\/www.kirby.com\/\">Kirby<\/a> dans un carton \u00e9pais avec de nombreux journaux et envoyez-le nous sans accessoires en pr\u00e9cisant votre compris le formulaire de service;<\/p>\n<p>Veltec Kirby Specialist<br \/>\nWanraaij 29 M<br \/>\n6673 DM\u00a0 ANDELST<br \/>\nNETHERLANDS<\/p>\n\n<style type=\"text\/css\" data-created_by=\"avia_inline_auto\" id=\"style-css-av-29ghb3f-284a2e1fa6a3aa65cd56d87d438c2acc\">\n.av_font_icon.av-29ghb3f-284a2e1fa6a3aa65cd56d87d438c2acc .av-icon-char{\nfont-size:40px;\nline-height:40px;\n}\n<\/style>\n<span  class='av_font_icon av-29ghb3f-284a2e1fa6a3aa65cd56d87d438c2acc avia_animate_when_visible av-icon-style- avia-icon-pos-left avia-iconfont avia-font-entypo-fontello av-no-color avia-icon-animate'><span class='av-icon-char' data-av_icon='\ue823' data-av_iconfont='entypo-fontello' aria-hidden=\"true\" ><\/span><\/span>\n<p><a href=\"https:\/\/www.veltec.eu\/wp-content\/uploads\/2021\/07\/Invul-formulier-service.pdf\">T\u00c9L\u00c9CHARGER LE FORMULAIRE DE SERVICE<\/a><\/p>\n<\/div><\/section><\/div>\n\n<style type=\"text\/css\" data-created_by=\"avia_inline_auto\" id=\"style-css-av-1qesdor-3d66022e9ab0c5f75227071e300583ff\">\n.flex_column.av-1qesdor-3d66022e9ab0c5f75227071e300583ff{\nborder-radius:0px 0px 0px 0px;\npadding:0px 0px 0px 0px;\n}\n<\/style>\n<div  class='flex_column av-1qesdor-3d66022e9ab0c5f75227071e300583ff av_one_third  avia-builder-el-8  el_after_av_one_third  el_before_av_one_third  flex_column_div av-zero-column-padding  column-top-margin'     ><style type=\"text\/css\" data-created_by=\"avia_inline_auto\" id=\"style-css-av-krn6iza4-890d86b456bf5dbdd1527cb6867dd9a5\">\n.avia-image-container.av-krn6iza4-890d86b456bf5dbdd1527cb6867dd9a5 img.avia_image{\nbox-shadow:none;\n}\n.avia-image-container.av-krn6iza4-890d86b456bf5dbdd1527cb6867dd9a5 .av-image-caption-overlay-center{\ncolor:#ffffff;\n}\n<\/style>\n<div  class='avia-image-container av-krn6iza4-890d86b456bf5dbdd1527cb6867dd9a5 av-styling- avia-align-center  avia-builder-el-9  avia-builder-el-no-sibling '   itemprop=\"image\" itemscope=\"itemscope\" itemtype=\"https:\/\/schema.org\/ImageObject\" ><div class=\"avia-image-container-inner\"><div class=\"avia-image-overlay-wrap\"><img decoding=\"async\" fetchpriority=\"high\" class='wp-image-41646 avia-img-lazy-loading-not-41646 avia_image ' src=\"https:\/\/www.veltec.eu\/wp-content\/uploads\/2021\/07\/Kirby-voor-transport.jpg\" alt='' title='Service Kirby Europe envoyez-le vous-m\u00eame'  height=\"407\" width=\"459\"  itemprop=\"thumbnailUrl\" srcset=\"https:\/\/www.veltec.eu\/wp-content\/uploads\/2021\/07\/Kirby-voor-transport.jpg 459w, https:\/\/www.veltec.eu\/wp-content\/uploads\/2021\/07\/Kirby-voor-transport-300x266.jpg 300w\" sizes=\"(max-width: 459px) 100vw, 459px\" \/><\/div><\/div><\/div><\/div>\n\n<style type=\"text\/css\" data-created_by=\"avia_inline_auto\" id=\"style-css-av-15i46q3-b569eff5f60aedadffbd789ae476214e\">\n.flex_column.av-15i46q3-b569eff5f60aedadffbd789ae476214e{\nborder-radius:0px 0px 0px 0px;\npadding:0px 0px 0px 0px;\n}\n<\/style>\n<div  class='flex_column av-15i46q3-b569eff5f60aedadffbd789ae476214e av_one_third  avia-builder-el-10  el_after_av_one_third  el_before_av_one_full  flex_column_div av-zero-column-padding  column-top-margin'     ><style type=\"text\/css\" data-created_by=\"avia_inline_auto\" id=\"style-css-av-krn6j8tl-5ea5fac78eea6880c29b63e08a7b9fed\">\n.avia-image-container.av-krn6j8tl-5ea5fac78eea6880c29b63e08a7b9fed img.avia_image{\nbox-shadow:none;\n}\n.avia-image-container.av-krn6j8tl-5ea5fac78eea6880c29b63e08a7b9fed .av-image-caption-overlay-center{\ncolor:#ffffff;\n}\n<\/style>\n<div  class='avia-image-container av-krn6j8tl-5ea5fac78eea6880c29b63e08a7b9fed av-styling- avia-align-center  avia-builder-el-11  avia-builder-el-no-sibling '   itemprop=\"image\" itemscope=\"itemscope\" itemtype=\"https:\/\/schema.org\/ImageObject\" ><div class=\"avia-image-container-inner\"><div class=\"avia-image-overlay-wrap\"><img decoding=\"async\" fetchpriority=\"high\" class='wp-image-41652 avia-img-lazy-loading-not-41652 avia_image ' src=\"https:\/\/www.veltec.eu\/wp-content\/uploads\/2021\/07\/Doos-vooe-kirby-stofzuiger.jpg\" alt='' title='Service Kirby Europe envoyez-le vous-m\u00eame'  height=\"400\" width=\"459\"  itemprop=\"thumbnailUrl\" srcset=\"https:\/\/www.veltec.eu\/wp-content\/uploads\/2021\/07\/Doos-vooe-kirby-stofzuiger.jpg 459w, https:\/\/www.veltec.eu\/wp-content\/uploads\/2021\/07\/Doos-vooe-kirby-stofzuiger-300x261.jpg 300w\" sizes=\"(max-width: 459px) 100vw, 459px\" \/><\/div><\/div><\/div><\/div>\n\n<style type=\"text\/css\" data-created_by=\"avia_inline_auto\" id=\"style-css-av-tt6q17-30a187fd6b4d79e519a7eafa22f4c58a\">\n.flex_column.av-tt6q17-30a187fd6b4d79e519a7eafa22f4c58a{\nborder-radius:0px 0px 0px 0px;\npadding:0px 0px 0px 0px;\n}\n<\/style>\n<div  class='flex_column av-tt6q17-30a187fd6b4d79e519a7eafa22f4c58a av_one_full  avia-builder-el-12  el_after_av_one_third  el_before_av_textblock  first flex_column_div av-zero-column-padding  column-top-margin'     ><section  class='av_textblock_section av-krn6vier-529738c96dda7356f6d9c660fab00ec3 '   itemscope=\"itemscope\" itemtype=\"https:\/\/schema.org\/CreativeWork\" ><div class='avia_textblock'  itemprop=\"text\" ><section class=\"av_textblock_section \">\n<div class=\"avia_textblock \">\n<h2>Comment faisons-nous ?<\/h2>\n<ul>\n<li>Nous vous envoyons un email jour o\u00f9 nous recevons votre Kirby et d\u00e9marrons imm\u00e9diatement l\u2019entretien<\/li>\n<li>Une fois que nous avons v\u00e9rifi\u00e9 et r\u00e9par\u00e9 votre Kirby nous vous envoyons un second email avec la facture<\/li>\n<li>Une fois que vous avez pay\u00e9 nous vous renvoyons imm\u00e9diatement votre Kirby.<\/li>\n<li>Nous offrons une garantie de deux ans sur la r\u00e9paration et les pi\u00e8ces d\u00e9tach\u00e9es Kirby originales<\/li>\n<\/ul>\n<\/div>\n<\/section>\n<\/div><\/section><\/div>\n<section  class='av_textblock_section av-kxkkyld5-9b89f93fcc0d8b7f96bf1ccef7f97278 '   itemscope=\"itemscope\" itemtype=\"https:\/\/schema.org\/CreativeWork\" ><div class='avia_textblock'  itemprop=\"text\" >\n<style type=\"text\/css\" data-created_by=\"avia_inline_auto\" id=\"style-css-av-6u01i-294e84c5e5ccbb05371eb2d59b098352\">\n#top .hr.hr-invisible.av-6u01i-294e84c5e5ccbb05371eb2d59b098352{\nheight:50px;\n}\n<\/style>\n<div  class='hr av-6u01i-294e84c5e5ccbb05371eb2d59b098352 hr-invisible  avia-builder-el-15  avia-builder-el-no-sibling '><span class='hr-inner '><span class=\"hr-inner-style\"><\/span><\/span><\/div>\n<p><img decoding=\"async\" class=\"aligncenter wp-image-44337 size-full\" src=\"https:\/\/www.veltec.eu\/wp-content\/uploads\/2021\/12\/Veltec-log-groot-e1537260889125.png\" alt=\"Service Kirby Europe envoyez-le vous-m\u00eame\" width=\"200\" height=\"60\" \/><br \/>\n<!-- TrustBox widget - Starter --><\/p>\n<div class=\"trustpilot-widget\" data-locale=\"fr-FR\" data-template-id=\"5613c9cde69ddc09340c6beb\" data-businessunit-id=\"4e1b158d00006400051028e4\" data-style-height=\"100%\" data-style-width=\"100%\" data-theme=\"light\"><a href=\"https:\/\/fr.trustpilot.com\/review\/www.veltec.eu\" target=\"_blank\" rel=\"noopener noreferrer\">Trustpilot<\/a><\/div>\n<p><!-- End TrustBox widget --><\/p>\n<\/div><\/section>\n","protected":false},"excerpt":{"rendered":"","protected":false},"author":1,"featured_media":0,"parent":0,"menu_order":0,"comment_status":"closed","ping_status":"closed","template":"","meta":{"_acf_changed":false,"footnotes":""},"class_list":["post-41715","page","type-page","status-publish","hentry"],"acf":[],"yoast_head":"<!-- This site is optimized with the Yoast SEO Premium plugin v27.1 (Yoast SEO v27.5) - https:\/\/yoast.com\/product\/yoast-seo-premium-wordpress\/ -->\n<title>Service Kirby Europe envoyez-le vous-m\u00eame - Veltec Kirby specialist<\/title>\n<meta name=\"description\" content=\"Service Kirby Europe, envoyez-le vous-m\u00eame. Veltec est un fournisseur majeur des aspirateurs et accessoires Kirby les plus haut de gamme.\" \/>\n<meta name=\"robots\" content=\"index, follow, max-snippet:-1, max-image-preview:large, max-video-preview:-1\" \/>\n<link rel=\"canonical\" href=\"https:\/\/www.veltec.eu\/nl\/kirby-service-europe-verzend-zelf\/\" \/>\n<meta property=\"og:locale\" content=\"fr_FR\" \/>\n<meta property=\"og:type\" content=\"article\" \/>\n<meta property=\"og:title\" content=\"Service Kirby Europe envoyez-le vous-m\u00eame\" \/>\n<meta property=\"og:url\" content=\"https:\/\/www.veltec.eu\/nl\/kirby-service-europe-verzend-zelf\/\" \/>\n<meta property=\"og:site_name\" content=\"Veltec Kirby specialist\" \/>\n<meta property=\"article:publisher\" content=\"https:\/\/www.facebook.com\/Veltec-Kirby-Specialist-236746293374877\/\" \/>\n<meta property=\"article:modified_time\" content=\"2021-12-24T16:00:57+00:00\" \/>\n<meta property=\"og:image\" content=\"https:\/\/www.veltec.eu\/wp-content\/uploads\/2021\/12\/Veltec-log-groot-e1537260889125.png\" \/>\n<meta name=\"twitter:card\" content=\"summary_large_image\" \/>\n<meta name=\"twitter:label1\" content=\"Dur\u00e9e de lecture estim\u00e9e\" \/>\n\t<meta name=\"twitter:data1\" content=\"9 minutes\" \/>\n<script type=\"application\/ld+json\" class=\"yoast-schema-graph\">{\"@context\":\"https:\\\/\\\/schema.org\",\"@graph\":[{\"@type\":\"WebPage\",\"@id\":\"https:\\\/\\\/www.veltec.eu\\\/nl\\\/kirby-service-europe-verzend-zelf\\\/\",\"url\":\"https:\\\/\\\/www.veltec.eu\\\/nl\\\/kirby-service-europe-verzend-zelf\\\/\",\"name\":\"Service Kirby Europe envoyez-le vous-m\u00eame - Veltec Kirby specialist\",\"isPartOf\":{\"@id\":\"https:\\\/\\\/www.veltec.eu\\\/en\\\/#website\"},\"primaryImageOfPage\":{\"@id\":\"https:\\\/\\\/www.veltec.eu\\\/nl\\\/kirby-service-europe-verzend-zelf\\\/#primaryimage\"},\"image\":{\"@id\":\"https:\\\/\\\/www.veltec.eu\\\/nl\\\/kirby-service-europe-verzend-zelf\\\/#primaryimage\"},\"thumbnailUrl\":\"https:\\\/\\\/www.veltec.eu\\\/wp-content\\\/uploads\\\/2021\\\/12\\\/Veltec-log-groot-e1537260889125.png\",\"datePublished\":\"2021-07-28T10:36:08+00:00\",\"dateModified\":\"2021-12-24T16:00:57+00:00\",\"description\":\"Service Kirby Europe, envoyez-le vous-m\u00eame. Veltec est un fournisseur majeur des aspirateurs et accessoires Kirby les plus haut de gamme.\",\"breadcrumb\":{\"@id\":\"https:\\\/\\\/www.veltec.eu\\\/nl\\\/kirby-service-europe-verzend-zelf\\\/#breadcrumb\"},\"inLanguage\":\"fr-FR\",\"potentialAction\":[{\"@type\":\"ReadAction\",\"target\":[\"https:\\\/\\\/www.veltec.eu\\\/nl\\\/kirby-service-europe-verzend-zelf\\\/\"]}]},{\"@type\":\"ImageObject\",\"inLanguage\":\"fr-FR\",\"@id\":\"https:\\\/\\\/www.veltec.eu\\\/nl\\\/kirby-service-europe-verzend-zelf\\\/#primaryimage\",\"url\":\"https:\\\/\\\/www.veltec.eu\\\/wp-content\\\/uploads\\\/2021\\\/12\\\/Veltec-log-groot-e1537260889125.png\",\"contentUrl\":\"https:\\\/\\\/www.veltec.eu\\\/wp-content\\\/uploads\\\/2021\\\/12\\\/Veltec-log-groot-e1537260889125.png\"},{\"@type\":\"BreadcrumbList\",\"@id\":\"https:\\\/\\\/www.veltec.eu\\\/nl\\\/kirby-service-europe-verzend-zelf\\\/#breadcrumb\",\"itemListElement\":[{\"@type\":\"ListItem\",\"position\":1,\"name\":\"Home\",\"item\":\"https:\\\/\\\/www.veltec.eu\\\/fr\\\/accueil\\\/\"},{\"@type\":\"ListItem\",\"position\":2,\"name\":\"Service Kirby Europe envoyez-le vous-m\u00eame\"}]},{\"@type\":\"WebSite\",\"@id\":\"https:\\\/\\\/www.veltec.eu\\\/en\\\/#website\",\"url\":\"https:\\\/\\\/www.veltec.eu\\\/en\\\/\",\"name\":\"Veltec Kirby specialist\",\"description\":\"Kirby stofzuiger producten\",\"publisher\":{\"@id\":\"https:\\\/\\\/www.veltec.eu\\\/en\\\/#organization\"},\"potentialAction\":[{\"@type\":\"SearchAction\",\"target\":{\"@type\":\"EntryPoint\",\"urlTemplate\":\"https:\\\/\\\/www.veltec.eu\\\/en\\\/?s={search_term_string}\"},\"query-input\":{\"@type\":\"PropertyValueSpecification\",\"valueRequired\":true,\"valueName\":\"search_term_string\"}}],\"inLanguage\":\"fr-FR\"},{\"@type\":\"Organization\",\"@id\":\"https:\\\/\\\/www.veltec.eu\\\/en\\\/#organization\",\"name\":\"Veltec Kirby Specialist\",\"url\":\"https:\\\/\\\/www.veltec.eu\\\/en\\\/\",\"logo\":{\"@type\":\"ImageObject\",\"inLanguage\":\"fr-FR\",\"@id\":\"https:\\\/\\\/www.veltec.eu\\\/en\\\/#\\\/schema\\\/logo\\\/image\\\/\",\"url\":\"https:\\\/\\\/www.veltec.eu\\\/wp-content\\\/uploads\\\/2021\\\/12\\\/Veltec-log-groot-e1537260889125.png\",\"contentUrl\":\"https:\\\/\\\/www.veltec.eu\\\/wp-content\\\/uploads\\\/2021\\\/12\\\/Veltec-log-groot-e1537260889125.png\",\"width\":200,\"height\":60,\"caption\":\"Veltec Kirby Specialist\"},\"image\":{\"@id\":\"https:\\\/\\\/www.veltec.eu\\\/en\\\/#\\\/schema\\\/logo\\\/image\\\/\"},\"sameAs\":[\"https:\\\/\\\/www.facebook.com\\\/Veltec-Kirby-Specialist-236746293374877\\\/\",\"https:\\\/\\\/www.youtube.com\\\/user\\\/VeltecService\"]}]}<\/script>\n<!-- \/ Yoast SEO Premium plugin. -->","yoast_head_json":{"title":"Service Kirby Europe envoyez-le vous-m\u00eame - Veltec Kirby specialist","description":"Service Kirby Europe, envoyez-le vous-m\u00eame. Veltec est un fournisseur majeur des aspirateurs et accessoires Kirby les plus haut de gamme.","robots":{"index":"index","follow":"follow","max-snippet":"max-snippet:-1","max-image-preview":"max-image-preview:large","max-video-preview":"max-video-preview:-1"},"canonical":"https:\/\/www.veltec.eu\/nl\/kirby-service-europe-verzend-zelf\/","og_locale":"fr_FR","og_type":"article","og_title":"Service Kirby Europe envoyez-le vous-m\u00eame","og_url":"https:\/\/www.veltec.eu\/nl\/kirby-service-europe-verzend-zelf\/","og_site_name":"Veltec Kirby specialist","article_publisher":"https:\/\/www.facebook.com\/Veltec-Kirby-Specialist-236746293374877\/","article_modified_time":"2021-12-24T16:00:57+00:00","og_image":[{"url":"https:\/\/www.veltec.eu\/wp-content\/uploads\/2021\/12\/Veltec-log-groot-e1537260889125.png","type":"","width":"","height":""}],"twitter_card":"summary_large_image","twitter_misc":{"Dur\u00e9e de lecture estim\u00e9e":"9 minutes"},"schema":{"@context":"https:\/\/schema.org","@graph":[{"@type":"WebPage","@id":"https:\/\/www.veltec.eu\/nl\/kirby-service-europe-verzend-zelf\/","url":"https:\/\/www.veltec.eu\/nl\/kirby-service-europe-verzend-zelf\/","name":"Service Kirby Europe envoyez-le vous-m\u00eame - Veltec Kirby specialist","isPartOf":{"@id":"https:\/\/www.veltec.eu\/en\/#website"},"primaryImageOfPage":{"@id":"https:\/\/www.veltec.eu\/nl\/kirby-service-europe-verzend-zelf\/#primaryimage"},"image":{"@id":"https:\/\/www.veltec.eu\/nl\/kirby-service-europe-verzend-zelf\/#primaryimage"},"thumbnailUrl":"https:\/\/www.veltec.eu\/wp-content\/uploads\/2021\/12\/Veltec-log-groot-e1537260889125.png","datePublished":"2021-07-28T10:36:08+00:00","dateModified":"2021-12-24T16:00:57+00:00","description":"Service Kirby Europe, envoyez-le vous-m\u00eame. Veltec est un fournisseur majeur des aspirateurs et accessoires Kirby les plus haut de gamme.","breadcrumb":{"@id":"https:\/\/www.veltec.eu\/nl\/kirby-service-europe-verzend-zelf\/#breadcrumb"},"inLanguage":"fr-FR","potentialAction":[{"@type":"ReadAction","target":["https:\/\/www.veltec.eu\/nl\/kirby-service-europe-verzend-zelf\/"]}]},{"@type":"ImageObject","inLanguage":"fr-FR","@id":"https:\/\/www.veltec.eu\/nl\/kirby-service-europe-verzend-zelf\/#primaryimage","url":"https:\/\/www.veltec.eu\/wp-content\/uploads\/2021\/12\/Veltec-log-groot-e1537260889125.png","contentUrl":"https:\/\/www.veltec.eu\/wp-content\/uploads\/2021\/12\/Veltec-log-groot-e1537260889125.png"},{"@type":"BreadcrumbList","@id":"https:\/\/www.veltec.eu\/nl\/kirby-service-europe-verzend-zelf\/#breadcrumb","itemListElement":[{"@type":"ListItem","position":1,"name":"Home","item":"https:\/\/www.veltec.eu\/fr\/accueil\/"},{"@type":"ListItem","position":2,"name":"Service Kirby Europe envoyez-le vous-m\u00eame"}]},{"@type":"WebSite","@id":"https:\/\/www.veltec.eu\/en\/#website","url":"https:\/\/www.veltec.eu\/en\/","name":"Veltec Kirby specialist","description":"Kirby stofzuiger producten","publisher":{"@id":"https:\/\/www.veltec.eu\/en\/#organization"},"potentialAction":[{"@type":"SearchAction","target":{"@type":"EntryPoint","urlTemplate":"https:\/\/www.veltec.eu\/en\/?s={search_term_string}"},"query-input":{"@type":"PropertyValueSpecification","valueRequired":true,"valueName":"search_term_string"}}],"inLanguage":"fr-FR"},{"@type":"Organization","@id":"https:\/\/www.veltec.eu\/en\/#organization","name":"Veltec Kirby Specialist","url":"https:\/\/www.veltec.eu\/en\/","logo":{"@type":"ImageObject","inLanguage":"fr-FR","@id":"https:\/\/www.veltec.eu\/en\/#\/schema\/logo\/image\/","url":"https:\/\/www.veltec.eu\/wp-content\/uploads\/2021\/12\/Veltec-log-groot-e1537260889125.png","contentUrl":"https:\/\/www.veltec.eu\/wp-content\/uploads\/2021\/12\/Veltec-log-groot-e1537260889125.png","width":200,"height":60,"caption":"Veltec Kirby Specialist"},"image":{"@id":"https:\/\/www.veltec.eu\/en\/#\/schema\/logo\/image\/"},"sameAs":["https:\/\/www.facebook.com\/Veltec-Kirby-Specialist-236746293374877\/","https:\/\/www.youtube.com\/user\/VeltecService"]}]}},"_links":{"self":[{"href":"https:\/\/www.veltec.eu\/fr\/wp-json\/wp\/v2\/pages\/41715","targetHints":{"allow":["GET"]}}],"collection":[{"href":"https:\/\/www.veltec.eu\/fr\/wp-json\/wp\/v2\/pages"}],"about":[{"href":"https:\/\/www.veltec.eu\/fr\/wp-json\/wp\/v2\/types\/page"}],"author":[{"embeddable":true,"href":"https:\/\/www.veltec.eu\/fr\/wp-json\/wp\/v2\/users\/1"}],"replies":[{"embeddable":true,"href":"https:\/\/www.veltec.eu\/fr\/wp-json\/wp\/v2\/comments?post=41715"}],"version-history":[{"count":0,"href":"https:\/\/www.veltec.eu\/fr\/wp-json\/wp\/v2\/pages\/41715\/revisions"}],"wp:attachment":[{"href":"https:\/\/www.veltec.eu\/fr\/wp-json\/wp\/v2\/media?parent=41715"}],"curies":[{"name":"wp","href":"https:\/\/api.w.org\/{rel}","templated":true}]}}