{"id":3746,"date":"2018-10-05T14:34:59","date_gmt":"2018-10-05T12:34:59","guid":{"rendered":"https:\/\/www.veltec.eu\/kirby-sentria\/"},"modified":"2025-12-18T14:47:13","modified_gmt":"2025-12-18T12:47:13","slug":"acheter-kirby-sentria","status":"publish","type":"page","link":"https:\/\/www.veltec.eu\/fr\/acheter-kirby-sentria\/","title":{"rendered":"Acheter Kirby Sentria"},"content":{"rendered":"\n<style type=\"text\/css\" data-created_by=\"avia_inline_auto\" id=\"style-css-av-8gagm-b5da57760304aefdc7ab82d1d95e8710\">\n.flex_column.av-8gagm-b5da57760304aefdc7ab82d1d95e8710{\nborder-radius:0px 0px 0px 0px;\npadding:0px 0px 0px 0px;\n}\n<\/style>\n<div  class='flex_column av-8gagm-b5da57760304aefdc7ab82d1d95e8710 av_one_full  avia-builder-el-0  el_before_av_one_half  avia-builder-el-first  first flex_column_div av-zero-column-padding  '     ><section  class='av_textblock_section av-jmc3v0i2-c918f97e02fab7ba7bc39c904146d39e '   itemscope=\"itemscope\" itemtype=\"https:\/\/schema.org\/CreativeWork\" ><div class='avia_textblock'  itemprop=\"text\" ><h1>Acheter Kirby Sentria<\/h1>\n<p>Vous recherchez un aspirateur puissant et fiable\u202f? Alors acheter Kirby Sentria est un choix judicieux pour ceux qui souhaitent combiner qualit\u00e9 sup\u00e9rieure et durabilit\u00e9.<\/p>\n<\/div><\/section><\/div>\n\n<style type=\"text\/css\" data-created_by=\"avia_inline_auto\" id=\"style-css-av-949vy-0ac19ed6bf07c2263d3482cd5a82fe93\">\n.flex_column.av-949vy-0ac19ed6bf07c2263d3482cd5a82fe93{\nborder-radius:0px 0px 0px 0px;\npadding:0px 0px 0px 0px;\n}\n<\/style>\n<div  class='flex_column av-949vy-0ac19ed6bf07c2263d3482cd5a82fe93 av_one_half  avia-builder-el-2  el_after_av_one_full  el_before_av_one_half  first flex_column_div av-zero-column-padding  column-top-margin'     ><style type=\"text\/css\" data-created_by=\"avia_inline_auto\" id=\"style-css-av-jmc3qc85-ad22282959ef1754e8437114b47de3f9\">\n.avia-image-container.av-jmc3qc85-ad22282959ef1754e8437114b47de3f9 img.avia_image{\nbox-shadow:none;\n}\n.avia-image-container.av-jmc3qc85-ad22282959ef1754e8437114b47de3f9 .av-image-caption-overlay-center{\ncolor:#ffffff;\n}\n<\/style>\n<div  class='avia-image-container av-jmc3qc85-ad22282959ef1754e8437114b47de3f9 av-styling- avia-align-left  avia-builder-el-3  avia-builder-el-no-sibling '   itemprop=\"image\" itemscope=\"itemscope\" itemtype=\"https:\/\/schema.org\/ImageObject\" ><div class=\"avia-image-container-inner\"><div class=\"avia-image-overlay-wrap\"><img decoding=\"async\" fetchpriority=\"high\" class='wp-image-1763 avia-img-lazy-loading-not-1763 avia_image ' src=\"https:\/\/www.veltec.eu\/wp-content\/uploads\/2018\/09\/Kirby_Sentria_II.jpg\" alt='Acheter Kirby Sentria' title='Aspirateur Kirby Sentria'  height=\"500\" width=\"500\"  itemprop=\"thumbnailUrl\" srcset=\"https:\/\/www.veltec.eu\/wp-content\/uploads\/2018\/09\/Kirby_Sentria_II.jpg 500w, https:\/\/www.veltec.eu\/wp-content\/uploads\/2018\/09\/Kirby_Sentria_II-300x300.jpg 300w, https:\/\/www.veltec.eu\/wp-content\/uploads\/2018\/09\/Kirby_Sentria_II-80x80.jpg 80w, https:\/\/www.veltec.eu\/wp-content\/uploads\/2018\/09\/Kirby_Sentria_II-36x36.jpg 36w, https:\/\/www.veltec.eu\/wp-content\/uploads\/2018\/09\/Kirby_Sentria_II-180x180.jpg 180w, https:\/\/www.veltec.eu\/wp-content\/uploads\/2018\/09\/Kirby_Sentria_II-100x100.jpg 100w\" sizes=\"(max-width: 500px) 100vw, 500px\" \/><\/div><\/div><\/div><\/div>\n\n<style type=\"text\/css\" data-created_by=\"avia_inline_auto\" id=\"style-css-av-823nq-47e323020ceb589efbafb4fef5b307b7\">\n.flex_column.av-823nq-47e323020ceb589efbafb4fef5b307b7{\nborder-radius:0px 0px 0px 0px;\npadding:0px 0px 0px 0px;\n}\n<\/style>\n<div  class='flex_column av-823nq-47e323020ceb589efbafb4fef5b307b7 av_one_half  avia-builder-el-4  el_after_av_one_half  el_before_av_one_full  flex_column_div av-zero-column-padding  column-top-margin'     ><section  class='av_textblock_section av-jmc3ng6j-817a5cb0788d156874a3a082435ee3e0 '   itemscope=\"itemscope\" itemtype=\"https:\/\/schema.org\/CreativeWork\" ><div class='avia_textblock'  itemprop=\"text\" ><h2>Acheter Kirby Sentria \u2013 Le guide complet pour choisir votre aspirateur<\/h2>\n<p>Vous recherchez un aspirateur puissant et durable ? Alors, acheter un Kirby Sentria est sans aucun doute un investissement judicieux. Mais qu&#8217;est-ce qui rend ce mod\u00e8le si sp\u00e9cial ? Les aspirateurs Kirby sont connus dans le monde entier pour leur puissance de nettoyage in\u00e9gal\u00e9e. Alors que de nombreux aspirateurs nettoient superficiellement, un Kirby Sentria \u00e9limine en profondeur la salet\u00e9 des tapis, moquettes et matelas.<\/p>\n<p>De plus, le Kirby Sentria allie fiabilit\u00e9 et facilit\u00e9 d&#8217;utilisation. Que vous optiez pour le <a href=\"https:\/\/www.veltec.eu\/fr\/product\/kirby-sentria-1-basique-nl11101\/\" target=\"_blank\" rel=\"noopener\">Kirby Sentria 1<\/a> (2006-2012) ou le <a href=\"https:\/\/www.veltec.eu\/fr\/product\/kirby-sentria-2-basique-nl3965\/\" target=\"_blank\" rel=\"noopener\">Kirby Sentria 2<\/a> (2012-2015), les deux mod\u00e8les offrent une qualit\u00e9 sup\u00e9rieure. En choisissant d&#8217;acheter un Kirby Sentria, vous optez pour un aspirateur qui continuera \u00e0 fonctionner non seulement aujourd&#8217;hui, mais aussi pendant de nombreuses ann\u00e9es.<\/p>\n<h2>Que recevez-vous en achetant Kirby Sentria\u202f?<\/h2>\n<p>Vous vous demandez ce qui est inclus dans l&#8217;achat d&#8217;un Kirby Sentria ? La r\u00e9ponse est : une solution de nettoyage compl\u00e8te. Vous recevez en standard un coffret de rangement de 16 pi\u00e8ces avec des accessoires. Cet ensemble comprend notamment la large brosse Kirby pour un entretien en profondeur des tapis et des matelas, un long manche et le sac ext\u00e9rieur Sentria original brevet\u00e9 par Kirby.<\/p>\n<p>De plus, le Kirby Sentria pr\u00e9sente plusieurs am\u00e9liorations par rapport aux mod\u00e8les pr\u00e9c\u00e9dents. Il est notamment plus silencieux, plus l\u00e9ger et plus durable. Son apparence a \u00e9galement subi une m\u00e9tamorphose compl\u00e8te, ce qui lui conf\u00e8re un look plus moderne.<\/p>\n<p>La filtration a \u00e9t\u00e9 consid\u00e9rablement am\u00e9lior\u00e9e gr\u00e2ce aux sacs pour aspirateur Kirby Allergen, qui offrent une capacit\u00e9 accrue de 15 % et une circulation d&#8217;air sup\u00e9rieure de 110 %. Cela signifie que vous aspirez non seulement plus proprement, mais que vous cr\u00e9ez \u00e9galement un climat int\u00e9rieur plus frais et plus sain.<\/p>\n<p>Vous trouverez ici plus d&#8217;informations sur <a href=\"https:\/\/www.service-aspirateur-kirby.fr\/aspirateur-kirby\/\" target=\"_blank\" rel=\"noopener\">Tout ce que vous devez savoir sur la puissance et la durabilit\u00e9 de l\u2019aspirateur Kirby<\/a><\/p>\n<hr \/>\n<\/div><\/section><\/div>\n<style type=\"text\/css\" data-created_by=\"avia_inline_auto\" id=\"style-css-av-6w1rq-afd76d8692a7ad355f7b04e907979a2d\">\n.flex_column.av-6w1rq-afd76d8692a7ad355f7b04e907979a2d{\nborder-radius:0px 0px 0px 0px;\npadding:0px 0px 0px 0px;\n}\n<\/style>\n<div  class='flex_column av-6w1rq-afd76d8692a7ad355f7b04e907979a2d av_one_full  avia-builder-el-6  el_after_av_one_half  avia-builder-el-last  first flex_column_div av-zero-column-padding  column-top-margin'     ><section  class='av_textblock_section av-jmc3sl7p-d13cf87387b7cbd38de969bf1c7b1f9e '   itemscope=\"itemscope\" itemtype=\"https:\/\/schema.org\/CreativeWork\" ><div class='avia_textblock'  itemprop=\"text\" ><h2 data-start=\"2391\" data-end=\"2459\">Kirby Sentria r\u00e9vis\u00e9 en atelier \u2013 Qu\u2019est-ce que cela signifie\u202f?\u00a0 \u00a0 \u00a0 \u00a0 <img decoding=\"async\" class=\"alignright wp-image-85973 size-square\" src=\"https:\/\/www.veltec.eu\/wp-content\/uploads\/2018\/09\/Kirby-refurbished-1-180x180.png\" alt=\"Acheter Kirby Sentria\" width=\"180\" height=\"180\" srcset=\"https:\/\/www.veltec.eu\/wp-content\/uploads\/2018\/09\/Kirby-refurbished-1-180x180.png 180w, https:\/\/www.veltec.eu\/wp-content\/uploads\/2018\/09\/Kirby-refurbished-1-300x300.png 300w, https:\/\/www.veltec.eu\/wp-content\/uploads\/2018\/09\/Kirby-refurbished-1-80x80.png 80w, https:\/\/www.veltec.eu\/wp-content\/uploads\/2018\/09\/Kirby-refurbished-1-36x36.png 36w, https:\/\/www.veltec.eu\/wp-content\/uploads\/2018\/09\/Kirby-refurbished-1-120x120.png 120w, https:\/\/www.veltec.eu\/wp-content\/uploads\/2018\/09\/Kirby-refurbished-1-450x450.png 450w, https:\/\/www.veltec.eu\/wp-content\/uploads\/2018\/09\/Kirby-refurbished-1-600x600.png 600w, https:\/\/www.veltec.eu\/wp-content\/uploads\/2018\/09\/Kirby-refurbished-1-100x100.png 100w, https:\/\/www.veltec.eu\/wp-content\/uploads\/2018\/09\/Kirby-refurbished-1.png 626w\" sizes=\"(max-width: 180px) 100vw, 180px\" \/><\/h2>\n<p data-start=\"2460\" data-end=\"2834\">Beaucoup se demandent ce que signifie r\u00e9ellement un Kirby Sentria r\u00e9vis\u00e9 en atelier. Les mod\u00e8les que nous proposons proviennent du Royaume-Uni et ont \u00e9t\u00e9 utilis\u00e9s par des distributeurs officiels Kirby pour des d\u00e9monstrations. Bien qu\u2019ils ne soient plus dans leur emballage d\u2019origine, ils ont \u00e9t\u00e9 enti\u00e8rement contr\u00f4l\u00e9s sur le plan technique et fonctionnent comme neufs.<\/p>\n<p data-start=\"2836\" data-end=\"3080\">Comme nous achetons ces aspirateurs en grandes quantit\u00e9s, nous pouvons proposer un prix attractif. Chaque Kirby Sentria subit une r\u00e9vision technique compl\u00e8te dans notre atelier, vous garantissant une qualit\u00e9 optimale \u00e0 un prix comp\u00e9titif.<\/p>\n<h2 data-start=\"3087\" data-end=\"3155\">En quoi consiste l\u2019achat d\u2019un Kirby Sentria r\u00e9vis\u00e9 en atelier\u202f?<\/h2>\n<p data-start=\"3156\" data-end=\"3439\">Lorsque vous choisissez de acheter Kirby Sentria, vous voulez vous assurer que l\u2019aspirateur est fiable et durable. Chaque Sentria est donc minutieusement r\u00e9vis\u00e9 dans notre atelier sp\u00e9cialis\u00e9 et re\u00e7oit un entretien complet. Que se passe-t-il exactement durant ce processus\u202f?<\/p>\n<p data-start=\"3441\" data-end=\"3520\"><a href=\"\/?page_id=15319\" target=\"_blank\" rel=\"noopener\">Ici, vous trouverez tous les aspirateurs Kirby neufs et R\u00e9vis\u00e9 en atelier<\/a><\/p>\n<h2>R\u00e9vision \u00e9tape par \u00e9tape de Sentria<\/h2>\n<p>Chaque Sentria est soumis \u00e0 un contr\u00f4le approfondi et \u00e0 une maintenance technique compl\u00e8te. Le processus comprend plusieurs \u00e9tapes qui garantissent la qualit\u00e9 de l&#8217;aspirateur :<\/p>\n<ul>\n<li>D\u00e9montage complet de l&#8217;appareil afin que chaque pi\u00e8ce puisse \u00eatre contr\u00f4l\u00e9e s\u00e9par\u00e9ment.<\/li>\n<li>Retrait du moteur \u00e9lectrique, de la pale du rotor, de l&#8217;induit et du commutateur principal, ce qui permet une inspection approfondie.<\/li>\n<li>Nettoyage minutieux de toutes les pi\u00e8ces afin d&#8217;\u00e9liminer la poussi\u00e8re, la salet\u00e9 et l&#8217;usure.<\/li>\n<li>Remplacement des pi\u00e8ces sensibles \u00e0 l&#8217;usure, telles que les balais de charbon, les roulements, la lame du rotor et la lampe frontale.<\/li>\n<li>Remontage complet et proc\u00e9dure de test approfondie, afin que le Sentria fonctionne \u00e0 nouveau parfaitement.<\/li>\n<li>R\u00e9vision de la large buse \u00e0 battement, y compris le remplacement de la brosse \u00e0 battement et de la courroie d&#8217;entra\u00eenement.<\/li>\n<li>Polissage du bo\u00eetier afin que le Sentria retrouve son aspect neuf.<\/li>\n<\/ul>\n<p>Gr\u00e2ce \u00e0 cette r\u00e9vision compl\u00e8te, vous avez la certitude que votre Kirby Sentria est non seulement en parfait \u00e9tat de fonctionnement, mais aussi en excellent \u00e9tat esth\u00e9tique.<\/p>\n<h2>Acheter Kirby Sentria avec garantie<\/h2>\n<p>En choisissant Kirby Sentria, vous b\u00e9n\u00e9ficiez toujours d&#8217;une garantie. Chaque aspirateur est livr\u00e9 avec une garantie compl\u00e8te de 12 mois.<\/p>\n<p>En plus de la r\u00e9vision et de la garantie, Kirby Sentria vous offre \u00e9galement un \u00e9quipement complet. L&#8217;aspirateur est livr\u00e9 en standard avec un coffret de rangement de 16 pi\u00e8ces contenant les accessoires essentiels. Par exemple :<\/p>\n<ul>\n<li>La large brosse \u00e0 tapis pour un nettoyage en profondeur des tapis et des matelas.<\/li>\n<li>Le sac ext\u00e9rieur Kirby brevet\u00e9 avec un long manche pour un aspirateur confortable.<\/li>\n<\/ul>\n<p>Gr\u00e2ce \u00e0 ces accessoires, l&#8217;achat d&#8217;un Kirby Sentria vous offre un syst\u00e8me de nettoyage polyvalent qui convient \u00e0 tous les foyers.<\/p>\n<p><a href=\"https:\/\/www.service-aspirateur-kirby.fr\/acheter-un-aspirateur-kirby\/\" target=\"_blank\" rel=\"noopener\">Vous trouverez ici plus d&#8217;informations sur Tout ce que vous devez savoir sur l&#8217;achat d&#8217;un aspirateur Kirby<\/a><\/p>\n<h2 data-start=\"5244\" data-end=\"5291\">Pourquoi acheter Kirby Sentria chez nous\u202f?<\/h2>\n<p data-start=\"5292\" data-end=\"5511\">La r\u00e9ponse est simple\u202f: qualit\u00e9, service et tranquillit\u00e9 d\u2019esprit. Chaque Kirby Sentria achet\u00e9 est soigneusement r\u00e9vis\u00e9 en atelier, livr\u00e9 avec garantie et accompagn\u00e9 d\u2019accessoires rendant le nettoyage plus facile.<\/p>\n<p data-start=\"5513\" data-end=\"5705\">De plus, vous pouvez commander facilement via notre boutique en ligne. Vous choisissez ainsi non seulement un aspirateur puissant, mais aussi la commodit\u00e9, la s\u00e9curit\u00e9 et un prix comp\u00e9titif.<\/p>\n<\/div><\/section><\/div><\/p>\n","protected":false},"excerpt":{"rendered":"","protected":false},"author":1,"featured_media":0,"parent":0,"menu_order":0,"comment_status":"closed","ping_status":"closed","template":"","meta":{"_acf_changed":false,"footnotes":""},"class_list":["post-3746","page","type-page","status-publish","hentry"],"acf":[],"yoast_head":"<!-- This site is optimized with the Yoast SEO Premium plugin v27.1 (Yoast SEO v27.4) - https:\/\/yoast.com\/product\/yoast-seo-premium-wordpress\/ -->\n<title>Acheter Kirby Sentria \u2013 R\u00e9vis\u00e9 en atelier &amp; complet<\/title>\n<meta name=\"description\" content=\"Acheter Kirby Sentria signifie choisir puissance et durabilit\u00e9. Aspirateur r\u00e9vis\u00e9 en atelier, complet avec accessoires et garantie de 12 mois.\" \/>\n<meta name=\"robots\" content=\"index, follow, max-snippet:-1, max-image-preview:large, max-video-preview:-1\" \/>\n<link rel=\"canonical\" href=\"https:\/\/www.veltec.eu\/nl\/kirby-sentria-kopen\/\" \/>\n<meta property=\"og:locale\" content=\"fr_FR\" \/>\n<meta property=\"og:type\" content=\"article\" \/>\n<meta property=\"og:title\" content=\"Acheter Kirby Sentria\" \/>\n<meta property=\"og:url\" content=\"https:\/\/www.veltec.eu\/nl\/kirby-sentria-kopen\/\" \/>\n<meta property=\"og:site_name\" content=\"Veltec Kirby specialist\" \/>\n<meta property=\"article:publisher\" content=\"https:\/\/www.facebook.com\/Veltec-Kirby-Specialist-236746293374877\/\" \/>\n<meta property=\"article:modified_time\" content=\"2025-12-18T12:47:13+00:00\" \/>\n<meta property=\"og:image\" content=\"https:\/\/www.veltec.eu\/wp-content\/uploads\/2018\/09\/Kirby-refurbished-1-180x180.png\" \/>\n<meta name=\"twitter:card\" content=\"summary_large_image\" \/>\n<meta name=\"twitter:label1\" content=\"Dur\u00e9e de lecture estim\u00e9e\" \/>\n\t<meta name=\"twitter:data1\" content=\"5 minutes\" \/>\n<script type=\"application\/ld+json\" class=\"yoast-schema-graph\">{\"@context\":\"https:\\\/\\\/schema.org\",\"@graph\":[{\"@type\":\"WebPage\",\"@id\":\"https:\\\/\\\/www.veltec.eu\\\/nl\\\/kirby-sentria-kopen\\\/\",\"url\":\"https:\\\/\\\/www.veltec.eu\\\/nl\\\/kirby-sentria-kopen\\\/\",\"name\":\"Acheter Kirby Sentria \u2013 R\u00e9vis\u00e9 en atelier & complet\",\"isPartOf\":{\"@id\":\"https:\\\/\\\/www.veltec.eu\\\/en\\\/#website\"},\"primaryImageOfPage\":{\"@id\":\"https:\\\/\\\/www.veltec.eu\\\/nl\\\/kirby-sentria-kopen\\\/#primaryimage\"},\"image\":{\"@id\":\"https:\\\/\\\/www.veltec.eu\\\/nl\\\/kirby-sentria-kopen\\\/#primaryimage\"},\"thumbnailUrl\":\"https:\\\/\\\/www.veltec.eu\\\/wp-content\\\/uploads\\\/2018\\\/09\\\/Kirby-refurbished-1-180x180.png\",\"datePublished\":\"2018-10-05T12:34:59+00:00\",\"dateModified\":\"2025-12-18T12:47:13+00:00\",\"description\":\"Acheter Kirby Sentria signifie choisir puissance et durabilit\u00e9. Aspirateur r\u00e9vis\u00e9 en atelier, complet avec accessoires et garantie de 12 mois.\",\"breadcrumb\":{\"@id\":\"https:\\\/\\\/www.veltec.eu\\\/nl\\\/kirby-sentria-kopen\\\/#breadcrumb\"},\"inLanguage\":\"fr-FR\",\"potentialAction\":[{\"@type\":\"ReadAction\",\"target\":[\"https:\\\/\\\/www.veltec.eu\\\/nl\\\/kirby-sentria-kopen\\\/\"]}]},{\"@type\":\"ImageObject\",\"inLanguage\":\"fr-FR\",\"@id\":\"https:\\\/\\\/www.veltec.eu\\\/nl\\\/kirby-sentria-kopen\\\/#primaryimage\",\"url\":\"https:\\\/\\\/www.veltec.eu\\\/wp-content\\\/uploads\\\/2018\\\/09\\\/Kirby-refurbished-1-180x180.png\",\"contentUrl\":\"https:\\\/\\\/www.veltec.eu\\\/wp-content\\\/uploads\\\/2018\\\/09\\\/Kirby-refurbished-1-180x180.png\"},{\"@type\":\"BreadcrumbList\",\"@id\":\"https:\\\/\\\/www.veltec.eu\\\/nl\\\/kirby-sentria-kopen\\\/#breadcrumb\",\"itemListElement\":[{\"@type\":\"ListItem\",\"position\":1,\"name\":\"Home\",\"item\":\"https:\\\/\\\/www.veltec.eu\\\/fr\\\/accueil\\\/\"},{\"@type\":\"ListItem\",\"position\":2,\"name\":\"Acheter Kirby Sentria\"}]},{\"@type\":\"WebSite\",\"@id\":\"https:\\\/\\\/www.veltec.eu\\\/en\\\/#website\",\"url\":\"https:\\\/\\\/www.veltec.eu\\\/en\\\/\",\"name\":\"Veltec Kirby specialist\",\"description\":\"Kirby stofzuiger producten\",\"publisher\":{\"@id\":\"https:\\\/\\\/www.veltec.eu\\\/en\\\/#organization\"},\"potentialAction\":[{\"@type\":\"SearchAction\",\"target\":{\"@type\":\"EntryPoint\",\"urlTemplate\":\"https:\\\/\\\/www.veltec.eu\\\/en\\\/?s={search_term_string}\"},\"query-input\":{\"@type\":\"PropertyValueSpecification\",\"valueRequired\":true,\"valueName\":\"search_term_string\"}}],\"inLanguage\":\"fr-FR\"},{\"@type\":\"Organization\",\"@id\":\"https:\\\/\\\/www.veltec.eu\\\/en\\\/#organization\",\"name\":\"Veltec Kirby Specialist\",\"url\":\"https:\\\/\\\/www.veltec.eu\\\/en\\\/\",\"logo\":{\"@type\":\"ImageObject\",\"inLanguage\":\"fr-FR\",\"@id\":\"https:\\\/\\\/www.veltec.eu\\\/en\\\/#\\\/schema\\\/logo\\\/image\\\/\",\"url\":\"https:\\\/\\\/www.veltec.eu\\\/wp-content\\\/uploads\\\/2021\\\/12\\\/Veltec-log-groot-e1537260889125.png\",\"contentUrl\":\"https:\\\/\\\/www.veltec.eu\\\/wp-content\\\/uploads\\\/2021\\\/12\\\/Veltec-log-groot-e1537260889125.png\",\"width\":200,\"height\":60,\"caption\":\"Veltec Kirby Specialist\"},\"image\":{\"@id\":\"https:\\\/\\\/www.veltec.eu\\\/en\\\/#\\\/schema\\\/logo\\\/image\\\/\"},\"sameAs\":[\"https:\\\/\\\/www.facebook.com\\\/Veltec-Kirby-Specialist-236746293374877\\\/\",\"https:\\\/\\\/www.youtube.com\\\/user\\\/VeltecService\"]}]}<\/script>\n<!-- \/ Yoast SEO Premium plugin. -->","yoast_head_json":{"title":"Acheter Kirby Sentria \u2013 R\u00e9vis\u00e9 en atelier & complet","description":"Acheter Kirby Sentria signifie choisir puissance et durabilit\u00e9. Aspirateur r\u00e9vis\u00e9 en atelier, complet avec accessoires et garantie de 12 mois.","robots":{"index":"index","follow":"follow","max-snippet":"max-snippet:-1","max-image-preview":"max-image-preview:large","max-video-preview":"max-video-preview:-1"},"canonical":"https:\/\/www.veltec.eu\/nl\/kirby-sentria-kopen\/","og_locale":"fr_FR","og_type":"article","og_title":"Acheter Kirby Sentria","og_url":"https:\/\/www.veltec.eu\/nl\/kirby-sentria-kopen\/","og_site_name":"Veltec Kirby specialist","article_publisher":"https:\/\/www.facebook.com\/Veltec-Kirby-Specialist-236746293374877\/","article_modified_time":"2025-12-18T12:47:13+00:00","og_image":[{"url":"https:\/\/www.veltec.eu\/wp-content\/uploads\/2018\/09\/Kirby-refurbished-1-180x180.png","type":"","width":"","height":""}],"twitter_card":"summary_large_image","twitter_misc":{"Dur\u00e9e de lecture estim\u00e9e":"5 minutes"},"schema":{"@context":"https:\/\/schema.org","@graph":[{"@type":"WebPage","@id":"https:\/\/www.veltec.eu\/nl\/kirby-sentria-kopen\/","url":"https:\/\/www.veltec.eu\/nl\/kirby-sentria-kopen\/","name":"Acheter Kirby Sentria \u2013 R\u00e9vis\u00e9 en atelier & complet","isPartOf":{"@id":"https:\/\/www.veltec.eu\/en\/#website"},"primaryImageOfPage":{"@id":"https:\/\/www.veltec.eu\/nl\/kirby-sentria-kopen\/#primaryimage"},"image":{"@id":"https:\/\/www.veltec.eu\/nl\/kirby-sentria-kopen\/#primaryimage"},"thumbnailUrl":"https:\/\/www.veltec.eu\/wp-content\/uploads\/2018\/09\/Kirby-refurbished-1-180x180.png","datePublished":"2018-10-05T12:34:59+00:00","dateModified":"2025-12-18T12:47:13+00:00","description":"Acheter Kirby Sentria signifie choisir puissance et durabilit\u00e9. Aspirateur r\u00e9vis\u00e9 en atelier, complet avec accessoires et garantie de 12 mois.","breadcrumb":{"@id":"https:\/\/www.veltec.eu\/nl\/kirby-sentria-kopen\/#breadcrumb"},"inLanguage":"fr-FR","potentialAction":[{"@type":"ReadAction","target":["https:\/\/www.veltec.eu\/nl\/kirby-sentria-kopen\/"]}]},{"@type":"ImageObject","inLanguage":"fr-FR","@id":"https:\/\/www.veltec.eu\/nl\/kirby-sentria-kopen\/#primaryimage","url":"https:\/\/www.veltec.eu\/wp-content\/uploads\/2018\/09\/Kirby-refurbished-1-180x180.png","contentUrl":"https:\/\/www.veltec.eu\/wp-content\/uploads\/2018\/09\/Kirby-refurbished-1-180x180.png"},{"@type":"BreadcrumbList","@id":"https:\/\/www.veltec.eu\/nl\/kirby-sentria-kopen\/#breadcrumb","itemListElement":[{"@type":"ListItem","position":1,"name":"Home","item":"https:\/\/www.veltec.eu\/fr\/accueil\/"},{"@type":"ListItem","position":2,"name":"Acheter Kirby Sentria"}]},{"@type":"WebSite","@id":"https:\/\/www.veltec.eu\/en\/#website","url":"https:\/\/www.veltec.eu\/en\/","name":"Veltec Kirby specialist","description":"Kirby stofzuiger producten","publisher":{"@id":"https:\/\/www.veltec.eu\/en\/#organization"},"potentialAction":[{"@type":"SearchAction","target":{"@type":"EntryPoint","urlTemplate":"https:\/\/www.veltec.eu\/en\/?s={search_term_string}"},"query-input":{"@type":"PropertyValueSpecification","valueRequired":true,"valueName":"search_term_string"}}],"inLanguage":"fr-FR"},{"@type":"Organization","@id":"https:\/\/www.veltec.eu\/en\/#organization","name":"Veltec Kirby Specialist","url":"https:\/\/www.veltec.eu\/en\/","logo":{"@type":"ImageObject","inLanguage":"fr-FR","@id":"https:\/\/www.veltec.eu\/en\/#\/schema\/logo\/image\/","url":"https:\/\/www.veltec.eu\/wp-content\/uploads\/2021\/12\/Veltec-log-groot-e1537260889125.png","contentUrl":"https:\/\/www.veltec.eu\/wp-content\/uploads\/2021\/12\/Veltec-log-groot-e1537260889125.png","width":200,"height":60,"caption":"Veltec Kirby Specialist"},"image":{"@id":"https:\/\/www.veltec.eu\/en\/#\/schema\/logo\/image\/"},"sameAs":["https:\/\/www.facebook.com\/Veltec-Kirby-Specialist-236746293374877\/","https:\/\/www.youtube.com\/user\/VeltecService"]}]}},"_links":{"self":[{"href":"https:\/\/www.veltec.eu\/fr\/wp-json\/wp\/v2\/pages\/3746","targetHints":{"allow":["GET"]}}],"collection":[{"href":"https:\/\/www.veltec.eu\/fr\/wp-json\/wp\/v2\/pages"}],"about":[{"href":"https:\/\/www.veltec.eu\/fr\/wp-json\/wp\/v2\/types\/page"}],"author":[{"embeddable":true,"href":"https:\/\/www.veltec.eu\/fr\/wp-json\/wp\/v2\/users\/1"}],"replies":[{"embeddable":true,"href":"https:\/\/www.veltec.eu\/fr\/wp-json\/wp\/v2\/comments?post=3746"}],"version-history":[{"count":7,"href":"https:\/\/www.veltec.eu\/fr\/wp-json\/wp\/v2\/pages\/3746\/revisions"}],"predecessor-version":[{"id":87217,"href":"https:\/\/www.veltec.eu\/fr\/wp-json\/wp\/v2\/pages\/3746\/revisions\/87217"}],"wp:attachment":[{"href":"https:\/\/www.veltec.eu\/fr\/wp-json\/wp\/v2\/media?parent=3746"}],"curies":[{"name":"wp","href":"https:\/\/api.w.org\/{rel}","templated":true}]}}