{"id":3734,"date":"2018-10-05T14:27:57","date_gmt":"2018-10-05T12:27:57","guid":{"rendered":"https:\/\/www.veltec.eu\/privacy-policy\/"},"modified":"2024-05-06T12:20:15","modified_gmt":"2024-05-06T10:20:15","slug":"politique-de-confidentialite","status":"publish","type":"page","link":"https:\/\/www.veltec.eu\/fr\/politique-de-confidentialite\/","title":{"rendered":"Politique de confidentialit\u00e9"},"content":{"rendered":"\n<style type=\"text\/css\" data-created_by=\"avia_inline_auto\" id=\"style-css-av-22umy1-b536422a63e59c89c7bae0734c90a66c\">\n.flex_column.av-22umy1-b536422a63e59c89c7bae0734c90a66c{\nborder-radius:0px 0px 0px 0px;\npadding:0px 0px 0px 0px;\n}\n<\/style>\n<div  class='flex_column av-22umy1-b536422a63e59c89c7bae0734c90a66c av_one_full  avia-builder-el-0  avia-builder-el-no-sibling  first flex_column_div av-zero-column-padding  '     ><section  class='av_textblock_section av-jmbwzuva-efb4f30f546806dd489dd87b5dd2211a '   itemscope=\"itemscope\" itemtype=\"https:\/\/schema.org\/CreativeWork\" ><div class='avia_textblock'  itemprop=\"text\" ><div class=\"page-title\"><\/div>\n<div class=\"std\">\n<h1>Politique de confidentialit\u00e9 &#8211; Veltec &#8211; Le sp\u00e9cialiste des aspirateurs Kirby<\/h1>\n<p>Donn\u00e9es personnelles trait\u00e9es<\/p>\n<p>Veltec &#8211; sp\u00e9cialiste des aspirateurs Kirby, d\u00e9sormais appel\u00e9 Veltec, peut traiter des donn\u00e9es \u00e0 caract\u00e8re personnel vous concernant, parce que vous utilisez les services de Veltec, et\/ou parce que vous fournissez \u00e0 Veltec un formulaire de contact sur le site web. Veltec peut traiter les donn\u00e9es personnelles suivantes :<\/p>\n<p>&#8211; Nom et pr\u00e9nom<\/p>\n<p>&#8211; Adresse<\/p>\n<p>&#8211; num\u00e9ro de t\u00e9l\u00e9phone<\/p>\n<p>&#8211; l&#8217;adresse e-mail<\/p>\n<p>&#8211; adresse IP<\/p>\n<p>&#8211; Num\u00e9ro de compte bancaire<\/p>\n<p><strong>Pourquoi Veltec a besoin de donn\u00e9es<\/strong><\/p>\n<p>Veltec utilise vos donn\u00e9es personnelles dans le cadre de l&#8217;ex\u00e9cution d&#8217;un contrat de commande avec vous, consistant g\u00e9n\u00e9ralement en la vente en ligne de nos produits.<\/p>\n<p>En outre, Veltec peut traiter vos donn\u00e9es pour pouvoir vous contacter par t\u00e9l\u00e9phone si vous le demandez, et\/ou pour pouvoir vous contacter par \u00e9crit (par e-mail et\/ou par courrier) si vous n&#8217;\u00eates pas joignable par t\u00e9l\u00e9phone.<\/p>\n<p><strong>Dur\u00e9e de conservation des donn\u00e9es par Veltec<\/strong><\/p>\n<p>Veltec ne conserve pas vos donn\u00e9es personnelles plus longtemps que ce qui est strictement n\u00e9cessaire pour atteindre les objectifs pour lesquels vos donn\u00e9es sont collect\u00e9es.<\/p>\n<p>&#8211; Nous devons conserver les donn\u00e9es relatives \u00e0 votre facture, \u00e0 votre paiement et \u00e0 votre commande pendant 7 ans aupr\u00e8s des autorit\u00e9s fiscales. Ensuite, nous n&#8217;utilisons les donn\u00e9es anonymes qu&#8217;\u00e0 des fins de rapports internes.<br \/>\n&#8211; Si vous vous \u00eates inscrit \u00e0 la lettre d&#8217;information ou si vous avez donn\u00e9 votre accord pour recevoir des messages personnalis\u00e9s, nous conserverons cet accord jusqu&#8217;\u00e0 ce que vous vous d\u00e9sinscriviez. M\u00eame si vous d\u00e9cidez \u00e0 un moment donn\u00e9 de ne plus recevoir la lettre d&#8217;information ou les messages personnalis\u00e9s, nous conserverons le retrait de votre demande. Apr\u00e8s cette p\u00e9riode, nous n&#8217;utilisons vos donn\u00e9es que de mani\u00e8re anonyme, pour des rapports internes.<\/p>\n<p><strong>Donn\u00e9es de Google Analytics<\/strong><\/p>\n<p>La p\u00e9riode standard pour les donn\u00e9es collect\u00e9es \u00e0 partir de cookies ou de publicit\u00e9s est de 26 mois. Vous souhaitez que vos donn\u00e9es soient effac\u00e9es imm\u00e9diatement apr\u00e8s votre visite sur veltec.eu ? Contactez-nous via info@veltec.eu. Apr\u00e8s le traitement des donn\u00e9es, il faut compter 24 heures avant que vos donn\u00e9es ne soient effectivement supprim\u00e9es.<\/p>\n<p><strong>Partager avec d&#8217;autres<\/strong><\/p>\n<p>Veltec ne fournit vos donn\u00e9es personnelles \u00e0 des tiers que si cela est n\u00e9cessaire \u00e0 l&#8217;ex\u00e9cution d&#8217;un contrat avec vous, \u00e0 la cartographie des visites du site web ou au respect d&#8217;une obligation l\u00e9gale.<\/p>\n<p><strong>Cartographie des visites sur le site web<\/strong><\/p>\n<p>Le site web de Veltec conserve des donn\u00e9es g\u00e9n\u00e9rales sur les visiteurs, y compris l&#8217;adresse IP de votre ordinateur, l&#8217;heure de la consultation et les donn\u00e9es envoy\u00e9es par votre navigateur. Ces donn\u00e9es sont utilis\u00e9es pour analyser le comportement des visiteurs et des clics sur le site web. Veltec utilise ces informations pour am\u00e9liorer le fonctionnement du site web. Ces donn\u00e9es sont anonymis\u00e9es dans la mesure du possible et, le cas \u00e9ch\u00e9ant, transmises \u00e0 des tiers.<\/p>\n<p>En outre, nous, nos r\u00e9seaux publicitaires et nos agences m\u00e9dias peuvent diffuser vos annonces. Cela se fait sur la base de vos visites pr\u00e9c\u00e9dentes sur nos sites web et sur les sites web de tiers. Nous et nos r\u00e9seaux publicitaires et agences m\u00e9dias collectons votre comportement de navigation, de recherche et d&#8217;achat sur la base de techniques de cookies, de votre adresse IP et du num\u00e9ro de publicit\u00e9 li\u00e9 \u00e0 l&#8217;appareil avec lequel vous naviguez.<\/p>\n<p>Enfin, il est possible que Veltec fournisse vos donn\u00e9es personnelles si Veltec est oblig\u00e9 de le faire \u00e0 la suite d&#8217;une d\u00e9cision de justice ou d&#8217;une autre obligation l\u00e9gale, d&#8217;une assignation ou d&#8217;une action en justice ou si cela est autrement requis par la loi, ou si nous pensons que cela est n\u00e9cessaire pour d\u00e9fendre nos droits, par exemple pour pr\u00e9venir ou combattre des activit\u00e9s ill\u00e9gales ou des violations de nos politiques.<\/p>\n<p><strong>Politique de confidentialit\u00e9<\/strong><\/p>\n<p>L&#8217;objectif de l&#8217;enregistrement des donn\u00e9es personnelles par Veltec est de cartographier les activit\u00e9s et les besoins de nos clients. Nous pouvons utiliser ces informations pour am\u00e9liorer nos produits et services. Nous fournissons les donn\u00e9es \u00e0 des tiers, tels que des agences de m\u00e9dias, afin de pouvoir donner des conseils personnalis\u00e9s ou afficher des publicit\u00e9s cibl\u00e9es, par exemple en fonction de l&#8217;int\u00e9r\u00eat que vous portez \u00e0 certains produits.<\/p>\n<p><strong>Qu&#8217;est-ce qu&#8217;un cookie ?<\/strong><\/p>\n<p>Un cookie est un petit fichier texte qui est stock\u00e9 dans le navigateur de votre ordinateur, tablette ou smartphone lorsque vous visitez ce site web pour la premi\u00e8re fois. Si vous \u00eates d&#8217;accord, le fichier sera ajout\u00e9 et le cookie aidera \u00e0 analyser le trafic internet ou vous permettra de savoir quand vous visitez un site web particulier. Dans l&#8217;ensemble, les cookies nous aident \u00e0 vous fournir un meilleur site web en nous permettant de surveiller les pages que vous trouvez utiles et celles qui ne le sont pas.<\/p>\n<p>Un cookie ne nous donne en aucun cas acc\u00e8s \u00e0 votre ordinateur ou \u00e0 des informations vous concernant, \u00e0 l&#8217;exception des donn\u00e9es que vous choisissez de partager avec nous.<\/p>\n<p><strong>Quels sont les cookies que nous utilisons ?<\/strong><\/p>\n<p>Cookies fonctionnels ou cookies n\u00e9cessaires<br \/>\nCes types de cookies garantissent le bon fonctionnement de notre boutique en ligne. Il peut s&#8217;agir de fonctionnalit\u00e9s telles que le panier d&#8217;achat ou le processus de paiement.<\/p>\n<p>Cookies publicitaires<br \/>\nLes cookies publicitaires nous permettent de vous pr\u00e9senter des offres pertinentes de produits que vous trouvez int\u00e9ressants ou que vous avez d\u00e9j\u00e0 consult\u00e9s. En outre, nous utilisons ces cookies pour garder une trace des publicit\u00e9s que vous avez d\u00e9j\u00e0 vues.<\/p>\n<p>Cookies analytiques<br \/>\nCes cookies nous permettent de mesurer les statistiques de notre boutique en ligne. Les donn\u00e9es qui ressortent de ces analyses sont totalement anonymes. Par exemple, nous pouvons voir combien de visiteurs notre site web a eu en un jour, mais pas quelles personnes ont visit\u00e9 notre site web.<\/p>\n<p><strong>Vous ne voulez pas que nous utilisions vos cookies ?<\/strong><\/p>\n<p>La plupart des navigateurs web acceptent automatiquement les cookies, mais vous pouvez g\u00e9n\u00e9ralement modifier les param\u00e8tres de votre navigateur pour refuser les cookies si vous le souhaitez. Cela peut vous emp\u00eacher de profiter pleinement du site web.<\/p>\n<p><strong>Voir ici, par navigateur, comment modifier les param\u00e8tres des cookies :<\/strong><\/p>\n<p>&#8211;\u00a0<a href=\"https:\/\/support.google.com\/chrome\/answer\/95647?hl=nl\">Chrome<\/a><br \/>\n&#8211;\u00a0<a href=\"https:\/\/support.mozilla.org\/nl\/kb\/cookies-verwijderen-gegevens-wissen-websites-opgeslagen\">Firefox<\/a><br \/>\n&#8211;\u00a0<a href=\"https:\/\/www.apple.com\/legal\/privacy\/nl\/cookies\/\">Safari<\/a><br \/>\n&#8211;\u00a0<a href=\"https:\/\/support.microsoft.com\/nl-nl\/help\/17442\/windows-internet-explorer-delete-manage-cookies\">Internet Explorer<\/a><\/p>\n<p><strong>Analyse Google<\/strong><\/p>\n<p>Veltec utilise Google Analytics pour suivre l&#8217;utilisation du site et l&#8217;efficacit\u00e9 des annonces Veltec Adwords sur les pages de r\u00e9sultats de recherche de Google. Les informations ainsi obtenues, y compris l&#8217;adresse de votre ordinateur (adresse IP), sont transf\u00e9r\u00e9es et stock\u00e9es par Google sur des serveurs situ\u00e9s aux \u00c9tats-Unis. Lisez la politique de confidentialit\u00e9 de Google pour plus d&#8217;informations. Vous trouverez \u00e9galement la politique de confidentialit\u00e9 de Google Analytics ici. Google utilise ces informations pour suivre l&#8217;utilisation de notre site web, pour fournir des rapports sur le site web \u00e0 Veltec et pour fournir \u00e0 ses annonceurs des informations sur l&#8217;efficacit\u00e9 de leurs campagnes. Google peut transmettre ces informations \u00e0 des tiers si Google y est l\u00e9galement oblig\u00e9 ou dans la mesure o\u00f9 ces tiers traitent les informations pour le compte de Google. Veltec n&#8217;a aucune influence sur ce point. Veltec n&#8217;a pas autoris\u00e9 Google \u00e0 utiliser les informations d&#8217;Analytics obtenues via Veltec pour d&#8217;autres services de Google.<\/p>\n<p><strong>Consulter, modifier ou supprimer les donn\u00e9es<\/strong><\/p>\n<p>Vous avez le droit de consulter, de corriger ou de supprimer vos donn\u00e9es personnelles. Vous pouvez envoyer une demande d&#8217;acc\u00e8s, de rectification ou de suppression \u00e0 info@veltec.eu. Veltec r\u00e9pondra \u00e0 votre demande dans les meilleurs d\u00e9lais, mais au plus tard dans les quatre semaines.<\/p>\n<p><strong>S\u00e9curit\u00e9<\/strong><\/p>\n<p>Veltec prend au s\u00e9rieux la protection de vos donn\u00e9es et prend des mesures appropri\u00e9es pour emp\u00eacher toute utilisation abusive, perte, acc\u00e8s non autoris\u00e9, divulgation non d\u00e9sir\u00e9e et modification non autoris\u00e9e. Le site web de Veltec utilise un certificat SSL fiable pour garantir que vos donn\u00e9es personnelles ne tombent pas entre de mauvaises mains.<\/p>\n<p>Si vous avez l&#8217;impression que vos donn\u00e9es ne sont pas s\u00e9curis\u00e9es ou qu&#8217;il y a des indications d&#8217;abus, ou si vous souhaitez plus d&#8217;informations sur la s\u00e9curit\u00e9 des donn\u00e9es personnelles collect\u00e9es par Veltec, veuillez contacter Veltec via info@veltec.eu.<\/p>\n<p>Veltec peut \u00eatre contact\u00e9 comme suit :<\/p>\n<p>Adresse : Wanraaij 29 M, 6673 DM, ANDELST<br \/>\nNum\u00e9ro de la Chambre de Commerce (KVK) : 39086156<br \/>\nT\u00e9l\u00e9phone : +31 (0) 36 260 0061 +31 (0) 36 260 0061<br \/>\nCourriel : info@veltec.eu<\/p>\n<\/div>\n<\/div><\/section><\/div>\n","protected":false},"excerpt":{"rendered":"","protected":false},"author":1,"featured_media":0,"parent":0,"menu_order":0,"comment_status":"closed","ping_status":"closed","template":"","meta":{"_acf_changed":false,"footnotes":""},"class_list":["post-3734","page","type-page","status-publish","hentry"],"acf":[],"yoast_head":"<!-- This site is optimized with the Yoast SEO Premium plugin v27.1 (Yoast SEO v27.4) - https:\/\/yoast.com\/product\/yoast-seo-premium-wordpress\/ -->\n<title>Politique de confidentialit\u00e9 - Veltec Kirby specialist<\/title>\n<meta name=\"description\" content=\"Politique de confidentialit\u00e9 - Toutes les conditions relatives \u00e0 la protection de la vie priv\u00e9e sur le site du sp\u00e9cialiste Veltec Kirby.\" \/>\n<meta name=\"robots\" content=\"index, follow, max-snippet:-1, max-image-preview:large, max-video-preview:-1\" \/>\n<link rel=\"canonical\" href=\"https:\/\/www.veltec.eu\/nl\/privacybeleid\/\" \/>\n<meta property=\"og:locale\" content=\"fr_FR\" \/>\n<meta property=\"og:type\" content=\"article\" \/>\n<meta property=\"og:title\" content=\"Politique de confidentialit\u00e9\" \/>\n<meta property=\"og:url\" content=\"https:\/\/www.veltec.eu\/nl\/privacybeleid\/\" \/>\n<meta property=\"og:site_name\" content=\"Veltec Kirby specialist\" \/>\n<meta property=\"article:publisher\" content=\"https:\/\/www.facebook.com\/Veltec-Kirby-Specialist-236746293374877\/\" \/>\n<meta property=\"article:modified_time\" content=\"2024-05-06T10:20:15+00:00\" \/>\n<meta name=\"twitter:card\" content=\"summary_large_image\" \/>\n<meta name=\"twitter:label1\" content=\"Dur\u00e9e de lecture estim\u00e9e\" \/>\n\t<meta name=\"twitter:data1\" content=\"7 minutes\" \/>\n<script type=\"application\/ld+json\" class=\"yoast-schema-graph\">{\"@context\":\"https:\\\/\\\/schema.org\",\"@graph\":[{\"@type\":\"WebPage\",\"@id\":\"https:\\\/\\\/www.veltec.eu\\\/nl\\\/privacybeleid\\\/\",\"url\":\"https:\\\/\\\/www.veltec.eu\\\/nl\\\/privacybeleid\\\/\",\"name\":\"Politique de confidentialit\u00e9 - Veltec Kirby specialist\",\"isPartOf\":{\"@id\":\"https:\\\/\\\/www.veltec.eu\\\/en\\\/#website\"},\"datePublished\":\"2018-10-05T12:27:57+00:00\",\"dateModified\":\"2024-05-06T10:20:15+00:00\",\"description\":\"Politique de confidentialit\u00e9 - Toutes les conditions relatives \u00e0 la protection de la vie priv\u00e9e sur le site du sp\u00e9cialiste Veltec Kirby.\",\"breadcrumb\":{\"@id\":\"https:\\\/\\\/www.veltec.eu\\\/nl\\\/privacybeleid\\\/#breadcrumb\"},\"inLanguage\":\"fr-FR\",\"potentialAction\":[{\"@type\":\"ReadAction\",\"target\":[\"https:\\\/\\\/www.veltec.eu\\\/nl\\\/privacybeleid\\\/\"]}]},{\"@type\":\"BreadcrumbList\",\"@id\":\"https:\\\/\\\/www.veltec.eu\\\/nl\\\/privacybeleid\\\/#breadcrumb\",\"itemListElement\":[{\"@type\":\"ListItem\",\"position\":1,\"name\":\"Home\",\"item\":\"https:\\\/\\\/www.veltec.eu\\\/fr\\\/\"},{\"@type\":\"ListItem\",\"position\":2,\"name\":\"Politique de confidentialit\u00e9\"}]},{\"@type\":\"WebSite\",\"@id\":\"https:\\\/\\\/www.veltec.eu\\\/en\\\/#website\",\"url\":\"https:\\\/\\\/www.veltec.eu\\\/en\\\/\",\"name\":\"Veltec Kirby specialist\",\"description\":\"Kirby stofzuiger producten\",\"publisher\":{\"@id\":\"https:\\\/\\\/www.veltec.eu\\\/en\\\/#organization\"},\"potentialAction\":[{\"@type\":\"SearchAction\",\"target\":{\"@type\":\"EntryPoint\",\"urlTemplate\":\"https:\\\/\\\/www.veltec.eu\\\/en\\\/?s={search_term_string}\"},\"query-input\":{\"@type\":\"PropertyValueSpecification\",\"valueRequired\":true,\"valueName\":\"search_term_string\"}}],\"inLanguage\":\"fr-FR\"},{\"@type\":\"Organization\",\"@id\":\"https:\\\/\\\/www.veltec.eu\\\/en\\\/#organization\",\"name\":\"Veltec Kirby Specialist\",\"url\":\"https:\\\/\\\/www.veltec.eu\\\/en\\\/\",\"logo\":{\"@type\":\"ImageObject\",\"inLanguage\":\"fr-FR\",\"@id\":\"https:\\\/\\\/www.veltec.eu\\\/en\\\/#\\\/schema\\\/logo\\\/image\\\/\",\"url\":\"https:\\\/\\\/www.veltec.eu\\\/wp-content\\\/uploads\\\/2021\\\/12\\\/Veltec-log-groot-e1537260889125.png\",\"contentUrl\":\"https:\\\/\\\/www.veltec.eu\\\/wp-content\\\/uploads\\\/2021\\\/12\\\/Veltec-log-groot-e1537260889125.png\",\"width\":200,\"height\":60,\"caption\":\"Veltec Kirby Specialist\"},\"image\":{\"@id\":\"https:\\\/\\\/www.veltec.eu\\\/en\\\/#\\\/schema\\\/logo\\\/image\\\/\"},\"sameAs\":[\"https:\\\/\\\/www.facebook.com\\\/Veltec-Kirby-Specialist-236746293374877\\\/\",\"https:\\\/\\\/www.youtube.com\\\/user\\\/VeltecService\"]}]}<\/script>\n<!-- \/ Yoast SEO Premium plugin. -->","yoast_head_json":{"title":"Politique de confidentialit\u00e9 - Veltec Kirby specialist","description":"Politique de confidentialit\u00e9 - Toutes les conditions relatives \u00e0 la protection de la vie priv\u00e9e sur le site du sp\u00e9cialiste Veltec Kirby.","robots":{"index":"index","follow":"follow","max-snippet":"max-snippet:-1","max-image-preview":"max-image-preview:large","max-video-preview":"max-video-preview:-1"},"canonical":"https:\/\/www.veltec.eu\/nl\/privacybeleid\/","og_locale":"fr_FR","og_type":"article","og_title":"Politique de confidentialit\u00e9","og_url":"https:\/\/www.veltec.eu\/nl\/privacybeleid\/","og_site_name":"Veltec Kirby specialist","article_publisher":"https:\/\/www.facebook.com\/Veltec-Kirby-Specialist-236746293374877\/","article_modified_time":"2024-05-06T10:20:15+00:00","twitter_card":"summary_large_image","twitter_misc":{"Dur\u00e9e de lecture estim\u00e9e":"7 minutes"},"schema":{"@context":"https:\/\/schema.org","@graph":[{"@type":"WebPage","@id":"https:\/\/www.veltec.eu\/nl\/privacybeleid\/","url":"https:\/\/www.veltec.eu\/nl\/privacybeleid\/","name":"Politique de confidentialit\u00e9 - Veltec Kirby specialist","isPartOf":{"@id":"https:\/\/www.veltec.eu\/en\/#website"},"datePublished":"2018-10-05T12:27:57+00:00","dateModified":"2024-05-06T10:20:15+00:00","description":"Politique de confidentialit\u00e9 - Toutes les conditions relatives \u00e0 la protection de la vie priv\u00e9e sur le site du sp\u00e9cialiste Veltec Kirby.","breadcrumb":{"@id":"https:\/\/www.veltec.eu\/nl\/privacybeleid\/#breadcrumb"},"inLanguage":"fr-FR","potentialAction":[{"@type":"ReadAction","target":["https:\/\/www.veltec.eu\/nl\/privacybeleid\/"]}]},{"@type":"BreadcrumbList","@id":"https:\/\/www.veltec.eu\/nl\/privacybeleid\/#breadcrumb","itemListElement":[{"@type":"ListItem","position":1,"name":"Home","item":"https:\/\/www.veltec.eu\/fr\/"},{"@type":"ListItem","position":2,"name":"Politique de confidentialit\u00e9"}]},{"@type":"WebSite","@id":"https:\/\/www.veltec.eu\/en\/#website","url":"https:\/\/www.veltec.eu\/en\/","name":"Veltec Kirby specialist","description":"Kirby stofzuiger producten","publisher":{"@id":"https:\/\/www.veltec.eu\/en\/#organization"},"potentialAction":[{"@type":"SearchAction","target":{"@type":"EntryPoint","urlTemplate":"https:\/\/www.veltec.eu\/en\/?s={search_term_string}"},"query-input":{"@type":"PropertyValueSpecification","valueRequired":true,"valueName":"search_term_string"}}],"inLanguage":"fr-FR"},{"@type":"Organization","@id":"https:\/\/www.veltec.eu\/en\/#organization","name":"Veltec Kirby Specialist","url":"https:\/\/www.veltec.eu\/en\/","logo":{"@type":"ImageObject","inLanguage":"fr-FR","@id":"https:\/\/www.veltec.eu\/en\/#\/schema\/logo\/image\/","url":"https:\/\/www.veltec.eu\/wp-content\/uploads\/2021\/12\/Veltec-log-groot-e1537260889125.png","contentUrl":"https:\/\/www.veltec.eu\/wp-content\/uploads\/2021\/12\/Veltec-log-groot-e1537260889125.png","width":200,"height":60,"caption":"Veltec Kirby Specialist"},"image":{"@id":"https:\/\/www.veltec.eu\/en\/#\/schema\/logo\/image\/"},"sameAs":["https:\/\/www.facebook.com\/Veltec-Kirby-Specialist-236746293374877\/","https:\/\/www.youtube.com\/user\/VeltecService"]}]}},"_links":{"self":[{"href":"https:\/\/www.veltec.eu\/fr\/wp-json\/wp\/v2\/pages\/3734","targetHints":{"allow":["GET"]}}],"collection":[{"href":"https:\/\/www.veltec.eu\/fr\/wp-json\/wp\/v2\/pages"}],"about":[{"href":"https:\/\/www.veltec.eu\/fr\/wp-json\/wp\/v2\/types\/page"}],"author":[{"embeddable":true,"href":"https:\/\/www.veltec.eu\/fr\/wp-json\/wp\/v2\/users\/1"}],"replies":[{"embeddable":true,"href":"https:\/\/www.veltec.eu\/fr\/wp-json\/wp\/v2\/comments?post=3734"}],"version-history":[{"count":0,"href":"https:\/\/www.veltec.eu\/fr\/wp-json\/wp\/v2\/pages\/3734\/revisions"}],"wp:attachment":[{"href":"https:\/\/www.veltec.eu\/fr\/wp-json\/wp\/v2\/media?parent=3734"}],"curies":[{"name":"wp","href":"https:\/\/api.w.org\/{rel}","templated":true}]}}