{"id":3727,"date":"2018-10-05T14:23:53","date_gmt":"2018-10-05T12:23:53","guid":{"rendered":"https:\/\/www.veltec.eu\/politique-de-retour\/"},"modified":"2023-12-13T18:10:35","modified_gmt":"2023-12-13T16:10:35","slug":"politique-de-retour","status":"publish","type":"page","link":"https:\/\/www.veltec.eu\/fr\/politique-de-retour\/","title":{"rendered":"Politique de retour"},"content":{"rendered":"\n<style type=\"text\/css\" data-created_by=\"avia_inline_auto\" id=\"style-css-av-9uxpx-24a82d43df3c26c45fb35d4e7e9a68c3\">\n.flex_column.av-9uxpx-24a82d43df3c26c45fb35d4e7e9a68c3{\nborder-radius:0px 0px 0px 0px;\npadding:0px 0px 0px 0px;\n}\n<\/style>\n<div  class='flex_column av-9uxpx-24a82d43df3c26c45fb35d4e7e9a68c3 av_one_fifth  avia-builder-el-0  el_before_av_four_fifth  avia-builder-el-first  first flex_column_div av-zero-column-padding  '     ><style type=\"text\/css\" data-created_by=\"avia_inline_auto\" id=\"style-css-av-jn39tm1r-0436aa48d75fc04529b763440e6edc3d\">\n.av_font_icon.av-jn39tm1r-0436aa48d75fc04529b763440e6edc3d{\ncolor:#6786a1;\nborder-color:#6786a1;\n}\n.avia-svg-icon.av-jn39tm1r-0436aa48d75fc04529b763440e6edc3d svg:first-child{\nstroke:#6786a1;\nfill:#6786a1;\n}\n.av_font_icon.av-jn39tm1r-0436aa48d75fc04529b763440e6edc3d .av-icon-char{\nfont-size:40px;\nline-height:40px;\nwidth:40px;\n}\n<\/style>\n<span  class='av_font_icon av-jn39tm1r-0436aa48d75fc04529b763440e6edc3d avia_animate_when_visible av-icon-style-border avia-icon-pos-left avia-iconfont avia-font-entypo-fontello avia-icon-animate'><span class='av-icon-char' data-av_icon='\ue891' data-av_iconfont='entypo-fontello' aria-hidden=\"true\" ><\/span><\/span><\/div>\n\n<style type=\"text\/css\" data-created_by=\"avia_inline_auto\" id=\"style-css-av-z0qt-53f6ea13528e2c4661c269cb63317c92\">\n.flex_column.av-z0qt-53f6ea13528e2c4661c269cb63317c92{\nborder-radius:0px 0px 0px 0px;\npadding:0px 0px 0px 0px;\n}\n<\/style>\n<div  class='flex_column av-z0qt-53f6ea13528e2c4661c269cb63317c92 av_four_fifth  avia-builder-el-2  el_after_av_one_fifth  el_before_av_one_full  flex_column_div av-zero-column-padding  '     ><section  class='av_textblock_section av-jmbr413g-1eb5c1b5de5c67641f7cf4dba23e26ef '   itemscope=\"itemscope\" itemtype=\"https:\/\/schema.org\/CreativeWork\" ><div class='avia_textblock'  itemprop=\"text\" ><h4 class=\"p1\"><strong>Politique de retour<\/strong><\/h4>\n<p class=\"p1\">Dans le cadre de la loi \u2018Achat \u00e0 distance\u2019 vous avez, apr\u00e8s avoir effectu\u00e9 des achats chez Veltec, droit \u00e0 une p\u00e9riode de r\u00e9flexion. En d&#8217;autres termes, lors de l&#8217;achat des produits, le client a la possibilit\u00e9 de r\u00e9silier le contrat sans donner de raisons, pendant au moins quatorze (14) jours ouvrables. Cette p\u00e9riode entre en vigueur le jour suivant la r\u00e9ception du produit par ou au nom du client.<\/p>\n<p class=\"p1\">Pendant cette p\u00e9riode, le client devra manipuler soigneusement le produit et l&#8217;emballage. Il ne d\u00e9ballera ni n\u2019utilisera le produit pour pouvoir \u00e9valuer s\u2019il d\u00e9sire garder ce dernier. S\u2019il fait usage de son droit de r\u00e9tractation, il renverra le produit avec tous les accessoires livr\u00e9s dans son \u00e9tat et son emballage d&#8217;origine \u00e0 Veltec, conform\u00e9ment aux instructions raisonnables et claires fournies par Veltec.<\/p>\n<h4>Le client<\/h4>\n<p class=\"p1\">Le client a le droit de renvoyer les affaires livr\u00e9es dans les quatorze (14) jours ouvrables apr\u00e8s r\u00e9ception, sans donner de raisons \u00e0 Veltec \u00e0 condition que:<\/p>\n<p class=\"p1\">a. Les retours soient pay\u00e9s par le client, les paquets insuffisamment timbr\u00e9s ne seront pas accept\u00e9s par <a href=\"https:\/\/www.veltec.eu\/fr\/\">Veltec<\/a>.<\/p>\n<p class=\"p1\">b. Le client soit lui-m\u00eame responsable de la mani\u00e8re avec laquelle l&#8217;exp\u00e9dition sera effectu\u00e9e et pour le risque concernant ce paquet\u00a0\u00a0&#8211; et cette responsabilit\u00e9 et ce risque en d\u00e9coulant seront accept\u00e9s par le client- jusqu&#8217;\u00e0 ce que Veltec r\u00e9ceptionne le paquet.<\/p>\n<p class=\"p1\">c. ATTENTION ! !! Les aspirateurs Kirby reconditionn\u00e9s ne peuvent pas \u00eatre repris ! !!).<br \/>\nCeci est d\u00fb au fait qu&#8217;ils sont reconditionn\u00e9s \u00e0 la demande de l&#8217;acheteur. Des heures de travail y sont consacr\u00e9es et des pi\u00e8ces de moteur neuves sont achet\u00e9es sp\u00e9cialement \u00e0 cet effet qui sont ensuite mont\u00e9es dans l&#8217;aspirateur Kirby command\u00e9. Une fois mont\u00e9s, ces produits ne peuvent pas \u00eatre d\u00e9mont\u00e9s. Il s&#8217;agit d&#8217;un service pleinement ex\u00e9cut\u00e9, ce qui signifie qu&#8217;avant de passer votre commande, vous avez explicitement accept\u00e9 de commencer le service et que celui-ci ne peut \u00eatre annul\u00e9 apr\u00e8s l&#8217;ex\u00e9cution compl\u00e8te de l&#8217;accord.<\/p>\n<p class=\"p1\">d. Les produits livr\u00e9s devront rester en bon \u00e9tat et dans leur emballage d&#8217;origine. (les emballages d&#8217;origine qui sont ouverts ne peuvent pas \u00eatre repris!)<\/p>\n<p class=\"p1\">La r\u00e9vocation compte comme une condition r\u00e9solutoire o\u00f9 le client a droit au remboursement de qui a d\u00e9j\u00e0 \u00e9t\u00e9 pay\u00e9.<\/p>\n<p><strong>Adresse de retour<\/strong><\/p>\n<p>Wanraaij 29M, 6673 DM, Andelst (Netherlands)<\/p>\n<\/div><\/section><\/div>\n<div  class='flex_column av-av_one_full-a93934ecd89fbb8a9566d39e89cd3725 av_one_full  avia-builder-el-4  el_after_av_four_fifth  avia-builder-el-last  first flex_column_div  '     ><section  class='av_textblock_section av-ky1bjr1l-d2975a11f22227b15b7019590daa701b '   itemscope=\"itemscope\" itemtype=\"https:\/\/schema.org\/CreativeWork\" ><div class='avia_textblock'  itemprop=\"text\" >\n<style type=\"text\/css\" data-created_by=\"avia_inline_auto\" id=\"style-css-av-6u01i-294e84c5e5ccbb05371eb2d59b098352\">\n#top .hr.hr-invisible.av-6u01i-294e84c5e5ccbb05371eb2d59b098352{\nheight:50px;\n}\n<\/style>\n<div  class='hr av-6u01i-294e84c5e5ccbb05371eb2d59b098352 hr-invisible  avia-builder-el-6  avia-builder-el-no-sibling '><span class='hr-inner '><span class=\"hr-inner-style\"><\/span><\/span><\/div>\n<p><img decoding=\"async\" class=\"aligncenter wp-image-44337 size-full\" src=\"https:\/\/www.veltec.eu\/wp-content\/uploads\/2021\/12\/Veltec-log-groot-e1537260889125.png\" alt=\"Politique de retour\" width=\"200\" height=\"60\" \/><\/p>\n<p><!-- TrustBox widget - Starter --><\/p>\n<div class=\"trustpilot-widget\" data-locale=\"fr-FR\" data-template-id=\"5613c9cde69ddc09340c6beb\" data-businessunit-id=\"4e1b158d00006400051028e4\" data-style-height=\"100%\" data-style-width=\"100%\" data-theme=\"light\"><a href=\"https:\/\/fr.trustpilot.com\/review\/www.veltec.eu\" target=\"_blank\" rel=\"noopener\"><img decoding=\"async\" class=\"aligncenter wp-image-55229 size-full\" src=\"https:\/\/www.veltec.eu\/wp-content\/uploads\/2023\/12\/FR.jpg\" alt=\"\" width=\"700\" height=\"64\" srcset=\"https:\/\/www.veltec.eu\/wp-content\/uploads\/2023\/12\/FR.jpg 700w, https:\/\/www.veltec.eu\/wp-content\/uploads\/2023\/12\/FR-300x27.jpg 300w, https:\/\/www.veltec.eu\/wp-content\/uploads\/2023\/12\/FR-450x41.jpg 450w, https:\/\/www.veltec.eu\/wp-content\/uploads\/2023\/12\/FR-600x55.jpg 600w, https:\/\/www.veltec.eu\/wp-content\/uploads\/2023\/12\/FR-190x17.jpg 190w\" sizes=\"(max-width: 700px) 100vw, 700px\" \/><\/a><\/div>\n<div style=\"text-align: center;\" data-locale=\"fr-FR\" data-template-id=\"5613c9cde69ddc09340c6beb\" data-businessunit-id=\"4e1b158d00006400051028e4\" data-style-height=\"100%\" data-style-width=\"100%\" data-theme=\"light\">Veltec est un important fournisseur des aspirateurs et accessoires haut de gamme Kirby.<\/div>\n<p><!-- End TrustBox widget --><\/p>\n<\/div><\/section><\/div>\n","protected":false},"excerpt":{"rendered":"","protected":false},"author":1,"featured_media":0,"parent":0,"menu_order":0,"comment_status":"closed","ping_status":"closed","template":"","meta":{"_acf_changed":false,"footnotes":""},"class_list":["post-3727","page","type-page","status-publish","hentry"],"acf":[],"yoast_head":"<!-- This site is optimized with the Yoast SEO Premium plugin v27.1 (Yoast SEO v27.4) - https:\/\/yoast.com\/product\/yoast-seo-premium-wordpress\/ -->\n<title>Politique de retour - Veltec Kirby specialist<\/title>\n<meta name=\"description\" content=\"Politique de retour. Veltec est un important fournisseur des aspirateurs et accessoires haut de gamme Kirby.\" \/>\n<meta name=\"robots\" content=\"index, follow, max-snippet:-1, max-image-preview:large, max-video-preview:-1\" \/>\n<link rel=\"canonical\" href=\"https:\/\/www.veltec.eu\/nl\/retourbeleid\/\" \/>\n<meta property=\"og:locale\" content=\"fr_FR\" \/>\n<meta property=\"og:type\" content=\"article\" \/>\n<meta property=\"og:title\" content=\"Politique de retour\" \/>\n<meta property=\"og:url\" content=\"https:\/\/www.veltec.eu\/nl\/retourbeleid\/\" \/>\n<meta property=\"og:site_name\" content=\"Veltec Kirby specialist\" \/>\n<meta property=\"article:publisher\" content=\"https:\/\/www.facebook.com\/Veltec-Kirby-Specialist-236746293374877\/\" \/>\n<meta property=\"article:modified_time\" content=\"2023-12-13T16:10:35+00:00\" \/>\n<meta property=\"og:image\" content=\"https:\/\/www.veltec.eu\/wp-content\/uploads\/2021\/12\/Veltec-log-groot-e1537260889125.png\" \/>\n<meta name=\"twitter:card\" content=\"summary_large_image\" \/>\n<meta name=\"twitter:label1\" content=\"Dur\u00e9e de lecture estim\u00e9e\" \/>\n\t<meta name=\"twitter:data1\" content=\"4 minutes\" \/>\n<script type=\"application\/ld+json\" class=\"yoast-schema-graph\">{\"@context\":\"https:\\\/\\\/schema.org\",\"@graph\":[{\"@type\":\"WebPage\",\"@id\":\"https:\\\/\\\/www.veltec.eu\\\/nl\\\/retourbeleid\\\/\",\"url\":\"https:\\\/\\\/www.veltec.eu\\\/nl\\\/retourbeleid\\\/\",\"name\":\"Politique de retour - Veltec Kirby specialist\",\"isPartOf\":{\"@id\":\"https:\\\/\\\/www.veltec.eu\\\/en\\\/#website\"},\"primaryImageOfPage\":{\"@id\":\"https:\\\/\\\/www.veltec.eu\\\/nl\\\/retourbeleid\\\/#primaryimage\"},\"image\":{\"@id\":\"https:\\\/\\\/www.veltec.eu\\\/nl\\\/retourbeleid\\\/#primaryimage\"},\"thumbnailUrl\":\"https:\\\/\\\/www.veltec.eu\\\/wp-content\\\/uploads\\\/2021\\\/12\\\/Veltec-log-groot-e1537260889125.png\",\"datePublished\":\"2018-10-05T12:23:53+00:00\",\"dateModified\":\"2023-12-13T16:10:35+00:00\",\"description\":\"Politique de retour. Veltec est un important fournisseur des aspirateurs et accessoires haut de gamme Kirby.\",\"breadcrumb\":{\"@id\":\"https:\\\/\\\/www.veltec.eu\\\/nl\\\/retourbeleid\\\/#breadcrumb\"},\"inLanguage\":\"fr-FR\",\"potentialAction\":[{\"@type\":\"ReadAction\",\"target\":[\"https:\\\/\\\/www.veltec.eu\\\/nl\\\/retourbeleid\\\/\"]}]},{\"@type\":\"ImageObject\",\"inLanguage\":\"fr-FR\",\"@id\":\"https:\\\/\\\/www.veltec.eu\\\/nl\\\/retourbeleid\\\/#primaryimage\",\"url\":\"https:\\\/\\\/www.veltec.eu\\\/wp-content\\\/uploads\\\/2021\\\/12\\\/Veltec-log-groot-e1537260889125.png\",\"contentUrl\":\"https:\\\/\\\/www.veltec.eu\\\/wp-content\\\/uploads\\\/2021\\\/12\\\/Veltec-log-groot-e1537260889125.png\"},{\"@type\":\"BreadcrumbList\",\"@id\":\"https:\\\/\\\/www.veltec.eu\\\/nl\\\/retourbeleid\\\/#breadcrumb\",\"itemListElement\":[{\"@type\":\"ListItem\",\"position\":1,\"name\":\"Home\",\"item\":\"https:\\\/\\\/www.veltec.eu\\\/fr\\\/accueil\\\/\"},{\"@type\":\"ListItem\",\"position\":2,\"name\":\"Politique de retour\"}]},{\"@type\":\"WebSite\",\"@id\":\"https:\\\/\\\/www.veltec.eu\\\/en\\\/#website\",\"url\":\"https:\\\/\\\/www.veltec.eu\\\/en\\\/\",\"name\":\"Veltec Kirby specialist\",\"description\":\"Kirby stofzuiger producten\",\"publisher\":{\"@id\":\"https:\\\/\\\/www.veltec.eu\\\/en\\\/#organization\"},\"potentialAction\":[{\"@type\":\"SearchAction\",\"target\":{\"@type\":\"EntryPoint\",\"urlTemplate\":\"https:\\\/\\\/www.veltec.eu\\\/en\\\/?s={search_term_string}\"},\"query-input\":{\"@type\":\"PropertyValueSpecification\",\"valueRequired\":true,\"valueName\":\"search_term_string\"}}],\"inLanguage\":\"fr-FR\"},{\"@type\":\"Organization\",\"@id\":\"https:\\\/\\\/www.veltec.eu\\\/en\\\/#organization\",\"name\":\"Veltec Kirby Specialist\",\"url\":\"https:\\\/\\\/www.veltec.eu\\\/en\\\/\",\"logo\":{\"@type\":\"ImageObject\",\"inLanguage\":\"fr-FR\",\"@id\":\"https:\\\/\\\/www.veltec.eu\\\/en\\\/#\\\/schema\\\/logo\\\/image\\\/\",\"url\":\"https:\\\/\\\/www.veltec.eu\\\/wp-content\\\/uploads\\\/2021\\\/12\\\/Veltec-log-groot-e1537260889125.png\",\"contentUrl\":\"https:\\\/\\\/www.veltec.eu\\\/wp-content\\\/uploads\\\/2021\\\/12\\\/Veltec-log-groot-e1537260889125.png\",\"width\":200,\"height\":60,\"caption\":\"Veltec Kirby Specialist\"},\"image\":{\"@id\":\"https:\\\/\\\/www.veltec.eu\\\/en\\\/#\\\/schema\\\/logo\\\/image\\\/\"},\"sameAs\":[\"https:\\\/\\\/www.facebook.com\\\/Veltec-Kirby-Specialist-236746293374877\\\/\",\"https:\\\/\\\/www.youtube.com\\\/user\\\/VeltecService\"]}]}<\/script>\n<!-- \/ Yoast SEO Premium plugin. -->","yoast_head_json":{"title":"Politique de retour - Veltec Kirby specialist","description":"Politique de retour. Veltec est un important fournisseur des aspirateurs et accessoires haut de gamme Kirby.","robots":{"index":"index","follow":"follow","max-snippet":"max-snippet:-1","max-image-preview":"max-image-preview:large","max-video-preview":"max-video-preview:-1"},"canonical":"https:\/\/www.veltec.eu\/nl\/retourbeleid\/","og_locale":"fr_FR","og_type":"article","og_title":"Politique de retour","og_url":"https:\/\/www.veltec.eu\/nl\/retourbeleid\/","og_site_name":"Veltec Kirby specialist","article_publisher":"https:\/\/www.facebook.com\/Veltec-Kirby-Specialist-236746293374877\/","article_modified_time":"2023-12-13T16:10:35+00:00","og_image":[{"url":"https:\/\/www.veltec.eu\/wp-content\/uploads\/2021\/12\/Veltec-log-groot-e1537260889125.png","type":"","width":"","height":""}],"twitter_card":"summary_large_image","twitter_misc":{"Dur\u00e9e de lecture estim\u00e9e":"4 minutes"},"schema":{"@context":"https:\/\/schema.org","@graph":[{"@type":"WebPage","@id":"https:\/\/www.veltec.eu\/nl\/retourbeleid\/","url":"https:\/\/www.veltec.eu\/nl\/retourbeleid\/","name":"Politique de retour - Veltec Kirby specialist","isPartOf":{"@id":"https:\/\/www.veltec.eu\/en\/#website"},"primaryImageOfPage":{"@id":"https:\/\/www.veltec.eu\/nl\/retourbeleid\/#primaryimage"},"image":{"@id":"https:\/\/www.veltec.eu\/nl\/retourbeleid\/#primaryimage"},"thumbnailUrl":"https:\/\/www.veltec.eu\/wp-content\/uploads\/2021\/12\/Veltec-log-groot-e1537260889125.png","datePublished":"2018-10-05T12:23:53+00:00","dateModified":"2023-12-13T16:10:35+00:00","description":"Politique de retour. Veltec est un important fournisseur des aspirateurs et accessoires haut de gamme Kirby.","breadcrumb":{"@id":"https:\/\/www.veltec.eu\/nl\/retourbeleid\/#breadcrumb"},"inLanguage":"fr-FR","potentialAction":[{"@type":"ReadAction","target":["https:\/\/www.veltec.eu\/nl\/retourbeleid\/"]}]},{"@type":"ImageObject","inLanguage":"fr-FR","@id":"https:\/\/www.veltec.eu\/nl\/retourbeleid\/#primaryimage","url":"https:\/\/www.veltec.eu\/wp-content\/uploads\/2021\/12\/Veltec-log-groot-e1537260889125.png","contentUrl":"https:\/\/www.veltec.eu\/wp-content\/uploads\/2021\/12\/Veltec-log-groot-e1537260889125.png"},{"@type":"BreadcrumbList","@id":"https:\/\/www.veltec.eu\/nl\/retourbeleid\/#breadcrumb","itemListElement":[{"@type":"ListItem","position":1,"name":"Home","item":"https:\/\/www.veltec.eu\/fr\/accueil\/"},{"@type":"ListItem","position":2,"name":"Politique de retour"}]},{"@type":"WebSite","@id":"https:\/\/www.veltec.eu\/en\/#website","url":"https:\/\/www.veltec.eu\/en\/","name":"Veltec Kirby specialist","description":"Kirby stofzuiger producten","publisher":{"@id":"https:\/\/www.veltec.eu\/en\/#organization"},"potentialAction":[{"@type":"SearchAction","target":{"@type":"EntryPoint","urlTemplate":"https:\/\/www.veltec.eu\/en\/?s={search_term_string}"},"query-input":{"@type":"PropertyValueSpecification","valueRequired":true,"valueName":"search_term_string"}}],"inLanguage":"fr-FR"},{"@type":"Organization","@id":"https:\/\/www.veltec.eu\/en\/#organization","name":"Veltec Kirby Specialist","url":"https:\/\/www.veltec.eu\/en\/","logo":{"@type":"ImageObject","inLanguage":"fr-FR","@id":"https:\/\/www.veltec.eu\/en\/#\/schema\/logo\/image\/","url":"https:\/\/www.veltec.eu\/wp-content\/uploads\/2021\/12\/Veltec-log-groot-e1537260889125.png","contentUrl":"https:\/\/www.veltec.eu\/wp-content\/uploads\/2021\/12\/Veltec-log-groot-e1537260889125.png","width":200,"height":60,"caption":"Veltec Kirby Specialist"},"image":{"@id":"https:\/\/www.veltec.eu\/en\/#\/schema\/logo\/image\/"},"sameAs":["https:\/\/www.facebook.com\/Veltec-Kirby-Specialist-236746293374877\/","https:\/\/www.youtube.com\/user\/VeltecService"]}]}},"_links":{"self":[{"href":"https:\/\/www.veltec.eu\/fr\/wp-json\/wp\/v2\/pages\/3727","targetHints":{"allow":["GET"]}}],"collection":[{"href":"https:\/\/www.veltec.eu\/fr\/wp-json\/wp\/v2\/pages"}],"about":[{"href":"https:\/\/www.veltec.eu\/fr\/wp-json\/wp\/v2\/types\/page"}],"author":[{"embeddable":true,"href":"https:\/\/www.veltec.eu\/fr\/wp-json\/wp\/v2\/users\/1"}],"replies":[{"embeddable":true,"href":"https:\/\/www.veltec.eu\/fr\/wp-json\/wp\/v2\/comments?post=3727"}],"version-history":[{"count":0,"href":"https:\/\/www.veltec.eu\/fr\/wp-json\/wp\/v2\/pages\/3727\/revisions"}],"wp:attachment":[{"href":"https:\/\/www.veltec.eu\/fr\/wp-json\/wp\/v2\/media?parent=3727"}],"curies":[{"name":"wp","href":"https:\/\/api.w.org\/{rel}","templated":true}]}}