{"id":3713,"date":"2018-10-05T14:12:55","date_gmt":"2018-10-05T12:12:55","guid":{"rendered":"https:\/\/www.veltec.eu\/service-clientele\/"},"modified":"2026-03-02T14:34:54","modified_gmt":"2026-03-02T12:34:54","slug":"service-clientele","status":"publish","type":"page","link":"https:\/\/www.veltec.eu\/fr\/service-clientele\/","title":{"rendered":"Service client\u00e8le"},"content":{"rendered":"\n<style type=\"text\/css\" data-created_by=\"avia_inline_auto\" id=\"style-css-av-7zxoi-9237fb34409ded3af3f5e8272d6b2973\">\n.flex_column.av-7zxoi-9237fb34409ded3af3f5e8272d6b2973{\nborder-radius:0px 0px 0px 0px;\npadding:0px 0px 0px 0px;\n}\n<\/style>\n<div  class='flex_column av-7zxoi-9237fb34409ded3af3f5e8272d6b2973 av_one_full  avia-builder-el-0  el_before_av_one_full  avia-builder-el-first  first flex_column_div av-zero-column-padding  '     ><style type=\"text\/css\" data-created_by=\"avia_inline_auto\" id=\"style-css-av-jn2rdjta-e764d9ff2e6d6a2ae455ef71f79cf178\">\n.avia-image-container.av-jn2rdjta-e764d9ff2e6d6a2ae455ef71f79cf178 img.avia_image{\nbox-shadow:none;\n}\n.avia-image-container.av-jn2rdjta-e764d9ff2e6d6a2ae455ef71f79cf178 .av-caption-image-overlay-bg{\nopacity:0.4;\nbackground-color:#6786a1;\n}\n.avia-image-container.av-jn2rdjta-e764d9ff2e6d6a2ae455ef71f79cf178 .av-image-caption-overlay-center{\ncolor:#ffffff;\n}\n<\/style>\n<div  class='avia-image-container av-jn2rdjta-e764d9ff2e6d6a2ae455ef71f79cf178 av-styling- avia-align-center  avia-builder-el-1  avia-builder-el-no-sibling  noHover av-overlay-hover-deactivate'   itemprop=\"image\" itemscope=\"itemscope\" itemtype=\"https:\/\/schema.org\/ImageObject\" ><div class=\"avia-image-container-inner\"><div class=\"avia-image-overlay-wrap\"><div class=\"av-image-caption-overlay\"><div class=\"av-caption-image-overlay-bg\"><\/div><div class=\"av-image-caption-overlay-position\"><div class=\"av-image-caption-overlay-center\"><\/div><\/div><\/div><img decoding=\"async\" fetchpriority=\"high\" class='wp-image- avia-img-lazy-loading-not- avia_image ' src=\"https:\/\/www.veltec.eu\/wp-content\/uploads\/2018\/09\/hero_customer_services_3.jpg\" alt='' title='service client\u00e8le'   itemprop=\"thumbnailUrl\"  \/><\/div><\/div><\/div><\/div>\n\n<style type=\"text\/css\" data-created_by=\"avia_inline_auto\" id=\"style-css-av-9dtz6-1a9e29acae5b2e09e007b82897f3e1c4\">\n.flex_column.av-9dtz6-1a9e29acae5b2e09e007b82897f3e1c4{\nborder-radius:0px 0px 0px 0px;\npadding:0px 0px 0px 0px;\n}\n<\/style>\n<div  class='flex_column av-9dtz6-1a9e29acae5b2e09e007b82897f3e1c4 av_one_full  avia-builder-el-2  el_after_av_one_full  el_before_av_one_fifth  first flex_column_div av-zero-column-padding  column-top-margin'     ><section  class='av_textblock_section av-jmbr3ff1-71fd9b974755d908fb1aa5f583c0366e '   itemscope=\"itemscope\" itemtype=\"https:\/\/schema.org\/CreativeWork\" ><div class='avia_textblock'  itemprop=\"text\" ><h2>Service client\u00e8le Veltec Kirby Specialist<\/h2>\n<p>Vous pouvez joindre le service-client\u00e8le de Veltec Kirby de deux mani\u00e8res:<br \/>\nPar t\u00e9l\u00e9phone au num\u00e9ro\u00a00031-36 260 00 61\u00a0ou en envoyant un courriel \u00e0 email.<\/p>\n<div class=\"\"><span class=\"\">Veltec Kirby specialist<\/span><\/div>\n<div class=\"\"><span class=\"\">Wanraaij 29 M<\/span><\/div>\n<div class=\"\"><span class=\"\">6673 DM ANDELST<\/span><\/div>\n<div class=\"\"><span class=\"\">Netherlands<\/span><\/div>\n<p>Le service d&#8217;assistance t\u00e9l\u00e9phonique est joignable aux heures suivantes:Nous nous effor\u00e7ons de r\u00e9pondre \u00e0 votre e-mail en l&#8217;espace d&#8217;une journ\u00e9e de travail.<br \/>\nNous parlent seulement anglais.<\/p>\n<h4><strong>Vous pouvez nous appeler et nous envoyer des courriels sur les sujets suivants:<\/strong><\/h4>\n<ul>\n<li><strong>Commande<\/strong>\u00a0: pour toute question sur la proc\u00e9dure de commande, sur un certain article ou pour annuler une commande.<\/li>\n<li><strong>Livraison<\/strong>\u00a0: pour toute question sur des d\u00e9lais de livraison ou les frais d&#8217;envoi.<\/li>\n<li><strong>Paiement<\/strong>\u00a0: pour toute question sur les modes de paiement ou une erreur de facturation.<\/li>\n<li><strong>Garantie<\/strong>\u00a0: pour toute question sur les conditions de garantie<\/li>\n<li><strong>Retours<\/strong>\u00a0: \u00a0pour toute question sur les retours de produits, un produit livr\u00e9 incorrectement ou livr\u00e9 endommag\u00e9.<\/li>\n<li><strong>Assistance:\u00a0<\/strong>au choix du produit ou informations sur nos produits<\/li>\n<\/ul>\n<\/div><\/section><\/div>\n\n<style type=\"text\/css\" data-created_by=\"avia_inline_auto\" id=\"style-css-av-gqa1e-223fcada78285c204eba15a49b23dd00\">\n.flex_column.av-gqa1e-223fcada78285c204eba15a49b23dd00{\nborder-radius:0px 0px 0px 0px;\npadding:0px 0px 0px 0px;\n}\n<\/style>\n<div  class='flex_column av-gqa1e-223fcada78285c204eba15a49b23dd00 av_one_fifth  avia-builder-el-4  el_after_av_one_full  el_before_av_four_fifth  first flex_column_div av-zero-column-padding  column-top-margin'     ><style type=\"text\/css\" data-created_by=\"avia_inline_auto\" id=\"style-css-av-jn3anh3w-623bce81d3d498d010134b0678b9fe01\">\n.av_font_icon.av-jn3anh3w-623bce81d3d498d010134b0678b9fe01{\ncolor:#6786a1;\nborder-color:#6786a1;\n}\n.avia-svg-icon.av-jn3anh3w-623bce81d3d498d010134b0678b9fe01 svg:first-child{\nstroke:#6786a1;\nfill:#6786a1;\n}\n.av_font_icon.av-jn3anh3w-623bce81d3d498d010134b0678b9fe01 .av-icon-char{\nfont-size:40px;\nline-height:40px;\nwidth:40px;\n}\n<\/style>\n<span  class='av_font_icon av-jn3anh3w-623bce81d3d498d010134b0678b9fe01 avia_animate_when_visible av-icon-style-border avia-icon-pos-right avia-iconfont avia-font-entypo-fontello'><span class='av-icon-char' data-av_icon='\ue854' data-av_iconfont='entypo-fontello' aria-hidden=\"true\" ><\/span><\/span><\/div>\n\n<style type=\"text\/css\" data-created_by=\"avia_inline_auto\" id=\"style-css-av-9ybmq-735723168ec1b63139f20fa9e3e5d66d\">\n.flex_column.av-9ybmq-735723168ec1b63139f20fa9e3e5d66d{\nborder-radius:0px 0px 0px 0px;\npadding:0px 0px 0px 0px;\n}\n<\/style>\n<div  class='flex_column av-9ybmq-735723168ec1b63139f20fa9e3e5d66d av_four_fifth  avia-builder-el-6  el_after_av_one_fifth  el_before_av_one_full  flex_column_div av-zero-column-padding  column-top-margin'     ><section  class='av_textblock_section av-jn3amtzv-53739c77c534023f4c3153a9fd5104a3 '   itemscope=\"itemscope\" itemtype=\"https:\/\/schema.org\/CreativeWork\" ><div class='avia_textblock'  itemprop=\"text\" ><p>Service client\u00e8le: \u00a0 <strong>\u00a0\u00a0\u00a0\u00a0 +31 (0)36 260 00 61\u00a0<\/strong><br \/>\nService technique:<strong>\u00a0\u00a0\u00a0\u00a0 +31 (0)36 540 20 40<\/strong><\/p>\n<p>E-mail:\u00a0\u00a0\u00a0\u00a0\u00a0\u00a0\u00a0\u00a0\u00a0\u00a0\u00a0\u00a0\u00a0\u00a0\u00a0\u00a0\u00a0\u00a0\u00a0\u00a0\u00a0 <strong><a href=\"mailto:info@veltec.eu\">info@veltec.eu<\/a><\/strong><\/p>\n<\/div><\/section><\/div>\n\n<style type=\"text\/css\" data-created_by=\"avia_inline_auto\" id=\"style-css-av-8ps8i-a4b47fbe51ea1572303b44b9b389825e\">\n.flex_column.av-8ps8i-a4b47fbe51ea1572303b44b9b389825e{\nborder-radius:0px 0px 0px 0px;\npadding:0px 0px 0px 0px;\n}\n<\/style>\n<div  class='flex_column av-8ps8i-a4b47fbe51ea1572303b44b9b389825e av_one_full  avia-builder-el-8  el_after_av_four_fifth  el_before_av_one_fifth  first flex_column_div av-zero-column-padding  '     ><\/div>\n\n<style type=\"text\/css\" data-created_by=\"avia_inline_auto\" id=\"style-css-av-gqa1e-223fcada78285c204eba15a49b23dd00\">\n.flex_column.av-gqa1e-223fcada78285c204eba15a49b23dd00{\nborder-radius:0px 0px 0px 0px;\npadding:0px 0px 0px 0px;\n}\n<\/style>\n<div  class='flex_column av-gqa1e-223fcada78285c204eba15a49b23dd00 av_one_fifth  avia-builder-el-9  el_after_av_one_full  el_before_av_four_fifth  first flex_column_div av-zero-column-padding  column-top-margin'     ><style type=\"text\/css\" data-created_by=\"avia_inline_auto\" id=\"style-css-av-jn3anh3w-fd83ccacdd58b37c45d6939fab3ea051\">\n.av_font_icon.av-jn3anh3w-fd83ccacdd58b37c45d6939fab3ea051{\ncolor:#6786a1;\nborder-color:#6786a1;\n}\n.avia-svg-icon.av-jn3anh3w-fd83ccacdd58b37c45d6939fab3ea051 svg:first-child{\nstroke:#6786a1;\nfill:#6786a1;\n}\n.av_font_icon.av-jn3anh3w-fd83ccacdd58b37c45d6939fab3ea051 .av-icon-char{\nfont-size:40px;\nline-height:40px;\nwidth:40px;\n}\n<\/style>\n<span  class='av_font_icon av-jn3anh3w-fd83ccacdd58b37c45d6939fab3ea051 avia_animate_when_visible av-icon-style-border avia-icon-pos-right avia-iconfont avia-font-entypo-fontello'><span class='av-icon-char' data-av_icon='\ue821' data-av_iconfont='entypo-fontello' aria-hidden=\"true\" ><\/span><\/span><\/div>\n\n<style type=\"text\/css\" data-created_by=\"avia_inline_auto\" id=\"style-css-av-9ybmq-735723168ec1b63139f20fa9e3e5d66d\">\n.flex_column.av-9ybmq-735723168ec1b63139f20fa9e3e5d66d{\nborder-radius:0px 0px 0px 0px;\npadding:0px 0px 0px 0px;\n}\n<\/style>\n<div  class='flex_column av-9ybmq-735723168ec1b63139f20fa9e3e5d66d av_four_fifth  avia-builder-el-11  el_after_av_one_fifth  el_before_av_hr  flex_column_div av-zero-column-padding  column-top-margin'     ><section  class='av_textblock_section av-jn3amtzv-8d8ef57d1acdd943f918a97d6d4dc495 '   itemscope=\"itemscope\" itemtype=\"https:\/\/schema.org\/CreativeWork\" ><div class='avia_textblock'  itemprop=\"text\" ><div class=\"\"><span class=\"\">Veltec Kirby specialist<\/span><\/div>\n<div class=\"\"><span class=\"\">Wanraaij 29 M<\/span><\/div>\n<div class=\"\"><span class=\"\">6673 DM ANDELST<\/span><\/div>\n<div class=\"\"><span class=\"\">Netherlands<\/span><\/div>\n<\/div><\/section><\/div>\n<div  class='hr av-av_hr-91d7ccd583a503147498e120fee2ff9b hr-default  avia-builder-el-13  el_after_av_four_fifth  el_before_av_textblock '><span class='hr-inner '><span class=\"hr-inner-style\"><\/span><\/span><\/div>\n<section  class='av_textblock_section av-ky07gg02-30dc7361cf19efcb7574211f2da6a3cd '   itemscope=\"itemscope\" itemtype=\"https:\/\/schema.org\/CreativeWork\" ><div class='avia_textblock'  itemprop=\"text\" ><p>Veltec est un important fournisseur des aspirateurs et accessoires haut de gamme Kirby. Nous fournissons\u00a0<a href=\"https:\/\/www.veltec.eu\/fr\/aspirateurs-kirby\/\">les aspirateurs Kirby<\/a>\u00a0aux particuliers et aux entreprises depuis plus de 20 ans. Notre boutique en ligne pour aspirateur Kirby concerne tous les aspirateurs Kirby originaux et r\u00e9vis\u00e9s et leurs accessoires. Notre boutique en ligne pour aspirateur Kirby a plus de 180 produits d\u2019origine pour aspirateurs Kirby en stock. Par cons\u00e9quent. Les sacs d\u2019aspirateur. Les aspirateurs Kirby professionnels Et les pi\u00e8ces d\u00e9tach\u00e9s d\u2019origine Kirby. Ne sont plus qu\u2019\u00e0 quelques clics de souris. Nous vous proposons \u00e9galement un service suppl\u00e9mentaire. Les vid\u00e9os d\u2019instruction Veltec Kirby qui vous seront tr\u00e8s utiles. L\u2019achat de tous les produits est tr\u00e8s facile dans notre boutique en ligne. SI vous commandez votre produit Kirby aujourd\u2019hui, il sera livr\u00e9 dans les 3 jours ouvrables.<\/p>\n\n<style type=\"text\/css\" data-created_by=\"avia_inline_auto\" id=\"style-css-av-6u01i-294e84c5e5ccbb05371eb2d59b098352\">\n#top .hr.hr-invisible.av-6u01i-294e84c5e5ccbb05371eb2d59b098352{\nheight:50px;\n}\n<\/style>\n<div  class='hr av-6u01i-294e84c5e5ccbb05371eb2d59b098352 hr-invisible  avia-builder-el-15  avia-builder-el-no-sibling '><span class='hr-inner '><span class=\"hr-inner-style\"><\/span><\/span><\/div>\n<p><img decoding=\"async\" class=\"aligncenter wp-image-44337 size-full\" src=\"https:\/\/www.veltec.eu\/wp-content\/uploads\/2021\/12\/Veltec-log-groot-e1537260889125.png\" alt=\"service client\u00e8le\" width=\"200\" height=\"60\" \/><br \/>\n<!-- TrustBox widget - Starter --><\/p>\n<div class=\"trustpilot-widget\" data-locale=\"fr-FR\" data-template-id=\"5613c9cde69ddc09340c6beb\" data-businessunit-id=\"4e1b158d00006400051028e4\" data-style-height=\"100%\" data-style-width=\"100%\" data-theme=\"light\"><a href=\"https:\/\/fr.trustpilot.com\/review\/www.veltec.eu\" target=\"_blank\" rel=\"noopener noreferrer\">Trustpilot<\/a><\/div>\n<p><!-- End TrustBox widget --><\/p>\n<\/div><\/section>\n","protected":false},"excerpt":{"rendered":"","protected":false},"author":1,"featured_media":0,"parent":0,"menu_order":0,"comment_status":"closed","ping_status":"closed","template":"","meta":{"footnotes":""},"class_list":["post-3713","page","type-page","status-publish","hentry"],"yoast_head":"<!-- This site is optimized with the Yoast SEO Premium plugin v27.1 (Yoast SEO v27.2) - https:\/\/yoast.com\/product\/yoast-seo-premium-wordpress\/ -->\n<title>Service client\u00e8le - Veltec Kirby specialist<\/title>\n<meta name=\"description\" content=\"Vous avez une question ? Quelque chose ne r\u00e9pond pas \u00e0 vos attentes ? Ou si vous avez besoin d&#039;aide, utilisez notre service client\u00e8le.\" \/>\n<meta name=\"robots\" content=\"index, follow, max-snippet:-1, max-image-preview:large, max-video-preview:-1\" \/>\n<link rel=\"canonical\" href=\"https:\/\/www.veltec.eu\/nl\/klantenservice\/\" \/>\n<meta property=\"og:locale\" content=\"fr_FR\" \/>\n<meta property=\"og:type\" content=\"article\" \/>\n<meta property=\"og:title\" content=\"Service client\u00e8le\" \/>\n<meta property=\"og:url\" content=\"https:\/\/www.veltec.eu\/nl\/klantenservice\/\" \/>\n<meta property=\"og:site_name\" content=\"Veltec Kirby specialist\" \/>\n<meta property=\"article:publisher\" content=\"https:\/\/www.facebook.com\/Veltec-Kirby-Specialist-236746293374877\/\" \/>\n<meta property=\"article:modified_time\" content=\"2026-03-02T12:34:54+00:00\" \/>\n<meta property=\"og:image\" content=\"https:\/\/www.veltec.eu\/wp-content\/uploads\/2021\/12\/Veltec-log-groot-e1537260889125.png\" \/>\n<meta name=\"twitter:card\" content=\"summary_large_image\" \/>\n<meta name=\"twitter:label1\" content=\"Dur\u00e9e de lecture estim\u00e9e\" \/>\n\t<meta name=\"twitter:data1\" content=\"3 minutes\" \/>\n<script type=\"application\/ld+json\" class=\"yoast-schema-graph\">{\"@context\":\"https:\/\/schema.org\",\"@graph\":[{\"@type\":\"WebPage\",\"@id\":\"https:\/\/www.veltec.eu\/nl\/klantenservice\/\",\"url\":\"https:\/\/www.veltec.eu\/nl\/klantenservice\/\",\"name\":\"Service client\u00e8le - Veltec Kirby specialist\",\"isPartOf\":{\"@id\":\"https:\/\/www.veltec.eu\/en\/#website\"},\"primaryImageOfPage\":{\"@id\":\"https:\/\/www.veltec.eu\/nl\/klantenservice\/#primaryimage\"},\"image\":{\"@id\":\"https:\/\/www.veltec.eu\/nl\/klantenservice\/#primaryimage\"},\"thumbnailUrl\":\"https:\/\/www.veltec.eu\/wp-content\/uploads\/2021\/12\/Veltec-log-groot-e1537260889125.png\",\"datePublished\":\"2018-10-05T12:12:55+00:00\",\"dateModified\":\"2026-03-02T12:34:54+00:00\",\"description\":\"Vous avez une question ? Quelque chose ne r\u00e9pond pas \u00e0 vos attentes ? Ou si vous avez besoin d'aide, utilisez notre service client\u00e8le.\",\"breadcrumb\":{\"@id\":\"https:\/\/www.veltec.eu\/nl\/klantenservice\/#breadcrumb\"},\"inLanguage\":\"fr-FR\",\"potentialAction\":[{\"@type\":\"ReadAction\",\"target\":[\"https:\/\/www.veltec.eu\/nl\/klantenservice\/\"]}]},{\"@type\":\"ImageObject\",\"inLanguage\":\"fr-FR\",\"@id\":\"https:\/\/www.veltec.eu\/nl\/klantenservice\/#primaryimage\",\"url\":\"https:\/\/www.veltec.eu\/wp-content\/uploads\/2021\/12\/Veltec-log-groot-e1537260889125.png\",\"contentUrl\":\"https:\/\/www.veltec.eu\/wp-content\/uploads\/2021\/12\/Veltec-log-groot-e1537260889125.png\"},{\"@type\":\"BreadcrumbList\",\"@id\":\"https:\/\/www.veltec.eu\/nl\/klantenservice\/#breadcrumb\",\"itemListElement\":[{\"@type\":\"ListItem\",\"position\":1,\"name\":\"Home\",\"item\":\"https:\/\/www.veltec.eu\/fr\/\"},{\"@type\":\"ListItem\",\"position\":2,\"name\":\"Service client\u00e8le\"}]},{\"@type\":\"WebSite\",\"@id\":\"https:\/\/www.veltec.eu\/en\/#website\",\"url\":\"https:\/\/www.veltec.eu\/en\/\",\"name\":\"Veltec Kirby specialist\",\"description\":\"Kirby stofzuiger producten\",\"publisher\":{\"@id\":\"https:\/\/www.veltec.eu\/en\/#organization\"},\"potentialAction\":[{\"@type\":\"SearchAction\",\"target\":{\"@type\":\"EntryPoint\",\"urlTemplate\":\"https:\/\/www.veltec.eu\/en\/?s={search_term_string}\"},\"query-input\":{\"@type\":\"PropertyValueSpecification\",\"valueRequired\":true,\"valueName\":\"search_term_string\"}}],\"inLanguage\":\"fr-FR\"},{\"@type\":\"Organization\",\"@id\":\"https:\/\/www.veltec.eu\/en\/#organization\",\"name\":\"Veltec Kirby Specialist\",\"url\":\"https:\/\/www.veltec.eu\/en\/\",\"logo\":{\"@type\":\"ImageObject\",\"inLanguage\":\"fr-FR\",\"@id\":\"https:\/\/www.veltec.eu\/en\/#\/schema\/logo\/image\/\",\"url\":\"https:\/\/www.veltec.eu\/wp-content\/uploads\/2021\/12\/Veltec-log-groot-e1537260889125.png\",\"contentUrl\":\"https:\/\/www.veltec.eu\/wp-content\/uploads\/2021\/12\/Veltec-log-groot-e1537260889125.png\",\"width\":200,\"height\":60,\"caption\":\"Veltec Kirby Specialist\"},\"image\":{\"@id\":\"https:\/\/www.veltec.eu\/en\/#\/schema\/logo\/image\/\"},\"sameAs\":[\"https:\/\/www.facebook.com\/Veltec-Kirby-Specialist-236746293374877\/\",\"https:\/\/www.youtube.com\/user\/VeltecService\"]}]}<\/script>\n<!-- \/ Yoast SEO Premium plugin. -->","yoast_head_json":{"title":"Service client\u00e8le - Veltec Kirby specialist","description":"Vous avez une question ? Quelque chose ne r\u00e9pond pas \u00e0 vos attentes ? Ou si vous avez besoin d'aide, utilisez notre service client\u00e8le.","robots":{"index":"index","follow":"follow","max-snippet":"max-snippet:-1","max-image-preview":"max-image-preview:large","max-video-preview":"max-video-preview:-1"},"canonical":"https:\/\/www.veltec.eu\/nl\/klantenservice\/","og_locale":"fr_FR","og_type":"article","og_title":"Service client\u00e8le","og_url":"https:\/\/www.veltec.eu\/nl\/klantenservice\/","og_site_name":"Veltec Kirby specialist","article_publisher":"https:\/\/www.facebook.com\/Veltec-Kirby-Specialist-236746293374877\/","article_modified_time":"2026-03-02T12:34:54+00:00","og_image":[{"url":"https:\/\/www.veltec.eu\/wp-content\/uploads\/2021\/12\/Veltec-log-groot-e1537260889125.png","type":"","width":"","height":""}],"twitter_card":"summary_large_image","twitter_misc":{"Dur\u00e9e de lecture estim\u00e9e":"3 minutes"},"schema":{"@context":"https:\/\/schema.org","@graph":[{"@type":"WebPage","@id":"https:\/\/www.veltec.eu\/nl\/klantenservice\/","url":"https:\/\/www.veltec.eu\/nl\/klantenservice\/","name":"Service client\u00e8le - Veltec Kirby specialist","isPartOf":{"@id":"https:\/\/www.veltec.eu\/en\/#website"},"primaryImageOfPage":{"@id":"https:\/\/www.veltec.eu\/nl\/klantenservice\/#primaryimage"},"image":{"@id":"https:\/\/www.veltec.eu\/nl\/klantenservice\/#primaryimage"},"thumbnailUrl":"https:\/\/www.veltec.eu\/wp-content\/uploads\/2021\/12\/Veltec-log-groot-e1537260889125.png","datePublished":"2018-10-05T12:12:55+00:00","dateModified":"2026-03-02T12:34:54+00:00","description":"Vous avez une question ? Quelque chose ne r\u00e9pond pas \u00e0 vos attentes ? Ou si vous avez besoin d'aide, utilisez notre service client\u00e8le.","breadcrumb":{"@id":"https:\/\/www.veltec.eu\/nl\/klantenservice\/#breadcrumb"},"inLanguage":"fr-FR","potentialAction":[{"@type":"ReadAction","target":["https:\/\/www.veltec.eu\/nl\/klantenservice\/"]}]},{"@type":"ImageObject","inLanguage":"fr-FR","@id":"https:\/\/www.veltec.eu\/nl\/klantenservice\/#primaryimage","url":"https:\/\/www.veltec.eu\/wp-content\/uploads\/2021\/12\/Veltec-log-groot-e1537260889125.png","contentUrl":"https:\/\/www.veltec.eu\/wp-content\/uploads\/2021\/12\/Veltec-log-groot-e1537260889125.png"},{"@type":"BreadcrumbList","@id":"https:\/\/www.veltec.eu\/nl\/klantenservice\/#breadcrumb","itemListElement":[{"@type":"ListItem","position":1,"name":"Home","item":"https:\/\/www.veltec.eu\/fr\/"},{"@type":"ListItem","position":2,"name":"Service client\u00e8le"}]},{"@type":"WebSite","@id":"https:\/\/www.veltec.eu\/en\/#website","url":"https:\/\/www.veltec.eu\/en\/","name":"Veltec Kirby specialist","description":"Kirby stofzuiger producten","publisher":{"@id":"https:\/\/www.veltec.eu\/en\/#organization"},"potentialAction":[{"@type":"SearchAction","target":{"@type":"EntryPoint","urlTemplate":"https:\/\/www.veltec.eu\/en\/?s={search_term_string}"},"query-input":{"@type":"PropertyValueSpecification","valueRequired":true,"valueName":"search_term_string"}}],"inLanguage":"fr-FR"},{"@type":"Organization","@id":"https:\/\/www.veltec.eu\/en\/#organization","name":"Veltec Kirby Specialist","url":"https:\/\/www.veltec.eu\/en\/","logo":{"@type":"ImageObject","inLanguage":"fr-FR","@id":"https:\/\/www.veltec.eu\/en\/#\/schema\/logo\/image\/","url":"https:\/\/www.veltec.eu\/wp-content\/uploads\/2021\/12\/Veltec-log-groot-e1537260889125.png","contentUrl":"https:\/\/www.veltec.eu\/wp-content\/uploads\/2021\/12\/Veltec-log-groot-e1537260889125.png","width":200,"height":60,"caption":"Veltec Kirby Specialist"},"image":{"@id":"https:\/\/www.veltec.eu\/en\/#\/schema\/logo\/image\/"},"sameAs":["https:\/\/www.facebook.com\/Veltec-Kirby-Specialist-236746293374877\/","https:\/\/www.youtube.com\/user\/VeltecService"]}]}},"_links":{"self":[{"href":"https:\/\/www.veltec.eu\/fr\/wp-json\/wp\/v2\/pages\/3713","targetHints":{"allow":["GET"]}}],"collection":[{"href":"https:\/\/www.veltec.eu\/fr\/wp-json\/wp\/v2\/pages"}],"about":[{"href":"https:\/\/www.veltec.eu\/fr\/wp-json\/wp\/v2\/types\/page"}],"author":[{"embeddable":true,"href":"https:\/\/www.veltec.eu\/fr\/wp-json\/wp\/v2\/users\/1"}],"replies":[{"embeddable":true,"href":"https:\/\/www.veltec.eu\/fr\/wp-json\/wp\/v2\/comments?post=3713"}],"version-history":[{"count":2,"href":"https:\/\/www.veltec.eu\/fr\/wp-json\/wp\/v2\/pages\/3713\/revisions"}],"predecessor-version":[{"id":88983,"href":"https:\/\/www.veltec.eu\/fr\/wp-json\/wp\/v2\/pages\/3713\/revisions\/88983"}],"wp:attachment":[{"href":"https:\/\/www.veltec.eu\/fr\/wp-json\/wp\/v2\/media?parent=3713"}],"curies":[{"name":"wp","href":"https:\/\/api.w.org\/{rel}","templated":true}]}}