{"id":3434,"date":"2018-10-04T16:19:28","date_gmt":"2018-10-04T14:19:28","guid":{"rendered":"https:\/\/www.veltec.eu\/contact-2\/"},"modified":"2025-03-27T15:57:16","modified_gmt":"2025-03-27T13:57:16","slug":"contactez-nous","status":"publish","type":"page","link":"https:\/\/www.veltec.eu\/fr\/contactez-nous\/","title":{"rendered":"Contactez nous"},"content":{"rendered":"<div  class='flex_column av-av_one_full-a93934ecd89fbb8a9566d39e89cd3725 av_one_full  avia-builder-el-0  el_before_av_one_half  avia-builder-el-first  first flex_column_div  '     ><section  class='av_textblock_section av-kwp6i6lx-f42d099c786ebdc0c24a48d31a418a42 '   itemscope=\"itemscope\" itemtype=\"https:\/\/schema.org\/CreativeWork\" ><div class='avia_textblock'  itemprop=\"text\" ><h1>Contactez nous<\/h1>\n<\/div><\/section><\/div>\n\n<style type=\"text\/css\" data-created_by=\"avia_inline_auto\" id=\"style-css-av-9ek6c-667c87b7660ff9dbede0a0dd0aa31b7d\">\n.flex_column.av-9ek6c-667c87b7660ff9dbede0a0dd0aa31b7d{\nborder-radius:0px 0px 0px 0px;\npadding:0px 0px 0px 0px;\n}\n<\/style>\n<div  class='flex_column av-9ek6c-667c87b7660ff9dbede0a0dd0aa31b7d av_one_half  avia-builder-el-2  el_after_av_one_full  el_before_av_two_fifth  first flex_column_div av-zero-column-padding  column-top-margin'     ><style type=\"text\/css\" data-created_by=\"avia_inline_auto\" id=\"style-css-av-jmbn35ry-933e282f1dbc0e753f118dd19e39dd1f\">\n.avia-image-container.av-jmbn35ry-933e282f1dbc0e753f118dd19e39dd1f img.avia_image{\nbox-shadow:none;\n}\n.avia-image-container.av-jmbn35ry-933e282f1dbc0e753f118dd19e39dd1f .av-image-caption-overlay-center{\ncolor:#ffffff;\n}\n<\/style>\n<div  class='avia-image-container av-jmbn35ry-933e282f1dbc0e753f118dd19e39dd1f av-styling- avia-align-center  avia-builder-el-3  avia-builder-el-no-sibling '   itemprop=\"image\" itemscope=\"itemscope\" itemtype=\"https:\/\/schema.org\/ImageObject\" ><div class=\"avia-image-container-inner\"><div class=\"avia-image-overlay-wrap\"><img decoding=\"async\" fetchpriority=\"high\" class='wp-image-77970 avia-img-lazy-loading-not-77970 avia_image ' src=\"https:\/\/www.veltec.eu\/wp-content\/uploads\/2025\/03\/contact.veltec.png\" alt='' title='Contactez nous'  height=\"1000\" width=\"934\"  itemprop=\"thumbnailUrl\" srcset=\"https:\/\/www.veltec.eu\/wp-content\/uploads\/2025\/03\/contact.veltec.png 934w, https:\/\/www.veltec.eu\/wp-content\/uploads\/2025\/03\/contact.veltec-280x300.png 280w, https:\/\/www.veltec.eu\/wp-content\/uploads\/2025\/03\/contact.veltec-768x822.png 768w, https:\/\/www.veltec.eu\/wp-content\/uploads\/2025\/03\/contact.veltec-658x705.png 658w, https:\/\/www.veltec.eu\/wp-content\/uploads\/2025\/03\/contact.veltec-450x482.png 450w, https:\/\/www.veltec.eu\/wp-content\/uploads\/2025\/03\/contact.veltec-600x642.png 600w, https:\/\/www.veltec.eu\/wp-content\/uploads\/2025\/03\/contact.veltec-56x60.png 56w, https:\/\/www.veltec.eu\/wp-content\/uploads\/2025\/03\/contact.veltec-84x90.png 84w\" sizes=\"(max-width: 934px) 100vw, 934px\" \/><\/div><\/div><\/div><\/div>\n\n<style type=\"text\/css\" data-created_by=\"avia_inline_auto\" id=\"style-css-av-xbst0-628fbdb1838cdcf6a2d7153db0104ea7\">\n.flex_column.av-xbst0-628fbdb1838cdcf6a2d7153db0104ea7{\nborder-radius:0px 0px 0px 0px;\npadding:0px 0px 0px 0px;\n}\n<\/style>\n<div  class='flex_column av-xbst0-628fbdb1838cdcf6a2d7153db0104ea7 av_two_fifth  avia-builder-el-4  el_after_av_one_half  el_before_av_hr  flex_column_div av-zero-column-padding  column-top-margin'     ><p>\n<style type=\"text\/css\" data-created_by=\"avia_inline_auto\" id=\"style-css-av-m8rf3x3j-83ebadb0f5f6ea8f0d08deb74d1898e5\">\n#top .hr.hr-invisible.av-m8rf3x3j-83ebadb0f5f6ea8f0d08deb74d1898e5{\nheight:20px;\n}\n<\/style>\n<div  class='hr av-m8rf3x3j-83ebadb0f5f6ea8f0d08deb74d1898e5 hr-invisible  avia-builder-el-5  el_before_av_contact  avia-builder-el-first '><span class='hr-inner '><span class=\"hr-inner-style\"><\/span><\/span><\/div><br \/>\n<form action=\"https:\/\/www.veltec.eu\/fr\/contactez-nous\/\" method=\"post\" data-fields-with-error=\"Erreurs trouv\u00e9es dans les champs suivants :\" class=\"avia_ajax_form av-form-labels-visible   avia-builder-el-6  el_after_av_hr  avia-builder-el-last   \" data-avia-form-id=\"1\" data-avia-redirect='' ><fieldset><p class='  first_form  form_element form_fullwidth' id='element_avia_1_1'><label for=\"avia_1_1\">Nom <abbr class=\"required\" title=\"requis(e)\">*<\/abbr><\/label> <input name=\"avia_1_1\" class=\"text_input is_empty\" type=\"text\" id=\"avia_1_1\" value=\"\" \/><\/p><p class='  first_form  form_element form_fullwidth' id='element_avia_2_1'><label for=\"avia_2_1\">E-Mail <abbr class=\"required\" title=\"requis(e)\">*<\/abbr><\/label> <input name=\"avia_2_1\" class=\"text_input is_email\" type=\"text\" id=\"avia_2_1\" value=\"\" \/><\/p><p class='  first_form  form_element form_fullwidth' id='element_avia_3_1'><label for=\"avia_3_1\">T\u00e9l\u00e9phone <abbr class=\"required\" title=\"requis(e)\">*<\/abbr><\/label> <input name=\"avia_3_1\" class=\"text_input is_phone\" type=\"text\" id=\"avia_3_1\" value=\"\" \/><\/p><p class='  first_form  form_element form_fullwidth av-last-visible-form-element' id='element_avia_4_1'><label for=\"avia_4_1\" class=\"textare_label hidden textare_label_avia_4_1\">Message <abbr class=\"required\" title=\"requis(e)\">*<\/abbr><\/label><textarea  name=\"avia_4_1\" class=\"text_area is_empty\" cols=\"40\" rows=\"7\" id=\"avia_4_1\" ><\/textarea><\/p><p class=\"hidden\"><input type=\"text\" name=\"avia_5_1\" class=\"hidden \" id=\"avia_5_1\" value=\"\" \/><\/p><p class=\"form_element \"><input type=\"hidden\" value=\"1\" name=\"avia_generated_form1\" \/><input type=\"submit\" value=\"Valider\" class=\"button\"  data-sending-label=\"Envoi\"\/><\/p><\/fieldset><\/form><div id=\"ajaxresponse_1\" class=\"ajaxresponse ajaxresponse_1 hidden\"><\/div><\/p><\/div><div  class='hr av-m8q23oub-97dce90a4881fcf54f007d68db0bdd02 hr-full  avia-builder-el-7  el_after_av_two_fifth  el_before_av_one_third  hr-no-shadow'><span class='hr-inner '><span class=\"hr-inner-style\"><\/span><\/span><\/div><\/p>\n<div  class='flex_column av-av_one_third-4236371e50272b4ec399280bbf76d6bf av_one_third  avia-builder-el-8  el_after_av_hr  el_before_av_one_third  first flex_column_div  '     ><section  class='av_textblock_section av-m8q2001a-42143a2b3b0f7754ecddea91c20412f7 '   itemscope=\"itemscope\" itemtype=\"https:\/\/schema.org\/CreativeWork\" ><div class='avia_textblock'  itemprop=\"text\" ><h3>Bureau \/ Entrep\u00f4t<\/h3>\n<p>Sp\u00e9cialiste Veltec Kirby<br \/>\nWanraaij 29 M\u00a0 ANDELST<br \/>\nPAYS-BAS<br \/>\nOuvert du lundi au vendredi de 09h00 \u00e0 17h00<\/p>\n<p>*Visites sur rendez-vous uniquement<\/p>\n<\/div><\/section><\/div>\n<div  class='flex_column av-av_one_third-d9d4235c4dc5477e29570d3b99e2b500 av_one_third  avia-builder-el-10  el_after_av_one_third  el_before_av_one_third  flex_column_div  '     ><section  class='av_textblock_section av-m8q1x0xw-03d4f0bf58158962988523503603d16e '   itemscope=\"itemscope\" itemtype=\"https:\/\/schema.org\/CreativeWork\" ><div class='avia_textblock'  itemprop=\"text\" ><h3>Courriel<\/h3>\n<p><a href=\"mailto:info@veltec.eu\">info@veltec.eu<\/a><br \/>\nR\u00e9ponse dans les 24 heures, g\u00e9n\u00e9ralement plus rapide!<\/p>\n<h3>T\u00e9l\u00e9phone<\/h3>\n<p><a href=\"tel:0031365402040\">0031-(0)36 540 20 40<\/a><br \/>\nDisponible du lundi au vendredi de 09h00 \u00e0 17h00<\/p>\n<\/div><\/section><\/div>\n<div  class='flex_column av-av_one_third-d9d4235c4dc5477e29570d3b99e2b500 av_one_third  avia-builder-el-12  el_after_av_one_third  el_before_av_hr  flex_column_div  '     ><section  class='av_textblock_section av-m8q22c95-89f771babe47766190a63ae293cb6fa3 '   itemscope=\"itemscope\" itemtype=\"https:\/\/schema.org\/CreativeWork\" ><div class='avia_textblock'  itemprop=\"text\" ><p><a href=\"https:\/\/wa.me\/message\/7BKTYRQ2TILPB1\"><img decoding=\"async\" class=\"alignnone wp-image-77732 size-medium\" src=\"https:\/\/www.veltec.eu\/wp-content\/uploads\/2025\/03\/FR-300x93.png\" alt=\"\" width=\"300\" height=\"93\" srcset=\"https:\/\/www.veltec.eu\/wp-content\/uploads\/2025\/03\/FR-300x93.png 300w, https:\/\/www.veltec.eu\/wp-content\/uploads\/2025\/03\/FR-1030x319.png 1030w, https:\/\/www.veltec.eu\/wp-content\/uploads\/2025\/03\/FR-768x238.png 768w, https:\/\/www.veltec.eu\/wp-content\/uploads\/2025\/03\/FR-705x219.png 705w, https:\/\/www.veltec.eu\/wp-content\/uploads\/2025\/03\/FR-450x140.png 450w, https:\/\/www.veltec.eu\/wp-content\/uploads\/2025\/03\/FR-600x186.png 600w, https:\/\/www.veltec.eu\/wp-content\/uploads\/2025\/03\/FR-190x60.png 190w, https:\/\/www.veltec.eu\/wp-content\/uploads\/2025\/03\/FR-290x90.png 290w, https:\/\/www.veltec.eu\/wp-content\/uploads\/2025\/03\/FR.png 1280w\" sizes=\"(max-width: 300px) 100vw, 300px\" \/><\/a><\/p>\n<\/div><\/section><\/div>\n<div  class='hr av-m8q23why-585b722baad9ff1b862ca0603ae729e9 hr-full  avia-builder-el-14  el_after_av_one_third  el_before_av_one_half  hr-no-shadow'><span class='hr-inner '><span class=\"hr-inner-style\"><\/span><\/span><\/div>\n<div  class='flex_column av-av_one_half-4236371e50272b4ec399280bbf76d6bf av_one_half  avia-builder-el-15  el_after_av_hr  el_before_av_one_half  first flex_column_div  '     ><p><section  class='av_textblock_section av-kx6dtitj-aecc8babdfa73f7fa302c56f8d3c3bd2 '   itemscope=\"itemscope\" itemtype=\"https:\/\/schema.org\/CreativeWork\" ><div class='avia_textblock'  itemprop=\"text\" ><p>Veltec est un important fournisseur des aspirateurs et accessoires haut de gamme Kirby. Nous fournissons\u00a0<a href=\"https:\/\/www.veltec.eu\/fr\/aspirateurs-kirby\/\">les aspirateurs Kirby<\/a> aux particuliers et aux entreprises depuis plus de 25 ans. Notre boutique en ligne pour aspirateur Kirby concerne tous les aspirateurs Kirby originaux et r\u00e9vis\u00e9s et leurs accessoires. Notre boutique en ligne pour aspirateur Kirby a plus de 180 produits d\u2019origine pour aspirateurs Kirby en stock. Par cons\u00e9quent, les sacs d\u2019aspirateur, les aspirateurs Kirby professionnels et les pi\u00e8ces d\u00e9tach\u00e9s d\u2019origine Kirby ne sont plus qu\u2019\u00e0 quelques clics de souris. Nous vous proposons \u00e9galement un service suppl\u00e9mentaire : les vid\u00e9os d\u2019instruction Veltec Kirby qui vous seront tr\u00e8s utiles. L\u2019achat de tous les produits est tr\u00e8s facile dans notre boutique en ligne. SI vous commandez votre produit Kirby aujourd\u2019hui, il sera livr\u00e9 dans les 3 jours ouvrables.<\/p>\n<\/div><\/section><br \/>\n<section  class='av_textblock_section av-kx6dvrpd-ae8f155875f78d50981083220ec132be '   itemscope=\"itemscope\" itemtype=\"https:\/\/schema.org\/CreativeWork\" ><div class='avia_textblock'  itemprop=\"text\" ><h4>Kirby<\/h4>\n<\/div><\/section><br \/>\n<section  class='av_textblock_section av-kx6dv1sw-b56deffb44f5ff21f0e108fc0bfb8b67 '   itemscope=\"itemscope\" itemtype=\"https:\/\/schema.org\/CreativeWork\" ><div class='avia_textblock'  itemprop=\"text\" ><p>Outre les aspirateurs Kirby, nous fournissons \u00e9galement divers autres appareils m\u00e9nagers tels que les syst\u00e8mes de nettoyage Veltec et Kirby. Notre gamme de produits Kirby et Veltec offre un large \u00e9ventail d&#8217;\u00e9quipements de nettoyage innovants et intelligents. La gamme sup\u00e9rieure d&#8217;appareils de nettoyage Veltec comprend un large \u00e9ventail de produits de la marque Veltec et d&#8217;aspirateurs Kirby. Nous avons pr\u00e9-test\u00e9 tous les appareils pour nous assurer que tous les produits Kirby et Veltec r\u00e9pondent aux normes Veltec les plus strictes. En effectuant ces tests de qualit\u00e9, nous avons s\u00e9lectionn\u00e9 les meilleurs syst\u00e8mes de nettoyage Kirby et Veltec, les aspirateurs Kirby et les accessoires Kirby. Tous les produits de notre boutique en ligne sont de la plus haute qualit\u00e9 et offrent le meilleur rapport qualit\u00e9-prix.<\/p>\n<p>Nous nous r\u00e9jouissons de votre visite.<\/p>\n<\/div><\/section><\/p><\/div>\n<div  class='flex_column av-av_one_half-d9d4235c4dc5477e29570d3b99e2b500 av_one_half  avia-builder-el-19  el_after_av_one_half  el_before_av_textblock  flex_column_div  '     ><\/div>\n<section  class='av_textblock_section av-kxg2vs5y-09b6599c3fa9e57ad101d946e9f4a86a '   itemscope=\"itemscope\" itemtype=\"https:\/\/schema.org\/CreativeWork\" ><div class='avia_textblock'  itemprop=\"text\" >\n<style type=\"text\/css\" data-created_by=\"avia_inline_auto\" id=\"style-css-av-6u01i-294e84c5e5ccbb05371eb2d59b098352\">\n#top .hr.hr-invisible.av-6u01i-294e84c5e5ccbb05371eb2d59b098352{\nheight:50px;\n}\n<\/style>\n<div  class='hr av-6u01i-294e84c5e5ccbb05371eb2d59b098352 hr-invisible  avia-builder-el-22  avia-builder-el-no-sibling '><span class='hr-inner '><span class=\"hr-inner-style\"><\/span><\/span><\/div>\n<div class=\"trustpilot-widget\" data-locale=\"fr-FR\" data-template-id=\"5613c9cde69ddc09340c6beb\" data-businessunit-id=\"4e1b158d00006400051028e4\" data-style-height=\"100%\" data-style-width=\"100%\" data-theme=\"light\"><\/div>\n<div data-locale=\"fr-FR\" data-template-id=\"5613c9cde69ddc09340c6beb\" data-businessunit-id=\"4e1b158d00006400051028e4\" data-style-height=\"100%\" data-style-width=\"100%\" data-theme=\"light\"><a href=\"https:\/\/fr.trustpilot.com\/review\/www.veltec.eu\" target=\"_blank\" rel=\"noopener\"><img decoding=\"async\" class=\"aligncenter wp-image-55229 size-full\" src=\"https:\/\/www.veltec.eu\/wp-content\/uploads\/2023\/12\/FR.jpg\" alt=\"\" width=\"700\" height=\"64\" srcset=\"https:\/\/www.veltec.eu\/wp-content\/uploads\/2023\/12\/FR.jpg 700w, https:\/\/www.veltec.eu\/wp-content\/uploads\/2023\/12\/FR-300x27.jpg 300w, https:\/\/www.veltec.eu\/wp-content\/uploads\/2023\/12\/FR-450x41.jpg 450w, https:\/\/www.veltec.eu\/wp-content\/uploads\/2023\/12\/FR-600x55.jpg 600w, https:\/\/www.veltec.eu\/wp-content\/uploads\/2023\/12\/FR-190x17.jpg 190w\" sizes=\"(max-width: 700px) 100vw, 700px\" \/><\/a><\/div>\n<p><!-- End TrustBox widget --><\/p>\n<\/div><\/section>\n","protected":false},"excerpt":{"rendered":"","protected":false},"author":1,"featured_media":0,"parent":0,"menu_order":0,"comment_status":"closed","ping_status":"closed","template":"","meta":{"footnotes":""},"class_list":["post-3434","page","type-page","status-publish","hentry"],"yoast_head":"<!-- This site is optimized with the Yoast SEO Premium plugin v27.1 (Yoast SEO v27.2) - https:\/\/yoast.com\/product\/yoast-seo-premium-wordpress\/ -->\n<title>Contactez nous - Veltec Kirby specialist<\/title>\n<meta name=\"description\" content=\"Contactez nous. Veltec est depuis plus de 20 ans le fournisseur des aspirateurs Kirby et votre sp\u00e9cialiste de confiance du service Kirby.\" \/>\n<meta name=\"robots\" content=\"index, follow, max-snippet:-1, max-image-preview:large, max-video-preview:-1\" \/>\n<link rel=\"canonical\" href=\"https:\/\/www.veltec.eu\/nl\/neem-contact-met-ons-op\/\" \/>\n<meta property=\"og:locale\" content=\"fr_FR\" \/>\n<meta property=\"og:type\" content=\"article\" \/>\n<meta property=\"og:title\" content=\"Contactez nous\" \/>\n<meta property=\"og:url\" content=\"https:\/\/www.veltec.eu\/nl\/neem-contact-met-ons-op\/\" \/>\n<meta property=\"og:site_name\" content=\"Veltec Kirby specialist\" \/>\n<meta property=\"article:publisher\" content=\"https:\/\/www.facebook.com\/Veltec-Kirby-Specialist-236746293374877\/\" \/>\n<meta property=\"article:modified_time\" content=\"2025-03-27T13:57:16+00:00\" \/>\n<meta property=\"og:image\" content=\"https:\/\/www.veltec.eu\/wp-content\/uploads\/2025\/03\/FR-300x93.png\" \/>\n<meta name=\"twitter:card\" content=\"summary_large_image\" \/>\n<meta name=\"twitter:label1\" content=\"Dur\u00e9e de lecture estim\u00e9e\" \/>\n\t<meta name=\"twitter:data1\" content=\"3 minutes\" \/>\n<script type=\"application\/ld+json\" class=\"yoast-schema-graph\">{\"@context\":\"https:\/\/schema.org\",\"@graph\":[{\"@type\":\"WebPage\",\"@id\":\"https:\/\/www.veltec.eu\/nl\/neem-contact-met-ons-op\/\",\"url\":\"https:\/\/www.veltec.eu\/nl\/neem-contact-met-ons-op\/\",\"name\":\"Contactez nous - Veltec Kirby specialist\",\"isPartOf\":{\"@id\":\"https:\/\/www.veltec.eu\/en\/#website\"},\"primaryImageOfPage\":{\"@id\":\"https:\/\/www.veltec.eu\/nl\/neem-contact-met-ons-op\/#primaryimage\"},\"image\":{\"@id\":\"https:\/\/www.veltec.eu\/nl\/neem-contact-met-ons-op\/#primaryimage\"},\"thumbnailUrl\":\"https:\/\/www.veltec.eu\/wp-content\/uploads\/2025\/03\/FR-300x93.png\",\"datePublished\":\"2018-10-04T14:19:28+00:00\",\"dateModified\":\"2025-03-27T13:57:16+00:00\",\"description\":\"Contactez nous. Veltec est depuis plus de 20 ans le fournisseur des aspirateurs Kirby et votre sp\u00e9cialiste de confiance du service Kirby.\",\"breadcrumb\":{\"@id\":\"https:\/\/www.veltec.eu\/nl\/neem-contact-met-ons-op\/#breadcrumb\"},\"inLanguage\":\"fr-FR\",\"potentialAction\":[{\"@type\":\"ReadAction\",\"target\":[\"https:\/\/www.veltec.eu\/nl\/neem-contact-met-ons-op\/\"]}]},{\"@type\":\"ImageObject\",\"inLanguage\":\"fr-FR\",\"@id\":\"https:\/\/www.veltec.eu\/nl\/neem-contact-met-ons-op\/#primaryimage\",\"url\":\"https:\/\/www.veltec.eu\/wp-content\/uploads\/2025\/03\/FR-300x93.png\",\"contentUrl\":\"https:\/\/www.veltec.eu\/wp-content\/uploads\/2025\/03\/FR-300x93.png\"},{\"@type\":\"BreadcrumbList\",\"@id\":\"https:\/\/www.veltec.eu\/nl\/neem-contact-met-ons-op\/#breadcrumb\",\"itemListElement\":[{\"@type\":\"ListItem\",\"position\":1,\"name\":\"Home\",\"item\":\"https:\/\/www.veltec.eu\/fr\/\"},{\"@type\":\"ListItem\",\"position\":2,\"name\":\"Contactez nous\"}]},{\"@type\":\"WebSite\",\"@id\":\"https:\/\/www.veltec.eu\/en\/#website\",\"url\":\"https:\/\/www.veltec.eu\/en\/\",\"name\":\"Veltec Kirby specialist\",\"description\":\"Kirby stofzuiger producten\",\"publisher\":{\"@id\":\"https:\/\/www.veltec.eu\/en\/#organization\"},\"potentialAction\":[{\"@type\":\"SearchAction\",\"target\":{\"@type\":\"EntryPoint\",\"urlTemplate\":\"https:\/\/www.veltec.eu\/en\/?s={search_term_string}\"},\"query-input\":{\"@type\":\"PropertyValueSpecification\",\"valueRequired\":true,\"valueName\":\"search_term_string\"}}],\"inLanguage\":\"fr-FR\"},{\"@type\":\"Organization\",\"@id\":\"https:\/\/www.veltec.eu\/en\/#organization\",\"name\":\"Veltec Kirby Specialist\",\"url\":\"https:\/\/www.veltec.eu\/en\/\",\"logo\":{\"@type\":\"ImageObject\",\"inLanguage\":\"fr-FR\",\"@id\":\"https:\/\/www.veltec.eu\/en\/#\/schema\/logo\/image\/\",\"url\":\"https:\/\/www.veltec.eu\/wp-content\/uploads\/2021\/12\/Veltec-log-groot-e1537260889125.png\",\"contentUrl\":\"https:\/\/www.veltec.eu\/wp-content\/uploads\/2021\/12\/Veltec-log-groot-e1537260889125.png\",\"width\":200,\"height\":60,\"caption\":\"Veltec Kirby Specialist\"},\"image\":{\"@id\":\"https:\/\/www.veltec.eu\/en\/#\/schema\/logo\/image\/\"},\"sameAs\":[\"https:\/\/www.facebook.com\/Veltec-Kirby-Specialist-236746293374877\/\",\"https:\/\/www.youtube.com\/user\/VeltecService\"]}]}<\/script>\n<!-- \/ Yoast SEO Premium plugin. -->","yoast_head_json":{"title":"Contactez nous - Veltec Kirby specialist","description":"Contactez nous. Veltec est depuis plus de 20 ans le fournisseur des aspirateurs Kirby et votre sp\u00e9cialiste de confiance du service Kirby.","robots":{"index":"index","follow":"follow","max-snippet":"max-snippet:-1","max-image-preview":"max-image-preview:large","max-video-preview":"max-video-preview:-1"},"canonical":"https:\/\/www.veltec.eu\/nl\/neem-contact-met-ons-op\/","og_locale":"fr_FR","og_type":"article","og_title":"Contactez nous","og_url":"https:\/\/www.veltec.eu\/nl\/neem-contact-met-ons-op\/","og_site_name":"Veltec Kirby specialist","article_publisher":"https:\/\/www.facebook.com\/Veltec-Kirby-Specialist-236746293374877\/","article_modified_time":"2025-03-27T13:57:16+00:00","og_image":[{"url":"https:\/\/www.veltec.eu\/wp-content\/uploads\/2025\/03\/FR-300x93.png","type":"","width":"","height":""}],"twitter_card":"summary_large_image","twitter_misc":{"Dur\u00e9e de lecture estim\u00e9e":"3 minutes"},"schema":{"@context":"https:\/\/schema.org","@graph":[{"@type":"WebPage","@id":"https:\/\/www.veltec.eu\/nl\/neem-contact-met-ons-op\/","url":"https:\/\/www.veltec.eu\/nl\/neem-contact-met-ons-op\/","name":"Contactez nous - Veltec Kirby specialist","isPartOf":{"@id":"https:\/\/www.veltec.eu\/en\/#website"},"primaryImageOfPage":{"@id":"https:\/\/www.veltec.eu\/nl\/neem-contact-met-ons-op\/#primaryimage"},"image":{"@id":"https:\/\/www.veltec.eu\/nl\/neem-contact-met-ons-op\/#primaryimage"},"thumbnailUrl":"https:\/\/www.veltec.eu\/wp-content\/uploads\/2025\/03\/FR-300x93.png","datePublished":"2018-10-04T14:19:28+00:00","dateModified":"2025-03-27T13:57:16+00:00","description":"Contactez nous. Veltec est depuis plus de 20 ans le fournisseur des aspirateurs Kirby et votre sp\u00e9cialiste de confiance du service Kirby.","breadcrumb":{"@id":"https:\/\/www.veltec.eu\/nl\/neem-contact-met-ons-op\/#breadcrumb"},"inLanguage":"fr-FR","potentialAction":[{"@type":"ReadAction","target":["https:\/\/www.veltec.eu\/nl\/neem-contact-met-ons-op\/"]}]},{"@type":"ImageObject","inLanguage":"fr-FR","@id":"https:\/\/www.veltec.eu\/nl\/neem-contact-met-ons-op\/#primaryimage","url":"https:\/\/www.veltec.eu\/wp-content\/uploads\/2025\/03\/FR-300x93.png","contentUrl":"https:\/\/www.veltec.eu\/wp-content\/uploads\/2025\/03\/FR-300x93.png"},{"@type":"BreadcrumbList","@id":"https:\/\/www.veltec.eu\/nl\/neem-contact-met-ons-op\/#breadcrumb","itemListElement":[{"@type":"ListItem","position":1,"name":"Home","item":"https:\/\/www.veltec.eu\/fr\/"},{"@type":"ListItem","position":2,"name":"Contactez nous"}]},{"@type":"WebSite","@id":"https:\/\/www.veltec.eu\/en\/#website","url":"https:\/\/www.veltec.eu\/en\/","name":"Veltec Kirby specialist","description":"Kirby stofzuiger producten","publisher":{"@id":"https:\/\/www.veltec.eu\/en\/#organization"},"potentialAction":[{"@type":"SearchAction","target":{"@type":"EntryPoint","urlTemplate":"https:\/\/www.veltec.eu\/en\/?s={search_term_string}"},"query-input":{"@type":"PropertyValueSpecification","valueRequired":true,"valueName":"search_term_string"}}],"inLanguage":"fr-FR"},{"@type":"Organization","@id":"https:\/\/www.veltec.eu\/en\/#organization","name":"Veltec Kirby Specialist","url":"https:\/\/www.veltec.eu\/en\/","logo":{"@type":"ImageObject","inLanguage":"fr-FR","@id":"https:\/\/www.veltec.eu\/en\/#\/schema\/logo\/image\/","url":"https:\/\/www.veltec.eu\/wp-content\/uploads\/2021\/12\/Veltec-log-groot-e1537260889125.png","contentUrl":"https:\/\/www.veltec.eu\/wp-content\/uploads\/2021\/12\/Veltec-log-groot-e1537260889125.png","width":200,"height":60,"caption":"Veltec Kirby Specialist"},"image":{"@id":"https:\/\/www.veltec.eu\/en\/#\/schema\/logo\/image\/"},"sameAs":["https:\/\/www.facebook.com\/Veltec-Kirby-Specialist-236746293374877\/","https:\/\/www.youtube.com\/user\/VeltecService"]}]}},"_links":{"self":[{"href":"https:\/\/www.veltec.eu\/fr\/wp-json\/wp\/v2\/pages\/3434","targetHints":{"allow":["GET"]}}],"collection":[{"href":"https:\/\/www.veltec.eu\/fr\/wp-json\/wp\/v2\/pages"}],"about":[{"href":"https:\/\/www.veltec.eu\/fr\/wp-json\/wp\/v2\/types\/page"}],"author":[{"embeddable":true,"href":"https:\/\/www.veltec.eu\/fr\/wp-json\/wp\/v2\/users\/1"}],"replies":[{"embeddable":true,"href":"https:\/\/www.veltec.eu\/fr\/wp-json\/wp\/v2\/comments?post=3434"}],"version-history":[{"count":10,"href":"https:\/\/www.veltec.eu\/fr\/wp-json\/wp\/v2\/pages\/3434\/revisions"}],"predecessor-version":[{"id":77978,"href":"https:\/\/www.veltec.eu\/fr\/wp-json\/wp\/v2\/pages\/3434\/revisions\/77978"}],"wp:attachment":[{"href":"https:\/\/www.veltec.eu\/fr\/wp-json\/wp\/v2\/media?parent=3434"}],"curies":[{"name":"wp","href":"https:\/\/api.w.org\/{rel}","templated":true}]}}