{"id":3337,"date":"2018-10-04T14:25:40","date_gmt":"2018-10-04T12:25:40","guid":{"rendered":"https:\/\/www.veltec.eu\/au-sujet-de-veltec-2\/"},"modified":"2025-11-25T12:17:10","modified_gmt":"2025-11-25T10:17:10","slug":"au-sujet-de-veltec","status":"publish","type":"page","link":"https:\/\/www.veltec.eu\/fr\/au-sujet-de-veltec\/","title":{"rendered":"Au sujet de Veltec"},"content":{"rendered":"\n<style type=\"text\/css\" data-created_by=\"avia_inline_auto\" id=\"style-css-av-7w5iu-d155c6401ae56910cd861036c61b1ec0\">\n.flex_column.av-7w5iu-d155c6401ae56910cd861036c61b1ec0{\nborder-radius:0px 0px 0px 0px;\npadding:0px 0px 0px 0px;\n}\n<\/style>\n<div  class='flex_column av-7w5iu-d155c6401ae56910cd861036c61b1ec0 av_one_half  avia-builder-el-0  el_before_av_one_half  avia-builder-el-first  first flex_column_div av-zero-column-padding  '     ><style type=\"text\/css\" data-created_by=\"avia_inline_auto\" id=\"style-css-av-jmbpxor4-01ef14dde1be60145563c57c8500670b\">\n.avia-image-container.av-jmbpxor4-01ef14dde1be60145563c57c8500670b img.avia_image{\nbox-shadow:none;\n}\n.avia-image-container.av-jmbpxor4-01ef14dde1be60145563c57c8500670b .av-image-caption-overlay-center{\ncolor:#ffffff;\n}\n<\/style>\n<div  class='avia-image-container av-jmbpxor4-01ef14dde1be60145563c57c8500670b av-styling- avia-align-left  avia-builder-el-1  avia-builder-el-no-sibling '   itemprop=\"image\" itemscope=\"itemscope\" itemtype=\"https:\/\/schema.org\/ImageObject\" ><div class=\"avia-image-container-inner\"><div class=\"avia-image-overlay-wrap\"><img decoding=\"async\" fetchpriority=\"high\" class='wp-image-1698 avia-img-lazy-loading-not-1698 avia_image ' src=\"https:\/\/www.veltec.eu\/wp-content\/uploads\/2018\/09\/Veltec-Kirby-specialist.png\" alt='Au sujet de Veltec' title='Au sujet de Veltec'  height=\"400\" width=\"600\"  itemprop=\"thumbnailUrl\" srcset=\"https:\/\/www.veltec.eu\/wp-content\/uploads\/2018\/09\/Veltec-Kirby-specialist.png 600w, https:\/\/www.veltec.eu\/wp-content\/uploads\/2018\/09\/Veltec-Kirby-specialist-300x200.png 300w\" sizes=\"(max-width: 600px) 100vw, 600px\" \/><\/div><\/div><\/div><\/div>\n\n<style type=\"text\/css\" data-created_by=\"avia_inline_auto\" id=\"style-css-av-egs1i-02729923fc63d507d062c49c009d0838\">\n.flex_column.av-egs1i-02729923fc63d507d062c49c009d0838{\nborder-radius:0px 0px 0px 0px;\npadding:0px 0px 0px 0px;\n}\n<\/style>\n<div  class='flex_column av-egs1i-02729923fc63d507d062c49c009d0838 av_one_half  avia-builder-el-2  el_after_av_one_half  el_before_av_one_full  flex_column_div av-zero-column-padding  '     ><section  class='av_textblock_section av-jm7jrhis-a4a33d7b7eb451aef479c8932c7a6e15 '   itemscope=\"itemscope\" itemtype=\"https:\/\/schema.org\/CreativeWork\" ><div class='avia_textblock'  itemprop=\"text\" ><h1>Au sujet de Veltec.<\/h1>\n<p><a href=\"https:\/\/www.veltec.eu\/fr\/\">Veltec Kirby specialist<\/a> est l&#8217;un des principaux sp\u00e9cialistes Kirby de notre pays dans le domaine des produits et services Kirby pour les soins \u00e0 domicile.<\/p>\n<p>Fond\u00e9e en 1997, l&#8217;entreprise a connu pratiquement toutes les \u00e9volutions du march\u00e9.<\/p>\n<p data-start=\"87\" data-end=\"428\">Veltec Kirby Specialist est un prestataire de services ind\u00e9pendant et hautement exp\u00e9riment\u00e9, sp\u00e9cialis\u00e9 dans l\u2019entretien, la r\u00e9paration et le service des produits Kirby. Gr\u00e2ce \u00e0 notre expertise, nous sommes en mesure d\u2019offrir un service de haute qualit\u00e9 ainsi que des garanties compl\u00e8tes, adapt\u00e9es aux besoins et aux int\u00e9r\u00eats de nos clients.<\/p>\n<p data-start=\"430\" data-end=\"907\">Bien que nous travaillions avec des produits Kirby, nous op\u00e9rons de mani\u00e8re totalement ind\u00e9pendante. Nous n\u2019avons aucune obligation ni aucun partenariat avec la Kirby Company concernant l\u2019achat, la vente ou la prestation de services. Veltec Kirby Specialist n\u2019est en aucun cas affili\u00e9, associ\u00e9 ou autoris\u00e9 par la Kirby Company, o\u00f9 que ce soit dans le monde. Cette ind\u00e9pendance nous permet d\u2019offrir \u00e0 nos clients des solutions honn\u00eates, objectives et centr\u00e9es sur leurs besoins.<\/p>\n<\/div><\/section><\/div>\n<style type=\"text\/css\" data-created_by=\"avia_inline_auto\" id=\"style-css-av-94l26-55f30d40958deb6669b3a1da7f99c0ad\">\n.flex_column.av-94l26-55f30d40958deb6669b3a1da7f99c0ad{\nborder-radius:0px 0px 0px 0px;\npadding:0px 0px 0px 0px;\n}\n<\/style>\n<div  class='flex_column av-94l26-55f30d40958deb6669b3a1da7f99c0ad av_one_full  avia-builder-el-4  el_after_av_one_half  el_before_av_one_fourth  first flex_column_div av-zero-column-padding  column-top-margin'     ><section  class='av_textblock_section av-jmbq3rs3-8ac10c6b485dbaa7934d38669dbf2535 '   itemscope=\"itemscope\" itemtype=\"https:\/\/schema.org\/CreativeWork\" ><div class='avia_textblock'  itemprop=\"text\" ><h2>Notre site web<\/h2>\n<p><a href=\"https:\/\/www.veltec.eu\/fr\/boutique-kirby\/\">Veltec.eu est une boutique<\/a> en ligne Kirby, qui fait partie du sp\u00e9cialiste Veltec Kirby. Sur le site www.veltec.eu, les clients trouveront non seulement les produits d&#8217;entretien m\u00e9nager Kirby les plus r\u00e9cents, mais aussi des produits moins connus. La soci\u00e9t\u00e9 propose aux consommateurs et aux entreprises plus de 180 produits d&#8217;entretien m\u00e9nager Kirby originaux qu&#8217;elle distribue aux Pays-Bas, en Belgique, en Allemagne, au Luxembourg, en France, en Espagne, au Portugal, en Italie, en Autriche et en Suisse. Outre la rapidit\u00e9 et la commodit\u00e9 de l&#8217;achat par Internet, Veltec Kirby specialist se caract\u00e9rise \u00e9galement par son contact personnel avec le client. Gr\u00e2ce \u00e0 un syst\u00e8me automatis\u00e9 unique, Veltec Kirby specialist assure une livraison dans les 48 heures \u00e0 des prix comp\u00e9titifs.<\/p>\n<p>En conclusion&#8230; nous vous souhaitons beaucoup de succ\u00e8s et de plaisir lors de vos achats sur notre site et vous souhaitons la bienvenue en tant que client.<\/p>\n<\/div><\/section><\/div><\/p>\n\n<style type=\"text\/css\" data-created_by=\"avia_inline_auto\" id=\"style-css-av-btvdi-18df38b02f0aad0194fb1e6e2c8ed7a3\">\n.flex_column.av-btvdi-18df38b02f0aad0194fb1e6e2c8ed7a3{\nborder-radius:0px 0px 0px 0px;\npadding:0px 0px 0px 0px;\n}\n<\/style>\n<div  class='flex_column av-btvdi-18df38b02f0aad0194fb1e6e2c8ed7a3 av_one_fourth  avia-builder-el-6  el_after_av_one_full  el_before_av_two_fifth  first flex_column_div av-zero-column-padding  column-top-margin'     ><style type=\"text\/css\" data-created_by=\"avia_inline_auto\" id=\"style-css-av-kxeni5hm-426c357624513faba7053cf809e386dd\">\n.avia-image-container.av-kxeni5hm-426c357624513faba7053cf809e386dd img.avia_image{\nbox-shadow:none;\n}\n.avia-image-container.av-kxeni5hm-426c357624513faba7053cf809e386dd .av-image-caption-overlay-center{\ncolor:#ffffff;\n}\n<\/style>\n<div  class='avia-image-container av-kxeni5hm-426c357624513faba7053cf809e386dd av-styling- avia-align-center  avia-builder-el-7  avia-builder-el-no-sibling '   itemprop=\"image\" itemscope=\"itemscope\" itemtype=\"https:\/\/schema.org\/ImageObject\" ><div class=\"avia-image-container-inner\"><div class=\"avia-image-overlay-wrap\"><img decoding=\"async\" fetchpriority=\"high\" class='wp-image-43987 avia-img-lazy-loading-not-43987 avia_image ' src=\"https:\/\/www.veltec.eu\/wp-content\/uploads\/2021\/12\/25-jaar-veltec1.png\" alt='' title='Over ons. Veltec is Kirby specialist van Nederland. Naast Kirby stofzuigers bieden wij ook extra services aan voor maximaal profijt.'  height=\"342\" width=\"500\"  itemprop=\"thumbnailUrl\" srcset=\"https:\/\/www.veltec.eu\/wp-content\/uploads\/2021\/12\/25-jaar-veltec1.png 500w, https:\/\/www.veltec.eu\/wp-content\/uploads\/2021\/12\/25-jaar-veltec1-300x205.png 300w\" sizes=\"(max-width: 500px) 100vw, 500px\" \/><\/div><\/div><\/div><\/div>\n\n<style type=\"text\/css\" data-created_by=\"avia_inline_auto\" id=\"style-css-av-99ph2-f8545c615ac6781a1a61a0167b7182e0\">\n.flex_column.av-99ph2-f8545c615ac6781a1a61a0167b7182e0{\nborder-radius:0px 0px 0px 0px;\npadding:0px 0px 0px 0px;\n}\n<\/style>\n<div  class='flex_column av-99ph2-f8545c615ac6781a1a61a0167b7182e0 av_two_fifth  avia-builder-el-8  el_after_av_one_fourth  el_before_av_one_third  flex_column_div av-zero-column-padding  column-top-margin'     ><section  class='av_textblock_section av-jmbs14a1-7ad05cffad557be4eadedcfae774cc2c '   itemscope=\"itemscope\" itemtype=\"https:\/\/schema.org\/CreativeWork\" ><div class='avia_textblock'  itemprop=\"text\" ><p><strong>Nos coordonn\u00e9es ;<\/strong><\/p>\n<p>Veltec Kirby Sp\u00e9cialiste<br \/>\nWanraaij 29 M<br \/>\n6673 DM ANDELST<\/p>\n<p>K.v.K. no. 39086156<br \/>\nNum\u00e9ro de TVA : NL001933886B03<\/p>\n<\/div><\/section><\/div>\n\n<style type=\"text\/css\" data-created_by=\"avia_inline_auto\" id=\"style-css-av-ba4q6-c57e926ba472343f4c2303f504a9ab4b\">\n.flex_column.av-ba4q6-c57e926ba472343f4c2303f504a9ab4b{\nborder-radius:0px 0px 0px 0px;\npadding:0px 0px 0px 0px;\n}\n<\/style>\n<div  class='flex_column av-ba4q6-c57e926ba472343f4c2303f504a9ab4b av_one_third  avia-builder-el-10  el_after_av_two_fifth  el_before_av_hr  flex_column_div av-zero-column-padding  column-top-margin'     ><style type=\"text\/css\" data-created_by=\"avia_inline_auto\" id=\"style-css-av-jm7kenw9-dd673e3e8bfb27fc3d6f4f0cda5fa82e\">\n.avia-image-container.av-jm7kenw9-dd673e3e8bfb27fc3d6f4f0cda5fa82e img.avia_image{\nbox-shadow:none;\n}\n.avia-image-container.av-jm7kenw9-dd673e3e8bfb27fc3d6f4f0cda5fa82e .av-image-caption-overlay-center{\ncolor:#ffffff;\n}\n<\/style>\n<div  class='avia-image-container av-jm7kenw9-dd673e3e8bfb27fc3d6f4f0cda5fa82e av-styling- av-img-linked avia-align-right  avia-builder-el-11  avia-builder-el-no-sibling '   itemprop=\"image\" itemscope=\"itemscope\" itemtype=\"https:\/\/schema.org\/ImageObject\" ><div class=\"avia-image-container-inner\"><div class=\"avia-image-overlay-wrap\"><a href=\"https:\/\/nl.trustpilot.com\/review\/www.veltec.eu\" class='avia_image '  aria-label='Au sujet de Veltec'><img decoding=\"async\" fetchpriority=\"high\" class='wp-image-1582 avia-img-lazy-loading-not-1582 avia_image ' src=\"https:\/\/www.veltec.eu\/wp-content\/uploads\/2018\/09\/tp_badge-260.png\" alt='Au sujet de Veltec' title='Au sujet de Veltec'  height=\"159\" width=\"260\"  itemprop=\"thumbnailUrl\"  \/><\/a><\/div><\/div><\/div><\/div>\n\n<style type=\"text\/css\" data-created_by=\"avia_inline_auto\" id=\"style-css-av-ky0a7506-64da45ae91237f5b662c437901ff2031\">\n#top .hr.hr-invisible.av-ky0a7506-64da45ae91237f5b662c437901ff2031{\nheight:50px;\n}\n<\/style>\n<div  class='hr av-ky0a7506-64da45ae91237f5b662c437901ff2031 hr-invisible  avia-builder-el-12  el_after_av_one_third  el_before_av_textblock '><span class='hr-inner '><span class=\"hr-inner-style\"><\/span><\/span><\/div>\n<section  class='av_textblock_section av-ky0a7i4u-cbbab1eeeb530b1a21988871a3ebcf11 '   itemscope=\"itemscope\" itemtype=\"https:\/\/schema.org\/CreativeWork\" ><div class='avia_textblock'  itemprop=\"text\" >\n<style type=\"text\/css\" data-created_by=\"avia_inline_auto\" id=\"style-css-av-6u01i-294e84c5e5ccbb05371eb2d59b098352\">\n#top .hr.hr-invisible.av-6u01i-294e84c5e5ccbb05371eb2d59b098352{\nheight:50px;\n}\n<\/style>\n<div  class='hr av-6u01i-294e84c5e5ccbb05371eb2d59b098352 hr-invisible  avia-builder-el-14  avia-builder-el-no-sibling '><span class='hr-inner '><span class=\"hr-inner-style\"><\/span><\/span><\/div>\n<p><img decoding=\"async\" class=\"aligncenter wp-image-44337 size-full\" src=\"https:\/\/www.veltec.eu\/wp-content\/uploads\/2021\/12\/Veltec-log-groot-e1537260889125.png\" alt=\"Over Ons\" width=\"200\" height=\"60\" \/><\/p>\n<\/div><\/section>\n","protected":false},"excerpt":{"rendered":"","protected":false},"author":1,"featured_media":0,"parent":0,"menu_order":0,"comment_status":"closed","ping_status":"closed","template":"","meta":{"_acf_changed":false,"footnotes":""},"class_list":["post-3337","page","type-page","status-publish","hentry"],"acf":[],"yoast_head":"<!-- This site is optimized with the Yoast SEO Premium plugin v27.1 (Yoast SEO v27.4) - https:\/\/yoast.com\/product\/yoast-seo-premium-wordpress\/ -->\n<title>Au sujet de Veltec<\/title>\n<meta name=\"description\" content=\"Au sujet de Veltec. Veltec est un important fournisseur des aspirateurs et accessoires haut de gamme Kirby.\" \/>\n<meta name=\"robots\" content=\"index, follow, max-snippet:-1, max-image-preview:large, max-video-preview:-1\" \/>\n<link rel=\"canonical\" href=\"https:\/\/www.veltec.eu\/nl\/over-ons\/\" \/>\n<meta property=\"og:locale\" content=\"fr_FR\" \/>\n<meta property=\"og:type\" content=\"article\" \/>\n<meta property=\"og:title\" content=\"Au sujet de Veltec\" \/>\n<meta property=\"og:url\" content=\"https:\/\/www.veltec.eu\/nl\/over-ons\/\" \/>\n<meta property=\"og:site_name\" content=\"Veltec Kirby specialist\" \/>\n<meta property=\"article:publisher\" content=\"https:\/\/www.facebook.com\/Veltec-Kirby-Specialist-236746293374877\/\" \/>\n<meta property=\"article:modified_time\" content=\"2025-11-25T10:17:10+00:00\" \/>\n<meta property=\"og:image\" content=\"https:\/\/www.veltec.eu\/wp-content\/uploads\/2021\/12\/Veltec-log-groot-e1537260889125.png\" \/>\n<meta name=\"twitter:card\" content=\"summary_large_image\" \/>\n<meta name=\"twitter:label1\" content=\"Dur\u00e9e de lecture estim\u00e9e\" \/>\n\t<meta name=\"twitter:data1\" content=\"3 minutes\" \/>\n<script type=\"application\/ld+json\" class=\"yoast-schema-graph\">{\"@context\":\"https:\\\/\\\/schema.org\",\"@graph\":[{\"@type\":\"WebPage\",\"@id\":\"https:\\\/\\\/www.veltec.eu\\\/nl\\\/over-ons\\\/\",\"url\":\"https:\\\/\\\/www.veltec.eu\\\/nl\\\/over-ons\\\/\",\"name\":\"Au sujet de Veltec\",\"isPartOf\":{\"@id\":\"https:\\\/\\\/www.veltec.eu\\\/en\\\/#website\"},\"primaryImageOfPage\":{\"@id\":\"https:\\\/\\\/www.veltec.eu\\\/nl\\\/over-ons\\\/#primaryimage\"},\"image\":{\"@id\":\"https:\\\/\\\/www.veltec.eu\\\/nl\\\/over-ons\\\/#primaryimage\"},\"thumbnailUrl\":\"https:\\\/\\\/www.veltec.eu\\\/wp-content\\\/uploads\\\/2021\\\/12\\\/Veltec-log-groot-e1537260889125.png\",\"datePublished\":\"2018-10-04T12:25:40+00:00\",\"dateModified\":\"2025-11-25T10:17:10+00:00\",\"description\":\"Au sujet de Veltec. Veltec est un important fournisseur des aspirateurs et accessoires haut de gamme Kirby.\",\"breadcrumb\":{\"@id\":\"https:\\\/\\\/www.veltec.eu\\\/nl\\\/over-ons\\\/#breadcrumb\"},\"inLanguage\":\"fr-FR\",\"potentialAction\":[{\"@type\":\"ReadAction\",\"target\":[\"https:\\\/\\\/www.veltec.eu\\\/nl\\\/over-ons\\\/\"]}]},{\"@type\":\"ImageObject\",\"inLanguage\":\"fr-FR\",\"@id\":\"https:\\\/\\\/www.veltec.eu\\\/nl\\\/over-ons\\\/#primaryimage\",\"url\":\"https:\\\/\\\/www.veltec.eu\\\/wp-content\\\/uploads\\\/2021\\\/12\\\/Veltec-log-groot-e1537260889125.png\",\"contentUrl\":\"https:\\\/\\\/www.veltec.eu\\\/wp-content\\\/uploads\\\/2021\\\/12\\\/Veltec-log-groot-e1537260889125.png\"},{\"@type\":\"BreadcrumbList\",\"@id\":\"https:\\\/\\\/www.veltec.eu\\\/nl\\\/over-ons\\\/#breadcrumb\",\"itemListElement\":[{\"@type\":\"ListItem\",\"position\":1,\"name\":\"Home\",\"item\":\"https:\\\/\\\/www.veltec.eu\\\/fr\\\/\"},{\"@type\":\"ListItem\",\"position\":2,\"name\":\"Au sujet de Veltec\"}]},{\"@type\":\"WebSite\",\"@id\":\"https:\\\/\\\/www.veltec.eu\\\/en\\\/#website\",\"url\":\"https:\\\/\\\/www.veltec.eu\\\/en\\\/\",\"name\":\"Veltec Kirby specialist\",\"description\":\"Kirby stofzuiger producten\",\"publisher\":{\"@id\":\"https:\\\/\\\/www.veltec.eu\\\/en\\\/#organization\"},\"potentialAction\":[{\"@type\":\"SearchAction\",\"target\":{\"@type\":\"EntryPoint\",\"urlTemplate\":\"https:\\\/\\\/www.veltec.eu\\\/en\\\/?s={search_term_string}\"},\"query-input\":{\"@type\":\"PropertyValueSpecification\",\"valueRequired\":true,\"valueName\":\"search_term_string\"}}],\"inLanguage\":\"fr-FR\"},{\"@type\":\"Organization\",\"@id\":\"https:\\\/\\\/www.veltec.eu\\\/en\\\/#organization\",\"name\":\"Veltec Kirby Specialist\",\"url\":\"https:\\\/\\\/www.veltec.eu\\\/en\\\/\",\"logo\":{\"@type\":\"ImageObject\",\"inLanguage\":\"fr-FR\",\"@id\":\"https:\\\/\\\/www.veltec.eu\\\/en\\\/#\\\/schema\\\/logo\\\/image\\\/\",\"url\":\"https:\\\/\\\/www.veltec.eu\\\/wp-content\\\/uploads\\\/2021\\\/12\\\/Veltec-log-groot-e1537260889125.png\",\"contentUrl\":\"https:\\\/\\\/www.veltec.eu\\\/wp-content\\\/uploads\\\/2021\\\/12\\\/Veltec-log-groot-e1537260889125.png\",\"width\":200,\"height\":60,\"caption\":\"Veltec Kirby Specialist\"},\"image\":{\"@id\":\"https:\\\/\\\/www.veltec.eu\\\/en\\\/#\\\/schema\\\/logo\\\/image\\\/\"},\"sameAs\":[\"https:\\\/\\\/www.facebook.com\\\/Veltec-Kirby-Specialist-236746293374877\\\/\",\"https:\\\/\\\/www.youtube.com\\\/user\\\/VeltecService\"]}]}<\/script>\n<!-- \/ Yoast SEO Premium plugin. -->","yoast_head_json":{"title":"Au sujet de Veltec","description":"Au sujet de Veltec. Veltec est un important fournisseur des aspirateurs et accessoires haut de gamme Kirby.","robots":{"index":"index","follow":"follow","max-snippet":"max-snippet:-1","max-image-preview":"max-image-preview:large","max-video-preview":"max-video-preview:-1"},"canonical":"https:\/\/www.veltec.eu\/nl\/over-ons\/","og_locale":"fr_FR","og_type":"article","og_title":"Au sujet de Veltec","og_url":"https:\/\/www.veltec.eu\/nl\/over-ons\/","og_site_name":"Veltec Kirby specialist","article_publisher":"https:\/\/www.facebook.com\/Veltec-Kirby-Specialist-236746293374877\/","article_modified_time":"2025-11-25T10:17:10+00:00","og_image":[{"url":"https:\/\/www.veltec.eu\/wp-content\/uploads\/2021\/12\/Veltec-log-groot-e1537260889125.png","type":"","width":"","height":""}],"twitter_card":"summary_large_image","twitter_misc":{"Dur\u00e9e de lecture estim\u00e9e":"3 minutes"},"schema":{"@context":"https:\/\/schema.org","@graph":[{"@type":"WebPage","@id":"https:\/\/www.veltec.eu\/nl\/over-ons\/","url":"https:\/\/www.veltec.eu\/nl\/over-ons\/","name":"Au sujet de Veltec","isPartOf":{"@id":"https:\/\/www.veltec.eu\/en\/#website"},"primaryImageOfPage":{"@id":"https:\/\/www.veltec.eu\/nl\/over-ons\/#primaryimage"},"image":{"@id":"https:\/\/www.veltec.eu\/nl\/over-ons\/#primaryimage"},"thumbnailUrl":"https:\/\/www.veltec.eu\/wp-content\/uploads\/2021\/12\/Veltec-log-groot-e1537260889125.png","datePublished":"2018-10-04T12:25:40+00:00","dateModified":"2025-11-25T10:17:10+00:00","description":"Au sujet de Veltec. Veltec est un important fournisseur des aspirateurs et accessoires haut de gamme Kirby.","breadcrumb":{"@id":"https:\/\/www.veltec.eu\/nl\/over-ons\/#breadcrumb"},"inLanguage":"fr-FR","potentialAction":[{"@type":"ReadAction","target":["https:\/\/www.veltec.eu\/nl\/over-ons\/"]}]},{"@type":"ImageObject","inLanguage":"fr-FR","@id":"https:\/\/www.veltec.eu\/nl\/over-ons\/#primaryimage","url":"https:\/\/www.veltec.eu\/wp-content\/uploads\/2021\/12\/Veltec-log-groot-e1537260889125.png","contentUrl":"https:\/\/www.veltec.eu\/wp-content\/uploads\/2021\/12\/Veltec-log-groot-e1537260889125.png"},{"@type":"BreadcrumbList","@id":"https:\/\/www.veltec.eu\/nl\/over-ons\/#breadcrumb","itemListElement":[{"@type":"ListItem","position":1,"name":"Home","item":"https:\/\/www.veltec.eu\/fr\/"},{"@type":"ListItem","position":2,"name":"Au sujet de Veltec"}]},{"@type":"WebSite","@id":"https:\/\/www.veltec.eu\/en\/#website","url":"https:\/\/www.veltec.eu\/en\/","name":"Veltec Kirby specialist","description":"Kirby stofzuiger producten","publisher":{"@id":"https:\/\/www.veltec.eu\/en\/#organization"},"potentialAction":[{"@type":"SearchAction","target":{"@type":"EntryPoint","urlTemplate":"https:\/\/www.veltec.eu\/en\/?s={search_term_string}"},"query-input":{"@type":"PropertyValueSpecification","valueRequired":true,"valueName":"search_term_string"}}],"inLanguage":"fr-FR"},{"@type":"Organization","@id":"https:\/\/www.veltec.eu\/en\/#organization","name":"Veltec Kirby Specialist","url":"https:\/\/www.veltec.eu\/en\/","logo":{"@type":"ImageObject","inLanguage":"fr-FR","@id":"https:\/\/www.veltec.eu\/en\/#\/schema\/logo\/image\/","url":"https:\/\/www.veltec.eu\/wp-content\/uploads\/2021\/12\/Veltec-log-groot-e1537260889125.png","contentUrl":"https:\/\/www.veltec.eu\/wp-content\/uploads\/2021\/12\/Veltec-log-groot-e1537260889125.png","width":200,"height":60,"caption":"Veltec Kirby Specialist"},"image":{"@id":"https:\/\/www.veltec.eu\/en\/#\/schema\/logo\/image\/"},"sameAs":["https:\/\/www.facebook.com\/Veltec-Kirby-Specialist-236746293374877\/","https:\/\/www.youtube.com\/user\/VeltecService"]}]}},"_links":{"self":[{"href":"https:\/\/www.veltec.eu\/fr\/wp-json\/wp\/v2\/pages\/3337","targetHints":{"allow":["GET"]}}],"collection":[{"href":"https:\/\/www.veltec.eu\/fr\/wp-json\/wp\/v2\/pages"}],"about":[{"href":"https:\/\/www.veltec.eu\/fr\/wp-json\/wp\/v2\/types\/page"}],"author":[{"embeddable":true,"href":"https:\/\/www.veltec.eu\/fr\/wp-json\/wp\/v2\/users\/1"}],"replies":[{"embeddable":true,"href":"https:\/\/www.veltec.eu\/fr\/wp-json\/wp\/v2\/comments?post=3337"}],"version-history":[{"count":3,"href":"https:\/\/www.veltec.eu\/fr\/wp-json\/wp\/v2\/pages\/3337\/revisions"}],"predecessor-version":[{"id":86544,"href":"https:\/\/www.veltec.eu\/fr\/wp-json\/wp\/v2\/pages\/3337\/revisions\/86544"}],"wp:attachment":[{"href":"https:\/\/www.veltec.eu\/fr\/wp-json\/wp\/v2\/media?parent=3337"}],"curies":[{"name":"wp","href":"https:\/\/api.w.org\/{rel}","templated":true}]}}