{"id":91551,"date":"2026-04-28T10:33:40","date_gmt":"2026-04-28T08:33:40","guid":{"rendered":"https:\/\/www.veltec.eu\/product\/sistema-de-limpieza-kirby-con-cepillo-de-rodillo\/"},"modified":"2026-04-28T11:59:33","modified_gmt":"2026-04-28T09:59:33","slug":"sistema-de-limpieza-kirby-con-cepillo-de-rodillo","status":"publish","type":"product","link":"https:\/\/www.veltec.eu\/es\/product\/sistema-de-limpieza-kirby-con-cepillo-de-rodillo\/","title":{"rendered":"Sistema de limpieza Kirby con cepillo de rodillo"},"content":{"rendered":"<h1>Sistema de limpieza Kirby con cepillo de rodillo<\/h1>\n<p>El <strong>sistema de limpieza Kirby con cepillo de rodillo<\/strong> es un cepillo de shampoo original dise\u00f1ado especialmente para la limpieza intensiva de suelos y alfombras en combinaci\u00f3n con el sistema Kirby Multi Floor Cleaning System. Por lo tanto, se obtiene una limpieza potente y uniforme, mientras que adem\u00e1s su suelo se mantiene en \u00f3ptimas condiciones.<\/p>\n<h2>Cepillo de rodillo Kirby original<\/h2>\n<p>Este <strong>cepillo de rodillo<\/strong> tambi\u00e9n es conocido como Kirby Rug Renovator y cepillo para sistema de shampoo de alfombras Kirby. Adem\u00e1s, es importante utilizar \u00fanicamente un producto original, ya que esto garantiza el rendimiento y la durabilidad de su m\u00e1quina. Asimismo, su dise\u00f1o permite una absorci\u00f3n y distribuci\u00f3n eficaz del shampoo durante la limpieza.<\/p>\n<p><a href=\"https:\/\/www.veltec.eu\/nl\/kirby-borstels-en-toebehoren\/\">Encuentre aqu\u00ed todos los cepillos Kirby originales<\/a><\/p>\n<h3>Compatibilidad del sistema de limpieza con cepillo de rodillo<\/h3>\n<p>El <strong>cepillo de rodillo<\/strong> es compatible \u00fanicamente con los sistemas Kirby Multi Floor Cleaning. Sin embargo, este cepillo no es adecuado para sistemas de shampoo m\u00e1s antiguos, ya que los extremos son de forma redonda. Por ello, se garantiza un ajuste perfecto en los modelos compatibles, mientras se excluye la incompatibilidad con sistemas antiguos. Compatible con, entre otros: Avalir Platinum, Avalir 2, Avalir 1, Sentria 2 (G10D), Sentria 1 (G10), Ultimate G Diamond Edition (G7D o DE), Ultimate G (G7 o UG), Generation 6 (G6), Generation 5 (G5), Generation 4 (G4) y Generation 3 (G3).<\/p>\n<h2><img decoding=\"async\" class=\"alignnone wp-image-91473 size-full\" src=\"https:\/\/www.veltec.eu\/wp-content\/uploads\/2026\/04\/Kirby-borstelrolgoed-1-1.jpg\" alt=\"Sistema de limpieza Kirby con cepillo de rodillo\" width=\"748\" height=\"228\" srcset=\"https:\/\/www.veltec.eu\/wp-content\/uploads\/2026\/04\/Kirby-borstelrolgoed-1-1.jpg 748w, https:\/\/www.veltec.eu\/wp-content\/uploads\/2026\/04\/Kirby-borstelrolgoed-1-1-300x91.jpg 300w, https:\/\/www.veltec.eu\/wp-content\/uploads\/2026\/04\/Kirby-borstelrolgoed-1-1-705x215.jpg 705w, https:\/\/www.veltec.eu\/wp-content\/uploads\/2026\/04\/Kirby-borstelrolgoed-1-1-450x137.jpg 450w, https:\/\/www.veltec.eu\/wp-content\/uploads\/2026\/04\/Kirby-borstelrolgoed-1-1-600x183.jpg 600w\" sizes=\"(max-width: 748px) 100vw, 748px\" \/><br \/>\nAplicaci\u00f3n y mantenimiento del sistema de limpieza Kirby con cepillo de rodillo<\/h2>\n<p>Durante el uso, el <strong>cepillo de rodillo<\/strong> proporciona un efecto de limpieza profunda, eliminando eficazmente la suciedad y los residuos de las fibras de las alfombras. Adem\u00e1s, es esencial realizar un mantenimiento adecuado para prolongar su vida \u00fatil y mantener su rendimiento.<\/p>\n<h3>Consejos de mantenimiento del cepillo de rodillo Kirby<\/h3>\n<p>Despu\u00e9s de lavar el cepillo de rodillo, debe volver a montarse correctamente. A continuaci\u00f3n, haga funcionar el Kirby durante aproximadamente 10\u201330 segundos con la bandeja levantada, para que el cepillo se seque adecuadamente y, adem\u00e1s, se reduzca la corrosi\u00f3n de los rodamientos. Sin embargo, nunca deje el cepillo de rodillo en remojo en agua, ya que esto puede causar da\u00f1os y afectar su funcionamiento.<\/p>\n","protected":false},"excerpt":{"rendered":"<p>Sistema de limpieza Kirby con cepillo de rodillo \u2013 Cepillo de shampoo original para el sistema de limpieza multi superficies Kirby.<\/p>\n","protected":false},"featured_media":91463,"comment_status":"open","ping_status":"closed","template":"","meta":[],"product_brand":[],"product_cat":[338,316],"product_tag":[],"class_list":{"0":"post-91551","1":"product","2":"type-product","3":"status-publish","4":"has-post-thumbnail","6":"product_cat-cepillos-accesorios-kirby-es","7":"product_cat-sistema-de-champu-kirby","9":"first","10":"instock","11":"taxable","12":"shipping-taxable","13":"purchasable","14":"product-type-simple"},"yoast_head":"<!-- This site is optimized with the Yoast SEO Premium plugin v27.1 (Yoast SEO v27.4) - https:\/\/yoast.com\/product\/yoast-seo-premium-wordpress\/ -->\n<title>Sistema de limpieza Kirby con cepillo de rodillo - Veltec Kirby specialist<\/title>\n<meta name=\"description\" content=\"Sistema de limpieza Kirby con cepillo de rodillo \u2013 Cepillo de shampoo original para el sistema de limpieza multi superficies Kirby.\" \/>\n<meta name=\"robots\" content=\"index, follow, max-snippet:-1, max-image-preview:large, max-video-preview:-1\" \/>\n<link rel=\"canonical\" href=\"https:\/\/www.veltec.eu\/es\/product\/sistema-de-limpieza-kirby-con-cepillo-de-rodillo\/\" \/>\n<meta property=\"og:locale\" content=\"es_ES\" \/>\n<meta property=\"og:type\" content=\"article\" \/>\n<meta property=\"og:title\" content=\"Sistema de limpieza Kirby con cepillo de rodillo\" \/>\n<meta property=\"og:description\" content=\"Sistema de limpieza Kirby con cepillo de rodillo \u2013 Cepillo de shampoo original para el sistema de limpieza multi superficies Kirby.\" \/>\n<meta property=\"og:url\" content=\"https:\/\/www.veltec.eu\/es\/product\/sistema-de-limpieza-kirby-con-cepillo-de-rodillo\/\" \/>\n<meta property=\"og:site_name\" content=\"Veltec Kirby specialist\" \/>\n<meta property=\"article:publisher\" content=\"https:\/\/www.facebook.com\/Veltec-Kirby-Specialist-236746293374877\/\" \/>\n<meta property=\"article:modified_time\" content=\"2026-04-28T09:59:33+00:00\" \/>\n<meta property=\"og:image\" content=\"https:\/\/www.veltec.eu\/wp-content\/uploads\/2026\/04\/Kirby-shampoo-borstel.Avalir.jpg\" \/>\n\t<meta property=\"og:image:width\" content=\"600\" \/>\n\t<meta property=\"og:image:height\" content=\"600\" \/>\n\t<meta property=\"og:image:type\" content=\"image\/jpeg\" \/>\n<meta name=\"twitter:card\" content=\"summary_large_image\" \/>\n<meta name=\"twitter:label1\" content=\"Tiempo de lectura\" \/>\n\t<meta name=\"twitter:data1\" content=\"2 minutos\" \/>\n<script type=\"application\/ld+json\" class=\"yoast-schema-graph\">{\"@context\":\"https:\\\/\\\/schema.org\",\"@graph\":[{\"@type\":\"WebPage\",\"@id\":\"https:\\\/\\\/www.veltec.eu\\\/es\\\/product\\\/sistema-de-limpieza-kirby-con-cepillo-de-rodillo\\\/\",\"url\":\"https:\\\/\\\/www.veltec.eu\\\/es\\\/product\\\/sistema-de-limpieza-kirby-con-cepillo-de-rodillo\\\/\",\"name\":\"Sistema de limpieza Kirby con cepillo de rodillo - Veltec Kirby specialist\",\"isPartOf\":{\"@id\":\"https:\\\/\\\/www.veltec.eu\\\/en\\\/#website\"},\"primaryImageOfPage\":{\"@id\":\"https:\\\/\\\/www.veltec.eu\\\/es\\\/product\\\/sistema-de-limpieza-kirby-con-cepillo-de-rodillo\\\/#primaryimage\"},\"image\":{\"@id\":\"https:\\\/\\\/www.veltec.eu\\\/es\\\/product\\\/sistema-de-limpieza-kirby-con-cepillo-de-rodillo\\\/#primaryimage\"},\"thumbnailUrl\":\"https:\\\/\\\/www.veltec.eu\\\/wp-content\\\/uploads\\\/2026\\\/04\\\/Kirby-shampoo-borstel.Avalir.jpg\",\"datePublished\":\"2026-04-28T08:33:40+00:00\",\"dateModified\":\"2026-04-28T09:59:33+00:00\",\"description\":\"Sistema de limpieza Kirby con cepillo de rodillo \u2013 Cepillo de shampoo original para el sistema de limpieza multi superficies Kirby.\",\"breadcrumb\":{\"@id\":\"https:\\\/\\\/www.veltec.eu\\\/es\\\/product\\\/sistema-de-limpieza-kirby-con-cepillo-de-rodillo\\\/#breadcrumb\"},\"inLanguage\":\"es\",\"potentialAction\":[{\"@type\":\"ReadAction\",\"target\":[\"https:\\\/\\\/www.veltec.eu\\\/es\\\/product\\\/sistema-de-limpieza-kirby-con-cepillo-de-rodillo\\\/\"]}]},{\"@type\":\"ImageObject\",\"inLanguage\":\"es\",\"@id\":\"https:\\\/\\\/www.veltec.eu\\\/es\\\/product\\\/sistema-de-limpieza-kirby-con-cepillo-de-rodillo\\\/#primaryimage\",\"url\":\"https:\\\/\\\/www.veltec.eu\\\/wp-content\\\/uploads\\\/2026\\\/04\\\/Kirby-shampoo-borstel.Avalir.jpg\",\"contentUrl\":\"https:\\\/\\\/www.veltec.eu\\\/wp-content\\\/uploads\\\/2026\\\/04\\\/Kirby-shampoo-borstel.Avalir.jpg\",\"width\":600,\"height\":600},{\"@type\":\"BreadcrumbList\",\"@id\":\"https:\\\/\\\/www.veltec.eu\\\/es\\\/product\\\/sistema-de-limpieza-kirby-con-cepillo-de-rodillo\\\/#breadcrumb\",\"itemListElement\":[{\"@type\":\"ListItem\",\"position\":1,\"name\":\"Home\",\"item\":\"https:\\\/\\\/www.veltec.eu\\\/es\\\/\"},{\"@type\":\"ListItem\",\"position\":2,\"name\":\"Produits\",\"item\":\"https:\\\/\\\/www.veltec.eu\\\/fr\\\/shop\\\/\"},{\"@type\":\"ListItem\",\"position\":3,\"name\":\"Sistema de limpieza Kirby con cepillo de rodillo\"}]},{\"@type\":\"WebSite\",\"@id\":\"https:\\\/\\\/www.veltec.eu\\\/en\\\/#website\",\"url\":\"https:\\\/\\\/www.veltec.eu\\\/en\\\/\",\"name\":\"Veltec Kirby specialist\",\"description\":\"Kirby stofzuiger producten\",\"publisher\":{\"@id\":\"https:\\\/\\\/www.veltec.eu\\\/en\\\/#organization\"},\"potentialAction\":[{\"@type\":\"SearchAction\",\"target\":{\"@type\":\"EntryPoint\",\"urlTemplate\":\"https:\\\/\\\/www.veltec.eu\\\/en\\\/?s={search_term_string}\"},\"query-input\":{\"@type\":\"PropertyValueSpecification\",\"valueRequired\":true,\"valueName\":\"search_term_string\"}}],\"inLanguage\":\"es\"},{\"@type\":\"Organization\",\"@id\":\"https:\\\/\\\/www.veltec.eu\\\/en\\\/#organization\",\"name\":\"Veltec Kirby Specialist\",\"url\":\"https:\\\/\\\/www.veltec.eu\\\/en\\\/\",\"logo\":{\"@type\":\"ImageObject\",\"inLanguage\":\"es\",\"@id\":\"https:\\\/\\\/www.veltec.eu\\\/en\\\/#\\\/schema\\\/logo\\\/image\\\/\",\"url\":\"https:\\\/\\\/www.veltec.eu\\\/wp-content\\\/uploads\\\/2021\\\/12\\\/Veltec-log-groot-e1537260889125.png\",\"contentUrl\":\"https:\\\/\\\/www.veltec.eu\\\/wp-content\\\/uploads\\\/2021\\\/12\\\/Veltec-log-groot-e1537260889125.png\",\"width\":200,\"height\":60,\"caption\":\"Veltec Kirby Specialist\"},\"image\":{\"@id\":\"https:\\\/\\\/www.veltec.eu\\\/en\\\/#\\\/schema\\\/logo\\\/image\\\/\"},\"sameAs\":[\"https:\\\/\\\/www.facebook.com\\\/Veltec-Kirby-Specialist-236746293374877\\\/\",\"https:\\\/\\\/www.youtube.com\\\/user\\\/VeltecService\"]}]}<\/script>\n<!-- \/ Yoast SEO Premium plugin. -->","yoast_head_json":{"title":"Sistema de limpieza Kirby con cepillo de rodillo - Veltec Kirby specialist","description":"Sistema de limpieza Kirby con cepillo de rodillo \u2013 Cepillo de shampoo original para el sistema de limpieza multi superficies Kirby.","robots":{"index":"index","follow":"follow","max-snippet":"max-snippet:-1","max-image-preview":"max-image-preview:large","max-video-preview":"max-video-preview:-1"},"canonical":"https:\/\/www.veltec.eu\/es\/product\/sistema-de-limpieza-kirby-con-cepillo-de-rodillo\/","og_locale":"es_ES","og_type":"article","og_title":"Sistema de limpieza Kirby con cepillo de rodillo","og_description":"Sistema de limpieza Kirby con cepillo de rodillo \u2013 Cepillo de shampoo original para el sistema de limpieza multi superficies Kirby.","og_url":"https:\/\/www.veltec.eu\/es\/product\/sistema-de-limpieza-kirby-con-cepillo-de-rodillo\/","og_site_name":"Veltec Kirby specialist","article_publisher":"https:\/\/www.facebook.com\/Veltec-Kirby-Specialist-236746293374877\/","article_modified_time":"2026-04-28T09:59:33+00:00","og_image":[{"width":600,"height":600,"url":"https:\/\/www.veltec.eu\/wp-content\/uploads\/2026\/04\/Kirby-shampoo-borstel.Avalir.jpg","type":"image\/jpeg"}],"twitter_card":"summary_large_image","twitter_misc":{"Tiempo de lectura":"2 minutos"},"schema":{"@context":"https:\/\/schema.org","@graph":[{"@type":"WebPage","@id":"https:\/\/www.veltec.eu\/es\/product\/sistema-de-limpieza-kirby-con-cepillo-de-rodillo\/","url":"https:\/\/www.veltec.eu\/es\/product\/sistema-de-limpieza-kirby-con-cepillo-de-rodillo\/","name":"Sistema de limpieza Kirby con cepillo de rodillo - Veltec Kirby specialist","isPartOf":{"@id":"https:\/\/www.veltec.eu\/en\/#website"},"primaryImageOfPage":{"@id":"https:\/\/www.veltec.eu\/es\/product\/sistema-de-limpieza-kirby-con-cepillo-de-rodillo\/#primaryimage"},"image":{"@id":"https:\/\/www.veltec.eu\/es\/product\/sistema-de-limpieza-kirby-con-cepillo-de-rodillo\/#primaryimage"},"thumbnailUrl":"https:\/\/www.veltec.eu\/wp-content\/uploads\/2026\/04\/Kirby-shampoo-borstel.Avalir.jpg","datePublished":"2026-04-28T08:33:40+00:00","dateModified":"2026-04-28T09:59:33+00:00","description":"Sistema de limpieza Kirby con cepillo de rodillo \u2013 Cepillo de shampoo original para el sistema de limpieza multi superficies Kirby.","breadcrumb":{"@id":"https:\/\/www.veltec.eu\/es\/product\/sistema-de-limpieza-kirby-con-cepillo-de-rodillo\/#breadcrumb"},"inLanguage":"es","potentialAction":[{"@type":"ReadAction","target":["https:\/\/www.veltec.eu\/es\/product\/sistema-de-limpieza-kirby-con-cepillo-de-rodillo\/"]}]},{"@type":"ImageObject","inLanguage":"es","@id":"https:\/\/www.veltec.eu\/es\/product\/sistema-de-limpieza-kirby-con-cepillo-de-rodillo\/#primaryimage","url":"https:\/\/www.veltec.eu\/wp-content\/uploads\/2026\/04\/Kirby-shampoo-borstel.Avalir.jpg","contentUrl":"https:\/\/www.veltec.eu\/wp-content\/uploads\/2026\/04\/Kirby-shampoo-borstel.Avalir.jpg","width":600,"height":600},{"@type":"BreadcrumbList","@id":"https:\/\/www.veltec.eu\/es\/product\/sistema-de-limpieza-kirby-con-cepillo-de-rodillo\/#breadcrumb","itemListElement":[{"@type":"ListItem","position":1,"name":"Home","item":"https:\/\/www.veltec.eu\/es\/"},{"@type":"ListItem","position":2,"name":"Produits","item":"https:\/\/www.veltec.eu\/fr\/shop\/"},{"@type":"ListItem","position":3,"name":"Sistema de limpieza Kirby con cepillo de rodillo"}]},{"@type":"WebSite","@id":"https:\/\/www.veltec.eu\/en\/#website","url":"https:\/\/www.veltec.eu\/en\/","name":"Veltec Kirby specialist","description":"Kirby stofzuiger producten","publisher":{"@id":"https:\/\/www.veltec.eu\/en\/#organization"},"potentialAction":[{"@type":"SearchAction","target":{"@type":"EntryPoint","urlTemplate":"https:\/\/www.veltec.eu\/en\/?s={search_term_string}"},"query-input":{"@type":"PropertyValueSpecification","valueRequired":true,"valueName":"search_term_string"}}],"inLanguage":"es"},{"@type":"Organization","@id":"https:\/\/www.veltec.eu\/en\/#organization","name":"Veltec Kirby Specialist","url":"https:\/\/www.veltec.eu\/en\/","logo":{"@type":"ImageObject","inLanguage":"es","@id":"https:\/\/www.veltec.eu\/en\/#\/schema\/logo\/image\/","url":"https:\/\/www.veltec.eu\/wp-content\/uploads\/2021\/12\/Veltec-log-groot-e1537260889125.png","contentUrl":"https:\/\/www.veltec.eu\/wp-content\/uploads\/2021\/12\/Veltec-log-groot-e1537260889125.png","width":200,"height":60,"caption":"Veltec Kirby Specialist"},"image":{"@id":"https:\/\/www.veltec.eu\/en\/#\/schema\/logo\/image\/"},"sameAs":["https:\/\/www.facebook.com\/Veltec-Kirby-Specialist-236746293374877\/","https:\/\/www.youtube.com\/user\/VeltecService"]}]}},"_links":{"self":[{"href":"https:\/\/www.veltec.eu\/es\/wp-json\/wp\/v2\/product\/91551","targetHints":{"allow":["GET"]}}],"collection":[{"href":"https:\/\/www.veltec.eu\/es\/wp-json\/wp\/v2\/product"}],"about":[{"href":"https:\/\/www.veltec.eu\/es\/wp-json\/wp\/v2\/types\/product"}],"replies":[{"embeddable":true,"href":"https:\/\/www.veltec.eu\/es\/wp-json\/wp\/v2\/comments?post=91551"}],"wp:featuredmedia":[{"embeddable":true,"href":"https:\/\/www.veltec.eu\/es\/wp-json\/wp\/v2\/media\/91463"}],"wp:attachment":[{"href":"https:\/\/www.veltec.eu\/es\/wp-json\/wp\/v2\/media?parent=91551"}],"wp:term":[{"taxonomy":"product_brand","embeddable":true,"href":"https:\/\/www.veltec.eu\/es\/wp-json\/wp\/v2\/product_brand?post=91551"},{"taxonomy":"product_cat","embeddable":true,"href":"https:\/\/www.veltec.eu\/es\/wp-json\/wp\/v2\/product_cat?post=91551"},{"taxonomy":"product_tag","embeddable":true,"href":"https:\/\/www.veltec.eu\/es\/wp-json\/wp\/v2\/product_tag?post=91551"}],"curies":[{"name":"wp","href":"https:\/\/api.w.org\/{rel}","templated":true}]}}