{"id":89096,"date":"2026-03-03T09:45:16","date_gmt":"2026-03-03T07:45:16","guid":{"rendered":"https:\/\/www.veltec.eu\/product\/kirby-tornillos-de-la-rueda-delantera\/"},"modified":"2026-03-03T15:21:23","modified_gmt":"2026-03-03T13:21:23","slug":"kirby-tornillos-de-la-rueda-delantera","status":"publish","type":"product","link":"https:\/\/www.veltec.eu\/es\/product\/kirby-tornillos-de-la-rueda-delantera\/","title":{"rendered":"Kirby Tornillos de la rueda delantera"},"content":{"rendered":"<h1>Kirby Tornillos de la rueda delantera: pieza de repuesto para su aspiradora<\/h1>\n<p>\u00bfBusca Kirby Tornillos de la rueda delantera fiables, un componente esencial para el mantenimiento de su aspiradora Kirby? Estos tornillos de repuesto de alta calidad garantizan una fijaci\u00f3n firme de las ruedas delanteras y aseguran una estabilidad y durabilidad \u00f3ptimas. Perfectos tanto para modelos antiguos como para las \u00faltimas aspiradoras Avalir. Gracias a su f\u00e1cil instalaci\u00f3n, podr\u00e1 volver a utilizar su aspiradora inmediatamente.<\/p>\n<h2>Compatibilidad de los tornillos de la rueda delantera Kirby<\/h2>\n<p>El tornillo para rueda delantera Kirby se adapta a casi todas las aspiradoras Kirby, especialmente a los modelos Avalir. Dado que las ruedas delanteras Avalir no tienen tapacubos, Kirby Company ha fabricado los tornillos en color negro. Esto no solo proporciona un aspecto uniforme y profesional, sino que tambi\u00e9n garantiza que los tornillos permanezcan firmemente sujetos, incluso con un uso intensivo. Adem\u00e1s, son adecuados para ruedas de modelos m\u00e1s antiguos.<\/p>\n<p>Echa un vistazo a nuestra gama de <a href=\"https:\/\/www.veltec.eu\/es\/ruedas-accesorios-kirby\/\" target=\"_blank\" rel=\"noopener\">ruedas y accesorios Kirby<\/a> para obtener un juego de repuestos completo.<\/p>\n<h3>Modelos Kirby compatibles<\/h3>\n<p>Este juego de tornillos para la rueda delantera Kirby es compatible con los siguientes modelos:<\/p>\n<ul>\n<li>Avalir 2<\/li>\n<li>Avalir<\/li>\n<li>Sentria II (G10D)<\/li>\n<li>Sentria (G10)<\/li>\n<li>Ultimate G Diamond Ed. (G7D of DE)<\/li>\n<li>Ultimate G (G7 of UG)<\/li>\n<li>Generation 6 (G6)<\/li>\n<li>Generation 5 (G5)<\/li>\n<li>Generation 4 (G4)<\/li>\n<li>Generation 3 (G3)<\/li>\n<\/ul>\n<p>Gracias a esta amplia compatibilidad, el tornillo se puede utilizar directamente como pieza de repuesto en tareas de mantenimiento o reparaci\u00f3n, sin necesidad de realizar ajustes.<\/p>\n<p>Lea m\u00e1s sobre <a href=\"https:\/\/www.servicio-de-aspiradoras-kirby.es\/ruedas-kirby\/\" target=\"_blank\" rel=\"noopener\">Todo lo que necesita saber sobre las ruedas Kirby<\/a> para comprender completamente el mantenimiento de sus ruedas delanteras.<\/p>\n<h2>Tornillos de la rueda delantera Kirby: contenido e instalaci\u00f3n<\/h2>\n<p>El juego incluye dos tornillos Torx, f\u00e1ciles de fijar con un destornillador Torx de tama\u00f1o T20. De este modo, la sustituci\u00f3n de las ruedas delanteras se realiza de forma r\u00e1pida y eficaz. Gracias a su ingenioso dise\u00f1o, el tornillo de la rueda delantera Kirby se mantiene firmemente en su sitio, lo que reduce las vibraciones y aumenta la estabilidad del aspirador.<\/p>\n<p>El dise\u00f1o negro proporciona un aspecto limpio y uniforme a las ruedas delanteras Avalir, que no tienen tapacubos. Esta combinaci\u00f3n de simplicidad y durabilidad hace que el tornillo sea una pieza indispensable para cualquier propietario de Kirby que valore el rendimiento a largo plazo.<\/p>\n<h3>Sostenibilidad y fiabilidad<\/h3>\n<p>Con los tornillos para la rueda delantera Kirby, usted invierte en calidad y fiabilidad duradera. Los tornillos est\u00e1n fabricados con materiales de alta calidad y son resistentes al desgaste. De este modo, su aspiradora Kirby seguir\u00e1 funcionando sin problemas, independientemente de la frecuencia con la que la utilice. Adem\u00e1s, su f\u00e1cil instalaci\u00f3n le permite volver a ponerla en marcha r\u00e1pidamente, sin necesidad de ayuda profesional.<\/p>\n","protected":false},"excerpt":{"rendered":"<p>Este juego de tornillos para ruedas delanteras Kirby garantiza una fijaci\u00f3n firme de las ruedas delanteras. Apto para aspiradoras Avalir y Kirby antiguas, f\u00e1cil de instalar.<\/p>\n[trustindex data-widget-id=48bbd87242952812953642309d4]\n<h3><strong><br \/>\n<\/strong><span style=\"color: #008000;\">En stock<\/span><\/h3>\n[av_font_icon icon='ue812' font='entypo-fontello' style='' caption='' size='25px' position='left' color='#43ad66' link='' linktarget='' title_attr='' sonar_effect_effect='' sonar_effect_color='' sonar_effect_duration='1' sonar_effect_scale='' sonar_effect_opac='0.5' animation='' id='' custom_class='' template_class='' av_uid='' sc_version='1.0' admin_preview_bg=''][\/av_font_icon]\n<p><span style=\"color: #008000;\">Pedido antes de las 23:59, enviado ma\u00f1ana<\/span><\/p>\n<p>&nbsp;<\/p>\n","protected":false},"featured_media":89018,"comment_status":"open","ping_status":"closed","template":"","meta":[],"product_brand":[],"product_cat":[297],"product_tag":[],"class_list":{"0":"post-89096","1":"product","2":"type-product","3":"status-publish","4":"has-post-thumbnail","6":"product_cat-ruedas-accesorios-kirby","8":"first","9":"instock","10":"taxable","11":"shipping-taxable","12":"purchasable","13":"product-type-simple"},"yoast_head":"<!-- This site is optimized with the Yoast SEO Premium plugin v27.1 (Yoast SEO v27.3) - https:\/\/yoast.com\/product\/yoast-seo-premium-wordpress\/ -->\n<title>Kirby Tornillos de la rueda delantera - Especialista en Veltec Kirby<\/title>\n<meta name=\"description\" content=\"Reemplace f\u00e1cilmente los tornillos de la rueda delantera de su Kirby. Apto para Avalir y modelos anteriores. Duradero, resistente y f\u00e1cil de instalar.\" \/>\n<meta name=\"robots\" content=\"index, follow, max-snippet:-1, max-image-preview:large, max-video-preview:-1\" \/>\n<link rel=\"canonical\" href=\"https:\/\/www.veltec.eu\/es\/product\/kirby-tornillos-de-la-rueda-delantera\/\" \/>\n<meta property=\"og:locale\" content=\"es_ES\" \/>\n<meta property=\"og:type\" content=\"article\" \/>\n<meta property=\"og:title\" content=\"Kirby Tornillos de la rueda delantera\" \/>\n<meta property=\"og:description\" content=\"Este juego de tornillos para ruedas delanteras Kirby garantiza una fijaci\u00f3n firme de las ruedas delanteras. Apto para aspiradoras Avalir y Kirby antiguas, f\u00e1cil de instalar.    En stock   Pedido antes de las 23:59, enviado ma\u00f1ana  &nbsp;\" \/>\n<meta property=\"og:url\" content=\"https:\/\/www.veltec.eu\/es\/product\/kirby-tornillos-de-la-rueda-delantera\/\" \/>\n<meta property=\"og:site_name\" content=\"Veltec Kirby specialist\" \/>\n<meta property=\"article:publisher\" content=\"https:\/\/www.facebook.com\/Veltec-Kirby-Specialist-236746293374877\/\" \/>\n<meta property=\"article:modified_time\" content=\"2026-03-03T13:21:23+00:00\" \/>\n<meta property=\"og:image\" content=\"https:\/\/www.veltec.eu\/wp-content\/uploads\/2026\/03\/Schroeven-voorwiel.jpg\" \/>\n\t<meta property=\"og:image:width\" content=\"600\" \/>\n\t<meta property=\"og:image:height\" content=\"600\" \/>\n\t<meta property=\"og:image:type\" content=\"image\/jpeg\" \/>\n<meta name=\"twitter:card\" content=\"summary_large_image\" \/>\n<meta name=\"twitter:label1\" content=\"Tiempo de lectura\" \/>\n\t<meta name=\"twitter:data1\" content=\"3 minutos\" \/>\n<script type=\"application\/ld+json\" class=\"yoast-schema-graph\">{\"@context\":\"https:\\\/\\\/schema.org\",\"@graph\":[{\"@type\":\"WebPage\",\"@id\":\"https:\\\/\\\/www.veltec.eu\\\/es\\\/product\\\/kirby-tornillos-de-la-rueda-delantera\\\/\",\"url\":\"https:\\\/\\\/www.veltec.eu\\\/es\\\/product\\\/kirby-tornillos-de-la-rueda-delantera\\\/\",\"name\":\"Kirby Tornillos de la rueda delantera - Especialista en Veltec Kirby\",\"isPartOf\":{\"@id\":\"https:\\\/\\\/www.veltec.eu\\\/en\\\/#website\"},\"primaryImageOfPage\":{\"@id\":\"https:\\\/\\\/www.veltec.eu\\\/es\\\/product\\\/kirby-tornillos-de-la-rueda-delantera\\\/#primaryimage\"},\"image\":{\"@id\":\"https:\\\/\\\/www.veltec.eu\\\/es\\\/product\\\/kirby-tornillos-de-la-rueda-delantera\\\/#primaryimage\"},\"thumbnailUrl\":\"https:\\\/\\\/www.veltec.eu\\\/wp-content\\\/uploads\\\/2026\\\/03\\\/Schroeven-voorwiel.jpg\",\"datePublished\":\"2026-03-03T07:45:16+00:00\",\"dateModified\":\"2026-03-03T13:21:23+00:00\",\"description\":\"Reemplace f\u00e1cilmente los tornillos de la rueda delantera de su Kirby. Apto para Avalir y modelos anteriores. Duradero, resistente y f\u00e1cil de instalar.\",\"breadcrumb\":{\"@id\":\"https:\\\/\\\/www.veltec.eu\\\/es\\\/product\\\/kirby-tornillos-de-la-rueda-delantera\\\/#breadcrumb\"},\"inLanguage\":\"es\",\"potentialAction\":[{\"@type\":\"ReadAction\",\"target\":[\"https:\\\/\\\/www.veltec.eu\\\/es\\\/product\\\/kirby-tornillos-de-la-rueda-delantera\\\/\"]}]},{\"@type\":\"ImageObject\",\"inLanguage\":\"es\",\"@id\":\"https:\\\/\\\/www.veltec.eu\\\/es\\\/product\\\/kirby-tornillos-de-la-rueda-delantera\\\/#primaryimage\",\"url\":\"https:\\\/\\\/www.veltec.eu\\\/wp-content\\\/uploads\\\/2026\\\/03\\\/Schroeven-voorwiel.jpg\",\"contentUrl\":\"https:\\\/\\\/www.veltec.eu\\\/wp-content\\\/uploads\\\/2026\\\/03\\\/Schroeven-voorwiel.jpg\",\"width\":600,\"height\":600,\"caption\":\"Tornillos rueda delantera\"},{\"@type\":\"BreadcrumbList\",\"@id\":\"https:\\\/\\\/www.veltec.eu\\\/es\\\/product\\\/kirby-tornillos-de-la-rueda-delantera\\\/#breadcrumb\",\"itemListElement\":[{\"@type\":\"ListItem\",\"position\":1,\"name\":\"Home\",\"item\":\"https:\\\/\\\/www.veltec.eu\\\/es\\\/\"},{\"@type\":\"ListItem\",\"position\":2,\"name\":\"Produits\",\"item\":\"https:\\\/\\\/www.veltec.eu\\\/fr\\\/shop\\\/\"},{\"@type\":\"ListItem\",\"position\":3,\"name\":\"Kirby Tornillos de la rueda delantera\"}]},{\"@type\":\"WebSite\",\"@id\":\"https:\\\/\\\/www.veltec.eu\\\/en\\\/#website\",\"url\":\"https:\\\/\\\/www.veltec.eu\\\/en\\\/\",\"name\":\"Veltec Kirby specialist\",\"description\":\"Kirby stofzuiger producten\",\"publisher\":{\"@id\":\"https:\\\/\\\/www.veltec.eu\\\/en\\\/#organization\"},\"potentialAction\":[{\"@type\":\"SearchAction\",\"target\":{\"@type\":\"EntryPoint\",\"urlTemplate\":\"https:\\\/\\\/www.veltec.eu\\\/en\\\/?s={search_term_string}\"},\"query-input\":{\"@type\":\"PropertyValueSpecification\",\"valueRequired\":true,\"valueName\":\"search_term_string\"}}],\"inLanguage\":\"es\"},{\"@type\":\"Organization\",\"@id\":\"https:\\\/\\\/www.veltec.eu\\\/en\\\/#organization\",\"name\":\"Veltec Kirby Specialist\",\"url\":\"https:\\\/\\\/www.veltec.eu\\\/en\\\/\",\"logo\":{\"@type\":\"ImageObject\",\"inLanguage\":\"es\",\"@id\":\"https:\\\/\\\/www.veltec.eu\\\/en\\\/#\\\/schema\\\/logo\\\/image\\\/\",\"url\":\"https:\\\/\\\/www.veltec.eu\\\/wp-content\\\/uploads\\\/2021\\\/12\\\/Veltec-log-groot-e1537260889125.png\",\"contentUrl\":\"https:\\\/\\\/www.veltec.eu\\\/wp-content\\\/uploads\\\/2021\\\/12\\\/Veltec-log-groot-e1537260889125.png\",\"width\":200,\"height\":60,\"caption\":\"Veltec Kirby Specialist\"},\"image\":{\"@id\":\"https:\\\/\\\/www.veltec.eu\\\/en\\\/#\\\/schema\\\/logo\\\/image\\\/\"},\"sameAs\":[\"https:\\\/\\\/www.facebook.com\\\/Veltec-Kirby-Specialist-236746293374877\\\/\",\"https:\\\/\\\/www.youtube.com\\\/user\\\/VeltecService\"]}]}<\/script>\n<!-- \/ Yoast SEO Premium plugin. -->","yoast_head_json":{"title":"Kirby Tornillos de la rueda delantera - Especialista en Veltec Kirby","description":"Reemplace f\u00e1cilmente los tornillos de la rueda delantera de su Kirby. Apto para Avalir y modelos anteriores. Duradero, resistente y f\u00e1cil de instalar.","robots":{"index":"index","follow":"follow","max-snippet":"max-snippet:-1","max-image-preview":"max-image-preview:large","max-video-preview":"max-video-preview:-1"},"canonical":"https:\/\/www.veltec.eu\/es\/product\/kirby-tornillos-de-la-rueda-delantera\/","og_locale":"es_ES","og_type":"article","og_title":"Kirby Tornillos de la rueda delantera","og_description":"Este juego de tornillos para ruedas delanteras Kirby garantiza una fijaci\u00f3n firme de las ruedas delanteras. Apto para aspiradoras Avalir y Kirby antiguas, f\u00e1cil de instalar.    En stock   Pedido antes de las 23:59, enviado ma\u00f1ana  &nbsp;","og_url":"https:\/\/www.veltec.eu\/es\/product\/kirby-tornillos-de-la-rueda-delantera\/","og_site_name":"Veltec Kirby specialist","article_publisher":"https:\/\/www.facebook.com\/Veltec-Kirby-Specialist-236746293374877\/","article_modified_time":"2026-03-03T13:21:23+00:00","og_image":[{"width":600,"height":600,"url":"https:\/\/www.veltec.eu\/wp-content\/uploads\/2026\/03\/Schroeven-voorwiel.jpg","type":"image\/jpeg"}],"twitter_card":"summary_large_image","twitter_misc":{"Tiempo de lectura":"3 minutos"},"schema":{"@context":"https:\/\/schema.org","@graph":[{"@type":"WebPage","@id":"https:\/\/www.veltec.eu\/es\/product\/kirby-tornillos-de-la-rueda-delantera\/","url":"https:\/\/www.veltec.eu\/es\/product\/kirby-tornillos-de-la-rueda-delantera\/","name":"Kirby Tornillos de la rueda delantera - Especialista en Veltec Kirby","isPartOf":{"@id":"https:\/\/www.veltec.eu\/en\/#website"},"primaryImageOfPage":{"@id":"https:\/\/www.veltec.eu\/es\/product\/kirby-tornillos-de-la-rueda-delantera\/#primaryimage"},"image":{"@id":"https:\/\/www.veltec.eu\/es\/product\/kirby-tornillos-de-la-rueda-delantera\/#primaryimage"},"thumbnailUrl":"https:\/\/www.veltec.eu\/wp-content\/uploads\/2026\/03\/Schroeven-voorwiel.jpg","datePublished":"2026-03-03T07:45:16+00:00","dateModified":"2026-03-03T13:21:23+00:00","description":"Reemplace f\u00e1cilmente los tornillos de la rueda delantera de su Kirby. Apto para Avalir y modelos anteriores. Duradero, resistente y f\u00e1cil de instalar.","breadcrumb":{"@id":"https:\/\/www.veltec.eu\/es\/product\/kirby-tornillos-de-la-rueda-delantera\/#breadcrumb"},"inLanguage":"es","potentialAction":[{"@type":"ReadAction","target":["https:\/\/www.veltec.eu\/es\/product\/kirby-tornillos-de-la-rueda-delantera\/"]}]},{"@type":"ImageObject","inLanguage":"es","@id":"https:\/\/www.veltec.eu\/es\/product\/kirby-tornillos-de-la-rueda-delantera\/#primaryimage","url":"https:\/\/www.veltec.eu\/wp-content\/uploads\/2026\/03\/Schroeven-voorwiel.jpg","contentUrl":"https:\/\/www.veltec.eu\/wp-content\/uploads\/2026\/03\/Schroeven-voorwiel.jpg","width":600,"height":600,"caption":"Tornillos rueda delantera"},{"@type":"BreadcrumbList","@id":"https:\/\/www.veltec.eu\/es\/product\/kirby-tornillos-de-la-rueda-delantera\/#breadcrumb","itemListElement":[{"@type":"ListItem","position":1,"name":"Home","item":"https:\/\/www.veltec.eu\/es\/"},{"@type":"ListItem","position":2,"name":"Produits","item":"https:\/\/www.veltec.eu\/fr\/shop\/"},{"@type":"ListItem","position":3,"name":"Kirby Tornillos de la rueda delantera"}]},{"@type":"WebSite","@id":"https:\/\/www.veltec.eu\/en\/#website","url":"https:\/\/www.veltec.eu\/en\/","name":"Veltec Kirby specialist","description":"Kirby stofzuiger producten","publisher":{"@id":"https:\/\/www.veltec.eu\/en\/#organization"},"potentialAction":[{"@type":"SearchAction","target":{"@type":"EntryPoint","urlTemplate":"https:\/\/www.veltec.eu\/en\/?s={search_term_string}"},"query-input":{"@type":"PropertyValueSpecification","valueRequired":true,"valueName":"search_term_string"}}],"inLanguage":"es"},{"@type":"Organization","@id":"https:\/\/www.veltec.eu\/en\/#organization","name":"Veltec Kirby Specialist","url":"https:\/\/www.veltec.eu\/en\/","logo":{"@type":"ImageObject","inLanguage":"es","@id":"https:\/\/www.veltec.eu\/en\/#\/schema\/logo\/image\/","url":"https:\/\/www.veltec.eu\/wp-content\/uploads\/2021\/12\/Veltec-log-groot-e1537260889125.png","contentUrl":"https:\/\/www.veltec.eu\/wp-content\/uploads\/2021\/12\/Veltec-log-groot-e1537260889125.png","width":200,"height":60,"caption":"Veltec Kirby Specialist"},"image":{"@id":"https:\/\/www.veltec.eu\/en\/#\/schema\/logo\/image\/"},"sameAs":["https:\/\/www.facebook.com\/Veltec-Kirby-Specialist-236746293374877\/","https:\/\/www.youtube.com\/user\/VeltecService"]}]}},"_links":{"self":[{"href":"https:\/\/www.veltec.eu\/es\/wp-json\/wp\/v2\/product\/89096","targetHints":{"allow":["GET"]}}],"collection":[{"href":"https:\/\/www.veltec.eu\/es\/wp-json\/wp\/v2\/product"}],"about":[{"href":"https:\/\/www.veltec.eu\/es\/wp-json\/wp\/v2\/types\/product"}],"replies":[{"embeddable":true,"href":"https:\/\/www.veltec.eu\/es\/wp-json\/wp\/v2\/comments?post=89096"}],"wp:featuredmedia":[{"embeddable":true,"href":"https:\/\/www.veltec.eu\/es\/wp-json\/wp\/v2\/media\/89018"}],"wp:attachment":[{"href":"https:\/\/www.veltec.eu\/es\/wp-json\/wp\/v2\/media?parent=89096"}],"wp:term":[{"taxonomy":"product_brand","embeddable":true,"href":"https:\/\/www.veltec.eu\/es\/wp-json\/wp\/v2\/product_brand?post=89096"},{"taxonomy":"product_cat","embeddable":true,"href":"https:\/\/www.veltec.eu\/es\/wp-json\/wp\/v2\/product_cat?post=89096"},{"taxonomy":"product_tag","embeddable":true,"href":"https:\/\/www.veltec.eu\/es\/wp-json\/wp\/v2\/product_tag?post=89096"}],"curies":[{"name":"wp","href":"https:\/\/api.w.org\/{rel}","templated":true}]}}