{"id":87012,"date":"2025-12-08T15:44:26","date_gmt":"2025-12-08T13:44:26","guid":{"rendered":"https:\/\/www.veltec.eu\/product\/sistema-de-limpieza-multi-superficie-kirby-reacondicionado\/"},"modified":"2025-12-29T14:43:11","modified_gmt":"2025-12-29T12:43:11","slug":"sistema-de-limpieza-multi-superficie-kirby-reacondicionado","status":"publish","type":"product","link":"https:\/\/www.veltec.eu\/es\/product\/sistema-de-limpieza-multi-superficie-kirby-reacondicionado\/","title":{"rendered":"Sistema de Limpieza Multi-Superficie Kirby \u2013 Reacondicionado"},"content":{"rendered":"<h1 data-start=\"51\" data-end=\"557\">Sistema de Limpieza Multi-Superficie Kirby \u2013 Reacondicionado<\/h1>\n<p data-start=\"51\" data-end=\"557\">El Sistema de Limpieza Multi-Superficie Kirby \u2013 Reacondicionado ofrece una soluci\u00f3n vers\u00e1til, potente y confiable para la limpieza de alfombras y suelos duros. Este sistema universal es compatible con casi todos los modelos Kirby, lo que lo convierte en la elecci\u00f3n ideal para hogares que buscan eficiencia y calidad. Descubre c\u00f3mo este sistema reacondicionado puede hacer que tu rutina de limpieza sea m\u00e1s sencilla, r\u00e1pida y eficaz.<\/p>\n<p data-start=\"559\" data-end=\"609\">Compatible con los siguientes modelos Kirby:<\/p>\n<ul>\n<li>Kirby Avalir Platinum<\/li>\n<li>Kirby Avalir 2<\/li>\n<li>Kirby Avalir 1<\/li>\n<li>Kirby Sentria 2 (G10D)<\/li>\n<li>Kirby Sentria 1 (G10)<\/li>\n<\/ul>\n<h2>\u00bfPor qu\u00e9 elegir el Sistema de Limpieza Multi-Superficie Kirby?<\/h2>\n<p>El mantenimiento de los suelos a menudo requiere varios dispositivos y mucho esfuerzo. Aqu\u00ed es donde entra en juego el Sistema de Limpieza Multi-Superficie Kirby \u2013 Reacondicionado. Gracias a su funci\u00f3n dos en uno, ya no es necesario usar dispositivos separados para alfombras y suelos duros. Esto significa menos desorden, menos p\u00e9rdida de tiempo y un resultado m\u00e1s limpio.<\/p>\n<h4 data-start=\"1178\" data-end=\"1205\">Principales ventajas:<\/h4>\n<ul>\n<li>Versatilidad: adecuado para alfombras y todo tipo de suelos duros como laminado, baldosas, vinilo y parquet.<\/li>\n<li>Limpieza potente: la suciedad incrustada y los al\u00e9rgenos se eliminan eficazmente gracias al sistema de perlas de champ\u00fa.<\/li>\n<li>Facilidad de uso: sencillo de manejar sin configuraciones complicadas.<\/li>\n<li>Durabilidad: materiales de alta calidad que garantizan una larga vida \u00fatil.<\/li>\n<li>Eficiencia: ahorra tiempo y esfuerzo en la limpieza.<\/li>\n<\/ul>\n<p><a href=\"https:\/\/www.servicio-de-aspiradoras-kirby.es\/utilizar-el-sistema-de-limpieza-multipiso-kirby\/\" target=\"_blank\" rel=\"noopener\">Uso del Utilizar el sistema de limpieza multipiso Kirby \u2013 La gu\u00eda definitiva para limpiar los suelos<\/a><\/p>\n<h2 data-start=\"1682\" data-end=\"1781\">C\u00f3mo usar el Sistema de Limpieza Multi-Superficie Kirby \u2013 Gu\u00eda definitiva para suelos limpios<\/h2>\n<h3 data-start=\"1783\" data-end=\"2233\">Limpiar alfombras con el Sistema de Limpieza Multi-Superficie Kirby \u2013 Reacondicionado<\/h3>\n<p data-start=\"1783\" data-end=\"2233\">Las alfombras pueden ensuciarse y perder brillo r\u00e1pidamente. El Sistema de Limpieza Multi-Superficie Kirby est\u00e1 equipado con un avanzado sistema de perlas de champ\u00fa que permite limpiar las alfombras de manera profunda y eficaz. Este m\u00e9todo elimina la suciedad incrustada, el polvo y los al\u00e9rgenos, manteniendo la alfombra m\u00e1s limpia y suave por m\u00e1s tiempo.<\/p>\n<h3>Consejos de uso:<\/h3>\n<ul>\n<li>Rellena el sistema de perlas de champ\u00fa con el champ\u00fa especial para alfombras Kirby.<\/li>\n<li>Mueve lentamente el dispositivo sobre la alfombra para una limpieza profunda.<\/li>\n<li>Deja que la alfombra se seque y disfruta de un aspecto fresco y limpio.<\/li>\n<\/ul>\n<h3 data-start=\"2505\" data-end=\"2823\">Fregar y limpiar suelos duros<\/h3>\n<p data-start=\"2505\" data-end=\"2823\">Adem\u00e1s de las alfombras, este sistema es ideal para suelos duros. El Sistema de Limpieza Multi-Superficie Kirby cuenta con una funci\u00f3n integrada de fregado que elimina la suciedad, el polvo y las manchas sin dejar rayas. Perfecto para familias, mascotas y zonas de mucho tr\u00e1nsito.<\/p>\n<h3 data-start=\"2825\" data-end=\"2863\">C\u00f3mo usar la funci\u00f3n de fregado:<\/h3>\n<ul>\n<li>Llena el dep\u00f3sito con agua limpia y el limpiador para suelos duros Kirby.<\/li>\n<li>Enciende el sistema y mu\u00e9velo de manera uniforme sobre el suelo.<\/li>\n<li>Disfruta de un suelo limpio y brillante en pocos minutos.<\/li>\n<\/ul>\n<h2 data-start=\"3079\" data-end=\"3267\">\u00bfPor qu\u00e9 elegir un sistema reacondicionado?<\/h2>\n<p data-start=\"3079\" data-end=\"3267\"><img decoding=\"async\" class=\"alignright wp-image-85969 size-square\" src=\"https:\/\/www.veltec.eu\/wp-content\/uploads\/2018\/09\/Kirby-refurbished-180x180.png\" alt=\"Sistema de Limpieza Multi-Superficie Kirby \u2013 Reacondicionado\" width=\"180\" height=\"180\" srcset=\"https:\/\/www.veltec.eu\/wp-content\/uploads\/2018\/09\/Kirby-refurbished-180x180.png 180w, https:\/\/www.veltec.eu\/wp-content\/uploads\/2018\/09\/Kirby-refurbished-300x300.png 300w, https:\/\/www.veltec.eu\/wp-content\/uploads\/2018\/09\/Kirby-refurbished-80x80.png 80w, https:\/\/www.veltec.eu\/wp-content\/uploads\/2018\/09\/Kirby-refurbished-36x36.png 36w, https:\/\/www.veltec.eu\/wp-content\/uploads\/2018\/09\/Kirby-refurbished-120x120.png 120w, https:\/\/www.veltec.eu\/wp-content\/uploads\/2018\/09\/Kirby-refurbished-450x450.png 450w, https:\/\/www.veltec.eu\/wp-content\/uploads\/2018\/09\/Kirby-refurbished-600x600.png 600w, https:\/\/www.veltec.eu\/wp-content\/uploads\/2018\/09\/Kirby-refurbished-100x100.png 100w, https:\/\/www.veltec.eu\/wp-content\/uploads\/2018\/09\/Kirby-refurbished.png 626w\" sizes=\"(max-width: 180px) 100vw, 180px\" \/><br data-start=\"3126\" data-end=\"3129\" \/>Muchos se preguntan si un Sistema de Limpieza Multi-Superficie Kirby reacondicionado es una buena elecci\u00f3n. La respuesta es simple: \u00a1s\u00ed!<\/p>\n<ul>\n<li>Revisado y probado: cada sistema reacondicionado se inspecciona y prueba cuidadosamente para garantizar un rendimiento \u00f3ptimo.<\/li>\n<li>Sostenible y ecol\u00f3gico: elegir un sistema reacondicionado reduce tu huella ecol\u00f3gica y contribuye a un mundo m\u00e1s sostenible.<\/li>\n<li>Asequible: disfruta de la misma calidad y funcionalidad que un sistema nuevo, pero a un precio considerablemente menor.<\/li>\n<\/ul>\n<p data-start=\"3666\" data-end=\"3890\">Con estas ventajas adicionales, el Sistema de Limpieza Multi-Superficie Kirby \u2013 Reacondicionado no solo es una opci\u00f3n pr\u00e1ctica para tu hogar, sino tambi\u00e9n una inversi\u00f3n inteligente para el medio ambiente y tu bolsillo.<\/p>\n<p data-start=\"3892\" data-end=\"3973\"><a href=\"https:\/\/www.veltec.eu\/es\/product\/sistema-de-limpieza-multi-superficie-kirby\/\" target=\"_blank\" rel=\"noopener\">\u00bfPrefieres un Sistema de Limpieza Multi-Superficie Kirby nuevo? Haz clic aqu\u00ed<\/a><\/p>\n<h3 data-start=\"3980\" data-end=\"4670\">Limpieza eficiente que ahorra tiempo y esfuerzo<\/h3>\n<p data-start=\"3980\" data-end=\"4670\">La mayor ventaja del Sistema de Limpieza Multi-Superficie Kirby es el ahorro de tiempo. Ya no necesitas combinar varios dispositivos ni fregar los suelos manualmente. Su mango ergon\u00f3mico y los controles intuitivos hacen que el sistema sea c\u00f3modo de usar para todos. El Sistema de Limpieza Multi-Superficie Kirby ofrece conveniencia, eficiencia y limpieza profunda en un solo dispositivo. Ya sea para limpiar alfombras con champ\u00fa o fregar suelos duros, este sistema reacondicionado hace que la limpieza sea m\u00e1s r\u00e1pida y f\u00e1cil que nunca. Opta por suelos higi\u00e9nicos sin esfuerzo adicional y descubre por ti mismo los beneficios de Kirby.<\/p>\n","protected":false},"excerpt":{"rendered":"<p>Sistema de Limpieza Multi-Superficie Kirby \u2013 Reacondicionado para alfombras y suelos duros<\/p>\n[trustindex data-widget-id=48bbd87242952812953642309d4]\n<h3><strong><br \/>\n<\/strong><span style=\"color: #008000;\">En stock<\/span><\/h3>\n[av_font_icon icon='ue812' font='entypo-fontello' style='' caption='' size='25px' position='left' color='#43ad66' link='' linktarget='' title_attr='' sonar_effect_effect='' sonar_effect_color='' sonar_effect_duration='1' sonar_effect_scale='' sonar_effect_opac='0.5' animation='' id='' custom_class='' template_class='' av_uid='' sc_version='1.0' admin_preview_bg=''][\/av_font_icon]\n<p><span style=\"color: #008000;\">Pedido antes de las 23:59, enviado ma\u00f1ana<\/span><\/p>\n<p>&nbsp;<\/p>\n","protected":false},"featured_media":86951,"comment_status":"open","ping_status":"closed","template":"","meta":[],"product_brand":[],"product_cat":[316],"product_tag":[],"class_list":{"0":"post-87012","1":"product","2":"type-product","3":"status-publish","4":"has-post-thumbnail","6":"product_cat-sistema-de-champu-kirby","8":"first","9":"instock","10":"sale","11":"taxable","12":"shipping-taxable","13":"purchasable","14":"product-type-simple"},"yoast_head":"<!-- This site is optimized with the Yoast SEO Premium plugin v27.1 (Yoast SEO v27.4) - https:\/\/yoast.com\/product\/yoast-seo-premium-wordpress\/ -->\n<title>Sistema de Limpieza Multi-Superficie Kirby \u2013 Reacondicionado - Veltec Kirby specialist<\/title>\n<meta name=\"description\" content=\"Sistema de Limpieza Multi-Superficie Kirby \u2013 Reacondicionado - Su suelo limpio de nuevo: una inversi\u00f3n inteligente para el medio ambiente y su bolsillo.\" \/>\n<meta name=\"robots\" content=\"index, follow, max-snippet:-1, max-image-preview:large, max-video-preview:-1\" \/>\n<link rel=\"canonical\" href=\"https:\/\/www.veltec.eu\/nl\/product\/kirby-multi-vloerreinigingssysteem-gereconditioneerd\/\" \/>\n<meta property=\"og:locale\" content=\"es_ES\" \/>\n<meta property=\"og:type\" content=\"article\" \/>\n<meta property=\"og:title\" content=\"Sistema de Limpieza Multi-Superficie Kirby \u2013 Reacondicionado\" \/>\n<meta property=\"og:description\" content=\"Sistema de Limpieza Multi-Superficie Kirby \u2013 Reacondicionado para alfombras y suelos duros    En stock   Pedido antes de las 23:59, enviado ma\u00f1ana  &nbsp;\" \/>\n<meta property=\"og:url\" content=\"https:\/\/www.veltec.eu\/nl\/product\/kirby-multi-vloerreinigingssysteem-gereconditioneerd\/\" \/>\n<meta property=\"og:site_name\" content=\"Veltec Kirby specialist\" \/>\n<meta property=\"article:publisher\" content=\"https:\/\/www.facebook.com\/Veltec-Kirby-Specialist-236746293374877\/\" \/>\n<meta property=\"article:modified_time\" content=\"2025-12-29T12:43:11+00:00\" \/>\n<meta property=\"og:image\" content=\"https:\/\/www.veltec.eu\/wp-content\/uploads\/2025\/12\/Kirby-multicleaner-refubished.jpg\" \/>\n\t<meta property=\"og:image:width\" content=\"500\" \/>\n\t<meta property=\"og:image:height\" content=\"500\" \/>\n\t<meta property=\"og:image:type\" content=\"image\/jpeg\" \/>\n<meta name=\"twitter:card\" content=\"summary_large_image\" \/>\n<meta name=\"twitter:label1\" content=\"Tiempo de lectura\" \/>\n\t<meta name=\"twitter:data1\" content=\"4 minutos\" \/>\n<script type=\"application\/ld+json\" class=\"yoast-schema-graph\">{\"@context\":\"https:\\\/\\\/schema.org\",\"@graph\":[{\"@type\":\"WebPage\",\"@id\":\"https:\\\/\\\/www.veltec.eu\\\/nl\\\/product\\\/kirby-multi-vloerreinigingssysteem-gereconditioneerd\\\/\",\"url\":\"https:\\\/\\\/www.veltec.eu\\\/nl\\\/product\\\/kirby-multi-vloerreinigingssysteem-gereconditioneerd\\\/\",\"name\":\"Sistema de Limpieza Multi-Superficie Kirby \u2013 Reacondicionado - Veltec Kirby specialist\",\"isPartOf\":{\"@id\":\"https:\\\/\\\/www.veltec.eu\\\/en\\\/#website\"},\"primaryImageOfPage\":{\"@id\":\"https:\\\/\\\/www.veltec.eu\\\/nl\\\/product\\\/kirby-multi-vloerreinigingssysteem-gereconditioneerd\\\/#primaryimage\"},\"image\":{\"@id\":\"https:\\\/\\\/www.veltec.eu\\\/nl\\\/product\\\/kirby-multi-vloerreinigingssysteem-gereconditioneerd\\\/#primaryimage\"},\"thumbnailUrl\":\"https:\\\/\\\/www.veltec.eu\\\/wp-content\\\/uploads\\\/2025\\\/12\\\/Kirby-multicleaner-refubished.jpg\",\"datePublished\":\"2025-12-08T13:44:26+00:00\",\"dateModified\":\"2025-12-29T12:43:11+00:00\",\"description\":\"Sistema de Limpieza Multi-Superficie Kirby \u2013 Reacondicionado - Su suelo limpio de nuevo: una inversi\u00f3n inteligente para el medio ambiente y su bolsillo.\",\"breadcrumb\":{\"@id\":\"https:\\\/\\\/www.veltec.eu\\\/nl\\\/product\\\/kirby-multi-vloerreinigingssysteem-gereconditioneerd\\\/#breadcrumb\"},\"inLanguage\":\"es\",\"potentialAction\":[{\"@type\":\"ReadAction\",\"target\":[\"https:\\\/\\\/www.veltec.eu\\\/nl\\\/product\\\/kirby-multi-vloerreinigingssysteem-gereconditioneerd\\\/\"]}]},{\"@type\":\"ImageObject\",\"inLanguage\":\"es\",\"@id\":\"https:\\\/\\\/www.veltec.eu\\\/nl\\\/product\\\/kirby-multi-vloerreinigingssysteem-gereconditioneerd\\\/#primaryimage\",\"url\":\"https:\\\/\\\/www.veltec.eu\\\/wp-content\\\/uploads\\\/2025\\\/12\\\/Kirby-multicleaner-refubished.jpg\",\"contentUrl\":\"https:\\\/\\\/www.veltec.eu\\\/wp-content\\\/uploads\\\/2025\\\/12\\\/Kirby-multicleaner-refubished.jpg\",\"width\":500,\"height\":500},{\"@type\":\"BreadcrumbList\",\"@id\":\"https:\\\/\\\/www.veltec.eu\\\/nl\\\/product\\\/kirby-multi-vloerreinigingssysteem-gereconditioneerd\\\/#breadcrumb\",\"itemListElement\":[{\"@type\":\"ListItem\",\"position\":1,\"name\":\"Home\",\"item\":\"https:\\\/\\\/www.veltec.eu\\\/es\\\/\"},{\"@type\":\"ListItem\",\"position\":2,\"name\":\"Produits\",\"item\":\"https:\\\/\\\/www.veltec.eu\\\/fr\\\/shop\\\/\"},{\"@type\":\"ListItem\",\"position\":3,\"name\":\"Sistema de Limpieza Multi-Superficie Kirby \u2013 Reacondicionado\"}]},{\"@type\":\"WebSite\",\"@id\":\"https:\\\/\\\/www.veltec.eu\\\/en\\\/#website\",\"url\":\"https:\\\/\\\/www.veltec.eu\\\/en\\\/\",\"name\":\"Veltec Kirby specialist\",\"description\":\"Kirby stofzuiger producten\",\"publisher\":{\"@id\":\"https:\\\/\\\/www.veltec.eu\\\/en\\\/#organization\"},\"potentialAction\":[{\"@type\":\"SearchAction\",\"target\":{\"@type\":\"EntryPoint\",\"urlTemplate\":\"https:\\\/\\\/www.veltec.eu\\\/en\\\/?s={search_term_string}\"},\"query-input\":{\"@type\":\"PropertyValueSpecification\",\"valueRequired\":true,\"valueName\":\"search_term_string\"}}],\"inLanguage\":\"es\"},{\"@type\":\"Organization\",\"@id\":\"https:\\\/\\\/www.veltec.eu\\\/en\\\/#organization\",\"name\":\"Veltec Kirby Specialist\",\"url\":\"https:\\\/\\\/www.veltec.eu\\\/en\\\/\",\"logo\":{\"@type\":\"ImageObject\",\"inLanguage\":\"es\",\"@id\":\"https:\\\/\\\/www.veltec.eu\\\/en\\\/#\\\/schema\\\/logo\\\/image\\\/\",\"url\":\"https:\\\/\\\/www.veltec.eu\\\/wp-content\\\/uploads\\\/2021\\\/12\\\/Veltec-log-groot-e1537260889125.png\",\"contentUrl\":\"https:\\\/\\\/www.veltec.eu\\\/wp-content\\\/uploads\\\/2021\\\/12\\\/Veltec-log-groot-e1537260889125.png\",\"width\":200,\"height\":60,\"caption\":\"Veltec Kirby Specialist\"},\"image\":{\"@id\":\"https:\\\/\\\/www.veltec.eu\\\/en\\\/#\\\/schema\\\/logo\\\/image\\\/\"},\"sameAs\":[\"https:\\\/\\\/www.facebook.com\\\/Veltec-Kirby-Specialist-236746293374877\\\/\",\"https:\\\/\\\/www.youtube.com\\\/user\\\/VeltecService\"]}]}<\/script>\n<!-- \/ Yoast SEO Premium plugin. -->","yoast_head_json":{"title":"Sistema de Limpieza Multi-Superficie Kirby \u2013 Reacondicionado - Veltec Kirby specialist","description":"Sistema de Limpieza Multi-Superficie Kirby \u2013 Reacondicionado - Su suelo limpio de nuevo: una inversi\u00f3n inteligente para el medio ambiente y su bolsillo.","robots":{"index":"index","follow":"follow","max-snippet":"max-snippet:-1","max-image-preview":"max-image-preview:large","max-video-preview":"max-video-preview:-1"},"canonical":"https:\/\/www.veltec.eu\/nl\/product\/kirby-multi-vloerreinigingssysteem-gereconditioneerd\/","og_locale":"es_ES","og_type":"article","og_title":"Sistema de Limpieza Multi-Superficie Kirby \u2013 Reacondicionado","og_description":"Sistema de Limpieza Multi-Superficie Kirby \u2013 Reacondicionado para alfombras y suelos duros    En stock   Pedido antes de las 23:59, enviado ma\u00f1ana  &nbsp;","og_url":"https:\/\/www.veltec.eu\/nl\/product\/kirby-multi-vloerreinigingssysteem-gereconditioneerd\/","og_site_name":"Veltec Kirby specialist","article_publisher":"https:\/\/www.facebook.com\/Veltec-Kirby-Specialist-236746293374877\/","article_modified_time":"2025-12-29T12:43:11+00:00","og_image":[{"width":500,"height":500,"url":"https:\/\/www.veltec.eu\/wp-content\/uploads\/2025\/12\/Kirby-multicleaner-refubished.jpg","type":"image\/jpeg"}],"twitter_card":"summary_large_image","twitter_misc":{"Tiempo de lectura":"4 minutos"},"schema":{"@context":"https:\/\/schema.org","@graph":[{"@type":"WebPage","@id":"https:\/\/www.veltec.eu\/nl\/product\/kirby-multi-vloerreinigingssysteem-gereconditioneerd\/","url":"https:\/\/www.veltec.eu\/nl\/product\/kirby-multi-vloerreinigingssysteem-gereconditioneerd\/","name":"Sistema de Limpieza Multi-Superficie Kirby \u2013 Reacondicionado - Veltec Kirby specialist","isPartOf":{"@id":"https:\/\/www.veltec.eu\/en\/#website"},"primaryImageOfPage":{"@id":"https:\/\/www.veltec.eu\/nl\/product\/kirby-multi-vloerreinigingssysteem-gereconditioneerd\/#primaryimage"},"image":{"@id":"https:\/\/www.veltec.eu\/nl\/product\/kirby-multi-vloerreinigingssysteem-gereconditioneerd\/#primaryimage"},"thumbnailUrl":"https:\/\/www.veltec.eu\/wp-content\/uploads\/2025\/12\/Kirby-multicleaner-refubished.jpg","datePublished":"2025-12-08T13:44:26+00:00","dateModified":"2025-12-29T12:43:11+00:00","description":"Sistema de Limpieza Multi-Superficie Kirby \u2013 Reacondicionado - Su suelo limpio de nuevo: una inversi\u00f3n inteligente para el medio ambiente y su bolsillo.","breadcrumb":{"@id":"https:\/\/www.veltec.eu\/nl\/product\/kirby-multi-vloerreinigingssysteem-gereconditioneerd\/#breadcrumb"},"inLanguage":"es","potentialAction":[{"@type":"ReadAction","target":["https:\/\/www.veltec.eu\/nl\/product\/kirby-multi-vloerreinigingssysteem-gereconditioneerd\/"]}]},{"@type":"ImageObject","inLanguage":"es","@id":"https:\/\/www.veltec.eu\/nl\/product\/kirby-multi-vloerreinigingssysteem-gereconditioneerd\/#primaryimage","url":"https:\/\/www.veltec.eu\/wp-content\/uploads\/2025\/12\/Kirby-multicleaner-refubished.jpg","contentUrl":"https:\/\/www.veltec.eu\/wp-content\/uploads\/2025\/12\/Kirby-multicleaner-refubished.jpg","width":500,"height":500},{"@type":"BreadcrumbList","@id":"https:\/\/www.veltec.eu\/nl\/product\/kirby-multi-vloerreinigingssysteem-gereconditioneerd\/#breadcrumb","itemListElement":[{"@type":"ListItem","position":1,"name":"Home","item":"https:\/\/www.veltec.eu\/es\/"},{"@type":"ListItem","position":2,"name":"Produits","item":"https:\/\/www.veltec.eu\/fr\/shop\/"},{"@type":"ListItem","position":3,"name":"Sistema de Limpieza Multi-Superficie Kirby \u2013 Reacondicionado"}]},{"@type":"WebSite","@id":"https:\/\/www.veltec.eu\/en\/#website","url":"https:\/\/www.veltec.eu\/en\/","name":"Veltec Kirby specialist","description":"Kirby stofzuiger producten","publisher":{"@id":"https:\/\/www.veltec.eu\/en\/#organization"},"potentialAction":[{"@type":"SearchAction","target":{"@type":"EntryPoint","urlTemplate":"https:\/\/www.veltec.eu\/en\/?s={search_term_string}"},"query-input":{"@type":"PropertyValueSpecification","valueRequired":true,"valueName":"search_term_string"}}],"inLanguage":"es"},{"@type":"Organization","@id":"https:\/\/www.veltec.eu\/en\/#organization","name":"Veltec Kirby Specialist","url":"https:\/\/www.veltec.eu\/en\/","logo":{"@type":"ImageObject","inLanguage":"es","@id":"https:\/\/www.veltec.eu\/en\/#\/schema\/logo\/image\/","url":"https:\/\/www.veltec.eu\/wp-content\/uploads\/2021\/12\/Veltec-log-groot-e1537260889125.png","contentUrl":"https:\/\/www.veltec.eu\/wp-content\/uploads\/2021\/12\/Veltec-log-groot-e1537260889125.png","width":200,"height":60,"caption":"Veltec Kirby Specialist"},"image":{"@id":"https:\/\/www.veltec.eu\/en\/#\/schema\/logo\/image\/"},"sameAs":["https:\/\/www.facebook.com\/Veltec-Kirby-Specialist-236746293374877\/","https:\/\/www.youtube.com\/user\/VeltecService"]}]}},"_links":{"self":[{"href":"https:\/\/www.veltec.eu\/es\/wp-json\/wp\/v2\/product\/87012","targetHints":{"allow":["GET"]}}],"collection":[{"href":"https:\/\/www.veltec.eu\/es\/wp-json\/wp\/v2\/product"}],"about":[{"href":"https:\/\/www.veltec.eu\/es\/wp-json\/wp\/v2\/types\/product"}],"replies":[{"embeddable":true,"href":"https:\/\/www.veltec.eu\/es\/wp-json\/wp\/v2\/comments?post=87012"}],"wp:featuredmedia":[{"embeddable":true,"href":"https:\/\/www.veltec.eu\/es\/wp-json\/wp\/v2\/media\/86951"}],"wp:attachment":[{"href":"https:\/\/www.veltec.eu\/es\/wp-json\/wp\/v2\/media?parent=87012"}],"wp:term":[{"taxonomy":"product_brand","embeddable":true,"href":"https:\/\/www.veltec.eu\/es\/wp-json\/wp\/v2\/product_brand?post=87012"},{"taxonomy":"product_cat","embeddable":true,"href":"https:\/\/www.veltec.eu\/es\/wp-json\/wp\/v2\/product_cat?post=87012"},{"taxonomy":"product_tag","embeddable":true,"href":"https:\/\/www.veltec.eu\/es\/wp-json\/wp\/v2\/product_tag?post=87012"}],"curies":[{"name":"wp","href":"https:\/\/api.w.org\/{rel}","templated":true}]}}