{"id":79564,"date":"2025-05-26T15:52:42","date_gmt":"2025-05-26T13:52:42","guid":{"rendered":"https:\/\/www.veltec.eu\/product\/1250-filtros-de-demostracion-kirby\/"},"modified":"2025-06-20T16:02:13","modified_gmt":"2025-06-20T14:02:13","slug":"1250-filtros-de-demostracion-kirby","status":"publish","type":"product","link":"https:\/\/www.veltec.eu\/es\/product\/1250-filtros-de-demostracion-kirby\/","title":{"rendered":"1250 Filtros de demostraci\u00f3n Kirby"},"content":{"rendered":"<h1>1250 Filtros de demostraci\u00f3n Kirby &#8211; Para demostraciones Kirby n\u00edtidas<\/h1>\n<p>\u00bfHace demostraciones Kirby con regularidad o realiza una limpieza profesional de colchones? Entonces sabe lo importante que es que la suciedad sea claramente visible. Con nuestros <strong>1250 Filtros de demostraci\u00f3n Kirby<\/strong> dispondr\u00e1 de un amplio stock de filtros originales con los que podr\u00e1 realizar demostraciones profesionales durante mucho tiempo, sin comprometer la calidad ni el flujo de aire.<\/p>\n<p>Estos filtros est\u00e1n especialmente dise\u00f1ados para su uso en combinaci\u00f3n con la mirilla de demostraci\u00f3n Kirby y proporcionan una visualizaci\u00f3n clara de lo que su aspiradora Kirby extrae de colchones, suelos o tapicer\u00edas. Tanto si es un vendedor como un profesional de la limpieza: con estos filtros convencer\u00e1 a cada cliente de la potencia de Kirby.<\/p>\n<hr data-start=\"1058\" data-end=\"1061\" \/>\n<h2>\u00bfQu\u00e9 son los filtros de demostraci\u00f3n Kirby 1250?<\/h2>\n<h3>Filtros originales para presentaciones convincentes<\/h3>\n<p>Los filtros de demostraci\u00f3n Kirby 1250 son filtros colectores redondos de color negro que se utilizan en combinaci\u00f3n con la mirilla de demostraci\u00f3n Kirby. Estos filtros son suministrados exclusivamente por nosotros y est\u00e1n destinados a hacer inmediatamente visible la suciedad aspirada, como polvo, pelos y caspa.<\/p>\n<p>Gracias a su estructura \u00fanica: los filtros permanecen transpirables, no se obstruyen durante el uso normal y mantienen la potencia de aspiraci\u00f3n de su aspiradora Kirby.<\/p>\n<p>Estos filtros son esenciales para demostraciones en las que desee mostrar lo que realmente se esconde en colchones y alfombras. El resultado es una prueba visual que inspira confianza inmediata entre clientes y usuarios.<\/p>\n<p>Nota: utilice \u00fanicamente filtros originales. Alternativas como toallitas de papel o productos de imitaci\u00f3n interrumpen el flujo de aire y dificultan el funcionamiento de su Kirby.<\/p>\n<hr data-start=\"2018\" data-end=\"2021\" \/>\n<h2>\u00bfPor qu\u00e9 elegir un 1250 Filtros de demostraci\u00f3n Kirby?<\/h2>\n<h3>Preparados profesionalmente, siempre suficientes en stock<\/h3>\n<p>Cuando se utiliza regularmente la mirilla de demostraci\u00f3n Kirby &#8211; por ejemplo para la limpieza comercial o durante demostraciones &#8211; es indispensable disponer de un gran stock de filtros. Por eso le ofrecemos la posibilidad de adquirir un econ\u00f3mico rollo de 1250 filtros de demostraci\u00f3n Kirby.<\/p>\n<ul>\n<li>Las ventajas de este gran paquete son<\/li>\n<li>Siempre suficientes filtros en stock para el uso diario<\/li>\n<li>Ahorro de costes en comparaci\u00f3n con paquetes m\u00e1s peque\u00f1os<\/li>\n<li>C\u00f3modo embalaje en rollo para un uso eficiente<\/li>\n<li>Adecuado para un uso profesional intensivo.<\/li>\n<\/ul>\n<p>Adem\u00e1s, estos filtros est\u00e1n perfectamente enrollados, lo que hace que cambiarlos durante las demostraciones o las sesiones de limpieza sea r\u00e1pido e higi\u00e9nico.<\/p>\n<hr data-start=\"2842\" data-end=\"2845\" \/>\n<h2>Utilizaci\u00f3n e instalaci\u00f3n de los filtros de demostraci\u00f3n<\/h2>\n<h3>Sustituci\u00f3n r\u00e1pida, demostraci\u00f3n f\u00e1cil<\/h3>\n<p>El uso de los filtros de demostraci\u00f3n Kirby 1250 es muy sencillo:<\/p>\n<ol>\n<li>Retire la bolsa est\u00e1ndar de la aspiradora Kirby.<\/li>\n<li>Abra la mirilla de demostraci\u00f3n.<\/li>\n<li>Coloque un nuevo filtro negro en la mirilla.<\/li>\n<li>Coloque la mirilla en su Kirby.<\/li>\n<li>Empiece a aspirar y observe c\u00f3mo se acumula la suciedad en el filtro.<\/li>\n<\/ol>\n<p>Gracias a la carcasa transparente de la mirilla Kirby podr\u00e1 ver exactamente c\u00f3mo se acumula la suciedad. Esto hace que el efecto del Kirby sea inmediatamente visible &#8211; una herramienta de venta o control especialmente potente.<\/p>\n<p>Despu\u00e9s, usted retira el filtro usado y lo sustituye por uno nuevo. Los filtros viejos se tiran f\u00e1cilmente. As\u00ed podr\u00e1 empezar de nuevo con un filtro limpio.<\/p>\n<hr data-start=\"3640\" data-end=\"3643\" \/>\n<h2>Importancia de los filtros Kirby originales<\/h2>\n<h3>Elija calidad y rendimiento fiable<\/h3>\n<p>Los filtros de demostraci\u00f3n originales Kirby est\u00e1n especialmente dise\u00f1ados para un rendimiento \u00f3ptimo. Garantizan:<\/p>\n<ul>\n<li>Un flujo de aire constante y potente<\/li>\n<li>Buena visibilidad de la suciedad<\/li>\n<li>Prevenci\u00f3n de atascos o reflujo<\/li>\n<li>Mayor vida \u00fatil de su aspiradora Kirby<\/li>\n<\/ul>\n<p>El uso exclusivo de filtros originales evita da\u00f1os en su aspiradora y garantiza la mejor presentaci\u00f3n. Los filtros alternativos o de fabricaci\u00f3n casera, como los de papel, pueden provocar atascos y reducir la potencia de succi\u00f3n. Como resultado, usted pierde la convicci\u00f3n de su demostraci\u00f3n y corre el riesgo de da\u00f1ar el motor.<\/p>\n<p>As\u00ed que invierta en calidad y seguridad con nuestros filtros originales.<\/p>\n<hr data-start=\"4432\" data-end=\"4435\" \/>\n<h2>\u00bfCu\u00e1nto cuesta un rollo de 1250 Filtros de demostraci\u00f3n Kirby?<\/h2>\n<h3>Pack grande para uso profesional<\/h3>\n<p>El precio de un rollo completo de 1250 filtros de demostraci\u00f3n Kirby es de 120,00 euros. Se trata de un precio competitivo para una gran cantidad de filtros originales de alta calidad. As\u00ed dispondr\u00e1 de material de demostraci\u00f3n profesional durante m\u00e1s tiempo.<\/p>\n<p>Nota: Debido al tama\u00f1o y a la exclusividad de estos filtros, el plazo de entrega puede ser ligeramente superior al habitual. Por lo tanto, haga su pedido a tiempo, especialmente si utiliza los filtros con frecuencia en sus operaciones.<\/p>\n<hr data-start=\"5010\" data-end=\"5013\" \/>\n<h2>Pida inmediatamente sus 1250 Filtros de demostraci\u00f3n Kirby<\/h2>\n<h3>La elecci\u00f3n inteligente para profesionales y demostradores<\/h3>\n<p>\u00bfNo quiere perderse nunca m\u00e1s una demostraci\u00f3n o limpieza? Entonces elija este embalaje a granel de 1250 filtros de demostraci\u00f3n Kirby. Gracias a su calidad original, su f\u00e1cil aplicaci\u00f3n y su atractivo precio, siempre tendr\u00e1 asegurada una presentaci\u00f3n convincente y los mejores resultados con su aspiradora Kirby.<\/p>\n<p>Haga su pedido hoy mismo y descubra la comodidad de trabajar con un gran stock de filtros originales. Sus clientes notar\u00e1n la diferencia, y usted tambi\u00e9n.<\/p>\n","protected":false},"excerpt":{"rendered":"<p>&nbsp;<\/p>\n[trustindex data-widget-id=48bbd87242952812953642309d4]\n<h3><span style=\"color: #008000;\"><br \/>\nEn stock<\/span><\/h3>\n[av_font_icon icon='ue812' font='entypo-fontello' style='' caption='' size='25px' position='left' color='#43ad66' link='' linktarget='' title_attr='' sonar_effect_effect='' sonar_effect_color='' sonar_effect_duration='1' sonar_effect_scale='' sonar_effect_opac='0.5' animation='' id='' custom_class='' template_class='' av_uid='' sc_version='1.0' admin_preview_bg=''][\/av_font_icon]\n<p><span style=\"color: #008000;\">El plazo de entrega oscila entre 5 y 10 d\u00edas laborables.<\/span><\/p>\n<p>&nbsp;<\/p>\n","protected":false},"featured_media":79666,"comment_status":"open","ping_status":"closed","template":"","meta":[],"product_brand":[],"product_cat":[1412],"product_tag":[],"class_list":{"0":"post-79564","1":"product","2":"type-product","3":"status-publish","4":"has-post-thumbnail","6":"product_cat-limpiador-de-colchones-kirby","8":"first","9":"instock","10":"sale","11":"taxable","12":"shipping-taxable","13":"purchasable","14":"product-type-simple"},"yoast_head":"<!-- This site is optimized with the Yoast SEO Premium plugin v27.1 (Yoast SEO v27.4) - https:\/\/yoast.com\/product\/yoast-seo-premium-wordpress\/ -->\n<title>1250 Filtros de demostraci\u00f3n Kirby - Veltec Kirby specialist<\/title>\n<meta name=\"description\" content=\"1250 Filtros de demostraci\u00f3n Kirby - Veltec es proveedor de aspiradoras Kirby desde hace m\u00e1s de 25 a\u00f1os. Y es su especialista Kirby de confianza.\" \/>\n<meta name=\"robots\" content=\"index, follow, max-snippet:-1, max-image-preview:large, max-video-preview:-1\" \/>\n<link rel=\"canonical\" href=\"https:\/\/www.veltec.eu\/nl\/product\/1250-kirby-demonstratie-filters\/\" \/>\n<meta property=\"og:locale\" content=\"es_ES\" \/>\n<meta property=\"og:type\" content=\"article\" \/>\n<meta property=\"og:title\" content=\"1250 Filtros de demostraci\u00f3n Kirby\" \/>\n<meta property=\"og:description\" content=\"&nbsp;    En stock   El plazo de entrega oscila entre 5 y 10 d\u00edas laborables.  &nbsp;\" \/>\n<meta property=\"og:url\" content=\"https:\/\/www.veltec.eu\/nl\/product\/1250-kirby-demonstratie-filters\/\" \/>\n<meta property=\"og:site_name\" content=\"Veltec Kirby specialist\" \/>\n<meta property=\"article:publisher\" content=\"https:\/\/www.facebook.com\/Veltec-Kirby-Specialist-236746293374877\/\" \/>\n<meta property=\"article:modified_time\" content=\"2025-06-20T14:02:13+00:00\" \/>\n<meta property=\"og:image\" content=\"https:\/\/www.veltec.eu\/wp-content\/uploads\/2025\/05\/demonstratiefiltersKirby.jpg\" \/>\n\t<meta property=\"og:image:width\" content=\"600\" \/>\n\t<meta property=\"og:image:height\" content=\"600\" \/>\n\t<meta property=\"og:image:type\" content=\"image\/jpeg\" \/>\n<meta name=\"twitter:card\" content=\"summary_large_image\" \/>\n<meta name=\"twitter:label1\" content=\"Tiempo de lectura\" \/>\n\t<meta name=\"twitter:data1\" content=\"5 minutos\" \/>\n<script type=\"application\/ld+json\" class=\"yoast-schema-graph\">{\"@context\":\"https:\\\/\\\/schema.org\",\"@graph\":[{\"@type\":\"WebPage\",\"@id\":\"https:\\\/\\\/www.veltec.eu\\\/nl\\\/product\\\/1250-kirby-demonstratie-filters\\\/\",\"url\":\"https:\\\/\\\/www.veltec.eu\\\/nl\\\/product\\\/1250-kirby-demonstratie-filters\\\/\",\"name\":\"1250 Filtros de demostraci\u00f3n Kirby - Veltec Kirby specialist\",\"isPartOf\":{\"@id\":\"https:\\\/\\\/www.veltec.eu\\\/en\\\/#website\"},\"primaryImageOfPage\":{\"@id\":\"https:\\\/\\\/www.veltec.eu\\\/nl\\\/product\\\/1250-kirby-demonstratie-filters\\\/#primaryimage\"},\"image\":{\"@id\":\"https:\\\/\\\/www.veltec.eu\\\/nl\\\/product\\\/1250-kirby-demonstratie-filters\\\/#primaryimage\"},\"thumbnailUrl\":\"https:\\\/\\\/www.veltec.eu\\\/wp-content\\\/uploads\\\/2025\\\/05\\\/demonstratiefiltersKirby.jpg\",\"datePublished\":\"2025-05-26T13:52:42+00:00\",\"dateModified\":\"2025-06-20T14:02:13+00:00\",\"description\":\"1250 Filtros de demostraci\u00f3n Kirby - Veltec es proveedor de aspiradoras Kirby desde hace m\u00e1s de 25 a\u00f1os. Y es su especialista Kirby de confianza.\",\"breadcrumb\":{\"@id\":\"https:\\\/\\\/www.veltec.eu\\\/nl\\\/product\\\/1250-kirby-demonstratie-filters\\\/#breadcrumb\"},\"inLanguage\":\"es\",\"potentialAction\":[{\"@type\":\"ReadAction\",\"target\":[\"https:\\\/\\\/www.veltec.eu\\\/nl\\\/product\\\/1250-kirby-demonstratie-filters\\\/\"]}]},{\"@type\":\"ImageObject\",\"inLanguage\":\"es\",\"@id\":\"https:\\\/\\\/www.veltec.eu\\\/nl\\\/product\\\/1250-kirby-demonstratie-filters\\\/#primaryimage\",\"url\":\"https:\\\/\\\/www.veltec.eu\\\/wp-content\\\/uploads\\\/2025\\\/05\\\/demonstratiefiltersKirby.jpg\",\"contentUrl\":\"https:\\\/\\\/www.veltec.eu\\\/wp-content\\\/uploads\\\/2025\\\/05\\\/demonstratiefiltersKirby.jpg\",\"width\":600,\"height\":600},{\"@type\":\"BreadcrumbList\",\"@id\":\"https:\\\/\\\/www.veltec.eu\\\/nl\\\/product\\\/1250-kirby-demonstratie-filters\\\/#breadcrumb\",\"itemListElement\":[{\"@type\":\"ListItem\",\"position\":1,\"name\":\"Home\",\"item\":\"https:\\\/\\\/www.veltec.eu\\\/es\\\/\"},{\"@type\":\"ListItem\",\"position\":2,\"name\":\"Produits\",\"item\":\"https:\\\/\\\/www.veltec.eu\\\/fr\\\/shop\\\/\"},{\"@type\":\"ListItem\",\"position\":3,\"name\":\"1250 Filtros de demostraci\u00f3n Kirby\"}]},{\"@type\":\"WebSite\",\"@id\":\"https:\\\/\\\/www.veltec.eu\\\/en\\\/#website\",\"url\":\"https:\\\/\\\/www.veltec.eu\\\/en\\\/\",\"name\":\"Veltec Kirby specialist\",\"description\":\"Kirby stofzuiger producten\",\"publisher\":{\"@id\":\"https:\\\/\\\/www.veltec.eu\\\/en\\\/#organization\"},\"potentialAction\":[{\"@type\":\"SearchAction\",\"target\":{\"@type\":\"EntryPoint\",\"urlTemplate\":\"https:\\\/\\\/www.veltec.eu\\\/en\\\/?s={search_term_string}\"},\"query-input\":{\"@type\":\"PropertyValueSpecification\",\"valueRequired\":true,\"valueName\":\"search_term_string\"}}],\"inLanguage\":\"es\"},{\"@type\":\"Organization\",\"@id\":\"https:\\\/\\\/www.veltec.eu\\\/en\\\/#organization\",\"name\":\"Veltec Kirby Specialist\",\"url\":\"https:\\\/\\\/www.veltec.eu\\\/en\\\/\",\"logo\":{\"@type\":\"ImageObject\",\"inLanguage\":\"es\",\"@id\":\"https:\\\/\\\/www.veltec.eu\\\/en\\\/#\\\/schema\\\/logo\\\/image\\\/\",\"url\":\"https:\\\/\\\/www.veltec.eu\\\/wp-content\\\/uploads\\\/2021\\\/12\\\/Veltec-log-groot-e1537260889125.png\",\"contentUrl\":\"https:\\\/\\\/www.veltec.eu\\\/wp-content\\\/uploads\\\/2021\\\/12\\\/Veltec-log-groot-e1537260889125.png\",\"width\":200,\"height\":60,\"caption\":\"Veltec Kirby Specialist\"},\"image\":{\"@id\":\"https:\\\/\\\/www.veltec.eu\\\/en\\\/#\\\/schema\\\/logo\\\/image\\\/\"},\"sameAs\":[\"https:\\\/\\\/www.facebook.com\\\/Veltec-Kirby-Specialist-236746293374877\\\/\",\"https:\\\/\\\/www.youtube.com\\\/user\\\/VeltecService\"]}]}<\/script>\n<!-- \/ Yoast SEO Premium plugin. -->","yoast_head_json":{"title":"1250 Filtros de demostraci\u00f3n Kirby - Veltec Kirby specialist","description":"1250 Filtros de demostraci\u00f3n Kirby - Veltec es proveedor de aspiradoras Kirby desde hace m\u00e1s de 25 a\u00f1os. Y es su especialista Kirby de confianza.","robots":{"index":"index","follow":"follow","max-snippet":"max-snippet:-1","max-image-preview":"max-image-preview:large","max-video-preview":"max-video-preview:-1"},"canonical":"https:\/\/www.veltec.eu\/nl\/product\/1250-kirby-demonstratie-filters\/","og_locale":"es_ES","og_type":"article","og_title":"1250 Filtros de demostraci\u00f3n Kirby","og_description":"&nbsp;    En stock   El plazo de entrega oscila entre 5 y 10 d\u00edas laborables.  &nbsp;","og_url":"https:\/\/www.veltec.eu\/nl\/product\/1250-kirby-demonstratie-filters\/","og_site_name":"Veltec Kirby specialist","article_publisher":"https:\/\/www.facebook.com\/Veltec-Kirby-Specialist-236746293374877\/","article_modified_time":"2025-06-20T14:02:13+00:00","og_image":[{"width":600,"height":600,"url":"https:\/\/www.veltec.eu\/wp-content\/uploads\/2025\/05\/demonstratiefiltersKirby.jpg","type":"image\/jpeg"}],"twitter_card":"summary_large_image","twitter_misc":{"Tiempo de lectura":"5 minutos"},"schema":{"@context":"https:\/\/schema.org","@graph":[{"@type":"WebPage","@id":"https:\/\/www.veltec.eu\/nl\/product\/1250-kirby-demonstratie-filters\/","url":"https:\/\/www.veltec.eu\/nl\/product\/1250-kirby-demonstratie-filters\/","name":"1250 Filtros de demostraci\u00f3n Kirby - Veltec Kirby specialist","isPartOf":{"@id":"https:\/\/www.veltec.eu\/en\/#website"},"primaryImageOfPage":{"@id":"https:\/\/www.veltec.eu\/nl\/product\/1250-kirby-demonstratie-filters\/#primaryimage"},"image":{"@id":"https:\/\/www.veltec.eu\/nl\/product\/1250-kirby-demonstratie-filters\/#primaryimage"},"thumbnailUrl":"https:\/\/www.veltec.eu\/wp-content\/uploads\/2025\/05\/demonstratiefiltersKirby.jpg","datePublished":"2025-05-26T13:52:42+00:00","dateModified":"2025-06-20T14:02:13+00:00","description":"1250 Filtros de demostraci\u00f3n Kirby - Veltec es proveedor de aspiradoras Kirby desde hace m\u00e1s de 25 a\u00f1os. Y es su especialista Kirby de confianza.","breadcrumb":{"@id":"https:\/\/www.veltec.eu\/nl\/product\/1250-kirby-demonstratie-filters\/#breadcrumb"},"inLanguage":"es","potentialAction":[{"@type":"ReadAction","target":["https:\/\/www.veltec.eu\/nl\/product\/1250-kirby-demonstratie-filters\/"]}]},{"@type":"ImageObject","inLanguage":"es","@id":"https:\/\/www.veltec.eu\/nl\/product\/1250-kirby-demonstratie-filters\/#primaryimage","url":"https:\/\/www.veltec.eu\/wp-content\/uploads\/2025\/05\/demonstratiefiltersKirby.jpg","contentUrl":"https:\/\/www.veltec.eu\/wp-content\/uploads\/2025\/05\/demonstratiefiltersKirby.jpg","width":600,"height":600},{"@type":"BreadcrumbList","@id":"https:\/\/www.veltec.eu\/nl\/product\/1250-kirby-demonstratie-filters\/#breadcrumb","itemListElement":[{"@type":"ListItem","position":1,"name":"Home","item":"https:\/\/www.veltec.eu\/es\/"},{"@type":"ListItem","position":2,"name":"Produits","item":"https:\/\/www.veltec.eu\/fr\/shop\/"},{"@type":"ListItem","position":3,"name":"1250 Filtros de demostraci\u00f3n Kirby"}]},{"@type":"WebSite","@id":"https:\/\/www.veltec.eu\/en\/#website","url":"https:\/\/www.veltec.eu\/en\/","name":"Veltec Kirby specialist","description":"Kirby stofzuiger producten","publisher":{"@id":"https:\/\/www.veltec.eu\/en\/#organization"},"potentialAction":[{"@type":"SearchAction","target":{"@type":"EntryPoint","urlTemplate":"https:\/\/www.veltec.eu\/en\/?s={search_term_string}"},"query-input":{"@type":"PropertyValueSpecification","valueRequired":true,"valueName":"search_term_string"}}],"inLanguage":"es"},{"@type":"Organization","@id":"https:\/\/www.veltec.eu\/en\/#organization","name":"Veltec Kirby Specialist","url":"https:\/\/www.veltec.eu\/en\/","logo":{"@type":"ImageObject","inLanguage":"es","@id":"https:\/\/www.veltec.eu\/en\/#\/schema\/logo\/image\/","url":"https:\/\/www.veltec.eu\/wp-content\/uploads\/2021\/12\/Veltec-log-groot-e1537260889125.png","contentUrl":"https:\/\/www.veltec.eu\/wp-content\/uploads\/2021\/12\/Veltec-log-groot-e1537260889125.png","width":200,"height":60,"caption":"Veltec Kirby Specialist"},"image":{"@id":"https:\/\/www.veltec.eu\/en\/#\/schema\/logo\/image\/"},"sameAs":["https:\/\/www.facebook.com\/Veltec-Kirby-Specialist-236746293374877\/","https:\/\/www.youtube.com\/user\/VeltecService"]}]}},"_links":{"self":[{"href":"https:\/\/www.veltec.eu\/es\/wp-json\/wp\/v2\/product\/79564","targetHints":{"allow":["GET"]}}],"collection":[{"href":"https:\/\/www.veltec.eu\/es\/wp-json\/wp\/v2\/product"}],"about":[{"href":"https:\/\/www.veltec.eu\/es\/wp-json\/wp\/v2\/types\/product"}],"replies":[{"embeddable":true,"href":"https:\/\/www.veltec.eu\/es\/wp-json\/wp\/v2\/comments?post=79564"}],"wp:featuredmedia":[{"embeddable":true,"href":"https:\/\/www.veltec.eu\/es\/wp-json\/wp\/v2\/media\/79666"}],"wp:attachment":[{"href":"https:\/\/www.veltec.eu\/es\/wp-json\/wp\/v2\/media?parent=79564"}],"wp:term":[{"taxonomy":"product_brand","embeddable":true,"href":"https:\/\/www.veltec.eu\/es\/wp-json\/wp\/v2\/product_brand?post=79564"},{"taxonomy":"product_cat","embeddable":true,"href":"https:\/\/www.veltec.eu\/es\/wp-json\/wp\/v2\/product_cat?post=79564"},{"taxonomy":"product_tag","embeddable":true,"href":"https:\/\/www.veltec.eu\/es\/wp-json\/wp\/v2\/product_tag?post=79564"}],"curies":[{"name":"wp","href":"https:\/\/api.w.org\/{rel}","templated":true}]}}