{"id":79546,"date":"2025-05-26T14:31:57","date_gmt":"2025-05-26T12:31:57","guid":{"rendered":"https:\/\/www.veltec.eu\/product\/mirilla-de-demostracion-kirby\/"},"modified":"2025-11-08T17:11:43","modified_gmt":"2025-11-08T15:11:43","slug":"mirilla-de-demostracion-kirby","status":"publish","type":"product","link":"https:\/\/www.veltec.eu\/es\/product\/mirilla-de-demostracion-kirby\/","title":{"rendered":"Mirilla de demostraci\u00f3n Kirby"},"content":{"rendered":"<h1>La mirilla de demostraci\u00f3n Kirby: muestre lo que realmente sale de su colch\u00f3n<\/h1>\n<p>\u00bfQuiere demostrar lo potente que es realmente la aspiradora Kirby? Con la <strong>mirilla de demostraci\u00f3n Kirby<\/strong> har\u00e1 visible lo que normalmente permanece oculto. Esta innovadora herramienta est\u00e1 dise\u00f1ada para ofrecerle a usted -o a su cliente- una prueba visual instant\u00e1nea de la limpieza en profundidad que realiza Kirby.<\/p>\n<p>Tanto si limpia colchones profesionalmente, hace demostraciones Kirby o simplemente quiere ver por s\u00ed mismo lo que se aspira de su alfombra o colch\u00f3n: esta mirilla marca la diferencia. Ver para creer.<\/p>\n<h2>\u00bfQu\u00e9 es la mirilla de demostraci\u00f3n Kirby?<\/h2>\n<h3>Una herramienta transparente para el m\u00e1ximo convencimiento<\/h3>\n<p>La mirilla de demostraci\u00f3n es un accesorio especial que sustituye temporalmente a la bolsa exterior est\u00e1ndar de su aspiradora Kirby. Est\u00e1 provista de una carcasa de pl\u00e1stico transparente en la que se puede ver inmediatamente la suciedad aspirada. Simplemente coloque un filtro de recogida negro redondo en la mirilla y m\u00f3ntelo en la aspiradora.<\/p>\n<p>En cuanto empiece a limpiar, la suciedad de su colch\u00f3n, suelo o tapicer\u00eda es aspirada a trav\u00e9s de la mirilla. Ver\u00e1 literalmente pasar el polvo, el pelo, la caspa y dem\u00e1s suciedad. Esto no s\u00f3lo crea un efecto impresionante, sino que tambi\u00e9n confirma que Kirby limpia en profundidad y a fondo, como promete.<\/p>\n<p>Esto convierte a la mirilla de demostraci\u00f3n Kirby en una herramienta indispensable para:<\/p>\n<ul>\n<li>Limpieza profesional de colchones<\/li>\n<li>Demostraciones y visitas comerciales de Kirby<\/li>\n<li>Uso propio, para comprobar los resultados de la limpieza<\/li>\n<\/ul>\n<hr data-start=\"1759\" data-end=\"1762\" \/>\n<h2>C\u00f3mo utilizar la mirilla de demostraci\u00f3n Kirby.<\/h2>\n<h3>Instalaci\u00f3n r\u00e1pida y resultados inmediatos<\/h3>\n<p>La instalaci\u00f3n de la mirilla de demostraci\u00f3n es muy sencilla. S\u00f3lo tiene que seguir unos pocos pasos:<\/p>\n<ol>\n<li>Retire la bolsa exterior original Kirby.<\/li>\n<li>Coloque un filtro colector negro en la mirilla de demostraci\u00f3n.<\/li>\n<li>Coloque la mirilla en el lugar de la bolsa.<\/li>\n<li>Encienda su aspiradora Kirby y empiece a limpiar.<\/li>\n<\/ol>\n<p>Durante la aspiraci\u00f3n, la suciedad entra por la mirilla, donde se acumula en el filtro. Gracias a la mirilla transparente, podr\u00e1 ver inmediatamente lo que la aspiradora Kirby aspira de la tela, la tapicer\u00eda o el colch\u00f3n. Esto lo hace ideal para demostraciones e inspecciones. Despu\u00e9s del uso, sustituya la mirilla por la bolsa exterior original para seguir aspirando con normalidad.<\/p>\n<p>Nota: la mirilla de demostraci\u00f3n est\u00e1 pensada como ayuda visual. Por lo tanto, no la utilice para el aspirado diario.<\/p>\n<hr data-start=\"2686\" data-end=\"2689\" \/>\n<h2>Utilice s\u00f3lo filtros de recogida originales Kirby<\/h2>\n<h3>Un rendimiento fiable comienza con el filtro adecuado<\/h3>\n<p>Para que la mirilla de demostraci\u00f3n Kirby funcione de forma \u00f3ptima, es importante que utilice los filtros colectores negros originales Kirby. Estos filtros redondos est\u00e1n especialmente dise\u00f1ados para<\/p>\n<ul>\n<li>hacer que la suciedad sea claramente visible,<\/li>\n<li>no se obstruyan durante el uso,<\/li>\n<li>mantengan intacto el flujo de aire de su Kirby.<\/li>\n<\/ul>\n<p>Se desaconseja encarecidamente el uso de toallitas de papel o filtros alternativos. Estos pueden obstruirse r\u00e1pidamente, haciendo que el Kirby pierda su potencia de succi\u00f3n y el efecto de demostraci\u00f3n. S\u00f3lo con los filtros originales se asegura una presentaci\u00f3n convincente y un funcionamiento \u00f3ptimo.<\/p>\n<p>Con la compra de la mirilla de demostraci\u00f3n Kirby recibir\u00e1 200 filtros colectores negros de serie. \u00bfNecesita un stock mayor? Entonces puede pedir un rollo de 1250 por s\u00f3lo 120,00 euros. Tenga en cuenta un plazo de entrega algo m\u00e1s largo.<\/p>\n<h2>\u00bfPor qu\u00e9 elegir la mirilla de demostraci\u00f3n Kirby?<\/h2>\n<h3>Prueba visible del poder de limpieza<\/h3>\n<p>La mirilla de demostraci\u00f3n Kirby le ofrece varias ventajas en una:<\/p>\n<ul>\n<li>Prueba visual instant\u00e1nea del poder de limpieza<\/li>\n<li>Alta capacidad de persuasi\u00f3n ante clientes y usuarios<\/li>\n<li>Aspecto profesional durante las demostraciones<\/li>\n<li>F\u00e1cil de usar y r\u00e1pida de instalar<\/li>\n<li>Funcionamiento seguro con filtros originales.<\/li>\n<\/ul>\n<p>Este accesorio convierte cada demostraci\u00f3n en un momento impresionante y convincente. Para los limpiadores de colchones, es un regalo del cielo mostrar a los clientes los resultados de su trabajo. Para los vendedores de Kirby, es el mejor argumento de venta. Y para usted mismo, es la forma ideal de comprobar si sus colchones y alfombras est\u00e1n realmente limpios.<\/p>\n<hr data-start=\"4456\" data-end=\"4459\" \/>\n<h2>Contenido y opciones de pedido<\/h2>\n<h3>\u00bfQu\u00e9 incluye la caja?<\/h3>\n<p>Al comprar la mirilla de demostraci\u00f3n, recibir\u00e1<\/p>\n<ul>\n<li>1 mirilla de demostraci\u00f3n Kirby transparente<\/li>\n<li>200 filtros colectores negros<\/li>\n<\/ul>\n<p>Puede pedir filtros colectores adicionales por separado o por rollo de 1250. El rollo cuesta 120,00 euros y es \u00fatil para quienes utilizan regularmente la mirilla para demostraciones o limpieza profesional. Sea puntual, ya que el plazo de entrega de estos filtros puede ser ligeramente superior.<\/p>\n<hr data-start=\"4933\" data-end=\"4936\" \/>\n<h2>Pida hoy la mirilla de demostraci\u00f3n Kirby<\/h2>\n<h3>Demuestre lo que otros s\u00f3lo prometen<\/h3>\n<p>\u00bfQuiere demostrar la potencia de su aspiradora Kirby? \u00bfO demostrar profesionalmente lo sucio que est\u00e1 realmente un colch\u00f3n o el suelo? Entonces elija la mirilla de demostraci\u00f3n Kirby. Con esta herramienta \u00fanica convencer\u00e1 a sus clientes, comprobar\u00e1 los resultados y utilizar\u00e1 toda la capacidad de su Kirby.<\/p>\n<p>P\u00eddala ahora y experimente usted mismo el poder de la prueba visual. Porque con la mirilla de demostraci\u00f3n Kirby: la limpieza s\u00f3lo es realmente convincente cuando se puede ver.<\/p>\n","protected":false},"excerpt":{"rendered":"<p>&nbsp;<\/p>\n[trustindex data-widget-id=48bbd87242952812953642309d4]\n<h3><span style=\"color: #008000;\"><br \/>\nEn stock<\/span><\/h3>\n[av_font_icon icon='ue812' font='entypo-fontello' style='' caption='' size='25px' position='left' color='#43ad66' link='' linktarget='' title_attr='' sonar_effect_effect='' sonar_effect_color='' sonar_effect_duration='1' sonar_effect_scale='' sonar_effect_opac='0.5' animation='' id='' custom_class='' template_class='' av_uid='' sc_version='1.0' admin_preview_bg=''][\/av_font_icon]\n<p><span style=\"color: #008000;\">El plazo de entrega oscila entre 5 y 10 d\u00edas laborables.<\/span><\/p>\n<p>&nbsp;<\/p>\n","protected":false},"featured_media":79525,"comment_status":"open","ping_status":"closed","template":"","meta":[],"product_brand":[],"product_cat":[1412],"product_tag":[],"class_list":{"0":"post-79546","1":"product","2":"type-product","3":"status-publish","4":"has-post-thumbnail","6":"product_cat-limpiador-de-colchones-kirby","8":"first","9":"instock","10":"taxable","11":"shipping-taxable","12":"purchasable","13":"product-type-simple"},"yoast_head":"<!-- This site is optimized with the Yoast SEO Premium plugin v27.1 (Yoast SEO v27.4) - https:\/\/yoast.com\/product\/yoast-seo-premium-wordpress\/ -->\n<title>Mirilla de demostraci\u00f3n Kirby - Veltec Kirby specialist<\/title>\n<meta name=\"description\" content=\"Mirilla de demostraci\u00f3n Kirby - Veltec es proveedor de aspiradoras Kirby desde hace m\u00e1s de 25 a\u00f1os. Su especialista Kirby de confianza.\" \/>\n<meta name=\"robots\" content=\"index, follow, max-snippet:-1, max-image-preview:large, max-video-preview:-1\" \/>\n<link rel=\"canonical\" href=\"https:\/\/www.veltec.eu\/nl\/product\/kirby-demonstratie-kijkglas\/\" \/>\n<meta property=\"og:locale\" content=\"es_ES\" \/>\n<meta property=\"og:type\" content=\"article\" \/>\n<meta property=\"og:title\" content=\"Mirilla de demostraci\u00f3n Kirby\" \/>\n<meta property=\"og:description\" content=\"&nbsp;    En stock   El plazo de entrega oscila entre 5 y 10 d\u00edas laborables.  &nbsp;\" \/>\n<meta property=\"og:url\" content=\"https:\/\/www.veltec.eu\/nl\/product\/kirby-demonstratie-kijkglas\/\" \/>\n<meta property=\"og:site_name\" content=\"Veltec Kirby specialist\" \/>\n<meta property=\"article:publisher\" content=\"https:\/\/www.facebook.com\/Veltec-Kirby-Specialist-236746293374877\/\" \/>\n<meta property=\"article:modified_time\" content=\"2025-11-08T15:11:43+00:00\" \/>\n<meta property=\"og:image\" content=\"https:\/\/www.veltec.eu\/wp-content\/uploads\/2025\/05\/Kirbyservicetool-kopie-1.jpg\" \/>\n\t<meta property=\"og:image:width\" content=\"600\" \/>\n\t<meta property=\"og:image:height\" content=\"600\" \/>\n\t<meta property=\"og:image:type\" content=\"image\/jpeg\" \/>\n<meta name=\"twitter:card\" content=\"summary_large_image\" \/>\n<meta name=\"twitter:label1\" content=\"Tiempo de lectura\" \/>\n\t<meta name=\"twitter:data1\" content=\"5 minutos\" \/>\n<script type=\"application\/ld+json\" class=\"yoast-schema-graph\">{\"@context\":\"https:\\\/\\\/schema.org\",\"@graph\":[{\"@type\":\"WebPage\",\"@id\":\"https:\\\/\\\/www.veltec.eu\\\/nl\\\/product\\\/kirby-demonstratie-kijkglas\\\/\",\"url\":\"https:\\\/\\\/www.veltec.eu\\\/nl\\\/product\\\/kirby-demonstratie-kijkglas\\\/\",\"name\":\"Mirilla de demostraci\u00f3n Kirby - Veltec Kirby specialist\",\"isPartOf\":{\"@id\":\"https:\\\/\\\/www.veltec.eu\\\/en\\\/#website\"},\"primaryImageOfPage\":{\"@id\":\"https:\\\/\\\/www.veltec.eu\\\/nl\\\/product\\\/kirby-demonstratie-kijkglas\\\/#primaryimage\"},\"image\":{\"@id\":\"https:\\\/\\\/www.veltec.eu\\\/nl\\\/product\\\/kirby-demonstratie-kijkglas\\\/#primaryimage\"},\"thumbnailUrl\":\"https:\\\/\\\/www.veltec.eu\\\/wp-content\\\/uploads\\\/2025\\\/05\\\/Kirbyservicetool-kopie-1.jpg\",\"datePublished\":\"2025-05-26T12:31:57+00:00\",\"dateModified\":\"2025-11-08T15:11:43+00:00\",\"description\":\"Mirilla de demostraci\u00f3n Kirby - Veltec es proveedor de aspiradoras Kirby desde hace m\u00e1s de 25 a\u00f1os. Su especialista Kirby de confianza.\",\"breadcrumb\":{\"@id\":\"https:\\\/\\\/www.veltec.eu\\\/nl\\\/product\\\/kirby-demonstratie-kijkglas\\\/#breadcrumb\"},\"inLanguage\":\"es\",\"potentialAction\":[{\"@type\":\"ReadAction\",\"target\":[\"https:\\\/\\\/www.veltec.eu\\\/nl\\\/product\\\/kirby-demonstratie-kijkglas\\\/\"]}]},{\"@type\":\"ImageObject\",\"inLanguage\":\"es\",\"@id\":\"https:\\\/\\\/www.veltec.eu\\\/nl\\\/product\\\/kirby-demonstratie-kijkglas\\\/#primaryimage\",\"url\":\"https:\\\/\\\/www.veltec.eu\\\/wp-content\\\/uploads\\\/2025\\\/05\\\/Kirbyservicetool-kopie-1.jpg\",\"contentUrl\":\"https:\\\/\\\/www.veltec.eu\\\/wp-content\\\/uploads\\\/2025\\\/05\\\/Kirbyservicetool-kopie-1.jpg\",\"width\":600,\"height\":600},{\"@type\":\"BreadcrumbList\",\"@id\":\"https:\\\/\\\/www.veltec.eu\\\/nl\\\/product\\\/kirby-demonstratie-kijkglas\\\/#breadcrumb\",\"itemListElement\":[{\"@type\":\"ListItem\",\"position\":1,\"name\":\"Home\",\"item\":\"https:\\\/\\\/www.veltec.eu\\\/es\\\/\"},{\"@type\":\"ListItem\",\"position\":2,\"name\":\"Produits\",\"item\":\"https:\\\/\\\/www.veltec.eu\\\/fr\\\/shop\\\/\"},{\"@type\":\"ListItem\",\"position\":3,\"name\":\"Mirilla de demostraci\u00f3n Kirby\"}]},{\"@type\":\"WebSite\",\"@id\":\"https:\\\/\\\/www.veltec.eu\\\/en\\\/#website\",\"url\":\"https:\\\/\\\/www.veltec.eu\\\/en\\\/\",\"name\":\"Veltec Kirby specialist\",\"description\":\"Kirby stofzuiger producten\",\"publisher\":{\"@id\":\"https:\\\/\\\/www.veltec.eu\\\/en\\\/#organization\"},\"potentialAction\":[{\"@type\":\"SearchAction\",\"target\":{\"@type\":\"EntryPoint\",\"urlTemplate\":\"https:\\\/\\\/www.veltec.eu\\\/en\\\/?s={search_term_string}\"},\"query-input\":{\"@type\":\"PropertyValueSpecification\",\"valueRequired\":true,\"valueName\":\"search_term_string\"}}],\"inLanguage\":\"es\"},{\"@type\":\"Organization\",\"@id\":\"https:\\\/\\\/www.veltec.eu\\\/en\\\/#organization\",\"name\":\"Veltec Kirby Specialist\",\"url\":\"https:\\\/\\\/www.veltec.eu\\\/en\\\/\",\"logo\":{\"@type\":\"ImageObject\",\"inLanguage\":\"es\",\"@id\":\"https:\\\/\\\/www.veltec.eu\\\/en\\\/#\\\/schema\\\/logo\\\/image\\\/\",\"url\":\"https:\\\/\\\/www.veltec.eu\\\/wp-content\\\/uploads\\\/2021\\\/12\\\/Veltec-log-groot-e1537260889125.png\",\"contentUrl\":\"https:\\\/\\\/www.veltec.eu\\\/wp-content\\\/uploads\\\/2021\\\/12\\\/Veltec-log-groot-e1537260889125.png\",\"width\":200,\"height\":60,\"caption\":\"Veltec Kirby Specialist\"},\"image\":{\"@id\":\"https:\\\/\\\/www.veltec.eu\\\/en\\\/#\\\/schema\\\/logo\\\/image\\\/\"},\"sameAs\":[\"https:\\\/\\\/www.facebook.com\\\/Veltec-Kirby-Specialist-236746293374877\\\/\",\"https:\\\/\\\/www.youtube.com\\\/user\\\/VeltecService\"]}]}<\/script>\n<!-- \/ Yoast SEO Premium plugin. -->","yoast_head_json":{"title":"Mirilla de demostraci\u00f3n Kirby - Veltec Kirby specialist","description":"Mirilla de demostraci\u00f3n Kirby - Veltec es proveedor de aspiradoras Kirby desde hace m\u00e1s de 25 a\u00f1os. Su especialista Kirby de confianza.","robots":{"index":"index","follow":"follow","max-snippet":"max-snippet:-1","max-image-preview":"max-image-preview:large","max-video-preview":"max-video-preview:-1"},"canonical":"https:\/\/www.veltec.eu\/nl\/product\/kirby-demonstratie-kijkglas\/","og_locale":"es_ES","og_type":"article","og_title":"Mirilla de demostraci\u00f3n Kirby","og_description":"&nbsp;    En stock   El plazo de entrega oscila entre 5 y 10 d\u00edas laborables.  &nbsp;","og_url":"https:\/\/www.veltec.eu\/nl\/product\/kirby-demonstratie-kijkglas\/","og_site_name":"Veltec Kirby specialist","article_publisher":"https:\/\/www.facebook.com\/Veltec-Kirby-Specialist-236746293374877\/","article_modified_time":"2025-11-08T15:11:43+00:00","og_image":[{"width":600,"height":600,"url":"https:\/\/www.veltec.eu\/wp-content\/uploads\/2025\/05\/Kirbyservicetool-kopie-1.jpg","type":"image\/jpeg"}],"twitter_card":"summary_large_image","twitter_misc":{"Tiempo de lectura":"5 minutos"},"schema":{"@context":"https:\/\/schema.org","@graph":[{"@type":"WebPage","@id":"https:\/\/www.veltec.eu\/nl\/product\/kirby-demonstratie-kijkglas\/","url":"https:\/\/www.veltec.eu\/nl\/product\/kirby-demonstratie-kijkglas\/","name":"Mirilla de demostraci\u00f3n Kirby - Veltec Kirby specialist","isPartOf":{"@id":"https:\/\/www.veltec.eu\/en\/#website"},"primaryImageOfPage":{"@id":"https:\/\/www.veltec.eu\/nl\/product\/kirby-demonstratie-kijkglas\/#primaryimage"},"image":{"@id":"https:\/\/www.veltec.eu\/nl\/product\/kirby-demonstratie-kijkglas\/#primaryimage"},"thumbnailUrl":"https:\/\/www.veltec.eu\/wp-content\/uploads\/2025\/05\/Kirbyservicetool-kopie-1.jpg","datePublished":"2025-05-26T12:31:57+00:00","dateModified":"2025-11-08T15:11:43+00:00","description":"Mirilla de demostraci\u00f3n Kirby - Veltec es proveedor de aspiradoras Kirby desde hace m\u00e1s de 25 a\u00f1os. Su especialista Kirby de confianza.","breadcrumb":{"@id":"https:\/\/www.veltec.eu\/nl\/product\/kirby-demonstratie-kijkglas\/#breadcrumb"},"inLanguage":"es","potentialAction":[{"@type":"ReadAction","target":["https:\/\/www.veltec.eu\/nl\/product\/kirby-demonstratie-kijkglas\/"]}]},{"@type":"ImageObject","inLanguage":"es","@id":"https:\/\/www.veltec.eu\/nl\/product\/kirby-demonstratie-kijkglas\/#primaryimage","url":"https:\/\/www.veltec.eu\/wp-content\/uploads\/2025\/05\/Kirbyservicetool-kopie-1.jpg","contentUrl":"https:\/\/www.veltec.eu\/wp-content\/uploads\/2025\/05\/Kirbyservicetool-kopie-1.jpg","width":600,"height":600},{"@type":"BreadcrumbList","@id":"https:\/\/www.veltec.eu\/nl\/product\/kirby-demonstratie-kijkglas\/#breadcrumb","itemListElement":[{"@type":"ListItem","position":1,"name":"Home","item":"https:\/\/www.veltec.eu\/es\/"},{"@type":"ListItem","position":2,"name":"Produits","item":"https:\/\/www.veltec.eu\/fr\/shop\/"},{"@type":"ListItem","position":3,"name":"Mirilla de demostraci\u00f3n Kirby"}]},{"@type":"WebSite","@id":"https:\/\/www.veltec.eu\/en\/#website","url":"https:\/\/www.veltec.eu\/en\/","name":"Veltec Kirby specialist","description":"Kirby stofzuiger producten","publisher":{"@id":"https:\/\/www.veltec.eu\/en\/#organization"},"potentialAction":[{"@type":"SearchAction","target":{"@type":"EntryPoint","urlTemplate":"https:\/\/www.veltec.eu\/en\/?s={search_term_string}"},"query-input":{"@type":"PropertyValueSpecification","valueRequired":true,"valueName":"search_term_string"}}],"inLanguage":"es"},{"@type":"Organization","@id":"https:\/\/www.veltec.eu\/en\/#organization","name":"Veltec Kirby Specialist","url":"https:\/\/www.veltec.eu\/en\/","logo":{"@type":"ImageObject","inLanguage":"es","@id":"https:\/\/www.veltec.eu\/en\/#\/schema\/logo\/image\/","url":"https:\/\/www.veltec.eu\/wp-content\/uploads\/2021\/12\/Veltec-log-groot-e1537260889125.png","contentUrl":"https:\/\/www.veltec.eu\/wp-content\/uploads\/2021\/12\/Veltec-log-groot-e1537260889125.png","width":200,"height":60,"caption":"Veltec Kirby Specialist"},"image":{"@id":"https:\/\/www.veltec.eu\/en\/#\/schema\/logo\/image\/"},"sameAs":["https:\/\/www.facebook.com\/Veltec-Kirby-Specialist-236746293374877\/","https:\/\/www.youtube.com\/user\/VeltecService"]}]}},"_links":{"self":[{"href":"https:\/\/www.veltec.eu\/es\/wp-json\/wp\/v2\/product\/79546","targetHints":{"allow":["GET"]}}],"collection":[{"href":"https:\/\/www.veltec.eu\/es\/wp-json\/wp\/v2\/product"}],"about":[{"href":"https:\/\/www.veltec.eu\/es\/wp-json\/wp\/v2\/types\/product"}],"replies":[{"embeddable":true,"href":"https:\/\/www.veltec.eu\/es\/wp-json\/wp\/v2\/comments?post=79546"}],"wp:featuredmedia":[{"embeddable":true,"href":"https:\/\/www.veltec.eu\/es\/wp-json\/wp\/v2\/media\/79525"}],"wp:attachment":[{"href":"https:\/\/www.veltec.eu\/es\/wp-json\/wp\/v2\/media?parent=79546"}],"wp:term":[{"taxonomy":"product_brand","embeddable":true,"href":"https:\/\/www.veltec.eu\/es\/wp-json\/wp\/v2\/product_brand?post=79546"},{"taxonomy":"product_cat","embeddable":true,"href":"https:\/\/www.veltec.eu\/es\/wp-json\/wp\/v2\/product_cat?post=79546"},{"taxonomy":"product_tag","embeddable":true,"href":"https:\/\/www.veltec.eu\/es\/wp-json\/wp\/v2\/product_tag?post=79546"}],"curies":[{"name":"wp","href":"https:\/\/api.w.org\/{rel}","templated":true}]}}