{"id":79407,"date":"2025-05-23T12:37:34","date_gmt":"2025-05-23T10:37:34","guid":{"rendered":"https:\/\/www.veltec.eu\/product\/limpiador-de-colchones-kirby-con-mirilla-de-demostracion-incluida\/"},"modified":"2025-11-20T11:46:51","modified_gmt":"2025-11-20T09:46:51","slug":"limpiador-de-colchones-kirby-avalir","status":"publish","type":"product","link":"https:\/\/www.veltec.eu\/es\/product\/limpiador-de-colchones-kirby-avalir\/","title":{"rendered":"Limpiador de colchones Kirby Avalir"},"content":{"rendered":"<h2>Descubra el poder del Limpiador de colchones Kirby Avalir con mirilla de demostraci\u00f3n incluida<\/h2>\n<h3>\u00bfDesea utilizar la aspiradora Kirby para fines profesionales como la limpieza de colchones?<\/h3>\n<p>Entonces Kirby es la elecci\u00f3n perfecta. Gracias a su potente potencia de succi\u00f3n y a sus accesorios profesionales, como la mirilla de demostraci\u00f3n, podr\u00e1 mostrar de forma convincente cu\u00e1nta suciedad sale de los colchones. Ideal para limpiadores de colchones, servicios de limpieza o vendedores de Kirby que quieran mostrar a los clientes lo que significa limpiar de verdad. Elija impacto profesional y resultados visibles con Kirby. \u00bfO quiere experimentar por s\u00ed mismo cu\u00e1nta suciedad sale realmente de su colch\u00f3n? Entonces el <strong>Limpiador de colchones Kirby Avalir con mirilla de demostraci\u00f3n incluida<\/strong> es justo lo que necesita.<\/p>\n<p>Este innovador set consta de una potente aspiradora Kirby, equipada con una boquilla de gran cabezal y un c\u00f3modo mango. Lo que hace que este set sea \u00fanico es la mirilla de demostraci\u00f3n Kirby incluida, especialmente desarrollada para hacer visible lo que normalmente nunca se ve: la suciedad oculta en el interior de su colch\u00f3n.<\/p>\n<hr data-start=\"778\" data-end=\"781\" \/>\n<h2>Atenci\u00f3n: se trata de una aspiradora Kirby reacondicionada<\/h2>\n<p><strong><img decoding=\"async\" class=\"wp-image-85976 size-square alignright\" src=\"https:\/\/www.veltec.eu\/wp-content\/uploads\/2018\/09\/Kirby-refurbished-1-180x180.png\" alt=\"\" width=\"180\" height=\"180\" srcset=\"https:\/\/www.veltec.eu\/wp-content\/uploads\/2018\/09\/Kirby-refurbished-1-180x180.png 180w, https:\/\/www.veltec.eu\/wp-content\/uploads\/2018\/09\/Kirby-refurbished-1-300x300.png 300w, https:\/\/www.veltec.eu\/wp-content\/uploads\/2018\/09\/Kirby-refurbished-1-80x80.png 80w, https:\/\/www.veltec.eu\/wp-content\/uploads\/2018\/09\/Kirby-refurbished-1-36x36.png 36w, https:\/\/www.veltec.eu\/wp-content\/uploads\/2018\/09\/Kirby-refurbished-1-120x120.png 120w, https:\/\/www.veltec.eu\/wp-content\/uploads\/2018\/09\/Kirby-refurbished-1-450x450.png 450w, https:\/\/www.veltec.eu\/wp-content\/uploads\/2018\/09\/Kirby-refurbished-1-600x600.png 600w, https:\/\/www.veltec.eu\/wp-content\/uploads\/2018\/09\/Kirby-refurbished-1-100x100.png 100w, https:\/\/www.veltec.eu\/wp-content\/uploads\/2018\/09\/Kirby-refurbished-1.png 626w\" sizes=\"(max-width: 180px) 100vw, 180px\" \/><\/strong>Esta aspiradora Kirby no es nueva, sino totalmente reacondicionada. Esto significa que el aparato ha sido revisado a fondo por nuestros especialistas, limpiado profesionalmente y, en caso necesario, provisto de piezas nuevas. Piense en piezas de motor nuevas y un ajuste t\u00e9cnicamente perfecto. Adem\u00e1s, la Kirby se pule en su totalidad. \u00bfEl resultado? Una aspiradora Kirby en perfecto estado y con un rendimiento \u00f3ptimo &#8211; con la fiabilidad de Kirby, pero por un precio inferior al de un aparato nuevo.<\/p>\n<p><a href=\"https:\/\/www.veltec.eu\/es\/comprar-kirby-avalir\/\">Kirby Avalir Comprar &#8211; Veltec Especialista en Kirby<\/a><\/p>\n<hr data-start=\"778\" data-end=\"781\" \/>\n<h2>\u00bfQu\u00e9 es la mirilla de demostraci\u00f3n de Kirby?<\/h2>\n<p><img decoding=\"async\" class=\"alignright wp-image-79823 size-medium\" src=\"https:\/\/www.veltec.eu\/wp-content\/uploads\/2025\/06\/Kirbyservicetool-300x234.png\" alt=\"Limpiador de colchones Kirby Avalir\" width=\"300\" height=\"234\" srcset=\"https:\/\/www.veltec.eu\/wp-content\/uploads\/2025\/06\/Kirbyservicetool-300x234.png 300w, https:\/\/www.veltec.eu\/wp-content\/uploads\/2025\/06\/Kirbyservicetool-1030x804.png 1030w, https:\/\/www.veltec.eu\/wp-content\/uploads\/2025\/06\/Kirbyservicetool-768x600.png 768w, https:\/\/www.veltec.eu\/wp-content\/uploads\/2025\/06\/Kirbyservicetool-1536x1199.png 1536w, https:\/\/www.veltec.eu\/wp-content\/uploads\/2025\/06\/Kirbyservicetool-1500x1171.png 1500w, https:\/\/www.veltec.eu\/wp-content\/uploads\/2025\/06\/Kirbyservicetool-705x550.png 705w, https:\/\/www.veltec.eu\/wp-content\/uploads\/2025\/06\/Kirbyservicetool-450x351.png 450w, https:\/\/www.veltec.eu\/wp-content\/uploads\/2025\/06\/Kirbyservicetool-600x468.png 600w, https:\/\/www.veltec.eu\/wp-content\/uploads\/2025\/06\/Kirbyservicetool-77x60.png 77w, https:\/\/www.veltec.eu\/wp-content\/uploads\/2025\/06\/Kirbyservicetool-115x90.png 115w, https:\/\/www.veltec.eu\/wp-content\/uploads\/2025\/06\/Kirbyservicetool.png 1600w\" sizes=\"(max-width: 300px) 100vw, 300px\" \/><\/p>\n<h3>Una herramienta \u00fanica para la prueba visual<\/h3>\n<p>La mirilla de demostraci\u00f3n Kirby es una herramienta indispensable tanto para los vendedores profesionales de Kirby como para los limpiadores de colchones. Gracias a este dispositivo, podr\u00e1 ver con sus propios ojos lo que se aspira de su colch\u00f3n o alfombra. La mirilla sustituye temporalmente a la bolsa exterior Kirby y utiliza filtros de recogida especiales redondos de color negro. Estos filtros est\u00e1n disponibles exclusivamente en nuestra empresa y est\u00e1n dise\u00f1ados para que la suciedad aspirada sea claramente visible.<\/p>\n<p>La mirilla transparente le permite ver exactamente la cantidad de polvo, pelo, caspa y dem\u00e1s suciedad que contiene su colch\u00f3n. Esto no s\u00f3lo impresiona a la vista, sino que tambi\u00e9n resulta muy convincente como demostraci\u00f3n a los clientes o a usted mismo. Como resultado, puede estar seguro de que Kirby realmente hace lo que promete: limpiar a fondo.<\/p>\n<hr data-start=\"1640\" data-end=\"1643\" \/>\n<h2>\u00bfC\u00f3mo funciona el Limpiador de colchones Kirby Avalir con mirilla de demostraci\u00f3n incluida?<\/h2>\n<h3>Instalaci\u00f3n sencilla y resultados inmediatos<\/h3>\n<p>Utilizar este set Kirby es muy sencillo. Retire la bolsa exterior est\u00e1ndar de su aspiradora Kirby y coloque en su lugar la mirilla de demostraci\u00f3n con filtro colector negro. A continuaci\u00f3n, enciende la aspiradora Kirby y empieza a limpiar el colch\u00f3n o el suelo. A medida que aspira, la suciedad es aspirada a trav\u00e9s de la mirilla y recogida en el filtro negro. Puede ver literalmente c\u00f3mo la suciedad fluye y se acumula.<\/p>\n<p>Tenga en cuenta que esta herramienta es s\u00f3lo para fines de demostraci\u00f3n. Para aspirar con regularidad, sustituya de nuevo la mirilla por la bolsa exterior original Kirby.<\/p>\n<hr data-start=\"2382\" data-end=\"2385\" \/>\n<h2>Utilice siempre filtros colectores Kirby originales<\/h2>\n<h3>Evite atascos y mantenga un flujo de aire \u00f3ptimo.<\/h3>\n<p>Una consideraci\u00f3n importante es utilizar filtros de recogida Kirby originales. Otras alternativas como las toallitas de papel o los filtros baratos pueden obstruirse. Esto restringir\u00e1 el flujo de aire de Kirby, resultando en un peor rendimiento de la aspiradora. S\u00f3lo utilizando nuestros filtros originales garantizar\u00e1 una potente succi\u00f3n y una demostraci\u00f3n fiable.<\/p>\n<p>Al comprar la mirilla de demostraci\u00f3n Kirby, recibir\u00e1 de serie un juego de 200 filtros de recogida negros. \u00bfNecesita m\u00e1s? Entonces puede encargarnos f\u00e1cilmente un rollo de 1250 por 120,00 euros. Tenga en cuenta que el plazo de entrega de estos rollos puede ser ligeramente superior.<\/p>\n<hr data-start=\"3173\" data-end=\"3176\" \/>\n<h2>\u00bfQu\u00e9 hace indispensable este set de Kirby?<\/h2>\n<p><img decoding=\"async\" class=\"wp-image-79969 size-medium alignright\" src=\"https:\/\/www.veltec.eu\/wp-content\/uploads\/2025\/06\/Kirby-matrasreiging-300x300.jpg\" alt=\"Limpiador de colchones Kirby Avalir\" width=\"300\" height=\"300\" srcset=\"https:\/\/www.veltec.eu\/wp-content\/uploads\/2025\/06\/Kirby-matrasreiging-300x300.jpg 300w, https:\/\/www.veltec.eu\/wp-content\/uploads\/2025\/06\/Kirby-matrasreiging-80x80.jpg 80w, https:\/\/www.veltec.eu\/wp-content\/uploads\/2025\/06\/Kirby-matrasreiging-768x768.jpg 768w, https:\/\/www.veltec.eu\/wp-content\/uploads\/2025\/06\/Kirby-matrasreiging-36x36.jpg 36w, https:\/\/www.veltec.eu\/wp-content\/uploads\/2025\/06\/Kirby-matrasreiging-180x180.jpg 180w, https:\/\/www.veltec.eu\/wp-content\/uploads\/2025\/06\/Kirby-matrasreiging-705x705.jpg 705w, https:\/\/www.veltec.eu\/wp-content\/uploads\/2025\/06\/Kirby-matrasreiging-120x120.jpg 120w, https:\/\/www.veltec.eu\/wp-content\/uploads\/2025\/06\/Kirby-matrasreiging-450x450.jpg 450w, https:\/\/www.veltec.eu\/wp-content\/uploads\/2025\/06\/Kirby-matrasreiging-600x600.jpg 600w, https:\/\/www.veltec.eu\/wp-content\/uploads\/2025\/06\/Kirby-matrasreiging-100x100.jpg 100w, https:\/\/www.veltec.eu\/wp-content\/uploads\/2025\/06\/Kirby-matrasreiging-60x60.jpg 60w, https:\/\/www.veltec.eu\/wp-content\/uploads\/2025\/06\/Kirby-matrasreiging-90x90.jpg 90w, https:\/\/www.veltec.eu\/wp-content\/uploads\/2025\/06\/Kirby-matrasreiging.jpg 1024w\" sizes=\"(max-width: 300px) 100vw, 300px\" \/><\/p>\n<h3>Demuestra lo que otros s\u00f3lo prometen<\/h3>\n<p>Con el limpiador de colchones Kirby Avalir que incluye mirilla de demostraci\u00f3n tendr\u00e1 una prueba visual y funcional del poder de limpieza de Kirby. Lo ver\u00e1 inmediatamente:<\/p>\n<ul>\n<li>Cu\u00e1nta suciedad hay realmente en su colch\u00f3n.<\/li>\n<li>Lo que permanece oculto en su alfombra.<\/li>\n<li>Con qu\u00e9 eficacia funciona la aspiradora Kirby.<\/li>\n<\/ul>\n<p>Tambi\u00e9n puede utilizar este set para convencer a los clientes de la calidad de su servicio de limpieza. El impacto de la suciedad visible en la mirilla suele bastar para que compren o lo utilicen inmediatamente.<\/p>\n<hr data-start=\"3764\" data-end=\"3767\" \/>\n<h2>Compruebe si sus colchones est\u00e1n realmente limpios<\/h2>\n<h3>Pr\u00e1ctico y fiable<\/h3>\n<p>\u00bfAlguna vez se ha preguntado si su colch\u00f3n est\u00e1 realmente limpio despu\u00e9s de aspirarlo? Gracias a este sistema, puede estar seguro. La mirilla le permite comprobar inmediatamente el resultado de la limpieza. Esto lo convierte en un valioso complemento para su rutina de limpieza.<\/p>\n<p>Tanto para uso dom\u00e9stico como para demostraciones profesionales, este sistema es la elecci\u00f3n perfecta. Hace visible lo que normalmente permanece oculto y le ofrece un control total sobre la higiene.<\/p>\n<hr data-start=\"4342\" data-end=\"4345\" \/>\n<h2>\u00bfQu\u00e9 se incluye en el embalaje?<\/h2>\n<p>Al comprar el aspirador de colchones Kirby, incluida la mirilla de demostraci\u00f3n, recibir\u00e1 lo siguiente:<\/p>\n<ul>\n<li>1 aspirador Kirby Avalir 1 (Reacondicionado)<\/li>\n<li>1 mango Kirby Avalir 1<\/li>\n<li>1 boquilla batidora ancha Kirby Avalir 1<\/li>\n<li>1 bolsa exterior Kirby Avalir 1<\/li>\n<li>1 mirilla de demostraci\u00f3n Kirby<\/li>\n<li>200 filtros de recogida negros<\/li>\n<\/ul>\n<p>Hay disponibles filtros adicionales por rollo de 1250 por 120,00 euros. Estos filtros est\u00e1n especialmente dise\u00f1ados para obtener unos resultados y una fiabilidad \u00f3ptimos.<\/p>\n<hr data-start=\"4744\" data-end=\"4747\" \/>\n<h2>Pida hoy mismo su Limpiador de colchones Kirby Avalir con mirilla de demostraci\u00f3n incluida<\/h2>\n<h3>Certeza, limpieza y convicci\u00f3n en uno<\/h3>\n<p>\u00bfQuiere vivir la experiencia de limpieza definitiva y comprobar lo potente que es su Kirby? Pida ahora el <strong>Limpiador de colchones Kirby Avalir<\/strong> con mirilla de demostraci\u00f3n. Tanto si es un profesional como un particular, este set le ofrece la garant\u00eda de un resultado visiblemente limpio.<\/p>\n<p>Haga la elecci\u00f3n correcta y experimente por s\u00ed mismo lo que el Kirby puede hacer por usted y su hogar. P\u00eddalo f\u00e1cilmente en l\u00ednea y descubra la potencia sin igual de este set de demostraci\u00f3n.<\/p>\n","protected":false},"excerpt":{"rendered":"<p>&nbsp;<\/p>\n[trustindex data-widget-id=48bbd87242952812953642309d4]\n<h3><span style=\"color: #008000;\"><br \/>\nEn stock<\/span><\/h3>\n[av_font_icon icon='ue812' font='entypo-fontello' style='' caption='' size='25px' position='left' color='#43ad66' link='' linktarget='' title_attr='' sonar_effect_effect='' sonar_effect_color='' sonar_effect_duration='1' sonar_effect_scale='' sonar_effect_opac='0.5' animation='' id='' custom_class='' template_class='' av_uid='' sc_version='1.0' admin_preview_bg=''][\/av_font_icon]\n<p><span style=\"color: #008000;\">El plazo de entrega oscila entre 5 y 10 d\u00edas laborables.<\/span><\/p>\n<p>&nbsp;<\/p>\n","protected":false},"featured_media":79370,"comment_status":"open","ping_status":"closed","template":"","meta":{"_acf_changed":false},"product_brand":[],"product_cat":[1412],"product_tag":[],"class_list":{"0":"post-79407","1":"product","2":"type-product","3":"status-publish","4":"has-post-thumbnail","6":"product_cat-limpiador-de-colchones-kirby","8":"first","9":"instock","10":"sale","11":"taxable","12":"shipping-taxable","13":"purchasable","14":"product-type-simple"},"acf":[],"yoast_head":"<!-- This site is optimized with the Yoast SEO Premium plugin v27.1 (Yoast SEO v27.5) - https:\/\/yoast.com\/product\/yoast-seo-premium-wordpress\/ -->\n<title>Limpiador de colchones Kirby Avalir - Veltec Kirby specialist<\/title>\n<meta name=\"description\" content=\"Limpiador de colchones Kirby Avalir - \u00bfDesea utilizar la aspiradora Kirby para fines profesionales? Con mirilla de demostraci\u00f3n incluida\" \/>\n<meta name=\"robots\" content=\"index, follow, max-snippet:-1, max-image-preview:large, max-video-preview:-1\" \/>\n<link rel=\"canonical\" href=\"https:\/\/www.veltec.eu\/es\/product\/limpiador-de-colchones-kirby-avalir\/\" \/>\n<meta property=\"og:locale\" content=\"es_ES\" \/>\n<meta property=\"og:type\" content=\"article\" \/>\n<meta property=\"og:title\" content=\"Limpiador de colchones Kirby Avalir\" \/>\n<meta property=\"og:description\" content=\"&nbsp;    En stock   El plazo de entrega oscila entre 5 y 10 d\u00edas laborables.  &nbsp;\" \/>\n<meta property=\"og:url\" content=\"https:\/\/www.veltec.eu\/es\/product\/limpiador-de-colchones-kirby-avalir\/\" \/>\n<meta property=\"og:site_name\" content=\"Veltec Kirby specialist\" \/>\n<meta property=\"article:publisher\" content=\"https:\/\/www.facebook.com\/Veltec-Kirby-Specialist-236746293374877\/\" \/>\n<meta property=\"article:modified_time\" content=\"2025-11-20T09:46:51+00:00\" \/>\n<meta property=\"og:image\" content=\"https:\/\/www.veltec.eu\/wp-content\/uploads\/2025\/05\/Kirby-HandstofzuigerAvalir1oke-scaled.png\" \/>\n\t<meta property=\"og:image:width\" content=\"1920\" \/>\n\t<meta property=\"og:image:height\" content=\"1920\" \/>\n\t<meta property=\"og:image:type\" content=\"image\/png\" \/>\n<meta name=\"twitter:card\" content=\"summary_large_image\" \/>\n<meta name=\"twitter:label1\" content=\"Tiempo de lectura\" \/>\n\t<meta name=\"twitter:data1\" content=\"6 minutos\" \/>\n<script type=\"application\/ld+json\" class=\"yoast-schema-graph\">{\"@context\":\"https:\\\/\\\/schema.org\",\"@graph\":[{\"@type\":\"WebPage\",\"@id\":\"https:\\\/\\\/www.veltec.eu\\\/es\\\/product\\\/limpiador-de-colchones-kirby-avalir\\\/\",\"url\":\"https:\\\/\\\/www.veltec.eu\\\/es\\\/product\\\/limpiador-de-colchones-kirby-avalir\\\/\",\"name\":\"Limpiador de colchones Kirby Avalir - Veltec Kirby specialist\",\"isPartOf\":{\"@id\":\"https:\\\/\\\/www.veltec.eu\\\/en\\\/#website\"},\"primaryImageOfPage\":{\"@id\":\"https:\\\/\\\/www.veltec.eu\\\/es\\\/product\\\/limpiador-de-colchones-kirby-avalir\\\/#primaryimage\"},\"image\":{\"@id\":\"https:\\\/\\\/www.veltec.eu\\\/es\\\/product\\\/limpiador-de-colchones-kirby-avalir\\\/#primaryimage\"},\"thumbnailUrl\":\"https:\\\/\\\/www.veltec.eu\\\/wp-content\\\/uploads\\\/2025\\\/05\\\/Kirby-HandstofzuigerAvalir1oke-scaled.png\",\"datePublished\":\"2025-05-23T10:37:34+00:00\",\"dateModified\":\"2025-11-20T09:46:51+00:00\",\"description\":\"Limpiador de colchones Kirby Avalir - \u00bfDesea utilizar la aspiradora Kirby para fines profesionales? Con mirilla de demostraci\u00f3n incluida\",\"breadcrumb\":{\"@id\":\"https:\\\/\\\/www.veltec.eu\\\/es\\\/product\\\/limpiador-de-colchones-kirby-avalir\\\/#breadcrumb\"},\"inLanguage\":\"es\",\"potentialAction\":[{\"@type\":\"ReadAction\",\"target\":[\"https:\\\/\\\/www.veltec.eu\\\/es\\\/product\\\/limpiador-de-colchones-kirby-avalir\\\/\"]}]},{\"@type\":\"ImageObject\",\"inLanguage\":\"es\",\"@id\":\"https:\\\/\\\/www.veltec.eu\\\/es\\\/product\\\/limpiador-de-colchones-kirby-avalir\\\/#primaryimage\",\"url\":\"https:\\\/\\\/www.veltec.eu\\\/wp-content\\\/uploads\\\/2025\\\/05\\\/Kirby-HandstofzuigerAvalir1oke-scaled.png\",\"contentUrl\":\"https:\\\/\\\/www.veltec.eu\\\/wp-content\\\/uploads\\\/2025\\\/05\\\/Kirby-HandstofzuigerAvalir1oke-scaled.png\",\"width\":1920,\"height\":1920},{\"@type\":\"BreadcrumbList\",\"@id\":\"https:\\\/\\\/www.veltec.eu\\\/es\\\/product\\\/limpiador-de-colchones-kirby-avalir\\\/#breadcrumb\",\"itemListElement\":[{\"@type\":\"ListItem\",\"position\":1,\"name\":\"Home\",\"item\":\"https:\\\/\\\/www.veltec.eu\\\/es\\\/pagina-de-inicio\\\/\"},{\"@type\":\"ListItem\",\"position\":2,\"name\":\"Tienda Kirby\",\"item\":\"https:\\\/\\\/www.veltec.eu\\\/es\\\/tienda-kirby\\\/\"},{\"@type\":\"ListItem\",\"position\":3,\"name\":\"Limpiador de colchones Kirby Avalir\"}]},{\"@type\":\"WebSite\",\"@id\":\"https:\\\/\\\/www.veltec.eu\\\/en\\\/#website\",\"url\":\"https:\\\/\\\/www.veltec.eu\\\/en\\\/\",\"name\":\"Veltec Kirby specialist\",\"description\":\"Kirby stofzuiger producten\",\"publisher\":{\"@id\":\"https:\\\/\\\/www.veltec.eu\\\/en\\\/#organization\"},\"potentialAction\":[{\"@type\":\"SearchAction\",\"target\":{\"@type\":\"EntryPoint\",\"urlTemplate\":\"https:\\\/\\\/www.veltec.eu\\\/en\\\/?s={search_term_string}\"},\"query-input\":{\"@type\":\"PropertyValueSpecification\",\"valueRequired\":true,\"valueName\":\"search_term_string\"}}],\"inLanguage\":\"es\"},{\"@type\":\"Organization\",\"@id\":\"https:\\\/\\\/www.veltec.eu\\\/en\\\/#organization\",\"name\":\"Veltec Kirby Specialist\",\"url\":\"https:\\\/\\\/www.veltec.eu\\\/en\\\/\",\"logo\":{\"@type\":\"ImageObject\",\"inLanguage\":\"es\",\"@id\":\"https:\\\/\\\/www.veltec.eu\\\/en\\\/#\\\/schema\\\/logo\\\/image\\\/\",\"url\":\"https:\\\/\\\/www.veltec.eu\\\/wp-content\\\/uploads\\\/2021\\\/12\\\/Veltec-log-groot-e1537260889125.png\",\"contentUrl\":\"https:\\\/\\\/www.veltec.eu\\\/wp-content\\\/uploads\\\/2021\\\/12\\\/Veltec-log-groot-e1537260889125.png\",\"width\":200,\"height\":60,\"caption\":\"Veltec Kirby Specialist\"},\"image\":{\"@id\":\"https:\\\/\\\/www.veltec.eu\\\/en\\\/#\\\/schema\\\/logo\\\/image\\\/\"},\"sameAs\":[\"https:\\\/\\\/www.facebook.com\\\/Veltec-Kirby-Specialist-236746293374877\\\/\",\"https:\\\/\\\/www.youtube.com\\\/user\\\/VeltecService\"]}]}<\/script>\n<!-- \/ Yoast SEO Premium plugin. -->","yoast_head_json":{"title":"Limpiador de colchones Kirby Avalir - Veltec Kirby specialist","description":"Limpiador de colchones Kirby Avalir - \u00bfDesea utilizar la aspiradora Kirby para fines profesionales? Con mirilla de demostraci\u00f3n incluida","robots":{"index":"index","follow":"follow","max-snippet":"max-snippet:-1","max-image-preview":"max-image-preview:large","max-video-preview":"max-video-preview:-1"},"canonical":"https:\/\/www.veltec.eu\/es\/product\/limpiador-de-colchones-kirby-avalir\/","og_locale":"es_ES","og_type":"article","og_title":"Limpiador de colchones Kirby Avalir","og_description":"&nbsp;    En stock   El plazo de entrega oscila entre 5 y 10 d\u00edas laborables.  &nbsp;","og_url":"https:\/\/www.veltec.eu\/es\/product\/limpiador-de-colchones-kirby-avalir\/","og_site_name":"Veltec Kirby specialist","article_publisher":"https:\/\/www.facebook.com\/Veltec-Kirby-Specialist-236746293374877\/","article_modified_time":"2025-11-20T09:46:51+00:00","og_image":[{"width":1920,"height":1920,"url":"https:\/\/www.veltec.eu\/wp-content\/uploads\/2025\/05\/Kirby-HandstofzuigerAvalir1oke-scaled.png","type":"image\/png"}],"twitter_card":"summary_large_image","twitter_misc":{"Tiempo de lectura":"6 minutos"},"schema":{"@context":"https:\/\/schema.org","@graph":[{"@type":"WebPage","@id":"https:\/\/www.veltec.eu\/es\/product\/limpiador-de-colchones-kirby-avalir\/","url":"https:\/\/www.veltec.eu\/es\/product\/limpiador-de-colchones-kirby-avalir\/","name":"Limpiador de colchones Kirby Avalir - Veltec Kirby specialist","isPartOf":{"@id":"https:\/\/www.veltec.eu\/en\/#website"},"primaryImageOfPage":{"@id":"https:\/\/www.veltec.eu\/es\/product\/limpiador-de-colchones-kirby-avalir\/#primaryimage"},"image":{"@id":"https:\/\/www.veltec.eu\/es\/product\/limpiador-de-colchones-kirby-avalir\/#primaryimage"},"thumbnailUrl":"https:\/\/www.veltec.eu\/wp-content\/uploads\/2025\/05\/Kirby-HandstofzuigerAvalir1oke-scaled.png","datePublished":"2025-05-23T10:37:34+00:00","dateModified":"2025-11-20T09:46:51+00:00","description":"Limpiador de colchones Kirby Avalir - \u00bfDesea utilizar la aspiradora Kirby para fines profesionales? Con mirilla de demostraci\u00f3n incluida","breadcrumb":{"@id":"https:\/\/www.veltec.eu\/es\/product\/limpiador-de-colchones-kirby-avalir\/#breadcrumb"},"inLanguage":"es","potentialAction":[{"@type":"ReadAction","target":["https:\/\/www.veltec.eu\/es\/product\/limpiador-de-colchones-kirby-avalir\/"]}]},{"@type":"ImageObject","inLanguage":"es","@id":"https:\/\/www.veltec.eu\/es\/product\/limpiador-de-colchones-kirby-avalir\/#primaryimage","url":"https:\/\/www.veltec.eu\/wp-content\/uploads\/2025\/05\/Kirby-HandstofzuigerAvalir1oke-scaled.png","contentUrl":"https:\/\/www.veltec.eu\/wp-content\/uploads\/2025\/05\/Kirby-HandstofzuigerAvalir1oke-scaled.png","width":1920,"height":1920},{"@type":"BreadcrumbList","@id":"https:\/\/www.veltec.eu\/es\/product\/limpiador-de-colchones-kirby-avalir\/#breadcrumb","itemListElement":[{"@type":"ListItem","position":1,"name":"Home","item":"https:\/\/www.veltec.eu\/es\/pagina-de-inicio\/"},{"@type":"ListItem","position":2,"name":"Tienda Kirby","item":"https:\/\/www.veltec.eu\/es\/tienda-kirby\/"},{"@type":"ListItem","position":3,"name":"Limpiador de colchones Kirby Avalir"}]},{"@type":"WebSite","@id":"https:\/\/www.veltec.eu\/en\/#website","url":"https:\/\/www.veltec.eu\/en\/","name":"Veltec Kirby specialist","description":"Kirby stofzuiger producten","publisher":{"@id":"https:\/\/www.veltec.eu\/en\/#organization"},"potentialAction":[{"@type":"SearchAction","target":{"@type":"EntryPoint","urlTemplate":"https:\/\/www.veltec.eu\/en\/?s={search_term_string}"},"query-input":{"@type":"PropertyValueSpecification","valueRequired":true,"valueName":"search_term_string"}}],"inLanguage":"es"},{"@type":"Organization","@id":"https:\/\/www.veltec.eu\/en\/#organization","name":"Veltec Kirby Specialist","url":"https:\/\/www.veltec.eu\/en\/","logo":{"@type":"ImageObject","inLanguage":"es","@id":"https:\/\/www.veltec.eu\/en\/#\/schema\/logo\/image\/","url":"https:\/\/www.veltec.eu\/wp-content\/uploads\/2021\/12\/Veltec-log-groot-e1537260889125.png","contentUrl":"https:\/\/www.veltec.eu\/wp-content\/uploads\/2021\/12\/Veltec-log-groot-e1537260889125.png","width":200,"height":60,"caption":"Veltec Kirby Specialist"},"image":{"@id":"https:\/\/www.veltec.eu\/en\/#\/schema\/logo\/image\/"},"sameAs":["https:\/\/www.facebook.com\/Veltec-Kirby-Specialist-236746293374877\/","https:\/\/www.youtube.com\/user\/VeltecService"]}]}},"_links":{"self":[{"href":"https:\/\/www.veltec.eu\/es\/wp-json\/wp\/v2\/product\/79407","targetHints":{"allow":["GET"]}}],"collection":[{"href":"https:\/\/www.veltec.eu\/es\/wp-json\/wp\/v2\/product"}],"about":[{"href":"https:\/\/www.veltec.eu\/es\/wp-json\/wp\/v2\/types\/product"}],"replies":[{"embeddable":true,"href":"https:\/\/www.veltec.eu\/es\/wp-json\/wp\/v2\/comments?post=79407"}],"wp:featuredmedia":[{"embeddable":true,"href":"https:\/\/www.veltec.eu\/es\/wp-json\/wp\/v2\/media\/79370"}],"wp:attachment":[{"href":"https:\/\/www.veltec.eu\/es\/wp-json\/wp\/v2\/media?parent=79407"}],"wp:term":[{"taxonomy":"product_brand","embeddable":true,"href":"https:\/\/www.veltec.eu\/es\/wp-json\/wp\/v2\/product_brand?post=79407"},{"taxonomy":"product_cat","embeddable":true,"href":"https:\/\/www.veltec.eu\/es\/wp-json\/wp\/v2\/product_cat?post=79407"},{"taxonomy":"product_tag","embeddable":true,"href":"https:\/\/www.veltec.eu\/es\/wp-json\/wp\/v2\/product_tag?post=79407"}],"curies":[{"name":"wp","href":"https:\/\/api.w.org\/{rel}","templated":true}]}}