{"id":76096,"date":"2025-03-04T16:06:40","date_gmt":"2025-03-04T14:06:40","guid":{"rendered":"https:\/\/www.veltec.eu\/product\/kirby-avalir-2-sistema-de-limpieza-multi-suelo\/"},"modified":"2026-04-25T09:50:28","modified_gmt":"2026-04-25T07:50:28","slug":"kirby-avalir-2-sistema-de-limpieza-multi-suelo","status":"publish","type":"product","link":"https:\/\/www.veltec.eu\/es\/product\/kirby-avalir-2-sistema-de-limpieza-multi-suelo\/","title":{"rendered":"Kirby Avalir 2 + sistema de limpieza multi-suelo"},"content":{"rendered":"<h1 data-start=\"327\" data-end=\"624\">Kirby Avalir 2 + sistema de limpieza multi-suelo Revisado en taller<\/h1>\n<p data-start=\"327\" data-end=\"624\">Podemos ofrecer este Kirby Avalir 2 + sistema de limpieza multi-suelo hasta un 60% m\u00e1s barato que el precio original. El nuevo precio de este Kirby es de 3.000,00 \u20ac.<br data-start=\"566\" data-end=\"569\" \/>Kirby Avalir 2 a\u00f1o de construcci\u00f3n 2018 hasta la fecha.<\/p>\n<p data-start=\"626\" data-end=\"717\">Entregamos este Kirby Avalir 2 Revisado en taller con 24 meses de garant\u00eda total.<\/p>\n<p data-start=\"719\" data-end=\"935\">Todo el trabajo de revisi\u00f3n se realiza en nuestro taller especializado Veltec Kirby, donde cada m\u00e1quina es inspeccionada a fondo, limpiada profesionalmente, revisada mec\u00e1nicamente y restaurada a su estado \u00f3ptimo.<\/p>\n<h3>Este Kirby Avalir 2 viene con:<\/h3>\n<ul>\n<li>Manguera (2 mtr.)<\/li>\n<li>2 mangueras de extensi\u00f3n<\/li>\n<li>Boquilla de cepillo<\/li>\n<li>Bolsa exterior Kirby patentada con asa larga<\/li>\n<li>Bolsa para guardar piezas de repuesto<\/li>\n<li>Pistola de champ\u00fa<\/li>\n<li>Tap\u00f3n de espuma de champ\u00fa<\/li>\n<li>Taza de masaje<\/li>\n<li>Cepillo para el polvo<\/li>\n<li>Aspirador de z\u00f3calo<\/li>\n<li>Regulador de aire<\/li>\n<li>Protecci\u00f3n de entrada<\/li>\n<li>Asa de elevaci\u00f3n<\/li>\n<li>2 bolsas aspiradoras Kirby Micron Magic Plus<\/li>\n<\/ul>\n<h3>Adicional<\/h3>\n<ul>\n<li>Sistema de limpieza multi-suelo<\/li>\n<\/ul>\n<div id=\"attachment_75915\" style=\"width: 310px\" class=\"wp-caption alignnone\"><img decoding=\"async\" aria-describedby=\"caption-attachment-75915\" class=\"wp-image-75915 size-medium\" src=\"https:\/\/www.veltec.eu\/wp-content\/uploads\/2025\/03\/Kirby-caddy-300x300.jpg\" alt=\"Kirby Avalir 2 + sistema de limpieza multi-suelo\" width=\"300\" height=\"300\" srcset=\"https:\/\/www.veltec.eu\/wp-content\/uploads\/2025\/03\/Kirby-caddy-300x300.jpg 300w, https:\/\/www.veltec.eu\/wp-content\/uploads\/2025\/03\/Kirby-caddy-80x80.jpg 80w, https:\/\/www.veltec.eu\/wp-content\/uploads\/2025\/03\/Kirby-caddy-36x36.jpg 36w, https:\/\/www.veltec.eu\/wp-content\/uploads\/2025\/03\/Kirby-caddy-180x180.jpg 180w, https:\/\/www.veltec.eu\/wp-content\/uploads\/2025\/03\/Kirby-caddy-120x120.jpg 120w, https:\/\/www.veltec.eu\/wp-content\/uploads\/2025\/03\/Kirby-caddy-450x450.jpg 450w, https:\/\/www.veltec.eu\/wp-content\/uploads\/2025\/03\/Kirby-caddy-100x100.jpg 100w, https:\/\/www.veltec.eu\/wp-content\/uploads\/2025\/03\/Kirby-caddy-60x60.jpg 60w, https:\/\/www.veltec.eu\/wp-content\/uploads\/2025\/03\/Kirby-caddy-90x90.jpg 90w, https:\/\/www.veltec.eu\/wp-content\/uploads\/2025\/03\/Kirby-caddy.jpg 500w\" sizes=\"(max-width: 300px) 100vw, 300px\" \/><p id=\"caption-attachment-75915\" class=\"wp-caption-text\">Kirby Avalir 2 + sistema de limpieza multi-suelo<\/p><\/div>\n<div id=\"attachment_76074\" style=\"width: 310px\" class=\"wp-caption alignnone\"><img decoding=\"async\" aria-describedby=\"caption-attachment-76074\" class=\"wp-image-76074 size-medium\" src=\"https:\/\/www.veltec.eu\/wp-content\/uploads\/2025\/03\/GRE-image-0_9c90e9f0-7cdb-427c-8895-013ded6e3a30-1-300x173.jpeg\" alt=\"Kirby Avalir 2 + sistema de limpieza multi-suelo\" width=\"300\" height=\"173\" srcset=\"https:\/\/www.veltec.eu\/wp-content\/uploads\/2025\/03\/GRE-image-0_9c90e9f0-7cdb-427c-8895-013ded6e3a30-1-300x173.jpeg 300w, https:\/\/www.veltec.eu\/wp-content\/uploads\/2025\/03\/GRE-image-0_9c90e9f0-7cdb-427c-8895-013ded6e3a30-1-450x259.jpeg 450w, https:\/\/www.veltec.eu\/wp-content\/uploads\/2025\/03\/GRE-image-0_9c90e9f0-7cdb-427c-8895-013ded6e3a30-1-600x345.jpeg 600w, https:\/\/www.veltec.eu\/wp-content\/uploads\/2025\/03\/GRE-image-0_9c90e9f0-7cdb-427c-8895-013ded6e3a30-1-104x60.jpeg 104w, https:\/\/www.veltec.eu\/wp-content\/uploads\/2025\/03\/GRE-image-0_9c90e9f0-7cdb-427c-8895-013ded6e3a30-1-157x90.jpeg 157w, https:\/\/www.veltec.eu\/wp-content\/uploads\/2025\/03\/GRE-image-0_9c90e9f0-7cdb-427c-8895-013ded6e3a30-1.jpeg 640w\" sizes=\"(max-width: 300px) 100vw, 300px\" \/><p id=\"caption-attachment-76074\" class=\"wp-caption-text\">Kirby Avalir 2 + sistema de limpieza multi-suelo<\/p><\/div>\n<p>Puede ampliar su Kirby con opciones adicionales como el <a href=\"https:\/\/www.veltec.eu\/es\/product\/sistema-de-frotar-kirby-nl3155\/\" target=\"_blank\" rel=\"noopener\">sistema de pulido Kirby<\/a>, la <a href=\"https:\/\/www.veltec.eu\/es\/product\/tubo-para-aspiradora-kirby-4-metros-nl3168\/\" target=\"_blank\" rel=\"noopener\">manguera de aspiraci\u00f3n Kirby (4 metros)<\/a> o el <a href=\"https:\/\/www.veltec.eu\/es\/product\/accesorios-sistema-turbo-kirby-nl3126\/\" target=\"_blank\" rel=\"noopener\">sistema de accesorios Kirby Turbo<\/a>.<\/p>\n<p data-start=\"1639\" data-end=\"1888\">Los aparatos Kirby se entregan en su domicilio con 2 a\u00f1os de garant\u00eda completa.<\/p>\n<p data-start=\"1890\" data-end=\"1967\"><a href=\"https:\/\/www.veltec.eu\/es\/?page_id=15280\" target=\"_blank\" rel=\"noopener\">Aqu\u00ed encontrar\u00e1 todos los aspiradores Kirby nuevos y Revisados en taller.<\/a><\/p>\n<p data-start=\"1969\" data-end=\"2019\"><strong>Esta aspiradora Kirby est\u00e1 Revisada en taller.<\/strong><\/p>\n<p data-start=\"1969\" data-end=\"2019\"><img decoding=\"async\" class=\"alignright wp-image-85976 size-medium\" src=\"https:\/\/www.veltec.eu\/wp-content\/uploads\/2018\/09\/Kirby-refurbished-1-300x300.png\" alt=\"Kirby Avalir 2 + sistema de limpieza multi-suelo Revisado en taller\" width=\"300\" height=\"300\" srcset=\"https:\/\/www.veltec.eu\/wp-content\/uploads\/2018\/09\/Kirby-refurbished-1-300x300.png 300w, https:\/\/www.veltec.eu\/wp-content\/uploads\/2018\/09\/Kirby-refurbished-1-80x80.png 80w, https:\/\/www.veltec.eu\/wp-content\/uploads\/2018\/09\/Kirby-refurbished-1-36x36.png 36w, https:\/\/www.veltec.eu\/wp-content\/uploads\/2018\/09\/Kirby-refurbished-1-180x180.png 180w, https:\/\/www.veltec.eu\/wp-content\/uploads\/2018\/09\/Kirby-refurbished-1-120x120.png 120w, https:\/\/www.veltec.eu\/wp-content\/uploads\/2018\/09\/Kirby-refurbished-1-450x450.png 450w, https:\/\/www.veltec.eu\/wp-content\/uploads\/2018\/09\/Kirby-refurbished-1-600x600.png 600w, https:\/\/www.veltec.eu\/wp-content\/uploads\/2018\/09\/Kirby-refurbished-1-100x100.png 100w, https:\/\/www.veltec.eu\/wp-content\/uploads\/2018\/09\/Kirby-refurbished-1.png 626w\" sizes=\"(max-width: 300px) 100vw, 300px\" \/><\/p>\n<h2 data-start=\"2026\" data-end=\"2066\">\u00bfQu\u00e9 significa \u00abRevisado en taller\u00bb?<\/h2>\n<p data-start=\"2068\" data-end=\"2282\">Una aspiradora Kirby Revisada en taller es una aspiradora usada que ha sido completamente revisada en nuestro taller especializado Veltec Kirby, y restaurada a condiciones \u00f3ptimas.<br data-start=\"2256\" data-end=\"2259\" \/>Este proceso incluye:<\/p>\n<ul data-start=\"2283\" data-end=\"2472\">\n<li data-start=\"2283\" data-end=\"2316\">Limpieza y pulido profesional<\/li>\n<li data-start=\"2317\" data-end=\"2347\">Servicio mec\u00e1nico completo<\/li>\n<li data-start=\"2348\" data-end=\"2396\">Sustituci\u00f3n de piezas desgastadas o antiguas<\/li>\n<li data-start=\"2397\" data-end=\"2472\">Pruebas exhaustivas seg\u00fan los est\u00e1ndares de calidad originales de Kirby<\/li>\n<\/ul>\n<h3 data-start=\"2474\" data-end=\"2687\">\u00bfSu ventaja?<\/h3>\n<p data-start=\"2474\" data-end=\"2687\">Avalir 2 no es una aspiradora m\u00e1s; es un completo sistema de limpieza que deja su hogar impecable. Con su avanzada tecnolog\u00eda y versatilidad, el Kirby Avalir 2 ofrece la soluci\u00f3n perfecta para todas sus necesidades de limpieza.<\/p>\n<h2>Descubra la potencia del sistema de limpieza Kirby Avalir 2 + multi-suelo<\/h2>\n<p>Avalir 2 no es una aspiradora m\u00e1s, es un completo sistema de limpieza que dejar\u00e1 su hogar limpio. Con su avanzada tecnolog\u00eda y versatilidad, el Kirby Avalir 2 ofrece la soluci\u00f3n perfecta para todas sus necesidades de limpieza.<\/p>\n<h3>\u00bfPor qu\u00e9 elegir el sistema de limpieza Kirby Avalir 2 + multi-suelo?<\/h3>\n<p>Avalir 2 ha sido dise\u00f1ado pensando en la durabilidad y el rendimiento. Combina la potencia de una aspiradora tradicional con la funcionalidad de una limpiadora profunda, ofreciendo una experiencia de limpieza inigualable. Gracias a su construcci\u00f3n robusta y materiales de alta calidad, Kirby Avalir 2 durar\u00e1 muchos a\u00f1os, haciendo que su inversi\u00f3n sea rentable.<\/p>\n<p><a href=\"https:\/\/www.servicio-de-aspiradoras-kirby.es\/el-kirby-avalir\/\" target=\"_blank\" rel=\"noopener\">Aqu\u00ed encontrar\u00e1 todo lo que necesita saber sobre el Kirby Avalir.<\/a><\/p>\n<h3>Potente aspiraci\u00f3n y eficacia<\/h3>\n<p>La Avalir 2 dispone de un potente motor que garantiza una limpieza profunda de alfombras y suelos. Su avanzada tecnolog\u00eda de filtrado captura incluso las part\u00edculas de polvo m\u00e1s peque\u00f1as, asegurando un entorno m\u00e1s limpio y saludable. Adem\u00e1s, la potencia de succi\u00f3n regulable permite limpiar eficazmente distintas superficies, desde cortinas delicadas hasta suelos duros.<\/p>\n<h3>Sistema de limpieza multi-suelo Kirby<\/h3>\n<p>Con el Multi Floor Cleaning System, tendr\u00e1 un batidor y pulidor de alfombras profesional, permiti\u00e9ndole limpiar todas las superficies del suelo con facilidad.<\/p>\n<h3>Versatilidad de limpieza<\/h3>\n<p data-start=\"4097\" data-end=\"4207\">Lo que realmente distingue a la Avalir 2 es su versatilidad. Esta m\u00e1quina puede transformarse f\u00e1cilmente en:<\/p>\n<ul data-start=\"4208\" data-end=\"4282\">\n<li data-start=\"4208\" data-end=\"4220\">Pulidora<\/li>\n<li data-start=\"4221\" data-end=\"4260\">Limpiadora profesional de colchones<\/li>\n<li data-start=\"4261\" data-end=\"4282\">Compresor de aire<\/li>\n<\/ul>\n<p data-start=\"4284\" data-end=\"4421\">Esto permite realizar m\u00faltiples tareas de limpieza con un solo aparato, ahorrando espacio y haciendo su rutina de limpieza m\u00e1s eficiente.<\/p>\n<h3>Accesorios y complementos<\/h3>\n<p>La Avalir 2 incluye una amplia gama de accesorios dise\u00f1ados para diferentes tareas de limpieza. Desde cepillos especiales para pelo de mascotas hasta accesorios para zonas de dif\u00edcil acceso, Avalir 2 lo tiene todo. Estos accesorios le permiten limpiar cada superficie de su hogar de forma exhaustiva y eficaz.<\/p>\n","protected":false},"excerpt":{"rendered":"<p>La Kirby Avalir 2 + sistema de limpieza multi-suelo ha sido Revisada en taller Veltec, restaurada profesionalmente y equipada con 24 meses de garant\u00eda. Disfrute de potencia, durabilidad y un rendimiento como nuevo por un precio mucho m\u00e1s bajo.<\/p>\n[trustindex data-widget-id=48bbd87242952812953642309d4]\n<h3><span style=\"color: #008000;\"><br \/>\nEn stock<\/span><\/h3>\n[av_font_icon icon='ue812' font='entypo-fontello' style='' caption='' size='25px' position='left' color='#43ad66' link='' linktarget='' title_attr='' sonar_effect_effect='' sonar_effect_color='' sonar_effect_duration='1' sonar_effect_scale='' sonar_effect_opac='0.5' animation='' id='' custom_class='' template_class='' av_uid='' sc_version='1.0' admin_preview_bg=''][\/av_font_icon]\n<p><span style=\"color: #008000;\">El plazo de entrega oscila entre 5 y 10 d\u00edas laborables<\/span><\/p>\n<p>&nbsp;<\/p>\n","protected":false},"featured_media":86071,"comment_status":"open","ping_status":"closed","template":"","meta":{"_acf_changed":false},"product_brand":[],"product_cat":[412,416,317],"product_tag":[],"class_list":{"0":"post-76096","1":"product","2":"type-product","3":"status-publish","4":"has-post-thumbnail","6":"product_cat-kirby-re-acondicionadas","7":"product_cat-las-nuevas-aspiradoras-kirby","8":"product_cat-ofrece","10":"first","11":"instock","12":"sale","13":"taxable","14":"shipping-taxable","15":"purchasable","16":"product-type-simple"},"acf":[],"yoast_head":"<!-- This site is optimized with the Yoast SEO Premium plugin v27.1 (Yoast SEO v27.4) - https:\/\/yoast.com\/product\/yoast-seo-premium-wordpress\/ -->\n<title>Kirby Avalir 2 + sistema de limpieza multi-suelo - Veltec Kirby specialist<\/title>\n<meta name=\"description\" content=\"Kirby Avalir 2 + sistema de limpieza multi-suelo - Veltec es proveedor de aspiradoras Kirby desde hace m\u00e1s de 25 a\u00f1os. Especialista en Kirby.\" \/>\n<meta name=\"robots\" content=\"index, follow, max-snippet:-1, max-image-preview:large, max-video-preview:-1\" \/>\n<link rel=\"canonical\" href=\"https:\/\/www.veltec.eu\/nl\/product\/kirby-avalir-2-multi-vloerreinigingssysteem\/\" \/>\n<meta property=\"og:locale\" content=\"es_ES\" \/>\n<meta property=\"og:type\" content=\"article\" \/>\n<meta property=\"og:title\" content=\"Kirby Avalir 2 + sistema de limpieza multi-suelo\" \/>\n<meta property=\"og:description\" content=\"La Kirby Avalir 2 + sistema de limpieza multi-suelo ha sido Revisada en taller Veltec, restaurada profesionalmente y equipada con 24 meses de garant\u00eda. Disfrute de potencia, durabilidad y un rendimiento como nuevo por un precio mucho m\u00e1s bajo.    En stock   El plazo de entrega oscila entre 5 y 10 d\u00edas laborables  &nbsp;\" \/>\n<meta property=\"og:url\" content=\"https:\/\/www.veltec.eu\/nl\/product\/kirby-avalir-2-multi-vloerreinigingssysteem\/\" \/>\n<meta property=\"og:site_name\" content=\"Veltec Kirby specialist\" \/>\n<meta property=\"article:publisher\" content=\"https:\/\/www.facebook.com\/Veltec-Kirby-Specialist-236746293374877\/\" \/>\n<meta property=\"article:modified_time\" content=\"2026-04-25T07:50:28+00:00\" \/>\n<meta property=\"og:image\" content=\"https:\/\/www.veltec.eu\/wp-content\/uploads\/2025\/03\/Avalir21shampoo.png\" \/>\n\t<meta property=\"og:image:width\" content=\"620\" \/>\n\t<meta property=\"og:image:height\" content=\"620\" \/>\n\t<meta property=\"og:image:type\" content=\"image\/png\" \/>\n<meta name=\"twitter:card\" content=\"summary_large_image\" \/>\n<meta name=\"twitter:label1\" content=\"Tiempo de lectura\" \/>\n\t<meta name=\"twitter:data1\" content=\"4 minutos\" \/>\n<script type=\"application\/ld+json\" class=\"yoast-schema-graph\">{\"@context\":\"https:\\\/\\\/schema.org\",\"@graph\":[{\"@type\":\"WebPage\",\"@id\":\"https:\\\/\\\/www.veltec.eu\\\/nl\\\/product\\\/kirby-avalir-2-multi-vloerreinigingssysteem\\\/\",\"url\":\"https:\\\/\\\/www.veltec.eu\\\/nl\\\/product\\\/kirby-avalir-2-multi-vloerreinigingssysteem\\\/\",\"name\":\"Kirby Avalir 2 + sistema de limpieza multi-suelo - Veltec Kirby specialist\",\"isPartOf\":{\"@id\":\"https:\\\/\\\/www.veltec.eu\\\/en\\\/#website\"},\"primaryImageOfPage\":{\"@id\":\"https:\\\/\\\/www.veltec.eu\\\/nl\\\/product\\\/kirby-avalir-2-multi-vloerreinigingssysteem\\\/#primaryimage\"},\"image\":{\"@id\":\"https:\\\/\\\/www.veltec.eu\\\/nl\\\/product\\\/kirby-avalir-2-multi-vloerreinigingssysteem\\\/#primaryimage\"},\"thumbnailUrl\":\"https:\\\/\\\/www.veltec.eu\\\/wp-content\\\/uploads\\\/2025\\\/03\\\/Avalir21shampoo.png\",\"datePublished\":\"2025-03-04T14:06:40+00:00\",\"dateModified\":\"2026-04-25T07:50:28+00:00\",\"description\":\"Kirby Avalir 2 + sistema de limpieza multi-suelo - Veltec es proveedor de aspiradoras Kirby desde hace m\u00e1s de 25 a\u00f1os. Especialista en Kirby.\",\"breadcrumb\":{\"@id\":\"https:\\\/\\\/www.veltec.eu\\\/nl\\\/product\\\/kirby-avalir-2-multi-vloerreinigingssysteem\\\/#breadcrumb\"},\"inLanguage\":\"es\",\"potentialAction\":[{\"@type\":\"ReadAction\",\"target\":[\"https:\\\/\\\/www.veltec.eu\\\/nl\\\/product\\\/kirby-avalir-2-multi-vloerreinigingssysteem\\\/\"]}]},{\"@type\":\"ImageObject\",\"inLanguage\":\"es\",\"@id\":\"https:\\\/\\\/www.veltec.eu\\\/nl\\\/product\\\/kirby-avalir-2-multi-vloerreinigingssysteem\\\/#primaryimage\",\"url\":\"https:\\\/\\\/www.veltec.eu\\\/wp-content\\\/uploads\\\/2025\\\/03\\\/Avalir21shampoo.png\",\"contentUrl\":\"https:\\\/\\\/www.veltec.eu\\\/wp-content\\\/uploads\\\/2025\\\/03\\\/Avalir21shampoo.png\",\"width\":620,\"height\":620},{\"@type\":\"BreadcrumbList\",\"@id\":\"https:\\\/\\\/www.veltec.eu\\\/nl\\\/product\\\/kirby-avalir-2-multi-vloerreinigingssysteem\\\/#breadcrumb\",\"itemListElement\":[{\"@type\":\"ListItem\",\"position\":1,\"name\":\"Home\",\"item\":\"https:\\\/\\\/www.veltec.eu\\\/es\\\/\"},{\"@type\":\"ListItem\",\"position\":2,\"name\":\"Kirby Shop\",\"item\":\"https:\\\/\\\/www.veltec.eu\\\/nl\\\/shop-page\\\/\"},{\"@type\":\"ListItem\",\"position\":3,\"name\":\"Kirby Avalir 2 + sistema de limpieza multi-suelo\"}]},{\"@type\":\"WebSite\",\"@id\":\"https:\\\/\\\/www.veltec.eu\\\/en\\\/#website\",\"url\":\"https:\\\/\\\/www.veltec.eu\\\/en\\\/\",\"name\":\"Veltec Kirby specialist\",\"description\":\"Kirby stofzuiger producten\",\"publisher\":{\"@id\":\"https:\\\/\\\/www.veltec.eu\\\/en\\\/#organization\"},\"potentialAction\":[{\"@type\":\"SearchAction\",\"target\":{\"@type\":\"EntryPoint\",\"urlTemplate\":\"https:\\\/\\\/www.veltec.eu\\\/en\\\/?s={search_term_string}\"},\"query-input\":{\"@type\":\"PropertyValueSpecification\",\"valueRequired\":true,\"valueName\":\"search_term_string\"}}],\"inLanguage\":\"es\"},{\"@type\":\"Organization\",\"@id\":\"https:\\\/\\\/www.veltec.eu\\\/en\\\/#organization\",\"name\":\"Veltec Kirby Specialist\",\"url\":\"https:\\\/\\\/www.veltec.eu\\\/en\\\/\",\"logo\":{\"@type\":\"ImageObject\",\"inLanguage\":\"es\",\"@id\":\"https:\\\/\\\/www.veltec.eu\\\/en\\\/#\\\/schema\\\/logo\\\/image\\\/\",\"url\":\"https:\\\/\\\/www.veltec.eu\\\/wp-content\\\/uploads\\\/2021\\\/12\\\/Veltec-log-groot-e1537260889125.png\",\"contentUrl\":\"https:\\\/\\\/www.veltec.eu\\\/wp-content\\\/uploads\\\/2021\\\/12\\\/Veltec-log-groot-e1537260889125.png\",\"width\":200,\"height\":60,\"caption\":\"Veltec Kirby Specialist\"},\"image\":{\"@id\":\"https:\\\/\\\/www.veltec.eu\\\/en\\\/#\\\/schema\\\/logo\\\/image\\\/\"},\"sameAs\":[\"https:\\\/\\\/www.facebook.com\\\/Veltec-Kirby-Specialist-236746293374877\\\/\",\"https:\\\/\\\/www.youtube.com\\\/user\\\/VeltecService\"]}]}<\/script>\n<!-- \/ Yoast SEO Premium plugin. -->","yoast_head_json":{"title":"Kirby Avalir 2 + sistema de limpieza multi-suelo - Veltec Kirby specialist","description":"Kirby Avalir 2 + sistema de limpieza multi-suelo - Veltec es proveedor de aspiradoras Kirby desde hace m\u00e1s de 25 a\u00f1os. Especialista en Kirby.","robots":{"index":"index","follow":"follow","max-snippet":"max-snippet:-1","max-image-preview":"max-image-preview:large","max-video-preview":"max-video-preview:-1"},"canonical":"https:\/\/www.veltec.eu\/nl\/product\/kirby-avalir-2-multi-vloerreinigingssysteem\/","og_locale":"es_ES","og_type":"article","og_title":"Kirby Avalir 2 + sistema de limpieza multi-suelo","og_description":"La Kirby Avalir 2 + sistema de limpieza multi-suelo ha sido Revisada en taller Veltec, restaurada profesionalmente y equipada con 24 meses de garant\u00eda. Disfrute de potencia, durabilidad y un rendimiento como nuevo por un precio mucho m\u00e1s bajo.    En stock   El plazo de entrega oscila entre 5 y 10 d\u00edas laborables  &nbsp;","og_url":"https:\/\/www.veltec.eu\/nl\/product\/kirby-avalir-2-multi-vloerreinigingssysteem\/","og_site_name":"Veltec Kirby specialist","article_publisher":"https:\/\/www.facebook.com\/Veltec-Kirby-Specialist-236746293374877\/","article_modified_time":"2026-04-25T07:50:28+00:00","og_image":[{"width":620,"height":620,"url":"https:\/\/www.veltec.eu\/wp-content\/uploads\/2025\/03\/Avalir21shampoo.png","type":"image\/png"}],"twitter_card":"summary_large_image","twitter_misc":{"Tiempo de lectura":"4 minutos"},"schema":{"@context":"https:\/\/schema.org","@graph":[{"@type":"WebPage","@id":"https:\/\/www.veltec.eu\/nl\/product\/kirby-avalir-2-multi-vloerreinigingssysteem\/","url":"https:\/\/www.veltec.eu\/nl\/product\/kirby-avalir-2-multi-vloerreinigingssysteem\/","name":"Kirby Avalir 2 + sistema de limpieza multi-suelo - Veltec Kirby specialist","isPartOf":{"@id":"https:\/\/www.veltec.eu\/en\/#website"},"primaryImageOfPage":{"@id":"https:\/\/www.veltec.eu\/nl\/product\/kirby-avalir-2-multi-vloerreinigingssysteem\/#primaryimage"},"image":{"@id":"https:\/\/www.veltec.eu\/nl\/product\/kirby-avalir-2-multi-vloerreinigingssysteem\/#primaryimage"},"thumbnailUrl":"https:\/\/www.veltec.eu\/wp-content\/uploads\/2025\/03\/Avalir21shampoo.png","datePublished":"2025-03-04T14:06:40+00:00","dateModified":"2026-04-25T07:50:28+00:00","description":"Kirby Avalir 2 + sistema de limpieza multi-suelo - Veltec es proveedor de aspiradoras Kirby desde hace m\u00e1s de 25 a\u00f1os. Especialista en Kirby.","breadcrumb":{"@id":"https:\/\/www.veltec.eu\/nl\/product\/kirby-avalir-2-multi-vloerreinigingssysteem\/#breadcrumb"},"inLanguage":"es","potentialAction":[{"@type":"ReadAction","target":["https:\/\/www.veltec.eu\/nl\/product\/kirby-avalir-2-multi-vloerreinigingssysteem\/"]}]},{"@type":"ImageObject","inLanguage":"es","@id":"https:\/\/www.veltec.eu\/nl\/product\/kirby-avalir-2-multi-vloerreinigingssysteem\/#primaryimage","url":"https:\/\/www.veltec.eu\/wp-content\/uploads\/2025\/03\/Avalir21shampoo.png","contentUrl":"https:\/\/www.veltec.eu\/wp-content\/uploads\/2025\/03\/Avalir21shampoo.png","width":620,"height":620},{"@type":"BreadcrumbList","@id":"https:\/\/www.veltec.eu\/nl\/product\/kirby-avalir-2-multi-vloerreinigingssysteem\/#breadcrumb","itemListElement":[{"@type":"ListItem","position":1,"name":"Home","item":"https:\/\/www.veltec.eu\/es\/"},{"@type":"ListItem","position":2,"name":"Kirby Shop","item":"https:\/\/www.veltec.eu\/nl\/shop-page\/"},{"@type":"ListItem","position":3,"name":"Kirby Avalir 2 + sistema de limpieza multi-suelo"}]},{"@type":"WebSite","@id":"https:\/\/www.veltec.eu\/en\/#website","url":"https:\/\/www.veltec.eu\/en\/","name":"Veltec Kirby specialist","description":"Kirby stofzuiger producten","publisher":{"@id":"https:\/\/www.veltec.eu\/en\/#organization"},"potentialAction":[{"@type":"SearchAction","target":{"@type":"EntryPoint","urlTemplate":"https:\/\/www.veltec.eu\/en\/?s={search_term_string}"},"query-input":{"@type":"PropertyValueSpecification","valueRequired":true,"valueName":"search_term_string"}}],"inLanguage":"es"},{"@type":"Organization","@id":"https:\/\/www.veltec.eu\/en\/#organization","name":"Veltec Kirby Specialist","url":"https:\/\/www.veltec.eu\/en\/","logo":{"@type":"ImageObject","inLanguage":"es","@id":"https:\/\/www.veltec.eu\/en\/#\/schema\/logo\/image\/","url":"https:\/\/www.veltec.eu\/wp-content\/uploads\/2021\/12\/Veltec-log-groot-e1537260889125.png","contentUrl":"https:\/\/www.veltec.eu\/wp-content\/uploads\/2021\/12\/Veltec-log-groot-e1537260889125.png","width":200,"height":60,"caption":"Veltec Kirby Specialist"},"image":{"@id":"https:\/\/www.veltec.eu\/en\/#\/schema\/logo\/image\/"},"sameAs":["https:\/\/www.facebook.com\/Veltec-Kirby-Specialist-236746293374877\/","https:\/\/www.youtube.com\/user\/VeltecService"]}]}},"_links":{"self":[{"href":"https:\/\/www.veltec.eu\/es\/wp-json\/wp\/v2\/product\/76096","targetHints":{"allow":["GET"]}}],"collection":[{"href":"https:\/\/www.veltec.eu\/es\/wp-json\/wp\/v2\/product"}],"about":[{"href":"https:\/\/www.veltec.eu\/es\/wp-json\/wp\/v2\/types\/product"}],"replies":[{"embeddable":true,"href":"https:\/\/www.veltec.eu\/es\/wp-json\/wp\/v2\/comments?post=76096"}],"wp:featuredmedia":[{"embeddable":true,"href":"https:\/\/www.veltec.eu\/es\/wp-json\/wp\/v2\/media\/86071"}],"wp:attachment":[{"href":"https:\/\/www.veltec.eu\/es\/wp-json\/wp\/v2\/media?parent=76096"}],"wp:term":[{"taxonomy":"product_brand","embeddable":true,"href":"https:\/\/www.veltec.eu\/es\/wp-json\/wp\/v2\/product_brand?post=76096"},{"taxonomy":"product_cat","embeddable":true,"href":"https:\/\/www.veltec.eu\/es\/wp-json\/wp\/v2\/product_cat?post=76096"},{"taxonomy":"product_tag","embeddable":true,"href":"https:\/\/www.veltec.eu\/es\/wp-json\/wp\/v2\/product_tag?post=76096"}],"curies":[{"name":"wp","href":"https:\/\/api.w.org\/{rel}","templated":true}]}}