{"id":73912,"date":"2025-02-05T13:20:38","date_gmt":"2025-02-05T11:20:38","guid":{"rendered":"https:\/\/www.veltec.eu\/product\/conga-7690-immortal-max\/"},"modified":"2025-06-11T13:51:05","modified_gmt":"2025-06-11T11:51:05","slug":"robot-aspirador-7690-max","status":"publish","type":"product","link":"https:\/\/www.veltec.eu\/es\/product\/robot-aspirador-7690-max\/","title":{"rendered":"Robot aspirador 7690 Max"},"content":{"rendered":"<h1>Robot aspirador 7690 Max<\/h1>\n<p>Robot aspirador 7690 Max con tecnolog\u00eda de navegaci\u00f3n l\u00e1ser. Limpieza 4 en 1: barre, aspira, pasa la mopa y barre. Potencia de aspiraci\u00f3n de 5000 Pa. Hasta 220 minutos de autonom\u00eda. Cepillo central de silicona, \u00f3ptimo para pelos de mascotas. Cepillo mopa y 1 cepillo lateral. Control APP y asistentes virtuales. Conexi\u00f3n Bluetooth y WiFi para redes de 2,4 GHz y 5 GHz.<\/p>\n<p><a href=\"\/nl?product_cat=robots-aspirador\">Encuentre todos los Robots aspiradores aqu\u00ed<\/a><\/p>\n<h2>Robot aspirador 7690 Max &#8211; El Robot Aspirador definitivo para un hogar brillantemente limpio<\/h2>\n<h3>Tecnolog\u00eda avanzada de limpieza 4 en 1<\/h3>\n<p>El Robot aspirador 7690 Max es el robot aspirador que lleva su rutina de limpieza al siguiente nivel. Con su funcionalidad 4 en 1, barre, aspira, pasa la mopa y seca en un solo movimiento, dejando sus suelos impecables en un abrir y cerrar de ojos. Gracias a su tecnolog\u00eda de navegaci\u00f3n l\u00e1ser, el robot traza un mapa de su hogar para una ruta de limpieza eficiente e inteligente, independientemente de las condiciones de luz.<\/p>\n<h3>Impresionante potencia de succi\u00f3n de 5000 Pa<\/h3>\n<p>Con una potencia de succi\u00f3n de 5000 Pa, el robot aspirador 7690 elimina sin esfuerzo el polvo, el pelo y otros residuos de suelos duros y alfombras. Esta enorme potencia de succi\u00f3n garantiza que incluso la suciedad m\u00e1s persistente no tenga ninguna oportunidad, para que sus suelos luzcan siempre perfectos.<\/p>\n<h3>Perfecto para hogares con mascotas<\/h3>\n<p>\u00bfTiene mascotas? \u00a1No se preocupe! El cepillo antigravilla de silicona est\u00e1 especialmente dise\u00f1ado para aspirar eficazmente el pelo de las mascotas sin que se atasque. Esto hace que el Robot Aspirador 7690 Max sea ideal para hogares con peludos amigos de cuatro patas. Disfrute de un hogar libre de pelos de mascotas y nidos de polvo.<\/p>\n<h3>M\u00e1xima autonom\u00eda: hasta 220 minutos de limpieza ininterrumpida<\/h3>\n<p>Este robot aspirador est\u00e1 equipado con una potente bater\u00eda de 3200 mAh, que funciona de forma ininterrumpida hasta 220 minutos. Esto significa que puede limpiar superficies de hasta 220 m\u00b2 sin necesidad de recargar entre medias. \u00bfSe agota la bater\u00eda de todos modos? No hay problema. Gracias a Total Surface 3.0, el robot vuelve autom\u00e1ticamente a la estaci\u00f3n de carga y reanuda la limpieza exactamente donde la dej\u00f3.<\/p>\n<h3>Control inteligente mediante APP y asistente de voz<\/h3>\n<p>El Robot aspirador 7690 Max puede personalizarse totalmente para adaptarse a sus necesidades. Utilice la APP Conga 3.0 para programar rutinas de limpieza, establecer habitaciones espec\u00edficas o excluir determinadas zonas. Adem\u00e1s, el robot es compatible con Google Assistant y Amazon Alexa, por lo que podr\u00e1s controlarlo con sencillos comandos de voz.<\/p>\n<h3>Mapa interactivo y navegaci\u00f3n inteligente con el Robot aspirador 7690 Max<\/h3>\n<p>Gracias a su tecnolog\u00eda de navegaci\u00f3n l\u00e1ser, el robot crea un mapa interactivo de su hogar. Esto le permite ajustar su ruta para una limpieza eficaz y espec\u00edfica. Independientemente de las condiciones de iluminaci\u00f3n, se desplaza sin esfuerzo por cualquier habitaci\u00f3n, evitando obst\u00e1culos como muebles y escaleras.<\/p>\n<h3>Control de agua adaptable para fregar<\/h3>\n<p>\u00bfQuiere poder fregar tambi\u00e9n? El robot aspirador 7690 ofrece un sistema de fregado inteligente con tres niveles de agua diferentes. Esto le permite decidir cu\u00e1nta agua utilizar dependiendo del tipo de suelo. Esto garantiza una limpieza perfectamente ajustada sin rayas ni da\u00f1os por agua.<\/p>\n<h3>F\u00e1cil conexi\u00f3n mediante Bluetooth y WiFi<\/h3>\n<p>El Robot aspirador 7690 Max es compatible con redes WiFi de 2,4 GHz y 5 GHz y dispone de conectividad Bluetooth. Esto le permite emparejar f\u00e1cilmente el dispositivo con su smartphone o sistema dom\u00e9stico inteligente para una experiencia de usuario perfecta.<\/p>\n<h3>\u00bfPor qu\u00e9 elegir el Robot aspirador 7690 Max?<\/h3>\n<ul>\n<li>Limpieza 4 en 1: Barre, aspira, pasa la mopa y seca en una sola operaci\u00f3n.<\/li>\n<li>Potencia de aspiraci\u00f3n de 5000 Pa: Extremadamente potente para una limpieza profunda.<\/li>\n<li>Adecuado para mascotas: Cepillo de silicona especial antimanchas para el pelo de las mascotas.<\/li>\n<li>Hasta 220 minutos de duraci\u00f3n de la bater\u00eda: Cubre hasta 220 m\u00b2 sin interrupci\u00f3n.<\/li>\n<li>Control inteligente: Control a trav\u00e9s de la APP, Google Assistant y Alexa.<\/li>\n<li>Mapa interactivo y navegaci\u00f3n l\u00e1ser: Ruta de limpieza precisa y eficiente.<\/li>\n<li>Funci\u00f3n de fregado ajustable: Ajusta el nivel de agua a tu tipo de suelo.<\/li>\n<li>F\u00e1cil conexi\u00f3n: Compatible tanto con WiFi de 2,4 GHz y 5 GHz como con Bluetooth.<\/li>\n<\/ul>\n<p>Haga que su rutina de limpieza sea eficiente y sin esfuerzo con el Robot aspirador 7690 Max. \u00a1P\u00eddalo hoy y experimente el poder de la limpieza inteligente y avanzada!<\/p>\n<h4>Composici\u00f3n<\/h4>\n<ul>\n<li>Robot aspirador<\/li>\n<li>Cepillo lateral<\/li>\n<li>Cepillo de silicona<\/li>\n<li>Dep\u00f3sito mixto<\/li>\n<li>Filtro de alta eficacia<\/li>\n<li>Manual del usuario<\/li>\n<li>Fregona<\/li>\n<\/ul>\n","protected":false},"excerpt":{"rendered":"<p>Descubra el robot aspirador 7690 Max, el aspirador rob\u00f3tico avanzado que revoluciona la limpieza. Con una precisa navegaci\u00f3n l\u00e1ser, 5000 Pa de potencia de succi\u00f3n y una bater\u00eda de 220 minutos de duraci\u00f3n, su hogar quedar\u00e1 limpio sin esfuerzo.<\/p>\n<h3><span style=\"color: #008000;\">En stock<\/span><\/h3>\n[av_font_icon icon='ue812' font='entypo-fontello' style='' caption='' size='25px' position='left' color='#43ad66' link='' linktarget='' title_attr='' sonar_effect_effect='' sonar_effect_color='' sonar_effect_duration='1' sonar_effect_scale='' sonar_effect_opac='0.5' animation='' id='' custom_class='' template_class='' av_uid='' sc_version='1.0' admin_preview_bg=''][\/av_font_icon]\n<p><span style=\"color: #008000;\">El plazo de entrega oscila entre 5 y 10 d\u00edas laborables<\/span><\/p>\n[av_font_icon icon='ue812' font='entypo-fontello' style='' caption='' size='25px' position='left' color='#43ad66' link='' linktarget='' title_attr='' sonar_effect_effect='' sonar_effect_color='' sonar_effect_duration='1' sonar_effect_scale='' sonar_effect_opac='0.5' animation='' id='' custom_class='' template_class='' av_uid='' sc_version='1.0' admin_preview_bg=''][\/av_font_icon]\n<p><span style=\"color: #008000;\">2 a\u00f1os de garant\u00eda<\/span><\/p>\n<p>&nbsp;<\/p>\n","protected":false},"featured_media":73842,"comment_status":"open","ping_status":"closed","template":"","meta":[],"product_brand":[],"product_cat":[446],"product_tag":[],"class_list":{"0":"post-73912","1":"product","2":"type-product","3":"status-publish","4":"has-post-thumbnail","6":"product_cat-geen-categorie","8":"first","9":"outofstock","10":"sale","11":"taxable","12":"shipping-taxable","13":"purchasable","14":"product-type-simple"},"yoast_head":"<!-- This site is optimized with the Yoast SEO Premium plugin v27.1 (Yoast SEO v27.3) - https:\/\/yoast.com\/product\/yoast-seo-premium-wordpress\/ -->\n<title>Robot aspirador 7690 Max - Veltec Kirby specialist<\/title>\n<meta name=\"description\" content=\"Robot aspirador 7690 Max - Veltec es proveedor de aspiradoras Kirby desde hace m\u00e1s de 25 a\u00f1os. Kirby es su especialista de confianza.\" \/>\n<meta name=\"robots\" content=\"index, follow, max-snippet:-1, max-image-preview:large, max-video-preview:-1\" \/>\n<link rel=\"canonical\" href=\"https:\/\/www.veltec.eu\/es\/product\/robot-aspirador-7690-max\/\" \/>\n<meta property=\"og:locale\" content=\"es_ES\" \/>\n<meta property=\"og:type\" content=\"article\" \/>\n<meta property=\"og:title\" content=\"Robot aspirador 7690 Max\" \/>\n<meta property=\"og:description\" content=\"Descubra el robot aspirador 7690 Max, el aspirador rob\u00f3tico avanzado que revoluciona la limpieza. Con una precisa navegaci\u00f3n l\u00e1ser, 5000 Pa de potencia de succi\u00f3n y una bater\u00eda de 220 minutos de duraci\u00f3n, su hogar quedar\u00e1 limpio sin esfuerzo. En stock   El plazo de entrega oscila entre 5 y 10 d\u00edas laborables    2 a\u00f1os de garant\u00eda  &nbsp;\" \/>\n<meta property=\"og:url\" content=\"https:\/\/www.veltec.eu\/es\/product\/robot-aspirador-7690-max\/\" \/>\n<meta property=\"og:site_name\" content=\"Veltec Kirby specialist\" \/>\n<meta property=\"article:publisher\" content=\"https:\/\/www.facebook.com\/Veltec-Kirby-Specialist-236746293374877\/\" \/>\n<meta property=\"article:modified_time\" content=\"2025-06-11T11:51:05+00:00\" \/>\n<meta property=\"og:image\" content=\"https:\/\/www.veltec.eu\/wp-content\/uploads\/2025\/02\/conga-7690-immortal-max_f88q4t_1.png\" \/>\n\t<meta property=\"og:image:width\" content=\"640\" \/>\n\t<meta property=\"og:image:height\" content=\"640\" \/>\n\t<meta property=\"og:image:type\" content=\"image\/png\" \/>\n<meta name=\"twitter:card\" content=\"summary_large_image\" \/>\n<meta name=\"twitter:label1\" content=\"Tiempo de lectura\" \/>\n\t<meta name=\"twitter:data1\" content=\"4 minutos\" \/>\n<script type=\"application\/ld+json\" class=\"yoast-schema-graph\">{\"@context\":\"https:\\\/\\\/schema.org\",\"@graph\":[{\"@type\":\"WebPage\",\"@id\":\"https:\\\/\\\/www.veltec.eu\\\/es\\\/product\\\/robot-aspirador-7690-max\\\/\",\"url\":\"https:\\\/\\\/www.veltec.eu\\\/es\\\/product\\\/robot-aspirador-7690-max\\\/\",\"name\":\"Robot aspirador 7690 Max - Veltec Kirby specialist\",\"isPartOf\":{\"@id\":\"https:\\\/\\\/www.veltec.eu\\\/en\\\/#website\"},\"primaryImageOfPage\":{\"@id\":\"https:\\\/\\\/www.veltec.eu\\\/es\\\/product\\\/robot-aspirador-7690-max\\\/#primaryimage\"},\"image\":{\"@id\":\"https:\\\/\\\/www.veltec.eu\\\/es\\\/product\\\/robot-aspirador-7690-max\\\/#primaryimage\"},\"thumbnailUrl\":\"https:\\\/\\\/www.veltec.eu\\\/wp-content\\\/uploads\\\/2025\\\/02\\\/conga-7690-immortal-max_f88q4t_1.png\",\"datePublished\":\"2025-02-05T11:20:38+00:00\",\"dateModified\":\"2025-06-11T11:51:05+00:00\",\"description\":\"Robot aspirador 7690 Max - Veltec es proveedor de aspiradoras Kirby desde hace m\u00e1s de 25 a\u00f1os. Kirby es su especialista de confianza.\",\"breadcrumb\":{\"@id\":\"https:\\\/\\\/www.veltec.eu\\\/es\\\/product\\\/robot-aspirador-7690-max\\\/#breadcrumb\"},\"inLanguage\":\"es\",\"potentialAction\":[{\"@type\":\"ReadAction\",\"target\":[\"https:\\\/\\\/www.veltec.eu\\\/es\\\/product\\\/robot-aspirador-7690-max\\\/\"]}]},{\"@type\":\"ImageObject\",\"inLanguage\":\"es\",\"@id\":\"https:\\\/\\\/www.veltec.eu\\\/es\\\/product\\\/robot-aspirador-7690-max\\\/#primaryimage\",\"url\":\"https:\\\/\\\/www.veltec.eu\\\/wp-content\\\/uploads\\\/2025\\\/02\\\/conga-7690-immortal-max_f88q4t_1.png\",\"contentUrl\":\"https:\\\/\\\/www.veltec.eu\\\/wp-content\\\/uploads\\\/2025\\\/02\\\/conga-7690-immortal-max_f88q4t_1.png\",\"width\":640,\"height\":640},{\"@type\":\"BreadcrumbList\",\"@id\":\"https:\\\/\\\/www.veltec.eu\\\/es\\\/product\\\/robot-aspirador-7690-max\\\/#breadcrumb\",\"itemListElement\":[{\"@type\":\"ListItem\",\"position\":1,\"name\":\"Home\",\"item\":\"https:\\\/\\\/www.veltec.eu\\\/es\\\/\"},{\"@type\":\"ListItem\",\"position\":2,\"name\":\"Produits\",\"item\":\"https:\\\/\\\/www.veltec.eu\\\/fr\\\/shop\\\/\"},{\"@type\":\"ListItem\",\"position\":3,\"name\":\"Robot aspirador 7690 Max\"}]},{\"@type\":\"WebSite\",\"@id\":\"https:\\\/\\\/www.veltec.eu\\\/en\\\/#website\",\"url\":\"https:\\\/\\\/www.veltec.eu\\\/en\\\/\",\"name\":\"Veltec Kirby specialist\",\"description\":\"Kirby stofzuiger producten\",\"publisher\":{\"@id\":\"https:\\\/\\\/www.veltec.eu\\\/en\\\/#organization\"},\"potentialAction\":[{\"@type\":\"SearchAction\",\"target\":{\"@type\":\"EntryPoint\",\"urlTemplate\":\"https:\\\/\\\/www.veltec.eu\\\/en\\\/?s={search_term_string}\"},\"query-input\":{\"@type\":\"PropertyValueSpecification\",\"valueRequired\":true,\"valueName\":\"search_term_string\"}}],\"inLanguage\":\"es\"},{\"@type\":\"Organization\",\"@id\":\"https:\\\/\\\/www.veltec.eu\\\/en\\\/#organization\",\"name\":\"Veltec Kirby Specialist\",\"url\":\"https:\\\/\\\/www.veltec.eu\\\/en\\\/\",\"logo\":{\"@type\":\"ImageObject\",\"inLanguage\":\"es\",\"@id\":\"https:\\\/\\\/www.veltec.eu\\\/en\\\/#\\\/schema\\\/logo\\\/image\\\/\",\"url\":\"https:\\\/\\\/www.veltec.eu\\\/wp-content\\\/uploads\\\/2021\\\/12\\\/Veltec-log-groot-e1537260889125.png\",\"contentUrl\":\"https:\\\/\\\/www.veltec.eu\\\/wp-content\\\/uploads\\\/2021\\\/12\\\/Veltec-log-groot-e1537260889125.png\",\"width\":200,\"height\":60,\"caption\":\"Veltec Kirby Specialist\"},\"image\":{\"@id\":\"https:\\\/\\\/www.veltec.eu\\\/en\\\/#\\\/schema\\\/logo\\\/image\\\/\"},\"sameAs\":[\"https:\\\/\\\/www.facebook.com\\\/Veltec-Kirby-Specialist-236746293374877\\\/\",\"https:\\\/\\\/www.youtube.com\\\/user\\\/VeltecService\"]}]}<\/script>\n<!-- \/ Yoast SEO Premium plugin. -->","yoast_head_json":{"title":"Robot aspirador 7690 Max - Veltec Kirby specialist","description":"Robot aspirador 7690 Max - Veltec es proveedor de aspiradoras Kirby desde hace m\u00e1s de 25 a\u00f1os. Kirby es su especialista de confianza.","robots":{"index":"index","follow":"follow","max-snippet":"max-snippet:-1","max-image-preview":"max-image-preview:large","max-video-preview":"max-video-preview:-1"},"canonical":"https:\/\/www.veltec.eu\/es\/product\/robot-aspirador-7690-max\/","og_locale":"es_ES","og_type":"article","og_title":"Robot aspirador 7690 Max","og_description":"Descubra el robot aspirador 7690 Max, el aspirador rob\u00f3tico avanzado que revoluciona la limpieza. Con una precisa navegaci\u00f3n l\u00e1ser, 5000 Pa de potencia de succi\u00f3n y una bater\u00eda de 220 minutos de duraci\u00f3n, su hogar quedar\u00e1 limpio sin esfuerzo. En stock   El plazo de entrega oscila entre 5 y 10 d\u00edas laborables    2 a\u00f1os de garant\u00eda  &nbsp;","og_url":"https:\/\/www.veltec.eu\/es\/product\/robot-aspirador-7690-max\/","og_site_name":"Veltec Kirby specialist","article_publisher":"https:\/\/www.facebook.com\/Veltec-Kirby-Specialist-236746293374877\/","article_modified_time":"2025-06-11T11:51:05+00:00","og_image":[{"width":640,"height":640,"url":"https:\/\/www.veltec.eu\/wp-content\/uploads\/2025\/02\/conga-7690-immortal-max_f88q4t_1.png","type":"image\/png"}],"twitter_card":"summary_large_image","twitter_misc":{"Tiempo de lectura":"4 minutos"},"schema":{"@context":"https:\/\/schema.org","@graph":[{"@type":"WebPage","@id":"https:\/\/www.veltec.eu\/es\/product\/robot-aspirador-7690-max\/","url":"https:\/\/www.veltec.eu\/es\/product\/robot-aspirador-7690-max\/","name":"Robot aspirador 7690 Max - Veltec Kirby specialist","isPartOf":{"@id":"https:\/\/www.veltec.eu\/en\/#website"},"primaryImageOfPage":{"@id":"https:\/\/www.veltec.eu\/es\/product\/robot-aspirador-7690-max\/#primaryimage"},"image":{"@id":"https:\/\/www.veltec.eu\/es\/product\/robot-aspirador-7690-max\/#primaryimage"},"thumbnailUrl":"https:\/\/www.veltec.eu\/wp-content\/uploads\/2025\/02\/conga-7690-immortal-max_f88q4t_1.png","datePublished":"2025-02-05T11:20:38+00:00","dateModified":"2025-06-11T11:51:05+00:00","description":"Robot aspirador 7690 Max - Veltec es proveedor de aspiradoras Kirby desde hace m\u00e1s de 25 a\u00f1os. Kirby es su especialista de confianza.","breadcrumb":{"@id":"https:\/\/www.veltec.eu\/es\/product\/robot-aspirador-7690-max\/#breadcrumb"},"inLanguage":"es","potentialAction":[{"@type":"ReadAction","target":["https:\/\/www.veltec.eu\/es\/product\/robot-aspirador-7690-max\/"]}]},{"@type":"ImageObject","inLanguage":"es","@id":"https:\/\/www.veltec.eu\/es\/product\/robot-aspirador-7690-max\/#primaryimage","url":"https:\/\/www.veltec.eu\/wp-content\/uploads\/2025\/02\/conga-7690-immortal-max_f88q4t_1.png","contentUrl":"https:\/\/www.veltec.eu\/wp-content\/uploads\/2025\/02\/conga-7690-immortal-max_f88q4t_1.png","width":640,"height":640},{"@type":"BreadcrumbList","@id":"https:\/\/www.veltec.eu\/es\/product\/robot-aspirador-7690-max\/#breadcrumb","itemListElement":[{"@type":"ListItem","position":1,"name":"Home","item":"https:\/\/www.veltec.eu\/es\/"},{"@type":"ListItem","position":2,"name":"Produits","item":"https:\/\/www.veltec.eu\/fr\/shop\/"},{"@type":"ListItem","position":3,"name":"Robot aspirador 7690 Max"}]},{"@type":"WebSite","@id":"https:\/\/www.veltec.eu\/en\/#website","url":"https:\/\/www.veltec.eu\/en\/","name":"Veltec Kirby specialist","description":"Kirby stofzuiger producten","publisher":{"@id":"https:\/\/www.veltec.eu\/en\/#organization"},"potentialAction":[{"@type":"SearchAction","target":{"@type":"EntryPoint","urlTemplate":"https:\/\/www.veltec.eu\/en\/?s={search_term_string}"},"query-input":{"@type":"PropertyValueSpecification","valueRequired":true,"valueName":"search_term_string"}}],"inLanguage":"es"},{"@type":"Organization","@id":"https:\/\/www.veltec.eu\/en\/#organization","name":"Veltec Kirby Specialist","url":"https:\/\/www.veltec.eu\/en\/","logo":{"@type":"ImageObject","inLanguage":"es","@id":"https:\/\/www.veltec.eu\/en\/#\/schema\/logo\/image\/","url":"https:\/\/www.veltec.eu\/wp-content\/uploads\/2021\/12\/Veltec-log-groot-e1537260889125.png","contentUrl":"https:\/\/www.veltec.eu\/wp-content\/uploads\/2021\/12\/Veltec-log-groot-e1537260889125.png","width":200,"height":60,"caption":"Veltec Kirby Specialist"},"image":{"@id":"https:\/\/www.veltec.eu\/en\/#\/schema\/logo\/image\/"},"sameAs":["https:\/\/www.facebook.com\/Veltec-Kirby-Specialist-236746293374877\/","https:\/\/www.youtube.com\/user\/VeltecService"]}]}},"_links":{"self":[{"href":"https:\/\/www.veltec.eu\/es\/wp-json\/wp\/v2\/product\/73912","targetHints":{"allow":["GET"]}}],"collection":[{"href":"https:\/\/www.veltec.eu\/es\/wp-json\/wp\/v2\/product"}],"about":[{"href":"https:\/\/www.veltec.eu\/es\/wp-json\/wp\/v2\/types\/product"}],"replies":[{"embeddable":true,"href":"https:\/\/www.veltec.eu\/es\/wp-json\/wp\/v2\/comments?post=73912"}],"wp:featuredmedia":[{"embeddable":true,"href":"https:\/\/www.veltec.eu\/es\/wp-json\/wp\/v2\/media\/73842"}],"wp:attachment":[{"href":"https:\/\/www.veltec.eu\/es\/wp-json\/wp\/v2\/media?parent=73912"}],"wp:term":[{"taxonomy":"product_brand","embeddable":true,"href":"https:\/\/www.veltec.eu\/es\/wp-json\/wp\/v2\/product_brand?post=73912"},{"taxonomy":"product_cat","embeddable":true,"href":"https:\/\/www.veltec.eu\/es\/wp-json\/wp\/v2\/product_cat?post=73912"},{"taxonomy":"product_tag","embeddable":true,"href":"https:\/\/www.veltec.eu\/es\/wp-json\/wp\/v2\/product_tag?post=73912"}],"curies":[{"name":"wp","href":"https:\/\/api.w.org\/{rel}","templated":true}]}}