{"id":73079,"date":"2025-01-10T11:19:26","date_gmt":"2025-01-10T09:19:26","guid":{"rendered":"https:\/\/www.veltec.eu\/product\/conga-999-map-genesis\/"},"modified":"2025-03-10T16:27:07","modified_gmt":"2025-03-10T14:27:07","slug":"robots-aspiradores-999-tarjeta","status":"publish","type":"product","link":"https:\/\/www.veltec.eu\/es\/product\/robots-aspiradores-999-tarjeta\/","title":{"rendered":"Robots Aspiradores 999 Tarjeta"},"content":{"rendered":"<h1>Robots Aspiradores 999 Tarjeta<\/h1>\n<p>Robots aspiradores 999 Tarjeta &#8211; Robot aspirador con navegaci\u00f3n girosc\u00f3pica para la limpieza total de la casa. Motor de aspiraci\u00f3n de 2000 Pa. Autonom\u00eda de 120 minutos. Control con APP CECOTEC y mando a distancia. Conectividad WiFi 2.4 GhZ y Bluetooth.<\/p>\n<p><a href=\"\/nl?product_cat=robots-aspirador\">Encuentra todos los Robots aspiradores aqu\u00ed<\/a><\/p>\n<h2>Robots Aspiradores 999 Tarjeta &#8211; La soluci\u00f3n de limpieza definitiva<\/h2>\n<p>\u00bfEst\u00e1 buscando un robot aspirador potente e inteligente que mantenga limpio su hogar sin esfuerzo? El Robot Aspirador 999 Tarjeta es la soluci\u00f3n para un hogar impecable sin ning\u00fan esfuerzo. Gracias a su avanzada tecnolog\u00eda iTech SmartGyro 4.0, este robot garantiza una limpieza eficaz y organizada.<\/p>\n<h3>Navegaci\u00f3n avanzada para una limpieza \u00f3ptima<\/h3>\n<p>El Robot Aspirador 999 Card utiliza navegaci\u00f3n girosc\u00f3pica, lo que significa que el dispositivo no se limita a conducir de forma aleatoria, sino que limpia toda su casa de forma estructurada. La tecnolog\u00eda iTech SmartGyro 4.0 optimiza la ruta y evita que el robot se salte puntos. Esto garantiza una limpieza r\u00e1pida, exhaustiva y energ\u00e9ticamente eficiente.<\/p>\n<h3>Impresionante potencia de succi\u00f3n de hasta 2000 Pa<\/h3>\n<p>Con un potente motor de succi\u00f3n de 2000 Pa, este robot aspirador elimina el polvo, el pelo y otros tipos de suciedad de su suelo sin esfuerzo. Gracias a la boquilla de gran tama\u00f1o, se evitan los enredos en el cepillo, lo que resulta ideal para hogares con mascotas. As\u00ed, su hogar estar\u00e1 siempre limpio y fresco sin que usted tenga que hacer nada.<\/p>\n<h3>Robots aspiradores 999 Tarjeta con sistema de limpieza 5 en 1<\/h3>\n<p>\u00bfPor qu\u00e9 elegir una aspiradora normal cuando tambi\u00e9n puede tener una soluci\u00f3n todo en uno? El Robot Aspirador 999 Tarjeta no es una aspiradora rob\u00f3tica m\u00e1s: aspira, pasa la mopa, barre, friega y seca. Esto significa que su hogar no s\u00f3lo se mantendr\u00e1 libre de polvo, sino que tambi\u00e9n se limpiar\u00e1 a fondo. Ya sean migas, pelos o suciedad persistente, este robot puede con todo.<\/p>\n<h3>Control inteligente con APP y mando a distancia<\/h3>\n<p>\u00bfDesea un control total sobre su rutina de limpieza? Puedes hacerlo con la APP CECOTEC, que te permite controlar f\u00e1cilmente el robot a trav\u00e9s de tu smartphone. Adem\u00e1s, tambi\u00e9n puedes utilizar el mando a distancia para ajustar manualmente la configuraci\u00f3n. Con conectividad WiFi 2.4 GHz y Bluetooth, usted tiene el control sobre su programa de limpieza en cualquier momento y en cualquier lugar.<\/p>\n<h3>Hasta 120 minutos de autonom\u00eda: usted descansa, el robot trabaja<\/h3>\n<p>Con una autonom\u00eda de 120 minutos gracias a la tecnolog\u00eda Total Surface, este robot limpia toda su casa sin interrupciones. Cuando se agota la bater\u00eda, el aspirador vuelve autom\u00e1ticamente a la estaci\u00f3n de carga. As\u00ed no tendr\u00e1 que preocuparse de cargarlo y podr\u00e1 relajarse mientras el robot aspirador hace el trabajo por usted.<\/p>\n<h3>Limpieza personalizable con 6 soportes diferentes<\/h3>\n<p>Cada hogar es diferente y requiere un enfoque de limpieza espec\u00edfico. Por eso el Robot Aspirador 999 Card ofrece 6 modos de limpieza diferentes. Tanto si desea una limpieza r\u00e1pida como una limpieza en profundidad, este robot se adapta a la suciedad de su hogar y garantiza unos resultados perfectos.<\/p>\n<h3>Gran radio de acci\u00f3n y fregado inteligente<\/h3>\n<p>Con dos cepillos laterales, este robot aspirador aumenta su radio de acci\u00f3n, por lo que no se deja ning\u00fan trozo de suelo. Adem\u00e1s, incorpora la tecnolog\u00eda iWater, que le permite elegir entre tres niveles de agua para un fregado \u00f3ptimo. De esta forma, usted decide si desea un ligero refresco o un fregado a fondo.<\/p>\n<h3>\u00bfPor qu\u00e9 elegir el Robot Aspirador 999 Tarjeta?<\/h3>\n<ul>\n<li>Navegaci\u00f3n inteligente con iTech SmartGyro 4.0 para una limpieza eficaz<\/li>\n<li>Potente succi\u00f3n de 2000 Pa que elimina el polvo y la suciedad sin esfuerzo<\/li>\n<li>Limpieza 5 en 1: aspira, pasa la mopa, limpia, friega y seca<\/li>\n<li>Hasta 120 minutos de tiempo de trabajo sin interrupciones<\/li>\n<li>Control mediante CECOTEC APP y mando a distancia<\/li>\n<li>6 modos de limpieza para una experiencia de limpieza personalizada<\/li>\n<li>Tecnolog\u00eda iWater para un fregado inteligente con 3 niveles<\/li>\n<\/ul>\n<p>\u00a1Haz tu vida m\u00e1s f\u00e1cil y disfruta de un hogar limpio sin esfuerzo con la Tarjeta 999 de Robot Aspirador! P\u00eddala hoy y experimente las ventajas de la tecnolog\u00eda de limpieza inteligente.<\/p>\n<h4>Composici\u00f3n<\/h4>\n<ul>\n<li>2 cepillos laterales<\/li>\n<li>Cepillo autolimpiante<\/li>\n<li>Dep\u00f3sito mixto<\/li>\n<li>Filtro de alta eficacia<\/li>\n<li>Mando a distancia<\/li>\n<li>Manual de instrucciones<\/li>\n<li>Mopa fregadora<\/li>\n<li>Robot aspirador<\/li>\n<\/ul>\n","protected":false},"excerpt":{"rendered":"<p style=\"text-align: left;\">Robot aspirador con navegaci\u00f3n girosc\u00f3pica para una limpieza total de la casa. Motor de succi\u00f3n de 2000 Pa. 2 cepillos laterales. Mopa de fregado. Autonom\u00eda de 120 minutos. Control con APP de CECOTEC y con mando a distancia. Conectividad WiFi 2,4 GhZ y Bluetooth..<\/p>\n<h3><span style=\"color: #008000;\">En stock<\/span><\/h3>\n[av_font_icon icon='ue812' font='entypo-fontello' style='' caption='' size='25px' position='left' color='#43ad66' link='' linktarget='' title_attr='' sonar_effect_effect='' sonar_effect_color='' sonar_effect_duration='1' sonar_effect_scale='' sonar_effect_opac='0.5' animation='' id='' custom_class='' template_class='' av_uid='' sc_version='1.0' admin_preview_bg=''][\/av_font_icon]\n<p><span style=\"color: #008000;\">El plazo de entrega oscila entre 5 y 10 d\u00edas laborables<\/span><\/p>\n[av_font_icon icon='ue812' font='entypo-fontello' style='' caption='' size='25px' position='left' color='#43ad66' link='' linktarget='' title_attr='' sonar_effect_effect='' sonar_effect_color='' sonar_effect_duration='1' sonar_effect_scale='' sonar_effect_opac='0.5' animation='' id='' custom_class='' template_class='' av_uid='' sc_version='1.0' admin_preview_bg=''][\/av_font_icon]\n<p><span style=\"color: #008000;\">2 a\u00f1os de garant\u00eda<\/span><\/p>\n<p>&nbsp;<\/p>\n","protected":false},"featured_media":73006,"comment_status":"open","ping_status":"closed","template":"","meta":[],"product_brand":[],"product_cat":[446],"product_tag":[],"class_list":{"0":"post-73079","1":"product","2":"type-product","3":"status-publish","4":"has-post-thumbnail","6":"product_cat-geen-categorie","8":"first","9":"outofstock","10":"taxable","11":"shipping-taxable","12":"purchasable","13":"product-type-simple"},"yoast_head":"<!-- This site is optimized with the Yoast SEO Premium plugin v27.1 (Yoast SEO v27.3) - https:\/\/yoast.com\/product\/yoast-seo-premium-wordpress\/ -->\n<title>Robots Aspiradores 999 Tarjeta - Veltec Kirby specialist<\/title>\n<meta name=\"description\" content=\"Robots aspiradores 999 Tarjeta - Veltec es proveedor de aspiradoras Kirby desde hace m\u00e1s de 25 a\u00f1os. Y es su especialista de servicio Kirby de confianza.\" \/>\n<meta name=\"robots\" content=\"index, follow, max-snippet:-1, max-image-preview:large, max-video-preview:-1\" \/>\n<link rel=\"canonical\" href=\"https:\/\/www.veltec.eu\/es\/product\/robots-aspiradores-999-tarjeta\/\" \/>\n<meta property=\"og:locale\" content=\"es_ES\" \/>\n<meta property=\"og:type\" content=\"article\" \/>\n<meta property=\"og:title\" content=\"Robots Aspiradores 999 Tarjeta\" \/>\n<meta property=\"og:description\" content=\"Robot aspirador con navegaci\u00f3n girosc\u00f3pica para una limpieza total de la casa. Motor de succi\u00f3n de 2000 Pa. 2 cepillos laterales. Mopa de fregado. Autonom\u00eda de 120 minutos. Control con APP de CECOTEC y con mando a distancia. Conectividad WiFi 2,4 GhZ y Bluetooth..  En stock   El plazo de entrega oscila entre 5 y 10 d\u00edas laborables    2 a\u00f1os de garant\u00eda  &nbsp;\" \/>\n<meta property=\"og:url\" content=\"https:\/\/www.veltec.eu\/es\/product\/robots-aspiradores-999-tarjeta\/\" \/>\n<meta property=\"og:site_name\" content=\"Veltec Kirby specialist\" \/>\n<meta property=\"article:publisher\" content=\"https:\/\/www.facebook.com\/Veltec-Kirby-Specialist-236746293374877\/\" \/>\n<meta property=\"article:modified_time\" content=\"2025-03-10T14:27:07+00:00\" \/>\n<meta property=\"og:image\" content=\"https:\/\/www.veltec.eu\/wp-content\/uploads\/2025\/01\/conga-999-map-genesis_gjrvx1_1.png\" \/>\n\t<meta property=\"og:image:width\" content=\"640\" \/>\n\t<meta property=\"og:image:height\" content=\"640\" \/>\n\t<meta property=\"og:image:type\" content=\"image\/png\" \/>\n<meta name=\"twitter:card\" content=\"summary_large_image\" \/>\n<meta name=\"twitter:label1\" content=\"Tiempo de lectura\" \/>\n\t<meta name=\"twitter:data1\" content=\"4 minutos\" \/>\n<script type=\"application\/ld+json\" class=\"yoast-schema-graph\">{\"@context\":\"https:\\\/\\\/schema.org\",\"@graph\":[{\"@type\":\"WebPage\",\"@id\":\"https:\\\/\\\/www.veltec.eu\\\/es\\\/product\\\/robots-aspiradores-999-tarjeta\\\/\",\"url\":\"https:\\\/\\\/www.veltec.eu\\\/es\\\/product\\\/robots-aspiradores-999-tarjeta\\\/\",\"name\":\"Robots Aspiradores 999 Tarjeta - Veltec Kirby specialist\",\"isPartOf\":{\"@id\":\"https:\\\/\\\/www.veltec.eu\\\/en\\\/#website\"},\"primaryImageOfPage\":{\"@id\":\"https:\\\/\\\/www.veltec.eu\\\/es\\\/product\\\/robots-aspiradores-999-tarjeta\\\/#primaryimage\"},\"image\":{\"@id\":\"https:\\\/\\\/www.veltec.eu\\\/es\\\/product\\\/robots-aspiradores-999-tarjeta\\\/#primaryimage\"},\"thumbnailUrl\":\"https:\\\/\\\/www.veltec.eu\\\/wp-content\\\/uploads\\\/2025\\\/01\\\/conga-999-map-genesis_gjrvx1_1.png\",\"datePublished\":\"2025-01-10T09:19:26+00:00\",\"dateModified\":\"2025-03-10T14:27:07+00:00\",\"description\":\"Robots aspiradores 999 Tarjeta - Veltec es proveedor de aspiradoras Kirby desde hace m\u00e1s de 25 a\u00f1os. Y es su especialista de servicio Kirby de confianza.\",\"breadcrumb\":{\"@id\":\"https:\\\/\\\/www.veltec.eu\\\/es\\\/product\\\/robots-aspiradores-999-tarjeta\\\/#breadcrumb\"},\"inLanguage\":\"es\",\"potentialAction\":[{\"@type\":\"ReadAction\",\"target\":[\"https:\\\/\\\/www.veltec.eu\\\/es\\\/product\\\/robots-aspiradores-999-tarjeta\\\/\"]}]},{\"@type\":\"ImageObject\",\"inLanguage\":\"es\",\"@id\":\"https:\\\/\\\/www.veltec.eu\\\/es\\\/product\\\/robots-aspiradores-999-tarjeta\\\/#primaryimage\",\"url\":\"https:\\\/\\\/www.veltec.eu\\\/wp-content\\\/uploads\\\/2025\\\/01\\\/conga-999-map-genesis_gjrvx1_1.png\",\"contentUrl\":\"https:\\\/\\\/www.veltec.eu\\\/wp-content\\\/uploads\\\/2025\\\/01\\\/conga-999-map-genesis_gjrvx1_1.png\",\"width\":640,\"height\":640},{\"@type\":\"BreadcrumbList\",\"@id\":\"https:\\\/\\\/www.veltec.eu\\\/es\\\/product\\\/robots-aspiradores-999-tarjeta\\\/#breadcrumb\",\"itemListElement\":[{\"@type\":\"ListItem\",\"position\":1,\"name\":\"Home\",\"item\":\"https:\\\/\\\/www.veltec.eu\\\/es\\\/\"},{\"@type\":\"ListItem\",\"position\":2,\"name\":\"Produits\",\"item\":\"https:\\\/\\\/www.veltec.eu\\\/fr\\\/shop\\\/\"},{\"@type\":\"ListItem\",\"position\":3,\"name\":\"Robots Aspiradores 999 Tarjeta\"}]},{\"@type\":\"WebSite\",\"@id\":\"https:\\\/\\\/www.veltec.eu\\\/en\\\/#website\",\"url\":\"https:\\\/\\\/www.veltec.eu\\\/en\\\/\",\"name\":\"Veltec Kirby specialist\",\"description\":\"Kirby stofzuiger producten\",\"publisher\":{\"@id\":\"https:\\\/\\\/www.veltec.eu\\\/en\\\/#organization\"},\"potentialAction\":[{\"@type\":\"SearchAction\",\"target\":{\"@type\":\"EntryPoint\",\"urlTemplate\":\"https:\\\/\\\/www.veltec.eu\\\/en\\\/?s={search_term_string}\"},\"query-input\":{\"@type\":\"PropertyValueSpecification\",\"valueRequired\":true,\"valueName\":\"search_term_string\"}}],\"inLanguage\":\"es\"},{\"@type\":\"Organization\",\"@id\":\"https:\\\/\\\/www.veltec.eu\\\/en\\\/#organization\",\"name\":\"Veltec Kirby Specialist\",\"url\":\"https:\\\/\\\/www.veltec.eu\\\/en\\\/\",\"logo\":{\"@type\":\"ImageObject\",\"inLanguage\":\"es\",\"@id\":\"https:\\\/\\\/www.veltec.eu\\\/en\\\/#\\\/schema\\\/logo\\\/image\\\/\",\"url\":\"https:\\\/\\\/www.veltec.eu\\\/wp-content\\\/uploads\\\/2021\\\/12\\\/Veltec-log-groot-e1537260889125.png\",\"contentUrl\":\"https:\\\/\\\/www.veltec.eu\\\/wp-content\\\/uploads\\\/2021\\\/12\\\/Veltec-log-groot-e1537260889125.png\",\"width\":200,\"height\":60,\"caption\":\"Veltec Kirby Specialist\"},\"image\":{\"@id\":\"https:\\\/\\\/www.veltec.eu\\\/en\\\/#\\\/schema\\\/logo\\\/image\\\/\"},\"sameAs\":[\"https:\\\/\\\/www.facebook.com\\\/Veltec-Kirby-Specialist-236746293374877\\\/\",\"https:\\\/\\\/www.youtube.com\\\/user\\\/VeltecService\"]}]}<\/script>\n<!-- \/ Yoast SEO Premium plugin. -->","yoast_head_json":{"title":"Robots Aspiradores 999 Tarjeta - Veltec Kirby specialist","description":"Robots aspiradores 999 Tarjeta - Veltec es proveedor de aspiradoras Kirby desde hace m\u00e1s de 25 a\u00f1os. Y es su especialista de servicio Kirby de confianza.","robots":{"index":"index","follow":"follow","max-snippet":"max-snippet:-1","max-image-preview":"max-image-preview:large","max-video-preview":"max-video-preview:-1"},"canonical":"https:\/\/www.veltec.eu\/es\/product\/robots-aspiradores-999-tarjeta\/","og_locale":"es_ES","og_type":"article","og_title":"Robots Aspiradores 999 Tarjeta","og_description":"Robot aspirador con navegaci\u00f3n girosc\u00f3pica para una limpieza total de la casa. Motor de succi\u00f3n de 2000 Pa. 2 cepillos laterales. Mopa de fregado. Autonom\u00eda de 120 minutos. Control con APP de CECOTEC y con mando a distancia. Conectividad WiFi 2,4 GhZ y Bluetooth..  En stock   El plazo de entrega oscila entre 5 y 10 d\u00edas laborables    2 a\u00f1os de garant\u00eda  &nbsp;","og_url":"https:\/\/www.veltec.eu\/es\/product\/robots-aspiradores-999-tarjeta\/","og_site_name":"Veltec Kirby specialist","article_publisher":"https:\/\/www.facebook.com\/Veltec-Kirby-Specialist-236746293374877\/","article_modified_time":"2025-03-10T14:27:07+00:00","og_image":[{"width":640,"height":640,"url":"https:\/\/www.veltec.eu\/wp-content\/uploads\/2025\/01\/conga-999-map-genesis_gjrvx1_1.png","type":"image\/png"}],"twitter_card":"summary_large_image","twitter_misc":{"Tiempo de lectura":"4 minutos"},"schema":{"@context":"https:\/\/schema.org","@graph":[{"@type":"WebPage","@id":"https:\/\/www.veltec.eu\/es\/product\/robots-aspiradores-999-tarjeta\/","url":"https:\/\/www.veltec.eu\/es\/product\/robots-aspiradores-999-tarjeta\/","name":"Robots Aspiradores 999 Tarjeta - Veltec Kirby specialist","isPartOf":{"@id":"https:\/\/www.veltec.eu\/en\/#website"},"primaryImageOfPage":{"@id":"https:\/\/www.veltec.eu\/es\/product\/robots-aspiradores-999-tarjeta\/#primaryimage"},"image":{"@id":"https:\/\/www.veltec.eu\/es\/product\/robots-aspiradores-999-tarjeta\/#primaryimage"},"thumbnailUrl":"https:\/\/www.veltec.eu\/wp-content\/uploads\/2025\/01\/conga-999-map-genesis_gjrvx1_1.png","datePublished":"2025-01-10T09:19:26+00:00","dateModified":"2025-03-10T14:27:07+00:00","description":"Robots aspiradores 999 Tarjeta - Veltec es proveedor de aspiradoras Kirby desde hace m\u00e1s de 25 a\u00f1os. Y es su especialista de servicio Kirby de confianza.","breadcrumb":{"@id":"https:\/\/www.veltec.eu\/es\/product\/robots-aspiradores-999-tarjeta\/#breadcrumb"},"inLanguage":"es","potentialAction":[{"@type":"ReadAction","target":["https:\/\/www.veltec.eu\/es\/product\/robots-aspiradores-999-tarjeta\/"]}]},{"@type":"ImageObject","inLanguage":"es","@id":"https:\/\/www.veltec.eu\/es\/product\/robots-aspiradores-999-tarjeta\/#primaryimage","url":"https:\/\/www.veltec.eu\/wp-content\/uploads\/2025\/01\/conga-999-map-genesis_gjrvx1_1.png","contentUrl":"https:\/\/www.veltec.eu\/wp-content\/uploads\/2025\/01\/conga-999-map-genesis_gjrvx1_1.png","width":640,"height":640},{"@type":"BreadcrumbList","@id":"https:\/\/www.veltec.eu\/es\/product\/robots-aspiradores-999-tarjeta\/#breadcrumb","itemListElement":[{"@type":"ListItem","position":1,"name":"Home","item":"https:\/\/www.veltec.eu\/es\/"},{"@type":"ListItem","position":2,"name":"Produits","item":"https:\/\/www.veltec.eu\/fr\/shop\/"},{"@type":"ListItem","position":3,"name":"Robots Aspiradores 999 Tarjeta"}]},{"@type":"WebSite","@id":"https:\/\/www.veltec.eu\/en\/#website","url":"https:\/\/www.veltec.eu\/en\/","name":"Veltec Kirby specialist","description":"Kirby stofzuiger producten","publisher":{"@id":"https:\/\/www.veltec.eu\/en\/#organization"},"potentialAction":[{"@type":"SearchAction","target":{"@type":"EntryPoint","urlTemplate":"https:\/\/www.veltec.eu\/en\/?s={search_term_string}"},"query-input":{"@type":"PropertyValueSpecification","valueRequired":true,"valueName":"search_term_string"}}],"inLanguage":"es"},{"@type":"Organization","@id":"https:\/\/www.veltec.eu\/en\/#organization","name":"Veltec Kirby Specialist","url":"https:\/\/www.veltec.eu\/en\/","logo":{"@type":"ImageObject","inLanguage":"es","@id":"https:\/\/www.veltec.eu\/en\/#\/schema\/logo\/image\/","url":"https:\/\/www.veltec.eu\/wp-content\/uploads\/2021\/12\/Veltec-log-groot-e1537260889125.png","contentUrl":"https:\/\/www.veltec.eu\/wp-content\/uploads\/2021\/12\/Veltec-log-groot-e1537260889125.png","width":200,"height":60,"caption":"Veltec Kirby Specialist"},"image":{"@id":"https:\/\/www.veltec.eu\/en\/#\/schema\/logo\/image\/"},"sameAs":["https:\/\/www.facebook.com\/Veltec-Kirby-Specialist-236746293374877\/","https:\/\/www.youtube.com\/user\/VeltecService"]}]}},"_links":{"self":[{"href":"https:\/\/www.veltec.eu\/es\/wp-json\/wp\/v2\/product\/73079","targetHints":{"allow":["GET"]}}],"collection":[{"href":"https:\/\/www.veltec.eu\/es\/wp-json\/wp\/v2\/product"}],"about":[{"href":"https:\/\/www.veltec.eu\/es\/wp-json\/wp\/v2\/types\/product"}],"replies":[{"embeddable":true,"href":"https:\/\/www.veltec.eu\/es\/wp-json\/wp\/v2\/comments?post=73079"}],"wp:featuredmedia":[{"embeddable":true,"href":"https:\/\/www.veltec.eu\/es\/wp-json\/wp\/v2\/media\/73006"}],"wp:attachment":[{"href":"https:\/\/www.veltec.eu\/es\/wp-json\/wp\/v2\/media?parent=73079"}],"wp:term":[{"taxonomy":"product_brand","embeddable":true,"href":"https:\/\/www.veltec.eu\/es\/wp-json\/wp\/v2\/product_brand?post=73079"},{"taxonomy":"product_cat","embeddable":true,"href":"https:\/\/www.veltec.eu\/es\/wp-json\/wp\/v2\/product_cat?post=73079"},{"taxonomy":"product_tag","embeddable":true,"href":"https:\/\/www.veltec.eu\/es\/wp-json\/wp\/v2\/product_tag?post=73079"}],"curies":[{"name":"wp","href":"https:\/\/api.w.org\/{rel}","templated":true}]}}