{"id":72905,"date":"2025-01-06T14:51:03","date_gmt":"2025-01-06T12:51:03","guid":{"rendered":"https:\/\/www.veltec.eu\/product\/conga-13090-spin-revolution-homewash\/"},"modified":"2025-01-22T16:14:30","modified_gmt":"2025-01-22T14:14:30","slug":"conga-13090-spin-revolution-homewash","status":"publish","type":"product","link":"https:\/\/www.veltec.eu\/es\/product\/conga-13090-spin-revolution-homewash\/","title":{"rendered":"Conga 13090 Spin Revolution Home&#038;Wash"},"content":{"rendered":"<h1 class=\"css-1tq25n3\">Conga 13090 Spin Revolution Home&amp;Wash<\/h1>\n<h5>Conga 13090 Spin Revolution Home&amp;Wash &#8211; Robot aspirador con Motor de succi\u00f3n 7000 Pa. Base 4 en 1.Cuenta con tecnolog\u00eda l\u00e1ser. App y conexi\u00f3n Bluetooth y WiFi para redes 2,4 GHz y 5 GHz.<\/h5>\n<div id=\"technical-details\">\n<div class=\"css-1vrowg6\">\n<div id=\"description\" class=\"e1pizqy33 css-1gvl2s3\">\n<div class=\"css-k1moeq e1pizqy32\">\n<ul>\n<li>Navegaci\u00f3n l\u00e1ser, limpieza precisa. El robot cuenta con tecnolog\u00eda l\u00e1ser que le permite generar un mapa para navegar de forma precisa y limpiar eficazmente hasta el \u00faltimo rinc\u00f3n.<\/li>\n<li>Suelos brillantes. Con las nuevas fregonas giratorias s\u00faper absorbentes, deja tus suelos relucientes y friega l\u00edquidos, salsas y desincrusta manchas secas.<\/li>\n<li>M\u00e1ximo rendimiento. Potencia de 7000 Pa en el motor de succi\u00f3n que aspiran tanto la microsuciedad como la suciedad m\u00e1s grande.<\/li>\n<li>Limpieza sin prisa. Hasta 140 minutos de autonom\u00eda en solo aspiraci\u00f3n para una limpieza perfecta. Y si el robot se queda sin bater\u00eda, vuelve autom\u00e1ticamente a la base para cargarse, continuando luego la limpieza en el punto donde lo dej\u00f3 y con las mopas totalmente limpias.<\/li>\n<li>Cepillo de silicona antienredos. Su dise\u00f1o de silicona lo hace ideal para casas con mascotas ya que evita que los pelos se l\u00eden.<\/li>\n<li>La base es totalmente aut\u00f3noma. La base se autovac\u00eda de polvo, limpia las mopas, las seca y recoge el agua sucia tras limpiarlas.<\/li>\n<li>Limpieza a medida. Define, planifica y programa la limpieza de tu vivienda gacias al mapa que se genera, puedes seleccionar tanto la limpieza completa como de estancias espec\u00edficas.<\/li>\n<li>F\u00e1cil vinculaci\u00f3n. El modelo cuenta con Bluetooth y WiFi para redes 2,4 GHz y 5 GHz, lo que permite una f\u00e1cil vinculaci\u00f3n a tus redes y dispositivos.<\/li>\n<li>Detecci\u00f3n ultras\u00f3nica de alfombras. El robot detecta cuando hay una alfombra y sube la potencia de forma autom\u00e1tica para limpiar con la m\u00e1xima precisi\u00f3n. Si est\u00e1 en modo fregado, la esquiva para no mojar el tejido de la alfombra con sus mopas.<\/li>\n<li>Olv\u00eddate de tocar el polvo. Gran capacidad de 2 L de la bolsa de polvo, 2,8 L del tanque de agua limpia y 2,4 L del tanque de agua sucia.<\/li>\n<li>Sistema de detecci\u00f3n. La base de vaciado cuenta un sistema de detecci\u00f3n de seguridad autom\u00e1tica de las bolsas higi\u00e9nicas, boya de llenado para el tanque de agua sucia y boya de vac\u00edo para el agua limpia.<\/li>\n<li>Aviso por falta de agua. Es necesario llenar el dep\u00f3sito de agua limpia antes de la primera utilizaci\u00f3n del producto. De no ser as\u00ed, se mostrar\u00e1 una luz roja y no se podr\u00e1 llevar a cabo la limpieza.<\/li>\n<\/ul>\n<\/div>\n<\/div>\n<\/div>\n<div class=\"css-1vrowg6\">\n<h5 id=\"composition\" class=\"e1hv9n5v2 css-ldw7pi\"><strong><span class=\"e1hv9n5v0 css-hga4sk\">Composici\u00f3n<\/span><\/strong><\/h5>\n<div class=\"e1hv9n5v2 css-ldw7pi\">\n<div class=\"css-1azcdyx e1hv9n5v1\">\n<ul>\n<li>Robot aspirador<\/li>\n<li>Base de autovaciado con 2 tanques (agua limpia y agua sucia)<\/li>\n<li>Bolsa de polvo<\/li>\n<li>Cepillo lateral<\/li>\n<li>2 Mopas giratorias<\/li>\n<li>Cable de alimentaci\u00f3n<\/li>\n<li>Cepillo<\/li>\n<li>Manual de instrucciones<\/li>\n<\/ul>\n<\/div>\n<\/div>\n<\/div>\n<\/div>\n","protected":false},"excerpt":{"rendered":"<p class=\"css-1tq25n3\">Conga 13090 Spin Revolution Home&amp;Wash &#8211; Robot aspirador con Motor de succi\u00f3n 7000 Pa. Base 4 en 1. Cuenta con tecnolog\u00eda l\u00e1ser. Incluye 2 cepillos centrales intercambiables: uno mixto y uno de silicona, \u00f3ptimo para pelo de mascotas. Mopas giratorias. Cepillo lateral. App y conexi\u00f3n Bluetooth y WiFi para redes 2,4 GHz y 5 GHz.<\/p>\n<p>&nbsp;<\/p>\n<h3><span style=\"color: #008000;\">En stock<\/span><\/h3>\n[av_font_icon icon='ue812' font='entypo-fontello' style='' caption='' size='25px' position='left' color='#43ad66' link='' linktarget='' title_attr='' sonar_effect_effect='' sonar_effect_color='' sonar_effect_duration='1' sonar_effect_scale='' sonar_effect_opac='0.5' animation='' id='' custom_class='' template_class='' av_uid='' sc_version='1.0' admin_preview_bg=''][\/av_font_icon]\n<p><span style=\"color: #008000;\">El plazo de entrega oscila entre 5 y 10 d\u00edas laborables<\/span><\/p>\n[av_font_icon icon='ue812' font='entypo-fontello' style='' caption='' size='25px' position='left' color='#43ad66' link='' linktarget='' title_attr='' sonar_effect_effect='' sonar_effect_color='' sonar_effect_duration='1' sonar_effect_scale='' sonar_effect_opac='0.5' animation='' id='' custom_class='' template_class='' av_uid='' sc_version='1.0' admin_preview_bg=''][\/av_font_icon]\n<p><span style=\"color: #008000;\">2 a\u00f1os de garant\u00eda<\/span><\/p>\n<p>&nbsp;<\/p>\n","protected":false},"featured_media":72799,"comment_status":"open","ping_status":"closed","template":"","meta":[],"product_brand":[],"product_cat":[446],"product_tag":[],"class_list":{"0":"post-72905","1":"product","2":"type-product","3":"status-publish","4":"has-post-thumbnail","6":"product_cat-geen-categorie","8":"first","9":"outofstock","10":"taxable","11":"shipping-taxable","12":"purchasable","13":"product-type-simple"},"yoast_head":"<!-- This site is optimized with the Yoast SEO Premium plugin v27.1 (Yoast SEO v27.3) - https:\/\/yoast.com\/product\/yoast-seo-premium-wordpress\/ -->\n<title>Conga 13090 Spin Revolution Home&amp;Wash - Veltec Kirby specialist<\/title>\n<meta name=\"description\" content=\"Conga 13090 Spin Revolution Home&amp;Wash - Veltec es proveedor de aspiradoras Kirby desde hace m\u00e1s de 25 a\u00f1os. Y es su especialista de servicio Kirby de confianza.\" \/>\n<meta name=\"robots\" content=\"index, follow, max-snippet:-1, max-image-preview:large, max-video-preview:-1\" \/>\n<link rel=\"canonical\" href=\"https:\/\/www.veltec.eu\/es\/product\/conga-13090-spin-revolution-homewash\/\" \/>\n<meta property=\"og:locale\" content=\"es_ES\" \/>\n<meta property=\"og:type\" content=\"article\" \/>\n<meta property=\"og:title\" content=\"Conga 13090 Spin Revolution Home&amp;Wash\" \/>\n<meta property=\"og:description\" content=\"Conga 13090 Spin Revolution Home&amp;Wash - Robot aspirador con Motor de succi\u00f3n 7000 Pa. Base 4 en 1. Cuenta con tecnolog\u00eda l\u00e1ser. Incluye 2 cepillos centrales intercambiables: uno mixto y uno de silicona, \u00f3ptimo para pelo de mascotas. Mopas giratorias. Cepillo lateral. App y conexi\u00f3n Bluetooth y WiFi para redes 2,4 GHz y 5 GHz. &nbsp; En stock   El plazo de entrega oscila entre 5 y 10 d\u00edas laborables    2 a\u00f1os de garant\u00eda  &nbsp;\" \/>\n<meta property=\"og:url\" content=\"https:\/\/www.veltec.eu\/es\/product\/conga-13090-spin-revolution-homewash\/\" \/>\n<meta property=\"og:site_name\" content=\"Veltec Kirby specialist\" \/>\n<meta property=\"article:publisher\" content=\"https:\/\/www.facebook.com\/Veltec-Kirby-Specialist-236746293374877\/\" \/>\n<meta property=\"article:modified_time\" content=\"2025-01-22T14:14:30+00:00\" \/>\n<meta property=\"og:image\" content=\"https:\/\/www.veltec.eu\/wp-content\/uploads\/2025\/01\/conga-13090-spin-revolution-homewash_32p7yn_1.png\" \/>\n\t<meta property=\"og:image:width\" content=\"640\" \/>\n\t<meta property=\"og:image:height\" content=\"640\" \/>\n\t<meta property=\"og:image:type\" content=\"image\/png\" \/>\n<meta name=\"twitter:card\" content=\"summary_large_image\" \/>\n<meta name=\"twitter:label1\" content=\"Tiempo de lectura\" \/>\n\t<meta name=\"twitter:data1\" content=\"3 minutos\" \/>\n<script type=\"application\/ld+json\" class=\"yoast-schema-graph\">{\"@context\":\"https:\\\/\\\/schema.org\",\"@graph\":[{\"@type\":\"WebPage\",\"@id\":\"https:\\\/\\\/www.veltec.eu\\\/es\\\/product\\\/conga-13090-spin-revolution-homewash\\\/\",\"url\":\"https:\\\/\\\/www.veltec.eu\\\/es\\\/product\\\/conga-13090-spin-revolution-homewash\\\/\",\"name\":\"Conga 13090 Spin Revolution Home&Wash - Veltec Kirby specialist\",\"isPartOf\":{\"@id\":\"https:\\\/\\\/www.veltec.eu\\\/en\\\/#website\"},\"primaryImageOfPage\":{\"@id\":\"https:\\\/\\\/www.veltec.eu\\\/es\\\/product\\\/conga-13090-spin-revolution-homewash\\\/#primaryimage\"},\"image\":{\"@id\":\"https:\\\/\\\/www.veltec.eu\\\/es\\\/product\\\/conga-13090-spin-revolution-homewash\\\/#primaryimage\"},\"thumbnailUrl\":\"https:\\\/\\\/www.veltec.eu\\\/wp-content\\\/uploads\\\/2025\\\/01\\\/conga-13090-spin-revolution-homewash_32p7yn_1.png\",\"datePublished\":\"2025-01-06T12:51:03+00:00\",\"dateModified\":\"2025-01-22T14:14:30+00:00\",\"description\":\"Conga 13090 Spin Revolution Home&Wash - Veltec es proveedor de aspiradoras Kirby desde hace m\u00e1s de 25 a\u00f1os. Y es su especialista de servicio Kirby de confianza.\",\"breadcrumb\":{\"@id\":\"https:\\\/\\\/www.veltec.eu\\\/es\\\/product\\\/conga-13090-spin-revolution-homewash\\\/#breadcrumb\"},\"inLanguage\":\"es\",\"potentialAction\":[{\"@type\":\"ReadAction\",\"target\":[\"https:\\\/\\\/www.veltec.eu\\\/es\\\/product\\\/conga-13090-spin-revolution-homewash\\\/\"]}]},{\"@type\":\"ImageObject\",\"inLanguage\":\"es\",\"@id\":\"https:\\\/\\\/www.veltec.eu\\\/es\\\/product\\\/conga-13090-spin-revolution-homewash\\\/#primaryimage\",\"url\":\"https:\\\/\\\/www.veltec.eu\\\/wp-content\\\/uploads\\\/2025\\\/01\\\/conga-13090-spin-revolution-homewash_32p7yn_1.png\",\"contentUrl\":\"https:\\\/\\\/www.veltec.eu\\\/wp-content\\\/uploads\\\/2025\\\/01\\\/conga-13090-spin-revolution-homewash_32p7yn_1.png\",\"width\":640,\"height\":640},{\"@type\":\"BreadcrumbList\",\"@id\":\"https:\\\/\\\/www.veltec.eu\\\/es\\\/product\\\/conga-13090-spin-revolution-homewash\\\/#breadcrumb\",\"itemListElement\":[{\"@type\":\"ListItem\",\"position\":1,\"name\":\"Home\",\"item\":\"https:\\\/\\\/www.veltec.eu\\\/es\\\/\"},{\"@type\":\"ListItem\",\"position\":2,\"name\":\"Produits\",\"item\":\"https:\\\/\\\/www.veltec.eu\\\/fr\\\/shop\\\/\"},{\"@type\":\"ListItem\",\"position\":3,\"name\":\"Conga 13090 Spin Revolution Home&#038;Wash\"}]},{\"@type\":\"WebSite\",\"@id\":\"https:\\\/\\\/www.veltec.eu\\\/en\\\/#website\",\"url\":\"https:\\\/\\\/www.veltec.eu\\\/en\\\/\",\"name\":\"Veltec Kirby specialist\",\"description\":\"Kirby stofzuiger producten\",\"publisher\":{\"@id\":\"https:\\\/\\\/www.veltec.eu\\\/en\\\/#organization\"},\"potentialAction\":[{\"@type\":\"SearchAction\",\"target\":{\"@type\":\"EntryPoint\",\"urlTemplate\":\"https:\\\/\\\/www.veltec.eu\\\/en\\\/?s={search_term_string}\"},\"query-input\":{\"@type\":\"PropertyValueSpecification\",\"valueRequired\":true,\"valueName\":\"search_term_string\"}}],\"inLanguage\":\"es\"},{\"@type\":\"Organization\",\"@id\":\"https:\\\/\\\/www.veltec.eu\\\/en\\\/#organization\",\"name\":\"Veltec Kirby Specialist\",\"url\":\"https:\\\/\\\/www.veltec.eu\\\/en\\\/\",\"logo\":{\"@type\":\"ImageObject\",\"inLanguage\":\"es\",\"@id\":\"https:\\\/\\\/www.veltec.eu\\\/en\\\/#\\\/schema\\\/logo\\\/image\\\/\",\"url\":\"https:\\\/\\\/www.veltec.eu\\\/wp-content\\\/uploads\\\/2021\\\/12\\\/Veltec-log-groot-e1537260889125.png\",\"contentUrl\":\"https:\\\/\\\/www.veltec.eu\\\/wp-content\\\/uploads\\\/2021\\\/12\\\/Veltec-log-groot-e1537260889125.png\",\"width\":200,\"height\":60,\"caption\":\"Veltec Kirby Specialist\"},\"image\":{\"@id\":\"https:\\\/\\\/www.veltec.eu\\\/en\\\/#\\\/schema\\\/logo\\\/image\\\/\"},\"sameAs\":[\"https:\\\/\\\/www.facebook.com\\\/Veltec-Kirby-Specialist-236746293374877\\\/\",\"https:\\\/\\\/www.youtube.com\\\/user\\\/VeltecService\"]}]}<\/script>\n<!-- \/ Yoast SEO Premium plugin. -->","yoast_head_json":{"title":"Conga 13090 Spin Revolution Home&Wash - Veltec Kirby specialist","description":"Conga 13090 Spin Revolution Home&Wash - Veltec es proveedor de aspiradoras Kirby desde hace m\u00e1s de 25 a\u00f1os. Y es su especialista de servicio Kirby de confianza.","robots":{"index":"index","follow":"follow","max-snippet":"max-snippet:-1","max-image-preview":"max-image-preview:large","max-video-preview":"max-video-preview:-1"},"canonical":"https:\/\/www.veltec.eu\/es\/product\/conga-13090-spin-revolution-homewash\/","og_locale":"es_ES","og_type":"article","og_title":"Conga 13090 Spin Revolution Home&Wash","og_description":"Conga 13090 Spin Revolution Home&amp;Wash - Robot aspirador con Motor de succi\u00f3n 7000 Pa. Base 4 en 1. Cuenta con tecnolog\u00eda l\u00e1ser. Incluye 2 cepillos centrales intercambiables: uno mixto y uno de silicona, \u00f3ptimo para pelo de mascotas. Mopas giratorias. Cepillo lateral. App y conexi\u00f3n Bluetooth y WiFi para redes 2,4 GHz y 5 GHz. &nbsp; En stock   El plazo de entrega oscila entre 5 y 10 d\u00edas laborables    2 a\u00f1os de garant\u00eda  &nbsp;","og_url":"https:\/\/www.veltec.eu\/es\/product\/conga-13090-spin-revolution-homewash\/","og_site_name":"Veltec Kirby specialist","article_publisher":"https:\/\/www.facebook.com\/Veltec-Kirby-Specialist-236746293374877\/","article_modified_time":"2025-01-22T14:14:30+00:00","og_image":[{"width":640,"height":640,"url":"https:\/\/www.veltec.eu\/wp-content\/uploads\/2025\/01\/conga-13090-spin-revolution-homewash_32p7yn_1.png","type":"image\/png"}],"twitter_card":"summary_large_image","twitter_misc":{"Tiempo de lectura":"3 minutos"},"schema":{"@context":"https:\/\/schema.org","@graph":[{"@type":"WebPage","@id":"https:\/\/www.veltec.eu\/es\/product\/conga-13090-spin-revolution-homewash\/","url":"https:\/\/www.veltec.eu\/es\/product\/conga-13090-spin-revolution-homewash\/","name":"Conga 13090 Spin Revolution Home&Wash - Veltec Kirby specialist","isPartOf":{"@id":"https:\/\/www.veltec.eu\/en\/#website"},"primaryImageOfPage":{"@id":"https:\/\/www.veltec.eu\/es\/product\/conga-13090-spin-revolution-homewash\/#primaryimage"},"image":{"@id":"https:\/\/www.veltec.eu\/es\/product\/conga-13090-spin-revolution-homewash\/#primaryimage"},"thumbnailUrl":"https:\/\/www.veltec.eu\/wp-content\/uploads\/2025\/01\/conga-13090-spin-revolution-homewash_32p7yn_1.png","datePublished":"2025-01-06T12:51:03+00:00","dateModified":"2025-01-22T14:14:30+00:00","description":"Conga 13090 Spin Revolution Home&Wash - Veltec es proveedor de aspiradoras Kirby desde hace m\u00e1s de 25 a\u00f1os. Y es su especialista de servicio Kirby de confianza.","breadcrumb":{"@id":"https:\/\/www.veltec.eu\/es\/product\/conga-13090-spin-revolution-homewash\/#breadcrumb"},"inLanguage":"es","potentialAction":[{"@type":"ReadAction","target":["https:\/\/www.veltec.eu\/es\/product\/conga-13090-spin-revolution-homewash\/"]}]},{"@type":"ImageObject","inLanguage":"es","@id":"https:\/\/www.veltec.eu\/es\/product\/conga-13090-spin-revolution-homewash\/#primaryimage","url":"https:\/\/www.veltec.eu\/wp-content\/uploads\/2025\/01\/conga-13090-spin-revolution-homewash_32p7yn_1.png","contentUrl":"https:\/\/www.veltec.eu\/wp-content\/uploads\/2025\/01\/conga-13090-spin-revolution-homewash_32p7yn_1.png","width":640,"height":640},{"@type":"BreadcrumbList","@id":"https:\/\/www.veltec.eu\/es\/product\/conga-13090-spin-revolution-homewash\/#breadcrumb","itemListElement":[{"@type":"ListItem","position":1,"name":"Home","item":"https:\/\/www.veltec.eu\/es\/"},{"@type":"ListItem","position":2,"name":"Produits","item":"https:\/\/www.veltec.eu\/fr\/shop\/"},{"@type":"ListItem","position":3,"name":"Conga 13090 Spin Revolution Home&#038;Wash"}]},{"@type":"WebSite","@id":"https:\/\/www.veltec.eu\/en\/#website","url":"https:\/\/www.veltec.eu\/en\/","name":"Veltec Kirby specialist","description":"Kirby stofzuiger producten","publisher":{"@id":"https:\/\/www.veltec.eu\/en\/#organization"},"potentialAction":[{"@type":"SearchAction","target":{"@type":"EntryPoint","urlTemplate":"https:\/\/www.veltec.eu\/en\/?s={search_term_string}"},"query-input":{"@type":"PropertyValueSpecification","valueRequired":true,"valueName":"search_term_string"}}],"inLanguage":"es"},{"@type":"Organization","@id":"https:\/\/www.veltec.eu\/en\/#organization","name":"Veltec Kirby Specialist","url":"https:\/\/www.veltec.eu\/en\/","logo":{"@type":"ImageObject","inLanguage":"es","@id":"https:\/\/www.veltec.eu\/en\/#\/schema\/logo\/image\/","url":"https:\/\/www.veltec.eu\/wp-content\/uploads\/2021\/12\/Veltec-log-groot-e1537260889125.png","contentUrl":"https:\/\/www.veltec.eu\/wp-content\/uploads\/2021\/12\/Veltec-log-groot-e1537260889125.png","width":200,"height":60,"caption":"Veltec Kirby Specialist"},"image":{"@id":"https:\/\/www.veltec.eu\/en\/#\/schema\/logo\/image\/"},"sameAs":["https:\/\/www.facebook.com\/Veltec-Kirby-Specialist-236746293374877\/","https:\/\/www.youtube.com\/user\/VeltecService"]}]}},"_links":{"self":[{"href":"https:\/\/www.veltec.eu\/es\/wp-json\/wp\/v2\/product\/72905","targetHints":{"allow":["GET"]}}],"collection":[{"href":"https:\/\/www.veltec.eu\/es\/wp-json\/wp\/v2\/product"}],"about":[{"href":"https:\/\/www.veltec.eu\/es\/wp-json\/wp\/v2\/types\/product"}],"replies":[{"embeddable":true,"href":"https:\/\/www.veltec.eu\/es\/wp-json\/wp\/v2\/comments?post=72905"}],"wp:featuredmedia":[{"embeddable":true,"href":"https:\/\/www.veltec.eu\/es\/wp-json\/wp\/v2\/media\/72799"}],"wp:attachment":[{"href":"https:\/\/www.veltec.eu\/es\/wp-json\/wp\/v2\/media?parent=72905"}],"wp:term":[{"taxonomy":"product_brand","embeddable":true,"href":"https:\/\/www.veltec.eu\/es\/wp-json\/wp\/v2\/product_brand?post=72905"},{"taxonomy":"product_cat","embeddable":true,"href":"https:\/\/www.veltec.eu\/es\/wp-json\/wp\/v2\/product_cat?post=72905"},{"taxonomy":"product_tag","embeddable":true,"href":"https:\/\/www.veltec.eu\/es\/wp-json\/wp\/v2\/product_tag?post=72905"}],"curies":[{"name":"wp","href":"https:\/\/api.w.org\/{rel}","templated":true}]}}