{"id":72785,"date":"2025-01-06T11:50:44","date_gmt":"2025-01-06T09:50:44","guid":{"rendered":"https:\/\/www.veltec.eu\/product\/conga-8490-ultimate\/"},"modified":"2025-02-26T15:23:56","modified_gmt":"2025-02-26T13:23:56","slug":"robot-aspirador-8490-ultimate","status":"publish","type":"product","link":"https:\/\/www.veltec.eu\/es\/product\/robot-aspirador-8490-ultimate\/","title":{"rendered":"Robot aspirador 8490 Ultimate"},"content":{"rendered":"<h1>Robot aspirador 8490 Ultimate<\/h1>\n<p>Robot aspirador 8490 Ultimate &#8211; Robot aspirador con tecnolog\u00eda de navegaci\u00f3n l\u00e1ser. Base autodrenante con capacidad de 2,5 litros. Limpieza 4 en 1: friega, aspira, pasa la mopa y barre.<\/p>\n<p><a href=\"\/nl?product_cat=robots-aspirador\">Encuentre todos los Robot aspiradores aqu\u00ed<\/a><\/p>\n<h2>\u00bfPor qu\u00e9 elegir el Robot aspirador 8490 Ultimate?<\/h2>\n<p>En un hogar ajetreado, el tiempo es oro. El Robot aspirador 8490 Ultimate ofrece la soluci\u00f3n perfecta para una limpieza exhaustiva y eficaz sin complicaciones. Con su tecnolog\u00eda de navegaci\u00f3n l\u00e1ser y su base autodrenante de 2,5 litros, este robot aspirador le garantiza que no tendr\u00e1 que preocuparse de limpiar sus suelos durante semanas. Tanto si tiene una casa grande como un piso, este aspirador avanzado se adapta sin esfuerzo a su entorno.<\/p>\n<h2>Tecnolog\u00eda avanzada de navegaci\u00f3n l\u00e1ser para mayor precisi\u00f3n<\/h2>\n<h3>Robot aspirador 8490 Ultimate con mapa interactivo de su hogar<\/h3>\n<p>Una de las caracter\u00edsticas m\u00e1s impresionantes del Robot aspirador 8490 Ultimate es su navegaci\u00f3n l\u00e1ser. Esta tecnolog\u00eda permite crear un mapa preciso e interactivo de su hogar. Esto proporciona una experiencia de limpieza altamente personalizada, limpiando cada habitaci\u00f3n de la manera m\u00e1s eficiente. Incluso en habitaciones oscuras, el robot sigue trabajando con precisi\u00f3n, gracias a sus avanzados sensores.<\/p>\n<h3>Control inteligente a trav\u00e9s de la app<\/h3>\n<p>Gracias a la App 3.0, tendr\u00e1s un control total sobre la aspiradora. Puedes:<\/p>\n<ul>\n<li>Establecer rutas de limpieza<\/li>\n<li>Seleccionar habitaciones o zonas espec\u00edficas<\/li>\n<li>Establecer barreras virtuales<\/li>\n<li>Crear un calendario de limpieza<\/li>\n<\/ul>\n<p>Con unos pocos toques en su smartphone, usted decide c\u00f3mo y cu\u00e1ndo se limpia su casa. Esto convierte al Robot Aspirador 8490 Ultimate en la opci\u00f3n ideal para personas con agendas apretadas.<\/p>\n<h2>Autolimpieza autom\u00e1tica: sin preocupaciones durante semanas<\/h2>\n<h3>Base autodrenante de 2,5 litros<\/h3>\n<p>Una de las caracter\u00edsticas m\u00e1s singulares de este robot aspirador es su descarga autom\u00e1tica del polvo. La base tiene una capacidad de 2,5 litros, lo que significa que no tendr\u00e1 que vaciar el cubo del polvo durante semanas. Esto ahorra tiempo y hace que el proceso de limpieza sea casi completamente aut\u00f3nomo.<\/p>\n<h3>Higi\u00e9nico y f\u00e1cil de usar<\/h3>\n<p>Gracias al sistema de autolimpieza, apenas tendr\u00e1 que entrar en contacto con el polvo. Esto supone una gran ventaja para las personas al\u00e9rgicas o con v\u00edas respiratorias sensibles. Adem\u00e1s, le facilita la vida: no tiene que vaciar el dep\u00f3sito de polvo todos los d\u00edas.<\/p>\n<h2>M\u00e1xima potencia de succi\u00f3n: 7000 Pa para una limpieza profunda<\/h2>\n<h3>Apta para todo tipo de suciedad<\/h3>\n<p>Con un motor de aspiraci\u00f3n ultrapotente de 7000 Pa, el Robot Aspirador 8490 Ultimate elimina sin esfuerzo el polvo, el pelo y otros tipos de suciedad de suelos duros y alfombras. Esto lo hace especialmente adecuado para hogares con mascotas. El pelo de perros y gatos se aspira sin esfuerzo, sin obstruir los cepillos.<\/p>\n<h3>Cepillo de silicona sin velcro<\/h3>\n<p>El robot aspirador incorpora un cepillo de silicona sin enredos, especialmente dise\u00f1ado para eliminar eficazmente los pelos y la suciedad adheridos. Esto reduce la necesidad de limpiar el cepillo con regularidad y aumenta la eficacia de la limpieza.<\/p>\n<h2>Limpieza 4 en 1: una limpieza completa<\/h2>\n<h3>Aspira, pasa la mopa, friega y barre<\/h3>\n<p>El Robot aspirador 8490 Ultimate no es una aspiradora m\u00e1s: aspira, pasa la mopa, friega y barre al mismo tiempo. Esto significa que puede conseguir una limpieza total de sus suelos con un solo aparato. Esto no s\u00f3lo ahorra tiempo, sino que tambi\u00e9n garantiza una limpieza en profundidad dif\u00edcil de conseguir con una aspiradora normal.<\/p>\n<h3>Robot aspirador 8490 Ultimate ideal para diferentes tipos de suelos<\/h3>\n<p>Tanto si tiene baldosas, laminado, parqu\u00e9 o moqueta, este robot aspirador se adapta autom\u00e1ticamente al tipo de suelo. Gracias a sus sensores inteligentes, detecta la superficie y elige el modo de limpieza m\u00e1s adecuado.<\/p>\n<h2>Bater\u00eda de larga duraci\u00f3n: ideal para hogares grandes<\/h2>\n<h3>Hasta 170 m\u00b2 en una sola pasada<\/h3>\n<p>Con una bater\u00eda de 3200 mAh, el Robot Aspirador 8490 Ultimate puede limpiar hasta 170 minutos seguidos. Esto lo hace ideal para hogares grandes de hasta 170 m\u00b2. Incluso si la bater\u00eda se agota, vuelve autom\u00e1ticamente a la estaci\u00f3n de carga y reanuda la limpieza en cuanto se recarga.<\/p>\n<h3>Total Surface 3.0: ninguna mancha se queda sucia<\/h3>\n<p>Gracias a la tecnolog\u00eda Total Surface 3.0, no se salta ning\u00fan punto. El aspirador detecta cuando la bater\u00eda se est\u00e1 agotando, vuelve a la base de carga y contin\u00faa limpiando en cuanto vuelve a estar suficientemente cargada. Como resultado, cada limpieza programada se completa por completo.<\/p>\n<h2>Conclusi\u00f3n: la elecci\u00f3n perfecta para una limpieza sin esfuerzo<\/h2>\n<p>El Robot Aspirador 8490 Ultimate es la soluci\u00f3n ideal para quienes buscan un robot aspirador potente, eficaz y f\u00e1cil de usar. Gracias a su navegaci\u00f3n l\u00e1ser, su potencia de succi\u00f3n de 7000 Pa, su limpieza 4 en 1 y su base de autolimpieza autom\u00e1tica, este aspirador le ahorrar\u00e1 tiempo y esfuerzo, manteniendo siempre su hogar perfectamente limpio.<\/p>\n<h3>Ventajas de un vistazo:<\/h3>\n<ul>\n<li>Navegaci\u00f3n l\u00e1ser inteligente para una limpieza eficiente<\/li>\n<li>Ajustes personalizados a trav\u00e9s de la app<\/li>\n<li>Eliminaci\u00f3n autom\u00e1tica del polvo para semanas de comodidad<\/li>\n<li>Potente motor de aspiraci\u00f3n de 7000 Pa para una limpieza en profundidad<\/li>\n<li>Funci\u00f3n de limpieza 4 en 1: aspirar, pasar la mopa, fregar y barrer<\/li>\n<li>Hasta 170 minutos de duraci\u00f3n de la bater\u00eda para grandes superficies<\/li>\n<li>Cepillo de silicona sin velcro, ideal para mascotas<\/li>\n<\/ul>\n<p>Con el Robot Aspirador 8490 Ultimate, obtendr\u00e1 un robot aspirador innovador y de alta calidad que revolucionar\u00e1 su rutina de limpieza. Haz tu vida m\u00e1s f\u00e1cil y disfruta de un hogar siempre limpio, \u00a1sin esfuerzo!<\/p>\n<h4>Composici\u00f3n<\/h4>\n<ul>\n<li>1 cepillo lateral<\/li>\n<li>Cepillo autolimpiante<\/li>\n<li>Cepillo de silicona<\/li>\n<li>Dep\u00f3sito mixto<\/li>\n<li>Filtro de alta eficacia<\/li>\n<li>Manual de instrucciones<\/li>\n<li>Fregona<\/li>\n<\/ul>\n","protected":false},"excerpt":{"rendered":"<p>Robot aspirador 8490 Ultimate &#8211; Robot aspirador con tecnolog\u00eda de navegaci\u00f3n l\u00e1ser. Base autodrenante con 2,5 litros de capacidad. Limpieza 4 en 1: friega, aspira, pasa la mopa y barre. Potencia de succi\u00f3n de 7000 Pa. Hasta 170 minutos de autonom\u00eda. Incluye 2 cepillos centrales intercambiables: uno mixto y otro de silicona, \u00f3ptimo para pelos de mascotas. Mopa y 1 cepillo lateral. 4 niveles seleccionables de potencia de succi\u00f3n y fregado. Control APP y asistentes virtuales.<\/p>\n<h3><span style=\"color: #008000;\">En stock<\/span><\/h3>\n[av_font_icon icon='ue812' font='entypo-fontello' style='' caption='' size='25px' position='left' color='#43ad66' link='' linktarget='' title_attr='' sonar_effect_effect='' sonar_effect_color='' sonar_effect_duration='1' sonar_effect_scale='' sonar_effect_opac='0.5' animation='' id='' custom_class='' template_class='' av_uid='' sc_version='1.0' admin_preview_bg=''][\/av_font_icon]\n<p><span style=\"color: #008000;\">El plazo de entrega oscila entre 5 y 10 d\u00edas laborables<\/span><\/p>\n[av_font_icon icon='ue812' font='entypo-fontello' style='' caption='' size='25px' position='left' color='#43ad66' link='' linktarget='' title_attr='' sonar_effect_effect='' sonar_effect_color='' sonar_effect_duration='1' sonar_effect_scale='' sonar_effect_opac='0.5' animation='' id='' custom_class='' template_class='' av_uid='' sc_version='1.0' admin_preview_bg=''][\/av_font_icon]\n<p><span style=\"color: #008000;\">2 a\u00f1os de garant\u00eda<\/span><\/p>\n<p>&nbsp;<\/p>\n","protected":false},"featured_media":72697,"comment_status":"open","ping_status":"closed","template":"","meta":[],"product_brand":[],"product_cat":[446],"product_tag":[],"class_list":{"0":"post-72785","1":"product","2":"type-product","3":"status-publish","4":"has-post-thumbnail","6":"product_cat-geen-categorie","8":"first","9":"outofstock","10":"taxable","11":"shipping-taxable","12":"purchasable","13":"product-type-simple"},"yoast_head":"<!-- This site is optimized with the Yoast SEO Premium plugin v27.1 (Yoast SEO v27.3) - https:\/\/yoast.com\/product\/yoast-seo-premium-wordpress\/ -->\n<title>Robot aspirador 8490 Ultimate - Veltec Kirby specialist<\/title>\n<meta name=\"description\" content=\"Robot aspirador 8490 Ultimate - Veltec es proveedor de aspiradoras Kirby desde hace m\u00e1s de 25 a\u00f1os. Kirby es su especialista de confianza.\" \/>\n<meta name=\"robots\" content=\"index, follow, max-snippet:-1, max-image-preview:large, max-video-preview:-1\" \/>\n<link rel=\"canonical\" href=\"https:\/\/www.veltec.eu\/es\/product\/robot-aspirador-8490-ultimate\/\" \/>\n<meta property=\"og:locale\" content=\"es_ES\" \/>\n<meta property=\"og:type\" content=\"article\" \/>\n<meta property=\"og:title\" content=\"Robot aspirador 8490 Ultimate\" \/>\n<meta property=\"og:description\" content=\"Robot aspirador 8490 Ultimate - Robot aspirador con tecnolog\u00eda de navegaci\u00f3n l\u00e1ser. Base autodrenante con 2,5 litros de capacidad. Limpieza 4 en 1: friega, aspira, pasa la mopa y barre. Potencia de succi\u00f3n de 7000 Pa. Hasta 170 minutos de autonom\u00eda. Incluye 2 cepillos centrales intercambiables: uno mixto y otro de silicona, \u00f3ptimo para pelos de mascotas. Mopa y 1 cepillo lateral. 4 niveles seleccionables de potencia de succi\u00f3n y fregado. Control APP y asistentes virtuales. En stock   El plazo de entrega oscila entre 5 y 10 d\u00edas laborables    2 a\u00f1os de garant\u00eda  &nbsp;\" \/>\n<meta property=\"og:url\" content=\"https:\/\/www.veltec.eu\/es\/product\/robot-aspirador-8490-ultimate\/\" \/>\n<meta property=\"og:site_name\" content=\"Veltec Kirby specialist\" \/>\n<meta property=\"article:publisher\" content=\"https:\/\/www.facebook.com\/Veltec-Kirby-Specialist-236746293374877\/\" \/>\n<meta property=\"article:modified_time\" content=\"2025-02-26T13:23:56+00:00\" \/>\n<meta property=\"og:image\" content=\"https:\/\/www.veltec.eu\/wp-content\/uploads\/2025\/01\/conga-8490-ultimate-ultra-power-home_pe223l_1.png\" \/>\n\t<meta property=\"og:image:width\" content=\"640\" \/>\n\t<meta property=\"og:image:height\" content=\"640\" \/>\n\t<meta property=\"og:image:type\" content=\"image\/png\" \/>\n<meta name=\"twitter:card\" content=\"summary_large_image\" \/>\n<meta name=\"twitter:label1\" content=\"Tiempo de lectura\" \/>\n\t<meta name=\"twitter:data1\" content=\"5 minutos\" \/>\n<script type=\"application\/ld+json\" class=\"yoast-schema-graph\">{\"@context\":\"https:\\\/\\\/schema.org\",\"@graph\":[{\"@type\":\"WebPage\",\"@id\":\"https:\\\/\\\/www.veltec.eu\\\/es\\\/product\\\/robot-aspirador-8490-ultimate\\\/\",\"url\":\"https:\\\/\\\/www.veltec.eu\\\/es\\\/product\\\/robot-aspirador-8490-ultimate\\\/\",\"name\":\"Robot aspirador 8490 Ultimate - Veltec Kirby specialist\",\"isPartOf\":{\"@id\":\"https:\\\/\\\/www.veltec.eu\\\/en\\\/#website\"},\"primaryImageOfPage\":{\"@id\":\"https:\\\/\\\/www.veltec.eu\\\/es\\\/product\\\/robot-aspirador-8490-ultimate\\\/#primaryimage\"},\"image\":{\"@id\":\"https:\\\/\\\/www.veltec.eu\\\/es\\\/product\\\/robot-aspirador-8490-ultimate\\\/#primaryimage\"},\"thumbnailUrl\":\"https:\\\/\\\/www.veltec.eu\\\/wp-content\\\/uploads\\\/2025\\\/01\\\/conga-8490-ultimate-ultra-power-home_pe223l_1.png\",\"datePublished\":\"2025-01-06T09:50:44+00:00\",\"dateModified\":\"2025-02-26T13:23:56+00:00\",\"description\":\"Robot aspirador 8490 Ultimate - Veltec es proveedor de aspiradoras Kirby desde hace m\u00e1s de 25 a\u00f1os. Kirby es su especialista de confianza.\",\"breadcrumb\":{\"@id\":\"https:\\\/\\\/www.veltec.eu\\\/es\\\/product\\\/robot-aspirador-8490-ultimate\\\/#breadcrumb\"},\"inLanguage\":\"es\",\"potentialAction\":[{\"@type\":\"ReadAction\",\"target\":[\"https:\\\/\\\/www.veltec.eu\\\/es\\\/product\\\/robot-aspirador-8490-ultimate\\\/\"]}]},{\"@type\":\"ImageObject\",\"inLanguage\":\"es\",\"@id\":\"https:\\\/\\\/www.veltec.eu\\\/es\\\/product\\\/robot-aspirador-8490-ultimate\\\/#primaryimage\",\"url\":\"https:\\\/\\\/www.veltec.eu\\\/wp-content\\\/uploads\\\/2025\\\/01\\\/conga-8490-ultimate-ultra-power-home_pe223l_1.png\",\"contentUrl\":\"https:\\\/\\\/www.veltec.eu\\\/wp-content\\\/uploads\\\/2025\\\/01\\\/conga-8490-ultimate-ultra-power-home_pe223l_1.png\",\"width\":640,\"height\":640},{\"@type\":\"BreadcrumbList\",\"@id\":\"https:\\\/\\\/www.veltec.eu\\\/es\\\/product\\\/robot-aspirador-8490-ultimate\\\/#breadcrumb\",\"itemListElement\":[{\"@type\":\"ListItem\",\"position\":1,\"name\":\"Home\",\"item\":\"https:\\\/\\\/www.veltec.eu\\\/es\\\/\"},{\"@type\":\"ListItem\",\"position\":2,\"name\":\"Produits\",\"item\":\"https:\\\/\\\/www.veltec.eu\\\/fr\\\/shop\\\/\"},{\"@type\":\"ListItem\",\"position\":3,\"name\":\"Robot aspirador 8490 Ultimate\"}]},{\"@type\":\"WebSite\",\"@id\":\"https:\\\/\\\/www.veltec.eu\\\/en\\\/#website\",\"url\":\"https:\\\/\\\/www.veltec.eu\\\/en\\\/\",\"name\":\"Veltec Kirby specialist\",\"description\":\"Kirby stofzuiger producten\",\"publisher\":{\"@id\":\"https:\\\/\\\/www.veltec.eu\\\/en\\\/#organization\"},\"potentialAction\":[{\"@type\":\"SearchAction\",\"target\":{\"@type\":\"EntryPoint\",\"urlTemplate\":\"https:\\\/\\\/www.veltec.eu\\\/en\\\/?s={search_term_string}\"},\"query-input\":{\"@type\":\"PropertyValueSpecification\",\"valueRequired\":true,\"valueName\":\"search_term_string\"}}],\"inLanguage\":\"es\"},{\"@type\":\"Organization\",\"@id\":\"https:\\\/\\\/www.veltec.eu\\\/en\\\/#organization\",\"name\":\"Veltec Kirby Specialist\",\"url\":\"https:\\\/\\\/www.veltec.eu\\\/en\\\/\",\"logo\":{\"@type\":\"ImageObject\",\"inLanguage\":\"es\",\"@id\":\"https:\\\/\\\/www.veltec.eu\\\/en\\\/#\\\/schema\\\/logo\\\/image\\\/\",\"url\":\"https:\\\/\\\/www.veltec.eu\\\/wp-content\\\/uploads\\\/2021\\\/12\\\/Veltec-log-groot-e1537260889125.png\",\"contentUrl\":\"https:\\\/\\\/www.veltec.eu\\\/wp-content\\\/uploads\\\/2021\\\/12\\\/Veltec-log-groot-e1537260889125.png\",\"width\":200,\"height\":60,\"caption\":\"Veltec Kirby Specialist\"},\"image\":{\"@id\":\"https:\\\/\\\/www.veltec.eu\\\/en\\\/#\\\/schema\\\/logo\\\/image\\\/\"},\"sameAs\":[\"https:\\\/\\\/www.facebook.com\\\/Veltec-Kirby-Specialist-236746293374877\\\/\",\"https:\\\/\\\/www.youtube.com\\\/user\\\/VeltecService\"]}]}<\/script>\n<!-- \/ Yoast SEO Premium plugin. -->","yoast_head_json":{"title":"Robot aspirador 8490 Ultimate - Veltec Kirby specialist","description":"Robot aspirador 8490 Ultimate - Veltec es proveedor de aspiradoras Kirby desde hace m\u00e1s de 25 a\u00f1os. Kirby es su especialista de confianza.","robots":{"index":"index","follow":"follow","max-snippet":"max-snippet:-1","max-image-preview":"max-image-preview:large","max-video-preview":"max-video-preview:-1"},"canonical":"https:\/\/www.veltec.eu\/es\/product\/robot-aspirador-8490-ultimate\/","og_locale":"es_ES","og_type":"article","og_title":"Robot aspirador 8490 Ultimate","og_description":"Robot aspirador 8490 Ultimate - Robot aspirador con tecnolog\u00eda de navegaci\u00f3n l\u00e1ser. Base autodrenante con 2,5 litros de capacidad. Limpieza 4 en 1: friega, aspira, pasa la mopa y barre. Potencia de succi\u00f3n de 7000 Pa. Hasta 170 minutos de autonom\u00eda. Incluye 2 cepillos centrales intercambiables: uno mixto y otro de silicona, \u00f3ptimo para pelos de mascotas. Mopa y 1 cepillo lateral. 4 niveles seleccionables de potencia de succi\u00f3n y fregado. Control APP y asistentes virtuales. En stock   El plazo de entrega oscila entre 5 y 10 d\u00edas laborables    2 a\u00f1os de garant\u00eda  &nbsp;","og_url":"https:\/\/www.veltec.eu\/es\/product\/robot-aspirador-8490-ultimate\/","og_site_name":"Veltec Kirby specialist","article_publisher":"https:\/\/www.facebook.com\/Veltec-Kirby-Specialist-236746293374877\/","article_modified_time":"2025-02-26T13:23:56+00:00","og_image":[{"width":640,"height":640,"url":"https:\/\/www.veltec.eu\/wp-content\/uploads\/2025\/01\/conga-8490-ultimate-ultra-power-home_pe223l_1.png","type":"image\/png"}],"twitter_card":"summary_large_image","twitter_misc":{"Tiempo de lectura":"5 minutos"},"schema":{"@context":"https:\/\/schema.org","@graph":[{"@type":"WebPage","@id":"https:\/\/www.veltec.eu\/es\/product\/robot-aspirador-8490-ultimate\/","url":"https:\/\/www.veltec.eu\/es\/product\/robot-aspirador-8490-ultimate\/","name":"Robot aspirador 8490 Ultimate - Veltec Kirby specialist","isPartOf":{"@id":"https:\/\/www.veltec.eu\/en\/#website"},"primaryImageOfPage":{"@id":"https:\/\/www.veltec.eu\/es\/product\/robot-aspirador-8490-ultimate\/#primaryimage"},"image":{"@id":"https:\/\/www.veltec.eu\/es\/product\/robot-aspirador-8490-ultimate\/#primaryimage"},"thumbnailUrl":"https:\/\/www.veltec.eu\/wp-content\/uploads\/2025\/01\/conga-8490-ultimate-ultra-power-home_pe223l_1.png","datePublished":"2025-01-06T09:50:44+00:00","dateModified":"2025-02-26T13:23:56+00:00","description":"Robot aspirador 8490 Ultimate - Veltec es proveedor de aspiradoras Kirby desde hace m\u00e1s de 25 a\u00f1os. Kirby es su especialista de confianza.","breadcrumb":{"@id":"https:\/\/www.veltec.eu\/es\/product\/robot-aspirador-8490-ultimate\/#breadcrumb"},"inLanguage":"es","potentialAction":[{"@type":"ReadAction","target":["https:\/\/www.veltec.eu\/es\/product\/robot-aspirador-8490-ultimate\/"]}]},{"@type":"ImageObject","inLanguage":"es","@id":"https:\/\/www.veltec.eu\/es\/product\/robot-aspirador-8490-ultimate\/#primaryimage","url":"https:\/\/www.veltec.eu\/wp-content\/uploads\/2025\/01\/conga-8490-ultimate-ultra-power-home_pe223l_1.png","contentUrl":"https:\/\/www.veltec.eu\/wp-content\/uploads\/2025\/01\/conga-8490-ultimate-ultra-power-home_pe223l_1.png","width":640,"height":640},{"@type":"BreadcrumbList","@id":"https:\/\/www.veltec.eu\/es\/product\/robot-aspirador-8490-ultimate\/#breadcrumb","itemListElement":[{"@type":"ListItem","position":1,"name":"Home","item":"https:\/\/www.veltec.eu\/es\/"},{"@type":"ListItem","position":2,"name":"Produits","item":"https:\/\/www.veltec.eu\/fr\/shop\/"},{"@type":"ListItem","position":3,"name":"Robot aspirador 8490 Ultimate"}]},{"@type":"WebSite","@id":"https:\/\/www.veltec.eu\/en\/#website","url":"https:\/\/www.veltec.eu\/en\/","name":"Veltec Kirby specialist","description":"Kirby stofzuiger producten","publisher":{"@id":"https:\/\/www.veltec.eu\/en\/#organization"},"potentialAction":[{"@type":"SearchAction","target":{"@type":"EntryPoint","urlTemplate":"https:\/\/www.veltec.eu\/en\/?s={search_term_string}"},"query-input":{"@type":"PropertyValueSpecification","valueRequired":true,"valueName":"search_term_string"}}],"inLanguage":"es"},{"@type":"Organization","@id":"https:\/\/www.veltec.eu\/en\/#organization","name":"Veltec Kirby Specialist","url":"https:\/\/www.veltec.eu\/en\/","logo":{"@type":"ImageObject","inLanguage":"es","@id":"https:\/\/www.veltec.eu\/en\/#\/schema\/logo\/image\/","url":"https:\/\/www.veltec.eu\/wp-content\/uploads\/2021\/12\/Veltec-log-groot-e1537260889125.png","contentUrl":"https:\/\/www.veltec.eu\/wp-content\/uploads\/2021\/12\/Veltec-log-groot-e1537260889125.png","width":200,"height":60,"caption":"Veltec Kirby Specialist"},"image":{"@id":"https:\/\/www.veltec.eu\/en\/#\/schema\/logo\/image\/"},"sameAs":["https:\/\/www.facebook.com\/Veltec-Kirby-Specialist-236746293374877\/","https:\/\/www.youtube.com\/user\/VeltecService"]}]}},"_links":{"self":[{"href":"https:\/\/www.veltec.eu\/es\/wp-json\/wp\/v2\/product\/72785","targetHints":{"allow":["GET"]}}],"collection":[{"href":"https:\/\/www.veltec.eu\/es\/wp-json\/wp\/v2\/product"}],"about":[{"href":"https:\/\/www.veltec.eu\/es\/wp-json\/wp\/v2\/types\/product"}],"replies":[{"embeddable":true,"href":"https:\/\/www.veltec.eu\/es\/wp-json\/wp\/v2\/comments?post=72785"}],"wp:featuredmedia":[{"embeddable":true,"href":"https:\/\/www.veltec.eu\/es\/wp-json\/wp\/v2\/media\/72697"}],"wp:attachment":[{"href":"https:\/\/www.veltec.eu\/es\/wp-json\/wp\/v2\/media?parent=72785"}],"wp:term":[{"taxonomy":"product_brand","embeddable":true,"href":"https:\/\/www.veltec.eu\/es\/wp-json\/wp\/v2\/product_brand?post=72785"},{"taxonomy":"product_cat","embeddable":true,"href":"https:\/\/www.veltec.eu\/es\/wp-json\/wp\/v2\/product_cat?post=72785"},{"taxonomy":"product_tag","embeddable":true,"href":"https:\/\/www.veltec.eu\/es\/wp-json\/wp\/v2\/product_tag?post=72785"}],"curies":[{"name":"wp","href":"https:\/\/api.w.org\/{rel}","templated":true}]}}