{"id":71983,"date":"2024-12-19T10:37:45","date_gmt":"2024-12-19T08:37:45","guid":{"rendered":"https:\/\/www.veltec.eu\/product\/conga-10090-ai-spin-revolution-lifestyle\/"},"modified":"2025-06-11T14:28:36","modified_gmt":"2025-06-11T12:28:36","slug":"robot-aspirador-10090-ai-spin","status":"publish","type":"product","link":"https:\/\/www.veltec.eu\/es\/product\/robot-aspirador-10090-ai-spin\/","title":{"rendered":"Robot aspirador 10090 AI Spin"},"content":{"rendered":"<h1>Robot aspirador 10090 AI Spin<\/h1>\n<p>Robot aspirador 10090 AI Spin con inteligencia artificial, navegaci\u00f3n l\u00e1ser y base autodrenante del polvo.<\/p>\n<p><a href=\"\/nl?product_cat=robots-aspirador\">Encuentre todos los Robots aspiradores aqu\u00ed<\/a><\/p>\n<h2>Robot aspirador 10090 AI Spin: La soluci\u00f3n de limpieza m\u00e1s inteligente y potente<\/h2>\n<p>\u00bfBusca la soluci\u00f3n de limpieza definitiva que le quite semanas de encima? El Robot aspirador 10090 AI Spin ofrece una avanzada combinaci\u00f3n de inteligencia artificial, navegaci\u00f3n l\u00e1ser y una base autodrenante del polvo. Con este robot, disfrutar\u00e1 en su hogar de una limpieza eficaz, minuciosa y sin esfuerzo.<\/p>\n<h3>Semanas de olvido del polvo<\/h3>\n<p>Gracias a la base antipolvo autodrenante con bolsa higi\u00e9nica de 3 litros, no tendr\u00e1 que preocuparse de vaciar el cubo del polvo durante semanas. El robot descarga autom\u00e1ticamente el polvo, lo que significa que tendr\u00e1 que realizar mucho menos mantenimiento. Esto hace que el Robot Aspirador 10090 AI Spin sea ideal para hogares ocupados que desean un entorno limpio sin intervenci\u00f3n diaria.<\/p>\n<h3>Inteligencia artificial para una limpieza inteligente<\/h3>\n<p>El chip de inteligencia artificial de este robot aspirador le permite detectar y evitar con precisi\u00f3n objetos, grandes y peque\u00f1os. Como resultado, limpia con la m\u00e1xima precisi\u00f3n, incluso en entornos desordenados. Gracias a esta innovadora tecnolog\u00eda, las colisiones y los atascos se reducen al m\u00ednimo.<\/p>\n<h3>Funci\u00f3n de fregado profesional con mopas giratorias<\/h3>\n<p>Para una limpieza profunda y minuciosa, el Robot aspirador 10090 AI Spin incorpora mopas giratorias que ejercen presi\u00f3n sobre el suelo. Esto la hace ideal para eliminar la suciedad m\u00e1s resistente. Para obtener mejores resultados, se recomienda mojar las mopas previamente.<\/p>\n<h3>10.000 Pa: potencia de succi\u00f3n extrema<\/h3>\n<p>Con un potente motor que proporciona 10.000 Pa de succi\u00f3n, este robot aspirador puede recoger sin esfuerzo el polvo, el pelo y otros residuos. Tanto si tiene suelos duros como alfombras altas, este aspirador proporciona una limpieza profunda en cualquier superficie.<\/p>\n<h3>Gran alcance: hasta 240 m2 sin parar<\/h3>\n<p>Gracias a su bater\u00eda de 5200 mAh, el robot aspirador puede aspirar hasta 240 minutos y fregar durante 200 minutos, lo que lo hace perfecto para hogares grandes. Limpia sin interrupci\u00f3n, garantizando un espacio vital completamente limpio.<\/p>\n<h3>Robot aspirador 10090 AI Spin con navegaci\u00f3n l\u00e1ser para una limpieza precisa<\/h3>\n<p>El robot utiliza tecnolog\u00eda l\u00e1ser avanzada para crear un mapa detallado de su hogar. Como resultado, navega con extrema precisi\u00f3n y no se pierde ni un solo rinc\u00f3n. Este sistema funciona incluso en la oscuridad, por lo que la limpieza siempre contin\u00faa.<\/p>\n<h3>Control total con la App 3.0<\/h3>\n<p>Con la App 3.0, puede f\u00e1cilmente:<\/p>\n<ul>\n<li>Establecer horarios de limpieza<\/li>\n<li>Seleccionar \u00e1reas espec\u00edficas<\/li>\n<li>Evitar ciertas zonas<\/li>\n<li>Establecer el modo de limpieza por habitaci\u00f3n<\/li>\n<\/ul>\n<p>Est\u00e9 donde est\u00e9, siempre tendr\u00e1 el control total sobre la limpieza de su hogar.<\/p>\n<h3>Detecci\u00f3n ultras\u00f3nica de alfombras para una limpieza optimizada<\/h3>\n<p>El Robot Aspirador 10090 AI Spin reconoce autom\u00e1ticamente las alfombras. En modo aspiraci\u00f3n, aumenta inmediatamente su potencia de succi\u00f3n para una limpieza en profundidad. En modo fregado, evita las alfombras para que no se mojen. Esto la hace especialmente inteligente y eficaz.<\/p>\n<h3>Cepillo central de silicona: ideal para mascotas<\/h3>\n<p>Gracias a su dise\u00f1o de silicona, el cepillo central evita que el pelo se enrede. Esto lo hace perfecto para hogares con mascotas. Las cuchillas flexibles ayudan a aflojar y recoger la suciedad en todo tipo de suelos.<\/p>\n<h3>Limpieza multifuncional: aspirar, fregar y barrer<\/h3>\n<p>Este robot aspirador combina cuatro funciones en un solo aparato:<\/p>\n<ul>\n<li>Aspirar<\/li>\n<li>Pasar la mopa<\/li>\n<li>Fregado<\/li>\n<li>Barrer<\/li>\n<\/ul>\n<p>Puede realizar estas funciones por separado o simult\u00e1neamente, garantizando una limpieza eficaz y ahorrando tiempo.<\/p>\n<h3>Total Surface 3.0: Siempre una limpieza completa<\/h3>\n<p>Con la tecnolog\u00eda Total Surface 3.0, el Robot Aspirador 10090 AI Spin garantiza una limpieza completa. Cuando la bater\u00eda est\u00e1 baja, vuelve autom\u00e1ticamente a su base, se recarga y luego reanuda la limpieza exactamente desde donde la dej\u00f3. As\u00ed, su hogar permanecer\u00e1 siempre perfectamente limpio.<\/p>\n<h3>\u00bfPor qu\u00e9 elegir el Robot Aspirador 10090 AI Spin?<\/h3>\n<ul>\n<li>Base autodrenante del polvo: no necesita mantenimiento durante semanas<\/li>\n<li>Navegaci\u00f3n controlada por IA: inteligente y eficiente<\/li>\n<li>Mopas giratorias para un fregado profesional<\/li>\n<li>Aspiraci\u00f3n extremadamente potente de 10.000 Pa<\/li>\n<li>Bater\u00eda de larga duraci\u00f3n para grandes hogares<\/li>\n<li>Navegaci\u00f3n l\u00e1ser precisa, incluso en la oscuridad<\/li>\n<li>App de control para una limpieza personalizada<\/li>\n<li>Admite mascotas gracias a su cepillo de silicona<\/li>\n<li>Detecta y evita las alfombras mientras friega<\/li>\n<li>Siempre una limpieza completa con Total Surface 3.0<\/li>\n<\/ul>\n<p>Con el Robot Aspirador 10090 AI Spin, tendr\u00e1s en tu hogar un compa\u00f1ero de limpieza inteligente, potente y de bajo mantenimiento. \u00a1Disfrute de un hogar m\u00e1s limpio y saludable sin ning\u00fan esfuerzo!<\/p>\n<h4>Composici\u00f3n<\/h4>\n<ul>\n<li>Robot aspirador<\/li>\n<li>Base autovaciante<\/li>\n<li>3 bolsas higi\u00e9nicas para el polvo<\/li>\n<li>1 cepillo lateral<\/li>\n<li>Cepillo autolimpiante<\/li>\n<li>Cepillo de silicona<\/li>\n<li>Recipiente para mezclas<\/li>\n<li>Filtro de alta eficacia<\/li>\n<li>Manual de instrucciones<\/li>\n<li>2 paquetes de cepillos giratorios<\/li>\n<\/ul>\n","protected":false},"excerpt":{"rendered":"<p>Robot aspirador 10090 AI Spin con inteligencia artificial, navegaci\u00f3n l\u00e1ser y base autodrenante. Inteligencia artificial, evita objetos. 4 en 1: friega, aspira, pasa la mopa y barre. Potencia de succi\u00f3n de 10.000 Pa. Hasta 240 minutos de autonom\u00eda. Fregado profesional con mopas giratorias. Cepillo de silicona, ideal para pelo de animales. 1 cepillo lateral. 4 niveles de potencia de aspiraci\u00f3n y fregado. Control APP Cecotec y asistentes virtuales.<\/p>\n<h3><span style=\"color: #008000;\">En stock<\/span><\/h3>\n[av_font_icon icon='ue812' font='entypo-fontello' style='' caption='' size='25px' position='left' color='#43ad66' link='' linktarget='' title_attr='' sonar_effect_effect='' sonar_effect_color='' sonar_effect_duration='1' sonar_effect_scale='' sonar_effect_opac='0.5' animation='' id='' custom_class='' template_class='' av_uid='' sc_version='1.0' admin_preview_bg=''][\/av_font_icon]\n<p><span style=\"color: #008000;\">El plazo de entrega oscila entre 5 y 10 d\u00edas laborables<\/span><\/p>\n[av_font_icon icon='ue812' font='entypo-fontello' style='' caption='' size='25px' position='left' color='#43ad66' link='' linktarget='' title_attr='' sonar_effect_effect='' sonar_effect_color='' sonar_effect_duration='1' sonar_effect_scale='' sonar_effect_opac='0.5' animation='' id='' custom_class='' template_class='' av_uid='' sc_version='1.0' admin_preview_bg=''][\/av_font_icon]\n<p><span style=\"color: #008000;\">2 a\u00f1os de garant\u00eda<\/span><\/p>\n<p>&nbsp;<\/p>\n","protected":false},"featured_media":71905,"comment_status":"open","ping_status":"closed","template":"","meta":[],"product_brand":[],"product_cat":[446],"product_tag":[],"class_list":{"0":"post-71983","1":"product","2":"type-product","3":"status-publish","4":"has-post-thumbnail","6":"product_cat-geen-categorie","8":"first","9":"instock","10":"sale","11":"taxable","12":"shipping-taxable","13":"purchasable","14":"product-type-simple"},"yoast_head":"<!-- This site is optimized with the Yoast SEO Premium plugin v27.1 (Yoast SEO v27.4) - https:\/\/yoast.com\/product\/yoast-seo-premium-wordpress\/ -->\n<title>Robot aspirador 10090 AI Spin - Veltec Kirby specialist<\/title>\n<meta name=\"description\" content=\"Robot aspirador 10090 AI Spin - Veltec es proveedor de aspiradoras Kirby desde hace m\u00e1s de 25 a\u00f1os. Kirby es su especialista de confianza.\" \/>\n<meta name=\"robots\" content=\"index, follow, max-snippet:-1, max-image-preview:large, max-video-preview:-1\" \/>\n<link rel=\"canonical\" href=\"https:\/\/www.veltec.eu\/es\/product\/robot-aspirador-10090-ai-spin\/\" \/>\n<meta property=\"og:locale\" content=\"es_ES\" \/>\n<meta property=\"og:type\" content=\"article\" \/>\n<meta property=\"og:title\" content=\"Robot aspirador 10090 AI Spin\" \/>\n<meta property=\"og:description\" content=\"Robot aspirador 10090 AI Spin con inteligencia artificial, navegaci\u00f3n l\u00e1ser y base autodrenante. Inteligencia artificial, evita objetos. 4 en 1: friega, aspira, pasa la mopa y barre. Potencia de succi\u00f3n de 10.000 Pa. Hasta 240 minutos de autonom\u00eda. Fregado profesional con mopas giratorias. Cepillo de silicona, ideal para pelo de animales. 1 cepillo lateral. 4 niveles de potencia de aspiraci\u00f3n y fregado. Control APP Cecotec y asistentes virtuales. En stock   El plazo de entrega oscila entre 5 y 10 d\u00edas laborables    2 a\u00f1os de garant\u00eda  &nbsp;\" \/>\n<meta property=\"og:url\" content=\"https:\/\/www.veltec.eu\/es\/product\/robot-aspirador-10090-ai-spin\/\" \/>\n<meta property=\"og:site_name\" content=\"Veltec Kirby specialist\" \/>\n<meta property=\"article:publisher\" content=\"https:\/\/www.facebook.com\/Veltec-Kirby-Specialist-236746293374877\/\" \/>\n<meta property=\"article:modified_time\" content=\"2025-06-11T12:28:36+00:00\" \/>\n<meta property=\"og:image\" content=\"https:\/\/www.veltec.eu\/wp-content\/uploads\/2024\/12\/conga-10090-ai-spin-revolution-ultra-power-home-lifestyle_lt9632_1.png\" \/>\n\t<meta property=\"og:image:width\" content=\"640\" \/>\n\t<meta property=\"og:image:height\" content=\"640\" \/>\n\t<meta property=\"og:image:type\" content=\"image\/png\" \/>\n<meta name=\"twitter:card\" content=\"summary_large_image\" \/>\n<meta name=\"twitter:label1\" content=\"Tiempo de lectura\" \/>\n\t<meta name=\"twitter:data1\" content=\"4 minutos\" \/>\n<script type=\"application\/ld+json\" class=\"yoast-schema-graph\">{\"@context\":\"https:\\\/\\\/schema.org\",\"@graph\":[{\"@type\":\"WebPage\",\"@id\":\"https:\\\/\\\/www.veltec.eu\\\/es\\\/product\\\/robot-aspirador-10090-ai-spin\\\/\",\"url\":\"https:\\\/\\\/www.veltec.eu\\\/es\\\/product\\\/robot-aspirador-10090-ai-spin\\\/\",\"name\":\"Robot aspirador 10090 AI Spin - Veltec Kirby specialist\",\"isPartOf\":{\"@id\":\"https:\\\/\\\/www.veltec.eu\\\/en\\\/#website\"},\"primaryImageOfPage\":{\"@id\":\"https:\\\/\\\/www.veltec.eu\\\/es\\\/product\\\/robot-aspirador-10090-ai-spin\\\/#primaryimage\"},\"image\":{\"@id\":\"https:\\\/\\\/www.veltec.eu\\\/es\\\/product\\\/robot-aspirador-10090-ai-spin\\\/#primaryimage\"},\"thumbnailUrl\":\"https:\\\/\\\/www.veltec.eu\\\/wp-content\\\/uploads\\\/2024\\\/12\\\/conga-10090-ai-spin-revolution-ultra-power-home-lifestyle_lt9632_1.png\",\"datePublished\":\"2024-12-19T08:37:45+00:00\",\"dateModified\":\"2025-06-11T12:28:36+00:00\",\"description\":\"Robot aspirador 10090 AI Spin - Veltec es proveedor de aspiradoras Kirby desde hace m\u00e1s de 25 a\u00f1os. Kirby es su especialista de confianza.\",\"breadcrumb\":{\"@id\":\"https:\\\/\\\/www.veltec.eu\\\/es\\\/product\\\/robot-aspirador-10090-ai-spin\\\/#breadcrumb\"},\"inLanguage\":\"es\",\"potentialAction\":[{\"@type\":\"ReadAction\",\"target\":[\"https:\\\/\\\/www.veltec.eu\\\/es\\\/product\\\/robot-aspirador-10090-ai-spin\\\/\"]}]},{\"@type\":\"ImageObject\",\"inLanguage\":\"es\",\"@id\":\"https:\\\/\\\/www.veltec.eu\\\/es\\\/product\\\/robot-aspirador-10090-ai-spin\\\/#primaryimage\",\"url\":\"https:\\\/\\\/www.veltec.eu\\\/wp-content\\\/uploads\\\/2024\\\/12\\\/conga-10090-ai-spin-revolution-ultra-power-home-lifestyle_lt9632_1.png\",\"contentUrl\":\"https:\\\/\\\/www.veltec.eu\\\/wp-content\\\/uploads\\\/2024\\\/12\\\/conga-10090-ai-spin-revolution-ultra-power-home-lifestyle_lt9632_1.png\",\"width\":640,\"height\":640},{\"@type\":\"BreadcrumbList\",\"@id\":\"https:\\\/\\\/www.veltec.eu\\\/es\\\/product\\\/robot-aspirador-10090-ai-spin\\\/#breadcrumb\",\"itemListElement\":[{\"@type\":\"ListItem\",\"position\":1,\"name\":\"Home\",\"item\":\"https:\\\/\\\/www.veltec.eu\\\/es\\\/\"},{\"@type\":\"ListItem\",\"position\":2,\"name\":\"Produits\",\"item\":\"https:\\\/\\\/www.veltec.eu\\\/fr\\\/shop\\\/\"},{\"@type\":\"ListItem\",\"position\":3,\"name\":\"Robot aspirador 10090 AI Spin\"}]},{\"@type\":\"WebSite\",\"@id\":\"https:\\\/\\\/www.veltec.eu\\\/en\\\/#website\",\"url\":\"https:\\\/\\\/www.veltec.eu\\\/en\\\/\",\"name\":\"Veltec Kirby specialist\",\"description\":\"Kirby stofzuiger producten\",\"publisher\":{\"@id\":\"https:\\\/\\\/www.veltec.eu\\\/en\\\/#organization\"},\"potentialAction\":[{\"@type\":\"SearchAction\",\"target\":{\"@type\":\"EntryPoint\",\"urlTemplate\":\"https:\\\/\\\/www.veltec.eu\\\/en\\\/?s={search_term_string}\"},\"query-input\":{\"@type\":\"PropertyValueSpecification\",\"valueRequired\":true,\"valueName\":\"search_term_string\"}}],\"inLanguage\":\"es\"},{\"@type\":\"Organization\",\"@id\":\"https:\\\/\\\/www.veltec.eu\\\/en\\\/#organization\",\"name\":\"Veltec Kirby Specialist\",\"url\":\"https:\\\/\\\/www.veltec.eu\\\/en\\\/\",\"logo\":{\"@type\":\"ImageObject\",\"inLanguage\":\"es\",\"@id\":\"https:\\\/\\\/www.veltec.eu\\\/en\\\/#\\\/schema\\\/logo\\\/image\\\/\",\"url\":\"https:\\\/\\\/www.veltec.eu\\\/wp-content\\\/uploads\\\/2021\\\/12\\\/Veltec-log-groot-e1537260889125.png\",\"contentUrl\":\"https:\\\/\\\/www.veltec.eu\\\/wp-content\\\/uploads\\\/2021\\\/12\\\/Veltec-log-groot-e1537260889125.png\",\"width\":200,\"height\":60,\"caption\":\"Veltec Kirby Specialist\"},\"image\":{\"@id\":\"https:\\\/\\\/www.veltec.eu\\\/en\\\/#\\\/schema\\\/logo\\\/image\\\/\"},\"sameAs\":[\"https:\\\/\\\/www.facebook.com\\\/Veltec-Kirby-Specialist-236746293374877\\\/\",\"https:\\\/\\\/www.youtube.com\\\/user\\\/VeltecService\"]}]}<\/script>\n<!-- \/ Yoast SEO Premium plugin. -->","yoast_head_json":{"title":"Robot aspirador 10090 AI Spin - Veltec Kirby specialist","description":"Robot aspirador 10090 AI Spin - Veltec es proveedor de aspiradoras Kirby desde hace m\u00e1s de 25 a\u00f1os. Kirby es su especialista de confianza.","robots":{"index":"index","follow":"follow","max-snippet":"max-snippet:-1","max-image-preview":"max-image-preview:large","max-video-preview":"max-video-preview:-1"},"canonical":"https:\/\/www.veltec.eu\/es\/product\/robot-aspirador-10090-ai-spin\/","og_locale":"es_ES","og_type":"article","og_title":"Robot aspirador 10090 AI Spin","og_description":"Robot aspirador 10090 AI Spin con inteligencia artificial, navegaci\u00f3n l\u00e1ser y base autodrenante. Inteligencia artificial, evita objetos. 4 en 1: friega, aspira, pasa la mopa y barre. Potencia de succi\u00f3n de 10.000 Pa. Hasta 240 minutos de autonom\u00eda. Fregado profesional con mopas giratorias. Cepillo de silicona, ideal para pelo de animales. 1 cepillo lateral. 4 niveles de potencia de aspiraci\u00f3n y fregado. Control APP Cecotec y asistentes virtuales. En stock   El plazo de entrega oscila entre 5 y 10 d\u00edas laborables    2 a\u00f1os de garant\u00eda  &nbsp;","og_url":"https:\/\/www.veltec.eu\/es\/product\/robot-aspirador-10090-ai-spin\/","og_site_name":"Veltec Kirby specialist","article_publisher":"https:\/\/www.facebook.com\/Veltec-Kirby-Specialist-236746293374877\/","article_modified_time":"2025-06-11T12:28:36+00:00","og_image":[{"width":640,"height":640,"url":"https:\/\/www.veltec.eu\/wp-content\/uploads\/2024\/12\/conga-10090-ai-spin-revolution-ultra-power-home-lifestyle_lt9632_1.png","type":"image\/png"}],"twitter_card":"summary_large_image","twitter_misc":{"Tiempo de lectura":"4 minutos"},"schema":{"@context":"https:\/\/schema.org","@graph":[{"@type":"WebPage","@id":"https:\/\/www.veltec.eu\/es\/product\/robot-aspirador-10090-ai-spin\/","url":"https:\/\/www.veltec.eu\/es\/product\/robot-aspirador-10090-ai-spin\/","name":"Robot aspirador 10090 AI Spin - Veltec Kirby specialist","isPartOf":{"@id":"https:\/\/www.veltec.eu\/en\/#website"},"primaryImageOfPage":{"@id":"https:\/\/www.veltec.eu\/es\/product\/robot-aspirador-10090-ai-spin\/#primaryimage"},"image":{"@id":"https:\/\/www.veltec.eu\/es\/product\/robot-aspirador-10090-ai-spin\/#primaryimage"},"thumbnailUrl":"https:\/\/www.veltec.eu\/wp-content\/uploads\/2024\/12\/conga-10090-ai-spin-revolution-ultra-power-home-lifestyle_lt9632_1.png","datePublished":"2024-12-19T08:37:45+00:00","dateModified":"2025-06-11T12:28:36+00:00","description":"Robot aspirador 10090 AI Spin - Veltec es proveedor de aspiradoras Kirby desde hace m\u00e1s de 25 a\u00f1os. Kirby es su especialista de confianza.","breadcrumb":{"@id":"https:\/\/www.veltec.eu\/es\/product\/robot-aspirador-10090-ai-spin\/#breadcrumb"},"inLanguage":"es","potentialAction":[{"@type":"ReadAction","target":["https:\/\/www.veltec.eu\/es\/product\/robot-aspirador-10090-ai-spin\/"]}]},{"@type":"ImageObject","inLanguage":"es","@id":"https:\/\/www.veltec.eu\/es\/product\/robot-aspirador-10090-ai-spin\/#primaryimage","url":"https:\/\/www.veltec.eu\/wp-content\/uploads\/2024\/12\/conga-10090-ai-spin-revolution-ultra-power-home-lifestyle_lt9632_1.png","contentUrl":"https:\/\/www.veltec.eu\/wp-content\/uploads\/2024\/12\/conga-10090-ai-spin-revolution-ultra-power-home-lifestyle_lt9632_1.png","width":640,"height":640},{"@type":"BreadcrumbList","@id":"https:\/\/www.veltec.eu\/es\/product\/robot-aspirador-10090-ai-spin\/#breadcrumb","itemListElement":[{"@type":"ListItem","position":1,"name":"Home","item":"https:\/\/www.veltec.eu\/es\/"},{"@type":"ListItem","position":2,"name":"Produits","item":"https:\/\/www.veltec.eu\/fr\/shop\/"},{"@type":"ListItem","position":3,"name":"Robot aspirador 10090 AI Spin"}]},{"@type":"WebSite","@id":"https:\/\/www.veltec.eu\/en\/#website","url":"https:\/\/www.veltec.eu\/en\/","name":"Veltec Kirby specialist","description":"Kirby stofzuiger producten","publisher":{"@id":"https:\/\/www.veltec.eu\/en\/#organization"},"potentialAction":[{"@type":"SearchAction","target":{"@type":"EntryPoint","urlTemplate":"https:\/\/www.veltec.eu\/en\/?s={search_term_string}"},"query-input":{"@type":"PropertyValueSpecification","valueRequired":true,"valueName":"search_term_string"}}],"inLanguage":"es"},{"@type":"Organization","@id":"https:\/\/www.veltec.eu\/en\/#organization","name":"Veltec Kirby Specialist","url":"https:\/\/www.veltec.eu\/en\/","logo":{"@type":"ImageObject","inLanguage":"es","@id":"https:\/\/www.veltec.eu\/en\/#\/schema\/logo\/image\/","url":"https:\/\/www.veltec.eu\/wp-content\/uploads\/2021\/12\/Veltec-log-groot-e1537260889125.png","contentUrl":"https:\/\/www.veltec.eu\/wp-content\/uploads\/2021\/12\/Veltec-log-groot-e1537260889125.png","width":200,"height":60,"caption":"Veltec Kirby Specialist"},"image":{"@id":"https:\/\/www.veltec.eu\/en\/#\/schema\/logo\/image\/"},"sameAs":["https:\/\/www.facebook.com\/Veltec-Kirby-Specialist-236746293374877\/","https:\/\/www.youtube.com\/user\/VeltecService"]}]}},"_links":{"self":[{"href":"https:\/\/www.veltec.eu\/es\/wp-json\/wp\/v2\/product\/71983","targetHints":{"allow":["GET"]}}],"collection":[{"href":"https:\/\/www.veltec.eu\/es\/wp-json\/wp\/v2\/product"}],"about":[{"href":"https:\/\/www.veltec.eu\/es\/wp-json\/wp\/v2\/types\/product"}],"replies":[{"embeddable":true,"href":"https:\/\/www.veltec.eu\/es\/wp-json\/wp\/v2\/comments?post=71983"}],"wp:featuredmedia":[{"embeddable":true,"href":"https:\/\/www.veltec.eu\/es\/wp-json\/wp\/v2\/media\/71905"}],"wp:attachment":[{"href":"https:\/\/www.veltec.eu\/es\/wp-json\/wp\/v2\/media?parent=71983"}],"wp:term":[{"taxonomy":"product_brand","embeddable":true,"href":"https:\/\/www.veltec.eu\/es\/wp-json\/wp\/v2\/product_brand?post=71983"},{"taxonomy":"product_cat","embeddable":true,"href":"https:\/\/www.veltec.eu\/es\/wp-json\/wp\/v2\/product_cat?post=71983"},{"taxonomy":"product_tag","embeddable":true,"href":"https:\/\/www.veltec.eu\/es\/wp-json\/wp\/v2\/product_tag?post=71983"}],"curies":[{"name":"wp","href":"https:\/\/api.w.org\/{rel}","templated":true}]}}