{"id":70655,"date":"2024-11-26T15:13:06","date_gmt":"2024-11-26T13:13:06","guid":{"rendered":"https:\/\/www.veltec.eu\/product\/conga-4000-matras\/"},"modified":"2025-03-03T17:59:00","modified_gmt":"2025-03-03T15:59:00","slug":"limpiador-de-colchones-4000","status":"publish","type":"product","link":"https:\/\/www.veltec.eu\/es\/product\/limpiador-de-colchones-4000\/","title":{"rendered":"Limpiador de colchones 4000"},"content":{"rendered":"<h1>Limpiador de colchones 4000<\/h1>\n<p>Limpiador de colchones 4000 &#8211; Limpiador de colchones y tapicer\u00edas.<\/p>\n<p><a href=\"\/nl?product_cat=limpiador-de-colchones-es\">Encuentre aqu\u00ed todos los limpiadores de colchones<\/a><\/p>\n<h2>Limpiador de colchones 4000 &#8211; La soluci\u00f3n definitiva para un colch\u00f3n higi\u00e9nicamente limpio<\/h2>\n<p>Un colch\u00f3n limpio es esencial para una noche de sue\u00f1o saludable. Con el Limpiador de colchones 4000, limpiar\u00e1 sus colchones y tapicer\u00edas de forma f\u00e1cil y eficaz, para que pueda disfrutar de un entorno de descanso fresco e higi\u00e9nico sin preocupaciones. Gracias a sus avanzadas tecnolog\u00edas y su potente rendimiento, este limpiador de colchones elimina sin esfuerzo las bacterias, los \u00e1caros del polvo y los al\u00e9rgenos.<\/p>\n<h3>Limpieza potente con tecnolog\u00eda ForceSonic<\/h3>\n<p>El Limpiador de colchones 4000 est\u00e1 equipado con la innovadora tecnolog\u00eda ForceSonic, que proporciona una potencia m\u00e1xima de 400 W. Esto garantiza una potente succi\u00f3n que elimina eficazmente toda la suciedad y el polvo. Con una impresionante potencia de succi\u00f3n de 13 kPa, el limpiador de colchones absorbe sin esfuerzo los \u00e1caros, el polvo y dem\u00e1s suciedad, manteniendo su colch\u00f3n limpio y fresco.<\/p>\n<h3>Elimina el 99,9% de las bacterias con tecnolog\u00eda de luz ultravioleta V-C<\/h3>\n<p>Una de las mayores ventajas del limpiador de colchones 4000 es su tecnolog\u00eda de luz ultravioleta V-C. Esta luz ultravioleta especial elimina hasta el 99,9% de todas las bacterias, limpiando en profundidad sus colchones y tapicer\u00edas. Esta caracter\u00edstica es ideal para personas con alergias o piel sensible, ya que ayuda a eliminar los g\u00e9rmenes y al\u00e9rgenos invisibles.<\/p>\n<div id=\"technical-details\" class=\"css-0 egxb0x40\">\n<div class=\"css-1vrowg6\">\n<h3>Desinfecci\u00f3n profunda gracias a la tecnolog\u00eda de aire caliente Heat Tech<\/h3>\n<p>Adem\u00e1s de la luz UV, el Limpiador de colchones 4000 tambi\u00e9n ofrece la tecnolog\u00eda de aire caliente Heat Tech. Esta tecnolog\u00eda garantiza que el aire caliente elimine eficazmente las bacterias y los \u00e1caros del polvo y desinfecte la superficie. Esto significa que sus colchones y tapicer\u00edas no s\u00f3lo se mantienen limpios, sino tambi\u00e9n completamente higi\u00e9nicos.<\/p>\n<h3>Eliminaci\u00f3n de al\u00e9rgenos con el cepillo Power Brush<\/h3>\n<p>Gracias al Power Brush motorizado con cepillos de aluminio y silicona, eliminar\u00e1 sin esfuerzo todo tipo de al\u00e9rgenos. Este cepillo est\u00e1 especialmente dise\u00f1ado para aflojar y recoger la suciedad en un solo movimiento, haciendo que su limpieza sea m\u00e1s r\u00e1pida y eficaz. Esto convierte al Limpiador de colchones 4000 en la elecci\u00f3n perfecta para personas con alergias o problemas respiratorios.<\/p>\n<h3>Gran alcance y facilidad de uso<\/h3>\n<p>El cable XXL de 5 metros le proporciona un amplio radio de acci\u00f3n, facilitando la limpieza de sus colchones y tapicer\u00edas sin restricciones. Gracias a su dise\u00f1o ligero y ergon\u00f3mico, el limpiador de colchones se adapta c\u00f3modamente a la mano y es f\u00e1cil de manejar. As\u00ed podr\u00e1 llegar a los lugares m\u00e1s dif\u00edciles sin esfuerzo.<\/p>\n<h3>Doble dep\u00f3sito de 0,5 litros para una recogida eficaz<\/h3>\n<p>El Limpiador de colchones 400 dispone de un dep\u00f3sito doble de 0,5 litros, que recoge la suciedad y el polvo por separado. As\u00ed se evitan atascos y el sistema de filtrado funciona de forma \u00f3ptima. De este modo, el limpiador de colchones se mantiene en perfectas condiciones durante m\u00e1s tiempo y usted disfruta de una limpieza constante.<\/p>\n<h3>Limpiador de colchones 4000 con tecnolog\u00eda Cyclonic System prolonga la vida \u00fatil<\/h3>\n<p>Gracias a la tecnolog\u00eda Cyclonic System, el limpiador de colchones funciona sin bolsa recogepolvo, lo que no s\u00f3lo es m\u00e1s eficaz, sino que tambi\u00e9n alarga la vida \u00fatil del aparato. Este avanzado sistema garantiza una potencia de succi\u00f3n potente y duradera, lo que le permite disfrutar de a\u00f1os de limpieza a fondo sin perder rendimiento.<\/p>\n<h3>Disfrute de una fragancia fresca mientras limpia<\/h3>\n<p>Para que la limpieza sea a\u00fan m\u00e1s agradable, el Limpiador de colchones 4000 est\u00e1 equipado con una pastilla ambientadora. As\u00ed podr\u00e1 disfrutar de un agradable y fresco aroma durante cada sesi\u00f3n de limpieza y desinfecci\u00f3n. Esto no s\u00f3lo limpia su colch\u00f3n, sino que tambi\u00e9n proporciona a su dormitorio una agradable fragancia.<\/p>\n<h3>\u00bfPor qu\u00e9 elegir el Limpiador de colchones 4000?<\/h3>\n<ul>\n<li>Potente tecnolog\u00eda ForceSonic con 400 W de potencia para una limpieza profunda<\/li>\n<li>La tecnolog\u00eda de luz UV-C elimina hasta el 99,9% de todas las bacterias<\/li>\n<li>Tecnolog\u00eda de aire caliente Heat Tech para una desinfecci\u00f3n completa<\/li>\n<li>El cepillo motorizado Power Brush elimina los al\u00e9rgenos sin esfuerzo<\/li>\n<li>Alta potencia de succi\u00f3n de 13 kPa para una m\u00e1xima recogida de la suciedad<\/li>\n<li>Cable XXL de 5 metros para una \u00f3ptima libertad de movimiento<\/li>\n<li>Doble dep\u00f3sito de 0,5 litros para un almacenamiento eficaz de la suciedad<\/li>\n<li>Tecnolog\u00eda de sistema cicl\u00f3nico para una mayor duraci\u00f3n<\/li>\n<li>Pastilla ambientadora para una agradable fragancia durante la limpieza<\/li>\n<\/ul>\n<p>Con el Limpiador de colchones 4000, usted elige un colch\u00f3n higi\u00e9nicamente limpio, libre de bacterias, al\u00e9rgenos y \u00e1caros del polvo. \u00a1Cree un entorno de descanso m\u00e1s saludable y disfrute de ropa de cama fresca y limpia cada noche!<\/p>\n<\/div>\n<div class=\"css-1vrowg6\">\n<div id=\"composition\" class=\"e1hv9n5v2 css-ldw7pi\">\n<div class=\"css-1azcdyx e1hv9n5v1\">\n<p>&nbsp;<\/p>\n<\/div>\n<\/div>\n<\/div>\n<\/div>\n","protected":false},"excerpt":{"rendered":"<p>Limpiador de colchones 4000 &#8211; Aspirador de colchones y tapicer\u00edas con 400 W de potencia y 13 kPa de poder de succi\u00f3n. Incluye luz ultravioleta UV-C que acaba hasta con el 99,9 % de los al\u00e9rgenos. Tecnolog\u00eda con cepillo motorizado que ayuda a eliminar los \u00e1caros de los colchones y tecnolog\u00eda de aire caliente que desinfecta. Dep\u00f3sito doble.<\/p>\n<p>&nbsp;<\/p>\n<h3><span style=\"color: #008000;\">En stock<\/span><\/h3>\n[av_font_icon icon='ue812' font='entypo-fontello' style='' caption='' size='25px' position='left' color='#43ad66' link='' linktarget='' title_attr='' sonar_effect_effect='' sonar_effect_color='' sonar_effect_duration='1' sonar_effect_scale='' sonar_effect_opac='0.5' animation='' id='' custom_class='' template_class='' av_uid='' sc_version='1.0' admin_preview_bg=''][\/av_font_icon]\n<p><span style=\"color: #008000;\">El plazo de entrega oscila entre 5 y 10 d\u00edas laborables<\/span><\/p>\n[av_font_icon icon='ue812' font='entypo-fontello' style='' caption='' size='25px' position='left' color='#43ad66' link='' linktarget='' title_attr='' sonar_effect_effect='' sonar_effect_color='' sonar_effect_duration='1' sonar_effect_scale='' sonar_effect_opac='0.5' animation='' id='' custom_class='' template_class='' av_uid='' sc_version='1.0' admin_preview_bg=''][\/av_font_icon]\n<p><span style=\"color: #008000;\">2 a\u00f1os de garant\u00eda<\/span><\/p>\n<p>&nbsp;<\/p>\n","protected":false},"featured_media":75841,"comment_status":"open","ping_status":"closed","template":"","meta":[],"product_brand":[],"product_cat":[446],"product_tag":[],"class_list":{"0":"post-70655","1":"product","2":"type-product","3":"status-publish","4":"has-post-thumbnail","6":"product_cat-geen-categorie","8":"first","9":"instock","10":"sale","11":"taxable","12":"shipping-taxable","13":"purchasable","14":"product-type-simple"},"yoast_head":"<!-- This site is optimized with the Yoast SEO Premium plugin v27.1 (Yoast SEO v27.4) - https:\/\/yoast.com\/product\/yoast-seo-premium-wordpress\/ -->\n<title>Limpiador de colchones 4000 - Veltec Kirby specialist<\/title>\n<meta name=\"description\" content=\"Limpiador de colchones 4000 - Veltec es proveedor de aspiradoras Kirby desde hace m\u00e1s de 25 a\u00f1os. Y es su especialista de servicio Kirby de confianza.\" \/>\n<meta name=\"robots\" content=\"index, follow, max-snippet:-1, max-image-preview:large, max-video-preview:-1\" \/>\n<link rel=\"canonical\" href=\"https:\/\/www.veltec.eu\/es\/product\/limpiador-de-colchones-4000\/\" \/>\n<meta property=\"og:locale\" content=\"es_ES\" \/>\n<meta property=\"og:type\" content=\"article\" \/>\n<meta property=\"og:title\" content=\"Limpiador de colchones 4000\" \/>\n<meta property=\"og:description\" content=\"Limpiador de colchones 4000 - Aspirador de colchones y tapicer\u00edas con 400 W de potencia y 13 kPa de poder de succi\u00f3n. Incluye luz ultravioleta UV-C que acaba hasta con el 99,9 % de los al\u00e9rgenos. Tecnolog\u00eda con cepillo motorizado que ayuda a eliminar los \u00e1caros de los colchones y tecnolog\u00eda de aire caliente que desinfecta. Dep\u00f3sito doble.  &nbsp; En stock   El plazo de entrega oscila entre 5 y 10 d\u00edas laborables    2 a\u00f1os de garant\u00eda  &nbsp;\" \/>\n<meta property=\"og:url\" content=\"https:\/\/www.veltec.eu\/es\/product\/limpiador-de-colchones-4000\/\" \/>\n<meta property=\"og:site_name\" content=\"Veltec Kirby specialist\" \/>\n<meta property=\"article:publisher\" content=\"https:\/\/www.facebook.com\/Veltec-Kirby-Specialist-236746293374877\/\" \/>\n<meta property=\"article:modified_time\" content=\"2025-03-03T15:59:00+00:00\" \/>\n<meta property=\"og:image\" content=\"https:\/\/www.veltec.eu\/wp-content\/uploads\/2024\/11\/conga-rockstar-4000-mattress_84pjd6_1-1.png\" \/>\n\t<meta property=\"og:image:width\" content=\"640\" \/>\n\t<meta property=\"og:image:height\" content=\"640\" \/>\n\t<meta property=\"og:image:type\" content=\"image\/png\" \/>\n<meta name=\"twitter:card\" content=\"summary_large_image\" \/>\n<meta name=\"twitter:label1\" content=\"Tiempo de lectura\" \/>\n\t<meta name=\"twitter:data1\" content=\"4 minutos\" \/>\n<script type=\"application\/ld+json\" class=\"yoast-schema-graph\">{\"@context\":\"https:\\\/\\\/schema.org\",\"@graph\":[{\"@type\":\"WebPage\",\"@id\":\"https:\\\/\\\/www.veltec.eu\\\/es\\\/product\\\/limpiador-de-colchones-4000\\\/\",\"url\":\"https:\\\/\\\/www.veltec.eu\\\/es\\\/product\\\/limpiador-de-colchones-4000\\\/\",\"name\":\"Limpiador de colchones 4000 - Veltec Kirby specialist\",\"isPartOf\":{\"@id\":\"https:\\\/\\\/www.veltec.eu\\\/en\\\/#website\"},\"primaryImageOfPage\":{\"@id\":\"https:\\\/\\\/www.veltec.eu\\\/es\\\/product\\\/limpiador-de-colchones-4000\\\/#primaryimage\"},\"image\":{\"@id\":\"https:\\\/\\\/www.veltec.eu\\\/es\\\/product\\\/limpiador-de-colchones-4000\\\/#primaryimage\"},\"thumbnailUrl\":\"https:\\\/\\\/www.veltec.eu\\\/wp-content\\\/uploads\\\/2024\\\/11\\\/conga-rockstar-4000-mattress_84pjd6_1-1.png\",\"datePublished\":\"2024-11-26T13:13:06+00:00\",\"dateModified\":\"2025-03-03T15:59:00+00:00\",\"description\":\"Limpiador de colchones 4000 - Veltec es proveedor de aspiradoras Kirby desde hace m\u00e1s de 25 a\u00f1os. Y es su especialista de servicio Kirby de confianza.\",\"breadcrumb\":{\"@id\":\"https:\\\/\\\/www.veltec.eu\\\/es\\\/product\\\/limpiador-de-colchones-4000\\\/#breadcrumb\"},\"inLanguage\":\"es\",\"potentialAction\":[{\"@type\":\"ReadAction\",\"target\":[\"https:\\\/\\\/www.veltec.eu\\\/es\\\/product\\\/limpiador-de-colchones-4000\\\/\"]}]},{\"@type\":\"ImageObject\",\"inLanguage\":\"es\",\"@id\":\"https:\\\/\\\/www.veltec.eu\\\/es\\\/product\\\/limpiador-de-colchones-4000\\\/#primaryimage\",\"url\":\"https:\\\/\\\/www.veltec.eu\\\/wp-content\\\/uploads\\\/2024\\\/11\\\/conga-rockstar-4000-mattress_84pjd6_1-1.png\",\"contentUrl\":\"https:\\\/\\\/www.veltec.eu\\\/wp-content\\\/uploads\\\/2024\\\/11\\\/conga-rockstar-4000-mattress_84pjd6_1-1.png\",\"width\":640,\"height\":640},{\"@type\":\"BreadcrumbList\",\"@id\":\"https:\\\/\\\/www.veltec.eu\\\/es\\\/product\\\/limpiador-de-colchones-4000\\\/#breadcrumb\",\"itemListElement\":[{\"@type\":\"ListItem\",\"position\":1,\"name\":\"Home\",\"item\":\"https:\\\/\\\/www.veltec.eu\\\/es\\\/\"},{\"@type\":\"ListItem\",\"position\":2,\"name\":\"Produits\",\"item\":\"https:\\\/\\\/www.veltec.eu\\\/fr\\\/shop\\\/\"},{\"@type\":\"ListItem\",\"position\":3,\"name\":\"Limpiador de colchones 4000\"}]},{\"@type\":\"WebSite\",\"@id\":\"https:\\\/\\\/www.veltec.eu\\\/en\\\/#website\",\"url\":\"https:\\\/\\\/www.veltec.eu\\\/en\\\/\",\"name\":\"Veltec Kirby specialist\",\"description\":\"Kirby stofzuiger producten\",\"publisher\":{\"@id\":\"https:\\\/\\\/www.veltec.eu\\\/en\\\/#organization\"},\"potentialAction\":[{\"@type\":\"SearchAction\",\"target\":{\"@type\":\"EntryPoint\",\"urlTemplate\":\"https:\\\/\\\/www.veltec.eu\\\/en\\\/?s={search_term_string}\"},\"query-input\":{\"@type\":\"PropertyValueSpecification\",\"valueRequired\":true,\"valueName\":\"search_term_string\"}}],\"inLanguage\":\"es\"},{\"@type\":\"Organization\",\"@id\":\"https:\\\/\\\/www.veltec.eu\\\/en\\\/#organization\",\"name\":\"Veltec Kirby Specialist\",\"url\":\"https:\\\/\\\/www.veltec.eu\\\/en\\\/\",\"logo\":{\"@type\":\"ImageObject\",\"inLanguage\":\"es\",\"@id\":\"https:\\\/\\\/www.veltec.eu\\\/en\\\/#\\\/schema\\\/logo\\\/image\\\/\",\"url\":\"https:\\\/\\\/www.veltec.eu\\\/wp-content\\\/uploads\\\/2021\\\/12\\\/Veltec-log-groot-e1537260889125.png\",\"contentUrl\":\"https:\\\/\\\/www.veltec.eu\\\/wp-content\\\/uploads\\\/2021\\\/12\\\/Veltec-log-groot-e1537260889125.png\",\"width\":200,\"height\":60,\"caption\":\"Veltec Kirby Specialist\"},\"image\":{\"@id\":\"https:\\\/\\\/www.veltec.eu\\\/en\\\/#\\\/schema\\\/logo\\\/image\\\/\"},\"sameAs\":[\"https:\\\/\\\/www.facebook.com\\\/Veltec-Kirby-Specialist-236746293374877\\\/\",\"https:\\\/\\\/www.youtube.com\\\/user\\\/VeltecService\"]}]}<\/script>\n<!-- \/ Yoast SEO Premium plugin. -->","yoast_head_json":{"title":"Limpiador de colchones 4000 - Veltec Kirby specialist","description":"Limpiador de colchones 4000 - Veltec es proveedor de aspiradoras Kirby desde hace m\u00e1s de 25 a\u00f1os. Y es su especialista de servicio Kirby de confianza.","robots":{"index":"index","follow":"follow","max-snippet":"max-snippet:-1","max-image-preview":"max-image-preview:large","max-video-preview":"max-video-preview:-1"},"canonical":"https:\/\/www.veltec.eu\/es\/product\/limpiador-de-colchones-4000\/","og_locale":"es_ES","og_type":"article","og_title":"Limpiador de colchones 4000","og_description":"Limpiador de colchones 4000 - Aspirador de colchones y tapicer\u00edas con 400 W de potencia y 13 kPa de poder de succi\u00f3n. Incluye luz ultravioleta UV-C que acaba hasta con el 99,9 % de los al\u00e9rgenos. Tecnolog\u00eda con cepillo motorizado que ayuda a eliminar los \u00e1caros de los colchones y tecnolog\u00eda de aire caliente que desinfecta. Dep\u00f3sito doble.  &nbsp; En stock   El plazo de entrega oscila entre 5 y 10 d\u00edas laborables    2 a\u00f1os de garant\u00eda  &nbsp;","og_url":"https:\/\/www.veltec.eu\/es\/product\/limpiador-de-colchones-4000\/","og_site_name":"Veltec Kirby specialist","article_publisher":"https:\/\/www.facebook.com\/Veltec-Kirby-Specialist-236746293374877\/","article_modified_time":"2025-03-03T15:59:00+00:00","og_image":[{"width":640,"height":640,"url":"https:\/\/www.veltec.eu\/wp-content\/uploads\/2024\/11\/conga-rockstar-4000-mattress_84pjd6_1-1.png","type":"image\/png"}],"twitter_card":"summary_large_image","twitter_misc":{"Tiempo de lectura":"4 minutos"},"schema":{"@context":"https:\/\/schema.org","@graph":[{"@type":"WebPage","@id":"https:\/\/www.veltec.eu\/es\/product\/limpiador-de-colchones-4000\/","url":"https:\/\/www.veltec.eu\/es\/product\/limpiador-de-colchones-4000\/","name":"Limpiador de colchones 4000 - Veltec Kirby specialist","isPartOf":{"@id":"https:\/\/www.veltec.eu\/en\/#website"},"primaryImageOfPage":{"@id":"https:\/\/www.veltec.eu\/es\/product\/limpiador-de-colchones-4000\/#primaryimage"},"image":{"@id":"https:\/\/www.veltec.eu\/es\/product\/limpiador-de-colchones-4000\/#primaryimage"},"thumbnailUrl":"https:\/\/www.veltec.eu\/wp-content\/uploads\/2024\/11\/conga-rockstar-4000-mattress_84pjd6_1-1.png","datePublished":"2024-11-26T13:13:06+00:00","dateModified":"2025-03-03T15:59:00+00:00","description":"Limpiador de colchones 4000 - Veltec es proveedor de aspiradoras Kirby desde hace m\u00e1s de 25 a\u00f1os. Y es su especialista de servicio Kirby de confianza.","breadcrumb":{"@id":"https:\/\/www.veltec.eu\/es\/product\/limpiador-de-colchones-4000\/#breadcrumb"},"inLanguage":"es","potentialAction":[{"@type":"ReadAction","target":["https:\/\/www.veltec.eu\/es\/product\/limpiador-de-colchones-4000\/"]}]},{"@type":"ImageObject","inLanguage":"es","@id":"https:\/\/www.veltec.eu\/es\/product\/limpiador-de-colchones-4000\/#primaryimage","url":"https:\/\/www.veltec.eu\/wp-content\/uploads\/2024\/11\/conga-rockstar-4000-mattress_84pjd6_1-1.png","contentUrl":"https:\/\/www.veltec.eu\/wp-content\/uploads\/2024\/11\/conga-rockstar-4000-mattress_84pjd6_1-1.png","width":640,"height":640},{"@type":"BreadcrumbList","@id":"https:\/\/www.veltec.eu\/es\/product\/limpiador-de-colchones-4000\/#breadcrumb","itemListElement":[{"@type":"ListItem","position":1,"name":"Home","item":"https:\/\/www.veltec.eu\/es\/"},{"@type":"ListItem","position":2,"name":"Produits","item":"https:\/\/www.veltec.eu\/fr\/shop\/"},{"@type":"ListItem","position":3,"name":"Limpiador de colchones 4000"}]},{"@type":"WebSite","@id":"https:\/\/www.veltec.eu\/en\/#website","url":"https:\/\/www.veltec.eu\/en\/","name":"Veltec Kirby specialist","description":"Kirby stofzuiger producten","publisher":{"@id":"https:\/\/www.veltec.eu\/en\/#organization"},"potentialAction":[{"@type":"SearchAction","target":{"@type":"EntryPoint","urlTemplate":"https:\/\/www.veltec.eu\/en\/?s={search_term_string}"},"query-input":{"@type":"PropertyValueSpecification","valueRequired":true,"valueName":"search_term_string"}}],"inLanguage":"es"},{"@type":"Organization","@id":"https:\/\/www.veltec.eu\/en\/#organization","name":"Veltec Kirby Specialist","url":"https:\/\/www.veltec.eu\/en\/","logo":{"@type":"ImageObject","inLanguage":"es","@id":"https:\/\/www.veltec.eu\/en\/#\/schema\/logo\/image\/","url":"https:\/\/www.veltec.eu\/wp-content\/uploads\/2021\/12\/Veltec-log-groot-e1537260889125.png","contentUrl":"https:\/\/www.veltec.eu\/wp-content\/uploads\/2021\/12\/Veltec-log-groot-e1537260889125.png","width":200,"height":60,"caption":"Veltec Kirby Specialist"},"image":{"@id":"https:\/\/www.veltec.eu\/en\/#\/schema\/logo\/image\/"},"sameAs":["https:\/\/www.facebook.com\/Veltec-Kirby-Specialist-236746293374877\/","https:\/\/www.youtube.com\/user\/VeltecService"]}]}},"_links":{"self":[{"href":"https:\/\/www.veltec.eu\/es\/wp-json\/wp\/v2\/product\/70655","targetHints":{"allow":["GET"]}}],"collection":[{"href":"https:\/\/www.veltec.eu\/es\/wp-json\/wp\/v2\/product"}],"about":[{"href":"https:\/\/www.veltec.eu\/es\/wp-json\/wp\/v2\/types\/product"}],"replies":[{"embeddable":true,"href":"https:\/\/www.veltec.eu\/es\/wp-json\/wp\/v2\/comments?post=70655"}],"wp:featuredmedia":[{"embeddable":true,"href":"https:\/\/www.veltec.eu\/es\/wp-json\/wp\/v2\/media\/75841"}],"wp:attachment":[{"href":"https:\/\/www.veltec.eu\/es\/wp-json\/wp\/v2\/media?parent=70655"}],"wp:term":[{"taxonomy":"product_brand","embeddable":true,"href":"https:\/\/www.veltec.eu\/es\/wp-json\/wp\/v2\/product_brand?post=70655"},{"taxonomy":"product_cat","embeddable":true,"href":"https:\/\/www.veltec.eu\/es\/wp-json\/wp\/v2\/product_cat?post=70655"},{"taxonomy":"product_tag","embeddable":true,"href":"https:\/\/www.veltec.eu\/es\/wp-json\/wp\/v2\/product_tag?post=70655"}],"curies":[{"name":"wp","href":"https:\/\/api.w.org\/{rel}","templated":true}]}}