{"id":70477,"date":"2024-11-22T12:03:08","date_gmt":"2024-11-22T10:03:08","guid":{"rendered":"https:\/\/www.veltec.eu\/product\/kirby-motor-carcasa-tornillo-trasero-2x\/"},"modified":"2024-12-09T16:55:39","modified_gmt":"2024-12-09T14:55:39","slug":"kirby-motor-carcasa-tornillo-trasero-2x","status":"publish","type":"product","link":"https:\/\/www.veltec.eu\/es\/product\/kirby-motor-carcasa-tornillo-trasero-2x\/","title":{"rendered":"Kirby motor carcasa tornillo trasero 2x"},"content":{"rendered":"<h1>Kirby motor carcasa tornillo trasero 2x<\/h1>\n<p>Tornillo trasero de la carcasa del motor Kirby 2x para fijar la parte trasera del motor Kirby.<\/p>\n<p>Estos tornillos son universales y sirven para todas las aspiradoras Kirby;<\/p>\n<ul>\n<li>Avalir Platinum<\/li>\n<li>Avalir 2<\/li>\n<li>Avalir 1<\/li>\n<li>Sentria 2 (G10D)<\/li>\n<li>Sentria 1 (G10)<\/li>\n<li>Ultimate G Diamond Ed.(G7D or DE)<\/li>\n<li>Ultimate G (G7 or UG)<\/li>\n<li>Generation 6 (G6)<\/li>\n<li>Generation 5 (G5)<\/li>\n<li>Generation 4 (G4)<\/li>\n<li>Generation 3 (G3)<\/li>\n<\/ul>\n<h2>Tornillo trasero 2x para carcasa de motor Kirby &#8211; La soluci\u00f3n ideal para un montaje s\u00f3lido del motor<\/h2>\n<p>\u00bfEst\u00e1 buscando tornillos de repuesto para su aspiradora Kirby? El tornillo de la carcasa del motor Kirby es la soluci\u00f3n para mantener su aspiradora Kirby en las mejores condiciones. Estos tornillos de cruceta de alta calidad est\u00e1n especialmente dise\u00f1ados para fijar firmemente el motor a la carcasa y se adaptan a todo tipo de aspiradoras Kirby. Estos tornillos har\u00e1n que su aspiradora funcione de forma \u00f3ptima, garantizando un rendimiento y una fiabilidad duraderos.<\/p>\n<p>A continuaci\u00f3n encontrar\u00e1 todas <a href=\"https:\/\/www.veltec.eu\/es\/partes-para-motor-kirby\/\">las piezas de motor Kirby<\/a><\/p>\n<h3>\u00bfPor qu\u00e9 elegir el tornillo trasero 2x de la carcasa del motor Kirby?<\/h3>\n<p>Sustituir piezas como los tornillos puede parecer un peque\u00f1o detalle, pero es crucial para la vida \u00fatil de su aspiradora Kirby. Fabricados con material duradero, estos tornillos traseros ofrecen:<\/p>\n<p>Ajuste perfecto: Dise\u00f1ados para encajar perfectamente en la parte trasera de la carcasa del motor.<br \/>\nCompatibilidad universal: Aptos para cualquier modelo Kirby, independientemente del a\u00f1o de fabricaci\u00f3n.<br \/>\nF\u00e1cil instalaci\u00f3n: Gracias a la cabeza Phillips, estos tornillos son f\u00e1ciles de instalar.<\/p>\n<p>Con estos tornillos, se asegurar\u00e1 de que su motor permanezca firmemente sujeto, lo que es esencial para el buen funcionamiento de su aspiradora.<\/p>\n<h3>\u00bfPara qui\u00e9n son adecuados estos tornillos?<\/h3>\n<p>Estos tornillos son perfectos para:<\/p>\n<p>Bricolaje: \u00bfSu aspiradora Kirby necesita mantenimiento? Con estos tornillos, podr\u00e1 hacerlo usted mismo f\u00e1cilmente.<br \/>\nMec\u00e1nicos profesionales: Una pieza indispensable para su kit de reparaci\u00f3n.<br \/>\nTodos los propietarios de Kirby: Tanto si tiene un modelo nuevo como uno m\u00e1s antiguo, estos tornillos siempre le proporcionar\u00e1n la soluci\u00f3n adecuada.<\/p>\n<h3>Haga su pedido hoy mismo<\/h3>\n<p>No pierda esta oportunidad de mantener su aspiradora Kirby en las mejores condiciones. Con el tornillo para carcasa de motor Kirby, tiene la calidad y la durabilidad aseguradas. No espere m\u00e1s y haga su pedido hoy para que su Kirby vuelva a funcionar como nueva.<\/p>\n<p>Con estos tornillos de recambio, aportar\u00e1 seguridad y fiabilidad a su hogar. Complete su aspiradora y siga disfrutando de las potentes prestaciones que Kirby le ofrece.<\/p>\n","protected":false},"excerpt":{"rendered":"<p>Kirby motor carcasa tornillo trasero 2x<\/p>\n[trustindex data-widget-id=48bbd87242952812953642309d4]\n<h3><span style=\"color: #008000;\">En stock<\/span><\/h3>\n[av_font_icon icon='ue812' font='entypo-fontello' style='' caption='' size='25px' position='left' color='#43ad66' link='' linktarget='' title_attr='' sonar_effect_effect='' sonar_effect_color='' sonar_effect_duration='1' sonar_effect_scale='' sonar_effect_opac='0.5' animation='' id='' custom_class='' template_class='' av_uid='' sc_version='1.0' admin_preview_bg=''][\/av_font_icon]\n<p><span style=\"color: #008000;\">Pedido antes de las 23:59, enviado ma\u00f1ana<\/span><\/p>\n","protected":false},"featured_media":70466,"comment_status":"open","ping_status":"closed","template":"","meta":[],"product_brand":[],"product_cat":[362],"product_tag":[],"class_list":{"0":"post-70477","1":"product","2":"type-product","3":"status-publish","4":"has-post-thumbnail","6":"product_cat-partes-para-motor-kirby","8":"first","9":"instock","10":"taxable","11":"shipping-taxable","12":"purchasable","13":"product-type-simple"},"yoast_head":"<!-- This site is optimized with the Yoast SEO Premium plugin v27.1 (Yoast SEO v27.4) - https:\/\/yoast.com\/product\/yoast-seo-premium-wordpress\/ -->\n<title>Kirby motor carcasa tornillo trasero 2x - Veltec Kirby specialist<\/title>\n<meta name=\"description\" content=\"Kirby motor carcasa tornillo trasero 2x - Veltec es proveedor de aspiradoras Kirby desde hace m\u00e1s de 25 a\u00f1os. Y es su especialista de Kirby de confianza.\" \/>\n<meta name=\"robots\" content=\"index, follow, max-snippet:-1, max-image-preview:large, max-video-preview:-1\" \/>\n<link rel=\"canonical\" href=\"https:\/\/www.veltec.eu\/nl\/product\/kirby-motorhuis-schroef-achterzijde-2x\/\" \/>\n<meta property=\"og:locale\" content=\"es_ES\" \/>\n<meta property=\"og:type\" content=\"article\" \/>\n<meta property=\"og:title\" content=\"Kirby motor carcasa tornillo trasero 2x\" \/>\n<meta property=\"og:description\" content=\"Kirby motor carcasa tornillo trasero 2x   En stock   Pedido antes de las 23:59, enviado ma\u00f1ana\" \/>\n<meta property=\"og:url\" content=\"https:\/\/www.veltec.eu\/nl\/product\/kirby-motorhuis-schroef-achterzijde-2x\/\" \/>\n<meta property=\"og:site_name\" content=\"Veltec Kirby specialist\" \/>\n<meta property=\"article:publisher\" content=\"https:\/\/www.facebook.com\/Veltec-Kirby-Specialist-236746293374877\/\" \/>\n<meta property=\"article:modified_time\" content=\"2024-12-09T14:55:39+00:00\" \/>\n<meta property=\"og:image\" content=\"https:\/\/www.veltec.eu\/wp-content\/uploads\/2024\/11\/Motor-schroef.jpg\" \/>\n\t<meta property=\"og:image:width\" content=\"325\" \/>\n\t<meta property=\"og:image:height\" content=\"325\" \/>\n\t<meta property=\"og:image:type\" content=\"image\/jpeg\" \/>\n<meta name=\"twitter:card\" content=\"summary_large_image\" \/>\n<meta name=\"twitter:label1\" content=\"Tiempo de lectura\" \/>\n\t<meta name=\"twitter:data1\" content=\"3 minutos\" \/>\n<script type=\"application\/ld+json\" class=\"yoast-schema-graph\">{\"@context\":\"https:\\\/\\\/schema.org\",\"@graph\":[{\"@type\":\"WebPage\",\"@id\":\"https:\\\/\\\/www.veltec.eu\\\/nl\\\/product\\\/kirby-motorhuis-schroef-achterzijde-2x\\\/\",\"url\":\"https:\\\/\\\/www.veltec.eu\\\/nl\\\/product\\\/kirby-motorhuis-schroef-achterzijde-2x\\\/\",\"name\":\"Kirby motor carcasa tornillo trasero 2x - Veltec Kirby specialist\",\"isPartOf\":{\"@id\":\"https:\\\/\\\/www.veltec.eu\\\/en\\\/#website\"},\"primaryImageOfPage\":{\"@id\":\"https:\\\/\\\/www.veltec.eu\\\/nl\\\/product\\\/kirby-motorhuis-schroef-achterzijde-2x\\\/#primaryimage\"},\"image\":{\"@id\":\"https:\\\/\\\/www.veltec.eu\\\/nl\\\/product\\\/kirby-motorhuis-schroef-achterzijde-2x\\\/#primaryimage\"},\"thumbnailUrl\":\"https:\\\/\\\/www.veltec.eu\\\/wp-content\\\/uploads\\\/2024\\\/11\\\/Motor-schroef.jpg\",\"datePublished\":\"2024-11-22T10:03:08+00:00\",\"dateModified\":\"2024-12-09T14:55:39+00:00\",\"description\":\"Kirby motor carcasa tornillo trasero 2x - Veltec es proveedor de aspiradoras Kirby desde hace m\u00e1s de 25 a\u00f1os. Y es su especialista de Kirby de confianza.\",\"breadcrumb\":{\"@id\":\"https:\\\/\\\/www.veltec.eu\\\/nl\\\/product\\\/kirby-motorhuis-schroef-achterzijde-2x\\\/#breadcrumb\"},\"inLanguage\":\"es\",\"potentialAction\":[{\"@type\":\"ReadAction\",\"target\":[\"https:\\\/\\\/www.veltec.eu\\\/nl\\\/product\\\/kirby-motorhuis-schroef-achterzijde-2x\\\/\"]}]},{\"@type\":\"ImageObject\",\"inLanguage\":\"es\",\"@id\":\"https:\\\/\\\/www.veltec.eu\\\/nl\\\/product\\\/kirby-motorhuis-schroef-achterzijde-2x\\\/#primaryimage\",\"url\":\"https:\\\/\\\/www.veltec.eu\\\/wp-content\\\/uploads\\\/2024\\\/11\\\/Motor-schroef.jpg\",\"contentUrl\":\"https:\\\/\\\/www.veltec.eu\\\/wp-content\\\/uploads\\\/2024\\\/11\\\/Motor-schroef.jpg\",\"width\":325,\"height\":325},{\"@type\":\"BreadcrumbList\",\"@id\":\"https:\\\/\\\/www.veltec.eu\\\/nl\\\/product\\\/kirby-motorhuis-schroef-achterzijde-2x\\\/#breadcrumb\",\"itemListElement\":[{\"@type\":\"ListItem\",\"position\":1,\"name\":\"Home\",\"item\":\"https:\\\/\\\/www.veltec.eu\\\/es\\\/\"},{\"@type\":\"ListItem\",\"position\":2,\"name\":\"Produits\",\"item\":\"https:\\\/\\\/www.veltec.eu\\\/fr\\\/shop\\\/\"},{\"@type\":\"ListItem\",\"position\":3,\"name\":\"Kirby motor carcasa tornillo trasero 2x\"}]},{\"@type\":\"WebSite\",\"@id\":\"https:\\\/\\\/www.veltec.eu\\\/en\\\/#website\",\"url\":\"https:\\\/\\\/www.veltec.eu\\\/en\\\/\",\"name\":\"Veltec Kirby specialist\",\"description\":\"Kirby stofzuiger producten\",\"publisher\":{\"@id\":\"https:\\\/\\\/www.veltec.eu\\\/en\\\/#organization\"},\"potentialAction\":[{\"@type\":\"SearchAction\",\"target\":{\"@type\":\"EntryPoint\",\"urlTemplate\":\"https:\\\/\\\/www.veltec.eu\\\/en\\\/?s={search_term_string}\"},\"query-input\":{\"@type\":\"PropertyValueSpecification\",\"valueRequired\":true,\"valueName\":\"search_term_string\"}}],\"inLanguage\":\"es\"},{\"@type\":\"Organization\",\"@id\":\"https:\\\/\\\/www.veltec.eu\\\/en\\\/#organization\",\"name\":\"Veltec Kirby Specialist\",\"url\":\"https:\\\/\\\/www.veltec.eu\\\/en\\\/\",\"logo\":{\"@type\":\"ImageObject\",\"inLanguage\":\"es\",\"@id\":\"https:\\\/\\\/www.veltec.eu\\\/en\\\/#\\\/schema\\\/logo\\\/image\\\/\",\"url\":\"https:\\\/\\\/www.veltec.eu\\\/wp-content\\\/uploads\\\/2021\\\/12\\\/Veltec-log-groot-e1537260889125.png\",\"contentUrl\":\"https:\\\/\\\/www.veltec.eu\\\/wp-content\\\/uploads\\\/2021\\\/12\\\/Veltec-log-groot-e1537260889125.png\",\"width\":200,\"height\":60,\"caption\":\"Veltec Kirby Specialist\"},\"image\":{\"@id\":\"https:\\\/\\\/www.veltec.eu\\\/en\\\/#\\\/schema\\\/logo\\\/image\\\/\"},\"sameAs\":[\"https:\\\/\\\/www.facebook.com\\\/Veltec-Kirby-Specialist-236746293374877\\\/\",\"https:\\\/\\\/www.youtube.com\\\/user\\\/VeltecService\"]}]}<\/script>\n<!-- \/ Yoast SEO Premium plugin. -->","yoast_head_json":{"title":"Kirby motor carcasa tornillo trasero 2x - Veltec Kirby specialist","description":"Kirby motor carcasa tornillo trasero 2x - Veltec es proveedor de aspiradoras Kirby desde hace m\u00e1s de 25 a\u00f1os. Y es su especialista de Kirby de confianza.","robots":{"index":"index","follow":"follow","max-snippet":"max-snippet:-1","max-image-preview":"max-image-preview:large","max-video-preview":"max-video-preview:-1"},"canonical":"https:\/\/www.veltec.eu\/nl\/product\/kirby-motorhuis-schroef-achterzijde-2x\/","og_locale":"es_ES","og_type":"article","og_title":"Kirby motor carcasa tornillo trasero 2x","og_description":"Kirby motor carcasa tornillo trasero 2x   En stock   Pedido antes de las 23:59, enviado ma\u00f1ana","og_url":"https:\/\/www.veltec.eu\/nl\/product\/kirby-motorhuis-schroef-achterzijde-2x\/","og_site_name":"Veltec Kirby specialist","article_publisher":"https:\/\/www.facebook.com\/Veltec-Kirby-Specialist-236746293374877\/","article_modified_time":"2024-12-09T14:55:39+00:00","og_image":[{"width":325,"height":325,"url":"https:\/\/www.veltec.eu\/wp-content\/uploads\/2024\/11\/Motor-schroef.jpg","type":"image\/jpeg"}],"twitter_card":"summary_large_image","twitter_misc":{"Tiempo de lectura":"3 minutos"},"schema":{"@context":"https:\/\/schema.org","@graph":[{"@type":"WebPage","@id":"https:\/\/www.veltec.eu\/nl\/product\/kirby-motorhuis-schroef-achterzijde-2x\/","url":"https:\/\/www.veltec.eu\/nl\/product\/kirby-motorhuis-schroef-achterzijde-2x\/","name":"Kirby motor carcasa tornillo trasero 2x - Veltec Kirby specialist","isPartOf":{"@id":"https:\/\/www.veltec.eu\/en\/#website"},"primaryImageOfPage":{"@id":"https:\/\/www.veltec.eu\/nl\/product\/kirby-motorhuis-schroef-achterzijde-2x\/#primaryimage"},"image":{"@id":"https:\/\/www.veltec.eu\/nl\/product\/kirby-motorhuis-schroef-achterzijde-2x\/#primaryimage"},"thumbnailUrl":"https:\/\/www.veltec.eu\/wp-content\/uploads\/2024\/11\/Motor-schroef.jpg","datePublished":"2024-11-22T10:03:08+00:00","dateModified":"2024-12-09T14:55:39+00:00","description":"Kirby motor carcasa tornillo trasero 2x - Veltec es proveedor de aspiradoras Kirby desde hace m\u00e1s de 25 a\u00f1os. Y es su especialista de Kirby de confianza.","breadcrumb":{"@id":"https:\/\/www.veltec.eu\/nl\/product\/kirby-motorhuis-schroef-achterzijde-2x\/#breadcrumb"},"inLanguage":"es","potentialAction":[{"@type":"ReadAction","target":["https:\/\/www.veltec.eu\/nl\/product\/kirby-motorhuis-schroef-achterzijde-2x\/"]}]},{"@type":"ImageObject","inLanguage":"es","@id":"https:\/\/www.veltec.eu\/nl\/product\/kirby-motorhuis-schroef-achterzijde-2x\/#primaryimage","url":"https:\/\/www.veltec.eu\/wp-content\/uploads\/2024\/11\/Motor-schroef.jpg","contentUrl":"https:\/\/www.veltec.eu\/wp-content\/uploads\/2024\/11\/Motor-schroef.jpg","width":325,"height":325},{"@type":"BreadcrumbList","@id":"https:\/\/www.veltec.eu\/nl\/product\/kirby-motorhuis-schroef-achterzijde-2x\/#breadcrumb","itemListElement":[{"@type":"ListItem","position":1,"name":"Home","item":"https:\/\/www.veltec.eu\/es\/"},{"@type":"ListItem","position":2,"name":"Produits","item":"https:\/\/www.veltec.eu\/fr\/shop\/"},{"@type":"ListItem","position":3,"name":"Kirby motor carcasa tornillo trasero 2x"}]},{"@type":"WebSite","@id":"https:\/\/www.veltec.eu\/en\/#website","url":"https:\/\/www.veltec.eu\/en\/","name":"Veltec Kirby specialist","description":"Kirby stofzuiger producten","publisher":{"@id":"https:\/\/www.veltec.eu\/en\/#organization"},"potentialAction":[{"@type":"SearchAction","target":{"@type":"EntryPoint","urlTemplate":"https:\/\/www.veltec.eu\/en\/?s={search_term_string}"},"query-input":{"@type":"PropertyValueSpecification","valueRequired":true,"valueName":"search_term_string"}}],"inLanguage":"es"},{"@type":"Organization","@id":"https:\/\/www.veltec.eu\/en\/#organization","name":"Veltec Kirby Specialist","url":"https:\/\/www.veltec.eu\/en\/","logo":{"@type":"ImageObject","inLanguage":"es","@id":"https:\/\/www.veltec.eu\/en\/#\/schema\/logo\/image\/","url":"https:\/\/www.veltec.eu\/wp-content\/uploads\/2021\/12\/Veltec-log-groot-e1537260889125.png","contentUrl":"https:\/\/www.veltec.eu\/wp-content\/uploads\/2021\/12\/Veltec-log-groot-e1537260889125.png","width":200,"height":60,"caption":"Veltec Kirby Specialist"},"image":{"@id":"https:\/\/www.veltec.eu\/en\/#\/schema\/logo\/image\/"},"sameAs":["https:\/\/www.facebook.com\/Veltec-Kirby-Specialist-236746293374877\/","https:\/\/www.youtube.com\/user\/VeltecService"]}]}},"_links":{"self":[{"href":"https:\/\/www.veltec.eu\/es\/wp-json\/wp\/v2\/product\/70477","targetHints":{"allow":["GET"]}}],"collection":[{"href":"https:\/\/www.veltec.eu\/es\/wp-json\/wp\/v2\/product"}],"about":[{"href":"https:\/\/www.veltec.eu\/es\/wp-json\/wp\/v2\/types\/product"}],"replies":[{"embeddable":true,"href":"https:\/\/www.veltec.eu\/es\/wp-json\/wp\/v2\/comments?post=70477"}],"wp:featuredmedia":[{"embeddable":true,"href":"https:\/\/www.veltec.eu\/es\/wp-json\/wp\/v2\/media\/70466"}],"wp:attachment":[{"href":"https:\/\/www.veltec.eu\/es\/wp-json\/wp\/v2\/media?parent=70477"}],"wp:term":[{"taxonomy":"product_brand","embeddable":true,"href":"https:\/\/www.veltec.eu\/es\/wp-json\/wp\/v2\/product_brand?post=70477"},{"taxonomy":"product_cat","embeddable":true,"href":"https:\/\/www.veltec.eu\/es\/wp-json\/wp\/v2\/product_cat?post=70477"},{"taxonomy":"product_tag","embeddable":true,"href":"https:\/\/www.veltec.eu\/es\/wp-json\/wp\/v2\/product_tag?post=70477"}],"curies":[{"name":"wp","href":"https:\/\/api.w.org\/{rel}","templated":true}]}}