{"id":70435,"date":"2024-11-20T16:34:33","date_gmt":"2024-11-20T14:34:33","guid":{"rendered":"https:\/\/www.veltec.eu\/product\/conga-9590-ultra-power\/"},"modified":"2025-01-23T15:00:17","modified_gmt":"2025-01-23T13:00:17","slug":"conga-9590-ultra-power","status":"publish","type":"product","link":"https:\/\/www.veltec.eu\/es\/product\/conga-9590-ultra-power\/","title":{"rendered":"Conga 9590 Ultra Power"},"content":{"rendered":"<h1>Conga 9590 Ultra Power<\/h1>\n<p>Conga 9590 Ultra Power &#8211; Robot aspirador con navegaci\u00f3n l\u00e1ser inteligente.<\/p>\n<div class=\"css-1vrowg6\">\n<div id=\"description\" class=\"e1pizqy33 css-1gvl2s3\">\n<div class=\"css-k1moeq e1pizqy32\"><\/div>\n<\/div>\n<\/div>\n<div class=\"css-1vrowg6\">\n<div id=\"composition\" class=\"e1hv9n5v2 css-ldw7pi\">\n<div class=\"css-1azcdyx e1hv9n5v1\">\n<div class=\"css-1vrowg6\">\n<div id=\"description\" class=\"e1pizqy33 css-1gvl2s3\">\n<div class=\"css-k1moeq e1pizqy32\">\n<ul>\n<li>Navegaci\u00f3n l\u00e1ser, limpieza precisa. El robot cuenta con tecnolog\u00eda l\u00e1ser que le permite generar un mapa para navegar de forma precisa y limpiar eficazmente hasta el \u00faltimo rinc\u00f3n. Adem\u00e1s, este sistema de navegaci\u00f3n le permite limpiar de forma precisa incluso sin luz.<\/li>\n<li>Mopas Spin Wet. Innovador sistema de fregado con dos mopas que giran a toda velocidad, se humedecen constantemente y presionan el suelo para eliminar hasta las manchas m\u00e1s dif\u00edciles.<\/li>\n<li>Fregado perfecto. El sistema de fregado Spin consigue eliminar la suciedad y manchas de forma eficaz y r\u00e1pida para dejar el suelo brillante. Conecta con Conga, olv\u00eddate de la fregona y disfruta de un suelo brillante.<\/li>\n<li>10.000 Pa: ultrapotencia. Su motor Ungravity aporta una succi\u00f3n de 10.000 Pa, una potencia que es capaz de aspirar hasta la suciedad extrema en cualquier superficie, incluso en alfombras altas.<\/li>\n<li>Hasta 240 m2 sin parones. Ideal para casas grandes gracias a su bater\u00eda de 5200 mAh es capaz de aspirar durante 240 minutos y fregar durante 200 minutos para ofrecer una limpieza completa sin parones. Adem\u00e1s, su gran autonom\u00eda le permite limpiar hogares de unos 100 m2 en modo Turbo y sin parones.<\/li>\n<li>App 3.0: limpieza personalizada. Define, planifica y programa la limpieza habitaci\u00f3n por habitaci\u00f3n. Controla la limpieza desde cualquier lugar, elige el modo ideal por habitaciones y restringe zonas para disfrutar de una limpieza totalmente personalizada.<\/li>\n<li>Detecci\u00f3n ultras\u00f3nica de alfombras. El robot detecta cuando hay una alfombra y sube la potencia de forma autom\u00e1tica para limpiar con la m\u00e1xima precisi\u00f3n y, si est\u00e1 en modo fregado, la esquiva para no mojar el tejido de la alfombra con sus mopas.<\/li>\n<li>Cepillo de silicona antienredos. Su dise\u00f1o de silicona lo hace ideal para casas con mascotas ya que evita que los pelos se l\u00eden. Adem\u00e1s, sus palas ayudan a desincrustar y atrapar la suciedad en cualquier superficie.<\/li>\n<li>Limpieza total de una pasada. Aspira, barre, friega y desincrusta con sus mopas Spin. Un equipo de limpieza completo que permite al robot hacer todo a la vez o por separado para ofrecer una limpieza a medida.<\/li>\n<li>Total Surface 3.0. El robot siempre completa la limpieza, y en caso de necesitar m\u00e1s bater\u00eda para completar la limpieza programada, vuelve a su base, se recarga y retoma la limpieza en el mismo punto donde se hab\u00eda quedado.<\/li>\n<\/ul>\n<\/div>\n<\/div>\n<\/div>\n<div class=\"css-1vrowg6\">\n<div id=\"composition\" class=\"e1hv9n5v2 css-ldw7pi\">\n<p><strong><span class=\"e1hv9n5v0 css-hga4sk\">Composici\u00f3n<\/span><\/strong><\/p>\n<div class=\"css-1azcdyx e1hv9n5v1\">\n<ul>\n<li>Robot aspirador<\/li>\n<li>1 cepillo lateral<\/li>\n<li>Cepillo de autolimpieza<\/li>\n<li>Cepillo de silicona<\/li>\n<li>Dep\u00f3sito mixto<\/li>\n<li>Filtro de alta eficiencia<\/li>\n<li>Manual de instrucciones<\/li>\n<li>2 packs de mopas rotatorias de fregado<\/li>\n<li>Base de carga<\/li>\n<\/ul>\n<\/div>\n<\/div>\n<\/div>\n<\/div>\n<\/div>\n<\/div>\n","protected":false},"excerpt":{"rendered":"<p>Conga 9590 Ultra Power &#8211; Robot aspirador con navegaci\u00f3n l\u00e1ser inteligente. 4 en 1: friega, aspira, pasa la mopa y limpia. 10.000 Pa de succi\u00f3n. M\u00e1ximo 240 minutos de autonom\u00eda. Fregado profesional con mopas giratorias. Cepillo de silicona, \u00f3ptimo para pelo de mascotas. 1 cepillo lateral. 4 niveles de potencia de aspiraci\u00f3n y fregado. Control APP Cecotec y asistentes virtuales.<\/p>\n<p>&nbsp;<\/p>\n<h3><span style=\"color: #008000;\">En stock<\/span><\/h3>\n[av_font_icon icon='ue812' font='entypo-fontello' style='' caption='' size='25px' position='left' color='#43ad66' link='' linktarget='' title_attr='' sonar_effect_effect='' sonar_effect_color='' sonar_effect_duration='1' sonar_effect_scale='' sonar_effect_opac='0.5' animation='' id='' custom_class='' template_class='' av_uid='' sc_version='1.0' admin_preview_bg=''][\/av_font_icon]\n<p><span style=\"color: #008000;\">El plazo de entrega oscila entre 5 y 10 d\u00edas laborables<\/span><\/p>\n[av_font_icon icon='ue812' font='entypo-fontello' style='' caption='' size='25px' position='left' color='#43ad66' link='' linktarget='' title_attr='' sonar_effect_effect='' sonar_effect_color='' sonar_effect_duration='1' sonar_effect_scale='' sonar_effect_opac='0.5' animation='' id='' custom_class='' template_class='' av_uid='' sc_version='1.0' admin_preview_bg=''][\/av_font_icon]\n<p><span style=\"color: #008000;\">2 a\u00f1os de garant\u00eda<\/span><\/p>\n<p>&nbsp;<\/p>\n","protected":false},"featured_media":70347,"comment_status":"open","ping_status":"closed","template":"","meta":{"_acf_changed":false},"product_brand":[],"product_cat":[26],"product_tag":[],"class_list":{"0":"post-70435","1":"product","2":"type-product","3":"status-publish","4":"has-post-thumbnail","6":"product_cat-overige-producten","8":"first","9":"outofstock","10":"sale","11":"taxable","12":"shipping-taxable","13":"purchasable","14":"product-type-simple"},"acf":[],"yoast_head":"<!-- This site is optimized with the Yoast SEO Premium plugin v27.1 (Yoast SEO v27.4) - https:\/\/yoast.com\/product\/yoast-seo-premium-wordpress\/ -->\n<title>Conga 9590 Ultra Power - Veltec Kirby specialist<\/title>\n<meta name=\"description\" content=\"Conga 9590 Ultra Power Veltec es proveedor de aspiradoras Kirby desde hace m\u00e1s de 25 a\u00f1os. Y es su especialista de servicio Kirby de confianza.\" \/>\n<meta name=\"robots\" content=\"index, follow, max-snippet:-1, max-image-preview:large, max-video-preview:-1\" \/>\n<link rel=\"canonical\" href=\"https:\/\/www.veltec.eu\/es\/product\/conga-9590-ultra-power\/\" \/>\n<meta property=\"og:locale\" content=\"es_ES\" \/>\n<meta property=\"og:type\" content=\"article\" \/>\n<meta property=\"og:title\" content=\"Conga 9590 Ultra Power\" \/>\n<meta property=\"og:description\" content=\"Conga 9590 Ultra Power - Robot aspirador con navegaci\u00f3n l\u00e1ser inteligente. 4 en 1: friega, aspira, pasa la mopa y limpia. 10.000 Pa de succi\u00f3n. M\u00e1ximo 240 minutos de autonom\u00eda. Fregado profesional con mopas giratorias. Cepillo de silicona, \u00f3ptimo para pelo de mascotas. 1 cepillo lateral. 4 niveles de potencia de aspiraci\u00f3n y fregado. Control APP Cecotec y asistentes virtuales.  &nbsp; En stock   El plazo de entrega oscila entre 5 y 10 d\u00edas laborables    2 a\u00f1os de garant\u00eda  &nbsp;\" \/>\n<meta property=\"og:url\" content=\"https:\/\/www.veltec.eu\/es\/product\/conga-9590-ultra-power\/\" \/>\n<meta property=\"og:site_name\" content=\"Veltec Kirby specialist\" \/>\n<meta property=\"article:publisher\" content=\"https:\/\/www.facebook.com\/Veltec-Kirby-Specialist-236746293374877\/\" \/>\n<meta property=\"article:modified_time\" content=\"2025-01-23T13:00:17+00:00\" \/>\n<meta property=\"og:image\" content=\"https:\/\/www.veltec.eu\/wp-content\/uploads\/2024\/11\/conga-9590-spin-revolution-ultra-power_5c2qgv_1.png\" \/>\n\t<meta property=\"og:image:width\" content=\"640\" \/>\n\t<meta property=\"og:image:height\" content=\"640\" \/>\n\t<meta property=\"og:image:type\" content=\"image\/png\" \/>\n<meta name=\"twitter:card\" content=\"summary_large_image\" \/>\n<meta name=\"twitter:label1\" content=\"Tiempo de lectura\" \/>\n\t<meta name=\"twitter:data1\" content=\"3 minutos\" \/>\n<script type=\"application\/ld+json\" class=\"yoast-schema-graph\">{\"@context\":\"https:\\\/\\\/schema.org\",\"@graph\":[{\"@type\":\"WebPage\",\"@id\":\"https:\\\/\\\/www.veltec.eu\\\/es\\\/product\\\/conga-9590-ultra-power\\\/\",\"url\":\"https:\\\/\\\/www.veltec.eu\\\/es\\\/product\\\/conga-9590-ultra-power\\\/\",\"name\":\"Conga 9590 Ultra Power - Veltec Kirby specialist\",\"isPartOf\":{\"@id\":\"https:\\\/\\\/www.veltec.eu\\\/en\\\/#website\"},\"primaryImageOfPage\":{\"@id\":\"https:\\\/\\\/www.veltec.eu\\\/es\\\/product\\\/conga-9590-ultra-power\\\/#primaryimage\"},\"image\":{\"@id\":\"https:\\\/\\\/www.veltec.eu\\\/es\\\/product\\\/conga-9590-ultra-power\\\/#primaryimage\"},\"thumbnailUrl\":\"https:\\\/\\\/www.veltec.eu\\\/wp-content\\\/uploads\\\/2024\\\/11\\\/conga-9590-spin-revolution-ultra-power_5c2qgv_1.png\",\"datePublished\":\"2024-11-20T14:34:33+00:00\",\"dateModified\":\"2025-01-23T13:00:17+00:00\",\"description\":\"Conga 9590 Ultra Power Veltec es proveedor de aspiradoras Kirby desde hace m\u00e1s de 25 a\u00f1os. Y es su especialista de servicio Kirby de confianza.\",\"breadcrumb\":{\"@id\":\"https:\\\/\\\/www.veltec.eu\\\/es\\\/product\\\/conga-9590-ultra-power\\\/#breadcrumb\"},\"inLanguage\":\"es\",\"potentialAction\":[{\"@type\":\"ReadAction\",\"target\":[\"https:\\\/\\\/www.veltec.eu\\\/es\\\/product\\\/conga-9590-ultra-power\\\/\"]}]},{\"@type\":\"ImageObject\",\"inLanguage\":\"es\",\"@id\":\"https:\\\/\\\/www.veltec.eu\\\/es\\\/product\\\/conga-9590-ultra-power\\\/#primaryimage\",\"url\":\"https:\\\/\\\/www.veltec.eu\\\/wp-content\\\/uploads\\\/2024\\\/11\\\/conga-9590-spin-revolution-ultra-power_5c2qgv_1.png\",\"contentUrl\":\"https:\\\/\\\/www.veltec.eu\\\/wp-content\\\/uploads\\\/2024\\\/11\\\/conga-9590-spin-revolution-ultra-power_5c2qgv_1.png\",\"width\":640,\"height\":640},{\"@type\":\"BreadcrumbList\",\"@id\":\"https:\\\/\\\/www.veltec.eu\\\/es\\\/product\\\/conga-9590-ultra-power\\\/#breadcrumb\",\"itemListElement\":[{\"@type\":\"ListItem\",\"position\":1,\"name\":\"Home\",\"item\":\"https:\\\/\\\/www.veltec.eu\\\/es\\\/\"},{\"@type\":\"ListItem\",\"position\":2,\"name\":\"Tienda Kirby\",\"item\":\"https:\\\/\\\/www.veltec.eu\\\/es\\\/tienda-kirby\\\/\"},{\"@type\":\"ListItem\",\"position\":3,\"name\":\"Conga 9590 Ultra Power\"}]},{\"@type\":\"WebSite\",\"@id\":\"https:\\\/\\\/www.veltec.eu\\\/en\\\/#website\",\"url\":\"https:\\\/\\\/www.veltec.eu\\\/en\\\/\",\"name\":\"Veltec Kirby specialist\",\"description\":\"Kirby stofzuiger producten\",\"publisher\":{\"@id\":\"https:\\\/\\\/www.veltec.eu\\\/en\\\/#organization\"},\"potentialAction\":[{\"@type\":\"SearchAction\",\"target\":{\"@type\":\"EntryPoint\",\"urlTemplate\":\"https:\\\/\\\/www.veltec.eu\\\/en\\\/?s={search_term_string}\"},\"query-input\":{\"@type\":\"PropertyValueSpecification\",\"valueRequired\":true,\"valueName\":\"search_term_string\"}}],\"inLanguage\":\"es\"},{\"@type\":\"Organization\",\"@id\":\"https:\\\/\\\/www.veltec.eu\\\/en\\\/#organization\",\"name\":\"Veltec Kirby Specialist\",\"url\":\"https:\\\/\\\/www.veltec.eu\\\/en\\\/\",\"logo\":{\"@type\":\"ImageObject\",\"inLanguage\":\"es\",\"@id\":\"https:\\\/\\\/www.veltec.eu\\\/en\\\/#\\\/schema\\\/logo\\\/image\\\/\",\"url\":\"https:\\\/\\\/www.veltec.eu\\\/wp-content\\\/uploads\\\/2021\\\/12\\\/Veltec-log-groot-e1537260889125.png\",\"contentUrl\":\"https:\\\/\\\/www.veltec.eu\\\/wp-content\\\/uploads\\\/2021\\\/12\\\/Veltec-log-groot-e1537260889125.png\",\"width\":200,\"height\":60,\"caption\":\"Veltec Kirby Specialist\"},\"image\":{\"@id\":\"https:\\\/\\\/www.veltec.eu\\\/en\\\/#\\\/schema\\\/logo\\\/image\\\/\"},\"sameAs\":[\"https:\\\/\\\/www.facebook.com\\\/Veltec-Kirby-Specialist-236746293374877\\\/\",\"https:\\\/\\\/www.youtube.com\\\/user\\\/VeltecService\"]}]}<\/script>\n<!-- \/ Yoast SEO Premium plugin. -->","yoast_head_json":{"title":"Conga 9590 Ultra Power - Veltec Kirby specialist","description":"Conga 9590 Ultra Power Veltec es proveedor de aspiradoras Kirby desde hace m\u00e1s de 25 a\u00f1os. Y es su especialista de servicio Kirby de confianza.","robots":{"index":"index","follow":"follow","max-snippet":"max-snippet:-1","max-image-preview":"max-image-preview:large","max-video-preview":"max-video-preview:-1"},"canonical":"https:\/\/www.veltec.eu\/es\/product\/conga-9590-ultra-power\/","og_locale":"es_ES","og_type":"article","og_title":"Conga 9590 Ultra Power","og_description":"Conga 9590 Ultra Power - Robot aspirador con navegaci\u00f3n l\u00e1ser inteligente. 4 en 1: friega, aspira, pasa la mopa y limpia. 10.000 Pa de succi\u00f3n. M\u00e1ximo 240 minutos de autonom\u00eda. Fregado profesional con mopas giratorias. Cepillo de silicona, \u00f3ptimo para pelo de mascotas. 1 cepillo lateral. 4 niveles de potencia de aspiraci\u00f3n y fregado. Control APP Cecotec y asistentes virtuales.  &nbsp; En stock   El plazo de entrega oscila entre 5 y 10 d\u00edas laborables    2 a\u00f1os de garant\u00eda  &nbsp;","og_url":"https:\/\/www.veltec.eu\/es\/product\/conga-9590-ultra-power\/","og_site_name":"Veltec Kirby specialist","article_publisher":"https:\/\/www.facebook.com\/Veltec-Kirby-Specialist-236746293374877\/","article_modified_time":"2025-01-23T13:00:17+00:00","og_image":[{"width":640,"height":640,"url":"https:\/\/www.veltec.eu\/wp-content\/uploads\/2024\/11\/conga-9590-spin-revolution-ultra-power_5c2qgv_1.png","type":"image\/png"}],"twitter_card":"summary_large_image","twitter_misc":{"Tiempo de lectura":"3 minutos"},"schema":{"@context":"https:\/\/schema.org","@graph":[{"@type":"WebPage","@id":"https:\/\/www.veltec.eu\/es\/product\/conga-9590-ultra-power\/","url":"https:\/\/www.veltec.eu\/es\/product\/conga-9590-ultra-power\/","name":"Conga 9590 Ultra Power - Veltec Kirby specialist","isPartOf":{"@id":"https:\/\/www.veltec.eu\/en\/#website"},"primaryImageOfPage":{"@id":"https:\/\/www.veltec.eu\/es\/product\/conga-9590-ultra-power\/#primaryimage"},"image":{"@id":"https:\/\/www.veltec.eu\/es\/product\/conga-9590-ultra-power\/#primaryimage"},"thumbnailUrl":"https:\/\/www.veltec.eu\/wp-content\/uploads\/2024\/11\/conga-9590-spin-revolution-ultra-power_5c2qgv_1.png","datePublished":"2024-11-20T14:34:33+00:00","dateModified":"2025-01-23T13:00:17+00:00","description":"Conga 9590 Ultra Power Veltec es proveedor de aspiradoras Kirby desde hace m\u00e1s de 25 a\u00f1os. Y es su especialista de servicio Kirby de confianza.","breadcrumb":{"@id":"https:\/\/www.veltec.eu\/es\/product\/conga-9590-ultra-power\/#breadcrumb"},"inLanguage":"es","potentialAction":[{"@type":"ReadAction","target":["https:\/\/www.veltec.eu\/es\/product\/conga-9590-ultra-power\/"]}]},{"@type":"ImageObject","inLanguage":"es","@id":"https:\/\/www.veltec.eu\/es\/product\/conga-9590-ultra-power\/#primaryimage","url":"https:\/\/www.veltec.eu\/wp-content\/uploads\/2024\/11\/conga-9590-spin-revolution-ultra-power_5c2qgv_1.png","contentUrl":"https:\/\/www.veltec.eu\/wp-content\/uploads\/2024\/11\/conga-9590-spin-revolution-ultra-power_5c2qgv_1.png","width":640,"height":640},{"@type":"BreadcrumbList","@id":"https:\/\/www.veltec.eu\/es\/product\/conga-9590-ultra-power\/#breadcrumb","itemListElement":[{"@type":"ListItem","position":1,"name":"Home","item":"https:\/\/www.veltec.eu\/es\/"},{"@type":"ListItem","position":2,"name":"Tienda Kirby","item":"https:\/\/www.veltec.eu\/es\/tienda-kirby\/"},{"@type":"ListItem","position":3,"name":"Conga 9590 Ultra Power"}]},{"@type":"WebSite","@id":"https:\/\/www.veltec.eu\/en\/#website","url":"https:\/\/www.veltec.eu\/en\/","name":"Veltec Kirby specialist","description":"Kirby stofzuiger producten","publisher":{"@id":"https:\/\/www.veltec.eu\/en\/#organization"},"potentialAction":[{"@type":"SearchAction","target":{"@type":"EntryPoint","urlTemplate":"https:\/\/www.veltec.eu\/en\/?s={search_term_string}"},"query-input":{"@type":"PropertyValueSpecification","valueRequired":true,"valueName":"search_term_string"}}],"inLanguage":"es"},{"@type":"Organization","@id":"https:\/\/www.veltec.eu\/en\/#organization","name":"Veltec Kirby Specialist","url":"https:\/\/www.veltec.eu\/en\/","logo":{"@type":"ImageObject","inLanguage":"es","@id":"https:\/\/www.veltec.eu\/en\/#\/schema\/logo\/image\/","url":"https:\/\/www.veltec.eu\/wp-content\/uploads\/2021\/12\/Veltec-log-groot-e1537260889125.png","contentUrl":"https:\/\/www.veltec.eu\/wp-content\/uploads\/2021\/12\/Veltec-log-groot-e1537260889125.png","width":200,"height":60,"caption":"Veltec Kirby Specialist"},"image":{"@id":"https:\/\/www.veltec.eu\/en\/#\/schema\/logo\/image\/"},"sameAs":["https:\/\/www.facebook.com\/Veltec-Kirby-Specialist-236746293374877\/","https:\/\/www.youtube.com\/user\/VeltecService"]}]}},"_links":{"self":[{"href":"https:\/\/www.veltec.eu\/es\/wp-json\/wp\/v2\/product\/70435","targetHints":{"allow":["GET"]}}],"collection":[{"href":"https:\/\/www.veltec.eu\/es\/wp-json\/wp\/v2\/product"}],"about":[{"href":"https:\/\/www.veltec.eu\/es\/wp-json\/wp\/v2\/types\/product"}],"replies":[{"embeddable":true,"href":"https:\/\/www.veltec.eu\/es\/wp-json\/wp\/v2\/comments?post=70435"}],"wp:featuredmedia":[{"embeddable":true,"href":"https:\/\/www.veltec.eu\/es\/wp-json\/wp\/v2\/media\/70347"}],"wp:attachment":[{"href":"https:\/\/www.veltec.eu\/es\/wp-json\/wp\/v2\/media?parent=70435"}],"wp:term":[{"taxonomy":"product_brand","embeddable":true,"href":"https:\/\/www.veltec.eu\/es\/wp-json\/wp\/v2\/product_brand?post=70435"},{"taxonomy":"product_cat","embeddable":true,"href":"https:\/\/www.veltec.eu\/es\/wp-json\/wp\/v2\/product_cat?post=70435"},{"taxonomy":"product_tag","embeddable":true,"href":"https:\/\/www.veltec.eu\/es\/wp-json\/wp\/v2\/product_tag?post=70435"}],"curies":[{"name":"wp","href":"https:\/\/api.w.org\/{rel}","templated":true}]}}