{"id":69110,"date":"2024-11-01T13:51:37","date_gmt":"2024-11-01T11:51:37","guid":{"rendered":"https:\/\/www.veltec.eu\/product\/conga-home-2000\/"},"modified":"2025-01-23T15:09:16","modified_gmt":"2025-01-23T13:09:16","slug":"conga-home-2000","status":"publish","type":"product","link":"https:\/\/www.veltec.eu\/es\/product\/conga-home-2000\/","title":{"rendered":"Conga Home 2000"},"content":{"rendered":"<h1 class=\"css-1tq25n3\">Conga Home 2000<\/h1>\n<div id=\"technical-details\" class=\"css-0 egxb0x40\">\n<div class=\"css-1vrowg6\">\n<div id=\"description\" class=\"e1pizqy33 css-1gvl2s3\">\n<div class=\"css-1aprn8v e1pizqy32\">\n<p>Base de autovaciado CONGA HOME 2.000. Compatible con las series 2000 y <a href=\"\/nl?p=61517\">Conga Perfect&amp;Clean Connected Titanium<\/a>. Vaciado autom\u00e1tico del robot. Limpieza higi\u00e9nica. Detecci\u00f3n de bolsa autom\u00e1tica. 2\u00a0 litros de capacidad.<\/p>\n<ul>\n<li>Con el sistema SmartClean podr\u00e1s vaciar de forma autom\u00e1tica e inteligente el dep\u00f3sito de s\u00f3lidos y mixto del robot.<\/li>\n<li>PureFilter: limpieza de filtro r\u00e1pida y eficiente.<\/li>\n<li>Las bolsas higi\u00e9nicas facilita el no contacto directo con el polvo y la suciedad, evitando as\u00ed mancharte<\/li>\n<li>Detecci\u00f3n autom\u00e1tica de la bolsa. El sistema detecta si dispone de bolsa y en su defecto, te avisa.<\/li>\n<li>Capacidad de la bolsa de 2 L.<\/li>\n<li>AutoCharge: carga autom\u00e1tica de la bater\u00eda.<\/li>\n<li>Compatible con <a href=\"\/nl?p=61517\">Conga Perfect&amp;Clean Connected Titanium<\/a>.<\/li>\n<\/ul>\n<\/div>\n<\/div>\n<\/div>\n<div class=\"css-1vrowg6\">\n<div id=\"composition\" class=\"e1hv9n5v2 css-ldw7pi\">\n<p><strong><span class=\"e1hv9n5v0 css-hga4sk\">Composici\u00f3n<\/span><\/strong><\/p>\n<div class=\"css-1azcdyx e1hv9n5v1\">\n<ul>\n<li>Base de autovaciado<\/li>\n<li>2 bolsas higi\u00e9nicas<\/li>\n<li>Manual de instrucciones<\/li>\n<\/ul>\n<\/div>\n<\/div>\n<\/div>\n<\/div>\n","protected":false},"excerpt":{"rendered":"<p>Serie 2290 Base de autovaciado Conga Home 2000. Compatible con <a href=\"https:\/\/www.veltec.eu\/es\/product\/conga-perfectclean-connected-titanium\/\">Conga Perfect&amp;Clean Connected Titanium<\/a>, Vaciado Autom\u00e1tico del Robot, Limpieza Higi\u00e9nica, Detecci\u00f3n de Bolsa Autom\u00e1tica, Capacidad 2 litros.<\/p>\n<p>&nbsp;<\/p>\n<h3><span style=\"color: #008000;\">En stock<\/span><\/h3>\n[av_font_icon icon='ue812' font='entypo-fontello' style='' caption='' size='25px' position='left' color='#43ad66' link='' linktarget='' title_attr='' sonar_effect_effect='' sonar_effect_color='' sonar_effect_duration='1' sonar_effect_scale='' sonar_effect_opac='0.5' animation='' id='' custom_class='' template_class='' av_uid='' sc_version='1.0' admin_preview_bg=''][\/av_font_icon]\n<p><span style=\"color: #008000;\">El plazo de entrega oscila entre 5 y 10 d\u00edas laborables<\/span><\/p>\n[av_font_icon icon='ue812' font='entypo-fontello' style='' caption='' size='25px' position='left' color='#43ad66' link='' linktarget='' title_attr='' sonar_effect_effect='' sonar_effect_color='' sonar_effect_duration='1' sonar_effect_scale='' sonar_effect_opac='0.5' animation='' id='' custom_class='' template_class='' av_uid='' sc_version='1.0' admin_preview_bg=''][\/av_font_icon]\n<p><span style=\"color: #008000;\">2 a\u00f1os de garant\u00eda<\/span><\/p>\n<p>&nbsp;<\/p>\n","protected":false},"featured_media":69047,"comment_status":"open","ping_status":"closed","template":"","meta":{"_acf_changed":false},"product_brand":[],"product_cat":[26],"product_tag":[],"class_list":{"0":"post-69110","1":"product","2":"type-product","3":"status-publish","4":"has-post-thumbnail","6":"product_cat-overige-producten","8":"first","9":"outofstock","10":"taxable","11":"shipping-taxable","12":"purchasable","13":"product-type-simple"},"acf":[],"yoast_head":"<!-- This site is optimized with the Yoast SEO Premium plugin v27.1 (Yoast SEO v27.4) - https:\/\/yoast.com\/product\/yoast-seo-premium-wordpress\/ -->\n<title>Conga Home 2000 - Veltec Kirby specialist<\/title>\n<meta name=\"description\" content=\"Conga Home 2000 - Veltec es proveedor de aspiradoras Kirby desde hace m\u00e1s de 25 a\u00f1os. Y es su especialista de servicio Kirby de confianza.\" \/>\n<meta name=\"robots\" content=\"index, follow, max-snippet:-1, max-image-preview:large, max-video-preview:-1\" \/>\n<link rel=\"canonical\" href=\"https:\/\/www.veltec.eu\/es\/product\/conga-home-2000\/\" \/>\n<meta property=\"og:locale\" content=\"es_ES\" \/>\n<meta property=\"og:type\" content=\"article\" \/>\n<meta property=\"og:title\" content=\"Conga Home 2000\" \/>\n<meta property=\"og:description\" content=\"Serie 2290 Base de autovaciado Conga Home 2000. Compatible con Conga Perfect&amp;Clean Connected Titanium, Vaciado Autom\u00e1tico del Robot, Limpieza Higi\u00e9nica, Detecci\u00f3n de Bolsa Autom\u00e1tica, Capacidad 2 litros.  &nbsp; En stock   El plazo de entrega oscila entre 5 y 10 d\u00edas laborables    2 a\u00f1os de garant\u00eda  &nbsp;\" \/>\n<meta property=\"og:url\" content=\"https:\/\/www.veltec.eu\/es\/product\/conga-home-2000\/\" \/>\n<meta property=\"og:site_name\" content=\"Veltec Kirby specialist\" \/>\n<meta property=\"article:publisher\" content=\"https:\/\/www.facebook.com\/Veltec-Kirby-Specialist-236746293374877\/\" \/>\n<meta property=\"article:modified_time\" content=\"2025-01-23T13:09:16+00:00\" \/>\n<meta property=\"og:image\" content=\"https:\/\/www.veltec.eu\/wp-content\/uploads\/2024\/11\/05662_1.png\" \/>\n\t<meta property=\"og:image:width\" content=\"640\" \/>\n\t<meta property=\"og:image:height\" content=\"640\" \/>\n\t<meta property=\"og:image:type\" content=\"image\/png\" \/>\n<meta name=\"twitter:card\" content=\"summary_large_image\" \/>\n<meta name=\"twitter:label1\" content=\"Tiempo de lectura\" \/>\n\t<meta name=\"twitter:data1\" content=\"1 minuto\" \/>\n<script type=\"application\/ld+json\" class=\"yoast-schema-graph\">{\"@context\":\"https:\\\/\\\/schema.org\",\"@graph\":[{\"@type\":\"WebPage\",\"@id\":\"https:\\\/\\\/www.veltec.eu\\\/es\\\/product\\\/conga-home-2000\\\/\",\"url\":\"https:\\\/\\\/www.veltec.eu\\\/es\\\/product\\\/conga-home-2000\\\/\",\"name\":\"Conga Home 2000 - Veltec Kirby specialist\",\"isPartOf\":{\"@id\":\"https:\\\/\\\/www.veltec.eu\\\/en\\\/#website\"},\"primaryImageOfPage\":{\"@id\":\"https:\\\/\\\/www.veltec.eu\\\/es\\\/product\\\/conga-home-2000\\\/#primaryimage\"},\"image\":{\"@id\":\"https:\\\/\\\/www.veltec.eu\\\/es\\\/product\\\/conga-home-2000\\\/#primaryimage\"},\"thumbnailUrl\":\"https:\\\/\\\/www.veltec.eu\\\/wp-content\\\/uploads\\\/2024\\\/11\\\/05662_1.png\",\"datePublished\":\"2024-11-01T11:51:37+00:00\",\"dateModified\":\"2025-01-23T13:09:16+00:00\",\"description\":\"Conga Home 2000 - Veltec es proveedor de aspiradoras Kirby desde hace m\u00e1s de 25 a\u00f1os. Y es su especialista de servicio Kirby de confianza.\",\"breadcrumb\":{\"@id\":\"https:\\\/\\\/www.veltec.eu\\\/es\\\/product\\\/conga-home-2000\\\/#breadcrumb\"},\"inLanguage\":\"es\",\"potentialAction\":[{\"@type\":\"ReadAction\",\"target\":[\"https:\\\/\\\/www.veltec.eu\\\/es\\\/product\\\/conga-home-2000\\\/\"]}]},{\"@type\":\"ImageObject\",\"inLanguage\":\"es\",\"@id\":\"https:\\\/\\\/www.veltec.eu\\\/es\\\/product\\\/conga-home-2000\\\/#primaryimage\",\"url\":\"https:\\\/\\\/www.veltec.eu\\\/wp-content\\\/uploads\\\/2024\\\/11\\\/05662_1.png\",\"contentUrl\":\"https:\\\/\\\/www.veltec.eu\\\/wp-content\\\/uploads\\\/2024\\\/11\\\/05662_1.png\",\"width\":640,\"height\":640},{\"@type\":\"BreadcrumbList\",\"@id\":\"https:\\\/\\\/www.veltec.eu\\\/es\\\/product\\\/conga-home-2000\\\/#breadcrumb\",\"itemListElement\":[{\"@type\":\"ListItem\",\"position\":1,\"name\":\"Home\",\"item\":\"https:\\\/\\\/www.veltec.eu\\\/es\\\/\"},{\"@type\":\"ListItem\",\"position\":2,\"name\":\"Tienda Kirby\",\"item\":\"https:\\\/\\\/www.veltec.eu\\\/es\\\/tienda-kirby\\\/\"},{\"@type\":\"ListItem\",\"position\":3,\"name\":\"Conga Home 2000\"}]},{\"@type\":\"WebSite\",\"@id\":\"https:\\\/\\\/www.veltec.eu\\\/en\\\/#website\",\"url\":\"https:\\\/\\\/www.veltec.eu\\\/en\\\/\",\"name\":\"Veltec Kirby specialist\",\"description\":\"Kirby stofzuiger producten\",\"publisher\":{\"@id\":\"https:\\\/\\\/www.veltec.eu\\\/en\\\/#organization\"},\"potentialAction\":[{\"@type\":\"SearchAction\",\"target\":{\"@type\":\"EntryPoint\",\"urlTemplate\":\"https:\\\/\\\/www.veltec.eu\\\/en\\\/?s={search_term_string}\"},\"query-input\":{\"@type\":\"PropertyValueSpecification\",\"valueRequired\":true,\"valueName\":\"search_term_string\"}}],\"inLanguage\":\"es\"},{\"@type\":\"Organization\",\"@id\":\"https:\\\/\\\/www.veltec.eu\\\/en\\\/#organization\",\"name\":\"Veltec Kirby Specialist\",\"url\":\"https:\\\/\\\/www.veltec.eu\\\/en\\\/\",\"logo\":{\"@type\":\"ImageObject\",\"inLanguage\":\"es\",\"@id\":\"https:\\\/\\\/www.veltec.eu\\\/en\\\/#\\\/schema\\\/logo\\\/image\\\/\",\"url\":\"https:\\\/\\\/www.veltec.eu\\\/wp-content\\\/uploads\\\/2021\\\/12\\\/Veltec-log-groot-e1537260889125.png\",\"contentUrl\":\"https:\\\/\\\/www.veltec.eu\\\/wp-content\\\/uploads\\\/2021\\\/12\\\/Veltec-log-groot-e1537260889125.png\",\"width\":200,\"height\":60,\"caption\":\"Veltec Kirby Specialist\"},\"image\":{\"@id\":\"https:\\\/\\\/www.veltec.eu\\\/en\\\/#\\\/schema\\\/logo\\\/image\\\/\"},\"sameAs\":[\"https:\\\/\\\/www.facebook.com\\\/Veltec-Kirby-Specialist-236746293374877\\\/\",\"https:\\\/\\\/www.youtube.com\\\/user\\\/VeltecService\"]}]}<\/script>\n<!-- \/ Yoast SEO Premium plugin. -->","yoast_head_json":{"title":"Conga Home 2000 - Veltec Kirby specialist","description":"Conga Home 2000 - Veltec es proveedor de aspiradoras Kirby desde hace m\u00e1s de 25 a\u00f1os. Y es su especialista de servicio Kirby de confianza.","robots":{"index":"index","follow":"follow","max-snippet":"max-snippet:-1","max-image-preview":"max-image-preview:large","max-video-preview":"max-video-preview:-1"},"canonical":"https:\/\/www.veltec.eu\/es\/product\/conga-home-2000\/","og_locale":"es_ES","og_type":"article","og_title":"Conga Home 2000","og_description":"Serie 2290 Base de autovaciado Conga Home 2000. Compatible con Conga Perfect&amp;Clean Connected Titanium, Vaciado Autom\u00e1tico del Robot, Limpieza Higi\u00e9nica, Detecci\u00f3n de Bolsa Autom\u00e1tica, Capacidad 2 litros.  &nbsp; En stock   El plazo de entrega oscila entre 5 y 10 d\u00edas laborables    2 a\u00f1os de garant\u00eda  &nbsp;","og_url":"https:\/\/www.veltec.eu\/es\/product\/conga-home-2000\/","og_site_name":"Veltec Kirby specialist","article_publisher":"https:\/\/www.facebook.com\/Veltec-Kirby-Specialist-236746293374877\/","article_modified_time":"2025-01-23T13:09:16+00:00","og_image":[{"width":640,"height":640,"url":"https:\/\/www.veltec.eu\/wp-content\/uploads\/2024\/11\/05662_1.png","type":"image\/png"}],"twitter_card":"summary_large_image","twitter_misc":{"Tiempo de lectura":"1 minuto"},"schema":{"@context":"https:\/\/schema.org","@graph":[{"@type":"WebPage","@id":"https:\/\/www.veltec.eu\/es\/product\/conga-home-2000\/","url":"https:\/\/www.veltec.eu\/es\/product\/conga-home-2000\/","name":"Conga Home 2000 - Veltec Kirby specialist","isPartOf":{"@id":"https:\/\/www.veltec.eu\/en\/#website"},"primaryImageOfPage":{"@id":"https:\/\/www.veltec.eu\/es\/product\/conga-home-2000\/#primaryimage"},"image":{"@id":"https:\/\/www.veltec.eu\/es\/product\/conga-home-2000\/#primaryimage"},"thumbnailUrl":"https:\/\/www.veltec.eu\/wp-content\/uploads\/2024\/11\/05662_1.png","datePublished":"2024-11-01T11:51:37+00:00","dateModified":"2025-01-23T13:09:16+00:00","description":"Conga Home 2000 - Veltec es proveedor de aspiradoras Kirby desde hace m\u00e1s de 25 a\u00f1os. Y es su especialista de servicio Kirby de confianza.","breadcrumb":{"@id":"https:\/\/www.veltec.eu\/es\/product\/conga-home-2000\/#breadcrumb"},"inLanguage":"es","potentialAction":[{"@type":"ReadAction","target":["https:\/\/www.veltec.eu\/es\/product\/conga-home-2000\/"]}]},{"@type":"ImageObject","inLanguage":"es","@id":"https:\/\/www.veltec.eu\/es\/product\/conga-home-2000\/#primaryimage","url":"https:\/\/www.veltec.eu\/wp-content\/uploads\/2024\/11\/05662_1.png","contentUrl":"https:\/\/www.veltec.eu\/wp-content\/uploads\/2024\/11\/05662_1.png","width":640,"height":640},{"@type":"BreadcrumbList","@id":"https:\/\/www.veltec.eu\/es\/product\/conga-home-2000\/#breadcrumb","itemListElement":[{"@type":"ListItem","position":1,"name":"Home","item":"https:\/\/www.veltec.eu\/es\/"},{"@type":"ListItem","position":2,"name":"Tienda Kirby","item":"https:\/\/www.veltec.eu\/es\/tienda-kirby\/"},{"@type":"ListItem","position":3,"name":"Conga Home 2000"}]},{"@type":"WebSite","@id":"https:\/\/www.veltec.eu\/en\/#website","url":"https:\/\/www.veltec.eu\/en\/","name":"Veltec Kirby specialist","description":"Kirby stofzuiger producten","publisher":{"@id":"https:\/\/www.veltec.eu\/en\/#organization"},"potentialAction":[{"@type":"SearchAction","target":{"@type":"EntryPoint","urlTemplate":"https:\/\/www.veltec.eu\/en\/?s={search_term_string}"},"query-input":{"@type":"PropertyValueSpecification","valueRequired":true,"valueName":"search_term_string"}}],"inLanguage":"es"},{"@type":"Organization","@id":"https:\/\/www.veltec.eu\/en\/#organization","name":"Veltec Kirby Specialist","url":"https:\/\/www.veltec.eu\/en\/","logo":{"@type":"ImageObject","inLanguage":"es","@id":"https:\/\/www.veltec.eu\/en\/#\/schema\/logo\/image\/","url":"https:\/\/www.veltec.eu\/wp-content\/uploads\/2021\/12\/Veltec-log-groot-e1537260889125.png","contentUrl":"https:\/\/www.veltec.eu\/wp-content\/uploads\/2021\/12\/Veltec-log-groot-e1537260889125.png","width":200,"height":60,"caption":"Veltec Kirby Specialist"},"image":{"@id":"https:\/\/www.veltec.eu\/en\/#\/schema\/logo\/image\/"},"sameAs":["https:\/\/www.facebook.com\/Veltec-Kirby-Specialist-236746293374877\/","https:\/\/www.youtube.com\/user\/VeltecService"]}]}},"_links":{"self":[{"href":"https:\/\/www.veltec.eu\/es\/wp-json\/wp\/v2\/product\/69110","targetHints":{"allow":["GET"]}}],"collection":[{"href":"https:\/\/www.veltec.eu\/es\/wp-json\/wp\/v2\/product"}],"about":[{"href":"https:\/\/www.veltec.eu\/es\/wp-json\/wp\/v2\/types\/product"}],"replies":[{"embeddable":true,"href":"https:\/\/www.veltec.eu\/es\/wp-json\/wp\/v2\/comments?post=69110"}],"wp:featuredmedia":[{"embeddable":true,"href":"https:\/\/www.veltec.eu\/es\/wp-json\/wp\/v2\/media\/69047"}],"wp:attachment":[{"href":"https:\/\/www.veltec.eu\/es\/wp-json\/wp\/v2\/media?parent=69110"}],"wp:term":[{"taxonomy":"product_brand","embeddable":true,"href":"https:\/\/www.veltec.eu\/es\/wp-json\/wp\/v2\/product_brand?post=69110"},{"taxonomy":"product_cat","embeddable":true,"href":"https:\/\/www.veltec.eu\/es\/wp-json\/wp\/v2\/product_cat?post=69110"},{"taxonomy":"product_tag","embeddable":true,"href":"https:\/\/www.veltec.eu\/es\/wp-json\/wp\/v2\/product_tag?post=69110"}],"curies":[{"name":"wp","href":"https:\/\/api.w.org\/{rel}","templated":true}]}}