{"id":68894,"date":"2024-10-22T16:13:09","date_gmt":"2024-10-22T14:13:09","guid":{"rendered":"https:\/\/www.veltec.eu\/product\/conga-7490-x-treme-2\/"},"modified":"2025-06-11T13:29:29","modified_gmt":"2025-06-11T11:29:29","slug":"robot-aspirador-7490-x-treme","status":"publish","type":"product","link":"https:\/\/www.veltec.eu\/es\/product\/robot-aspirador-7490-x-treme\/","title":{"rendered":"Robot aspirador 7490 X-Treme"},"content":{"rendered":"<h1>Robot aspirador 7490 X-Treme<\/h1>\n<p>Robot aspirador 7490 X-Treme con navegaci\u00f3n l\u00e1ser y base autovaciante.<\/p>\n<p><a href=\"\/nl?product_cat=robots-aspirador\">Encuentre todos los Robots aspiradores aqu\u00ed<\/a><\/p>\n<h2>Robot aspirador 7490 X-Treme &#8211; Limpieza definitiva con tecnolog\u00eda inteligente<\/h2>\n<p>\u00bfEst\u00e1 buscando un robot aspirador potente e inteligente que mantenga su hogar limpio sin esfuerzo? El robot aspirador 7490 X-Treme es la elecci\u00f3n perfecta. Con navegaci\u00f3n l\u00e1ser avanzada, una base autodrenante y una potente succi\u00f3n de 4000 Pa, este robot ofrece una experiencia de limpieza insuperable. Siga leyendo y descubra por qu\u00e9 el 7490 X-Treme es su compa\u00f1ero de limpieza ideal.<\/p>\n<h3>Robot aspirador 7490 X-Treme Navegaci\u00f3n L\u00e1ser: Limpieza precisa y eficaz<\/h3>\n<p>Gracias a su avanzada navegaci\u00f3n l\u00e1ser, el 7490 X-Treme escanea y aprende su hogar en tiempo real. Esto garantiza una ruta de limpieza eficiente y sistem\u00e1tica, de modo que no se salta ning\u00fan rinc\u00f3n. A diferencia de los sistemas de navegaci\u00f3n aleatorios, la tecnolog\u00eda inteligente garantiza que su suelo quede perfectamente limpio en un tiempo m\u00ednimo. Esto no s\u00f3lo ahorra tiempo, sino tambi\u00e9n energ\u00eda.<\/p>\n<h3>Vaciado autom\u00e1tico del polvo: se acab\u00f3 el vaciado manual<\/h3>\n<p>Una de las caracter\u00edsticas m\u00e1s revolucionarias del Robot Aspirador 7490 X-Treme es su vaciado autom\u00e1tico del polvo. Una vez que el robot ha terminado de limpiar, vuelve a su base autovaciante e inmediatamente comienza a vaciar el dep\u00f3sito de polvo. La bolsa para el polvo de 2 litros incorporada le garantiza que no tendr\u00e1 que quitar el polvo durante semanas. Como resultado, disfrutar\u00e1 de un proceso de limpieza higi\u00e9nico y sin preocupaciones, sin contacto directo con la suciedad.<\/p>\n<h3>Potente succi\u00f3n para una limpieza a fondo<\/h3>\n<p>Con una impresionante potencia de succi\u00f3n de 4000 Pa, la 7490 X-Treme elimina sin esfuerzo la suciedad, el polvo y el pelo de mascotas de todas las superficies. Tanto si tiene suelos duros como alfombras, este robot aspirador se ajusta y ofrece siempre un rendimiento \u00f3ptimo. Gracias al cepillo central multifuncional, incluso la suciedad m\u00e1s resistente se desprende y aspira con eficacia.<\/p>\n<h3>Robot aspirador 7490 X-Treme con bater\u00eda de larga duraci\u00f3n y funci\u00f3n de carga inteligente<\/h3>\n<p>La bater\u00eda de 2600 mAh ofrece hasta 120 minutos de tiempo de limpieza. \u00bfY si la bater\u00eda se agota durante una sesi\u00f3n de limpieza? Ning\u00fan problema. El robot vuelve autom\u00e1ticamente a su base de carga para recargarse y, a continuaci\u00f3n, reanuda su tarea de limpieza programada. Como resultado, nunca tendr\u00e1 que preocuparse por tareas de limpieza inacabadas.<\/p>\n<h3>Plan de habitaciones: planifique y controle la limpieza<\/h3>\n<p>Con la funci\u00f3n Room Plan, usted decide f\u00e1cilmente qu\u00e9 habitaciones limpiar y cu\u00e1ndo. El robot crea un plano virtual de su casa, lo que le permite programar las tareas de limpieza, marcar zonas y ajustar configuraciones espec\u00edficas a trav\u00e9s de la aplicaci\u00f3n f\u00e1cil de usar.<\/p>\n<h3>Limpieza 4 en 1: aspirar, fregar, barrer y fregar<\/h3>\n<p>La 7490 X-Treme es m\u00e1s que una aspiradora. Gracias a su funcionalidad 4 en 1, no solo puede aspirar, sino tambi\u00e9n pasar la mopa, barrer y fregar. El innovador movimiento de fregado de vaiv\u00e9n garantiza que incluso las manchas m\u00e1s dif\u00edciles desaparezcan sin esfuerzo. As\u00ed siempre disfrutar\u00e1 de un suelo reluciente sin ning\u00fan esfuerzo.<\/p>\n<h3>10 modos de limpieza: Una soluci\u00f3n para cada situaci\u00f3n<\/h3>\n<p>Con nada menos que 10 modos de limpieza diferentes, el robot aspirador 7490 ofrece la soluci\u00f3n perfecta para cada necesidad de limpieza. Tanto si necesita una limpieza intensiva, una limpieza r\u00e1pida o quiere limpiar zonas espec\u00edficas, este robot se adapta sin esfuerzo a sus necesidades.<\/p>\n<h3>Tecnolog\u00eda avanzada para un uso m\u00e1ximo<\/h3>\n<p>La funci\u00f3n Bag Detect garantiza que la base de autodrenaje s\u00f3lo funcione cuando se introduce una bolsa higi\u00e9nica, lo que ofrece una seguridad y comodidad adicionales. Adem\u00e1s, usted tiene el control total a trav\u00e9s de la funci\u00f3n APP Control. Controle f\u00e1cilmente el robot desde su smartphone, establezca programas de limpieza y supervise el historial de limpieza con solo unos toques.<\/p>\n<h3>\u00a1P\u00eddalo ahora y disfrute de una limpieza sin preocupaciones!<\/h3>\n<p>\u00bfEst\u00e1 listo para externalizar la limpieza para siempre? Elija el Robot Aspirador 7490 X-Treme y experimente la comodidad de un aspirador rob\u00f3tico avanzado y potente. \u00a1P\u00eddalo hoy y disfrute de un hogar higi\u00e9nicamente limpio sin ning\u00fan esfuerzo!<\/p>\n<h3>Composici\u00f3n Robot aspirador 7490 X-Treme<\/h3>\n<ul>\n<li>1 cepillo lateral<\/li>\n<li>Base autodrenante<\/li>\n<li>Bolsa higi\u00e9nica de 2 litros<\/li>\n<li>Cepillo autolimpiante<\/li>\n<li>Cepillo multiusos<\/li>\n<li>Dep\u00f3sito mixto<\/li>\n<li>Filtro de alta eficacia<\/li>\n<li>Manual de instrucciones<\/li>\n<li>Robot aspirador<\/li>\n<li>Mopa fregadora<\/li>\n<\/ul>\n","protected":false},"excerpt":{"rendered":"<p>Robot aspirador 7490 X-Treme con navegaci\u00f3n l\u00e1ser y base autodrenante. Limpieza 4 en 1: 4 en 1: friega, aspira, pasa la mopa y barre. Potencia de aspiraci\u00f3n de 4000 Pa. Autonom\u00eda de 120 minutos. Cepillo central multifunci\u00f3n, 1 cepillo de fregado y 1 cepillo lateral. 3 niveles de aspiraci\u00f3n y fregado. Control APP y asistentes virtuales. Detecci\u00f3n autom\u00e1tica de bolsas. Capacidad de 2 litros.<\/p>\n<h3><span style=\"color: #008000;\">En stock<\/span><\/h3>\n[av_font_icon icon='ue812' font='entypo-fontello' style='' caption='' size='25px' position='left' color='#43ad66' link='' linktarget='' title_attr='' sonar_effect_effect='' sonar_effect_color='' sonar_effect_duration='1' sonar_effect_scale='' sonar_effect_opac='0.5' animation='' id='' custom_class='' template_class='' av_uid='' sc_version='1.0' admin_preview_bg=''][\/av_font_icon]\n<p><span style=\"color: #008000;\">El plazo de entrega oscila entre 5 y 10 d\u00edas laborables<\/span><\/p>\n[av_font_icon icon='ue812' font='entypo-fontello' style='' caption='' size='25px' position='left' color='#43ad66' link='' linktarget='' title_attr='' sonar_effect_effect='' sonar_effect_color='' sonar_effect_duration='1' sonar_effect_scale='' sonar_effect_opac='0.5' animation='' id='' custom_class='' template_class='' av_uid='' sc_version='1.0' admin_preview_bg=''][\/av_font_icon]\n<p><span style=\"color: #008000;\">2 a\u00f1os de garant\u00eda<\/span><\/p>\n<p>&nbsp;<\/p>\n","protected":false},"featured_media":68813,"comment_status":"open","ping_status":"closed","template":"","meta":{"_acf_changed":false},"product_brand":[],"product_cat":[26],"product_tag":[],"class_list":{"0":"post-68894","1":"product","2":"type-product","3":"status-publish","4":"has-post-thumbnail","6":"product_cat-overige-producten","8":"first","9":"instock","10":"sale","11":"taxable","12":"shipping-taxable","13":"purchasable","14":"product-type-simple"},"acf":[],"yoast_head":"<!-- This site is optimized with the Yoast SEO Premium plugin v27.1 (Yoast SEO v27.4) - https:\/\/yoast.com\/product\/yoast-seo-premium-wordpress\/ -->\n<title>Robot aspirador 7490 X-Treme - Veltec Kirby specialist<\/title>\n<meta name=\"description\" content=\"Robot aspirador 7490 X-Treme - Veltec es proveedor de aspiradoras Kirby desde hace m\u00e1s de 25 a\u00f1os. Kirby es su especialista de confianza.\" \/>\n<meta name=\"robots\" content=\"index, follow, max-snippet:-1, max-image-preview:large, max-video-preview:-1\" \/>\n<link rel=\"canonical\" href=\"https:\/\/www.veltec.eu\/es\/product\/robot-aspirador-7490-x-treme\/\" \/>\n<meta property=\"og:locale\" content=\"es_ES\" \/>\n<meta property=\"og:type\" content=\"article\" \/>\n<meta property=\"og:title\" content=\"Robot aspirador 7490 X-Treme\" \/>\n<meta property=\"og:description\" content=\"Robot aspirador 7490 X-Treme con navegaci\u00f3n l\u00e1ser y base autodrenante. Limpieza 4 en 1: 4 en 1: friega, aspira, pasa la mopa y barre. Potencia de aspiraci\u00f3n de 4000 Pa. Autonom\u00eda de 120 minutos. Cepillo central multifunci\u00f3n, 1 cepillo de fregado y 1 cepillo lateral. 3 niveles de aspiraci\u00f3n y fregado. Control APP y asistentes virtuales. Detecci\u00f3n autom\u00e1tica de bolsas. Capacidad de 2 litros. En stock   El plazo de entrega oscila entre 5 y 10 d\u00edas laborables    2 a\u00f1os de garant\u00eda  &nbsp;\" \/>\n<meta property=\"og:url\" content=\"https:\/\/www.veltec.eu\/es\/product\/robot-aspirador-7490-x-treme\/\" \/>\n<meta property=\"og:site_name\" content=\"Veltec Kirby specialist\" \/>\n<meta property=\"article:publisher\" content=\"https:\/\/www.facebook.com\/Veltec-Kirby-Specialist-236746293374877\/\" \/>\n<meta property=\"article:modified_time\" content=\"2025-06-11T11:29:29+00:00\" \/>\n<meta property=\"og:image\" content=\"https:\/\/www.veltec.eu\/wp-content\/uploads\/2024\/10\/conga-7490-ultimate-home-x-treme_wkofm8_1.png\" \/>\n\t<meta property=\"og:image:width\" content=\"640\" \/>\n\t<meta property=\"og:image:height\" content=\"640\" \/>\n\t<meta property=\"og:image:type\" content=\"image\/png\" \/>\n<meta name=\"twitter:card\" content=\"summary_large_image\" \/>\n<meta name=\"twitter:label1\" content=\"Tiempo de lectura\" \/>\n\t<meta name=\"twitter:data1\" content=\"4 minutos\" \/>\n<script type=\"application\/ld+json\" class=\"yoast-schema-graph\">{\"@context\":\"https:\\\/\\\/schema.org\",\"@graph\":[{\"@type\":\"WebPage\",\"@id\":\"https:\\\/\\\/www.veltec.eu\\\/es\\\/product\\\/robot-aspirador-7490-x-treme\\\/\",\"url\":\"https:\\\/\\\/www.veltec.eu\\\/es\\\/product\\\/robot-aspirador-7490-x-treme\\\/\",\"name\":\"Robot aspirador 7490 X-Treme - Veltec Kirby specialist\",\"isPartOf\":{\"@id\":\"https:\\\/\\\/www.veltec.eu\\\/en\\\/#website\"},\"primaryImageOfPage\":{\"@id\":\"https:\\\/\\\/www.veltec.eu\\\/es\\\/product\\\/robot-aspirador-7490-x-treme\\\/#primaryimage\"},\"image\":{\"@id\":\"https:\\\/\\\/www.veltec.eu\\\/es\\\/product\\\/robot-aspirador-7490-x-treme\\\/#primaryimage\"},\"thumbnailUrl\":\"https:\\\/\\\/www.veltec.eu\\\/wp-content\\\/uploads\\\/2024\\\/10\\\/conga-7490-ultimate-home-x-treme_wkofm8_1.png\",\"datePublished\":\"2024-10-22T14:13:09+00:00\",\"dateModified\":\"2025-06-11T11:29:29+00:00\",\"description\":\"Robot aspirador 7490 X-Treme - Veltec es proveedor de aspiradoras Kirby desde hace m\u00e1s de 25 a\u00f1os. Kirby es su especialista de confianza.\",\"breadcrumb\":{\"@id\":\"https:\\\/\\\/www.veltec.eu\\\/es\\\/product\\\/robot-aspirador-7490-x-treme\\\/#breadcrumb\"},\"inLanguage\":\"es\",\"potentialAction\":[{\"@type\":\"ReadAction\",\"target\":[\"https:\\\/\\\/www.veltec.eu\\\/es\\\/product\\\/robot-aspirador-7490-x-treme\\\/\"]}]},{\"@type\":\"ImageObject\",\"inLanguage\":\"es\",\"@id\":\"https:\\\/\\\/www.veltec.eu\\\/es\\\/product\\\/robot-aspirador-7490-x-treme\\\/#primaryimage\",\"url\":\"https:\\\/\\\/www.veltec.eu\\\/wp-content\\\/uploads\\\/2024\\\/10\\\/conga-7490-ultimate-home-x-treme_wkofm8_1.png\",\"contentUrl\":\"https:\\\/\\\/www.veltec.eu\\\/wp-content\\\/uploads\\\/2024\\\/10\\\/conga-7490-ultimate-home-x-treme_wkofm8_1.png\",\"width\":640,\"height\":640},{\"@type\":\"BreadcrumbList\",\"@id\":\"https:\\\/\\\/www.veltec.eu\\\/es\\\/product\\\/robot-aspirador-7490-x-treme\\\/#breadcrumb\",\"itemListElement\":[{\"@type\":\"ListItem\",\"position\":1,\"name\":\"Home\",\"item\":\"https:\\\/\\\/www.veltec.eu\\\/es\\\/\"},{\"@type\":\"ListItem\",\"position\":2,\"name\":\"Tienda Kirby\",\"item\":\"https:\\\/\\\/www.veltec.eu\\\/es\\\/tienda-kirby\\\/\"},{\"@type\":\"ListItem\",\"position\":3,\"name\":\"Robot aspirador 7490 X-Treme\"}]},{\"@type\":\"WebSite\",\"@id\":\"https:\\\/\\\/www.veltec.eu\\\/en\\\/#website\",\"url\":\"https:\\\/\\\/www.veltec.eu\\\/en\\\/\",\"name\":\"Veltec Kirby specialist\",\"description\":\"Kirby stofzuiger producten\",\"publisher\":{\"@id\":\"https:\\\/\\\/www.veltec.eu\\\/en\\\/#organization\"},\"potentialAction\":[{\"@type\":\"SearchAction\",\"target\":{\"@type\":\"EntryPoint\",\"urlTemplate\":\"https:\\\/\\\/www.veltec.eu\\\/en\\\/?s={search_term_string}\"},\"query-input\":{\"@type\":\"PropertyValueSpecification\",\"valueRequired\":true,\"valueName\":\"search_term_string\"}}],\"inLanguage\":\"es\"},{\"@type\":\"Organization\",\"@id\":\"https:\\\/\\\/www.veltec.eu\\\/en\\\/#organization\",\"name\":\"Veltec Kirby Specialist\",\"url\":\"https:\\\/\\\/www.veltec.eu\\\/en\\\/\",\"logo\":{\"@type\":\"ImageObject\",\"inLanguage\":\"es\",\"@id\":\"https:\\\/\\\/www.veltec.eu\\\/en\\\/#\\\/schema\\\/logo\\\/image\\\/\",\"url\":\"https:\\\/\\\/www.veltec.eu\\\/wp-content\\\/uploads\\\/2021\\\/12\\\/Veltec-log-groot-e1537260889125.png\",\"contentUrl\":\"https:\\\/\\\/www.veltec.eu\\\/wp-content\\\/uploads\\\/2021\\\/12\\\/Veltec-log-groot-e1537260889125.png\",\"width\":200,\"height\":60,\"caption\":\"Veltec Kirby Specialist\"},\"image\":{\"@id\":\"https:\\\/\\\/www.veltec.eu\\\/en\\\/#\\\/schema\\\/logo\\\/image\\\/\"},\"sameAs\":[\"https:\\\/\\\/www.facebook.com\\\/Veltec-Kirby-Specialist-236746293374877\\\/\",\"https:\\\/\\\/www.youtube.com\\\/user\\\/VeltecService\"]}]}<\/script>\n<!-- \/ Yoast SEO Premium plugin. -->","yoast_head_json":{"title":"Robot aspirador 7490 X-Treme - Veltec Kirby specialist","description":"Robot aspirador 7490 X-Treme - Veltec es proveedor de aspiradoras Kirby desde hace m\u00e1s de 25 a\u00f1os. Kirby es su especialista de confianza.","robots":{"index":"index","follow":"follow","max-snippet":"max-snippet:-1","max-image-preview":"max-image-preview:large","max-video-preview":"max-video-preview:-1"},"canonical":"https:\/\/www.veltec.eu\/es\/product\/robot-aspirador-7490-x-treme\/","og_locale":"es_ES","og_type":"article","og_title":"Robot aspirador 7490 X-Treme","og_description":"Robot aspirador 7490 X-Treme con navegaci\u00f3n l\u00e1ser y base autodrenante. Limpieza 4 en 1: 4 en 1: friega, aspira, pasa la mopa y barre. Potencia de aspiraci\u00f3n de 4000 Pa. Autonom\u00eda de 120 minutos. Cepillo central multifunci\u00f3n, 1 cepillo de fregado y 1 cepillo lateral. 3 niveles de aspiraci\u00f3n y fregado. Control APP y asistentes virtuales. Detecci\u00f3n autom\u00e1tica de bolsas. Capacidad de 2 litros. En stock   El plazo de entrega oscila entre 5 y 10 d\u00edas laborables    2 a\u00f1os de garant\u00eda  &nbsp;","og_url":"https:\/\/www.veltec.eu\/es\/product\/robot-aspirador-7490-x-treme\/","og_site_name":"Veltec Kirby specialist","article_publisher":"https:\/\/www.facebook.com\/Veltec-Kirby-Specialist-236746293374877\/","article_modified_time":"2025-06-11T11:29:29+00:00","og_image":[{"width":640,"height":640,"url":"https:\/\/www.veltec.eu\/wp-content\/uploads\/2024\/10\/conga-7490-ultimate-home-x-treme_wkofm8_1.png","type":"image\/png"}],"twitter_card":"summary_large_image","twitter_misc":{"Tiempo de lectura":"4 minutos"},"schema":{"@context":"https:\/\/schema.org","@graph":[{"@type":"WebPage","@id":"https:\/\/www.veltec.eu\/es\/product\/robot-aspirador-7490-x-treme\/","url":"https:\/\/www.veltec.eu\/es\/product\/robot-aspirador-7490-x-treme\/","name":"Robot aspirador 7490 X-Treme - Veltec Kirby specialist","isPartOf":{"@id":"https:\/\/www.veltec.eu\/en\/#website"},"primaryImageOfPage":{"@id":"https:\/\/www.veltec.eu\/es\/product\/robot-aspirador-7490-x-treme\/#primaryimage"},"image":{"@id":"https:\/\/www.veltec.eu\/es\/product\/robot-aspirador-7490-x-treme\/#primaryimage"},"thumbnailUrl":"https:\/\/www.veltec.eu\/wp-content\/uploads\/2024\/10\/conga-7490-ultimate-home-x-treme_wkofm8_1.png","datePublished":"2024-10-22T14:13:09+00:00","dateModified":"2025-06-11T11:29:29+00:00","description":"Robot aspirador 7490 X-Treme - Veltec es proveedor de aspiradoras Kirby desde hace m\u00e1s de 25 a\u00f1os. Kirby es su especialista de confianza.","breadcrumb":{"@id":"https:\/\/www.veltec.eu\/es\/product\/robot-aspirador-7490-x-treme\/#breadcrumb"},"inLanguage":"es","potentialAction":[{"@type":"ReadAction","target":["https:\/\/www.veltec.eu\/es\/product\/robot-aspirador-7490-x-treme\/"]}]},{"@type":"ImageObject","inLanguage":"es","@id":"https:\/\/www.veltec.eu\/es\/product\/robot-aspirador-7490-x-treme\/#primaryimage","url":"https:\/\/www.veltec.eu\/wp-content\/uploads\/2024\/10\/conga-7490-ultimate-home-x-treme_wkofm8_1.png","contentUrl":"https:\/\/www.veltec.eu\/wp-content\/uploads\/2024\/10\/conga-7490-ultimate-home-x-treme_wkofm8_1.png","width":640,"height":640},{"@type":"BreadcrumbList","@id":"https:\/\/www.veltec.eu\/es\/product\/robot-aspirador-7490-x-treme\/#breadcrumb","itemListElement":[{"@type":"ListItem","position":1,"name":"Home","item":"https:\/\/www.veltec.eu\/es\/"},{"@type":"ListItem","position":2,"name":"Tienda Kirby","item":"https:\/\/www.veltec.eu\/es\/tienda-kirby\/"},{"@type":"ListItem","position":3,"name":"Robot aspirador 7490 X-Treme"}]},{"@type":"WebSite","@id":"https:\/\/www.veltec.eu\/en\/#website","url":"https:\/\/www.veltec.eu\/en\/","name":"Veltec Kirby specialist","description":"Kirby stofzuiger producten","publisher":{"@id":"https:\/\/www.veltec.eu\/en\/#organization"},"potentialAction":[{"@type":"SearchAction","target":{"@type":"EntryPoint","urlTemplate":"https:\/\/www.veltec.eu\/en\/?s={search_term_string}"},"query-input":{"@type":"PropertyValueSpecification","valueRequired":true,"valueName":"search_term_string"}}],"inLanguage":"es"},{"@type":"Organization","@id":"https:\/\/www.veltec.eu\/en\/#organization","name":"Veltec Kirby Specialist","url":"https:\/\/www.veltec.eu\/en\/","logo":{"@type":"ImageObject","inLanguage":"es","@id":"https:\/\/www.veltec.eu\/en\/#\/schema\/logo\/image\/","url":"https:\/\/www.veltec.eu\/wp-content\/uploads\/2021\/12\/Veltec-log-groot-e1537260889125.png","contentUrl":"https:\/\/www.veltec.eu\/wp-content\/uploads\/2021\/12\/Veltec-log-groot-e1537260889125.png","width":200,"height":60,"caption":"Veltec Kirby Specialist"},"image":{"@id":"https:\/\/www.veltec.eu\/en\/#\/schema\/logo\/image\/"},"sameAs":["https:\/\/www.facebook.com\/Veltec-Kirby-Specialist-236746293374877\/","https:\/\/www.youtube.com\/user\/VeltecService"]}]}},"_links":{"self":[{"href":"https:\/\/www.veltec.eu\/es\/wp-json\/wp\/v2\/product\/68894","targetHints":{"allow":["GET"]}}],"collection":[{"href":"https:\/\/www.veltec.eu\/es\/wp-json\/wp\/v2\/product"}],"about":[{"href":"https:\/\/www.veltec.eu\/es\/wp-json\/wp\/v2\/types\/product"}],"replies":[{"embeddable":true,"href":"https:\/\/www.veltec.eu\/es\/wp-json\/wp\/v2\/comments?post=68894"}],"wp:featuredmedia":[{"embeddable":true,"href":"https:\/\/www.veltec.eu\/es\/wp-json\/wp\/v2\/media\/68813"}],"wp:attachment":[{"href":"https:\/\/www.veltec.eu\/es\/wp-json\/wp\/v2\/media?parent=68894"}],"wp:term":[{"taxonomy":"product_brand","embeddable":true,"href":"https:\/\/www.veltec.eu\/es\/wp-json\/wp\/v2\/product_brand?post=68894"},{"taxonomy":"product_cat","embeddable":true,"href":"https:\/\/www.veltec.eu\/es\/wp-json\/wp\/v2\/product_cat?post=68894"},{"taxonomy":"product_tag","embeddable":true,"href":"https:\/\/www.veltec.eu\/es\/wp-json\/wp\/v2\/product_tag?post=68894"}],"curies":[{"name":"wp","href":"https:\/\/api.w.org\/{rel}","templated":true}]}}