{"id":66977,"date":"2024-09-16T11:14:46","date_gmt":"2024-09-16T09:14:46","guid":{"rendered":"https:\/\/www.veltec.eu\/product\/cepillo-batidor-para-kirby-g5-hasta-avalir-re-acondicionado\/"},"modified":"2024-12-06T14:26:32","modified_gmt":"2024-12-06T12:26:32","slug":"cepillo-batidor-para-kirby-g5-hasta-avalir-re-acondicionado","status":"publish","type":"product","link":"https:\/\/www.veltec.eu\/es\/product\/cepillo-batidor-para-kirby-g5-hasta-avalir-re-acondicionado\/","title":{"rendered":"Cepillo Batidor para Kirby G5 hasta Avalir Re-acondicionado"},"content":{"rendered":"<h1>Cepillo Batidor para Kirby G5 hasta Avalir Re-acondicionado<\/h1>\n<p>Cepillo Batidor para Kirby G5 hasta Avalir Re-acondicionado para <a href=\"\/nl?product_cat=cepillos-accesorios-kirby\">Cepillos &amp; Accesorios Kirby<\/a><\/p>\n<p><strong>Este producto es adecuado para los tipos:<\/strong><\/p>\n<ul>\n<li>Avalir<\/li>\n<li>Sentria II (G10D)<\/li>\n<li>Sentria (G10)<\/li>\n<li>Ultimate G Diamond Ed.(G7D or DE)<\/li>\n<li>Ultimate G (G7 or UG)<\/li>\n<li>Generation 6 (G6)<\/li>\n<li>Generation 5 (G5)<\/li>\n<li>Generation 4 (G4)<\/li>\n<li>Generation 3 (G3)<\/li>\n<\/ul>\n<h2>Cepillo Batidor para Kirby G5 hasta Avalir Re-acondicionado<\/h2>\n<p>\u00bfBusca un cepillo giratorio fiable y de alta calidad para su aspiradora Kirby? El cepillo batidor Kirby para los modelos Kirby G5 hasta Avalir le ofrece la soluci\u00f3n perfecta. Este producto reacondicionado est\u00e1 dise\u00f1ado espec\u00edficamente para la boquilla de cabezal ancho de su Kirby, por lo que podr\u00e1 volver a disfrutar de una potente experiencia de limpieza.<\/p>\n<p>Encuentre aqu\u00ed todos los cepillos y accesorios Kirby<\/p>\n<h3>\u00bfQu\u00e9 significa reacondicionado?<\/h3>\n<p>El aspecto reacondicionado de este cepillo batidor Kirby significa que no se trata de un producto nuevo, sino de un rodillo de cepillo que ha sido revisado, probado y totalmente reacondicionado. Como resultado, funciona tan bien como un cepillo batidor nuevo, pero a un precio m\u00e1s atractivo. As\u00ed obtendr\u00e1 la fiabilidad y el rendimiento de un cepillo Kirby original, sin tener que pagar el precio m\u00e1s alto. Adem\u00e1s, el rodillo del cepillo est\u00e1 completamente intacto y listo para usar.<\/p>\n<h3>Alta calidad para un rendimiento \u00f3ptimo<\/h3>\n<p>Este cepillo batidor Kirby est\u00e1 provisto de cerdas de material de alta calidad. Esto garantiza que el cepillo elimine eficazmente la suciedad, el polvo y el pelo de sus alfombras y suelos. Tanto si se trata de pelos de mascotas, polvo fino o suciedad muy incrustada, el cepillo batidor ofrece la fuerza y eficacia que espera de Kirby. Las cerdas resistentes y duraderas garantizan una limpieza a fondo de sus suelos y una larga vida \u00fatil. Esto significa que podr\u00e1 disfrutar de un entorno limpio y fresco durante m\u00e1s tiempo.<\/p>\n<h3>Se adapta perfectamente a su Kirby G5 hasta Avalir<\/h3>\n<p>Cepillo Batidor para Kirby G5 hasta Avalir Re-acondicionado y se adapta perfectamente a la boquilla de cabezal ancho. Como resultado, no tiene que preocuparse por la compatibilidad o por un rendimiento deficiente. Ya est\u00e9 limpiando en casa, en la oficina o en cualquier otro entorno, este rodillo de cepillo garantizar\u00e1 que su aspiradora Kirby vuelva a funcionar de forma \u00f3ptima. Gracias a sus dimensiones y dise\u00f1o espec\u00edficos, el rodillo de cepillo se adapta perfectamente a su aspiradora Kirby, permiti\u00e9ndole empezar a trabajar de inmediato.<\/p>\n<h3>Sostenible y respetuoso con el medio ambiente Cepillo Batidor para Kirby G5 hasta Avalir<\/h3>\n<p>Al elegir un cepillo batidor Kirby reacondicionado, no s\u00f3lo est\u00e1 haciendo una elecci\u00f3n econ\u00f3mica inteligente, sino tambi\u00e9n respetuosa con el medio ambiente. Despu\u00e9s de todo, los productos reacondicionados ayudan a reducir los residuos y contribuyen a un uso m\u00e1s sostenible de las materias primas. As\u00ed, no s\u00f3lo disfrutar\u00e1 de un hogar limpio, sino que tambi\u00e9n contribuir\u00e1 a un planeta m\u00e1s limpio.<\/p>\n<h3>Resumen<\/h3>\n<p>Con el cepillo batidor Kirby reacondicionado para los modelos Kirby G5 hasta Avalir, obtendr\u00e1 un rodillo fiable y de alto rendimiento en su hogar. Las cerdas de alta calidad garantizan una limpieza a fondo de sus suelos, mientras que el aspecto reacondicionado le ofrece un precio atractivo sin comprometer la calidad. Gracias al ajuste perfecto a la boquilla de cabezal ancho de su aspiradora Kirby y a las caracter\u00edsticas duraderas del cepillo, se trata de una elecci\u00f3n excelente para cualquiera que desee que su aspiradora Kirby rinda al m\u00e1ximo.<\/p>\n","protected":false},"excerpt":{"rendered":"<p>Cepillo Batidor para Kirby G5 hasta Avalir Re-acondicionado para Cepillos &amp; Accesorios Kirby<\/p>\n[trustindex data-widget-id=48bbd87242952812953642309d4]\n<h3><span style=\"color: #008000;\"><br \/>\nEn stock<\/span><\/h3>\n[av_font_icon icon='ue812' font='entypo-fontello' style='' caption='' size='25px' position='left' color='#43ad66' link='' linktarget='' title_attr='' sonar_effect_effect='' sonar_effect_color='' sonar_effect_duration='1' sonar_effect_scale='' sonar_effect_opac='0.5' animation='' id='' custom_class='' template_class='' av_uid='' sc_version='1.0' admin_preview_bg=''][\/av_font_icon]\n<p><span style=\"color: #008000;\">Pedido antes de las 23:59, enviado ma\u00f1ana<\/span><\/p>\n<p>&nbsp;<\/p>\n","protected":false},"featured_media":66971,"comment_status":"open","ping_status":"closed","template":"","meta":{"_acf_changed":false},"product_brand":[],"product_cat":[347,338],"product_tag":[],"class_list":{"0":"post-66977","1":"product","2":"type-product","3":"status-publish","4":"has-post-thumbnail","6":"product_cat-boquilla-batidora-ancha-kirby","7":"product_cat-cepillos-y-accesorios-kirby","9":"first","10":"outofstock","11":"sale","12":"taxable","13":"shipping-taxable","14":"purchasable","15":"product-type-simple"},"acf":[],"yoast_head":"<!-- This site is optimized with the Yoast SEO Premium plugin v27.1 (Yoast SEO v27.4) - https:\/\/yoast.com\/product\/yoast-seo-premium-wordpress\/ -->\n<title>Cepillo Batidor para Kirby G5 hasta Avalir Re-acondicionado - Veltec Kirby specialist<\/title>\n<meta name=\"description\" content=\"Cepillo Batidor para Kirby G5 hasta Avalir Re-acondicionado - Veltec es proveedor de aspiradoras Kirby desde hace m\u00e1s de 25 a\u00f1os. Su especialista Kirby.\" \/>\n<meta name=\"robots\" content=\"index, follow, max-snippet:-1, max-image-preview:large, max-video-preview:-1\" \/>\n<link rel=\"canonical\" href=\"https:\/\/www.veltec.eu\/es\/product\/cepillo-batidor-para-kirby-g5-hasta-avalir-re-acondicionado\/\" \/>\n<meta property=\"og:locale\" content=\"es_ES\" \/>\n<meta property=\"og:type\" content=\"article\" \/>\n<meta property=\"og:title\" content=\"Cepillo Batidor para Kirby G5 hasta Avalir Re-acondicionado\" \/>\n<meta property=\"og:description\" content=\"Cepillo Batidor para Kirby G5 hasta Avalir Re-acondicionado para Cepillos &amp; Accesorios Kirby    En stock   Pedido antes de las 23:59, enviado ma\u00f1ana  &nbsp;\" \/>\n<meta property=\"og:url\" content=\"https:\/\/www.veltec.eu\/es\/product\/cepillo-batidor-para-kirby-g5-hasta-avalir-re-acondicionado\/\" \/>\n<meta property=\"og:site_name\" content=\"Veltec Kirby specialist\" \/>\n<meta property=\"article:publisher\" content=\"https:\/\/www.facebook.com\/Veltec-Kirby-Specialist-236746293374877\/\" \/>\n<meta property=\"article:modified_time\" content=\"2024-12-06T12:26:32+00:00\" \/>\n<meta property=\"og:image\" content=\"https:\/\/www.veltec.eu\/wp-content\/uploads\/2024\/09\/Borstel-Gerc-1.jpg\" \/>\n\t<meta property=\"og:image:width\" content=\"500\" \/>\n\t<meta property=\"og:image:height\" content=\"500\" \/>\n\t<meta property=\"og:image:type\" content=\"image\/jpeg\" \/>\n<meta name=\"twitter:card\" content=\"summary_large_image\" \/>\n<meta name=\"twitter:label1\" content=\"Tiempo de lectura\" \/>\n\t<meta name=\"twitter:data1\" content=\"3 minutos\" \/>\n<script type=\"application\/ld+json\" class=\"yoast-schema-graph\">{\"@context\":\"https:\\\/\\\/schema.org\",\"@graph\":[{\"@type\":\"WebPage\",\"@id\":\"https:\\\/\\\/www.veltec.eu\\\/es\\\/product\\\/cepillo-batidor-para-kirby-g5-hasta-avalir-re-acondicionado\\\/\",\"url\":\"https:\\\/\\\/www.veltec.eu\\\/es\\\/product\\\/cepillo-batidor-para-kirby-g5-hasta-avalir-re-acondicionado\\\/\",\"name\":\"Cepillo Batidor para Kirby G5 hasta Avalir Re-acondicionado - Veltec Kirby specialist\",\"isPartOf\":{\"@id\":\"https:\\\/\\\/www.veltec.eu\\\/en\\\/#website\"},\"primaryImageOfPage\":{\"@id\":\"https:\\\/\\\/www.veltec.eu\\\/es\\\/product\\\/cepillo-batidor-para-kirby-g5-hasta-avalir-re-acondicionado\\\/#primaryimage\"},\"image\":{\"@id\":\"https:\\\/\\\/www.veltec.eu\\\/es\\\/product\\\/cepillo-batidor-para-kirby-g5-hasta-avalir-re-acondicionado\\\/#primaryimage\"},\"thumbnailUrl\":\"https:\\\/\\\/www.veltec.eu\\\/wp-content\\\/uploads\\\/2024\\\/09\\\/Borstel-Gerc-1.jpg\",\"datePublished\":\"2024-09-16T09:14:46+00:00\",\"dateModified\":\"2024-12-06T12:26:32+00:00\",\"description\":\"Cepillo Batidor para Kirby G5 hasta Avalir Re-acondicionado - Veltec es proveedor de aspiradoras Kirby desde hace m\u00e1s de 25 a\u00f1os. Su especialista Kirby.\",\"breadcrumb\":{\"@id\":\"https:\\\/\\\/www.veltec.eu\\\/es\\\/product\\\/cepillo-batidor-para-kirby-g5-hasta-avalir-re-acondicionado\\\/#breadcrumb\"},\"inLanguage\":\"es\",\"potentialAction\":[{\"@type\":\"ReadAction\",\"target\":[\"https:\\\/\\\/www.veltec.eu\\\/es\\\/product\\\/cepillo-batidor-para-kirby-g5-hasta-avalir-re-acondicionado\\\/\"]}]},{\"@type\":\"ImageObject\",\"inLanguage\":\"es\",\"@id\":\"https:\\\/\\\/www.veltec.eu\\\/es\\\/product\\\/cepillo-batidor-para-kirby-g5-hasta-avalir-re-acondicionado\\\/#primaryimage\",\"url\":\"https:\\\/\\\/www.veltec.eu\\\/wp-content\\\/uploads\\\/2024\\\/09\\\/Borstel-Gerc-1.jpg\",\"contentUrl\":\"https:\\\/\\\/www.veltec.eu\\\/wp-content\\\/uploads\\\/2024\\\/09\\\/Borstel-Gerc-1.jpg\",\"width\":500,\"height\":500},{\"@type\":\"BreadcrumbList\",\"@id\":\"https:\\\/\\\/www.veltec.eu\\\/es\\\/product\\\/cepillo-batidor-para-kirby-g5-hasta-avalir-re-acondicionado\\\/#breadcrumb\",\"itemListElement\":[{\"@type\":\"ListItem\",\"position\":1,\"name\":\"Home\",\"item\":\"https:\\\/\\\/www.veltec.eu\\\/es\\\/pagina-de-inicio\\\/\"},{\"@type\":\"ListItem\",\"position\":2,\"name\":\"Tienda Kirby\",\"item\":\"https:\\\/\\\/www.veltec.eu\\\/es\\\/tienda-kirby\\\/\"},{\"@type\":\"ListItem\",\"position\":3,\"name\":\"Cepillo Batidor para Kirby G5 hasta Avalir Re-acondicionado\"}]},{\"@type\":\"WebSite\",\"@id\":\"https:\\\/\\\/www.veltec.eu\\\/en\\\/#website\",\"url\":\"https:\\\/\\\/www.veltec.eu\\\/en\\\/\",\"name\":\"Veltec Kirby specialist\",\"description\":\"Kirby stofzuiger producten\",\"publisher\":{\"@id\":\"https:\\\/\\\/www.veltec.eu\\\/en\\\/#organization\"},\"potentialAction\":[{\"@type\":\"SearchAction\",\"target\":{\"@type\":\"EntryPoint\",\"urlTemplate\":\"https:\\\/\\\/www.veltec.eu\\\/en\\\/?s={search_term_string}\"},\"query-input\":{\"@type\":\"PropertyValueSpecification\",\"valueRequired\":true,\"valueName\":\"search_term_string\"}}],\"inLanguage\":\"es\"},{\"@type\":\"Organization\",\"@id\":\"https:\\\/\\\/www.veltec.eu\\\/en\\\/#organization\",\"name\":\"Veltec Kirby Specialist\",\"url\":\"https:\\\/\\\/www.veltec.eu\\\/en\\\/\",\"logo\":{\"@type\":\"ImageObject\",\"inLanguage\":\"es\",\"@id\":\"https:\\\/\\\/www.veltec.eu\\\/en\\\/#\\\/schema\\\/logo\\\/image\\\/\",\"url\":\"https:\\\/\\\/www.veltec.eu\\\/wp-content\\\/uploads\\\/2021\\\/12\\\/Veltec-log-groot-e1537260889125.png\",\"contentUrl\":\"https:\\\/\\\/www.veltec.eu\\\/wp-content\\\/uploads\\\/2021\\\/12\\\/Veltec-log-groot-e1537260889125.png\",\"width\":200,\"height\":60,\"caption\":\"Veltec Kirby Specialist\"},\"image\":{\"@id\":\"https:\\\/\\\/www.veltec.eu\\\/en\\\/#\\\/schema\\\/logo\\\/image\\\/\"},\"sameAs\":[\"https:\\\/\\\/www.facebook.com\\\/Veltec-Kirby-Specialist-236746293374877\\\/\",\"https:\\\/\\\/www.youtube.com\\\/user\\\/VeltecService\"]}]}<\/script>\n<!-- \/ Yoast SEO Premium plugin. -->","yoast_head_json":{"title":"Cepillo Batidor para Kirby G5 hasta Avalir Re-acondicionado - Veltec Kirby specialist","description":"Cepillo Batidor para Kirby G5 hasta Avalir Re-acondicionado - Veltec es proveedor de aspiradoras Kirby desde hace m\u00e1s de 25 a\u00f1os. Su especialista Kirby.","robots":{"index":"index","follow":"follow","max-snippet":"max-snippet:-1","max-image-preview":"max-image-preview:large","max-video-preview":"max-video-preview:-1"},"canonical":"https:\/\/www.veltec.eu\/es\/product\/cepillo-batidor-para-kirby-g5-hasta-avalir-re-acondicionado\/","og_locale":"es_ES","og_type":"article","og_title":"Cepillo Batidor para Kirby G5 hasta Avalir Re-acondicionado","og_description":"Cepillo Batidor para Kirby G5 hasta Avalir Re-acondicionado para Cepillos &amp; Accesorios Kirby    En stock   Pedido antes de las 23:59, enviado ma\u00f1ana  &nbsp;","og_url":"https:\/\/www.veltec.eu\/es\/product\/cepillo-batidor-para-kirby-g5-hasta-avalir-re-acondicionado\/","og_site_name":"Veltec Kirby specialist","article_publisher":"https:\/\/www.facebook.com\/Veltec-Kirby-Specialist-236746293374877\/","article_modified_time":"2024-12-06T12:26:32+00:00","og_image":[{"width":500,"height":500,"url":"https:\/\/www.veltec.eu\/wp-content\/uploads\/2024\/09\/Borstel-Gerc-1.jpg","type":"image\/jpeg"}],"twitter_card":"summary_large_image","twitter_misc":{"Tiempo de lectura":"3 minutos"},"schema":{"@context":"https:\/\/schema.org","@graph":[{"@type":"WebPage","@id":"https:\/\/www.veltec.eu\/es\/product\/cepillo-batidor-para-kirby-g5-hasta-avalir-re-acondicionado\/","url":"https:\/\/www.veltec.eu\/es\/product\/cepillo-batidor-para-kirby-g5-hasta-avalir-re-acondicionado\/","name":"Cepillo Batidor para Kirby G5 hasta Avalir Re-acondicionado - Veltec Kirby specialist","isPartOf":{"@id":"https:\/\/www.veltec.eu\/en\/#website"},"primaryImageOfPage":{"@id":"https:\/\/www.veltec.eu\/es\/product\/cepillo-batidor-para-kirby-g5-hasta-avalir-re-acondicionado\/#primaryimage"},"image":{"@id":"https:\/\/www.veltec.eu\/es\/product\/cepillo-batidor-para-kirby-g5-hasta-avalir-re-acondicionado\/#primaryimage"},"thumbnailUrl":"https:\/\/www.veltec.eu\/wp-content\/uploads\/2024\/09\/Borstel-Gerc-1.jpg","datePublished":"2024-09-16T09:14:46+00:00","dateModified":"2024-12-06T12:26:32+00:00","description":"Cepillo Batidor para Kirby G5 hasta Avalir Re-acondicionado - Veltec es proveedor de aspiradoras Kirby desde hace m\u00e1s de 25 a\u00f1os. Su especialista Kirby.","breadcrumb":{"@id":"https:\/\/www.veltec.eu\/es\/product\/cepillo-batidor-para-kirby-g5-hasta-avalir-re-acondicionado\/#breadcrumb"},"inLanguage":"es","potentialAction":[{"@type":"ReadAction","target":["https:\/\/www.veltec.eu\/es\/product\/cepillo-batidor-para-kirby-g5-hasta-avalir-re-acondicionado\/"]}]},{"@type":"ImageObject","inLanguage":"es","@id":"https:\/\/www.veltec.eu\/es\/product\/cepillo-batidor-para-kirby-g5-hasta-avalir-re-acondicionado\/#primaryimage","url":"https:\/\/www.veltec.eu\/wp-content\/uploads\/2024\/09\/Borstel-Gerc-1.jpg","contentUrl":"https:\/\/www.veltec.eu\/wp-content\/uploads\/2024\/09\/Borstel-Gerc-1.jpg","width":500,"height":500},{"@type":"BreadcrumbList","@id":"https:\/\/www.veltec.eu\/es\/product\/cepillo-batidor-para-kirby-g5-hasta-avalir-re-acondicionado\/#breadcrumb","itemListElement":[{"@type":"ListItem","position":1,"name":"Home","item":"https:\/\/www.veltec.eu\/es\/pagina-de-inicio\/"},{"@type":"ListItem","position":2,"name":"Tienda Kirby","item":"https:\/\/www.veltec.eu\/es\/tienda-kirby\/"},{"@type":"ListItem","position":3,"name":"Cepillo Batidor para Kirby G5 hasta Avalir Re-acondicionado"}]},{"@type":"WebSite","@id":"https:\/\/www.veltec.eu\/en\/#website","url":"https:\/\/www.veltec.eu\/en\/","name":"Veltec Kirby specialist","description":"Kirby stofzuiger producten","publisher":{"@id":"https:\/\/www.veltec.eu\/en\/#organization"},"potentialAction":[{"@type":"SearchAction","target":{"@type":"EntryPoint","urlTemplate":"https:\/\/www.veltec.eu\/en\/?s={search_term_string}"},"query-input":{"@type":"PropertyValueSpecification","valueRequired":true,"valueName":"search_term_string"}}],"inLanguage":"es"},{"@type":"Organization","@id":"https:\/\/www.veltec.eu\/en\/#organization","name":"Veltec Kirby Specialist","url":"https:\/\/www.veltec.eu\/en\/","logo":{"@type":"ImageObject","inLanguage":"es","@id":"https:\/\/www.veltec.eu\/en\/#\/schema\/logo\/image\/","url":"https:\/\/www.veltec.eu\/wp-content\/uploads\/2021\/12\/Veltec-log-groot-e1537260889125.png","contentUrl":"https:\/\/www.veltec.eu\/wp-content\/uploads\/2021\/12\/Veltec-log-groot-e1537260889125.png","width":200,"height":60,"caption":"Veltec Kirby Specialist"},"image":{"@id":"https:\/\/www.veltec.eu\/en\/#\/schema\/logo\/image\/"},"sameAs":["https:\/\/www.facebook.com\/Veltec-Kirby-Specialist-236746293374877\/","https:\/\/www.youtube.com\/user\/VeltecService"]}]}},"_links":{"self":[{"href":"https:\/\/www.veltec.eu\/es\/wp-json\/wp\/v2\/product\/66977","targetHints":{"allow":["GET"]}}],"collection":[{"href":"https:\/\/www.veltec.eu\/es\/wp-json\/wp\/v2\/product"}],"about":[{"href":"https:\/\/www.veltec.eu\/es\/wp-json\/wp\/v2\/types\/product"}],"replies":[{"embeddable":true,"href":"https:\/\/www.veltec.eu\/es\/wp-json\/wp\/v2\/comments?post=66977"}],"wp:featuredmedia":[{"embeddable":true,"href":"https:\/\/www.veltec.eu\/es\/wp-json\/wp\/v2\/media\/66971"}],"wp:attachment":[{"href":"https:\/\/www.veltec.eu\/es\/wp-json\/wp\/v2\/media?parent=66977"}],"wp:term":[{"taxonomy":"product_brand","embeddable":true,"href":"https:\/\/www.veltec.eu\/es\/wp-json\/wp\/v2\/product_brand?post=66977"},{"taxonomy":"product_cat","embeddable":true,"href":"https:\/\/www.veltec.eu\/es\/wp-json\/wp\/v2\/product_cat?post=66977"},{"taxonomy":"product_tag","embeddable":true,"href":"https:\/\/www.veltec.eu\/es\/wp-json\/wp\/v2\/product_tag?post=66977"}],"curies":[{"name":"wp","href":"https:\/\/api.w.org\/{rel}","templated":true}]}}