{"id":64313,"date":"2024-08-08T16:06:17","date_gmt":"2024-08-08T14:06:17","guid":{"rendered":"https:\/\/www.veltec.eu\/product\/conga-11090-spin-revolution\/"},"modified":"2025-01-23T16:34:30","modified_gmt":"2025-01-23T14:34:30","slug":"conga-11090-spin-revolution","status":"publish","type":"product","link":"https:\/\/www.veltec.eu\/es\/product\/conga-11090-spin-revolution\/","title":{"rendered":"Conga 11090 Spin Revolution"},"content":{"rendered":"<h5><strong>Conga 11090 Spin Revolution<\/strong><\/h5>\n<p>Conga 11090 Spin Revolution Robot aspirador l\u00e1ser con fondo autolimpiante y mopa de suelo, autolimpiante y secado de mopa. Navegaci\u00f3n l\u00e1ser ultras\u00f3nica. Fregado desincrustante con mopas rotativas ultraabsorbentes.<\/p>\n<div id=\"technical-details\" class=\"css-0 egxb0x40\">\n<div class=\"css-1vrowg6\">\n<div id=\"description\" class=\"e1pizqy33 css-1gvl2s3\">\n<div class=\"css-k1moeq e1pizqy32\">\n<div id=\"technical-details\" class=\"css-0 egxb0x40\">\n<div class=\"css-1vrowg6\">\n<div id=\"description\" class=\"e1pizqy33 css-1gvl2s3\">\n<div class=\"css-k1moeq e1pizqy32\">\n<ul>\n<li>Navegaci\u00f3n con tecnolog\u00eda l\u00e1ser para una limpieza precisa<\/li>\n<li>Olv\u00eddate de usar la fregona con las mopas giratorias. Adem\u00e1s, el robot tiene el movimiento vaiv\u00e9n de fregado intensivo<\/li>\n<li>Cuando el robot llega a la base, se auto vac\u00eda y se limpian las mopas.<\/li>\n<li>Limpieza inteligente de alfombras gracias a su detecci\u00f3n ultras\u00f3nica, parando las mopas cuando pasa por ellas.<\/li>\n<li>La base de vaciado cuenta un sistema de detecci\u00f3n de seguridad autom\u00e1tica de las bolsas higi\u00e9nicas, bolla de llenado para el tanque de agua sucia y bolla de vac\u00edo para el agua limpia.<\/li>\n<li>Olv\u00eddate de tocar el polvo y ensuciarte las manos gracias a los 2 litros de capacidad de la bolsa para autovaciado de polvo, 2,8 litros del tanque de agua limpia y 2,4 litros del tanque de agua sucia.<\/li>\n<li>Si el robot se queda sin bateria, vuelve autom\u00e1ticamente a la base para cargarse, continuando luego la limpieza en el punto donde lo dej\u00f3 y con las mopas totalmente limpias.<\/li>\n<li>Define, planifica y programa la limpieza de tu vivienda. Gracias al mapa que se genera, puedes seleccionar tanto la limpieza completa como de estancias espec\u00edficas.<\/li>\n<li>Potencia de 5000 Pa en el motor de succi\u00f3n<\/li>\n<li>Bater\u00eda de 3200 mAh, alcanzando una autonom\u00eda de hasta 140 minutos. Cuando est\u00e9 bajo de bater\u00eda, autom\u00e1ticamente vuelve a la base para cargarse, volviendo luego al punto donde lo dej\u00f3 para terminar la limpieza.<\/li>\n<li>Los 8 modos de limpieza (bordes, \u00e1reas, puntual, fregado, auto, espiral cuadrada, espiral redonda y limpieza profunda) hacen que el robot se adapte a cualquier necesidad de tu hogar.<\/li>\n<li>El robot cuenta con un sistema de antica\u00eddas que permite detectar si hay alg\u00fan escal\u00f3n.<\/li>\n<li>Permite un control mediante aplicaci\u00f3n m\u00f3vil y asistentes virtuales.<\/li>\n<\/ul>\n<\/div>\n<\/div>\n<div><\/div>\n<\/div>\n<div class=\"css-1vrowg6\">\n<div id=\"composition\" class=\"e1hv9n5v2 css-ldw7pi\">\n<p><strong><span class=\"e1hv9n5v0 css-hga4sk\">Composici\u00f3n<\/span><\/strong><\/p>\n<div class=\"css-1azcdyx e1hv9n5v1\">\n<ul>\n<li>2 Mopas giratorias<\/li>\n<li>Base de autovaciado con 3 tanques y cable de alimentaci\u00f3n<\/li>\n<li>Cepillo de autolimpienza<\/li>\n<li>Cepillo multinfunci\u00f3n<\/li>\n<li>Manual de instrucciones<\/li>\n<li>Robot aspirador<\/li>\n<li>Tanque para agua sucia de 2.4L<\/li>\n<li>Tanque para agua limpia de 2.8L<\/li>\n<li>Tanque para el polvo de 2L<\/li>\n<li>1 cepillo lateral<\/li>\n<\/ul>\n<p>&nbsp;<\/p>\n<\/div>\n<\/div>\n<\/div>\n<\/div>\n<\/div>\n<\/div>\n<\/div>\n<\/div>\n","protected":false},"excerpt":{"rendered":"<p>Conga 11090 Spin Revolution, Robot aspirador l\u00e1ser con base de autovaciado y friegasuelos, autolimpieza y secado de fregonas. Navegaci\u00f3n l\u00e1ser ultras\u00f3nica. Motor de succi\u00f3n 5000 Pa. Fregado desincrustante con fregonas giratorias ultra absorbentes. Cepillo multifunci\u00f3n. Cepillo lateral. App CECOTEC 3.0 y asistentes virtuales.<\/p>\n<p>&nbsp;<\/p>\n<div>\n<div>\n<h3><span lang=\"EN-US\" style=\"color: #008000;\">En stock<\/span><\/h3>\n<\/div>\n<div>\n<p><span lang=\"EN-US\">[av_font_icon icon='ue812' font='entypo-fontello' style='' caption='' size='25px' position='left' color='#43ad66' link='' linktarget='' title_attr='' sonar_effect_effect='' sonar_effect_color='' sonar_effect_duration='1' sonar_effect_scale='' sonar_effect_opac='0.5' animation='' id='' custom_class='' template_class='' av_uid='' sc_version='1.0' admin_preview_bg=''][\/av_font_icon]<\/span><\/p>\n<\/div>\n<div>\n<p><span lang=\"EN-US\" style=\"color: #008000;\">El plazo de entrega oscila entre 5 y 10 d\u00edas laborables<\/span><\/p>\n<\/div>\n<div>\n<p><span lang=\"EN-US\">[av_font_icon icon='ue812' font='entypo-fontello' style='' caption='' size='25px' position='left' color='#43ad66' link='' linktarget='' title_attr='' sonar_effect_effect='' sonar_effect_color='' sonar_effect_duration='1' sonar_effect_scale='' sonar_effect_opac='0.5' animation='' id='' custom_class='' template_class='' av_uid='' sc_version='1.0' admin_preview_bg=''][\/av_font_icon]<\/span><\/p>\n<\/div>\n<div>\n<p><span lang=\"EN-US\" style=\"color: #008000;\">2 a\u00f1os de garant\u00eda<\/span><\/p>\n<p>&nbsp;<\/p>\n<\/div>\n<\/div>\n","protected":false},"featured_media":64230,"comment_status":"open","ping_status":"closed","template":"","meta":{"_acf_changed":false},"product_brand":[],"product_cat":[26],"product_tag":[],"class_list":{"0":"post-64313","1":"product","2":"type-product","3":"status-publish","4":"has-post-thumbnail","6":"product_cat-overige-producten","8":"first","9":"outofstock","10":"sale","11":"taxable","12":"shipping-taxable","13":"purchasable","14":"product-type-simple"},"acf":[],"yoast_head":"<!-- This site is optimized with the Yoast SEO Premium plugin v27.1 (Yoast SEO v27.4) - https:\/\/yoast.com\/product\/yoast-seo-premium-wordpress\/ -->\n<title>Conga 11090 Spin Revolution - Veltec Kirby specialist<\/title>\n<meta name=\"description\" content=\"VVeltec es proveedor de aspiradoras Kirby desde hace m\u00e1s de 25 a\u00f1os. Y es su especialista de servicio Kirby de confianza. Para reparaciones.\" \/>\n<meta name=\"robots\" content=\"index, follow, max-snippet:-1, max-image-preview:large, max-video-preview:-1\" \/>\n<link rel=\"canonical\" href=\"https:\/\/www.veltec.eu\/es\/product\/conga-11090-spin-revolution\/\" \/>\n<meta property=\"og:locale\" content=\"es_ES\" \/>\n<meta property=\"og:type\" content=\"article\" \/>\n<meta property=\"og:title\" content=\"Conga 11090 Spin Revolution\" \/>\n<meta property=\"og:description\" content=\"Conga 11090 Spin Revolution, Robot aspirador l\u00e1ser con base de autovaciado y friegasuelos, autolimpieza y secado de fregonas. Navegaci\u00f3n l\u00e1ser ultras\u00f3nica. Motor de succi\u00f3n 5000 Pa. Fregado desincrustante con fregonas giratorias ultra absorbentes. Cepillo multifunci\u00f3n. Cepillo lateral. App CECOTEC 3.0 y asistentes virtuales.  &nbsp;   En stock         El plazo de entrega oscila entre 5 y 10 d\u00edas laborables          2 a\u00f1os de garant\u00eda  &nbsp;\" \/>\n<meta property=\"og:url\" content=\"https:\/\/www.veltec.eu\/es\/product\/conga-11090-spin-revolution\/\" \/>\n<meta property=\"og:site_name\" content=\"Veltec Kirby specialist\" \/>\n<meta property=\"article:publisher\" content=\"https:\/\/www.facebook.com\/Veltec-Kirby-Specialist-236746293374877\/\" \/>\n<meta property=\"article:modified_time\" content=\"2025-01-23T14:34:30+00:00\" \/>\n<meta property=\"og:image\" content=\"https:\/\/www.veltec.eu\/wp-content\/uploads\/2024\/08\/conga-11090-spin-revolution-homewash_zjb9ul_1.png\" \/>\n\t<meta property=\"og:image:width\" content=\"640\" \/>\n\t<meta property=\"og:image:height\" content=\"640\" \/>\n\t<meta property=\"og:image:type\" content=\"image\/png\" \/>\n<meta name=\"twitter:card\" content=\"summary_large_image\" \/>\n<meta name=\"twitter:label1\" content=\"Tiempo de lectura\" \/>\n\t<meta name=\"twitter:data1\" content=\"2 minutos\" \/>\n<script type=\"application\/ld+json\" class=\"yoast-schema-graph\">{\"@context\":\"https:\\\/\\\/schema.org\",\"@graph\":[{\"@type\":\"WebPage\",\"@id\":\"https:\\\/\\\/www.veltec.eu\\\/es\\\/product\\\/conga-11090-spin-revolution\\\/\",\"url\":\"https:\\\/\\\/www.veltec.eu\\\/es\\\/product\\\/conga-11090-spin-revolution\\\/\",\"name\":\"Conga 11090 Spin Revolution - Veltec Kirby specialist\",\"isPartOf\":{\"@id\":\"https:\\\/\\\/www.veltec.eu\\\/en\\\/#website\"},\"primaryImageOfPage\":{\"@id\":\"https:\\\/\\\/www.veltec.eu\\\/es\\\/product\\\/conga-11090-spin-revolution\\\/#primaryimage\"},\"image\":{\"@id\":\"https:\\\/\\\/www.veltec.eu\\\/es\\\/product\\\/conga-11090-spin-revolution\\\/#primaryimage\"},\"thumbnailUrl\":\"https:\\\/\\\/www.veltec.eu\\\/wp-content\\\/uploads\\\/2024\\\/08\\\/conga-11090-spin-revolution-homewash_zjb9ul_1.png\",\"datePublished\":\"2024-08-08T14:06:17+00:00\",\"dateModified\":\"2025-01-23T14:34:30+00:00\",\"description\":\"VVeltec es proveedor de aspiradoras Kirby desde hace m\u00e1s de 25 a\u00f1os. Y es su especialista de servicio Kirby de confianza. Para reparaciones.\",\"breadcrumb\":{\"@id\":\"https:\\\/\\\/www.veltec.eu\\\/es\\\/product\\\/conga-11090-spin-revolution\\\/#breadcrumb\"},\"inLanguage\":\"es\",\"potentialAction\":[{\"@type\":\"ReadAction\",\"target\":[\"https:\\\/\\\/www.veltec.eu\\\/es\\\/product\\\/conga-11090-spin-revolution\\\/\"]}]},{\"@type\":\"ImageObject\",\"inLanguage\":\"es\",\"@id\":\"https:\\\/\\\/www.veltec.eu\\\/es\\\/product\\\/conga-11090-spin-revolution\\\/#primaryimage\",\"url\":\"https:\\\/\\\/www.veltec.eu\\\/wp-content\\\/uploads\\\/2024\\\/08\\\/conga-11090-spin-revolution-homewash_zjb9ul_1.png\",\"contentUrl\":\"https:\\\/\\\/www.veltec.eu\\\/wp-content\\\/uploads\\\/2024\\\/08\\\/conga-11090-spin-revolution-homewash_zjb9ul_1.png\",\"width\":640,\"height\":640},{\"@type\":\"BreadcrumbList\",\"@id\":\"https:\\\/\\\/www.veltec.eu\\\/es\\\/product\\\/conga-11090-spin-revolution\\\/#breadcrumb\",\"itemListElement\":[{\"@type\":\"ListItem\",\"position\":1,\"name\":\"Home\",\"item\":\"https:\\\/\\\/www.veltec.eu\\\/es\\\/pagina-de-inicio\\\/\"},{\"@type\":\"ListItem\",\"position\":2,\"name\":\"Tienda Kirby\",\"item\":\"https:\\\/\\\/www.veltec.eu\\\/es\\\/tienda-kirby\\\/\"},{\"@type\":\"ListItem\",\"position\":3,\"name\":\"Conga 11090 Spin Revolution\"}]},{\"@type\":\"WebSite\",\"@id\":\"https:\\\/\\\/www.veltec.eu\\\/en\\\/#website\",\"url\":\"https:\\\/\\\/www.veltec.eu\\\/en\\\/\",\"name\":\"Veltec Kirby specialist\",\"description\":\"Kirby stofzuiger producten\",\"publisher\":{\"@id\":\"https:\\\/\\\/www.veltec.eu\\\/en\\\/#organization\"},\"potentialAction\":[{\"@type\":\"SearchAction\",\"target\":{\"@type\":\"EntryPoint\",\"urlTemplate\":\"https:\\\/\\\/www.veltec.eu\\\/en\\\/?s={search_term_string}\"},\"query-input\":{\"@type\":\"PropertyValueSpecification\",\"valueRequired\":true,\"valueName\":\"search_term_string\"}}],\"inLanguage\":\"es\"},{\"@type\":\"Organization\",\"@id\":\"https:\\\/\\\/www.veltec.eu\\\/en\\\/#organization\",\"name\":\"Veltec Kirby Specialist\",\"url\":\"https:\\\/\\\/www.veltec.eu\\\/en\\\/\",\"logo\":{\"@type\":\"ImageObject\",\"inLanguage\":\"es\",\"@id\":\"https:\\\/\\\/www.veltec.eu\\\/en\\\/#\\\/schema\\\/logo\\\/image\\\/\",\"url\":\"https:\\\/\\\/www.veltec.eu\\\/wp-content\\\/uploads\\\/2021\\\/12\\\/Veltec-log-groot-e1537260889125.png\",\"contentUrl\":\"https:\\\/\\\/www.veltec.eu\\\/wp-content\\\/uploads\\\/2021\\\/12\\\/Veltec-log-groot-e1537260889125.png\",\"width\":200,\"height\":60,\"caption\":\"Veltec Kirby Specialist\"},\"image\":{\"@id\":\"https:\\\/\\\/www.veltec.eu\\\/en\\\/#\\\/schema\\\/logo\\\/image\\\/\"},\"sameAs\":[\"https:\\\/\\\/www.facebook.com\\\/Veltec-Kirby-Specialist-236746293374877\\\/\",\"https:\\\/\\\/www.youtube.com\\\/user\\\/VeltecService\"]}]}<\/script>\n<!-- \/ Yoast SEO Premium plugin. -->","yoast_head_json":{"title":"Conga 11090 Spin Revolution - Veltec Kirby specialist","description":"VVeltec es proveedor de aspiradoras Kirby desde hace m\u00e1s de 25 a\u00f1os. Y es su especialista de servicio Kirby de confianza. Para reparaciones.","robots":{"index":"index","follow":"follow","max-snippet":"max-snippet:-1","max-image-preview":"max-image-preview:large","max-video-preview":"max-video-preview:-1"},"canonical":"https:\/\/www.veltec.eu\/es\/product\/conga-11090-spin-revolution\/","og_locale":"es_ES","og_type":"article","og_title":"Conga 11090 Spin Revolution","og_description":"Conga 11090 Spin Revolution, Robot aspirador l\u00e1ser con base de autovaciado y friegasuelos, autolimpieza y secado de fregonas. Navegaci\u00f3n l\u00e1ser ultras\u00f3nica. Motor de succi\u00f3n 5000 Pa. Fregado desincrustante con fregonas giratorias ultra absorbentes. Cepillo multifunci\u00f3n. Cepillo lateral. App CECOTEC 3.0 y asistentes virtuales.  &nbsp;   En stock         El plazo de entrega oscila entre 5 y 10 d\u00edas laborables          2 a\u00f1os de garant\u00eda  &nbsp;","og_url":"https:\/\/www.veltec.eu\/es\/product\/conga-11090-spin-revolution\/","og_site_name":"Veltec Kirby specialist","article_publisher":"https:\/\/www.facebook.com\/Veltec-Kirby-Specialist-236746293374877\/","article_modified_time":"2025-01-23T14:34:30+00:00","og_image":[{"width":640,"height":640,"url":"https:\/\/www.veltec.eu\/wp-content\/uploads\/2024\/08\/conga-11090-spin-revolution-homewash_zjb9ul_1.png","type":"image\/png"}],"twitter_card":"summary_large_image","twitter_misc":{"Tiempo de lectura":"2 minutos"},"schema":{"@context":"https:\/\/schema.org","@graph":[{"@type":"WebPage","@id":"https:\/\/www.veltec.eu\/es\/product\/conga-11090-spin-revolution\/","url":"https:\/\/www.veltec.eu\/es\/product\/conga-11090-spin-revolution\/","name":"Conga 11090 Spin Revolution - Veltec Kirby specialist","isPartOf":{"@id":"https:\/\/www.veltec.eu\/en\/#website"},"primaryImageOfPage":{"@id":"https:\/\/www.veltec.eu\/es\/product\/conga-11090-spin-revolution\/#primaryimage"},"image":{"@id":"https:\/\/www.veltec.eu\/es\/product\/conga-11090-spin-revolution\/#primaryimage"},"thumbnailUrl":"https:\/\/www.veltec.eu\/wp-content\/uploads\/2024\/08\/conga-11090-spin-revolution-homewash_zjb9ul_1.png","datePublished":"2024-08-08T14:06:17+00:00","dateModified":"2025-01-23T14:34:30+00:00","description":"VVeltec es proveedor de aspiradoras Kirby desde hace m\u00e1s de 25 a\u00f1os. Y es su especialista de servicio Kirby de confianza. Para reparaciones.","breadcrumb":{"@id":"https:\/\/www.veltec.eu\/es\/product\/conga-11090-spin-revolution\/#breadcrumb"},"inLanguage":"es","potentialAction":[{"@type":"ReadAction","target":["https:\/\/www.veltec.eu\/es\/product\/conga-11090-spin-revolution\/"]}]},{"@type":"ImageObject","inLanguage":"es","@id":"https:\/\/www.veltec.eu\/es\/product\/conga-11090-spin-revolution\/#primaryimage","url":"https:\/\/www.veltec.eu\/wp-content\/uploads\/2024\/08\/conga-11090-spin-revolution-homewash_zjb9ul_1.png","contentUrl":"https:\/\/www.veltec.eu\/wp-content\/uploads\/2024\/08\/conga-11090-spin-revolution-homewash_zjb9ul_1.png","width":640,"height":640},{"@type":"BreadcrumbList","@id":"https:\/\/www.veltec.eu\/es\/product\/conga-11090-spin-revolution\/#breadcrumb","itemListElement":[{"@type":"ListItem","position":1,"name":"Home","item":"https:\/\/www.veltec.eu\/es\/pagina-de-inicio\/"},{"@type":"ListItem","position":2,"name":"Tienda Kirby","item":"https:\/\/www.veltec.eu\/es\/tienda-kirby\/"},{"@type":"ListItem","position":3,"name":"Conga 11090 Spin Revolution"}]},{"@type":"WebSite","@id":"https:\/\/www.veltec.eu\/en\/#website","url":"https:\/\/www.veltec.eu\/en\/","name":"Veltec Kirby specialist","description":"Kirby stofzuiger producten","publisher":{"@id":"https:\/\/www.veltec.eu\/en\/#organization"},"potentialAction":[{"@type":"SearchAction","target":{"@type":"EntryPoint","urlTemplate":"https:\/\/www.veltec.eu\/en\/?s={search_term_string}"},"query-input":{"@type":"PropertyValueSpecification","valueRequired":true,"valueName":"search_term_string"}}],"inLanguage":"es"},{"@type":"Organization","@id":"https:\/\/www.veltec.eu\/en\/#organization","name":"Veltec Kirby Specialist","url":"https:\/\/www.veltec.eu\/en\/","logo":{"@type":"ImageObject","inLanguage":"es","@id":"https:\/\/www.veltec.eu\/en\/#\/schema\/logo\/image\/","url":"https:\/\/www.veltec.eu\/wp-content\/uploads\/2021\/12\/Veltec-log-groot-e1537260889125.png","contentUrl":"https:\/\/www.veltec.eu\/wp-content\/uploads\/2021\/12\/Veltec-log-groot-e1537260889125.png","width":200,"height":60,"caption":"Veltec Kirby Specialist"},"image":{"@id":"https:\/\/www.veltec.eu\/en\/#\/schema\/logo\/image\/"},"sameAs":["https:\/\/www.facebook.com\/Veltec-Kirby-Specialist-236746293374877\/","https:\/\/www.youtube.com\/user\/VeltecService"]}]}},"_links":{"self":[{"href":"https:\/\/www.veltec.eu\/es\/wp-json\/wp\/v2\/product\/64313","targetHints":{"allow":["GET"]}}],"collection":[{"href":"https:\/\/www.veltec.eu\/es\/wp-json\/wp\/v2\/product"}],"about":[{"href":"https:\/\/www.veltec.eu\/es\/wp-json\/wp\/v2\/types\/product"}],"replies":[{"embeddable":true,"href":"https:\/\/www.veltec.eu\/es\/wp-json\/wp\/v2\/comments?post=64313"}],"wp:featuredmedia":[{"embeddable":true,"href":"https:\/\/www.veltec.eu\/es\/wp-json\/wp\/v2\/media\/64230"}],"wp:attachment":[{"href":"https:\/\/www.veltec.eu\/es\/wp-json\/wp\/v2\/media?parent=64313"}],"wp:term":[{"taxonomy":"product_brand","embeddable":true,"href":"https:\/\/www.veltec.eu\/es\/wp-json\/wp\/v2\/product_brand?post=64313"},{"taxonomy":"product_cat","embeddable":true,"href":"https:\/\/www.veltec.eu\/es\/wp-json\/wp\/v2\/product_cat?post=64313"},{"taxonomy":"product_tag","embeddable":true,"href":"https:\/\/www.veltec.eu\/es\/wp-json\/wp\/v2\/product_tag?post=64313"}],"curies":[{"name":"wp","href":"https:\/\/api.w.org\/{rel}","templated":true}]}}