{"id":64216,"date":"2024-08-08T13:58:15","date_gmt":"2024-08-08T11:58:15","guid":{"rendered":"https:\/\/www.veltec.eu\/product\/conga-7490-ultimate\/"},"modified":"2025-02-27T15:43:28","modified_gmt":"2025-02-27T13:43:28","slug":"robot-aspirador-7490-ultimate","status":"publish","type":"product","link":"https:\/\/www.veltec.eu\/es\/product\/robot-aspirador-7490-ultimate\/","title":{"rendered":"Robot aspirador 7490 Ultimate"},"content":{"rendered":"<h1>Robot aspirador 7490 Ultimate<\/h1>\n<p>Robot aspirador 7490 Ultimate con navegaci\u00f3n l\u00e1ser y base autovaciante.<\/p>\n<p><a href=\"\/nl?product_cat=robots-aspirador\">Encuentre todos los Robots aspiradores aqu\u00ed<\/a><\/p>\n<h2>Robot aspirador 7490 Ultimate &#8211; Soluci\u00f3n de limpieza potente e inteligente<\/h2>\n<p>Con el Robot Aspirador 7490 Ultimate, disfrutar\u00e1 de una experiencia de limpieza eficaz y sin esfuerzo. Gracias a su avanzada navegaci\u00f3n l\u00e1ser y a su base autodrenante, este aspirador inteligente mantiene su hogar impecable sin que usted tenga que ocuparse de ello. Descubra las innovadoras funciones y ventajas de este potente robot aspirador.<\/p>\n<h3>Navegaci\u00f3n l\u00e1ser avanzada para una limpieza eficaz<\/h3>\n<p>El robot aspirador 7490 Ultimate est\u00e1 equipado con navegaci\u00f3n l\u00e1ser inteligente, lo que le permite trazar un mapa de su hogar y moverse por las distintas habitaciones con precisi\u00f3n. Esto garantiza una limpieza r\u00e1pida y exhaustiva, sin perder tiempo en repeticiones o colisiones innecesarias. Puede configurar f\u00e1cilmente qu\u00e9 habitaciones limpiar y en qu\u00e9 orden, para obtener siempre el mejor resultado de limpieza posible.<\/p>\n<h3>Con el robot aspirador 7490 Ultimate Olv\u00eddese del polvo gracias a la base autodrenante<\/h3>\n<p>Cuando el aspirador ha terminado de limpiar, vuelve autom\u00e1ticamente a su base de autodrenaje. Aqu\u00ed se vac\u00eda en una bolsa higi\u00e9nica para el polvo con una capacidad de 2 litros, lo que significa que no tendr\u00e1 que preocuparse de vaciar el contenedor de polvo durante semanas. Esto a\u00f1ade comodidad y evita que el polvo y los al\u00e9rgenos vuelvan a salir al aire.<\/p>\n<h3>Potente succi\u00f3n para una limpieza en profundidad<\/h3>\n<p>Con una impresionante potencia de succi\u00f3n de 4000 Pa, este robot aspirador elimina sin esfuerzo incluso la suciedad y el polvo m\u00e1s resistentes. Desde finas part\u00edculas de polvo hasta pelos de mascotas y migas, el 7490 Ultimate garantiza una limpieza a fondo de todas las superficies de su hogar. Gracias a su cepillo multifunci\u00f3n, tanto las alfombras como los suelos duros se limpian de forma \u00f3ptima.<\/p>\n<h3>Robot aspirador 7490 Ultimate con bater\u00eda de larga duraci\u00f3n y funci\u00f3n de carga inteligente<\/h3>\n<p>La potente bater\u00eda de 2600 mAh ofrece una autonom\u00eda de hasta 120 minutos, lo que le permite limpiar habitaciones enteras de una sola vez. Si la bater\u00eda se agota antes de terminar la limpieza, el robot vuelve autom\u00e1ticamente a la estaci\u00f3n de carga. Gracias a la tecnolog\u00eda Total Surface, reanuda la limpieza exactamente donde la dej\u00f3 tras la carga, por lo que no se salta ning\u00fan punto.<\/p>\n<h3>Planificaci\u00f3n inteligente de la limpieza y funci\u00f3n 4 en 1<\/h3>\n<p>La funci\u00f3n Room Plan te permite establecer un programa de limpieza para cada habitaci\u00f3n a trav\u00e9s de la aplicaci\u00f3n m\u00f3vil. Adem\u00e1s, el robot aspirador 7490 Ultimate ofrece una limpieza completa 4 en 1: aspira, barre, pasa la mopa y friega. Esto significa que sus suelos no solo estar\u00e1n libres de polvo, sino que tambi\u00e9n se mantendr\u00e1n perfectamente limpios y frescos.<\/p>\n<h3>10 modos de limpieza para cada necesidad<\/h3>\n<p>Gracias a los 10 modos de limpieza diferentes, el 7490 Ultimate se adapta a sus necesidades espec\u00edficas de limpieza. Desde una limpieza r\u00e1pida de la superficie hasta un modo de fregado en profundidad para la suciedad m\u00e1s dif\u00edcil: este robot puede hacerlo todo. Adem\u00e1s, la tecnolog\u00eda Bag Detect detecta autom\u00e1ticamente si la bolsa higi\u00e9nica est\u00e1 colocada correctamente en la base autodrenante, para que siempre puedas disfrutar de un funcionamiento sin complicaciones.<\/p>\n<h3>Control sencillo mediante aplicaci\u00f3n y asistente de voz<\/h3>\n<p>Controla f\u00e1cilmente tu aspiradora a trav\u00e9s de la app m\u00f3vil, donde podr\u00e1s establecer horarios de limpieza, seleccionar habitaciones espec\u00edficas y supervisar el progreso en tiempo real. Adem\u00e1s, el 7490 Ultimate es compatible con asistentes virtuales como Google Assistant y Alexa, permiti\u00e9ndote controlarlo tambi\u00e9n con comandos de voz.<\/p>\n<h3>Conclusi\u00f3n: el aspirador ideal para limpiar sin esfuerzo<\/h3>\n<p>Con su potente succi\u00f3n, navegaci\u00f3n inteligente y pr\u00e1ctica funci\u00f3n de autodrenaje, el Robot Aspirador 7490 Ultimate es la elecci\u00f3n perfecta para cualquiera que desee una casa limpia sin esfuerzo. Ahorre tiempo, disfrute de un hogar higi\u00e9nico y deje que este robot inteligente haga todo el trabajo por usted.<\/p>\n<div id=\"technical-details\" class=\"css-0 egxb0x40\">\n<div class=\"css-1vrowg6\">\n<div id=\"composition\" class=\"e1hv9n5v2 css-ldw7pi\">\n<h4>Composici\u00f3n<\/h4>\n<ul>\n<li>1 Pa\u00f1o para el suelo<\/li>\n<li>1 Cepillo lateral<\/li>\n<li>Base autolimpiante<\/li>\n<li>Bolsa higi\u00e9nica de 2 litros<\/li>\n<li>Cepillo autolimpiante<\/li>\n<li>Cepillo multiusos<\/li>\n<li>Dep\u00f3sito mixto<\/li>\n<li>Filtro de alta eficacia<\/li>\n<li>Manual<\/li>\n<li>Robot aspirador<\/li>\n<\/ul>\n<\/div>\n<\/div>\n<\/div>\n","protected":false},"excerpt":{"rendered":"<p>Robot aspirador 7490 Ultimate con navegaci\u00f3n l\u00e1ser y base autovaciante. Limpieza 4 en 1: friega, aspira, pasa la mopa y barre. Potencia de aspiraci\u00f3n de 4000 Pa. 120 minutos de autonom\u00eda. Cepillo central multifunci\u00f3n, cepillo de fregado y 1 cepillo lateral. 3 niveles de aspiraci\u00f3n y fregado. Control APP y asistentes virtuales. Detecci\u00f3n autom\u00e1tica de bolsa. Capacidad de 2 litros.<\/p>\n<div>\n<h3><span style=\"color: #008000;\">En stock<\/span><\/h3>\n[av_font_icon icon='ue812' font='entypo-fontello' style='' caption='' size='25px' position='left' color='#43ad66' link='' linktarget='' title_attr='' sonar_effect_effect='' sonar_effect_color='' sonar_effect_duration='1' sonar_effect_scale='' sonar_effect_opac='0.5' animation='' id='' custom_class='' template_class='' av_uid='' sc_version='1.0' admin_preview_bg=''][\/av_font_icon]\n<p><span style=\"color: #008000;\">El plazo de entrega oscila entre 5 y 10 d\u00edas laborables<\/span><\/p>\n[av_font_icon icon='ue812' font='entypo-fontello' style='' caption='' size='25px' position='left' color='#43ad66' link='' linktarget='' title_attr='' sonar_effect_effect='' sonar_effect_color='' sonar_effect_duration='1' sonar_effect_scale='' sonar_effect_opac='0.5' animation='' id='' custom_class='' template_class='' av_uid='' sc_version='1.0' admin_preview_bg=''][\/av_font_icon]\n<p><span style=\"color: #008000;\">2 a\u00f1os de garant\u00eda<\/span><\/p>\n<p>&nbsp;<\/p>\n<\/div>\n","protected":false},"featured_media":64133,"comment_status":"open","ping_status":"closed","template":"","meta":{"_acf_changed":false},"product_brand":[],"product_cat":[26],"product_tag":[],"class_list":{"0":"post-64216","1":"product","2":"type-product","3":"status-publish","4":"has-post-thumbnail","6":"product_cat-overige-producten","8":"first","9":"outofstock","10":"taxable","11":"shipping-taxable","12":"purchasable","13":"product-type-simple"},"acf":[],"yoast_head":"<!-- This site is optimized with the Yoast SEO Premium plugin v27.1 (Yoast SEO v27.4) - https:\/\/yoast.com\/product\/yoast-seo-premium-wordpress\/ -->\n<title>Robot aspirador 7490 Ultimate - Veltec Kirby specialist<\/title>\n<meta name=\"description\" content=\"Robot aspirador 7490 Ultimate - Veltec es proveedor de aspiradoras Kirby desde hace m\u00e1s de 25 a\u00f1os. Kirby es su especialista de confianza.\" \/>\n<meta name=\"robots\" content=\"index, follow, max-snippet:-1, max-image-preview:large, max-video-preview:-1\" \/>\n<link rel=\"canonical\" href=\"https:\/\/www.veltec.eu\/es\/product\/robot-aspirador-7490-ultimate\/\" \/>\n<meta property=\"og:locale\" content=\"es_ES\" \/>\n<meta property=\"og:type\" content=\"article\" \/>\n<meta property=\"og:title\" content=\"Robot aspirador 7490 Ultimate\" \/>\n<meta property=\"og:description\" content=\"Robot aspirador 7490 Ultimate con navegaci\u00f3n l\u00e1ser y base autovaciante. Limpieza 4 en 1: friega, aspira, pasa la mopa y barre. Potencia de aspiraci\u00f3n de 4000 Pa. 120 minutos de autonom\u00eda. Cepillo central multifunci\u00f3n, cepillo de fregado y 1 cepillo lateral. 3 niveles de aspiraci\u00f3n y fregado. Control APP y asistentes virtuales. Detecci\u00f3n autom\u00e1tica de bolsa. Capacidad de 2 litros.  En stock   El plazo de entrega oscila entre 5 y 10 d\u00edas laborables    2 a\u00f1os de garant\u00eda  &nbsp;\" \/>\n<meta property=\"og:url\" content=\"https:\/\/www.veltec.eu\/es\/product\/robot-aspirador-7490-ultimate\/\" \/>\n<meta property=\"og:site_name\" content=\"Veltec Kirby specialist\" \/>\n<meta property=\"article:publisher\" content=\"https:\/\/www.facebook.com\/Veltec-Kirby-Specialist-236746293374877\/\" \/>\n<meta property=\"article:modified_time\" content=\"2025-02-27T13:43:28+00:00\" \/>\n<meta property=\"og:image\" content=\"https:\/\/www.veltec.eu\/wp-content\/uploads\/2024\/08\/conga-7490-ultimate-home-genesis_vfn1bi_1.png\" \/>\n\t<meta property=\"og:image:width\" content=\"640\" \/>\n\t<meta property=\"og:image:height\" content=\"640\" \/>\n\t<meta property=\"og:image:type\" content=\"image\/png\" \/>\n<meta name=\"twitter:card\" content=\"summary_large_image\" \/>\n<meta name=\"twitter:label1\" content=\"Tiempo de lectura\" \/>\n\t<meta name=\"twitter:data1\" content=\"4 minutos\" \/>\n<script type=\"application\/ld+json\" class=\"yoast-schema-graph\">{\"@context\":\"https:\\\/\\\/schema.org\",\"@graph\":[{\"@type\":\"WebPage\",\"@id\":\"https:\\\/\\\/www.veltec.eu\\\/es\\\/product\\\/robot-aspirador-7490-ultimate\\\/\",\"url\":\"https:\\\/\\\/www.veltec.eu\\\/es\\\/product\\\/robot-aspirador-7490-ultimate\\\/\",\"name\":\"Robot aspirador 7490 Ultimate - Veltec Kirby specialist\",\"isPartOf\":{\"@id\":\"https:\\\/\\\/www.veltec.eu\\\/en\\\/#website\"},\"primaryImageOfPage\":{\"@id\":\"https:\\\/\\\/www.veltec.eu\\\/es\\\/product\\\/robot-aspirador-7490-ultimate\\\/#primaryimage\"},\"image\":{\"@id\":\"https:\\\/\\\/www.veltec.eu\\\/es\\\/product\\\/robot-aspirador-7490-ultimate\\\/#primaryimage\"},\"thumbnailUrl\":\"https:\\\/\\\/www.veltec.eu\\\/wp-content\\\/uploads\\\/2024\\\/08\\\/conga-7490-ultimate-home-genesis_vfn1bi_1.png\",\"datePublished\":\"2024-08-08T11:58:15+00:00\",\"dateModified\":\"2025-02-27T13:43:28+00:00\",\"description\":\"Robot aspirador 7490 Ultimate - Veltec es proveedor de aspiradoras Kirby desde hace m\u00e1s de 25 a\u00f1os. Kirby es su especialista de confianza.\",\"breadcrumb\":{\"@id\":\"https:\\\/\\\/www.veltec.eu\\\/es\\\/product\\\/robot-aspirador-7490-ultimate\\\/#breadcrumb\"},\"inLanguage\":\"es\",\"potentialAction\":[{\"@type\":\"ReadAction\",\"target\":[\"https:\\\/\\\/www.veltec.eu\\\/es\\\/product\\\/robot-aspirador-7490-ultimate\\\/\"]}]},{\"@type\":\"ImageObject\",\"inLanguage\":\"es\",\"@id\":\"https:\\\/\\\/www.veltec.eu\\\/es\\\/product\\\/robot-aspirador-7490-ultimate\\\/#primaryimage\",\"url\":\"https:\\\/\\\/www.veltec.eu\\\/wp-content\\\/uploads\\\/2024\\\/08\\\/conga-7490-ultimate-home-genesis_vfn1bi_1.png\",\"contentUrl\":\"https:\\\/\\\/www.veltec.eu\\\/wp-content\\\/uploads\\\/2024\\\/08\\\/conga-7490-ultimate-home-genesis_vfn1bi_1.png\",\"width\":640,\"height\":640},{\"@type\":\"BreadcrumbList\",\"@id\":\"https:\\\/\\\/www.veltec.eu\\\/es\\\/product\\\/robot-aspirador-7490-ultimate\\\/#breadcrumb\",\"itemListElement\":[{\"@type\":\"ListItem\",\"position\":1,\"name\":\"Home\",\"item\":\"https:\\\/\\\/www.veltec.eu\\\/es\\\/pagina-de-inicio\\\/\"},{\"@type\":\"ListItem\",\"position\":2,\"name\":\"Tienda Kirby\",\"item\":\"https:\\\/\\\/www.veltec.eu\\\/es\\\/tienda-kirby\\\/\"},{\"@type\":\"ListItem\",\"position\":3,\"name\":\"Robot aspirador 7490 Ultimate\"}]},{\"@type\":\"WebSite\",\"@id\":\"https:\\\/\\\/www.veltec.eu\\\/en\\\/#website\",\"url\":\"https:\\\/\\\/www.veltec.eu\\\/en\\\/\",\"name\":\"Veltec Kirby specialist\",\"description\":\"Kirby stofzuiger producten\",\"publisher\":{\"@id\":\"https:\\\/\\\/www.veltec.eu\\\/en\\\/#organization\"},\"potentialAction\":[{\"@type\":\"SearchAction\",\"target\":{\"@type\":\"EntryPoint\",\"urlTemplate\":\"https:\\\/\\\/www.veltec.eu\\\/en\\\/?s={search_term_string}\"},\"query-input\":{\"@type\":\"PropertyValueSpecification\",\"valueRequired\":true,\"valueName\":\"search_term_string\"}}],\"inLanguage\":\"es\"},{\"@type\":\"Organization\",\"@id\":\"https:\\\/\\\/www.veltec.eu\\\/en\\\/#organization\",\"name\":\"Veltec Kirby Specialist\",\"url\":\"https:\\\/\\\/www.veltec.eu\\\/en\\\/\",\"logo\":{\"@type\":\"ImageObject\",\"inLanguage\":\"es\",\"@id\":\"https:\\\/\\\/www.veltec.eu\\\/en\\\/#\\\/schema\\\/logo\\\/image\\\/\",\"url\":\"https:\\\/\\\/www.veltec.eu\\\/wp-content\\\/uploads\\\/2021\\\/12\\\/Veltec-log-groot-e1537260889125.png\",\"contentUrl\":\"https:\\\/\\\/www.veltec.eu\\\/wp-content\\\/uploads\\\/2021\\\/12\\\/Veltec-log-groot-e1537260889125.png\",\"width\":200,\"height\":60,\"caption\":\"Veltec Kirby Specialist\"},\"image\":{\"@id\":\"https:\\\/\\\/www.veltec.eu\\\/en\\\/#\\\/schema\\\/logo\\\/image\\\/\"},\"sameAs\":[\"https:\\\/\\\/www.facebook.com\\\/Veltec-Kirby-Specialist-236746293374877\\\/\",\"https:\\\/\\\/www.youtube.com\\\/user\\\/VeltecService\"]}]}<\/script>\n<!-- \/ Yoast SEO Premium plugin. -->","yoast_head_json":{"title":"Robot aspirador 7490 Ultimate - Veltec Kirby specialist","description":"Robot aspirador 7490 Ultimate - Veltec es proveedor de aspiradoras Kirby desde hace m\u00e1s de 25 a\u00f1os. Kirby es su especialista de confianza.","robots":{"index":"index","follow":"follow","max-snippet":"max-snippet:-1","max-image-preview":"max-image-preview:large","max-video-preview":"max-video-preview:-1"},"canonical":"https:\/\/www.veltec.eu\/es\/product\/robot-aspirador-7490-ultimate\/","og_locale":"es_ES","og_type":"article","og_title":"Robot aspirador 7490 Ultimate","og_description":"Robot aspirador 7490 Ultimate con navegaci\u00f3n l\u00e1ser y base autovaciante. Limpieza 4 en 1: friega, aspira, pasa la mopa y barre. Potencia de aspiraci\u00f3n de 4000 Pa. 120 minutos de autonom\u00eda. Cepillo central multifunci\u00f3n, cepillo de fregado y 1 cepillo lateral. 3 niveles de aspiraci\u00f3n y fregado. Control APP y asistentes virtuales. Detecci\u00f3n autom\u00e1tica de bolsa. Capacidad de 2 litros.  En stock   El plazo de entrega oscila entre 5 y 10 d\u00edas laborables    2 a\u00f1os de garant\u00eda  &nbsp;","og_url":"https:\/\/www.veltec.eu\/es\/product\/robot-aspirador-7490-ultimate\/","og_site_name":"Veltec Kirby specialist","article_publisher":"https:\/\/www.facebook.com\/Veltec-Kirby-Specialist-236746293374877\/","article_modified_time":"2025-02-27T13:43:28+00:00","og_image":[{"width":640,"height":640,"url":"https:\/\/www.veltec.eu\/wp-content\/uploads\/2024\/08\/conga-7490-ultimate-home-genesis_vfn1bi_1.png","type":"image\/png"}],"twitter_card":"summary_large_image","twitter_misc":{"Tiempo de lectura":"4 minutos"},"schema":{"@context":"https:\/\/schema.org","@graph":[{"@type":"WebPage","@id":"https:\/\/www.veltec.eu\/es\/product\/robot-aspirador-7490-ultimate\/","url":"https:\/\/www.veltec.eu\/es\/product\/robot-aspirador-7490-ultimate\/","name":"Robot aspirador 7490 Ultimate - Veltec Kirby specialist","isPartOf":{"@id":"https:\/\/www.veltec.eu\/en\/#website"},"primaryImageOfPage":{"@id":"https:\/\/www.veltec.eu\/es\/product\/robot-aspirador-7490-ultimate\/#primaryimage"},"image":{"@id":"https:\/\/www.veltec.eu\/es\/product\/robot-aspirador-7490-ultimate\/#primaryimage"},"thumbnailUrl":"https:\/\/www.veltec.eu\/wp-content\/uploads\/2024\/08\/conga-7490-ultimate-home-genesis_vfn1bi_1.png","datePublished":"2024-08-08T11:58:15+00:00","dateModified":"2025-02-27T13:43:28+00:00","description":"Robot aspirador 7490 Ultimate - Veltec es proveedor de aspiradoras Kirby desde hace m\u00e1s de 25 a\u00f1os. Kirby es su especialista de confianza.","breadcrumb":{"@id":"https:\/\/www.veltec.eu\/es\/product\/robot-aspirador-7490-ultimate\/#breadcrumb"},"inLanguage":"es","potentialAction":[{"@type":"ReadAction","target":["https:\/\/www.veltec.eu\/es\/product\/robot-aspirador-7490-ultimate\/"]}]},{"@type":"ImageObject","inLanguage":"es","@id":"https:\/\/www.veltec.eu\/es\/product\/robot-aspirador-7490-ultimate\/#primaryimage","url":"https:\/\/www.veltec.eu\/wp-content\/uploads\/2024\/08\/conga-7490-ultimate-home-genesis_vfn1bi_1.png","contentUrl":"https:\/\/www.veltec.eu\/wp-content\/uploads\/2024\/08\/conga-7490-ultimate-home-genesis_vfn1bi_1.png","width":640,"height":640},{"@type":"BreadcrumbList","@id":"https:\/\/www.veltec.eu\/es\/product\/robot-aspirador-7490-ultimate\/#breadcrumb","itemListElement":[{"@type":"ListItem","position":1,"name":"Home","item":"https:\/\/www.veltec.eu\/es\/pagina-de-inicio\/"},{"@type":"ListItem","position":2,"name":"Tienda Kirby","item":"https:\/\/www.veltec.eu\/es\/tienda-kirby\/"},{"@type":"ListItem","position":3,"name":"Robot aspirador 7490 Ultimate"}]},{"@type":"WebSite","@id":"https:\/\/www.veltec.eu\/en\/#website","url":"https:\/\/www.veltec.eu\/en\/","name":"Veltec Kirby specialist","description":"Kirby stofzuiger producten","publisher":{"@id":"https:\/\/www.veltec.eu\/en\/#organization"},"potentialAction":[{"@type":"SearchAction","target":{"@type":"EntryPoint","urlTemplate":"https:\/\/www.veltec.eu\/en\/?s={search_term_string}"},"query-input":{"@type":"PropertyValueSpecification","valueRequired":true,"valueName":"search_term_string"}}],"inLanguage":"es"},{"@type":"Organization","@id":"https:\/\/www.veltec.eu\/en\/#organization","name":"Veltec Kirby Specialist","url":"https:\/\/www.veltec.eu\/en\/","logo":{"@type":"ImageObject","inLanguage":"es","@id":"https:\/\/www.veltec.eu\/en\/#\/schema\/logo\/image\/","url":"https:\/\/www.veltec.eu\/wp-content\/uploads\/2021\/12\/Veltec-log-groot-e1537260889125.png","contentUrl":"https:\/\/www.veltec.eu\/wp-content\/uploads\/2021\/12\/Veltec-log-groot-e1537260889125.png","width":200,"height":60,"caption":"Veltec Kirby Specialist"},"image":{"@id":"https:\/\/www.veltec.eu\/en\/#\/schema\/logo\/image\/"},"sameAs":["https:\/\/www.facebook.com\/Veltec-Kirby-Specialist-236746293374877\/","https:\/\/www.youtube.com\/user\/VeltecService"]}]}},"_links":{"self":[{"href":"https:\/\/www.veltec.eu\/es\/wp-json\/wp\/v2\/product\/64216","targetHints":{"allow":["GET"]}}],"collection":[{"href":"https:\/\/www.veltec.eu\/es\/wp-json\/wp\/v2\/product"}],"about":[{"href":"https:\/\/www.veltec.eu\/es\/wp-json\/wp\/v2\/types\/product"}],"replies":[{"embeddable":true,"href":"https:\/\/www.veltec.eu\/es\/wp-json\/wp\/v2\/comments?post=64216"}],"wp:featuredmedia":[{"embeddable":true,"href":"https:\/\/www.veltec.eu\/es\/wp-json\/wp\/v2\/media\/64133"}],"wp:attachment":[{"href":"https:\/\/www.veltec.eu\/es\/wp-json\/wp\/v2\/media?parent=64216"}],"wp:term":[{"taxonomy":"product_brand","embeddable":true,"href":"https:\/\/www.veltec.eu\/es\/wp-json\/wp\/v2\/product_brand?post=64216"},{"taxonomy":"product_cat","embeddable":true,"href":"https:\/\/www.veltec.eu\/es\/wp-json\/wp\/v2\/product_cat?post=64216"},{"taxonomy":"product_tag","embeddable":true,"href":"https:\/\/www.veltec.eu\/es\/wp-json\/wp\/v2\/product_tag?post=64216"}],"curies":[{"name":"wp","href":"https:\/\/api.w.org\/{rel}","templated":true}]}}