{"id":61964,"date":"2024-07-17T13:18:23","date_gmt":"2024-07-17T11:18:23","guid":{"rendered":"https:\/\/www.veltec.eu\/product\/conga-2499-advanced\/"},"modified":"2025-03-10T17:50:38","modified_gmt":"2025-03-10T15:50:38","slug":"robot-aspirador-2499-avanzado","status":"publish","type":"product","link":"https:\/\/www.veltec.eu\/es\/product\/robot-aspirador-2499-avanzado\/","title":{"rendered":"Robot Aspirador 2499 Avanzado"},"content":{"rendered":"<div class=\"css-1vrowg6\">\n<div id=\"description\" class=\"e1pizqy33 css-1gvl2s3\">\n<h1>Robot Aspirador 2499 Avanzado &#8211; Limpieza innovadora para un hogar impecable<\/h1>\n<p>Conozca el Robot Aspirador 2499 Avanzado, la elecci\u00f3n inteligente para una limpieza sin esfuerzo. Este innovador robot aspirador con base autovaciante ofrece una limpieza eficaz 4 en 1: barre, aspira, pasa la mopa y friega al mismo tiempo. Gracias a la tecnolog\u00eda iTech SmartGyro, limpia met\u00f3dica y eficazmente cualquier superficie. Con una potente potencia de succi\u00f3n de 2100 Pa, una larga autonom\u00eda de 160 minutos y un c\u00f3modo control por voz y aplicaci\u00f3n, este aspirador garantiza un hogar impecablemente limpio sin complicaciones.<\/p>\n<p><a href=\"\/nl?product_cat=robots-aspirador\">Encuentre todos los robots aspiradores aqu\u00ed<\/a><\/p>\n<h2>Robot Aspirador 2499 Avanzado &#8211; Tecnolog\u00eda inteligente para una limpieza eficiente<\/h2>\n<h3>Navegaci\u00f3n girosc\u00f3pica avanzada<\/h3>\n<p>La tecnolog\u00eda iTech SmartGyro garantiza que el robot aspirador navegue de forma eficiente y no se salte ning\u00fan lugar. Planifica la ruta \u00f3ptima y limpia a fondo cada habitaci\u00f3n sin dar vueltas al azar. De este modo, no se deja ning\u00fan rinc\u00f3n o borde sin limpiar.<\/p>\n<h3>Base autovaciante autom\u00e1tica<\/h3>\n<p>El sistema Smart Clean controla autom\u00e1ticamente el vaciado del dep\u00f3sito de polvo. La bolsa recogepolvo de 3 litros captura toda la suciedad y evita el contacto directo con el polvo y los al\u00e9rgenos. Gracias a la funci\u00f3n BagDetect, la aspiradora sabe exactamente si la bolsa se ha colocado correctamente y le avisa en caso contrario.<\/p>\n<h2>Limpieza potente y profunda<\/h2>\n<h3>Succi\u00f3n de 2100 Pa para una limpieza profunda<\/h3>\n<p>Con una potencia de succi\u00f3n de 2100 Pa, este robot aspirador elimina el polvo, el pelo y otros tipos de suciedad sin esfuerzo, incluso de las alfombras. La funci\u00f3n Turbo Clean Carpet cambia autom\u00e1ticamente al modo turbo para una limpieza m\u00e1s profunda de las alfombras.<\/p>\n<h3>Sistema de limpieza multifunci\u00f3n 4 en 1<\/h3>\n<p>Gracias al cepillo multifunci\u00f3n con una combinaci\u00f3n de cerdas y goma de silicona, se elimina eficazmente toda la suciedad. Dos cepillos laterales ampl\u00edan el alcance de aspiraci\u00f3n, mientras que el cepillo de fregado limpia los suelos duros sin esfuerzo.<\/p>\n<h2>Robot Aspirador 2499 Advanced con control inteligente y conectividad<\/h2>\n<h3>Control mediante App y asistente de voz<\/h3>\n<p>El robot aspirador es f\u00e1cil de controlar mediante una app m\u00f3vil o comandos de voz con asistentes virtuales como Google Assistant y Alexa. Inicia o programa limpiezas, ajusta la configuraci\u00f3n y supervisa el estado de la limpieza.<\/p>\n<h3>Conectividad WiFi y Bluetooth para el robot aspirador 2499 Advanced<\/h3>\n<p>Con WiFi 2,4 GHz y Bluetooth, este robot aspirador ofrece una conexi\u00f3n estable para un funcionamiento sencillo, incluso a distancia. A trav\u00e9s de la aplicaci\u00f3n, puede seleccionar f\u00e1cilmente uno de los seis modos de limpieza, como autom\u00e1tico, aleatorio, fregado, espiral, borde y manual.<\/p>\n<h2>Funcionamiento de larga duraci\u00f3n y funci\u00f3n de carga autom\u00e1tica<\/h2>\n<h3>Hasta 160 minutos de limpieza con el robot aspirador 2499 Advanced<\/h3>\n<p>El robot aspirador funciona hasta 160 minutos con la bater\u00eda llena. Cuando la bater\u00eda est\u00e1 baja, vuelve autom\u00e1ticamente a la estaci\u00f3n de carga. Una vez cargado, reanuda la limpieza donde la dej\u00f3.<\/p>\n<h3>Tecnolog\u00eda de superficie inteligente<\/h3>\n<p>La tecnolog\u00eda de superficie garantiza que el aspirador vuelva sin esfuerzo a la estaci\u00f3n de carga sin atascarse. Esto asegura la continuidad en la limpieza y un hogar siempre limpio.<\/p>\n<h2>Conclusi\u00f3n: La mejor opci\u00f3n para un hogar limpio e inteligente<\/h2>\n<p>El Robot Aspirador 2499 Advanced combina un potente rendimiento con tecnolog\u00eda inteligente para una limpieza eficiente y a fondo. Gracias a su base autodrenante, navegaci\u00f3n girosc\u00f3pica y conectividad inteligente, ahorrar\u00e1 tiempo y disfrutar\u00e1 de un hogar libre de polvo sin ning\u00fan esfuerzo. H\u00e1gase la vida m\u00e1s f\u00e1cil y pida hoy mismo esta innovadora aspiradora rob\u00f3tica.<\/p>\n<h4>Composici\u00f3n<\/h4>\n<ul>\n<li>2 cepillos laterales<\/li>\n<li>Base autodrenante<\/li>\n<li>Bolsa higi\u00e9nica de 3 L<\/li>\n<li>Cepillo autolimpiante<\/li>\n<li>Dep\u00f3sito mixto<\/li>\n<li>Filtro de alta eficacia<\/li>\n<li>Manual de instrucciones<\/li>\n<li>Mopa<\/li>\n<li>Robot aspirador<\/li>\n<\/ul>\n<\/div>\n<\/div>\n","protected":false},"excerpt":{"rendered":"<p><span class=\"css-14uwpk3\">Robot aspirador con base de autovaciado. Cuenta con tecnolog\u00eda girosc\u00f3pica, limpieza ordenada de la totalidad de la superficie recorrida. Friega, aspira y barre a la vez. Potencia de succi\u00f3n de 2100 Pa. APP. Cepillo multifunci\u00f3n. 2 cepillos laterales. Mopa de fregado. Detecci\u00f3n de bolsa autom\u00e1tica. 3 litros de capacidad. 6 modos de limpieza. Conectividad WiFi, 2,4 GhZ y Bluetooth. Compatible con asistentes virtuales.<\/span><\/p>\n<h3 class=\"western\"><span style=\"color: #008000;\"><span style=\"font-family: Microsoft Sans Serif, sans-serif;\"><span style=\"font-size: large;\">En stock<\/span><\/span><\/span><\/h3>\n<p align=\"left\"><span style=\"color: #000000;\"><span style=\"font-family: Liberation Serif, serif;\"><span style=\"font-size: medium;\">[av_font_icon icon='ue812' font='entypo-fontello' style='' caption='' size='25px' position='left' color='#43ad66' link='' linktarget='' title_attr='' sonar_effect_effect='' sonar_effect_color='' sonar_effect_duration='1' sonar_effect_scale='' sonar_effect_opac='0.5' animation='' id='' custom_class='' template_class='' av_uid='' sc_version='1.0' admin_preview_bg=''][\/av_font_icon]<\/span><\/span><\/span><\/p>\n<p><span style=\"color: #008000;\">El plazo de entrega oscila entre 5 y 10 d\u00edas laborables<\/span><\/p>\n<p align=\"left\"><span style=\"color: #000000;\"><span style=\"font-family: Liberation Serif, serif;\"><span style=\"font-size: medium;\">[av_font_icon icon='ue812' font='entypo-fontello' style='' caption='' size='25px' position='left' color='#43ad66' link='' linktarget='' title_attr='' sonar_effect_effect='' sonar_effect_color='' sonar_effect_duration='1' sonar_effect_scale='' sonar_effect_opac='0.5' animation='' id='' custom_class='' template_class='' av_uid='' sc_version='1.0' admin_preview_bg=''][\/av_font_icon]<\/span><\/span><\/span><\/p>\n<p><span style=\"color: #008000;\">2 a\u00f1os de garant\u00eda<\/span><\/p>\n<p>&nbsp;<\/p>\n","protected":false},"featured_media":61912,"comment_status":"open","ping_status":"closed","template":"","meta":{"_acf_changed":false},"product_brand":[],"product_cat":[26],"product_tag":[],"class_list":{"0":"post-61964","1":"product","2":"type-product","3":"status-publish","4":"has-post-thumbnail","6":"product_cat-overige-producten","8":"first","9":"outofstock","10":"taxable","11":"shipping-taxable","12":"purchasable","13":"product-type-simple"},"acf":[],"yoast_head":"<!-- This site is optimized with the Yoast SEO Premium plugin v27.1 (Yoast SEO v27.4) - https:\/\/yoast.com\/product\/yoast-seo-premium-wordpress\/ -->\n<title>Robot Aspirador 2499 Avanzado - Veltec Kirby specialist<\/title>\n<meta name=\"description\" content=\"Robot Aspirador 2499 Avanzado - Veltec es proveedor de aspiradoras Kirby desde hace m\u00e1s de 25 a\u00f1os. Kirby es su especialista de confianza.\" \/>\n<meta name=\"robots\" content=\"index, follow, max-snippet:-1, max-image-preview:large, max-video-preview:-1\" \/>\n<link rel=\"canonical\" href=\"https:\/\/www.veltec.eu\/es\/product\/robot-aspirador-2499-avanzado\/\" \/>\n<meta property=\"og:locale\" content=\"es_ES\" \/>\n<meta property=\"og:type\" content=\"article\" \/>\n<meta property=\"og:title\" content=\"Robot Aspirador 2499 Avanzado\" \/>\n<meta property=\"og:description\" content=\"Robot aspirador con base de autovaciado. Cuenta con tecnolog\u00eda girosc\u00f3pica, limpieza ordenada de la totalidad de la superficie recorrida. Friega, aspira y barre a la vez. Potencia de succi\u00f3n de 2100 Pa. APP. Cepillo multifunci\u00f3n. 2 cepillos laterales. Mopa de fregado. Detecci\u00f3n de bolsa autom\u00e1tica. 3 litros de capacidad. 6 modos de limpieza. Conectividad WiFi, 2,4 GhZ y Bluetooth. Compatible con asistentes virtuales. En stock  El plazo de entrega oscila entre 5 y 10 d\u00edas laborables  2 a\u00f1os de garant\u00eda  &nbsp;\" \/>\n<meta property=\"og:url\" content=\"https:\/\/www.veltec.eu\/es\/product\/robot-aspirador-2499-avanzado\/\" \/>\n<meta property=\"og:site_name\" content=\"Veltec Kirby specialist\" \/>\n<meta property=\"article:publisher\" content=\"https:\/\/www.facebook.com\/Veltec-Kirby-Specialist-236746293374877\/\" \/>\n<meta property=\"article:modified_time\" content=\"2025-03-10T15:50:38+00:00\" \/>\n<meta property=\"og:image\" content=\"https:\/\/www.veltec.eu\/wp-content\/uploads\/2024\/07\/conga-2499-ultra-home-advanced_e6ymo9_1.png\" \/>\n\t<meta property=\"og:image:width\" content=\"640\" \/>\n\t<meta property=\"og:image:height\" content=\"640\" \/>\n\t<meta property=\"og:image:type\" content=\"image\/png\" \/>\n<meta name=\"twitter:card\" content=\"summary_large_image\" \/>\n<meta name=\"twitter:label1\" content=\"Tiempo de lectura\" \/>\n\t<meta name=\"twitter:data1\" content=\"3 minutos\" \/>\n<script type=\"application\/ld+json\" class=\"yoast-schema-graph\">{\"@context\":\"https:\\\/\\\/schema.org\",\"@graph\":[{\"@type\":\"WebPage\",\"@id\":\"https:\\\/\\\/www.veltec.eu\\\/es\\\/product\\\/robot-aspirador-2499-avanzado\\\/\",\"url\":\"https:\\\/\\\/www.veltec.eu\\\/es\\\/product\\\/robot-aspirador-2499-avanzado\\\/\",\"name\":\"Robot Aspirador 2499 Avanzado - Veltec Kirby specialist\",\"isPartOf\":{\"@id\":\"https:\\\/\\\/www.veltec.eu\\\/en\\\/#website\"},\"primaryImageOfPage\":{\"@id\":\"https:\\\/\\\/www.veltec.eu\\\/es\\\/product\\\/robot-aspirador-2499-avanzado\\\/#primaryimage\"},\"image\":{\"@id\":\"https:\\\/\\\/www.veltec.eu\\\/es\\\/product\\\/robot-aspirador-2499-avanzado\\\/#primaryimage\"},\"thumbnailUrl\":\"https:\\\/\\\/www.veltec.eu\\\/wp-content\\\/uploads\\\/2024\\\/07\\\/conga-2499-ultra-home-advanced_e6ymo9_1.png\",\"datePublished\":\"2024-07-17T11:18:23+00:00\",\"dateModified\":\"2025-03-10T15:50:38+00:00\",\"description\":\"Robot Aspirador 2499 Avanzado - Veltec es proveedor de aspiradoras Kirby desde hace m\u00e1s de 25 a\u00f1os. Kirby es su especialista de confianza.\",\"breadcrumb\":{\"@id\":\"https:\\\/\\\/www.veltec.eu\\\/es\\\/product\\\/robot-aspirador-2499-avanzado\\\/#breadcrumb\"},\"inLanguage\":\"es\",\"potentialAction\":[{\"@type\":\"ReadAction\",\"target\":[\"https:\\\/\\\/www.veltec.eu\\\/es\\\/product\\\/robot-aspirador-2499-avanzado\\\/\"]}]},{\"@type\":\"ImageObject\",\"inLanguage\":\"es\",\"@id\":\"https:\\\/\\\/www.veltec.eu\\\/es\\\/product\\\/robot-aspirador-2499-avanzado\\\/#primaryimage\",\"url\":\"https:\\\/\\\/www.veltec.eu\\\/wp-content\\\/uploads\\\/2024\\\/07\\\/conga-2499-ultra-home-advanced_e6ymo9_1.png\",\"contentUrl\":\"https:\\\/\\\/www.veltec.eu\\\/wp-content\\\/uploads\\\/2024\\\/07\\\/conga-2499-ultra-home-advanced_e6ymo9_1.png\",\"width\":640,\"height\":640},{\"@type\":\"BreadcrumbList\",\"@id\":\"https:\\\/\\\/www.veltec.eu\\\/es\\\/product\\\/robot-aspirador-2499-avanzado\\\/#breadcrumb\",\"itemListElement\":[{\"@type\":\"ListItem\",\"position\":1,\"name\":\"Home\",\"item\":\"https:\\\/\\\/www.veltec.eu\\\/es\\\/pagina-de-inicio\\\/\"},{\"@type\":\"ListItem\",\"position\":2,\"name\":\"Tienda Kirby\",\"item\":\"https:\\\/\\\/www.veltec.eu\\\/es\\\/tienda-kirby\\\/\"},{\"@type\":\"ListItem\",\"position\":3,\"name\":\"Robot Aspirador 2499 Avanzado\"}]},{\"@type\":\"WebSite\",\"@id\":\"https:\\\/\\\/www.veltec.eu\\\/en\\\/#website\",\"url\":\"https:\\\/\\\/www.veltec.eu\\\/en\\\/\",\"name\":\"Veltec Kirby specialist\",\"description\":\"Kirby stofzuiger producten\",\"publisher\":{\"@id\":\"https:\\\/\\\/www.veltec.eu\\\/en\\\/#organization\"},\"potentialAction\":[{\"@type\":\"SearchAction\",\"target\":{\"@type\":\"EntryPoint\",\"urlTemplate\":\"https:\\\/\\\/www.veltec.eu\\\/en\\\/?s={search_term_string}\"},\"query-input\":{\"@type\":\"PropertyValueSpecification\",\"valueRequired\":true,\"valueName\":\"search_term_string\"}}],\"inLanguage\":\"es\"},{\"@type\":\"Organization\",\"@id\":\"https:\\\/\\\/www.veltec.eu\\\/en\\\/#organization\",\"name\":\"Veltec Kirby Specialist\",\"url\":\"https:\\\/\\\/www.veltec.eu\\\/en\\\/\",\"logo\":{\"@type\":\"ImageObject\",\"inLanguage\":\"es\",\"@id\":\"https:\\\/\\\/www.veltec.eu\\\/en\\\/#\\\/schema\\\/logo\\\/image\\\/\",\"url\":\"https:\\\/\\\/www.veltec.eu\\\/wp-content\\\/uploads\\\/2021\\\/12\\\/Veltec-log-groot-e1537260889125.png\",\"contentUrl\":\"https:\\\/\\\/www.veltec.eu\\\/wp-content\\\/uploads\\\/2021\\\/12\\\/Veltec-log-groot-e1537260889125.png\",\"width\":200,\"height\":60,\"caption\":\"Veltec Kirby Specialist\"},\"image\":{\"@id\":\"https:\\\/\\\/www.veltec.eu\\\/en\\\/#\\\/schema\\\/logo\\\/image\\\/\"},\"sameAs\":[\"https:\\\/\\\/www.facebook.com\\\/Veltec-Kirby-Specialist-236746293374877\\\/\",\"https:\\\/\\\/www.youtube.com\\\/user\\\/VeltecService\"]}]}<\/script>\n<!-- \/ Yoast SEO Premium plugin. -->","yoast_head_json":{"title":"Robot Aspirador 2499 Avanzado - Veltec Kirby specialist","description":"Robot Aspirador 2499 Avanzado - Veltec es proveedor de aspiradoras Kirby desde hace m\u00e1s de 25 a\u00f1os. Kirby es su especialista de confianza.","robots":{"index":"index","follow":"follow","max-snippet":"max-snippet:-1","max-image-preview":"max-image-preview:large","max-video-preview":"max-video-preview:-1"},"canonical":"https:\/\/www.veltec.eu\/es\/product\/robot-aspirador-2499-avanzado\/","og_locale":"es_ES","og_type":"article","og_title":"Robot Aspirador 2499 Avanzado","og_description":"Robot aspirador con base de autovaciado. Cuenta con tecnolog\u00eda girosc\u00f3pica, limpieza ordenada de la totalidad de la superficie recorrida. Friega, aspira y barre a la vez. Potencia de succi\u00f3n de 2100 Pa. APP. Cepillo multifunci\u00f3n. 2 cepillos laterales. Mopa de fregado. Detecci\u00f3n de bolsa autom\u00e1tica. 3 litros de capacidad. 6 modos de limpieza. Conectividad WiFi, 2,4 GhZ y Bluetooth. Compatible con asistentes virtuales. En stock  El plazo de entrega oscila entre 5 y 10 d\u00edas laborables  2 a\u00f1os de garant\u00eda  &nbsp;","og_url":"https:\/\/www.veltec.eu\/es\/product\/robot-aspirador-2499-avanzado\/","og_site_name":"Veltec Kirby specialist","article_publisher":"https:\/\/www.facebook.com\/Veltec-Kirby-Specialist-236746293374877\/","article_modified_time":"2025-03-10T15:50:38+00:00","og_image":[{"width":640,"height":640,"url":"https:\/\/www.veltec.eu\/wp-content\/uploads\/2024\/07\/conga-2499-ultra-home-advanced_e6ymo9_1.png","type":"image\/png"}],"twitter_card":"summary_large_image","twitter_misc":{"Tiempo de lectura":"3 minutos"},"schema":{"@context":"https:\/\/schema.org","@graph":[{"@type":"WebPage","@id":"https:\/\/www.veltec.eu\/es\/product\/robot-aspirador-2499-avanzado\/","url":"https:\/\/www.veltec.eu\/es\/product\/robot-aspirador-2499-avanzado\/","name":"Robot Aspirador 2499 Avanzado - Veltec Kirby specialist","isPartOf":{"@id":"https:\/\/www.veltec.eu\/en\/#website"},"primaryImageOfPage":{"@id":"https:\/\/www.veltec.eu\/es\/product\/robot-aspirador-2499-avanzado\/#primaryimage"},"image":{"@id":"https:\/\/www.veltec.eu\/es\/product\/robot-aspirador-2499-avanzado\/#primaryimage"},"thumbnailUrl":"https:\/\/www.veltec.eu\/wp-content\/uploads\/2024\/07\/conga-2499-ultra-home-advanced_e6ymo9_1.png","datePublished":"2024-07-17T11:18:23+00:00","dateModified":"2025-03-10T15:50:38+00:00","description":"Robot Aspirador 2499 Avanzado - Veltec es proveedor de aspiradoras Kirby desde hace m\u00e1s de 25 a\u00f1os. Kirby es su especialista de confianza.","breadcrumb":{"@id":"https:\/\/www.veltec.eu\/es\/product\/robot-aspirador-2499-avanzado\/#breadcrumb"},"inLanguage":"es","potentialAction":[{"@type":"ReadAction","target":["https:\/\/www.veltec.eu\/es\/product\/robot-aspirador-2499-avanzado\/"]}]},{"@type":"ImageObject","inLanguage":"es","@id":"https:\/\/www.veltec.eu\/es\/product\/robot-aspirador-2499-avanzado\/#primaryimage","url":"https:\/\/www.veltec.eu\/wp-content\/uploads\/2024\/07\/conga-2499-ultra-home-advanced_e6ymo9_1.png","contentUrl":"https:\/\/www.veltec.eu\/wp-content\/uploads\/2024\/07\/conga-2499-ultra-home-advanced_e6ymo9_1.png","width":640,"height":640},{"@type":"BreadcrumbList","@id":"https:\/\/www.veltec.eu\/es\/product\/robot-aspirador-2499-avanzado\/#breadcrumb","itemListElement":[{"@type":"ListItem","position":1,"name":"Home","item":"https:\/\/www.veltec.eu\/es\/pagina-de-inicio\/"},{"@type":"ListItem","position":2,"name":"Tienda Kirby","item":"https:\/\/www.veltec.eu\/es\/tienda-kirby\/"},{"@type":"ListItem","position":3,"name":"Robot Aspirador 2499 Avanzado"}]},{"@type":"WebSite","@id":"https:\/\/www.veltec.eu\/en\/#website","url":"https:\/\/www.veltec.eu\/en\/","name":"Veltec Kirby specialist","description":"Kirby stofzuiger producten","publisher":{"@id":"https:\/\/www.veltec.eu\/en\/#organization"},"potentialAction":[{"@type":"SearchAction","target":{"@type":"EntryPoint","urlTemplate":"https:\/\/www.veltec.eu\/en\/?s={search_term_string}"},"query-input":{"@type":"PropertyValueSpecification","valueRequired":true,"valueName":"search_term_string"}}],"inLanguage":"es"},{"@type":"Organization","@id":"https:\/\/www.veltec.eu\/en\/#organization","name":"Veltec Kirby Specialist","url":"https:\/\/www.veltec.eu\/en\/","logo":{"@type":"ImageObject","inLanguage":"es","@id":"https:\/\/www.veltec.eu\/en\/#\/schema\/logo\/image\/","url":"https:\/\/www.veltec.eu\/wp-content\/uploads\/2021\/12\/Veltec-log-groot-e1537260889125.png","contentUrl":"https:\/\/www.veltec.eu\/wp-content\/uploads\/2021\/12\/Veltec-log-groot-e1537260889125.png","width":200,"height":60,"caption":"Veltec Kirby Specialist"},"image":{"@id":"https:\/\/www.veltec.eu\/en\/#\/schema\/logo\/image\/"},"sameAs":["https:\/\/www.facebook.com\/Veltec-Kirby-Specialist-236746293374877\/","https:\/\/www.youtube.com\/user\/VeltecService"]}]}},"_links":{"self":[{"href":"https:\/\/www.veltec.eu\/es\/wp-json\/wp\/v2\/product\/61964","targetHints":{"allow":["GET"]}}],"collection":[{"href":"https:\/\/www.veltec.eu\/es\/wp-json\/wp\/v2\/product"}],"about":[{"href":"https:\/\/www.veltec.eu\/es\/wp-json\/wp\/v2\/types\/product"}],"replies":[{"embeddable":true,"href":"https:\/\/www.veltec.eu\/es\/wp-json\/wp\/v2\/comments?post=61964"}],"wp:featuredmedia":[{"embeddable":true,"href":"https:\/\/www.veltec.eu\/es\/wp-json\/wp\/v2\/media\/61912"}],"wp:attachment":[{"href":"https:\/\/www.veltec.eu\/es\/wp-json\/wp\/v2\/media?parent=61964"}],"wp:term":[{"taxonomy":"product_brand","embeddable":true,"href":"https:\/\/www.veltec.eu\/es\/wp-json\/wp\/v2\/product_brand?post=61964"},{"taxonomy":"product_cat","embeddable":true,"href":"https:\/\/www.veltec.eu\/es\/wp-json\/wp\/v2\/product_cat?post=61964"},{"taxonomy":"product_tag","embeddable":true,"href":"https:\/\/www.veltec.eu\/es\/wp-json\/wp\/v2\/product_tag?post=61964"}],"curies":[{"name":"wp","href":"https:\/\/api.w.org\/{rel}","templated":true}]}}