{"id":57433,"date":"2024-03-11T10:40:09","date_gmt":"2024-03-11T08:40:09","guid":{"rendered":"https:\/\/www.veltec.eu\/product\/manguera-flexible-para-aspiradora-kirby-reacondicionado\/"},"modified":"2024-12-20T16:29:17","modified_gmt":"2024-12-20T14:29:17","slug":"manguera-flexible-para-aspiradora-kirby-reacondicionado","status":"publish","type":"product","link":"https:\/\/www.veltec.eu\/es\/product\/manguera-flexible-para-aspiradora-kirby-reacondicionado\/","title":{"rendered":"Manguera Flexible para Aspiradora Kirby Reacondicionado"},"content":{"rendered":"<h1>Manguera Flexible para Aspiradora Kirby Reacondicionado<\/h1>\n<p>La Manguera Flexible para Aspiradora Kirby Reacondicionado se completa con un accesorio delantero y trasero.<br \/>\nS\u00f3lo 1 metro de largo y extensible hasta 4 metros.<\/p>\n<p>Muy pr\u00e1ctica para escaleras largas y techos altos, esta manguera Kirby es muy compacta y f\u00e1cil de guardar.<\/p>\n<p><strong>Esta manguera es universal y adecuada para todas las aspiradoras Kirby;<\/strong><\/p>\n<ul>\n<li>Avalir Platinum<\/li>\n<li>Avalir 2<\/li>\n<li>Avalir 1<\/li>\n<li>Sentria 2 (G10D)<\/li>\n<li>Sentria 1 (G10)<\/li>\n<li>Ultimate G Diamond Ed.(G7D or DE)<\/li>\n<li>Ultimate G (G7 or UG)<\/li>\n<li>Generation 6 (G6)<\/li>\n<li>Generation 5 (G5)<\/li>\n<li>Generation 4 (G4)<\/li>\n<li>Generation 3 (G3)<\/li>\n<\/ul>\n<h2>Descubra la Manguera Flexible para Aspiradora Kirby Reacondicionado<\/h2>\n<p>\u00bfBusca una soluci\u00f3n duradera y fiable para su aspiradora? La manguera flexible para aspiradora ofrece la combinaci\u00f3n perfecta de flexibilidad, calidad y facilidad de uso. Esta manguera original Kirby es una excelente elecci\u00f3n para cualquiera que quiera sacar el m\u00e1ximo partido a su aspiradora Kirby.<\/p>\n<p><a href=\"https:\/\/www.veltec.eu\/es\/?page_id=59971\">Encuentre todas las mangueras y accesorios Kirby aqu\u00ed<\/a><\/p>\n<h2>\u00bfQu\u00e9 hace que esta Manguera Flexible para Aspiradora Kirby Reacondicionado sea \u00fanica?<\/h2>\n<p>La manguera flexible para aspiradora est\u00e1 especialmente dise\u00f1ada para satisfacer las altas exigencias de los usuarios de Kirby. Con una longitud de 1 metro y una capacidad de estiramiento de hasta 4 metros, puede limpiar f\u00e1cilmente zonas de dif\u00edcil acceso. Gracias a su naturaleza reacondicionada, esta manguera no s\u00f3lo ha sido inspeccionada minuciosamente, sino tambi\u00e9n completamente renovada para funcionar como nueva. Esto significa que se beneficiar\u00e1 de la misma calidad que con una manguera nueva, pero a un precio m\u00e1s asequible.<\/p>\n<h3>Se adapta a todos los modelos Kirby<\/h3>\n<p>Una gran ventaja de esta manguera es su compatibilidad. La manguera es apta para todos los modelos de aspiradora Kirby, por lo que no tendr\u00e1 que preocuparse por la conexi\u00f3n correcta. Tanto si tiene un modelo antiguo como uno nuevo, la manguera flexible para aspiradora Kirby reacondicionada se adapta perfectamente y garantiza un rendimiento \u00f3ptimo.<\/p>\n<h3>Sostenible y respetuosa con el medio ambiente<\/h3>\n<p>Al elegir una manguera reacondicionada, no s\u00f3lo est\u00e1 haciendo una elecci\u00f3n inteligente para su cartera, sino que tambi\u00e9n est\u00e1 contribuyendo a un mundo m\u00e1s sostenible. Al utilizar productos reacondicionados, ayuda a reducir los residuos y a prolongar la vida \u00fatil de equipos de alta calidad.<\/p>\n<h3>Las ventajas de un vistazo:<\/h3>\n<ul>\n<li>Producto original Kirby: calidad y durabilidad garantizadas.<\/li>\n<li>Flexible y extensible: de 1 metro a 4 metros, ideal para zonas de dif\u00edcil acceso.<\/li>\n<li>Reacondicionado a fondo: funciona como nuevo.<\/li>\n<li>Compatibilidad universal: apto para cualquier modelo de aspiradora Kirby.<\/li>\n<li>Respetuoso con el medio ambiente: una elecci\u00f3n sostenible con un menor impacto en el medio ambiente.<\/li>\n<\/ul>\n<h3>F\u00e1cil de pedir online<\/h3>\n<p>Con s\u00f3lo unos clics, puede a\u00f1adir la Manguera flexible para aspiradora Kirby reacondicionada a su cesta de la compra. Le garantizamos una entrega r\u00e1pida, para que pueda volver a disfrutar cuanto antes de una aspiradora que limpia sin esfuerzo cualquier superficie.<\/p>\n<h3>\u00bfPor qu\u00e9 elegir una Manguera Flexible para Aspiradora Kirby Reacondicionado?<\/h3>\n<p>Muchas personas dudan a la hora de comprar un producto reacondicionado, pero con Kirby puede estar seguro de que est\u00e1 adquiriendo calidad. Esta manguera ha sido cuidadosamente revisada y, en caso necesario, equipada con piezas nuevas. Por ello, puede contar con una fiabilidad y un rendimiento excelentes.<\/p>\n<h3>Conclusi\u00f3n<\/h3>\n<p>La manguera flexible de aspiraci\u00f3n es la elecci\u00f3n ideal para quienes buscan una soluci\u00f3n de alta calidad, respetuosa con el medio ambiente y asequible. Gracias a su minuciosa inspecci\u00f3n y reacondicionamiento, disfrutar\u00e1 de un producto que cumple las normas m\u00e1s exigentes, sin el coste de una manguera nueva. Haga su pedido hoy mismo y experimente por s\u00ed mismo la comodidad y flexibilidad de esta manguera original de Kirby.<\/p>\n","protected":false},"excerpt":{"rendered":"<p>Completo con fijaci\u00f3n frontal y trasero\u00a0S\u00f3lo 1 metro de largo y ampliable hasta 4 metros.<\/p>\n[trustindex data-widget-id=48bbd87242952812953642309d4]\n<h3><span style=\"color: #008000;\"><br \/>\nEn stock<\/span><\/h3>\n[av_font_icon icon='ue812' font='entypo-fontello' style='' caption='' size='25px' position='left' color='#43ad66' link='' linktarget='' title_attr='' sonar_effect_effect='' sonar_effect_color='' sonar_effect_duration='1' sonar_effect_scale='' sonar_effect_opac='0.5' animation='' id='' custom_class='' template_class='' av_uid='' sc_version='1.0' admin_preview_bg=''][\/av_font_icon]\n<p><span style=\"color: #008000;\">Pedido antes de las 23:59, enviado ma\u00f1ana<\/span><\/p>\n<p>&nbsp;<\/p>\n","protected":false},"featured_media":57372,"comment_status":"open","ping_status":"closed","template":"","meta":{"_acf_changed":false},"product_brand":[],"product_cat":[322],"product_tag":[],"class_list":{"0":"post-57433","1":"product","2":"type-product","3":"status-publish","4":"has-post-thumbnail","6":"product_cat-manguera-y-accesorios-kirby","8":"first","9":"outofstock","10":"taxable","11":"shipping-taxable","12":"product-type-variable"},"acf":[],"yoast_head":"<!-- This site is optimized with the Yoast SEO Premium plugin v27.1 (Yoast SEO v27.4) - https:\/\/yoast.com\/product\/yoast-seo-premium-wordpress\/ -->\n<title>Manguera Flexible para Aspiradora Kirby Reacondicionado - Veltec Kirby specialist<\/title>\n<meta name=\"description\" content=\"Manguera Flexible para Aspiradora Kirby Reacondicionado - Veltec ha sido un proveedor de aspiradoras Kirby y especialista es Kirby por m\u00e1s de 25 a\u00f1os.\" \/>\n<meta name=\"robots\" content=\"index, follow, max-snippet:-1, max-image-preview:large, max-video-preview:-1\" \/>\n<link rel=\"canonical\" href=\"https:\/\/www.veltec.eu\/es\/product\/manguera-flexible-para-aspiradora-kirby-reacondicionado\/\" \/>\n<meta property=\"og:locale\" content=\"es_ES\" \/>\n<meta property=\"og:type\" content=\"article\" \/>\n<meta property=\"og:title\" content=\"Manguera Flexible para Aspiradora Kirby Reacondicionado\" \/>\n<meta property=\"og:description\" content=\"Completo con fijaci\u00f3n frontal y trasero\u00a0S\u00f3lo 1 metro de largo y ampliable hasta 4 metros.    En stock   Pedido antes de las 23:59, enviado ma\u00f1ana  &nbsp;\" \/>\n<meta property=\"og:url\" content=\"https:\/\/www.veltec.eu\/es\/product\/manguera-flexible-para-aspiradora-kirby-reacondicionado\/\" \/>\n<meta property=\"og:site_name\" content=\"Veltec Kirby specialist\" \/>\n<meta property=\"article:publisher\" content=\"https:\/\/www.facebook.com\/Veltec-Kirby-Specialist-236746293374877\/\" \/>\n<meta property=\"article:modified_time\" content=\"2024-12-20T14:29:17+00:00\" \/>\n<meta property=\"og:image\" content=\"https:\/\/www.veltec.eu\/wp-content\/uploads\/2024\/03\/Fex-hose-kirby.jpg\" \/>\n\t<meta property=\"og:image:width\" content=\"600\" \/>\n\t<meta property=\"og:image:height\" content=\"600\" \/>\n\t<meta property=\"og:image:type\" content=\"image\/jpeg\" \/>\n<meta name=\"twitter:card\" content=\"summary_large_image\" \/>\n<meta name=\"twitter:label1\" content=\"Tiempo de lectura\" \/>\n\t<meta name=\"twitter:data1\" content=\"3 minutos\" \/>\n<script type=\"application\/ld+json\" class=\"yoast-schema-graph\">{\"@context\":\"https:\\\/\\\/schema.org\",\"@graph\":[{\"@type\":\"WebPage\",\"@id\":\"https:\\\/\\\/www.veltec.eu\\\/es\\\/product\\\/manguera-flexible-para-aspiradora-kirby-reacondicionado\\\/\",\"url\":\"https:\\\/\\\/www.veltec.eu\\\/es\\\/product\\\/manguera-flexible-para-aspiradora-kirby-reacondicionado\\\/\",\"name\":\"Manguera Flexible para Aspiradora Kirby Reacondicionado - Veltec Kirby specialist\",\"isPartOf\":{\"@id\":\"https:\\\/\\\/www.veltec.eu\\\/en\\\/#website\"},\"primaryImageOfPage\":{\"@id\":\"https:\\\/\\\/www.veltec.eu\\\/es\\\/product\\\/manguera-flexible-para-aspiradora-kirby-reacondicionado\\\/#primaryimage\"},\"image\":{\"@id\":\"https:\\\/\\\/www.veltec.eu\\\/es\\\/product\\\/manguera-flexible-para-aspiradora-kirby-reacondicionado\\\/#primaryimage\"},\"thumbnailUrl\":\"https:\\\/\\\/www.veltec.eu\\\/wp-content\\\/uploads\\\/2024\\\/03\\\/Fex-hose-kirby.jpg\",\"datePublished\":\"2024-03-11T08:40:09+00:00\",\"dateModified\":\"2024-12-20T14:29:17+00:00\",\"description\":\"Manguera Flexible para Aspiradora Kirby Reacondicionado - Veltec ha sido un proveedor de aspiradoras Kirby y especialista es Kirby por m\u00e1s de 25 a\u00f1os.\",\"breadcrumb\":{\"@id\":\"https:\\\/\\\/www.veltec.eu\\\/es\\\/product\\\/manguera-flexible-para-aspiradora-kirby-reacondicionado\\\/#breadcrumb\"},\"inLanguage\":\"es\",\"potentialAction\":[{\"@type\":\"ReadAction\",\"target\":[\"https:\\\/\\\/www.veltec.eu\\\/es\\\/product\\\/manguera-flexible-para-aspiradora-kirby-reacondicionado\\\/\"]}]},{\"@type\":\"ImageObject\",\"inLanguage\":\"es\",\"@id\":\"https:\\\/\\\/www.veltec.eu\\\/es\\\/product\\\/manguera-flexible-para-aspiradora-kirby-reacondicionado\\\/#primaryimage\",\"url\":\"https:\\\/\\\/www.veltec.eu\\\/wp-content\\\/uploads\\\/2024\\\/03\\\/Fex-hose-kirby.jpg\",\"contentUrl\":\"https:\\\/\\\/www.veltec.eu\\\/wp-content\\\/uploads\\\/2024\\\/03\\\/Fex-hose-kirby.jpg\",\"width\":600,\"height\":600},{\"@type\":\"BreadcrumbList\",\"@id\":\"https:\\\/\\\/www.veltec.eu\\\/es\\\/product\\\/manguera-flexible-para-aspiradora-kirby-reacondicionado\\\/#breadcrumb\",\"itemListElement\":[{\"@type\":\"ListItem\",\"position\":1,\"name\":\"Home\",\"item\":\"https:\\\/\\\/www.veltec.eu\\\/es\\\/pagina-de-inicio\\\/\"},{\"@type\":\"ListItem\",\"position\":2,\"name\":\"Tienda Kirby\",\"item\":\"https:\\\/\\\/www.veltec.eu\\\/es\\\/tienda-kirby\\\/\"},{\"@type\":\"ListItem\",\"position\":3,\"name\":\"Manguera Flexible para Aspiradora Kirby Reacondicionado\"}]},{\"@type\":\"WebSite\",\"@id\":\"https:\\\/\\\/www.veltec.eu\\\/en\\\/#website\",\"url\":\"https:\\\/\\\/www.veltec.eu\\\/en\\\/\",\"name\":\"Veltec Kirby specialist\",\"description\":\"Kirby stofzuiger producten\",\"publisher\":{\"@id\":\"https:\\\/\\\/www.veltec.eu\\\/en\\\/#organization\"},\"potentialAction\":[{\"@type\":\"SearchAction\",\"target\":{\"@type\":\"EntryPoint\",\"urlTemplate\":\"https:\\\/\\\/www.veltec.eu\\\/en\\\/?s={search_term_string}\"},\"query-input\":{\"@type\":\"PropertyValueSpecification\",\"valueRequired\":true,\"valueName\":\"search_term_string\"}}],\"inLanguage\":\"es\"},{\"@type\":\"Organization\",\"@id\":\"https:\\\/\\\/www.veltec.eu\\\/en\\\/#organization\",\"name\":\"Veltec Kirby Specialist\",\"url\":\"https:\\\/\\\/www.veltec.eu\\\/en\\\/\",\"logo\":{\"@type\":\"ImageObject\",\"inLanguage\":\"es\",\"@id\":\"https:\\\/\\\/www.veltec.eu\\\/en\\\/#\\\/schema\\\/logo\\\/image\\\/\",\"url\":\"https:\\\/\\\/www.veltec.eu\\\/wp-content\\\/uploads\\\/2021\\\/12\\\/Veltec-log-groot-e1537260889125.png\",\"contentUrl\":\"https:\\\/\\\/www.veltec.eu\\\/wp-content\\\/uploads\\\/2021\\\/12\\\/Veltec-log-groot-e1537260889125.png\",\"width\":200,\"height\":60,\"caption\":\"Veltec Kirby Specialist\"},\"image\":{\"@id\":\"https:\\\/\\\/www.veltec.eu\\\/en\\\/#\\\/schema\\\/logo\\\/image\\\/\"},\"sameAs\":[\"https:\\\/\\\/www.facebook.com\\\/Veltec-Kirby-Specialist-236746293374877\\\/\",\"https:\\\/\\\/www.youtube.com\\\/user\\\/VeltecService\"]}]}<\/script>\n<!-- \/ Yoast SEO Premium plugin. -->","yoast_head_json":{"title":"Manguera Flexible para Aspiradora Kirby Reacondicionado - Veltec Kirby specialist","description":"Manguera Flexible para Aspiradora Kirby Reacondicionado - Veltec ha sido un proveedor de aspiradoras Kirby y especialista es Kirby por m\u00e1s de 25 a\u00f1os.","robots":{"index":"index","follow":"follow","max-snippet":"max-snippet:-1","max-image-preview":"max-image-preview:large","max-video-preview":"max-video-preview:-1"},"canonical":"https:\/\/www.veltec.eu\/es\/product\/manguera-flexible-para-aspiradora-kirby-reacondicionado\/","og_locale":"es_ES","og_type":"article","og_title":"Manguera Flexible para Aspiradora Kirby Reacondicionado","og_description":"Completo con fijaci\u00f3n frontal y trasero\u00a0S\u00f3lo 1 metro de largo y ampliable hasta 4 metros.    En stock   Pedido antes de las 23:59, enviado ma\u00f1ana  &nbsp;","og_url":"https:\/\/www.veltec.eu\/es\/product\/manguera-flexible-para-aspiradora-kirby-reacondicionado\/","og_site_name":"Veltec Kirby specialist","article_publisher":"https:\/\/www.facebook.com\/Veltec-Kirby-Specialist-236746293374877\/","article_modified_time":"2024-12-20T14:29:17+00:00","og_image":[{"width":600,"height":600,"url":"https:\/\/www.veltec.eu\/wp-content\/uploads\/2024\/03\/Fex-hose-kirby.jpg","type":"image\/jpeg"}],"twitter_card":"summary_large_image","twitter_misc":{"Tiempo de lectura":"3 minutos"},"schema":{"@context":"https:\/\/schema.org","@graph":[{"@type":"WebPage","@id":"https:\/\/www.veltec.eu\/es\/product\/manguera-flexible-para-aspiradora-kirby-reacondicionado\/","url":"https:\/\/www.veltec.eu\/es\/product\/manguera-flexible-para-aspiradora-kirby-reacondicionado\/","name":"Manguera Flexible para Aspiradora Kirby Reacondicionado - Veltec Kirby specialist","isPartOf":{"@id":"https:\/\/www.veltec.eu\/en\/#website"},"primaryImageOfPage":{"@id":"https:\/\/www.veltec.eu\/es\/product\/manguera-flexible-para-aspiradora-kirby-reacondicionado\/#primaryimage"},"image":{"@id":"https:\/\/www.veltec.eu\/es\/product\/manguera-flexible-para-aspiradora-kirby-reacondicionado\/#primaryimage"},"thumbnailUrl":"https:\/\/www.veltec.eu\/wp-content\/uploads\/2024\/03\/Fex-hose-kirby.jpg","datePublished":"2024-03-11T08:40:09+00:00","dateModified":"2024-12-20T14:29:17+00:00","description":"Manguera Flexible para Aspiradora Kirby Reacondicionado - Veltec ha sido un proveedor de aspiradoras Kirby y especialista es Kirby por m\u00e1s de 25 a\u00f1os.","breadcrumb":{"@id":"https:\/\/www.veltec.eu\/es\/product\/manguera-flexible-para-aspiradora-kirby-reacondicionado\/#breadcrumb"},"inLanguage":"es","potentialAction":[{"@type":"ReadAction","target":["https:\/\/www.veltec.eu\/es\/product\/manguera-flexible-para-aspiradora-kirby-reacondicionado\/"]}]},{"@type":"ImageObject","inLanguage":"es","@id":"https:\/\/www.veltec.eu\/es\/product\/manguera-flexible-para-aspiradora-kirby-reacondicionado\/#primaryimage","url":"https:\/\/www.veltec.eu\/wp-content\/uploads\/2024\/03\/Fex-hose-kirby.jpg","contentUrl":"https:\/\/www.veltec.eu\/wp-content\/uploads\/2024\/03\/Fex-hose-kirby.jpg","width":600,"height":600},{"@type":"BreadcrumbList","@id":"https:\/\/www.veltec.eu\/es\/product\/manguera-flexible-para-aspiradora-kirby-reacondicionado\/#breadcrumb","itemListElement":[{"@type":"ListItem","position":1,"name":"Home","item":"https:\/\/www.veltec.eu\/es\/pagina-de-inicio\/"},{"@type":"ListItem","position":2,"name":"Tienda Kirby","item":"https:\/\/www.veltec.eu\/es\/tienda-kirby\/"},{"@type":"ListItem","position":3,"name":"Manguera Flexible para Aspiradora Kirby Reacondicionado"}]},{"@type":"WebSite","@id":"https:\/\/www.veltec.eu\/en\/#website","url":"https:\/\/www.veltec.eu\/en\/","name":"Veltec Kirby specialist","description":"Kirby stofzuiger producten","publisher":{"@id":"https:\/\/www.veltec.eu\/en\/#organization"},"potentialAction":[{"@type":"SearchAction","target":{"@type":"EntryPoint","urlTemplate":"https:\/\/www.veltec.eu\/en\/?s={search_term_string}"},"query-input":{"@type":"PropertyValueSpecification","valueRequired":true,"valueName":"search_term_string"}}],"inLanguage":"es"},{"@type":"Organization","@id":"https:\/\/www.veltec.eu\/en\/#organization","name":"Veltec Kirby Specialist","url":"https:\/\/www.veltec.eu\/en\/","logo":{"@type":"ImageObject","inLanguage":"es","@id":"https:\/\/www.veltec.eu\/en\/#\/schema\/logo\/image\/","url":"https:\/\/www.veltec.eu\/wp-content\/uploads\/2021\/12\/Veltec-log-groot-e1537260889125.png","contentUrl":"https:\/\/www.veltec.eu\/wp-content\/uploads\/2021\/12\/Veltec-log-groot-e1537260889125.png","width":200,"height":60,"caption":"Veltec Kirby Specialist"},"image":{"@id":"https:\/\/www.veltec.eu\/en\/#\/schema\/logo\/image\/"},"sameAs":["https:\/\/www.facebook.com\/Veltec-Kirby-Specialist-236746293374877\/","https:\/\/www.youtube.com\/user\/VeltecService"]}]}},"_links":{"self":[{"href":"https:\/\/www.veltec.eu\/es\/wp-json\/wp\/v2\/product\/57433","targetHints":{"allow":["GET"]}}],"collection":[{"href":"https:\/\/www.veltec.eu\/es\/wp-json\/wp\/v2\/product"}],"about":[{"href":"https:\/\/www.veltec.eu\/es\/wp-json\/wp\/v2\/types\/product"}],"replies":[{"embeddable":true,"href":"https:\/\/www.veltec.eu\/es\/wp-json\/wp\/v2\/comments?post=57433"}],"wp:featuredmedia":[{"embeddable":true,"href":"https:\/\/www.veltec.eu\/es\/wp-json\/wp\/v2\/media\/57372"}],"wp:attachment":[{"href":"https:\/\/www.veltec.eu\/es\/wp-json\/wp\/v2\/media?parent=57433"}],"wp:term":[{"taxonomy":"product_brand","embeddable":true,"href":"https:\/\/www.veltec.eu\/es\/wp-json\/wp\/v2\/product_brand?post=57433"},{"taxonomy":"product_cat","embeddable":true,"href":"https:\/\/www.veltec.eu\/es\/wp-json\/wp\/v2\/product_cat?post=57433"},{"taxonomy":"product_tag","embeddable":true,"href":"https:\/\/www.veltec.eu\/es\/wp-json\/wp\/v2\/product_tag?post=57433"}],"curies":[{"name":"wp","href":"https:\/\/api.w.org\/{rel}","templated":true}]}}