{"id":53276,"date":"2023-03-20T14:04:02","date_gmt":"2023-03-20T12:04:02","guid":{"rendered":"https:\/\/www.veltec.eu\/product\/aspirador-de-colchones-3000\/"},"modified":"2024-07-15T12:09:47","modified_gmt":"2024-07-15T10:09:47","slug":"aspirador-de-colchones-3000-05569","status":"publish","type":"product","link":"https:\/\/www.veltec.eu\/es\/product\/aspirador-de-colchones-3000-05569\/","title":{"rendered":"aspirador de colchones 3000"},"content":{"rendered":"<p>Aspirador de colchones y tapicer\u00edas con 300 W de potencia y 10 kPa de poder de succi\u00f3n. Incluye luz ultravioleta UV-C que acaba con el 99,9 % de los al\u00e9rgenos. Tecnolog\u00eda con cepillo motorizado que ayuda a eliminar los \u00e1caros de los colchones y tecnolog\u00eda de aire caliente que desinfecta para una limpieza perfecta en tus colchones.<\/p>\n<ul>\n<li>Aspirador de colchones y tapicer\u00edas con 300 W de potencia y 10 kPa de poder de succi\u00f3n. Incluye luz ultravioleta UV-C que acaba con el 99,9 % de los al\u00e9rgenos.<\/li>\n<li>Tecnolog\u00eda con cepillo motorizado que ayuda a eliminar los \u00e1caros de los colchones y tecnolog\u00eda de aire caliente que desinfecta.<\/li>\n<li>Tecnolog\u00eda ForceSonic que aumenta la potencia m\u00e1xima hasta los 300 W para acabar con toda la suciedad y al\u00e9rgenos.<br \/>\nGracias a la luz ultravioleta incorporada de longitud de onda 253,7 nm elimina hasta el 99,9 % de los \u00e1caros y bacterias que se acumulan en las tapicer\u00edas y colchones. Acaba con los s\u00edntomas de la alergia de una pasada gracias a la luz UV-C.<\/li>\n<li>Incluye la tecnolog\u00eda Power Brush con cepillo motorizado de cerdas y silicona que elimina los al\u00e9rgenos de tus colchones. Gracias al cepillo motorizado es capaz de extraer los al\u00e9rgenos m\u00e1s incrustados para poder succionarlos eficazmente.<\/li>\n<li>Genera un gran poder de succi\u00f3n que llega hasta los 10 kPa que atrapan todos los \u00e1caros, al\u00e9rgenos y suciedad<\/li>\n<\/ul>\n","protected":false},"excerpt":{"rendered":"<p>Aspirador de colchones y tapicer\u00edas con 300 W de potencia y 10 kPa de poder de succi\u00f3n. Incluye luz ultravioleta UV-C que acaba con el 99,9 % de los al\u00e9rgenos. Tecnolog\u00eda con cepillo motorizado que ayuda a eliminar los \u00e1caros de los colchones y tecnolog\u00eda de aire caliente que desinfecta para una limpieza perfecta en tus colchones.<\/p>\n<h3 class=\"western\" align=\"left\"><span style=\"color: #339966;\">En stock<\/span><\/h3>\n<p align=\"left\">[av_font_icon icon='ue812' font='entypo-fontello' style='' caption='' size='25px' position='left' color='#43ad66' link='' linktarget='' title_attr='' sonar_effect_effect='' sonar_effect_color='' sonar_effect_duration='1' sonar_effect_scale='' sonar_effect_opac='0.5' animation='' id='' custom_class='' template_class='' av_uid='' sc_version='1.0' admin_preview_bg=''][\/av_font_icon]<\/p>\n<p><span style=\"color: #339966;\">El plazo de entrega oscila entre 5 y 10 d\u00edas laborables<\/span><\/p>\n<p align=\"left\">[av_font_icon icon='ue812' font='entypo-fontello' style='' caption='' size='25px' position='left' color='#43ad66' link='' linktarget='' title_attr='' sonar_effect_effect='' sonar_effect_color='' sonar_effect_duration='1' sonar_effect_scale='' sonar_effect_opac='0.5' animation='' id='' custom_class='' template_class='' av_uid='' sc_version='1.0' admin_preview_bg=''][\/av_font_icon]<\/p>\n<p><span style=\"color: #339966;\">2 a\u00f1os de garant\u00eda<\/span><\/p>\n<p>&nbsp;<\/p>\n","protected":false},"featured_media":53224,"comment_status":"open","ping_status":"closed","template":"","meta":[],"product_brand":[],"product_cat":[26],"product_tag":[],"class_list":{"0":"post-53276","1":"product","2":"type-product","3":"status-publish","4":"has-post-thumbnail","6":"product_cat-overige-producten","8":"first","9":"outofstock","10":"taxable","11":"shipping-taxable","12":"purchasable","13":"product-type-simple"},"yoast_head":"<!-- This site is optimized with the Yoast SEO Premium plugin v27.1 (Yoast SEO v27.4) - https:\/\/yoast.com\/product\/yoast-seo-premium-wordpress\/ -->\n<title>aspirador de colchones 3000 - Veltec Kirby specialist<\/title>\n<meta name=\"description\" content=\"Aspirador de colchones 3000 - 25 a\u00f1os como proveedor de aspiradoras Kirby. Y es su especialista de servicio Kirby de confianza\" \/>\n<meta name=\"robots\" content=\"index, follow, max-snippet:-1, max-image-preview:large, max-video-preview:-1\" \/>\n<link rel=\"canonical\" href=\"https:\/\/www.veltec.eu\/es\/product\/aspirador-de-colchones-3000-05569\/\" \/>\n<meta property=\"og:locale\" content=\"es_ES\" \/>\n<meta property=\"og:type\" content=\"article\" \/>\n<meta property=\"og:title\" content=\"aspirador de colchones 3000\" \/>\n<meta property=\"og:description\" content=\"Aspirador de colchones y tapicer\u00edas con 300 W de potencia y 10 kPa de poder de succi\u00f3n. Incluye luz ultravioleta UV-C que acaba con el 99,9 % de los al\u00e9rgenos. Tecnolog\u00eda con cepillo motorizado que ayuda a eliminar los \u00e1caros de los colchones y tecnolog\u00eda de aire caliente que desinfecta para una limpieza perfecta en tus colchones. En stock  El plazo de entrega oscila entre 5 y 10 d\u00edas laborables  2 a\u00f1os de garant\u00eda  &nbsp;\" \/>\n<meta property=\"og:url\" content=\"https:\/\/www.veltec.eu\/es\/product\/aspirador-de-colchones-3000-05569\/\" \/>\n<meta property=\"og:site_name\" content=\"Veltec Kirby specialist\" \/>\n<meta property=\"article:publisher\" content=\"https:\/\/www.facebook.com\/Veltec-Kirby-Specialist-236746293374877\/\" \/>\n<meta property=\"article:modified_time\" content=\"2024-07-15T10:09:47+00:00\" \/>\n<meta property=\"og:image\" content=\"https:\/\/www.veltec.eu\/wp-content\/uploads\/2023\/03\/conga-popstar-3000-mattress_znu6vd_1.png\" \/>\n\t<meta property=\"og:image:width\" content=\"640\" \/>\n\t<meta property=\"og:image:height\" content=\"640\" \/>\n\t<meta property=\"og:image:type\" content=\"image\/png\" \/>\n<meta name=\"twitter:card\" content=\"summary_large_image\" \/>\n<meta name=\"twitter:label1\" content=\"Tiempo de lectura\" \/>\n\t<meta name=\"twitter:data1\" content=\"2 minutos\" \/>\n<script type=\"application\/ld+json\" class=\"yoast-schema-graph\">{\"@context\":\"https:\\\/\\\/schema.org\",\"@graph\":[{\"@type\":\"WebPage\",\"@id\":\"https:\\\/\\\/www.veltec.eu\\\/es\\\/product\\\/aspirador-de-colchones-3000-05569\\\/\",\"url\":\"https:\\\/\\\/www.veltec.eu\\\/es\\\/product\\\/aspirador-de-colchones-3000-05569\\\/\",\"name\":\"aspirador de colchones 3000 - Veltec Kirby specialist\",\"isPartOf\":{\"@id\":\"https:\\\/\\\/www.veltec.eu\\\/en\\\/#website\"},\"primaryImageOfPage\":{\"@id\":\"https:\\\/\\\/www.veltec.eu\\\/es\\\/product\\\/aspirador-de-colchones-3000-05569\\\/#primaryimage\"},\"image\":{\"@id\":\"https:\\\/\\\/www.veltec.eu\\\/es\\\/product\\\/aspirador-de-colchones-3000-05569\\\/#primaryimage\"},\"thumbnailUrl\":\"https:\\\/\\\/www.veltec.eu\\\/wp-content\\\/uploads\\\/2023\\\/03\\\/conga-popstar-3000-mattress_znu6vd_1.png\",\"datePublished\":\"2023-03-20T12:04:02+00:00\",\"dateModified\":\"2024-07-15T10:09:47+00:00\",\"description\":\"Aspirador de colchones 3000 - 25 a\u00f1os como proveedor de aspiradoras Kirby. Y es su especialista de servicio Kirby de confianza\",\"breadcrumb\":{\"@id\":\"https:\\\/\\\/www.veltec.eu\\\/es\\\/product\\\/aspirador-de-colchones-3000-05569\\\/#breadcrumb\"},\"inLanguage\":\"es\",\"potentialAction\":[{\"@type\":\"ReadAction\",\"target\":[\"https:\\\/\\\/www.veltec.eu\\\/es\\\/product\\\/aspirador-de-colchones-3000-05569\\\/\"]}]},{\"@type\":\"ImageObject\",\"inLanguage\":\"es\",\"@id\":\"https:\\\/\\\/www.veltec.eu\\\/es\\\/product\\\/aspirador-de-colchones-3000-05569\\\/#primaryimage\",\"url\":\"https:\\\/\\\/www.veltec.eu\\\/wp-content\\\/uploads\\\/2023\\\/03\\\/conga-popstar-3000-mattress_znu6vd_1.png\",\"contentUrl\":\"https:\\\/\\\/www.veltec.eu\\\/wp-content\\\/uploads\\\/2023\\\/03\\\/conga-popstar-3000-mattress_znu6vd_1.png\",\"width\":640,\"height\":640},{\"@type\":\"BreadcrumbList\",\"@id\":\"https:\\\/\\\/www.veltec.eu\\\/es\\\/product\\\/aspirador-de-colchones-3000-05569\\\/#breadcrumb\",\"itemListElement\":[{\"@type\":\"ListItem\",\"position\":1,\"name\":\"Home\",\"item\":\"https:\\\/\\\/www.veltec.eu\\\/es\\\/\"},{\"@type\":\"ListItem\",\"position\":2,\"name\":\"Produits\",\"item\":\"https:\\\/\\\/www.veltec.eu\\\/fr\\\/shop\\\/\"},{\"@type\":\"ListItem\",\"position\":3,\"name\":\"aspirador de colchones 3000\"}]},{\"@type\":\"WebSite\",\"@id\":\"https:\\\/\\\/www.veltec.eu\\\/en\\\/#website\",\"url\":\"https:\\\/\\\/www.veltec.eu\\\/en\\\/\",\"name\":\"Veltec Kirby specialist\",\"description\":\"Kirby stofzuiger producten\",\"publisher\":{\"@id\":\"https:\\\/\\\/www.veltec.eu\\\/en\\\/#organization\"},\"potentialAction\":[{\"@type\":\"SearchAction\",\"target\":{\"@type\":\"EntryPoint\",\"urlTemplate\":\"https:\\\/\\\/www.veltec.eu\\\/en\\\/?s={search_term_string}\"},\"query-input\":{\"@type\":\"PropertyValueSpecification\",\"valueRequired\":true,\"valueName\":\"search_term_string\"}}],\"inLanguage\":\"es\"},{\"@type\":\"Organization\",\"@id\":\"https:\\\/\\\/www.veltec.eu\\\/en\\\/#organization\",\"name\":\"Veltec Kirby Specialist\",\"url\":\"https:\\\/\\\/www.veltec.eu\\\/en\\\/\",\"logo\":{\"@type\":\"ImageObject\",\"inLanguage\":\"es\",\"@id\":\"https:\\\/\\\/www.veltec.eu\\\/en\\\/#\\\/schema\\\/logo\\\/image\\\/\",\"url\":\"https:\\\/\\\/www.veltec.eu\\\/wp-content\\\/uploads\\\/2021\\\/12\\\/Veltec-log-groot-e1537260889125.png\",\"contentUrl\":\"https:\\\/\\\/www.veltec.eu\\\/wp-content\\\/uploads\\\/2021\\\/12\\\/Veltec-log-groot-e1537260889125.png\",\"width\":200,\"height\":60,\"caption\":\"Veltec Kirby Specialist\"},\"image\":{\"@id\":\"https:\\\/\\\/www.veltec.eu\\\/en\\\/#\\\/schema\\\/logo\\\/image\\\/\"},\"sameAs\":[\"https:\\\/\\\/www.facebook.com\\\/Veltec-Kirby-Specialist-236746293374877\\\/\",\"https:\\\/\\\/www.youtube.com\\\/user\\\/VeltecService\"]}]}<\/script>\n<!-- \/ Yoast SEO Premium plugin. -->","yoast_head_json":{"title":"aspirador de colchones 3000 - Veltec Kirby specialist","description":"Aspirador de colchones 3000 - 25 a\u00f1os como proveedor de aspiradoras Kirby. Y es su especialista de servicio Kirby de confianza","robots":{"index":"index","follow":"follow","max-snippet":"max-snippet:-1","max-image-preview":"max-image-preview:large","max-video-preview":"max-video-preview:-1"},"canonical":"https:\/\/www.veltec.eu\/es\/product\/aspirador-de-colchones-3000-05569\/","og_locale":"es_ES","og_type":"article","og_title":"aspirador de colchones 3000","og_description":"Aspirador de colchones y tapicer\u00edas con 300 W de potencia y 10 kPa de poder de succi\u00f3n. Incluye luz ultravioleta UV-C que acaba con el 99,9 % de los al\u00e9rgenos. Tecnolog\u00eda con cepillo motorizado que ayuda a eliminar los \u00e1caros de los colchones y tecnolog\u00eda de aire caliente que desinfecta para una limpieza perfecta en tus colchones. En stock  El plazo de entrega oscila entre 5 y 10 d\u00edas laborables  2 a\u00f1os de garant\u00eda  &nbsp;","og_url":"https:\/\/www.veltec.eu\/es\/product\/aspirador-de-colchones-3000-05569\/","og_site_name":"Veltec Kirby specialist","article_publisher":"https:\/\/www.facebook.com\/Veltec-Kirby-Specialist-236746293374877\/","article_modified_time":"2024-07-15T10:09:47+00:00","og_image":[{"width":640,"height":640,"url":"https:\/\/www.veltec.eu\/wp-content\/uploads\/2023\/03\/conga-popstar-3000-mattress_znu6vd_1.png","type":"image\/png"}],"twitter_card":"summary_large_image","twitter_misc":{"Tiempo de lectura":"2 minutos"},"schema":{"@context":"https:\/\/schema.org","@graph":[{"@type":"WebPage","@id":"https:\/\/www.veltec.eu\/es\/product\/aspirador-de-colchones-3000-05569\/","url":"https:\/\/www.veltec.eu\/es\/product\/aspirador-de-colchones-3000-05569\/","name":"aspirador de colchones 3000 - Veltec Kirby specialist","isPartOf":{"@id":"https:\/\/www.veltec.eu\/en\/#website"},"primaryImageOfPage":{"@id":"https:\/\/www.veltec.eu\/es\/product\/aspirador-de-colchones-3000-05569\/#primaryimage"},"image":{"@id":"https:\/\/www.veltec.eu\/es\/product\/aspirador-de-colchones-3000-05569\/#primaryimage"},"thumbnailUrl":"https:\/\/www.veltec.eu\/wp-content\/uploads\/2023\/03\/conga-popstar-3000-mattress_znu6vd_1.png","datePublished":"2023-03-20T12:04:02+00:00","dateModified":"2024-07-15T10:09:47+00:00","description":"Aspirador de colchones 3000 - 25 a\u00f1os como proveedor de aspiradoras Kirby. Y es su especialista de servicio Kirby de confianza","breadcrumb":{"@id":"https:\/\/www.veltec.eu\/es\/product\/aspirador-de-colchones-3000-05569\/#breadcrumb"},"inLanguage":"es","potentialAction":[{"@type":"ReadAction","target":["https:\/\/www.veltec.eu\/es\/product\/aspirador-de-colchones-3000-05569\/"]}]},{"@type":"ImageObject","inLanguage":"es","@id":"https:\/\/www.veltec.eu\/es\/product\/aspirador-de-colchones-3000-05569\/#primaryimage","url":"https:\/\/www.veltec.eu\/wp-content\/uploads\/2023\/03\/conga-popstar-3000-mattress_znu6vd_1.png","contentUrl":"https:\/\/www.veltec.eu\/wp-content\/uploads\/2023\/03\/conga-popstar-3000-mattress_znu6vd_1.png","width":640,"height":640},{"@type":"BreadcrumbList","@id":"https:\/\/www.veltec.eu\/es\/product\/aspirador-de-colchones-3000-05569\/#breadcrumb","itemListElement":[{"@type":"ListItem","position":1,"name":"Home","item":"https:\/\/www.veltec.eu\/es\/"},{"@type":"ListItem","position":2,"name":"Produits","item":"https:\/\/www.veltec.eu\/fr\/shop\/"},{"@type":"ListItem","position":3,"name":"aspirador de colchones 3000"}]},{"@type":"WebSite","@id":"https:\/\/www.veltec.eu\/en\/#website","url":"https:\/\/www.veltec.eu\/en\/","name":"Veltec Kirby specialist","description":"Kirby stofzuiger producten","publisher":{"@id":"https:\/\/www.veltec.eu\/en\/#organization"},"potentialAction":[{"@type":"SearchAction","target":{"@type":"EntryPoint","urlTemplate":"https:\/\/www.veltec.eu\/en\/?s={search_term_string}"},"query-input":{"@type":"PropertyValueSpecification","valueRequired":true,"valueName":"search_term_string"}}],"inLanguage":"es"},{"@type":"Organization","@id":"https:\/\/www.veltec.eu\/en\/#organization","name":"Veltec Kirby Specialist","url":"https:\/\/www.veltec.eu\/en\/","logo":{"@type":"ImageObject","inLanguage":"es","@id":"https:\/\/www.veltec.eu\/en\/#\/schema\/logo\/image\/","url":"https:\/\/www.veltec.eu\/wp-content\/uploads\/2021\/12\/Veltec-log-groot-e1537260889125.png","contentUrl":"https:\/\/www.veltec.eu\/wp-content\/uploads\/2021\/12\/Veltec-log-groot-e1537260889125.png","width":200,"height":60,"caption":"Veltec Kirby Specialist"},"image":{"@id":"https:\/\/www.veltec.eu\/en\/#\/schema\/logo\/image\/"},"sameAs":["https:\/\/www.facebook.com\/Veltec-Kirby-Specialist-236746293374877\/","https:\/\/www.youtube.com\/user\/VeltecService"]}]}},"_links":{"self":[{"href":"https:\/\/www.veltec.eu\/es\/wp-json\/wp\/v2\/product\/53276","targetHints":{"allow":["GET"]}}],"collection":[{"href":"https:\/\/www.veltec.eu\/es\/wp-json\/wp\/v2\/product"}],"about":[{"href":"https:\/\/www.veltec.eu\/es\/wp-json\/wp\/v2\/types\/product"}],"replies":[{"embeddable":true,"href":"https:\/\/www.veltec.eu\/es\/wp-json\/wp\/v2\/comments?post=53276"}],"wp:featuredmedia":[{"embeddable":true,"href":"https:\/\/www.veltec.eu\/es\/wp-json\/wp\/v2\/media\/53224"}],"wp:attachment":[{"href":"https:\/\/www.veltec.eu\/es\/wp-json\/wp\/v2\/media?parent=53276"}],"wp:term":[{"taxonomy":"product_brand","embeddable":true,"href":"https:\/\/www.veltec.eu\/es\/wp-json\/wp\/v2\/product_brand?post=53276"},{"taxonomy":"product_cat","embeddable":true,"href":"https:\/\/www.veltec.eu\/es\/wp-json\/wp\/v2\/product_cat?post=53276"},{"taxonomy":"product_tag","embeddable":true,"href":"https:\/\/www.veltec.eu\/es\/wp-json\/wp\/v2\/product_tag?post=53276"}],"curies":[{"name":"wp","href":"https:\/\/api.w.org\/{rel}","templated":true}]}}