{"id":42899,"date":"2021-11-10T13:48:56","date_gmt":"2021-11-10T11:48:56","guid":{"rendered":"https:\/\/www.veltec.eu\/product\/conga-limpiador-de-colchones-nl444441\/"},"modified":"2025-04-24T13:58:35","modified_gmt":"2025-04-24T11:58:35","slug":"limpiador-de-colchones-7000-08123","status":"publish","type":"product","link":"https:\/\/www.veltec.eu\/es\/product\/limpiador-de-colchones-7000-08123\/","title":{"rendered":"Limpiador de colchones 7000"},"content":{"rendered":"<h1>Limpiador de colchones 7000<\/h1>\n<p>Limpiador de colchones 7000 Aspirador de colchones y tapicer\u00edas con 700W de potencia y 12 kPa de poder de succi\u00f3n. Incluye luz ultravioleta UV-C que acaba con el 99,9 % de los al\u00e9rgenos. Tecnolog\u00eda con cepillo motorizado que ayuda a eliminar los \u00e1caros de los colchones y tecnolog\u00eda de aire caliente que desinfecta.<\/p>\n<ul>\n<li>Tecnolog\u00eda ForceSonic, aumenta la potencia m\u00e1xima hasta los 700 W para acabar con toda la suciedad y al\u00e9rgenos.<\/li>\n<li>Gracias a la luz ultravioleta incorporada de longitud de onda 253,7 nm elimina hasta el 99,9 % de los \u00e1caros y bacterias que se acumulan en las tapicer\u00edas y colchones.<\/li>\n<li>Acaba con los s\u00edntomas de la alergia de una pasada gracias a la luz UV-C.<\/li>\n<li>Tecnolog\u00eda de aire caliente Heat Tech que desinfecta y ayuda a eliminar los \u00e1caros y las bacterias de los colchones.<\/li>\n<li>Incluye la tecnolog\u00eda Power Brush con cepillo motorizado de cerdas y silicona que elimina los al\u00e9rgenos de tus colchones.<\/li>\n<li>Gracias al cepillo motorizado es capaz de extraer los al\u00e9rgenos m\u00e1s incrustados para poder succionarlos eficazmente.<\/li>\n<li>Genera un gran poder de succi\u00f3n que llega hasta los 12 kPa que atrapan todos los \u00e1caros, al\u00e9rgenos y suciedad acumulados en los colchones o tapicer\u00edas.<\/li>\n<li>Elige la limpieza que prefieras gracias a la tecnolog\u00eda 3 Modes con 3 modos distintos.<\/li>\n<li>Podr\u00e1s elegir si quieres succionar con luz UV-C para acabar con las bacterias de tus colchones y tapicerias, succionar con cepillo motorizado si lo que quieres es eliminar los al\u00e9rgenos incrustados o una limpieza completa con succi\u00f3n, luz UV-C y cepillo motorizado para acabar con todo tipo de bacterias y al\u00e9rgenos.<\/li>\n<li>Aspira con comodidad gracias al cable XXL de 5 metros. Aspira f\u00e1cilmente y con total libertad cualquier cama o sof\u00e1 sin necesidad de cambiar el cable de enchufe.<\/li>\n<li>La tecnolog\u00eda cicl\u00f3nica sin bolsas Cyclonic System mantiene la potencia de succi\u00f3n como el primer d\u00eda. Ofrece un resultado profesional en una sola pasada.<\/li>\n<li>Sistema de seguridad que desactiva la luz ultravioleta cuando se levanta el aspirador de la superficie para evitar da\u00f1os en los ojos del usuario.<\/li>\n<li>Incluye un conjunto de filtros de alta eficiencia perfectos para filtrar un alto porcentaje de las part\u00edculas.<\/li>\n<li>Dep\u00f3sito de gran capacidad de hasta 400 ml.<\/li>\n<li>Nivel sonoro reducido de menos de 68 dB.2 a\u00f1os de garant\u00eda del fabricante<\/li>\n<\/ul>\n","protected":false},"excerpt":{"rendered":"<p>Aspirador de colchones y tapicer\u00edas con 700W de potencia y 12 kPa de poder de succi\u00f3n. Incluye luz ultravioleta UV-C que acaba con el 99,9 % de los al\u00e9rgenos.<\/p>\n<h3 class=\"western\" align=\"left\"><span style=\"color: #339966;\">En stock<\/span><\/h3>\n<p align=\"left\">[av_font_icon icon='ue812' font='entypo-fontello' style='' caption='' size='25px' position='left' color='#43ad66' link='' linktarget='' title_attr='' sonar_effect_effect='' sonar_effect_color='' sonar_effect_duration='1' sonar_effect_scale='' sonar_effect_opac='0.5' animation='' id='' custom_class='' template_class='' av_uid='' sc_version='1.0' admin_preview_bg=''][\/av_font_icon]<\/p>\n<p><span style=\"color: #339966;\">El plazo de entrega de este producto es de 5 a 10 d\u00edas laborables<\/span><\/p>\n<p align=\"left\">[av_font_icon icon='ue812' font='entypo-fontello' style='' caption='' size='25px' position='left' color='#43ad66' link='' linktarget='' title_attr='' sonar_effect_effect='' sonar_effect_color='' sonar_effect_duration='1' sonar_effect_scale='' sonar_effect_opac='0.5' animation='' id='' custom_class='' template_class='' av_uid='' sc_version='1.0' admin_preview_bg=''][\/av_font_icon]<\/p>\n<p><span style=\"color: #339966;\">2 a\u00f1os de garant\u00eda<\/span><\/p>\n<p>&nbsp;<\/p>\n","protected":false},"featured_media":42850,"comment_status":"open","ping_status":"closed","template":"","meta":{"_acf_changed":false},"product_brand":[],"product_cat":[446],"product_tag":[],"class_list":{"0":"post-42899","1":"product","2":"type-product","3":"status-publish","4":"has-post-thumbnail","6":"product_cat-geen-categorie","8":"first","9":"instock","10":"sale","11":"taxable","12":"shipping-taxable","13":"purchasable","14":"product-type-simple"},"acf":[],"yoast_head":"<!-- This site is optimized with the Yoast SEO Premium plugin v27.1 (Yoast SEO v27.4) - https:\/\/yoast.com\/product\/yoast-seo-premium-wordpress\/ -->\n<title>Limpiador de colchones 7000 - Veltec Kirby specialist<\/title>\n<meta name=\"description\" content=\"Limpiador de colchones 7000 - Veltec es el proveedor de aspiradoras Kirby desde hace m\u00e1s de 25 a\u00f1os. Y es su especialista en servicios Kirby.\" \/>\n<meta name=\"robots\" content=\"index, follow, max-snippet:-1, max-image-preview:large, max-video-preview:-1\" \/>\n<link rel=\"canonical\" href=\"https:\/\/www.veltec.eu\/es\/product\/limpiador-de-colchones-7000-08123\/\" \/>\n<meta property=\"og:locale\" content=\"es_ES\" \/>\n<meta property=\"og:type\" content=\"article\" \/>\n<meta property=\"og:title\" content=\"Limpiador de colchones 7000\" \/>\n<meta property=\"og:description\" content=\"Aspirador de colchones y tapicer\u00edas con 700W de potencia y 12 kPa de poder de succi\u00f3n. Incluye luz ultravioleta UV-C que acaba con el 99,9 % de los al\u00e9rgenos. En stock  El plazo de entrega de este producto es de 5 a 10 d\u00edas laborables  2 a\u00f1os de garant\u00eda  &nbsp;\" \/>\n<meta property=\"og:url\" content=\"https:\/\/www.veltec.eu\/es\/product\/limpiador-de-colchones-7000-08123\/\" \/>\n<meta property=\"og:site_name\" content=\"Veltec Kirby specialist\" \/>\n<meta property=\"article:publisher\" content=\"https:\/\/www.facebook.com\/Veltec-Kirby-Specialist-236746293374877\/\" \/>\n<meta property=\"article:modified_time\" content=\"2025-04-24T11:58:35+00:00\" \/>\n<meta property=\"og:image\" content=\"https:\/\/www.veltec.eu\/wp-content\/uploads\/2021\/11\/conga-popstar-7000-mattress.jpg.png\" \/>\n\t<meta property=\"og:image:width\" content=\"458\" \/>\n\t<meta property=\"og:image:height\" content=\"458\" \/>\n\t<meta property=\"og:image:type\" content=\"image\/png\" \/>\n<meta name=\"twitter:card\" content=\"summary_large_image\" \/>\n<meta name=\"twitter:label1\" content=\"Tiempo de lectura\" \/>\n\t<meta name=\"twitter:data1\" content=\"2 minutos\" \/>\n<script type=\"application\/ld+json\" class=\"yoast-schema-graph\">{\"@context\":\"https:\\\/\\\/schema.org\",\"@graph\":[{\"@type\":\"WebPage\",\"@id\":\"https:\\\/\\\/www.veltec.eu\\\/es\\\/product\\\/limpiador-de-colchones-7000-08123\\\/\",\"url\":\"https:\\\/\\\/www.veltec.eu\\\/es\\\/product\\\/limpiador-de-colchones-7000-08123\\\/\",\"name\":\"Limpiador de colchones 7000 - Veltec Kirby specialist\",\"isPartOf\":{\"@id\":\"https:\\\/\\\/www.veltec.eu\\\/en\\\/#website\"},\"primaryImageOfPage\":{\"@id\":\"https:\\\/\\\/www.veltec.eu\\\/es\\\/product\\\/limpiador-de-colchones-7000-08123\\\/#primaryimage\"},\"image\":{\"@id\":\"https:\\\/\\\/www.veltec.eu\\\/es\\\/product\\\/limpiador-de-colchones-7000-08123\\\/#primaryimage\"},\"thumbnailUrl\":\"https:\\\/\\\/www.veltec.eu\\\/wp-content\\\/uploads\\\/2021\\\/11\\\/conga-popstar-7000-mattress.jpg.png\",\"datePublished\":\"2021-11-10T11:48:56+00:00\",\"dateModified\":\"2025-04-24T11:58:35+00:00\",\"description\":\"Limpiador de colchones 7000 - Veltec es el proveedor de aspiradoras Kirby desde hace m\u00e1s de 25 a\u00f1os. Y es su especialista en servicios Kirby.\",\"breadcrumb\":{\"@id\":\"https:\\\/\\\/www.veltec.eu\\\/es\\\/product\\\/limpiador-de-colchones-7000-08123\\\/#breadcrumb\"},\"inLanguage\":\"es\",\"potentialAction\":[{\"@type\":\"ReadAction\",\"target\":[\"https:\\\/\\\/www.veltec.eu\\\/es\\\/product\\\/limpiador-de-colchones-7000-08123\\\/\"]}]},{\"@type\":\"ImageObject\",\"inLanguage\":\"es\",\"@id\":\"https:\\\/\\\/www.veltec.eu\\\/es\\\/product\\\/limpiador-de-colchones-7000-08123\\\/#primaryimage\",\"url\":\"https:\\\/\\\/www.veltec.eu\\\/wp-content\\\/uploads\\\/2021\\\/11\\\/conga-popstar-7000-mattress.jpg.png\",\"contentUrl\":\"https:\\\/\\\/www.veltec.eu\\\/wp-content\\\/uploads\\\/2021\\\/11\\\/conga-popstar-7000-mattress.jpg.png\",\"width\":458,\"height\":458},{\"@type\":\"BreadcrumbList\",\"@id\":\"https:\\\/\\\/www.veltec.eu\\\/es\\\/product\\\/limpiador-de-colchones-7000-08123\\\/#breadcrumb\",\"itemListElement\":[{\"@type\":\"ListItem\",\"position\":1,\"name\":\"Home\",\"item\":\"https:\\\/\\\/www.veltec.eu\\\/es\\\/\"},{\"@type\":\"ListItem\",\"position\":2,\"name\":\"Kirby Shop\",\"item\":\"https:\\\/\\\/www.veltec.eu\\\/nl\\\/shop-page\\\/\"},{\"@type\":\"ListItem\",\"position\":3,\"name\":\"Limpiador de colchones 7000\"}]},{\"@type\":\"WebSite\",\"@id\":\"https:\\\/\\\/www.veltec.eu\\\/en\\\/#website\",\"url\":\"https:\\\/\\\/www.veltec.eu\\\/en\\\/\",\"name\":\"Veltec Kirby specialist\",\"description\":\"Kirby stofzuiger producten\",\"publisher\":{\"@id\":\"https:\\\/\\\/www.veltec.eu\\\/en\\\/#organization\"},\"potentialAction\":[{\"@type\":\"SearchAction\",\"target\":{\"@type\":\"EntryPoint\",\"urlTemplate\":\"https:\\\/\\\/www.veltec.eu\\\/en\\\/?s={search_term_string}\"},\"query-input\":{\"@type\":\"PropertyValueSpecification\",\"valueRequired\":true,\"valueName\":\"search_term_string\"}}],\"inLanguage\":\"es\"},{\"@type\":\"Organization\",\"@id\":\"https:\\\/\\\/www.veltec.eu\\\/en\\\/#organization\",\"name\":\"Veltec Kirby Specialist\",\"url\":\"https:\\\/\\\/www.veltec.eu\\\/en\\\/\",\"logo\":{\"@type\":\"ImageObject\",\"inLanguage\":\"es\",\"@id\":\"https:\\\/\\\/www.veltec.eu\\\/en\\\/#\\\/schema\\\/logo\\\/image\\\/\",\"url\":\"https:\\\/\\\/www.veltec.eu\\\/wp-content\\\/uploads\\\/2021\\\/12\\\/Veltec-log-groot-e1537260889125.png\",\"contentUrl\":\"https:\\\/\\\/www.veltec.eu\\\/wp-content\\\/uploads\\\/2021\\\/12\\\/Veltec-log-groot-e1537260889125.png\",\"width\":200,\"height\":60,\"caption\":\"Veltec Kirby Specialist\"},\"image\":{\"@id\":\"https:\\\/\\\/www.veltec.eu\\\/en\\\/#\\\/schema\\\/logo\\\/image\\\/\"},\"sameAs\":[\"https:\\\/\\\/www.facebook.com\\\/Veltec-Kirby-Specialist-236746293374877\\\/\",\"https:\\\/\\\/www.youtube.com\\\/user\\\/VeltecService\"]}]}<\/script>\n<!-- \/ Yoast SEO Premium plugin. -->","yoast_head_json":{"title":"Limpiador de colchones 7000 - Veltec Kirby specialist","description":"Limpiador de colchones 7000 - Veltec es el proveedor de aspiradoras Kirby desde hace m\u00e1s de 25 a\u00f1os. Y es su especialista en servicios Kirby.","robots":{"index":"index","follow":"follow","max-snippet":"max-snippet:-1","max-image-preview":"max-image-preview:large","max-video-preview":"max-video-preview:-1"},"canonical":"https:\/\/www.veltec.eu\/es\/product\/limpiador-de-colchones-7000-08123\/","og_locale":"es_ES","og_type":"article","og_title":"Limpiador de colchones 7000","og_description":"Aspirador de colchones y tapicer\u00edas con 700W de potencia y 12 kPa de poder de succi\u00f3n. Incluye luz ultravioleta UV-C que acaba con el 99,9 % de los al\u00e9rgenos. En stock  El plazo de entrega de este producto es de 5 a 10 d\u00edas laborables  2 a\u00f1os de garant\u00eda  &nbsp;","og_url":"https:\/\/www.veltec.eu\/es\/product\/limpiador-de-colchones-7000-08123\/","og_site_name":"Veltec Kirby specialist","article_publisher":"https:\/\/www.facebook.com\/Veltec-Kirby-Specialist-236746293374877\/","article_modified_time":"2025-04-24T11:58:35+00:00","og_image":[{"width":458,"height":458,"url":"https:\/\/www.veltec.eu\/wp-content\/uploads\/2021\/11\/conga-popstar-7000-mattress.jpg.png","type":"image\/png"}],"twitter_card":"summary_large_image","twitter_misc":{"Tiempo de lectura":"2 minutos"},"schema":{"@context":"https:\/\/schema.org","@graph":[{"@type":"WebPage","@id":"https:\/\/www.veltec.eu\/es\/product\/limpiador-de-colchones-7000-08123\/","url":"https:\/\/www.veltec.eu\/es\/product\/limpiador-de-colchones-7000-08123\/","name":"Limpiador de colchones 7000 - Veltec Kirby specialist","isPartOf":{"@id":"https:\/\/www.veltec.eu\/en\/#website"},"primaryImageOfPage":{"@id":"https:\/\/www.veltec.eu\/es\/product\/limpiador-de-colchones-7000-08123\/#primaryimage"},"image":{"@id":"https:\/\/www.veltec.eu\/es\/product\/limpiador-de-colchones-7000-08123\/#primaryimage"},"thumbnailUrl":"https:\/\/www.veltec.eu\/wp-content\/uploads\/2021\/11\/conga-popstar-7000-mattress.jpg.png","datePublished":"2021-11-10T11:48:56+00:00","dateModified":"2025-04-24T11:58:35+00:00","description":"Limpiador de colchones 7000 - Veltec es el proveedor de aspiradoras Kirby desde hace m\u00e1s de 25 a\u00f1os. Y es su especialista en servicios Kirby.","breadcrumb":{"@id":"https:\/\/www.veltec.eu\/es\/product\/limpiador-de-colchones-7000-08123\/#breadcrumb"},"inLanguage":"es","potentialAction":[{"@type":"ReadAction","target":["https:\/\/www.veltec.eu\/es\/product\/limpiador-de-colchones-7000-08123\/"]}]},{"@type":"ImageObject","inLanguage":"es","@id":"https:\/\/www.veltec.eu\/es\/product\/limpiador-de-colchones-7000-08123\/#primaryimage","url":"https:\/\/www.veltec.eu\/wp-content\/uploads\/2021\/11\/conga-popstar-7000-mattress.jpg.png","contentUrl":"https:\/\/www.veltec.eu\/wp-content\/uploads\/2021\/11\/conga-popstar-7000-mattress.jpg.png","width":458,"height":458},{"@type":"BreadcrumbList","@id":"https:\/\/www.veltec.eu\/es\/product\/limpiador-de-colchones-7000-08123\/#breadcrumb","itemListElement":[{"@type":"ListItem","position":1,"name":"Home","item":"https:\/\/www.veltec.eu\/es\/"},{"@type":"ListItem","position":2,"name":"Kirby Shop","item":"https:\/\/www.veltec.eu\/nl\/shop-page\/"},{"@type":"ListItem","position":3,"name":"Limpiador de colchones 7000"}]},{"@type":"WebSite","@id":"https:\/\/www.veltec.eu\/en\/#website","url":"https:\/\/www.veltec.eu\/en\/","name":"Veltec Kirby specialist","description":"Kirby stofzuiger producten","publisher":{"@id":"https:\/\/www.veltec.eu\/en\/#organization"},"potentialAction":[{"@type":"SearchAction","target":{"@type":"EntryPoint","urlTemplate":"https:\/\/www.veltec.eu\/en\/?s={search_term_string}"},"query-input":{"@type":"PropertyValueSpecification","valueRequired":true,"valueName":"search_term_string"}}],"inLanguage":"es"},{"@type":"Organization","@id":"https:\/\/www.veltec.eu\/en\/#organization","name":"Veltec Kirby Specialist","url":"https:\/\/www.veltec.eu\/en\/","logo":{"@type":"ImageObject","inLanguage":"es","@id":"https:\/\/www.veltec.eu\/en\/#\/schema\/logo\/image\/","url":"https:\/\/www.veltec.eu\/wp-content\/uploads\/2021\/12\/Veltec-log-groot-e1537260889125.png","contentUrl":"https:\/\/www.veltec.eu\/wp-content\/uploads\/2021\/12\/Veltec-log-groot-e1537260889125.png","width":200,"height":60,"caption":"Veltec Kirby Specialist"},"image":{"@id":"https:\/\/www.veltec.eu\/en\/#\/schema\/logo\/image\/"},"sameAs":["https:\/\/www.facebook.com\/Veltec-Kirby-Specialist-236746293374877\/","https:\/\/www.youtube.com\/user\/VeltecService"]}]}},"_links":{"self":[{"href":"https:\/\/www.veltec.eu\/es\/wp-json\/wp\/v2\/product\/42899","targetHints":{"allow":["GET"]}}],"collection":[{"href":"https:\/\/www.veltec.eu\/es\/wp-json\/wp\/v2\/product"}],"about":[{"href":"https:\/\/www.veltec.eu\/es\/wp-json\/wp\/v2\/types\/product"}],"replies":[{"embeddable":true,"href":"https:\/\/www.veltec.eu\/es\/wp-json\/wp\/v2\/comments?post=42899"}],"wp:featuredmedia":[{"embeddable":true,"href":"https:\/\/www.veltec.eu\/es\/wp-json\/wp\/v2\/media\/42850"}],"wp:attachment":[{"href":"https:\/\/www.veltec.eu\/es\/wp-json\/wp\/v2\/media?parent=42899"}],"wp:term":[{"taxonomy":"product_brand","embeddable":true,"href":"https:\/\/www.veltec.eu\/es\/wp-json\/wp\/v2\/product_brand?post=42899"},{"taxonomy":"product_cat","embeddable":true,"href":"https:\/\/www.veltec.eu\/es\/wp-json\/wp\/v2\/product_cat?post=42899"},{"taxonomy":"product_tag","embeddable":true,"href":"https:\/\/www.veltec.eu\/es\/wp-json\/wp\/v2\/product_tag?post=42899"}],"curies":[{"name":"wp","href":"https:\/\/api.w.org\/{rel}","templated":true}]}}