{"id":42802,"date":"2021-11-04T16:08:03","date_gmt":"2021-11-04T14:08:03","guid":{"rendered":"https:\/\/www.veltec.eu\/product\/consola-deslizante-kirby-re-acondicionado\/"},"modified":"2025-03-31T10:28:52","modified_gmt":"2025-03-31T08:28:52","slug":"consola-deslizante-kirby-re-acondicionado","status":"publish","type":"product","link":"https:\/\/www.veltec.eu\/es\/product\/consola-deslizante-kirby-re-acondicionado\/","title":{"rendered":"Consola Deslizante Kirby Re-acondicionado"},"content":{"rendered":"<div class=\"woocommerce-product-details__short-description\">\n<h1>Consola Deslizante Kirby Re-acondicionado<\/h1>\n<p>Consola Deslizante Kirby Re-acondicionado es una consola deslizante para el control de la tracci\u00f3n trasera Re-acondicionada<\/p>\n<h2>Consola deslizante reacondicionada &#8211; Control y comodidad \u00f3ptimos<\/h2>\n<p>\u00bfBusca una forma eficaz y fiable de controlar su aspiradora Kirby sin problemas? La consola deslizante es la soluci\u00f3n perfecta. Este componente esencial garantiza un control \u00f3ptimo de la tracci\u00f3n trasera y le permite poner en marcha su aspiradora con un simple movimiento de la mano. Gracias a las tres posiciones, la empu\u00f1adura puede ajustarse f\u00e1cilmente a la posici\u00f3n deseada, garantizando la m\u00e1xima comodidad mientras aspira.<\/p>\n<p><a href=\"https:\/\/www.veltec.eu\/es\/cubierta-kirby\/\">Encuentre todas las Cubierta Kirby aqu\u00ed<\/a><\/p>\n<h3>\u00bfQu\u00e9 es la consola deslizante Kirby reacondicionada?<\/h3>\n<p>La consola deslizante es una pieza cuidadosamente reacondicionada que desempe\u00f1a un papel crucial en el control de su aspiradora Kirby. Este mecanismo deslizante asegura que el mango y\/o la empu\u00f1adura est\u00e9n perfectamente conectados a la unidad motriz, permiti\u00e9ndole mover la m\u00e1quina sin esfuerzo. La consola deslizante le permite cambiar entre diferentes posiciones r\u00e1pidamente y sin esfuerzo, lo que resulta en una experiencia de limpieza c\u00f3moda y eficiente.<\/p>\n<h3>\u00bfPor qu\u00e9 elegir una consola deslizante reacondicionada?<\/h3>\n<p>Una consola deslizante Kirby reacondicionada ofrece la misma funcionalidad y fiabilidad que una nueva, pero a un precio mucho m\u00e1s asequible. Algunas de las ventajas de una consola deslizante reacondicionada son:<\/p>\n<ul>\n<li>Ahorro de costes &#8211; Un modelo reacondicionado es significativamente m\u00e1s barato que una pieza nueva.<\/li>\n<li>Sostenible y respetuosa con el medio ambiente &#8211; Al elegir una variante reacondicionada, contribuye a la reutilizaci\u00f3n y a generar menos residuos.<\/li>\n<li>Probado y comprobado minuciosamente &#8211; Cada pieza reacondicionada se prueba cuidadosamente para comprobar su calidad y funcionalidad.<\/li>\n<\/ul>\n<h3>Compatible universalmente &#8211; Se adapta a todas las aspiradoras Kirby<\/h3>\n<p>Una de las mayores ventajas de la consola deslizante es que es universalmente compatible con todas las aspiradoras Kirby. Esto significa que no tiene que preocuparse por la compatibilidad con su modelo espec\u00edfico. Su f\u00e1cil instalaci\u00f3n y versatilidad la convierten en un valioso complemento para cualquier usuario de Kirby.<\/p>\n<h3>F\u00e1cil manejo y tres posiciones ajustables<\/h3>\n<p>Esta consola deslizante ofrece tres posiciones ajustables, lo que le permite ajustar f\u00e1cilmente la empu\u00f1adura a la posici\u00f3n deseada. Esto no s\u00f3lo aumenta la facilidad de uso, sino que tambi\u00e9n evita esfuerzos innecesarios en sus mu\u00f1ecas y brazos. Gracias a este innovador dise\u00f1o, podr\u00e1 cambiar sin esfuerzo entre los diferentes modos de limpieza y disfrutar de un funcionamiento suave de su aspiradora Kirby.<\/p>\n<h3>Pida hoy mismo el reacondicionamiento de su consola deslizante Kirby<\/h3>\n<p>\u00bfEst\u00e1 listo para que su aspiradora vuelva a funcionar de forma suave y eficiente? Entonces pida hoy mismo la consola deslizante reacondicionada Kirby y benef\u00edciese de una soluci\u00f3n c\u00f3moda, duradera y econ\u00f3mica. Gracias a la entrega r\u00e1pida, tendr\u00e1 esta pieza esencial en su hogar r\u00e1pidamente, \u00a1para que pueda seguir disfrutando de un entorno vital limpio sin interrupciones!<\/p>\n<\/div>\n","protected":false},"excerpt":{"rendered":"<p>Consola Deslizante para el control de la tracci\u00f3n trasera.<\/p>\n[trustindex data-widget-id=48bbd87242952812953642309d4]\n<h3><span style=\"color: #008000;\"><br \/>\nEn stock<\/span><\/h3>\n[av_font_icon icon='ue812' font='entypo-fontello' style='' caption='' size='25px' position='left' color='#43ad66' link='' linktarget='' title_attr='' sonar_effect_effect='' sonar_effect_color='' sonar_effect_duration='1' sonar_effect_scale='' sonar_effect_opac='0.5' animation='' id='' custom_class='' template_class='' av_uid='' sc_version='1.0' admin_preview_bg=''][\/av_font_icon]\n<p><span style=\"color: #008000;\">Pedido antes de las 23:59, enviado ma\u00f1ana<\/span><\/p>\n<p>&nbsp;<\/p>\n","protected":false},"featured_media":89900,"comment_status":"open","ping_status":"closed","template":"","meta":[],"product_brand":[],"product_cat":[307],"product_tag":[],"class_list":{"0":"post-42802","1":"product","2":"type-product","3":"status-publish","4":"has-post-thumbnail","6":"product_cat-cubierta-kirby","8":"first","9":"instock","10":"sale","11":"taxable","12":"shipping-taxable","13":"purchasable","14":"product-type-simple"},"yoast_head":"<!-- This site is optimized with the Yoast SEO Premium plugin v27.1 (Yoast SEO v27.4) - https:\/\/yoast.com\/product\/yoast-seo-premium-wordpress\/ -->\n<title>Consola Deslizante Kirby Re-acondicionado - Veltec Kirby specialist<\/title>\n<meta name=\"description\" content=\"Consola Deslizante Kirby Re-acondicionado Veltec es el proveedor de aspiradoras Kirby desde hace m\u00e1s de 25 a\u00f1os. Y es su especialista.\" \/>\n<meta name=\"robots\" content=\"index, follow, max-snippet:-1, max-image-preview:large, max-video-preview:-1\" \/>\n<link rel=\"canonical\" href=\"https:\/\/www.veltec.eu\/nl\/product\/kirby-schuif-console-gereconditioneerd\/\" \/>\n<meta property=\"og:locale\" content=\"es_ES\" \/>\n<meta property=\"og:type\" content=\"article\" \/>\n<meta property=\"og:title\" content=\"Consola Deslizante Kirby Re-acondicionado\" \/>\n<meta property=\"og:description\" content=\"Consola Deslizante para el control de la tracci\u00f3n trasera.    En stock   Pedido antes de las 23:59, enviado ma\u00f1ana  &nbsp;\" \/>\n<meta property=\"og:url\" content=\"https:\/\/www.veltec.eu\/nl\/product\/kirby-schuif-console-gereconditioneerd\/\" \/>\n<meta property=\"og:site_name\" content=\"Veltec Kirby specialist\" \/>\n<meta property=\"article:publisher\" content=\"https:\/\/www.facebook.com\/Veltec-Kirby-Specialist-236746293374877\/\" \/>\n<meta property=\"article:modified_time\" content=\"2025-03-31T08:28:52+00:00\" \/>\n<meta property=\"og:image\" content=\"https:\/\/www.veltec.eu\/wp-content\/uploads\/2021\/11\/Kirby-bracket.png\" \/>\n\t<meta property=\"og:image:width\" content=\"300\" \/>\n\t<meta property=\"og:image:height\" content=\"300\" \/>\n\t<meta property=\"og:image:type\" content=\"image\/png\" \/>\n<meta name=\"twitter:card\" content=\"summary_large_image\" \/>\n<meta name=\"twitter:label1\" content=\"Tiempo de lectura\" \/>\n\t<meta name=\"twitter:data1\" content=\"3 minutos\" \/>\n<script type=\"application\/ld+json\" class=\"yoast-schema-graph\">{\"@context\":\"https:\\\/\\\/schema.org\",\"@graph\":[{\"@type\":\"WebPage\",\"@id\":\"https:\\\/\\\/www.veltec.eu\\\/nl\\\/product\\\/kirby-schuif-console-gereconditioneerd\\\/\",\"url\":\"https:\\\/\\\/www.veltec.eu\\\/nl\\\/product\\\/kirby-schuif-console-gereconditioneerd\\\/\",\"name\":\"Consola Deslizante Kirby Re-acondicionado - Veltec Kirby specialist\",\"isPartOf\":{\"@id\":\"https:\\\/\\\/www.veltec.eu\\\/en\\\/#website\"},\"primaryImageOfPage\":{\"@id\":\"https:\\\/\\\/www.veltec.eu\\\/nl\\\/product\\\/kirby-schuif-console-gereconditioneerd\\\/#primaryimage\"},\"image\":{\"@id\":\"https:\\\/\\\/www.veltec.eu\\\/nl\\\/product\\\/kirby-schuif-console-gereconditioneerd\\\/#primaryimage\"},\"thumbnailUrl\":\"https:\\\/\\\/www.veltec.eu\\\/wp-content\\\/uploads\\\/2021\\\/11\\\/Kirby-schuifconsole-1-refurbisched.jpg\",\"datePublished\":\"2021-11-04T14:08:03+00:00\",\"dateModified\":\"2025-03-31T08:28:52+00:00\",\"description\":\"Consola Deslizante Kirby Re-acondicionado Veltec es el proveedor de aspiradoras Kirby desde hace m\u00e1s de 25 a\u00f1os. Y es su especialista.\",\"breadcrumb\":{\"@id\":\"https:\\\/\\\/www.veltec.eu\\\/nl\\\/product\\\/kirby-schuif-console-gereconditioneerd\\\/#breadcrumb\"},\"inLanguage\":\"es\",\"potentialAction\":[{\"@type\":\"ReadAction\",\"target\":[\"https:\\\/\\\/www.veltec.eu\\\/nl\\\/product\\\/kirby-schuif-console-gereconditioneerd\\\/\"]}]},{\"@type\":\"ImageObject\",\"inLanguage\":\"es\",\"@id\":\"https:\\\/\\\/www.veltec.eu\\\/nl\\\/product\\\/kirby-schuif-console-gereconditioneerd\\\/#primaryimage\",\"url\":\"https:\\\/\\\/www.veltec.eu\\\/wp-content\\\/uploads\\\/2021\\\/11\\\/Kirby-schuifconsole-1-refurbisched.jpg\",\"contentUrl\":\"https:\\\/\\\/www.veltec.eu\\\/wp-content\\\/uploads\\\/2021\\\/11\\\/Kirby-schuifconsole-1-refurbisched.jpg\",\"width\":600,\"height\":600},{\"@type\":\"BreadcrumbList\",\"@id\":\"https:\\\/\\\/www.veltec.eu\\\/nl\\\/product\\\/kirby-schuif-console-gereconditioneerd\\\/#breadcrumb\",\"itemListElement\":[{\"@type\":\"ListItem\",\"position\":1,\"name\":\"Home\",\"item\":\"https:\\\/\\\/www.veltec.eu\\\/es\\\/\"},{\"@type\":\"ListItem\",\"position\":2,\"name\":\"Produits\",\"item\":\"https:\\\/\\\/www.veltec.eu\\\/fr\\\/shop\\\/\"},{\"@type\":\"ListItem\",\"position\":3,\"name\":\"Consola Deslizante Kirby Re-acondicionado\"}]},{\"@type\":\"WebSite\",\"@id\":\"https:\\\/\\\/www.veltec.eu\\\/en\\\/#website\",\"url\":\"https:\\\/\\\/www.veltec.eu\\\/en\\\/\",\"name\":\"Veltec Kirby specialist\",\"description\":\"Kirby stofzuiger producten\",\"publisher\":{\"@id\":\"https:\\\/\\\/www.veltec.eu\\\/en\\\/#organization\"},\"potentialAction\":[{\"@type\":\"SearchAction\",\"target\":{\"@type\":\"EntryPoint\",\"urlTemplate\":\"https:\\\/\\\/www.veltec.eu\\\/en\\\/?s={search_term_string}\"},\"query-input\":{\"@type\":\"PropertyValueSpecification\",\"valueRequired\":true,\"valueName\":\"search_term_string\"}}],\"inLanguage\":\"es\"},{\"@type\":\"Organization\",\"@id\":\"https:\\\/\\\/www.veltec.eu\\\/en\\\/#organization\",\"name\":\"Veltec Kirby Specialist\",\"url\":\"https:\\\/\\\/www.veltec.eu\\\/en\\\/\",\"logo\":{\"@type\":\"ImageObject\",\"inLanguage\":\"es\",\"@id\":\"https:\\\/\\\/www.veltec.eu\\\/en\\\/#\\\/schema\\\/logo\\\/image\\\/\",\"url\":\"https:\\\/\\\/www.veltec.eu\\\/wp-content\\\/uploads\\\/2021\\\/12\\\/Veltec-log-groot-e1537260889125.png\",\"contentUrl\":\"https:\\\/\\\/www.veltec.eu\\\/wp-content\\\/uploads\\\/2021\\\/12\\\/Veltec-log-groot-e1537260889125.png\",\"width\":200,\"height\":60,\"caption\":\"Veltec Kirby Specialist\"},\"image\":{\"@id\":\"https:\\\/\\\/www.veltec.eu\\\/en\\\/#\\\/schema\\\/logo\\\/image\\\/\"},\"sameAs\":[\"https:\\\/\\\/www.facebook.com\\\/Veltec-Kirby-Specialist-236746293374877\\\/\",\"https:\\\/\\\/www.youtube.com\\\/user\\\/VeltecService\"]}]}<\/script>\n<!-- \/ Yoast SEO Premium plugin. -->","yoast_head_json":{"title":"Consola Deslizante Kirby Re-acondicionado - Veltec Kirby specialist","description":"Consola Deslizante Kirby Re-acondicionado Veltec es el proveedor de aspiradoras Kirby desde hace m\u00e1s de 25 a\u00f1os. Y es su especialista.","robots":{"index":"index","follow":"follow","max-snippet":"max-snippet:-1","max-image-preview":"max-image-preview:large","max-video-preview":"max-video-preview:-1"},"canonical":"https:\/\/www.veltec.eu\/nl\/product\/kirby-schuif-console-gereconditioneerd\/","og_locale":"es_ES","og_type":"article","og_title":"Consola Deslizante Kirby Re-acondicionado","og_description":"Consola Deslizante para el control de la tracci\u00f3n trasera.    En stock   Pedido antes de las 23:59, enviado ma\u00f1ana  &nbsp;","og_url":"https:\/\/www.veltec.eu\/nl\/product\/kirby-schuif-console-gereconditioneerd\/","og_site_name":"Veltec Kirby specialist","article_publisher":"https:\/\/www.facebook.com\/Veltec-Kirby-Specialist-236746293374877\/","article_modified_time":"2025-03-31T08:28:52+00:00","og_image":[{"width":300,"height":300,"url":"https:\/\/www.veltec.eu\/wp-content\/uploads\/2021\/11\/Kirby-bracket.png","type":"image\/png"}],"twitter_card":"summary_large_image","twitter_misc":{"Tiempo de lectura":"3 minutos"},"schema":{"@context":"https:\/\/schema.org","@graph":[{"@type":"WebPage","@id":"https:\/\/www.veltec.eu\/nl\/product\/kirby-schuif-console-gereconditioneerd\/","url":"https:\/\/www.veltec.eu\/nl\/product\/kirby-schuif-console-gereconditioneerd\/","name":"Consola Deslizante Kirby Re-acondicionado - Veltec Kirby specialist","isPartOf":{"@id":"https:\/\/www.veltec.eu\/en\/#website"},"primaryImageOfPage":{"@id":"https:\/\/www.veltec.eu\/nl\/product\/kirby-schuif-console-gereconditioneerd\/#primaryimage"},"image":{"@id":"https:\/\/www.veltec.eu\/nl\/product\/kirby-schuif-console-gereconditioneerd\/#primaryimage"},"thumbnailUrl":"https:\/\/www.veltec.eu\/wp-content\/uploads\/2021\/11\/Kirby-schuifconsole-1-refurbisched.jpg","datePublished":"2021-11-04T14:08:03+00:00","dateModified":"2025-03-31T08:28:52+00:00","description":"Consola Deslizante Kirby Re-acondicionado Veltec es el proveedor de aspiradoras Kirby desde hace m\u00e1s de 25 a\u00f1os. Y es su especialista.","breadcrumb":{"@id":"https:\/\/www.veltec.eu\/nl\/product\/kirby-schuif-console-gereconditioneerd\/#breadcrumb"},"inLanguage":"es","potentialAction":[{"@type":"ReadAction","target":["https:\/\/www.veltec.eu\/nl\/product\/kirby-schuif-console-gereconditioneerd\/"]}]},{"@type":"ImageObject","inLanguage":"es","@id":"https:\/\/www.veltec.eu\/nl\/product\/kirby-schuif-console-gereconditioneerd\/#primaryimage","url":"https:\/\/www.veltec.eu\/wp-content\/uploads\/2021\/11\/Kirby-schuifconsole-1-refurbisched.jpg","contentUrl":"https:\/\/www.veltec.eu\/wp-content\/uploads\/2021\/11\/Kirby-schuifconsole-1-refurbisched.jpg","width":600,"height":600},{"@type":"BreadcrumbList","@id":"https:\/\/www.veltec.eu\/nl\/product\/kirby-schuif-console-gereconditioneerd\/#breadcrumb","itemListElement":[{"@type":"ListItem","position":1,"name":"Home","item":"https:\/\/www.veltec.eu\/es\/"},{"@type":"ListItem","position":2,"name":"Produits","item":"https:\/\/www.veltec.eu\/fr\/shop\/"},{"@type":"ListItem","position":3,"name":"Consola Deslizante Kirby Re-acondicionado"}]},{"@type":"WebSite","@id":"https:\/\/www.veltec.eu\/en\/#website","url":"https:\/\/www.veltec.eu\/en\/","name":"Veltec Kirby specialist","description":"Kirby stofzuiger producten","publisher":{"@id":"https:\/\/www.veltec.eu\/en\/#organization"},"potentialAction":[{"@type":"SearchAction","target":{"@type":"EntryPoint","urlTemplate":"https:\/\/www.veltec.eu\/en\/?s={search_term_string}"},"query-input":{"@type":"PropertyValueSpecification","valueRequired":true,"valueName":"search_term_string"}}],"inLanguage":"es"},{"@type":"Organization","@id":"https:\/\/www.veltec.eu\/en\/#organization","name":"Veltec Kirby Specialist","url":"https:\/\/www.veltec.eu\/en\/","logo":{"@type":"ImageObject","inLanguage":"es","@id":"https:\/\/www.veltec.eu\/en\/#\/schema\/logo\/image\/","url":"https:\/\/www.veltec.eu\/wp-content\/uploads\/2021\/12\/Veltec-log-groot-e1537260889125.png","contentUrl":"https:\/\/www.veltec.eu\/wp-content\/uploads\/2021\/12\/Veltec-log-groot-e1537260889125.png","width":200,"height":60,"caption":"Veltec Kirby Specialist"},"image":{"@id":"https:\/\/www.veltec.eu\/en\/#\/schema\/logo\/image\/"},"sameAs":["https:\/\/www.facebook.com\/Veltec-Kirby-Specialist-236746293374877\/","https:\/\/www.youtube.com\/user\/VeltecService"]}]}},"_links":{"self":[{"href":"https:\/\/www.veltec.eu\/es\/wp-json\/wp\/v2\/product\/42802","targetHints":{"allow":["GET"]}}],"collection":[{"href":"https:\/\/www.veltec.eu\/es\/wp-json\/wp\/v2\/product"}],"about":[{"href":"https:\/\/www.veltec.eu\/es\/wp-json\/wp\/v2\/types\/product"}],"replies":[{"embeddable":true,"href":"https:\/\/www.veltec.eu\/es\/wp-json\/wp\/v2\/comments?post=42802"}],"wp:featuredmedia":[{"embeddable":true,"href":"https:\/\/www.veltec.eu\/es\/wp-json\/wp\/v2\/media\/89900"}],"wp:attachment":[{"href":"https:\/\/www.veltec.eu\/es\/wp-json\/wp\/v2\/media?parent=42802"}],"wp:term":[{"taxonomy":"product_brand","embeddable":true,"href":"https:\/\/www.veltec.eu\/es\/wp-json\/wp\/v2\/product_brand?post=42802"},{"taxonomy":"product_cat","embeddable":true,"href":"https:\/\/www.veltec.eu\/es\/wp-json\/wp\/v2\/product_cat?post=42802"},{"taxonomy":"product_tag","embeddable":true,"href":"https:\/\/www.veltec.eu\/es\/wp-json\/wp\/v2\/product_tag?post=42802"}],"curies":[{"name":"wp","href":"https:\/\/api.w.org\/{rel}","templated":true}]}}