{"id":42644,"date":"2021-10-27T14:21:15","date_gmt":"2021-10-27T12:21:15","guid":{"rendered":"https:\/\/www.veltec.eu\/product\/soporte-de-la-tapa-del-interruptor-nl45008\/"},"modified":"2025-03-31T14:18:31","modified_gmt":"2025-03-31T12:18:31","slug":"soporte-protector-interruptor-nl45008","status":"publish","type":"product","link":"https:\/\/www.veltec.eu\/es\/product\/soporte-protector-interruptor-nl45008\/","title":{"rendered":"Soporte Protector Interruptor"},"content":{"rendered":"<h1>Soporte Protector Interruptor<\/h1>\n<p>Soporte Protector Interruptor &#8211; La mayor\u00eda de los colores antiguos ya no est\u00e1n disponibles. Kirby Co. los ha sustituido por este Kirby G6 &#8211; color negro.<\/p>\n<p><strong>Este soporte es universal y adecuado para cualquier aspiradora Kirby;<\/strong><\/p>\n<ul>\n<li>Avalir Platinum<\/li>\n<li>Avalir 2<\/li>\n<li>Avalir 1<\/li>\n<li>Sentria 2 (G10D)<\/li>\n<li>Sentria 1 (G10)<\/li>\n<li>Ultimate G Diamond Ed.(G7D or DE)<\/li>\n<li>Ultimate G (G7 or UG)<\/li>\n<li>Generation 6 (G6)<\/li>\n<li>Generation 5 (G5)<\/li>\n<li>Generation 4 (G4)<\/li>\n<li>Generation 3 (G3)<\/li>\n<\/ul>\n<h2>Soporte Protector Interruptor para aspiradoras Kirby &#8211; Protecci\u00f3n y durabilidad<\/h2>\n<p>Una aspiradora debe durar mucho tiempo y seguir funcionando sin problemas. Por lo tanto, proteger las piezas esenciales como el interruptor es muy importante. El protector de interruptor ofrece la soluci\u00f3n perfecta para proteger el interruptor de su aspiradora Kirby del desgaste, la suciedad y los da\u00f1os.<\/p>\n<p><a href=\"https:\/\/www.veltec.eu\/es\/cubierta-kirby\/\">Aqu\u00ed encontrar\u00e1 todas las Cubierta Kirby<\/a><\/p>\n<h3>\u00bfPor qu\u00e9 elegir el Soporte Protector Interruptor?<\/h3>\n<p>Esta cubierta protectora de pl\u00e1stico est\u00e1 especialmente dise\u00f1ada para proteger el interruptor de su aspiradora Kirby de influencias externas. Gracias a su robusta construcci\u00f3n, este soporte garantiza que el interruptor se pueda pulsar suavemente y sin resistencia, manteniendo su aspiradora funcionando de forma \u00f3ptima. He aqu\u00ed algunas razones por las que esta funda protectora es un accesorio indispensable:<\/p>\n<ul>\n<li><strong>Protege el interruptor de da\u00f1os<\/strong> &#8211; Evita el desgaste y las roturas.<\/li>\n<li><strong>Garantiza un funcionamiento suave<\/strong> &#8211; No opone resistencia al pulsarlo.<\/li>\n<li><strong>Adecuado universalmente para todas las aspiradoras Kirby<\/strong> &#8211; Se adapta tanto a los modelos m\u00e1s antiguos como a los m\u00e1s nuevos.<\/li>\n<li><strong>Material duradero<\/strong> &#8211; Fabricado en pl\u00e1stico de alta calidad para una larga vida \u00fatil.<\/li>\n<\/ul>\n<h3>Se adapta a todas las aspiradoras Kirby<\/h3>\n<p>La mayor\u00eda de los modelos antiguos de Kirby ten\u00edan protectores de interruptores en varios colores. Muchos de estos colores ya no est\u00e1n disponibles hoy en d\u00eda. Kirby Co. las ha sustituido por una versi\u00f3n universal en color negro, de la serie Kirby G6. Esto significa que esta cubierta protectora es adecuada para todas las aspiradoras Kirby, independientemente del modelo o a\u00f1o de fabricaci\u00f3n.<\/p>\n<h3>F\u00e1cil instalaci\u00f3n y larga vida \u00fatil<\/h3>\n<p>Sustituir o instalar este protector de interruptor es f\u00e1cil y puede hacerse en pocos minutos. Gracias a su dise\u00f1o resistente, la cubierta permanece en su sitio y proporciona protecci\u00f3n a largo plazo. Adem\u00e1s, el uso de pl\u00e1stico de alta calidad garantiza que esta tapa pueda soportar un uso frecuente y una limpieza intensiva.<\/p>\n<h3>P\u00eddalo hoy mismo<\/h3>\n<p>\u00bfQuiere evitar que se da\u00f1e el interruptor de su aspiradora Kirby? Entonces el soporte de la tapa protectora del interruptor es la soluci\u00f3n ideal. P\u00eddalo hoy mismo y aseg\u00farese de que su aspiradora sigue funcionando de forma \u00f3ptima.<\/p>\n","protected":false},"excerpt":{"rendered":"<p>Soporte para protector de interruptor<\/p>\n[trustindex data-widget-id=48bbd87242952812953642309d4]\n<h3><span style=\"color: #008000;\"><br \/>\nEn stock<\/span><\/h3>\n[av_font_icon icon='ue812' font='entypo-fontello' style='' caption='' size='25px' position='left' color='#43ad66' link='' linktarget='' title_attr='' sonar_effect_effect='' sonar_effect_color='' sonar_effect_duration='1' sonar_effect_scale='' sonar_effect_opac='0.5' animation='' id='' custom_class='' template_class='' av_uid='' sc_version='1.0' admin_preview_bg=''][\/av_font_icon]\n<p><span style=\"color: #008000;\">Pedido antes de las 23:59, enviado ma\u00f1ana<\/span><\/p>\n<p>&nbsp;<\/p>\n","protected":false},"featured_media":90460,"comment_status":"open","ping_status":"closed","template":"","meta":{"_acf_changed":false},"product_brand":[],"product_cat":[307],"product_tag":[],"class_list":{"0":"post-42644","1":"product","2":"type-product","3":"status-publish","4":"has-post-thumbnail","6":"product_cat-cubierta-kirby","8":"first","9":"instock","10":"taxable","11":"shipping-taxable","12":"purchasable","13":"product-type-simple"},"acf":[],"yoast_head":"<!-- This site is optimized with the Yoast SEO Premium plugin v27.1 (Yoast SEO v27.4) - https:\/\/yoast.com\/product\/yoast-seo-premium-wordpress\/ -->\n<title>Soporte Protector Interruptor - Veltec Kirby specialist<\/title>\n<meta name=\"description\" content=\"Soporte Protector Interruptor - Veltec es el proveedor de aspiradoras Kirby desde hace m\u00e1s de 25 a\u00f1os. Y es su especialista en servicios\" \/>\n<meta name=\"robots\" content=\"index, follow, max-snippet:-1, max-image-preview:large, max-video-preview:-1\" \/>\n<link rel=\"canonical\" href=\"https:\/\/www.veltec.eu\/es\/product\/soporte-protector-interruptor-nl45008\/\" \/>\n<meta property=\"og:locale\" content=\"es_ES\" \/>\n<meta property=\"og:type\" content=\"article\" \/>\n<meta property=\"og:title\" content=\"Soporte Protector Interruptor\" \/>\n<meta property=\"og:description\" content=\"Soporte para protector de interruptor    En stock   Pedido antes de las 23:59, enviado ma\u00f1ana  &nbsp;\" \/>\n<meta property=\"og:url\" content=\"https:\/\/www.veltec.eu\/es\/product\/soporte-protector-interruptor-nl45008\/\" \/>\n<meta property=\"og:site_name\" content=\"Veltec Kirby specialist\" \/>\n<meta property=\"article:publisher\" content=\"https:\/\/www.facebook.com\/Veltec-Kirby-Specialist-236746293374877\/\" \/>\n<meta property=\"article:modified_time\" content=\"2025-03-31T12:18:31+00:00\" \/>\n<meta property=\"og:image\" content=\"https:\/\/www.veltec.eu\/wp-content\/uploads\/2021\/10\/kirby_beschermring_schakelaar.jpg\" \/>\n\t<meta property=\"og:image:width\" content=\"500\" \/>\n\t<meta property=\"og:image:height\" content=\"500\" \/>\n\t<meta property=\"og:image:type\" content=\"image\/jpeg\" \/>\n<meta name=\"twitter:card\" content=\"summary_large_image\" \/>\n<meta name=\"twitter:label1\" content=\"Tiempo de lectura\" \/>\n\t<meta name=\"twitter:data1\" content=\"3 minutos\" \/>\n<script type=\"application\/ld+json\" class=\"yoast-schema-graph\">{\"@context\":\"https:\\\/\\\/schema.org\",\"@graph\":[{\"@type\":\"WebPage\",\"@id\":\"https:\\\/\\\/www.veltec.eu\\\/es\\\/product\\\/soporte-protector-interruptor-nl45008\\\/\",\"url\":\"https:\\\/\\\/www.veltec.eu\\\/es\\\/product\\\/soporte-protector-interruptor-nl45008\\\/\",\"name\":\"Soporte Protector Interruptor - Veltec Kirby specialist\",\"isPartOf\":{\"@id\":\"https:\\\/\\\/www.veltec.eu\\\/en\\\/#website\"},\"primaryImageOfPage\":{\"@id\":\"https:\\\/\\\/www.veltec.eu\\\/es\\\/product\\\/soporte-protector-interruptor-nl45008\\\/#primaryimage\"},\"image\":{\"@id\":\"https:\\\/\\\/www.veltec.eu\\\/es\\\/product\\\/soporte-protector-interruptor-nl45008\\\/#primaryimage\"},\"thumbnailUrl\":\"https:\\\/\\\/www.veltec.eu\\\/wp-content\\\/uploads\\\/2021\\\/10\\\/Kirby-Schakelaar-beschermkap.jpg\",\"datePublished\":\"2021-10-27T12:21:15+00:00\",\"dateModified\":\"2025-03-31T12:18:31+00:00\",\"description\":\"Soporte Protector Interruptor - Veltec es el proveedor de aspiradoras Kirby desde hace m\u00e1s de 25 a\u00f1os. Y es su especialista en servicios\",\"breadcrumb\":{\"@id\":\"https:\\\/\\\/www.veltec.eu\\\/es\\\/product\\\/soporte-protector-interruptor-nl45008\\\/#breadcrumb\"},\"inLanguage\":\"es\",\"potentialAction\":[{\"@type\":\"ReadAction\",\"target\":[\"https:\\\/\\\/www.veltec.eu\\\/es\\\/product\\\/soporte-protector-interruptor-nl45008\\\/\"]}]},{\"@type\":\"ImageObject\",\"inLanguage\":\"es\",\"@id\":\"https:\\\/\\\/www.veltec.eu\\\/es\\\/product\\\/soporte-protector-interruptor-nl45008\\\/#primaryimage\",\"url\":\"https:\\\/\\\/www.veltec.eu\\\/wp-content\\\/uploads\\\/2021\\\/10\\\/Kirby-Schakelaar-beschermkap.jpg\",\"contentUrl\":\"https:\\\/\\\/www.veltec.eu\\\/wp-content\\\/uploads\\\/2021\\\/10\\\/Kirby-Schakelaar-beschermkap.jpg\",\"width\":600,\"height\":600},{\"@type\":\"BreadcrumbList\",\"@id\":\"https:\\\/\\\/www.veltec.eu\\\/es\\\/product\\\/soporte-protector-interruptor-nl45008\\\/#breadcrumb\",\"itemListElement\":[{\"@type\":\"ListItem\",\"position\":1,\"name\":\"Home\",\"item\":\"https:\\\/\\\/www.veltec.eu\\\/es\\\/\"},{\"@type\":\"ListItem\",\"position\":2,\"name\":\"Kirby Shop\",\"item\":\"https:\\\/\\\/www.veltec.eu\\\/nl\\\/shop-page\\\/\"},{\"@type\":\"ListItem\",\"position\":3,\"name\":\"Soporte Protector Interruptor\"}]},{\"@type\":\"WebSite\",\"@id\":\"https:\\\/\\\/www.veltec.eu\\\/en\\\/#website\",\"url\":\"https:\\\/\\\/www.veltec.eu\\\/en\\\/\",\"name\":\"Veltec Kirby specialist\",\"description\":\"Kirby stofzuiger producten\",\"publisher\":{\"@id\":\"https:\\\/\\\/www.veltec.eu\\\/en\\\/#organization\"},\"potentialAction\":[{\"@type\":\"SearchAction\",\"target\":{\"@type\":\"EntryPoint\",\"urlTemplate\":\"https:\\\/\\\/www.veltec.eu\\\/en\\\/?s={search_term_string}\"},\"query-input\":{\"@type\":\"PropertyValueSpecification\",\"valueRequired\":true,\"valueName\":\"search_term_string\"}}],\"inLanguage\":\"es\"},{\"@type\":\"Organization\",\"@id\":\"https:\\\/\\\/www.veltec.eu\\\/en\\\/#organization\",\"name\":\"Veltec Kirby Specialist\",\"url\":\"https:\\\/\\\/www.veltec.eu\\\/en\\\/\",\"logo\":{\"@type\":\"ImageObject\",\"inLanguage\":\"es\",\"@id\":\"https:\\\/\\\/www.veltec.eu\\\/en\\\/#\\\/schema\\\/logo\\\/image\\\/\",\"url\":\"https:\\\/\\\/www.veltec.eu\\\/wp-content\\\/uploads\\\/2021\\\/12\\\/Veltec-log-groot-e1537260889125.png\",\"contentUrl\":\"https:\\\/\\\/www.veltec.eu\\\/wp-content\\\/uploads\\\/2021\\\/12\\\/Veltec-log-groot-e1537260889125.png\",\"width\":200,\"height\":60,\"caption\":\"Veltec Kirby Specialist\"},\"image\":{\"@id\":\"https:\\\/\\\/www.veltec.eu\\\/en\\\/#\\\/schema\\\/logo\\\/image\\\/\"},\"sameAs\":[\"https:\\\/\\\/www.facebook.com\\\/Veltec-Kirby-Specialist-236746293374877\\\/\",\"https:\\\/\\\/www.youtube.com\\\/user\\\/VeltecService\"]}]}<\/script>\n<!-- \/ Yoast SEO Premium plugin. -->","yoast_head_json":{"title":"Soporte Protector Interruptor - Veltec Kirby specialist","description":"Soporte Protector Interruptor - Veltec es el proveedor de aspiradoras Kirby desde hace m\u00e1s de 25 a\u00f1os. Y es su especialista en servicios","robots":{"index":"index","follow":"follow","max-snippet":"max-snippet:-1","max-image-preview":"max-image-preview:large","max-video-preview":"max-video-preview:-1"},"canonical":"https:\/\/www.veltec.eu\/es\/product\/soporte-protector-interruptor-nl45008\/","og_locale":"es_ES","og_type":"article","og_title":"Soporte Protector Interruptor","og_description":"Soporte para protector de interruptor    En stock   Pedido antes de las 23:59, enviado ma\u00f1ana  &nbsp;","og_url":"https:\/\/www.veltec.eu\/es\/product\/soporte-protector-interruptor-nl45008\/","og_site_name":"Veltec Kirby specialist","article_publisher":"https:\/\/www.facebook.com\/Veltec-Kirby-Specialist-236746293374877\/","article_modified_time":"2025-03-31T12:18:31+00:00","og_image":[{"width":500,"height":500,"url":"https:\/\/www.veltec.eu\/wp-content\/uploads\/2021\/10\/kirby_beschermring_schakelaar.jpg","type":"image\/jpeg"}],"twitter_card":"summary_large_image","twitter_misc":{"Tiempo de lectura":"3 minutos"},"schema":{"@context":"https:\/\/schema.org","@graph":[{"@type":"WebPage","@id":"https:\/\/www.veltec.eu\/es\/product\/soporte-protector-interruptor-nl45008\/","url":"https:\/\/www.veltec.eu\/es\/product\/soporte-protector-interruptor-nl45008\/","name":"Soporte Protector Interruptor - Veltec Kirby specialist","isPartOf":{"@id":"https:\/\/www.veltec.eu\/en\/#website"},"primaryImageOfPage":{"@id":"https:\/\/www.veltec.eu\/es\/product\/soporte-protector-interruptor-nl45008\/#primaryimage"},"image":{"@id":"https:\/\/www.veltec.eu\/es\/product\/soporte-protector-interruptor-nl45008\/#primaryimage"},"thumbnailUrl":"https:\/\/www.veltec.eu\/wp-content\/uploads\/2021\/10\/Kirby-Schakelaar-beschermkap.jpg","datePublished":"2021-10-27T12:21:15+00:00","dateModified":"2025-03-31T12:18:31+00:00","description":"Soporte Protector Interruptor - Veltec es el proveedor de aspiradoras Kirby desde hace m\u00e1s de 25 a\u00f1os. Y es su especialista en servicios","breadcrumb":{"@id":"https:\/\/www.veltec.eu\/es\/product\/soporte-protector-interruptor-nl45008\/#breadcrumb"},"inLanguage":"es","potentialAction":[{"@type":"ReadAction","target":["https:\/\/www.veltec.eu\/es\/product\/soporte-protector-interruptor-nl45008\/"]}]},{"@type":"ImageObject","inLanguage":"es","@id":"https:\/\/www.veltec.eu\/es\/product\/soporte-protector-interruptor-nl45008\/#primaryimage","url":"https:\/\/www.veltec.eu\/wp-content\/uploads\/2021\/10\/Kirby-Schakelaar-beschermkap.jpg","contentUrl":"https:\/\/www.veltec.eu\/wp-content\/uploads\/2021\/10\/Kirby-Schakelaar-beschermkap.jpg","width":600,"height":600},{"@type":"BreadcrumbList","@id":"https:\/\/www.veltec.eu\/es\/product\/soporte-protector-interruptor-nl45008\/#breadcrumb","itemListElement":[{"@type":"ListItem","position":1,"name":"Home","item":"https:\/\/www.veltec.eu\/es\/"},{"@type":"ListItem","position":2,"name":"Kirby Shop","item":"https:\/\/www.veltec.eu\/nl\/shop-page\/"},{"@type":"ListItem","position":3,"name":"Soporte Protector Interruptor"}]},{"@type":"WebSite","@id":"https:\/\/www.veltec.eu\/en\/#website","url":"https:\/\/www.veltec.eu\/en\/","name":"Veltec Kirby specialist","description":"Kirby stofzuiger producten","publisher":{"@id":"https:\/\/www.veltec.eu\/en\/#organization"},"potentialAction":[{"@type":"SearchAction","target":{"@type":"EntryPoint","urlTemplate":"https:\/\/www.veltec.eu\/en\/?s={search_term_string}"},"query-input":{"@type":"PropertyValueSpecification","valueRequired":true,"valueName":"search_term_string"}}],"inLanguage":"es"},{"@type":"Organization","@id":"https:\/\/www.veltec.eu\/en\/#organization","name":"Veltec Kirby Specialist","url":"https:\/\/www.veltec.eu\/en\/","logo":{"@type":"ImageObject","inLanguage":"es","@id":"https:\/\/www.veltec.eu\/en\/#\/schema\/logo\/image\/","url":"https:\/\/www.veltec.eu\/wp-content\/uploads\/2021\/12\/Veltec-log-groot-e1537260889125.png","contentUrl":"https:\/\/www.veltec.eu\/wp-content\/uploads\/2021\/12\/Veltec-log-groot-e1537260889125.png","width":200,"height":60,"caption":"Veltec Kirby Specialist"},"image":{"@id":"https:\/\/www.veltec.eu\/en\/#\/schema\/logo\/image\/"},"sameAs":["https:\/\/www.facebook.com\/Veltec-Kirby-Specialist-236746293374877\/","https:\/\/www.youtube.com\/user\/VeltecService"]}]}},"_links":{"self":[{"href":"https:\/\/www.veltec.eu\/es\/wp-json\/wp\/v2\/product\/42644","targetHints":{"allow":["GET"]}}],"collection":[{"href":"https:\/\/www.veltec.eu\/es\/wp-json\/wp\/v2\/product"}],"about":[{"href":"https:\/\/www.veltec.eu\/es\/wp-json\/wp\/v2\/types\/product"}],"replies":[{"embeddable":true,"href":"https:\/\/www.veltec.eu\/es\/wp-json\/wp\/v2\/comments?post=42644"}],"wp:featuredmedia":[{"embeddable":true,"href":"https:\/\/www.veltec.eu\/es\/wp-json\/wp\/v2\/media\/90460"}],"wp:attachment":[{"href":"https:\/\/www.veltec.eu\/es\/wp-json\/wp\/v2\/media?parent=42644"}],"wp:term":[{"taxonomy":"product_brand","embeddable":true,"href":"https:\/\/www.veltec.eu\/es\/wp-json\/wp\/v2\/product_brand?post=42644"},{"taxonomy":"product_cat","embeddable":true,"href":"https:\/\/www.veltec.eu\/es\/wp-json\/wp\/v2\/product_cat?post=42644"},{"taxonomy":"product_tag","embeddable":true,"href":"https:\/\/www.veltec.eu\/es\/wp-json\/wp\/v2\/product_tag?post=42644"}],"curies":[{"name":"wp","href":"https:\/\/api.w.org\/{rel}","templated":true}]}}