{"id":40711,"date":"2021-05-24T15:03:37","date_gmt":"2021-05-24T13:03:37","guid":{"rendered":"https:\/\/www.veltec.eu\/product\/paquete-de-envio-nl19987\/"},"modified":"2025-01-24T13:52:51","modified_gmt":"2025-01-24T11:52:51","slug":"paquete-de-envio-nl19987","status":"publish","type":"product","link":"https:\/\/www.veltec.eu\/es\/product\/paquete-de-envio-nl19987\/","title":{"rendered":"Paquete de env\u00edo"},"content":{"rendered":"<h4>Paquete de env\u00edo<\/h4>\n<p>Paquete de env\u00edo para enviarnos su aspiradora Kirby de manera segura y econ\u00f3mica para su reparaci\u00f3n y \/ o mantenimiento.<\/p>\n<p><strong>\u00bfC\u00f3mo env\u00edo el dispositivo a Veltec? <\/strong><\/p>\n<p>De su Kirby, retire el v\u00e1stago o asa, la bolsa exterior y todos los dem\u00e1s accesorios. Lo que ahora queda es el cuerpo de su aspiradora Kirby.<br \/>\nColoque su Kirby en esta caja con muchos peri\u00f3dicos y pegue la caja firmemente con la cinta suministrada.<\/p>\n<p>Luego, pegue el nuevo recibo de env\u00edo adjunto en la parte superior de la caja sobre el recibo de env\u00edo anterior y entr\u00e9guelo en la tienda de paquetes DPD m\u00e1s cercana<\/p>\n<p>Puede encontrar la tienda de paqueter\u00eda DPD m\u00e1s cercana en Internet; (busque Tienda de paqueter\u00eda DPD)<\/p>\n<p>Contenido del paquete<\/p>\n<p>Caja de env\u00edo resistente<br \/>\nRollo de cinta de embalaje<br \/>\nDPD Etiqueta de devoluci\u00f3n<\/p>\n","protected":false},"excerpt":{"rendered":"<p>Paquete de env\u00edo para enviarnos su aspiradora Kirby de manera segura y econ\u00f3mica para su reparaci\u00f3n y \/ o mantenimiento.<\/p>\n[trustindex data-widget-id=48bbd87242952812953642309d4]\n<h3><span style=\"color: #008000;\"><br \/>\nEn stock<\/span><\/h3>\n[av_font_icon icon='ue812' font='entypo-fontello' style='' caption='' size='25px' position='left' color='#43ad66' link='' linktarget='' title_attr='' sonar_effect_effect='' sonar_effect_color='' sonar_effect_duration='1' sonar_effect_scale='' sonar_effect_opac='0.5' animation='' id='' custom_class='' template_class='' av_uid='' sc_version='1.0' admin_preview_bg=''][\/av_font_icon]\n<p><span style=\"color: #008000;\">Pedido antes de las 23:59, enviado ma\u00f1ana<\/span><\/p>\n<p>&nbsp;<\/p>\n","protected":false},"featured_media":40666,"comment_status":"open","ping_status":"closed","template":"","meta":[],"product_brand":[],"product_cat":[446],"product_tag":[],"class_list":{"0":"post-40711","1":"product","2":"type-product","3":"status-publish","4":"has-post-thumbnail","6":"product_cat-geen-categorie","8":"first","9":"instock","10":"taxable","11":"shipping-taxable","12":"purchasable","13":"product-type-simple"},"yoast_head":"<!-- This site is optimized with the Yoast SEO Premium plugin v27.1 (Yoast SEO v27.4) - https:\/\/yoast.com\/product\/yoast-seo-premium-wordpress\/ -->\n<title>Paquete de env\u00edo - Veltec Kirby specialist<\/title>\n<meta name=\"description\" content=\"Paquete de env\u00edo Veltec es el proveedor de aspiradoras Kirby desde hace m\u00e1s de 20 a\u00f1os. Y es su especialista en servicios Kirby de confianza.\" \/>\n<meta name=\"robots\" content=\"index, follow, max-snippet:-1, max-image-preview:large, max-video-preview:-1\" \/>\n<link rel=\"canonical\" href=\"https:\/\/www.veltec.eu\/es\/product\/paquete-de-envio-nl19987\/\" \/>\n<meta property=\"og:locale\" content=\"es_ES\" \/>\n<meta property=\"og:type\" content=\"article\" \/>\n<meta property=\"og:title\" content=\"Paquete de env\u00edo\" \/>\n<meta property=\"og:description\" content=\"Paquete de env\u00edo para enviarnos su aspiradora Kirby de manera segura y econ\u00f3mica para su reparaci\u00f3n y \/ o mantenimiento.    En stock   Pedido antes de las 23:59, enviado ma\u00f1ana  &nbsp;\" \/>\n<meta property=\"og:url\" content=\"https:\/\/www.veltec.eu\/es\/product\/paquete-de-envio-nl19987\/\" \/>\n<meta property=\"og:site_name\" content=\"Veltec Kirby specialist\" \/>\n<meta property=\"article:publisher\" content=\"https:\/\/www.facebook.com\/Veltec-Kirby-Specialist-236746293374877\/\" \/>\n<meta property=\"article:modified_time\" content=\"2025-01-24T11:52:51+00:00\" \/>\n<meta property=\"og:image\" content=\"https:\/\/www.veltec.eu\/wp-content\/uploads\/2021\/05\/verzendpakket.jpg\" \/>\n\t<meta property=\"og:image:width\" content=\"564\" \/>\n\t<meta property=\"og:image:height\" content=\"564\" \/>\n\t<meta property=\"og:image:type\" content=\"image\/jpeg\" \/>\n<meta name=\"twitter:card\" content=\"summary_large_image\" \/>\n<meta name=\"twitter:label1\" content=\"Tiempo de lectura\" \/>\n\t<meta name=\"twitter:data1\" content=\"1 minuto\" \/>\n<script type=\"application\/ld+json\" class=\"yoast-schema-graph\">{\"@context\":\"https:\\\/\\\/schema.org\",\"@graph\":[{\"@type\":\"WebPage\",\"@id\":\"https:\\\/\\\/www.veltec.eu\\\/es\\\/product\\\/paquete-de-envio-nl19987\\\/\",\"url\":\"https:\\\/\\\/www.veltec.eu\\\/es\\\/product\\\/paquete-de-envio-nl19987\\\/\",\"name\":\"Paquete de env\u00edo - Veltec Kirby specialist\",\"isPartOf\":{\"@id\":\"https:\\\/\\\/www.veltec.eu\\\/en\\\/#website\"},\"primaryImageOfPage\":{\"@id\":\"https:\\\/\\\/www.veltec.eu\\\/es\\\/product\\\/paquete-de-envio-nl19987\\\/#primaryimage\"},\"image\":{\"@id\":\"https:\\\/\\\/www.veltec.eu\\\/es\\\/product\\\/paquete-de-envio-nl19987\\\/#primaryimage\"},\"thumbnailUrl\":\"https:\\\/\\\/www.veltec.eu\\\/wp-content\\\/uploads\\\/2021\\\/05\\\/verzendpakket.jpg\",\"datePublished\":\"2021-05-24T13:03:37+00:00\",\"dateModified\":\"2025-01-24T11:52:51+00:00\",\"description\":\"Paquete de env\u00edo Veltec es el proveedor de aspiradoras Kirby desde hace m\u00e1s de 20 a\u00f1os. Y es su especialista en servicios Kirby de confianza.\",\"breadcrumb\":{\"@id\":\"https:\\\/\\\/www.veltec.eu\\\/es\\\/product\\\/paquete-de-envio-nl19987\\\/#breadcrumb\"},\"inLanguage\":\"es\",\"potentialAction\":[{\"@type\":\"ReadAction\",\"target\":[\"https:\\\/\\\/www.veltec.eu\\\/es\\\/product\\\/paquete-de-envio-nl19987\\\/\"]}]},{\"@type\":\"ImageObject\",\"inLanguage\":\"es\",\"@id\":\"https:\\\/\\\/www.veltec.eu\\\/es\\\/product\\\/paquete-de-envio-nl19987\\\/#primaryimage\",\"url\":\"https:\\\/\\\/www.veltec.eu\\\/wp-content\\\/uploads\\\/2021\\\/05\\\/verzendpakket.jpg\",\"contentUrl\":\"https:\\\/\\\/www.veltec.eu\\\/wp-content\\\/uploads\\\/2021\\\/05\\\/verzendpakket.jpg\",\"width\":564,\"height\":564},{\"@type\":\"BreadcrumbList\",\"@id\":\"https:\\\/\\\/www.veltec.eu\\\/es\\\/product\\\/paquete-de-envio-nl19987\\\/#breadcrumb\",\"itemListElement\":[{\"@type\":\"ListItem\",\"position\":1,\"name\":\"Home\",\"item\":\"https:\\\/\\\/www.veltec.eu\\\/es\\\/\"},{\"@type\":\"ListItem\",\"position\":2,\"name\":\"Produits\",\"item\":\"https:\\\/\\\/www.veltec.eu\\\/fr\\\/shop\\\/\"},{\"@type\":\"ListItem\",\"position\":3,\"name\":\"Paquete de env\u00edo\"}]},{\"@type\":\"WebSite\",\"@id\":\"https:\\\/\\\/www.veltec.eu\\\/en\\\/#website\",\"url\":\"https:\\\/\\\/www.veltec.eu\\\/en\\\/\",\"name\":\"Veltec Kirby specialist\",\"description\":\"Kirby stofzuiger producten\",\"publisher\":{\"@id\":\"https:\\\/\\\/www.veltec.eu\\\/en\\\/#organization\"},\"potentialAction\":[{\"@type\":\"SearchAction\",\"target\":{\"@type\":\"EntryPoint\",\"urlTemplate\":\"https:\\\/\\\/www.veltec.eu\\\/en\\\/?s={search_term_string}\"},\"query-input\":{\"@type\":\"PropertyValueSpecification\",\"valueRequired\":true,\"valueName\":\"search_term_string\"}}],\"inLanguage\":\"es\"},{\"@type\":\"Organization\",\"@id\":\"https:\\\/\\\/www.veltec.eu\\\/en\\\/#organization\",\"name\":\"Veltec Kirby Specialist\",\"url\":\"https:\\\/\\\/www.veltec.eu\\\/en\\\/\",\"logo\":{\"@type\":\"ImageObject\",\"inLanguage\":\"es\",\"@id\":\"https:\\\/\\\/www.veltec.eu\\\/en\\\/#\\\/schema\\\/logo\\\/image\\\/\",\"url\":\"https:\\\/\\\/www.veltec.eu\\\/wp-content\\\/uploads\\\/2021\\\/12\\\/Veltec-log-groot-e1537260889125.png\",\"contentUrl\":\"https:\\\/\\\/www.veltec.eu\\\/wp-content\\\/uploads\\\/2021\\\/12\\\/Veltec-log-groot-e1537260889125.png\",\"width\":200,\"height\":60,\"caption\":\"Veltec Kirby Specialist\"},\"image\":{\"@id\":\"https:\\\/\\\/www.veltec.eu\\\/en\\\/#\\\/schema\\\/logo\\\/image\\\/\"},\"sameAs\":[\"https:\\\/\\\/www.facebook.com\\\/Veltec-Kirby-Specialist-236746293374877\\\/\",\"https:\\\/\\\/www.youtube.com\\\/user\\\/VeltecService\"]}]}<\/script>\n<!-- \/ Yoast SEO Premium plugin. -->","yoast_head_json":{"title":"Paquete de env\u00edo - Veltec Kirby specialist","description":"Paquete de env\u00edo Veltec es el proveedor de aspiradoras Kirby desde hace m\u00e1s de 20 a\u00f1os. Y es su especialista en servicios Kirby de confianza.","robots":{"index":"index","follow":"follow","max-snippet":"max-snippet:-1","max-image-preview":"max-image-preview:large","max-video-preview":"max-video-preview:-1"},"canonical":"https:\/\/www.veltec.eu\/es\/product\/paquete-de-envio-nl19987\/","og_locale":"es_ES","og_type":"article","og_title":"Paquete de env\u00edo","og_description":"Paquete de env\u00edo para enviarnos su aspiradora Kirby de manera segura y econ\u00f3mica para su reparaci\u00f3n y \/ o mantenimiento.    En stock   Pedido antes de las 23:59, enviado ma\u00f1ana  &nbsp;","og_url":"https:\/\/www.veltec.eu\/es\/product\/paquete-de-envio-nl19987\/","og_site_name":"Veltec Kirby specialist","article_publisher":"https:\/\/www.facebook.com\/Veltec-Kirby-Specialist-236746293374877\/","article_modified_time":"2025-01-24T11:52:51+00:00","og_image":[{"width":564,"height":564,"url":"https:\/\/www.veltec.eu\/wp-content\/uploads\/2021\/05\/verzendpakket.jpg","type":"image\/jpeg"}],"twitter_card":"summary_large_image","twitter_misc":{"Tiempo de lectura":"1 minuto"},"schema":{"@context":"https:\/\/schema.org","@graph":[{"@type":"WebPage","@id":"https:\/\/www.veltec.eu\/es\/product\/paquete-de-envio-nl19987\/","url":"https:\/\/www.veltec.eu\/es\/product\/paquete-de-envio-nl19987\/","name":"Paquete de env\u00edo - Veltec Kirby specialist","isPartOf":{"@id":"https:\/\/www.veltec.eu\/en\/#website"},"primaryImageOfPage":{"@id":"https:\/\/www.veltec.eu\/es\/product\/paquete-de-envio-nl19987\/#primaryimage"},"image":{"@id":"https:\/\/www.veltec.eu\/es\/product\/paquete-de-envio-nl19987\/#primaryimage"},"thumbnailUrl":"https:\/\/www.veltec.eu\/wp-content\/uploads\/2021\/05\/verzendpakket.jpg","datePublished":"2021-05-24T13:03:37+00:00","dateModified":"2025-01-24T11:52:51+00:00","description":"Paquete de env\u00edo Veltec es el proveedor de aspiradoras Kirby desde hace m\u00e1s de 20 a\u00f1os. Y es su especialista en servicios Kirby de confianza.","breadcrumb":{"@id":"https:\/\/www.veltec.eu\/es\/product\/paquete-de-envio-nl19987\/#breadcrumb"},"inLanguage":"es","potentialAction":[{"@type":"ReadAction","target":["https:\/\/www.veltec.eu\/es\/product\/paquete-de-envio-nl19987\/"]}]},{"@type":"ImageObject","inLanguage":"es","@id":"https:\/\/www.veltec.eu\/es\/product\/paquete-de-envio-nl19987\/#primaryimage","url":"https:\/\/www.veltec.eu\/wp-content\/uploads\/2021\/05\/verzendpakket.jpg","contentUrl":"https:\/\/www.veltec.eu\/wp-content\/uploads\/2021\/05\/verzendpakket.jpg","width":564,"height":564},{"@type":"BreadcrumbList","@id":"https:\/\/www.veltec.eu\/es\/product\/paquete-de-envio-nl19987\/#breadcrumb","itemListElement":[{"@type":"ListItem","position":1,"name":"Home","item":"https:\/\/www.veltec.eu\/es\/"},{"@type":"ListItem","position":2,"name":"Produits","item":"https:\/\/www.veltec.eu\/fr\/shop\/"},{"@type":"ListItem","position":3,"name":"Paquete de env\u00edo"}]},{"@type":"WebSite","@id":"https:\/\/www.veltec.eu\/en\/#website","url":"https:\/\/www.veltec.eu\/en\/","name":"Veltec Kirby specialist","description":"Kirby stofzuiger producten","publisher":{"@id":"https:\/\/www.veltec.eu\/en\/#organization"},"potentialAction":[{"@type":"SearchAction","target":{"@type":"EntryPoint","urlTemplate":"https:\/\/www.veltec.eu\/en\/?s={search_term_string}"},"query-input":{"@type":"PropertyValueSpecification","valueRequired":true,"valueName":"search_term_string"}}],"inLanguage":"es"},{"@type":"Organization","@id":"https:\/\/www.veltec.eu\/en\/#organization","name":"Veltec Kirby Specialist","url":"https:\/\/www.veltec.eu\/en\/","logo":{"@type":"ImageObject","inLanguage":"es","@id":"https:\/\/www.veltec.eu\/en\/#\/schema\/logo\/image\/","url":"https:\/\/www.veltec.eu\/wp-content\/uploads\/2021\/12\/Veltec-log-groot-e1537260889125.png","contentUrl":"https:\/\/www.veltec.eu\/wp-content\/uploads\/2021\/12\/Veltec-log-groot-e1537260889125.png","width":200,"height":60,"caption":"Veltec Kirby Specialist"},"image":{"@id":"https:\/\/www.veltec.eu\/en\/#\/schema\/logo\/image\/"},"sameAs":["https:\/\/www.facebook.com\/Veltec-Kirby-Specialist-236746293374877\/","https:\/\/www.youtube.com\/user\/VeltecService"]}]}},"_links":{"self":[{"href":"https:\/\/www.veltec.eu\/es\/wp-json\/wp\/v2\/product\/40711","targetHints":{"allow":["GET"]}}],"collection":[{"href":"https:\/\/www.veltec.eu\/es\/wp-json\/wp\/v2\/product"}],"about":[{"href":"https:\/\/www.veltec.eu\/es\/wp-json\/wp\/v2\/types\/product"}],"replies":[{"embeddable":true,"href":"https:\/\/www.veltec.eu\/es\/wp-json\/wp\/v2\/comments?post=40711"}],"wp:featuredmedia":[{"embeddable":true,"href":"https:\/\/www.veltec.eu\/es\/wp-json\/wp\/v2\/media\/40666"}],"wp:attachment":[{"href":"https:\/\/www.veltec.eu\/es\/wp-json\/wp\/v2\/media?parent=40711"}],"wp:term":[{"taxonomy":"product_brand","embeddable":true,"href":"https:\/\/www.veltec.eu\/es\/wp-json\/wp\/v2\/product_brand?post=40711"},{"taxonomy":"product_cat","embeddable":true,"href":"https:\/\/www.veltec.eu\/es\/wp-json\/wp\/v2\/product_cat?post=40711"},{"taxonomy":"product_tag","embeddable":true,"href":"https:\/\/www.veltec.eu\/es\/wp-json\/wp\/v2\/product_tag?post=40711"}],"curies":[{"name":"wp","href":"https:\/\/api.w.org\/{rel}","templated":true}]}}