{"id":35685,"date":"2020-07-15T08:45:47","date_gmt":"2020-07-15T06:45:47","guid":{"rendered":"https:\/\/www.veltec.eu\/product\/kirby-avalir-2-nl434366\/"},"modified":"2025-11-27T13:36:13","modified_gmt":"2025-11-27T11:36:13","slug":"kirby-avalir-2-basico","status":"publish","type":"product","link":"https:\/\/www.veltec.eu\/es\/product\/kirby-avalir-2-basico\/","title":{"rendered":"Kirby Avalir 2 B\u00e1sico"},"content":{"rendered":"<h1 data-start=\"410\" data-end=\"471\">Kirby Avalir 2 B\u00e1sico \u2013 Revisado en taller con Garant\u00eda<\/h1>\n<p data-start=\"473\" data-end=\"870\">\u00bfBusca una Kirby Avalir 2 B\u00e1sico potente, vers\u00e1til y completamente <em data-start=\"544\" data-end=\"564\">Revisado en taller<\/em>? En Veltec Kirby especialista ponemos a su disposici\u00f3n el modelo Kirby Avalir 2 B\u00e1sico por un precio hasta un 60% m\u00e1s bajo que una unidad nueva. El precio original ronda los 3.200 \u20ac, pero gracias a nuestra revisi\u00f3n profesional en taller obtiene calidad superior a un coste mucho m\u00e1s accesible.<\/p>\n<p data-start=\"872\" data-end=\"926\">Kirby Avalir 2 \u2013 Producida desde 2018 hasta hoy<\/p>\n<p data-start=\"928\" data-end=\"1266\">Cada Kirby Avalir 2 B\u00e1sico Revisado en taller ha sido completamente desmontada, limpiada, restaurada y verificada en nuestro taller oficial Veltec Kirby. Nuestros t\u00e9cnicos especializados realizan una revisi\u00f3n profunda pieza por pieza para garantizar un funcionamiento \u00f3ptimo. Este modelo incluye 24 meses de garant\u00eda completa.<\/p>\n<h3>Qu\u00e9 se incluye con esta Kirby Avalir 2?<\/h3>\n<ul>\n<li>Manguera aspiradora (2 metros)<\/li>\n<li>Dos tubos de extensi\u00f3n<\/li>\n<li>Boquilla batidora con cepillo batidor<\/li>\n<li>Bolsa exterior Kirby patentada con asa larga<\/li>\n<li>Bolsa de almacenamiento para accesorios<\/li>\n<li>Pistola de champ\u00fa<\/li>\n<li>Tapa de espuma de champ\u00fa<\/li>\n<li>Vaso de masaje<\/li>\n<li>Cepillo para polvo<\/li>\n<li>Aspirador de z\u00f3calos<\/li>\n<li>Regulador de aire<\/li>\n<li>Tapa protectora de entrada<\/li>\n<li>Asa de elevaci\u00f3n<\/li>\n<li>Dos bolsas aspiradoras Kirby Micron Magic Plus<\/li>\n<\/ul>\n<p><img decoding=\"async\" class=\"alignnone wp-image-82974 size-medium\" src=\"https:\/\/www.veltec.eu\/wp-content\/uploads\/2020\/07\/Kirby-caddy-300x300.webp\" alt=\"Kirby Avalir 2 B\u00e1sico\" width=\"300\" height=\"300\" srcset=\"https:\/\/www.veltec.eu\/wp-content\/uploads\/2020\/07\/Kirby-caddy-300x300.webp 300w, https:\/\/www.veltec.eu\/wp-content\/uploads\/2020\/07\/Kirby-caddy-80x80.webp 80w, https:\/\/www.veltec.eu\/wp-content\/uploads\/2020\/07\/Kirby-caddy-36x36.webp 36w, https:\/\/www.veltec.eu\/wp-content\/uploads\/2020\/07\/Kirby-caddy-180x180.webp 180w, https:\/\/www.veltec.eu\/wp-content\/uploads\/2020\/07\/Kirby-caddy-120x120.webp 120w, https:\/\/www.veltec.eu\/wp-content\/uploads\/2020\/07\/Kirby-caddy-450x450.webp 450w, https:\/\/www.veltec.eu\/wp-content\/uploads\/2020\/07\/Kirby-caddy-100x100.webp 100w, https:\/\/www.veltec.eu\/wp-content\/uploads\/2020\/07\/Kirby-caddy.webp 500w\" sizes=\"(max-width: 300px) 100vw, 300px\" \/><\/p>\n<h3>Opciones de ampliaci\u00f3n<\/h3>\n<p>\u00bfDesea m\u00e1s funcionalidad? Ampl\u00ede su Kirby con accesorios adicionales como el <a href=\"https:\/\/www.veltec.eu\/es\/product\/sistema-de-frotar-kirby-nl3155\/\" target=\"_blank\" rel=\"noopener\">sistema de pulido Kirby<\/a>, el <a href=\"https:\/\/www.veltec.eu\/es\/product\/sistema-de-limpieza-multi-superficie-kirby\/\" target=\"_blank\" rel=\"noopener\">sistema de limpieza multi-suelo Kirby<\/a>, el <a href=\"https:\/\/www.veltec.eu\/es\/product\/cepillo-turbo-kirby-tipo-nuevo-nl3128\/\" target=\"_blank\" rel=\"noopener\">cepillo turbo Kirby,<\/a> una <a href=\"https:\/\/www.veltec.eu\/es\/product\/tubo-para-aspiradora-kirby-4-metros-nl3168\/\" target=\"_blank\" rel=\"noopener\">manguera de aspiraci\u00f3n m\u00e1s larga (4 metros)<\/a> o el <a href=\"https:\/\/www.veltec.eu\/es\/product\/accesorios-sistema-turbo-kirby-nl3126\/\" target=\"_blank\" rel=\"noopener\">sistema de accesorios Kirby Turbo.<\/a><\/p>\n<p>Todas las aspiradoras Kirby \u2014nuevas o Revisadas en taller\u2014 se entregan con 2 a\u00f1os de garant\u00eda completa.<\/p>\n<p><a href=\"\/?page_id=15280\" target=\"_blank\" rel=\"noopener\">Aqu\u00ed encontrar\u00e1 todas las aspiradoras Kirby nuevas y Revisado en taller<\/a><\/p>\n<p><img decoding=\"async\" class=\"alignright wp-image-85976 size-medium\" src=\"https:\/\/www.veltec.eu\/wp-content\/uploads\/2018\/09\/Kirby-refurbished-1-300x300.png\" alt=\"Kirby Avalir 2 B\u00e1sico \u2013 Revisado en taller con Garant\u00eda\" width=\"300\" height=\"300\" srcset=\"https:\/\/www.veltec.eu\/wp-content\/uploads\/2018\/09\/Kirby-refurbished-1-300x300.png 300w, https:\/\/www.veltec.eu\/wp-content\/uploads\/2018\/09\/Kirby-refurbished-1-80x80.png 80w, https:\/\/www.veltec.eu\/wp-content\/uploads\/2018\/09\/Kirby-refurbished-1-36x36.png 36w, https:\/\/www.veltec.eu\/wp-content\/uploads\/2018\/09\/Kirby-refurbished-1-180x180.png 180w, https:\/\/www.veltec.eu\/wp-content\/uploads\/2018\/09\/Kirby-refurbished-1-120x120.png 120w, https:\/\/www.veltec.eu\/wp-content\/uploads\/2018\/09\/Kirby-refurbished-1-450x450.png 450w, https:\/\/www.veltec.eu\/wp-content\/uploads\/2018\/09\/Kirby-refurbished-1-600x600.png 600w, https:\/\/www.veltec.eu\/wp-content\/uploads\/2018\/09\/Kirby-refurbished-1-100x100.png 100w, https:\/\/www.veltec.eu\/wp-content\/uploads\/2018\/09\/Kirby-refurbished-1.png 626w\" sizes=\"(max-width: 300px) 100vw, 300px\" \/><\/p>\n<h2 data-start=\"2172\" data-end=\"2214\">\u00bfQu\u00e9 significa &#8216;Revisado en taller&#8217;?<\/h2>\n<p data-start=\"2120\" data-end=\"2308\">Un Kirby Avalir 2 B\u00e1sico Revisado en taller es una unidad usada que ha sido completamente restaurada en nuestro taller especializado Veltec Kirby.<br data-start=\"2274\" data-end=\"2277\" \/>Durante el proceso de revisi\u00f3n:<\/p>\n<ul data-start=\"2310\" data-end=\"2572\">\n<li data-start=\"2310\" data-end=\"2349\">La m\u00e1quina se desmonta por completo<\/li>\n<li data-start=\"2350\" data-end=\"2381\">Se limpia y se pule a fondo<\/li>\n<li data-start=\"2382\" data-end=\"2418\">Se inspeccionan todas las piezas<\/li>\n<li data-start=\"2419\" data-end=\"2478\">Se reemplazan los componentes desgastados o defectuosos<\/li>\n<li data-start=\"2479\" data-end=\"2572\">Se realizan pruebas rigurosas para garantizar que cumpla los est\u00e1ndares originales de Kirby<\/li>\n<\/ul>\n<p data-start=\"2574\" data-end=\"2686\">El resultado es una aspiradora en estado casi como nueva, con el respaldo de nuestros t\u00e9cnicos certificados.<\/p>\n<h3 data-start=\"2701\" data-end=\"2771\">Ventajas de elegir una Kirby Avalir 2 B\u00e1sico Revisado en taller<\/h3>\n<ul data-start=\"2759\" data-end=\"3016\">\n<li data-start=\"2759\" data-end=\"2794\">2 a\u00f1os de garant\u00eda completa<\/li>\n<li data-start=\"2795\" data-end=\"2838\">Rendimiento fiable como un modelo nuevo<\/li>\n<li data-start=\"2839\" data-end=\"2889\">Succi\u00f3n poderosa para alfombras y suelos duros<\/li>\n<li data-start=\"2890\" data-end=\"2949\">Excelente durabilidad gracias a su construcci\u00f3n robusta<\/li>\n<li data-start=\"2950\" data-end=\"3016\">Revisi\u00f3n profesional realizada exclusivamente por Veltec Kirby<\/li>\n<\/ul>\n<p data-start=\"3018\" data-end=\"3115\">Elegir un Kirby revisado en taller significa invertir en calidad, confianza y sostenibilidad.<\/p>\n<h2 data-start=\"3159\" data-end=\"3226\">\u00bfPor qu\u00e9 elegir una Kirby Avalir 2 B\u00e1sico Revisado en taller?<\/h2>\n<p data-start=\"3228\" data-end=\"3440\">La Avalir 2 es m\u00e1s que una aspiradora: es un sistema de limpieza multifuncional. Su motor de alto rendimiento y su dise\u00f1o resistente permiten una limpieza profunda en alfombras, suelos duros, colchones y m\u00e1s.<\/p>\n<p data-start=\"3228\" data-end=\"3440\">El Kirby Avalir 2 Revisado en taller incorpora un avanzado sistema de filtraci\u00f3n HEPA, ideal para eliminar al\u00e9rgenos, \u00e1caros y part\u00edculas finas. Es perfecto para hogares con personas al\u00e9rgicas y para quienes buscan un ambiente m\u00e1s saludable.<\/p>\n<h3 data-start=\"3442\" data-end=\"3472\">Principales beneficios<\/h3>\n<ul data-start=\"3473\" data-end=\"3647\">\n<li data-start=\"3473\" data-end=\"3505\">Potente capacidad de succi\u00f3n<\/li>\n<li data-start=\"3506\" data-end=\"3548\">Eficiencia en todo tipo de superficies<\/li>\n<li data-start=\"3549\" data-end=\"3596\">Materiales duraderos y construcci\u00f3n robusta<\/li>\n<li data-start=\"3597\" data-end=\"3647\">Versatilidad para m\u00faltiples tareas de limpieza<\/li>\n<\/ul>\n<p data-start=\"3649\" data-end=\"3809\">Gracias a su dise\u00f1o resistente, este modelo revisado tiene una larga vida \u00fatil, lo que contribuye a un menor impacto medioambiental. Puede leer m\u00e1s sobre las funciones avanzadas de este modelo en nuestro art\u00edculo: &#8220;<a href=\"https:\/\/www.servicio-de-aspiradoras-kirby.es\/el-kirby-avalir\/\" target=\"_blank\" rel=\"noopener\">Todo lo que debes saber sobre la Kirby Avalir<\/a>&#8220;<\/p>\n<p data-start=\"4296\" data-end=\"4555\">La Kirby Avalir 2 B\u00e1sico Revisado en taller es la opci\u00f3n perfecta para quienes buscan una soluci\u00f3n de limpieza potente, vers\u00e1til y fiable. Desde alfombras hasta colchones, esta m\u00e1quina ofrece rendimiento profesional, durabilidad y tecnolog\u00eda avanzada.<\/p>\n<p data-start=\"4557\" data-end=\"4698\">Experimente la calidad de una Kirby restaurada en el taller especializado Veltec Kirby y lleve su rutina de limpieza a un nivel superior.<\/p>\n","protected":false},"excerpt":{"rendered":"<p>El Kirby Avalir 2 B\u00e1sico Revisado en taller ofrece potencia profesional, restaurado por Veltec Kirby y con 2 a\u00f1os de garant\u00eda. Una alternativa econ\u00f3mica y fiable a un modelo nuevo.<\/p>\n[trustindex data-widget-id=48bbd87242952812953642309d4]\n<h3><span style=\"color: #008000;\"><br \/>\nEn stock<\/span><\/h3>\n[av_font_icon icon='ue812' font='entypo-fontello' style='' caption='' size='25px' position='left' color='#43ad66' link='' linktarget='' title_attr='' sonar_effect_effect='' sonar_effect_color='' sonar_effect_duration='1' sonar_effect_scale='' sonar_effect_opac='0.5' animation='' id='' custom_class='' template_class='' av_uid='' sc_version='1.0' admin_preview_bg=''][\/av_font_icon]\n<p><span style=\"color: #008000;\">El plazo de entrega oscila entre 5 y 10 d\u00edas laborables<\/span><\/p>\n<p>&nbsp;<\/p>\n","protected":false},"featured_media":86077,"comment_status":"open","ping_status":"closed","template":"","meta":{"_acf_changed":false},"product_brand":[],"product_cat":[416,412,317],"product_tag":[],"class_list":{"0":"post-35685","1":"product","2":"type-product","3":"status-publish","4":"has-post-thumbnail","6":"product_cat-kirby-nuevo","7":"product_cat-kirby-revisado-en-taller","8":"product_cat-ofrece","10":"first","11":"instock","12":"sale","13":"taxable","14":"shipping-taxable","15":"purchasable","16":"product-type-simple"},"acf":[],"yoast_head":"<!-- This site is optimized with the Yoast SEO Premium plugin v27.1 (Yoast SEO v27.4) - https:\/\/yoast.com\/product\/yoast-seo-premium-wordpress\/ -->\n<title>Kirby Avalir 2 B\u00e1sico Revisado en taller con Garant\u00eda<\/title>\n<meta name=\"description\" content=\"Ahorre hasta un 60% con el Kirby Avalir 2 B\u00e1sico revisado en taller. Restaurado por especialistas y con 24 meses de garant\u00eda.\" \/>\n<meta name=\"robots\" content=\"index, follow, max-snippet:-1, max-image-preview:large, max-video-preview:-1\" \/>\n<link rel=\"canonical\" href=\"https:\/\/www.veltec.eu\/es\/product\/kirby-avalir-2-basico\/\" \/>\n<meta property=\"og:locale\" content=\"es_ES\" \/>\n<meta property=\"og:type\" content=\"article\" \/>\n<meta property=\"og:title\" content=\"Kirby Avalir 2 B\u00e1sico\" \/>\n<meta property=\"og:description\" content=\"El Kirby Avalir 2 B\u00e1sico Revisado en taller ofrece potencia profesional, restaurado por Veltec Kirby y con 2 a\u00f1os de garant\u00eda. Una alternativa econ\u00f3mica y fiable a un modelo nuevo.    En stock   El plazo de entrega oscila entre 5 y 10 d\u00edas laborables  &nbsp;\" \/>\n<meta property=\"og:url\" content=\"https:\/\/www.veltec.eu\/es\/product\/kirby-avalir-2-basico\/\" \/>\n<meta property=\"og:site_name\" content=\"Veltec Kirby specialist\" \/>\n<meta property=\"article:publisher\" content=\"https:\/\/www.facebook.com\/Veltec-Kirby-Specialist-236746293374877\/\" \/>\n<meta property=\"article:modified_time\" content=\"2025-11-27T11:36:13+00:00\" \/>\n<meta property=\"og:image\" content=\"https:\/\/www.veltec.eu\/wp-content\/uploads\/2020\/07\/Avalir2-Basis.png\" \/>\n\t<meta property=\"og:image:width\" content=\"620\" \/>\n\t<meta property=\"og:image:height\" content=\"620\" \/>\n\t<meta property=\"og:image:type\" content=\"image\/png\" \/>\n<meta name=\"twitter:card\" content=\"summary_large_image\" \/>\n<meta name=\"twitter:label1\" content=\"Tiempo de lectura\" \/>\n\t<meta name=\"twitter:data1\" content=\"4 minutos\" \/>\n<script type=\"application\/ld+json\" class=\"yoast-schema-graph\">{\"@context\":\"https:\\\/\\\/schema.org\",\"@graph\":[{\"@type\":\"WebPage\",\"@id\":\"https:\\\/\\\/www.veltec.eu\\\/es\\\/product\\\/kirby-avalir-2-basico\\\/\",\"url\":\"https:\\\/\\\/www.veltec.eu\\\/es\\\/product\\\/kirby-avalir-2-basico\\\/\",\"name\":\"Kirby Avalir 2 B\u00e1sico Revisado en taller con Garant\u00eda\",\"isPartOf\":{\"@id\":\"https:\\\/\\\/www.veltec.eu\\\/en\\\/#website\"},\"primaryImageOfPage\":{\"@id\":\"https:\\\/\\\/www.veltec.eu\\\/es\\\/product\\\/kirby-avalir-2-basico\\\/#primaryimage\"},\"image\":{\"@id\":\"https:\\\/\\\/www.veltec.eu\\\/es\\\/product\\\/kirby-avalir-2-basico\\\/#primaryimage\"},\"thumbnailUrl\":\"https:\\\/\\\/www.veltec.eu\\\/wp-content\\\/uploads\\\/2020\\\/07\\\/Avalir2-Basis.png\",\"datePublished\":\"2020-07-15T06:45:47+00:00\",\"dateModified\":\"2025-11-27T11:36:13+00:00\",\"description\":\"Ahorre hasta un 60% con el Kirby Avalir 2 B\u00e1sico revisado en taller. Restaurado por especialistas y con 24 meses de garant\u00eda.\",\"breadcrumb\":{\"@id\":\"https:\\\/\\\/www.veltec.eu\\\/es\\\/product\\\/kirby-avalir-2-basico\\\/#breadcrumb\"},\"inLanguage\":\"es\",\"potentialAction\":[{\"@type\":\"ReadAction\",\"target\":[\"https:\\\/\\\/www.veltec.eu\\\/es\\\/product\\\/kirby-avalir-2-basico\\\/\"]}]},{\"@type\":\"ImageObject\",\"inLanguage\":\"es\",\"@id\":\"https:\\\/\\\/www.veltec.eu\\\/es\\\/product\\\/kirby-avalir-2-basico\\\/#primaryimage\",\"url\":\"https:\\\/\\\/www.veltec.eu\\\/wp-content\\\/uploads\\\/2020\\\/07\\\/Avalir2-Basis.png\",\"contentUrl\":\"https:\\\/\\\/www.veltec.eu\\\/wp-content\\\/uploads\\\/2020\\\/07\\\/Avalir2-Basis.png\",\"width\":620,\"height\":620},{\"@type\":\"BreadcrumbList\",\"@id\":\"https:\\\/\\\/www.veltec.eu\\\/es\\\/product\\\/kirby-avalir-2-basico\\\/#breadcrumb\",\"itemListElement\":[{\"@type\":\"ListItem\",\"position\":1,\"name\":\"Home\",\"item\":\"https:\\\/\\\/www.veltec.eu\\\/es\\\/\"},{\"@type\":\"ListItem\",\"position\":2,\"name\":\"Tienda Kirby\",\"item\":\"https:\\\/\\\/www.veltec.eu\\\/es\\\/tienda-kirby\\\/\"},{\"@type\":\"ListItem\",\"position\":3,\"name\":\"Kirby Avalir 2 B\u00e1sico\"}]},{\"@type\":\"WebSite\",\"@id\":\"https:\\\/\\\/www.veltec.eu\\\/en\\\/#website\",\"url\":\"https:\\\/\\\/www.veltec.eu\\\/en\\\/\",\"name\":\"Veltec Kirby specialist\",\"description\":\"Kirby stofzuiger producten\",\"publisher\":{\"@id\":\"https:\\\/\\\/www.veltec.eu\\\/en\\\/#organization\"},\"potentialAction\":[{\"@type\":\"SearchAction\",\"target\":{\"@type\":\"EntryPoint\",\"urlTemplate\":\"https:\\\/\\\/www.veltec.eu\\\/en\\\/?s={search_term_string}\"},\"query-input\":{\"@type\":\"PropertyValueSpecification\",\"valueRequired\":true,\"valueName\":\"search_term_string\"}}],\"inLanguage\":\"es\"},{\"@type\":\"Organization\",\"@id\":\"https:\\\/\\\/www.veltec.eu\\\/en\\\/#organization\",\"name\":\"Veltec Kirby Specialist\",\"url\":\"https:\\\/\\\/www.veltec.eu\\\/en\\\/\",\"logo\":{\"@type\":\"ImageObject\",\"inLanguage\":\"es\",\"@id\":\"https:\\\/\\\/www.veltec.eu\\\/en\\\/#\\\/schema\\\/logo\\\/image\\\/\",\"url\":\"https:\\\/\\\/www.veltec.eu\\\/wp-content\\\/uploads\\\/2021\\\/12\\\/Veltec-log-groot-e1537260889125.png\",\"contentUrl\":\"https:\\\/\\\/www.veltec.eu\\\/wp-content\\\/uploads\\\/2021\\\/12\\\/Veltec-log-groot-e1537260889125.png\",\"width\":200,\"height\":60,\"caption\":\"Veltec Kirby Specialist\"},\"image\":{\"@id\":\"https:\\\/\\\/www.veltec.eu\\\/en\\\/#\\\/schema\\\/logo\\\/image\\\/\"},\"sameAs\":[\"https:\\\/\\\/www.facebook.com\\\/Veltec-Kirby-Specialist-236746293374877\\\/\",\"https:\\\/\\\/www.youtube.com\\\/user\\\/VeltecService\"]}]}<\/script>\n<!-- \/ Yoast SEO Premium plugin. -->","yoast_head_json":{"title":"Kirby Avalir 2 B\u00e1sico Revisado en taller con Garant\u00eda","description":"Ahorre hasta un 60% con el Kirby Avalir 2 B\u00e1sico revisado en taller. Restaurado por especialistas y con 24 meses de garant\u00eda.","robots":{"index":"index","follow":"follow","max-snippet":"max-snippet:-1","max-image-preview":"max-image-preview:large","max-video-preview":"max-video-preview:-1"},"canonical":"https:\/\/www.veltec.eu\/es\/product\/kirby-avalir-2-basico\/","og_locale":"es_ES","og_type":"article","og_title":"Kirby Avalir 2 B\u00e1sico","og_description":"El Kirby Avalir 2 B\u00e1sico Revisado en taller ofrece potencia profesional, restaurado por Veltec Kirby y con 2 a\u00f1os de garant\u00eda. Una alternativa econ\u00f3mica y fiable a un modelo nuevo.    En stock   El plazo de entrega oscila entre 5 y 10 d\u00edas laborables  &nbsp;","og_url":"https:\/\/www.veltec.eu\/es\/product\/kirby-avalir-2-basico\/","og_site_name":"Veltec Kirby specialist","article_publisher":"https:\/\/www.facebook.com\/Veltec-Kirby-Specialist-236746293374877\/","article_modified_time":"2025-11-27T11:36:13+00:00","og_image":[{"width":620,"height":620,"url":"https:\/\/www.veltec.eu\/wp-content\/uploads\/2020\/07\/Avalir2-Basis.png","type":"image\/png"}],"twitter_card":"summary_large_image","twitter_misc":{"Tiempo de lectura":"4 minutos"},"schema":{"@context":"https:\/\/schema.org","@graph":[{"@type":"WebPage","@id":"https:\/\/www.veltec.eu\/es\/product\/kirby-avalir-2-basico\/","url":"https:\/\/www.veltec.eu\/es\/product\/kirby-avalir-2-basico\/","name":"Kirby Avalir 2 B\u00e1sico Revisado en taller con Garant\u00eda","isPartOf":{"@id":"https:\/\/www.veltec.eu\/en\/#website"},"primaryImageOfPage":{"@id":"https:\/\/www.veltec.eu\/es\/product\/kirby-avalir-2-basico\/#primaryimage"},"image":{"@id":"https:\/\/www.veltec.eu\/es\/product\/kirby-avalir-2-basico\/#primaryimage"},"thumbnailUrl":"https:\/\/www.veltec.eu\/wp-content\/uploads\/2020\/07\/Avalir2-Basis.png","datePublished":"2020-07-15T06:45:47+00:00","dateModified":"2025-11-27T11:36:13+00:00","description":"Ahorre hasta un 60% con el Kirby Avalir 2 B\u00e1sico revisado en taller. Restaurado por especialistas y con 24 meses de garant\u00eda.","breadcrumb":{"@id":"https:\/\/www.veltec.eu\/es\/product\/kirby-avalir-2-basico\/#breadcrumb"},"inLanguage":"es","potentialAction":[{"@type":"ReadAction","target":["https:\/\/www.veltec.eu\/es\/product\/kirby-avalir-2-basico\/"]}]},{"@type":"ImageObject","inLanguage":"es","@id":"https:\/\/www.veltec.eu\/es\/product\/kirby-avalir-2-basico\/#primaryimage","url":"https:\/\/www.veltec.eu\/wp-content\/uploads\/2020\/07\/Avalir2-Basis.png","contentUrl":"https:\/\/www.veltec.eu\/wp-content\/uploads\/2020\/07\/Avalir2-Basis.png","width":620,"height":620},{"@type":"BreadcrumbList","@id":"https:\/\/www.veltec.eu\/es\/product\/kirby-avalir-2-basico\/#breadcrumb","itemListElement":[{"@type":"ListItem","position":1,"name":"Home","item":"https:\/\/www.veltec.eu\/es\/"},{"@type":"ListItem","position":2,"name":"Tienda Kirby","item":"https:\/\/www.veltec.eu\/es\/tienda-kirby\/"},{"@type":"ListItem","position":3,"name":"Kirby Avalir 2 B\u00e1sico"}]},{"@type":"WebSite","@id":"https:\/\/www.veltec.eu\/en\/#website","url":"https:\/\/www.veltec.eu\/en\/","name":"Veltec Kirby specialist","description":"Kirby stofzuiger producten","publisher":{"@id":"https:\/\/www.veltec.eu\/en\/#organization"},"potentialAction":[{"@type":"SearchAction","target":{"@type":"EntryPoint","urlTemplate":"https:\/\/www.veltec.eu\/en\/?s={search_term_string}"},"query-input":{"@type":"PropertyValueSpecification","valueRequired":true,"valueName":"search_term_string"}}],"inLanguage":"es"},{"@type":"Organization","@id":"https:\/\/www.veltec.eu\/en\/#organization","name":"Veltec Kirby Specialist","url":"https:\/\/www.veltec.eu\/en\/","logo":{"@type":"ImageObject","inLanguage":"es","@id":"https:\/\/www.veltec.eu\/en\/#\/schema\/logo\/image\/","url":"https:\/\/www.veltec.eu\/wp-content\/uploads\/2021\/12\/Veltec-log-groot-e1537260889125.png","contentUrl":"https:\/\/www.veltec.eu\/wp-content\/uploads\/2021\/12\/Veltec-log-groot-e1537260889125.png","width":200,"height":60,"caption":"Veltec Kirby Specialist"},"image":{"@id":"https:\/\/www.veltec.eu\/en\/#\/schema\/logo\/image\/"},"sameAs":["https:\/\/www.facebook.com\/Veltec-Kirby-Specialist-236746293374877\/","https:\/\/www.youtube.com\/user\/VeltecService"]}]}},"_links":{"self":[{"href":"https:\/\/www.veltec.eu\/es\/wp-json\/wp\/v2\/product\/35685","targetHints":{"allow":["GET"]}}],"collection":[{"href":"https:\/\/www.veltec.eu\/es\/wp-json\/wp\/v2\/product"}],"about":[{"href":"https:\/\/www.veltec.eu\/es\/wp-json\/wp\/v2\/types\/product"}],"replies":[{"embeddable":true,"href":"https:\/\/www.veltec.eu\/es\/wp-json\/wp\/v2\/comments?post=35685"}],"wp:featuredmedia":[{"embeddable":true,"href":"https:\/\/www.veltec.eu\/es\/wp-json\/wp\/v2\/media\/86077"}],"wp:attachment":[{"href":"https:\/\/www.veltec.eu\/es\/wp-json\/wp\/v2\/media?parent=35685"}],"wp:term":[{"taxonomy":"product_brand","embeddable":true,"href":"https:\/\/www.veltec.eu\/es\/wp-json\/wp\/v2\/product_brand?post=35685"},{"taxonomy":"product_cat","embeddable":true,"href":"https:\/\/www.veltec.eu\/es\/wp-json\/wp\/v2\/product_cat?post=35685"},{"taxonomy":"product_tag","embeddable":true,"href":"https:\/\/www.veltec.eu\/es\/wp-json\/wp\/v2\/product_tag?post=35685"}],"curies":[{"name":"wp","href":"https:\/\/api.w.org\/{rel}","templated":true}]}}