{"id":31359,"date":"2020-03-27T15:56:01","date_gmt":"2020-03-27T13:56:01","guid":{"rendered":"https:\/\/www.veltec.eu\/product\/cable-electrico-15-m-kirby-sentria-avalir-nl55098\/"},"modified":"2024-12-06T16:14:45","modified_gmt":"2024-12-06T14:14:45","slug":"cable-electrico-kirby-15m-sentria-y-avalir","status":"publish","type":"product","link":"https:\/\/www.veltec.eu\/es\/product\/cable-electrico-kirby-15m-sentria-y-avalir\/","title":{"rendered":"Cable el\u00e9ctrico Kirby 15m Sentria y Avalir"},"content":{"rendered":"<h1>Cable el\u00e9ctrico Kirby 15m Sentria y Avalir<\/h1>\n<p>Cable el\u00e9ctrico Kirby 15m Sentria y Avalir &#8211; Extra largo Cable el\u00e9ctrico para la aspiradora Kirby. Longitud de 15 metros cableado de caucho.<br \/>\n1x enchufe de contorno recto moldeado, 1x enchufe de \u00e1ngulo recto femenino moldeado, 1x alivio de tensi\u00f3n moldeado.<\/p>\n<p><strong>Este producto es adecuado para los tipos:<\/strong><\/p>\n<ul>\n<li>Avalir II<\/li>\n<li>Avalir I<\/li>\n<li>Sentria II (G10D)<\/li>\n<li>Sentria (G10)<\/li>\n<\/ul>\n<p>ATTENTION !!!!<\/p>\n<p>Le cordon \u00e9lectrique est adapt\u00e9 pour le Kirby Sentria et Kirby Avalir.<br \/>\nSi vous avez un autre type d&#8217;aspirateur Kirby, alors vous avez besoin d&#8217; un autre c\u00e2ble.<br \/>\n<strong><a href=\"https:\/\/www.veltec.eu\/es\/product\/cable-electrico-kirby-de-15m-generacion\/\">Cliquez ici si vous n&#8217;avez pas Kirby Kirby Sentra ou Avalir.<\/a><\/strong><\/p>\n<h2>Cable el\u00e9ctrico Kirby 15m Sentria y Avalir &#8211; Adecuado para Kirby Sentria y Avalir<\/h2>\n<p>\u00bfEst\u00e1 buscando un cable el\u00e9ctrico fiable y extralargo para su aspiradora Kirby? Este cable el\u00e9ctrico Kirby de 15 metros, especialmente dise\u00f1ado para los modelos Kirby Sentria y Kirby Avalir, es la respuesta. Con este cable disfrutar\u00e1 de m\u00e1s libertad de movimiento, paradas menos frecuentes para cambiar de enchufe y un rendimiento \u00f3ptimo de su aparato Kirby.<\/p>\n<p>Aqu\u00ed encontrar\u00e1 todas las piezas de repuesto para el <a href=\"https:\/\/www.veltec.eu\/es\/categorie\/cable-electrico-kirby\/\">cable el\u00e9ctrico Kirby<\/a><\/p>\n<h3>\u00bfPor qu\u00e9 elegir un cable el\u00e9ctrico Kirby Sentria y Avalir de 15m?<\/h3>\n<p>El cable est\u00e1ndar de una aspiradora puede resultar r\u00e1pidamente demasiado corto, especialmente en habitaciones grandes o cuando los enchufes est\u00e1n muy separados. Con este cable el\u00e9ctrico de 15 metros:<\/p>\n<p>Ahorra tiempo: Menos interrupciones para enchufar la aspiradora a otra toma.<br \/>\nMayor flexibilidad: Llega f\u00e1cilmente a rincones y habitaciones sin comprometer el rendimiento.<br \/>\nAdecuado para hogares grandes: Ideal para habitaciones grandes, oficinas u hogares con acceso limitado a tomas de corriente.<br \/>\nCompatibilidad perfecta con Kirby Sentria y Avalir<\/p>\n<p>Este cable el\u00e9ctrico est\u00e1 especialmente dise\u00f1ado para los modelos Kirby Sentria y Kirby Avalir, garantizando un ajuste perfecto y un funcionamiento fiable. El cable es f\u00e1cil de instalar, seguro de usar y est\u00e1 fabricado con materiales duraderos para garantizar un uso prolongado.<\/p>\n<h3>Principales ventajas<\/h3>\n<p>Calidad duradera: Fabricado con materiales de alta calidad que soportan un uso intensivo.<br \/>\nF\u00e1cil instalaci\u00f3n: Sin pasos complicados; conecte el cable en cuesti\u00f3n de minutos.<br \/>\nSeguridad: Dise\u00f1ada seg\u00fan las normas de seguridad m\u00e1s exigentes, para que no tenga nada de qu\u00e9 preocuparse.<br \/>\nMejore su experiencia de limpieza<\/p>\n<p>Este cable el\u00e9ctrico Kirby de 15 metros har\u00e1 que su experiencia de limpieza sea m\u00e1s f\u00e1cil, eficaz y c\u00f3moda. Perfecto tanto para uso particular como profesional, el producto le ayudar\u00e1 a sacar el m\u00e1ximo partido a su aspiradora Kirby.<\/p>\n<h3>P\u00eddalo hoy mismo<\/h3>\n<p>Aseg\u00farese de que su Kirby Sentria o Avalir nunca se quede sin energ\u00eda. Pida este cable el\u00e9ctrico extra largo de 15 metros y experimente la comodidad de una libertad de movimiento ilimitada mientras limpia. \u00a1No pierda esta oportunidad de llevar su experiencia de aspirado al siguiente nivel!<\/p>\n","protected":false},"excerpt":{"rendered":"<p>Extra largo Cable el\u00e9ctrico para la aspiradora Kirby. Longitud de 15<\/p>\n","protected":false},"featured_media":31348,"comment_status":"open","ping_status":"closed","template":"","meta":[],"product_brand":[],"product_cat":[390],"product_tag":[],"class_list":{"0":"post-31359","1":"product","2":"type-product","3":"status-publish","4":"has-post-thumbnail","6":"product_cat-cable-electrico-kirby","8":"first","9":"outofstock","10":"sale","11":"taxable","12":"shipping-taxable","13":"purchasable","14":"product-type-simple"},"yoast_head":"<!-- This site is optimized with the Yoast SEO Premium plugin v27.1 (Yoast SEO v27.4) - https:\/\/yoast.com\/product\/yoast-seo-premium-wordpress\/ -->\n<title>Cable el\u00e9ctrico Kirby 15m Sentria y Avalir - Veltec Kirby specialist<\/title>\n<meta name=\"description\" content=\"Cable el\u00e9ctrico Kirby 15m Sentria y Avalir - Veltec es el proveedor de aspiradoras Kirby desde hace m\u00e1s de 25 a\u00f1os. Especialista en Veltec Kirby\" \/>\n<meta name=\"robots\" content=\"index, follow, max-snippet:-1, max-image-preview:large, max-video-preview:-1\" \/>\n<link rel=\"canonical\" href=\"https:\/\/www.veltec.eu\/nl\/product\/kirby-elektrasnoer-15m-sentria-en-avalir\/\" \/>\n<meta property=\"og:locale\" content=\"es_ES\" \/>\n<meta property=\"og:type\" content=\"article\" \/>\n<meta property=\"og:title\" content=\"Cable el\u00e9ctrico Kirby 15m Sentria y Avalir\" \/>\n<meta property=\"og:description\" content=\"Extra largo Cable el\u00e9ctrico para la aspiradora Kirby. Longitud de 15\" \/>\n<meta property=\"og:url\" content=\"https:\/\/www.veltec.eu\/nl\/product\/kirby-elektrasnoer-15m-sentria-en-avalir\/\" \/>\n<meta property=\"og:site_name\" content=\"Veltec Kirby specialist\" \/>\n<meta property=\"article:publisher\" content=\"https:\/\/www.facebook.com\/Veltec-Kirby-Specialist-236746293374877\/\" \/>\n<meta property=\"article:modified_time\" content=\"2024-12-06T14:14:45+00:00\" \/>\n<meta property=\"og:image\" content=\"https:\/\/www.veltec.eu\/wp-content\/uploads\/2020\/03\/50-food-snoer-Sentr-avalir.jpg\" \/>\n\t<meta property=\"og:image:width\" content=\"500\" \/>\n\t<meta property=\"og:image:height\" content=\"500\" \/>\n\t<meta property=\"og:image:type\" content=\"image\/jpeg\" \/>\n<meta name=\"twitter:card\" content=\"summary_large_image\" \/>\n<meta name=\"twitter:label1\" content=\"Tiempo de lectura\" \/>\n\t<meta name=\"twitter:data1\" content=\"3 minutos\" \/>\n<script type=\"application\/ld+json\" class=\"yoast-schema-graph\">{\"@context\":\"https:\\\/\\\/schema.org\",\"@graph\":[{\"@type\":\"WebPage\",\"@id\":\"https:\\\/\\\/www.veltec.eu\\\/nl\\\/product\\\/kirby-elektrasnoer-15m-sentria-en-avalir\\\/\",\"url\":\"https:\\\/\\\/www.veltec.eu\\\/nl\\\/product\\\/kirby-elektrasnoer-15m-sentria-en-avalir\\\/\",\"name\":\"Cable el\u00e9ctrico Kirby 15m Sentria y Avalir - Veltec Kirby specialist\",\"isPartOf\":{\"@id\":\"https:\\\/\\\/www.veltec.eu\\\/en\\\/#website\"},\"primaryImageOfPage\":{\"@id\":\"https:\\\/\\\/www.veltec.eu\\\/nl\\\/product\\\/kirby-elektrasnoer-15m-sentria-en-avalir\\\/#primaryimage\"},\"image\":{\"@id\":\"https:\\\/\\\/www.veltec.eu\\\/nl\\\/product\\\/kirby-elektrasnoer-15m-sentria-en-avalir\\\/#primaryimage\"},\"thumbnailUrl\":\"https:\\\/\\\/www.veltec.eu\\\/wp-content\\\/uploads\\\/2020\\\/03\\\/50-food-snoer-Sentr-avalir.jpg\",\"datePublished\":\"2020-03-27T13:56:01+00:00\",\"dateModified\":\"2024-12-06T14:14:45+00:00\",\"description\":\"Cable el\u00e9ctrico Kirby 15m Sentria y Avalir - Veltec es el proveedor de aspiradoras Kirby desde hace m\u00e1s de 25 a\u00f1os. Especialista en Veltec Kirby\",\"breadcrumb\":{\"@id\":\"https:\\\/\\\/www.veltec.eu\\\/nl\\\/product\\\/kirby-elektrasnoer-15m-sentria-en-avalir\\\/#breadcrumb\"},\"inLanguage\":\"es\",\"potentialAction\":[{\"@type\":\"ReadAction\",\"target\":[\"https:\\\/\\\/www.veltec.eu\\\/nl\\\/product\\\/kirby-elektrasnoer-15m-sentria-en-avalir\\\/\"]}]},{\"@type\":\"ImageObject\",\"inLanguage\":\"es\",\"@id\":\"https:\\\/\\\/www.veltec.eu\\\/nl\\\/product\\\/kirby-elektrasnoer-15m-sentria-en-avalir\\\/#primaryimage\",\"url\":\"https:\\\/\\\/www.veltec.eu\\\/wp-content\\\/uploads\\\/2020\\\/03\\\/50-food-snoer-Sentr-avalir.jpg\",\"contentUrl\":\"https:\\\/\\\/www.veltec.eu\\\/wp-content\\\/uploads\\\/2020\\\/03\\\/50-food-snoer-Sentr-avalir.jpg\",\"width\":500,\"height\":500},{\"@type\":\"BreadcrumbList\",\"@id\":\"https:\\\/\\\/www.veltec.eu\\\/nl\\\/product\\\/kirby-elektrasnoer-15m-sentria-en-avalir\\\/#breadcrumb\",\"itemListElement\":[{\"@type\":\"ListItem\",\"position\":1,\"name\":\"Home\",\"item\":\"https:\\\/\\\/www.veltec.eu\\\/es\\\/\"},{\"@type\":\"ListItem\",\"position\":2,\"name\":\"Produits\",\"item\":\"https:\\\/\\\/www.veltec.eu\\\/fr\\\/shop\\\/\"},{\"@type\":\"ListItem\",\"position\":3,\"name\":\"Cable el\u00e9ctrico Kirby 15m Sentria y Avalir\"}]},{\"@type\":\"WebSite\",\"@id\":\"https:\\\/\\\/www.veltec.eu\\\/en\\\/#website\",\"url\":\"https:\\\/\\\/www.veltec.eu\\\/en\\\/\",\"name\":\"Veltec Kirby specialist\",\"description\":\"Kirby stofzuiger producten\",\"publisher\":{\"@id\":\"https:\\\/\\\/www.veltec.eu\\\/en\\\/#organization\"},\"potentialAction\":[{\"@type\":\"SearchAction\",\"target\":{\"@type\":\"EntryPoint\",\"urlTemplate\":\"https:\\\/\\\/www.veltec.eu\\\/en\\\/?s={search_term_string}\"},\"query-input\":{\"@type\":\"PropertyValueSpecification\",\"valueRequired\":true,\"valueName\":\"search_term_string\"}}],\"inLanguage\":\"es\"},{\"@type\":\"Organization\",\"@id\":\"https:\\\/\\\/www.veltec.eu\\\/en\\\/#organization\",\"name\":\"Veltec Kirby Specialist\",\"url\":\"https:\\\/\\\/www.veltec.eu\\\/en\\\/\",\"logo\":{\"@type\":\"ImageObject\",\"inLanguage\":\"es\",\"@id\":\"https:\\\/\\\/www.veltec.eu\\\/en\\\/#\\\/schema\\\/logo\\\/image\\\/\",\"url\":\"https:\\\/\\\/www.veltec.eu\\\/wp-content\\\/uploads\\\/2021\\\/12\\\/Veltec-log-groot-e1537260889125.png\",\"contentUrl\":\"https:\\\/\\\/www.veltec.eu\\\/wp-content\\\/uploads\\\/2021\\\/12\\\/Veltec-log-groot-e1537260889125.png\",\"width\":200,\"height\":60,\"caption\":\"Veltec Kirby Specialist\"},\"image\":{\"@id\":\"https:\\\/\\\/www.veltec.eu\\\/en\\\/#\\\/schema\\\/logo\\\/image\\\/\"},\"sameAs\":[\"https:\\\/\\\/www.facebook.com\\\/Veltec-Kirby-Specialist-236746293374877\\\/\",\"https:\\\/\\\/www.youtube.com\\\/user\\\/VeltecService\"]}]}<\/script>\n<!-- \/ Yoast SEO Premium plugin. -->","yoast_head_json":{"title":"Cable el\u00e9ctrico Kirby 15m Sentria y Avalir - Veltec Kirby specialist","description":"Cable el\u00e9ctrico Kirby 15m Sentria y Avalir - Veltec es el proveedor de aspiradoras Kirby desde hace m\u00e1s de 25 a\u00f1os. Especialista en Veltec Kirby","robots":{"index":"index","follow":"follow","max-snippet":"max-snippet:-1","max-image-preview":"max-image-preview:large","max-video-preview":"max-video-preview:-1"},"canonical":"https:\/\/www.veltec.eu\/nl\/product\/kirby-elektrasnoer-15m-sentria-en-avalir\/","og_locale":"es_ES","og_type":"article","og_title":"Cable el\u00e9ctrico Kirby 15m Sentria y Avalir","og_description":"Extra largo Cable el\u00e9ctrico para la aspiradora Kirby. Longitud de 15","og_url":"https:\/\/www.veltec.eu\/nl\/product\/kirby-elektrasnoer-15m-sentria-en-avalir\/","og_site_name":"Veltec Kirby specialist","article_publisher":"https:\/\/www.facebook.com\/Veltec-Kirby-Specialist-236746293374877\/","article_modified_time":"2024-12-06T14:14:45+00:00","og_image":[{"width":500,"height":500,"url":"https:\/\/www.veltec.eu\/wp-content\/uploads\/2020\/03\/50-food-snoer-Sentr-avalir.jpg","type":"image\/jpeg"}],"twitter_card":"summary_large_image","twitter_misc":{"Tiempo de lectura":"3 minutos"},"schema":{"@context":"https:\/\/schema.org","@graph":[{"@type":"WebPage","@id":"https:\/\/www.veltec.eu\/nl\/product\/kirby-elektrasnoer-15m-sentria-en-avalir\/","url":"https:\/\/www.veltec.eu\/nl\/product\/kirby-elektrasnoer-15m-sentria-en-avalir\/","name":"Cable el\u00e9ctrico Kirby 15m Sentria y Avalir - Veltec Kirby specialist","isPartOf":{"@id":"https:\/\/www.veltec.eu\/en\/#website"},"primaryImageOfPage":{"@id":"https:\/\/www.veltec.eu\/nl\/product\/kirby-elektrasnoer-15m-sentria-en-avalir\/#primaryimage"},"image":{"@id":"https:\/\/www.veltec.eu\/nl\/product\/kirby-elektrasnoer-15m-sentria-en-avalir\/#primaryimage"},"thumbnailUrl":"https:\/\/www.veltec.eu\/wp-content\/uploads\/2020\/03\/50-food-snoer-Sentr-avalir.jpg","datePublished":"2020-03-27T13:56:01+00:00","dateModified":"2024-12-06T14:14:45+00:00","description":"Cable el\u00e9ctrico Kirby 15m Sentria y Avalir - Veltec es el proveedor de aspiradoras Kirby desde hace m\u00e1s de 25 a\u00f1os. Especialista en Veltec Kirby","breadcrumb":{"@id":"https:\/\/www.veltec.eu\/nl\/product\/kirby-elektrasnoer-15m-sentria-en-avalir\/#breadcrumb"},"inLanguage":"es","potentialAction":[{"@type":"ReadAction","target":["https:\/\/www.veltec.eu\/nl\/product\/kirby-elektrasnoer-15m-sentria-en-avalir\/"]}]},{"@type":"ImageObject","inLanguage":"es","@id":"https:\/\/www.veltec.eu\/nl\/product\/kirby-elektrasnoer-15m-sentria-en-avalir\/#primaryimage","url":"https:\/\/www.veltec.eu\/wp-content\/uploads\/2020\/03\/50-food-snoer-Sentr-avalir.jpg","contentUrl":"https:\/\/www.veltec.eu\/wp-content\/uploads\/2020\/03\/50-food-snoer-Sentr-avalir.jpg","width":500,"height":500},{"@type":"BreadcrumbList","@id":"https:\/\/www.veltec.eu\/nl\/product\/kirby-elektrasnoer-15m-sentria-en-avalir\/#breadcrumb","itemListElement":[{"@type":"ListItem","position":1,"name":"Home","item":"https:\/\/www.veltec.eu\/es\/"},{"@type":"ListItem","position":2,"name":"Produits","item":"https:\/\/www.veltec.eu\/fr\/shop\/"},{"@type":"ListItem","position":3,"name":"Cable el\u00e9ctrico Kirby 15m Sentria y Avalir"}]},{"@type":"WebSite","@id":"https:\/\/www.veltec.eu\/en\/#website","url":"https:\/\/www.veltec.eu\/en\/","name":"Veltec Kirby specialist","description":"Kirby stofzuiger producten","publisher":{"@id":"https:\/\/www.veltec.eu\/en\/#organization"},"potentialAction":[{"@type":"SearchAction","target":{"@type":"EntryPoint","urlTemplate":"https:\/\/www.veltec.eu\/en\/?s={search_term_string}"},"query-input":{"@type":"PropertyValueSpecification","valueRequired":true,"valueName":"search_term_string"}}],"inLanguage":"es"},{"@type":"Organization","@id":"https:\/\/www.veltec.eu\/en\/#organization","name":"Veltec Kirby Specialist","url":"https:\/\/www.veltec.eu\/en\/","logo":{"@type":"ImageObject","inLanguage":"es","@id":"https:\/\/www.veltec.eu\/en\/#\/schema\/logo\/image\/","url":"https:\/\/www.veltec.eu\/wp-content\/uploads\/2021\/12\/Veltec-log-groot-e1537260889125.png","contentUrl":"https:\/\/www.veltec.eu\/wp-content\/uploads\/2021\/12\/Veltec-log-groot-e1537260889125.png","width":200,"height":60,"caption":"Veltec Kirby Specialist"},"image":{"@id":"https:\/\/www.veltec.eu\/en\/#\/schema\/logo\/image\/"},"sameAs":["https:\/\/www.facebook.com\/Veltec-Kirby-Specialist-236746293374877\/","https:\/\/www.youtube.com\/user\/VeltecService"]}]}},"_links":{"self":[{"href":"https:\/\/www.veltec.eu\/es\/wp-json\/wp\/v2\/product\/31359","targetHints":{"allow":["GET"]}}],"collection":[{"href":"https:\/\/www.veltec.eu\/es\/wp-json\/wp\/v2\/product"}],"about":[{"href":"https:\/\/www.veltec.eu\/es\/wp-json\/wp\/v2\/types\/product"}],"replies":[{"embeddable":true,"href":"https:\/\/www.veltec.eu\/es\/wp-json\/wp\/v2\/comments?post=31359"}],"wp:featuredmedia":[{"embeddable":true,"href":"https:\/\/www.veltec.eu\/es\/wp-json\/wp\/v2\/media\/31348"}],"wp:attachment":[{"href":"https:\/\/www.veltec.eu\/es\/wp-json\/wp\/v2\/media?parent=31359"}],"wp:term":[{"taxonomy":"product_brand","embeddable":true,"href":"https:\/\/www.veltec.eu\/es\/wp-json\/wp\/v2\/product_brand?post=31359"},{"taxonomy":"product_cat","embeddable":true,"href":"https:\/\/www.veltec.eu\/es\/wp-json\/wp\/v2\/product_cat?post=31359"},{"taxonomy":"product_tag","embeddable":true,"href":"https:\/\/www.veltec.eu\/es\/wp-json\/wp\/v2\/product_tag?post=31359"}],"curies":[{"name":"wp","href":"https:\/\/api.w.org\/{rel}","templated":true}]}}