{"id":31321,"date":"2020-03-27T14:52:42","date_gmt":"2020-03-27T12:52:42","guid":{"rendered":"https:\/\/www.veltec.eu\/product\/cable-electrico-kirby-sentria-avalir-nl30502\/"},"modified":"2026-03-09T12:48:49","modified_gmt":"2026-03-09T10:48:49","slug":"cable-electrico-kirby-de-10m-sentria-y-avalir","status":"publish","type":"product","link":"https:\/\/www.veltec.eu\/es\/product\/cable-electrico-kirby-de-10m-sentria-y-avalir\/","title":{"rendered":"Cable el\u00e9ctrico Kirby de 10m Sentria y Avalir"},"content":{"rendered":"<h1>Cable el\u00e9ctrico Kirby de 10m Sentria y Avalir<\/h1>\n<p data-start=\"924\" data-end=\"1268\">El cable el\u00e9ctrico Kirby de 10m Sentria y Avalir es el cable de repuesto ideal cuando el cable de alimentaci\u00f3n de su aspiradora Kirby est\u00e1 desgastado, da\u00f1ado o ha dejado de ser seguro. Con una longitud de 10 metros y un cableado de goma resistente y duradero, este cable de alimentaci\u00f3n Kirby no solo ofrece una conexi\u00f3n segura, sino tambi\u00e9n una mayor libertad de movimiento. De este modo, podr\u00e1 aspirar sin esfuerzo habitaciones grandes sin tener que cambiar constantemente de enchufe. Este cable de alimentaci\u00f3n Kirby est\u00e1 especialmente dise\u00f1ado para los modelos Kirby Sentria y Kirby Avalir y garantiza un ajuste perfecto y un suministro de energ\u00eda fiable.<\/p>\n<h2 data-start=\"689\" data-end=\"736\">Especificaciones del cable el\u00e9ctrico Kirby<\/h2>\n<ul data-start=\"738\" data-end=\"885\">\n<li data-section-id=\"1rfcnop\" data-start=\"949\" data-end=\"969\">Longitud: 10 metros.<\/li>\n<li data-section-id=\"1rfcnop\" data-start=\"949\" data-end=\"969\">1 conector recto moldeado.<\/li>\n<li data-section-id=\"1rfcnop\" data-start=\"949\" data-end=\"969\">1 conector hembra en \u00e1ngulo.<\/li>\n<li data-section-id=\"1rfcnop\" data-start=\"949\" data-end=\"969\">1 alivio de tracci\u00f3n moldeado.<\/li>\n<\/ul>\n<p data-start=\"887\" data-end=\"1063\">El enchufe del aparato se encuentra debajo de la tapa protectora situada en el lado derecho del Kirby. Esta tapa se puede quitar f\u00e1cilmente con un destornillador Torx, lo que permite sustituir el cable de alimentaci\u00f3n en pocos minutos. Esto hace que el cable de alimentaci\u00f3n de repuesto Kirby de 10 metros sea f\u00e1cil y accesible, incluso para usuarios sin experiencia t\u00e9cnica.<\/p>\n<p>\u00bfDesea obtener m\u00e1s informaci\u00f3n sobre c\u00f3mo funciona un cable de red o un cable el\u00e9ctrico Kirby y c\u00f3mo sustituirlo? Lea nuestro art\u00edculo completo en el blog: <a href=\"https:\/\/www.servicio-de-aspiradoras-kirby.es\/cordon-kirby-elektra\/\" target=\"_blank\" rel=\"noopener\">Todo sobre el cable el\u00e9ctrico Kirby.<\/a><\/p>\n<h3 data-section-id=\"byzm8r\" data-start=\"1625\" data-end=\"1663\">Compatibilidad con modelos Kirby<\/h3>\n<p data-start=\"1664\" data-end=\"1734\">Este cable de alimentaci\u00f3n Kirby de 10 m es adecuado para los siguientes modelos:<\/p>\n<ul data-start=\"1735\" data-end=\"1792\">\n<li data-section-id=\"19fijd2\" data-start=\"1735\" data-end=\"1756\">Avalir I &amp; II<\/li>\n<li data-section-id=\"fkyhqt\" data-start=\"1757\" data-end=\"1792\">Sentria I (G10) &amp; II (G10D)<\/li>\n<\/ul>\n<p data-start=\"1794\" data-end=\"2021\">ATENCI\u00d3N: Este cable de alimentaci\u00f3n solo es adecuado para los modelos Sentria y Avalir. Para otros aspiradores Kirby, necesitar\u00e1 otro cable de repuesto. Vea aqu\u00ed el <a href=\"https:\/\/www.veltec.eu\/es\/product\/cable-electrico-kirby-de-10m-generacion\/\" target=\"_blank\" rel=\"noopener\">cable de alimentaci\u00f3n Kirby adecuado para otros modelos.<\/a><\/p>\n<h2>\u00bfPor qu\u00e9 elegir este cable de alimentaci\u00f3n Kirby de 10 m para Sentria y Avalir?<\/h2>\n<ul>\n<li data-start=\"2071\" data-end=\"2153\">Material duradero: el cableado de goma de alta calidad prolonga la vida \u00fatil.<\/li>\n<li data-start=\"2071\" data-end=\"2153\">Ajuste perfecto: dise\u00f1ado especialmente para los modelos Sentria y Avalir.<\/li>\n<li data-start=\"2071\" data-end=\"2153\">F\u00e1cil instalaci\u00f3n: se puede sustituir en pocos minutos.<\/li>\n<li data-start=\"2071\" data-end=\"2153\">Seguro y fiable: cumple con las estrictas normas de seguridad para uso dom\u00e9stico.<\/li>\n<\/ul>\n<p data-start=\"2406\" data-end=\"2765\">Con el cable el\u00e9ctrico Kirby de 10 m Sentria y Avalir, tendr\u00e1 en casa una soluci\u00f3n pr\u00e1ctica y fiable. Gracias a su gran longitud y a su material resistente, podr\u00e1 volver a utilizar su aspiradora Kirby de forma \u00f3ptima y la limpieza ser\u00e1 mucho m\u00e1s f\u00e1cil y c\u00f3moda. Haga su pedido hoy mismo y disfrute de toda la funcionalidad de su aspiradora Kirby.<\/p>\n","protected":false},"excerpt":{"rendered":"<p>El cable el\u00e9ctrico Kirby de 10 m para Sentria y Avalir es un cable de repuesto duradero que ofrece un rendimiento \u00f3ptimo y mayor libertad de movimiento durante la aspiraci\u00f3n. Se adapta perfectamente a los modelos Sentria y Avalir.<\/p>\n[trustindex data-widget-id=48bbd87242952812953642309d4]\n<h3><span style=\"color: #008000;\"><br \/>\nEn stock<\/span><\/h3>\n[av_font_icon icon='ue812' font='entypo-fontello' style='' caption='' size='25px' position='left' color='#43ad66' link='' linktarget='' title_attr='' sonar_effect_effect='' sonar_effect_color='' sonar_effect_duration='1' sonar_effect_scale='' sonar_effect_opac='0.5' animation='' id='' custom_class='' template_class='' av_uid='' sc_version='1.0' admin_preview_bg=''][\/av_font_icon]\n<p><span style=\"color: #008000;\">Pedido antes de las 23:59, enviado ma\u00f1ana<\/span><\/p>\n<p>&nbsp;<\/p>\n","protected":false},"featured_media":88313,"comment_status":"open","ping_status":"closed","template":"","meta":[],"product_brand":[],"product_cat":[390],"product_tag":[],"class_list":{"0":"post-31321","1":"product","2":"type-product","3":"status-publish","4":"has-post-thumbnail","6":"product_cat-cable-electrico-kirby","8":"first","9":"instock","10":"sale","11":"taxable","12":"shipping-taxable","13":"purchasable","14":"product-type-simple"},"yoast_head":"<!-- This site is optimized with the Yoast SEO Premium plugin v27.1 (Yoast SEO v27.4) - https:\/\/yoast.com\/product\/yoast-seo-premium-wordpress\/ -->\n<title>Cable el\u00e9ctrico Kirby de 10m Sentria y Avalir \u2013 Cable de recambio<\/title>\n<meta name=\"description\" content=\"Reemplace su antiguo cable el\u00e9ctrico Kirby de 10m Sentria y Avalir. Caucho duradero, conexi\u00f3n segura y mayor libertad de movimiento al aspirar.\" \/>\n<meta name=\"robots\" content=\"index, follow, max-snippet:-1, max-image-preview:large, max-video-preview:-1\" \/>\n<link rel=\"canonical\" href=\"https:\/\/www.veltec.eu\/es\/product\/cable-electrico-kirby-de-10m-sentria-y-avalir\/\" \/>\n<meta property=\"og:locale\" content=\"es_ES\" \/>\n<meta property=\"og:type\" content=\"article\" \/>\n<meta property=\"og:title\" content=\"Cable el\u00e9ctrico Kirby de 10m Sentria y Avalir\" \/>\n<meta property=\"og:description\" content=\"El cable el\u00e9ctrico Kirby de 10 m para Sentria y Avalir es un cable de repuesto duradero que ofrece un rendimiento \u00f3ptimo y mayor libertad de movimiento durante la aspiraci\u00f3n. Se adapta perfectamente a los modelos Sentria y Avalir.    En stock   Pedido antes de las 23:59, enviado ma\u00f1ana  &nbsp;\" \/>\n<meta property=\"og:url\" content=\"https:\/\/www.veltec.eu\/es\/product\/cable-electrico-kirby-de-10m-sentria-y-avalir\/\" \/>\n<meta property=\"og:site_name\" content=\"Veltec Kirby specialist\" \/>\n<meta property=\"article:publisher\" content=\"https:\/\/www.facebook.com\/Veltec-Kirby-Specialist-236746293374877\/\" \/>\n<meta property=\"article:modified_time\" content=\"2026-03-09T10:48:49+00:00\" \/>\n<meta property=\"og:image\" content=\"https:\/\/www.veltec.eu\/wp-content\/uploads\/2020\/03\/Kirby-power-cable.jpg\" \/>\n\t<meta property=\"og:image:width\" content=\"600\" \/>\n\t<meta property=\"og:image:height\" content=\"600\" \/>\n\t<meta property=\"og:image:type\" content=\"image\/jpeg\" \/>\n<meta name=\"twitter:card\" content=\"summary_large_image\" \/>\n<meta name=\"twitter:label1\" content=\"Tiempo de lectura\" \/>\n\t<meta name=\"twitter:data1\" content=\"3 minutos\" \/>\n<script type=\"application\/ld+json\" class=\"yoast-schema-graph\">{\"@context\":\"https:\\\/\\\/schema.org\",\"@graph\":[{\"@type\":\"WebPage\",\"@id\":\"https:\\\/\\\/www.veltec.eu\\\/es\\\/product\\\/cable-electrico-kirby-de-10m-sentria-y-avalir\\\/\",\"url\":\"https:\\\/\\\/www.veltec.eu\\\/es\\\/product\\\/cable-electrico-kirby-de-10m-sentria-y-avalir\\\/\",\"name\":\"Cable el\u00e9ctrico Kirby de 10m Sentria y Avalir \u2013 Cable de recambio\",\"isPartOf\":{\"@id\":\"https:\\\/\\\/www.veltec.eu\\\/en\\\/#website\"},\"primaryImageOfPage\":{\"@id\":\"https:\\\/\\\/www.veltec.eu\\\/es\\\/product\\\/cable-electrico-kirby-de-10m-sentria-y-avalir\\\/#primaryimage\"},\"image\":{\"@id\":\"https:\\\/\\\/www.veltec.eu\\\/es\\\/product\\\/cable-electrico-kirby-de-10m-sentria-y-avalir\\\/#primaryimage\"},\"thumbnailUrl\":\"https:\\\/\\\/www.veltec.eu\\\/wp-content\\\/uploads\\\/2020\\\/03\\\/Kirby-power-cable.jpg\",\"datePublished\":\"2020-03-27T12:52:42+00:00\",\"dateModified\":\"2026-03-09T10:48:49+00:00\",\"description\":\"Reemplace su antiguo cable el\u00e9ctrico Kirby de 10m Sentria y Avalir. Caucho duradero, conexi\u00f3n segura y mayor libertad de movimiento al aspirar.\",\"breadcrumb\":{\"@id\":\"https:\\\/\\\/www.veltec.eu\\\/es\\\/product\\\/cable-electrico-kirby-de-10m-sentria-y-avalir\\\/#breadcrumb\"},\"inLanguage\":\"es\",\"potentialAction\":[{\"@type\":\"ReadAction\",\"target\":[\"https:\\\/\\\/www.veltec.eu\\\/es\\\/product\\\/cable-electrico-kirby-de-10m-sentria-y-avalir\\\/\"]}]},{\"@type\":\"ImageObject\",\"inLanguage\":\"es\",\"@id\":\"https:\\\/\\\/www.veltec.eu\\\/es\\\/product\\\/cable-electrico-kirby-de-10m-sentria-y-avalir\\\/#primaryimage\",\"url\":\"https:\\\/\\\/www.veltec.eu\\\/wp-content\\\/uploads\\\/2020\\\/03\\\/Kirby-power-cable.jpg\",\"contentUrl\":\"https:\\\/\\\/www.veltec.eu\\\/wp-content\\\/uploads\\\/2020\\\/03\\\/Kirby-power-cable.jpg\",\"width\":600,\"height\":600},{\"@type\":\"BreadcrumbList\",\"@id\":\"https:\\\/\\\/www.veltec.eu\\\/es\\\/product\\\/cable-electrico-kirby-de-10m-sentria-y-avalir\\\/#breadcrumb\",\"itemListElement\":[{\"@type\":\"ListItem\",\"position\":1,\"name\":\"Home\",\"item\":\"https:\\\/\\\/www.veltec.eu\\\/es\\\/\"},{\"@type\":\"ListItem\",\"position\":2,\"name\":\"Produits\",\"item\":\"https:\\\/\\\/www.veltec.eu\\\/fr\\\/shop\\\/\"},{\"@type\":\"ListItem\",\"position\":3,\"name\":\"Cable el\u00e9ctrico Kirby de 10m Sentria y Avalir\"}]},{\"@type\":\"WebSite\",\"@id\":\"https:\\\/\\\/www.veltec.eu\\\/en\\\/#website\",\"url\":\"https:\\\/\\\/www.veltec.eu\\\/en\\\/\",\"name\":\"Veltec Kirby specialist\",\"description\":\"Kirby stofzuiger producten\",\"publisher\":{\"@id\":\"https:\\\/\\\/www.veltec.eu\\\/en\\\/#organization\"},\"potentialAction\":[{\"@type\":\"SearchAction\",\"target\":{\"@type\":\"EntryPoint\",\"urlTemplate\":\"https:\\\/\\\/www.veltec.eu\\\/en\\\/?s={search_term_string}\"},\"query-input\":{\"@type\":\"PropertyValueSpecification\",\"valueRequired\":true,\"valueName\":\"search_term_string\"}}],\"inLanguage\":\"es\"},{\"@type\":\"Organization\",\"@id\":\"https:\\\/\\\/www.veltec.eu\\\/en\\\/#organization\",\"name\":\"Veltec Kirby Specialist\",\"url\":\"https:\\\/\\\/www.veltec.eu\\\/en\\\/\",\"logo\":{\"@type\":\"ImageObject\",\"inLanguage\":\"es\",\"@id\":\"https:\\\/\\\/www.veltec.eu\\\/en\\\/#\\\/schema\\\/logo\\\/image\\\/\",\"url\":\"https:\\\/\\\/www.veltec.eu\\\/wp-content\\\/uploads\\\/2021\\\/12\\\/Veltec-log-groot-e1537260889125.png\",\"contentUrl\":\"https:\\\/\\\/www.veltec.eu\\\/wp-content\\\/uploads\\\/2021\\\/12\\\/Veltec-log-groot-e1537260889125.png\",\"width\":200,\"height\":60,\"caption\":\"Veltec Kirby Specialist\"},\"image\":{\"@id\":\"https:\\\/\\\/www.veltec.eu\\\/en\\\/#\\\/schema\\\/logo\\\/image\\\/\"},\"sameAs\":[\"https:\\\/\\\/www.facebook.com\\\/Veltec-Kirby-Specialist-236746293374877\\\/\",\"https:\\\/\\\/www.youtube.com\\\/user\\\/VeltecService\"]}]}<\/script>\n<!-- \/ Yoast SEO Premium plugin. -->","yoast_head_json":{"title":"Cable el\u00e9ctrico Kirby de 10m Sentria y Avalir \u2013 Cable de recambio","description":"Reemplace su antiguo cable el\u00e9ctrico Kirby de 10m Sentria y Avalir. Caucho duradero, conexi\u00f3n segura y mayor libertad de movimiento al aspirar.","robots":{"index":"index","follow":"follow","max-snippet":"max-snippet:-1","max-image-preview":"max-image-preview:large","max-video-preview":"max-video-preview:-1"},"canonical":"https:\/\/www.veltec.eu\/es\/product\/cable-electrico-kirby-de-10m-sentria-y-avalir\/","og_locale":"es_ES","og_type":"article","og_title":"Cable el\u00e9ctrico Kirby de 10m Sentria y Avalir","og_description":"El cable el\u00e9ctrico Kirby de 10 m para Sentria y Avalir es un cable de repuesto duradero que ofrece un rendimiento \u00f3ptimo y mayor libertad de movimiento durante la aspiraci\u00f3n. Se adapta perfectamente a los modelos Sentria y Avalir.    En stock   Pedido antes de las 23:59, enviado ma\u00f1ana  &nbsp;","og_url":"https:\/\/www.veltec.eu\/es\/product\/cable-electrico-kirby-de-10m-sentria-y-avalir\/","og_site_name":"Veltec Kirby specialist","article_publisher":"https:\/\/www.facebook.com\/Veltec-Kirby-Specialist-236746293374877\/","article_modified_time":"2026-03-09T10:48:49+00:00","og_image":[{"width":600,"height":600,"url":"https:\/\/www.veltec.eu\/wp-content\/uploads\/2020\/03\/Kirby-power-cable.jpg","type":"image\/jpeg"}],"twitter_card":"summary_large_image","twitter_misc":{"Tiempo de lectura":"3 minutos"},"schema":{"@context":"https:\/\/schema.org","@graph":[{"@type":"WebPage","@id":"https:\/\/www.veltec.eu\/es\/product\/cable-electrico-kirby-de-10m-sentria-y-avalir\/","url":"https:\/\/www.veltec.eu\/es\/product\/cable-electrico-kirby-de-10m-sentria-y-avalir\/","name":"Cable el\u00e9ctrico Kirby de 10m Sentria y Avalir \u2013 Cable de recambio","isPartOf":{"@id":"https:\/\/www.veltec.eu\/en\/#website"},"primaryImageOfPage":{"@id":"https:\/\/www.veltec.eu\/es\/product\/cable-electrico-kirby-de-10m-sentria-y-avalir\/#primaryimage"},"image":{"@id":"https:\/\/www.veltec.eu\/es\/product\/cable-electrico-kirby-de-10m-sentria-y-avalir\/#primaryimage"},"thumbnailUrl":"https:\/\/www.veltec.eu\/wp-content\/uploads\/2020\/03\/Kirby-power-cable.jpg","datePublished":"2020-03-27T12:52:42+00:00","dateModified":"2026-03-09T10:48:49+00:00","description":"Reemplace su antiguo cable el\u00e9ctrico Kirby de 10m Sentria y Avalir. Caucho duradero, conexi\u00f3n segura y mayor libertad de movimiento al aspirar.","breadcrumb":{"@id":"https:\/\/www.veltec.eu\/es\/product\/cable-electrico-kirby-de-10m-sentria-y-avalir\/#breadcrumb"},"inLanguage":"es","potentialAction":[{"@type":"ReadAction","target":["https:\/\/www.veltec.eu\/es\/product\/cable-electrico-kirby-de-10m-sentria-y-avalir\/"]}]},{"@type":"ImageObject","inLanguage":"es","@id":"https:\/\/www.veltec.eu\/es\/product\/cable-electrico-kirby-de-10m-sentria-y-avalir\/#primaryimage","url":"https:\/\/www.veltec.eu\/wp-content\/uploads\/2020\/03\/Kirby-power-cable.jpg","contentUrl":"https:\/\/www.veltec.eu\/wp-content\/uploads\/2020\/03\/Kirby-power-cable.jpg","width":600,"height":600},{"@type":"BreadcrumbList","@id":"https:\/\/www.veltec.eu\/es\/product\/cable-electrico-kirby-de-10m-sentria-y-avalir\/#breadcrumb","itemListElement":[{"@type":"ListItem","position":1,"name":"Home","item":"https:\/\/www.veltec.eu\/es\/"},{"@type":"ListItem","position":2,"name":"Produits","item":"https:\/\/www.veltec.eu\/fr\/shop\/"},{"@type":"ListItem","position":3,"name":"Cable el\u00e9ctrico Kirby de 10m Sentria y Avalir"}]},{"@type":"WebSite","@id":"https:\/\/www.veltec.eu\/en\/#website","url":"https:\/\/www.veltec.eu\/en\/","name":"Veltec Kirby specialist","description":"Kirby stofzuiger producten","publisher":{"@id":"https:\/\/www.veltec.eu\/en\/#organization"},"potentialAction":[{"@type":"SearchAction","target":{"@type":"EntryPoint","urlTemplate":"https:\/\/www.veltec.eu\/en\/?s={search_term_string}"},"query-input":{"@type":"PropertyValueSpecification","valueRequired":true,"valueName":"search_term_string"}}],"inLanguage":"es"},{"@type":"Organization","@id":"https:\/\/www.veltec.eu\/en\/#organization","name":"Veltec Kirby Specialist","url":"https:\/\/www.veltec.eu\/en\/","logo":{"@type":"ImageObject","inLanguage":"es","@id":"https:\/\/www.veltec.eu\/en\/#\/schema\/logo\/image\/","url":"https:\/\/www.veltec.eu\/wp-content\/uploads\/2021\/12\/Veltec-log-groot-e1537260889125.png","contentUrl":"https:\/\/www.veltec.eu\/wp-content\/uploads\/2021\/12\/Veltec-log-groot-e1537260889125.png","width":200,"height":60,"caption":"Veltec Kirby Specialist"},"image":{"@id":"https:\/\/www.veltec.eu\/en\/#\/schema\/logo\/image\/"},"sameAs":["https:\/\/www.facebook.com\/Veltec-Kirby-Specialist-236746293374877\/","https:\/\/www.youtube.com\/user\/VeltecService"]}]}},"_links":{"self":[{"href":"https:\/\/www.veltec.eu\/es\/wp-json\/wp\/v2\/product\/31321","targetHints":{"allow":["GET"]}}],"collection":[{"href":"https:\/\/www.veltec.eu\/es\/wp-json\/wp\/v2\/product"}],"about":[{"href":"https:\/\/www.veltec.eu\/es\/wp-json\/wp\/v2\/types\/product"}],"replies":[{"embeddable":true,"href":"https:\/\/www.veltec.eu\/es\/wp-json\/wp\/v2\/comments?post=31321"}],"wp:featuredmedia":[{"embeddable":true,"href":"https:\/\/www.veltec.eu\/es\/wp-json\/wp\/v2\/media\/88313"}],"wp:attachment":[{"href":"https:\/\/www.veltec.eu\/es\/wp-json\/wp\/v2\/media?parent=31321"}],"wp:term":[{"taxonomy":"product_brand","embeddable":true,"href":"https:\/\/www.veltec.eu\/es\/wp-json\/wp\/v2\/product_brand?post=31321"},{"taxonomy":"product_cat","embeddable":true,"href":"https:\/\/www.veltec.eu\/es\/wp-json\/wp\/v2\/product_cat?post=31321"},{"taxonomy":"product_tag","embeddable":true,"href":"https:\/\/www.veltec.eu\/es\/wp-json\/wp\/v2\/product_tag?post=31321"}],"curies":[{"name":"wp","href":"https:\/\/api.w.org\/{rel}","templated":true}]}}