{"id":30313,"date":"2020-02-04T14:14:38","date_gmt":"2020-02-04T12:14:38","guid":{"rendered":"https:\/\/www.veltec.eu\/product\/bolsas-para-aspiradora-kirby-micron-magic-plus-21-gratuito\/"},"modified":"2025-01-24T13:27:25","modified_gmt":"2025-01-24T11:27:25","slug":"bolsas-para-aspiradora-kirby-micron-magic-plus-21-gratuito","status":"publish","type":"product","link":"https:\/\/www.veltec.eu\/es\/product\/bolsas-para-aspiradora-kirby-micron-magic-plus-21-gratuito\/","title":{"rendered":"Bolsas para aspiradora Kirby Micron Magic Plus 2+1 Gratuito"},"content":{"rendered":"<h4>Bolsas para aspiradora Kirby Micron Magic Plus 2+1 Gratuito<\/h4>\n<p><b>Kirby MICRON MAGIC MICROALLERGEN PLUS bolsas desechables con filtraci\u00f3n HEPA.<\/b><\/p>\n<p class=\"p1\">Bolsas para aspiradora Kirby, 6 piezas en el empaque.<\/p>\n<p><strong>La mejor bolsa de polvo de Kirby.<br \/>\n<\/strong>La bolsa de polvo est\u00e1 compuesta de 3 capas; las dos capas m\u00e1s internas est\u00e1n hechas de HEPA grueso y la capa exterior es una bolsa de tela gruesa.<\/p>\n<p>trampas de filtraci\u00f3n HEPA part\u00edculas de hasta .03 micras.<\/p>\n<p><strong>Este producto es adecuado para los tipos:<\/strong><\/p>\n<ul>\n<li>Avalir<\/li>\n<li>Sentria II (G10D)<\/li>\n<li>Sentria (G10)<\/li>\n<li>Ultimate G Diamond Ed.(G7D or DE)<\/li>\n<li>Ultimate G (G7 or UG)<\/li>\n<li>Generation 6 (G6)<\/li>\n<li>Generation 5 (G5)<\/li>\n<li>Generation 4 (G4)<\/li>\n<li>Generation 3 (G3)<\/li>\n<li>Legend II (LII, Legend 2)<\/li>\n<li>Heritage II (HII, Heritage 2)<\/li>\n<\/ul>\n","protected":false},"excerpt":{"rendered":"<p><span style=\"color: #ff0000;\">Su ventaja \u20ac 42.95<\/span><\/p>\n[trustindex data-widget-id=48bbd87242952812953642309d4]\n<h3><span style=\"color: #008000;\"><br \/>\nEn stock<\/span><\/h3>\n[av_font_icon icon='ue812' font='entypo-fontello' style='' caption='' size='25px' position='left' color='#43ad66' link='' linktarget='' title_attr='' sonar_effect_effect='' sonar_effect_color='' sonar_effect_duration='1' sonar_effect_scale='' sonar_effect_opac='0.5' animation='' id='' custom_class='' template_class='' av_uid='' sc_version='1.0' admin_preview_bg=''][\/av_font_icon]\n<p><span style=\"color: #008000;\">Pedido antes de las 23:59, enviado ma\u00f1ana<\/span><\/p>\n<p>&nbsp;<\/p>\n","protected":false},"featured_media":58060,"comment_status":"open","ping_status":"closed","template":"","meta":[],"product_brand":[],"product_cat":[446],"product_tag":[],"class_list":{"0":"post-30313","1":"product","2":"type-product","3":"status-publish","4":"has-post-thumbnail","6":"product_cat-geen-categorie","8":"first","9":"instock","10":"sale","11":"taxable","12":"shipping-taxable","13":"purchasable","14":"product-type-simple"},"yoast_head":"<!-- This site is optimized with the Yoast SEO Premium plugin v27.1 (Yoast SEO v27.4) - https:\/\/yoast.com\/product\/yoast-seo-premium-wordpress\/ -->\n<title>Bolsas para aspiradora Kirby Micron Magic Plus 2+1 Gratuito - Veltec Kirby specialist<\/title>\n<meta name=\"description\" content=\"Bolsas para aspiradora Kirby Micron Magic Plus 2+1 Gratuito Veltec es el proveedor de aspiradoras Kirby desde hace m\u00e1s de 20 a\u00f1os.\" \/>\n<meta name=\"robots\" content=\"index, follow, max-snippet:-1, max-image-preview:large, max-video-preview:-1\" \/>\n<link rel=\"canonical\" href=\"https:\/\/www.veltec.eu\/es\/product\/bolsas-para-aspiradora-kirby-micron-magic-plus-21-gratuito\/\" \/>\n<meta property=\"og:locale\" content=\"es_ES\" \/>\n<meta property=\"og:type\" content=\"article\" \/>\n<meta property=\"og:title\" content=\"Bolsas para aspiradora Kirby Micron Magic Plus 2+1 Gratuito\" \/>\n<meta property=\"og:description\" content=\"Su ventaja \u20ac 42.95    En stock   Pedido antes de las 23:59, enviado ma\u00f1ana  &nbsp;\" \/>\n<meta property=\"og:url\" content=\"https:\/\/www.veltec.eu\/es\/product\/bolsas-para-aspiradora-kirby-micron-magic-plus-21-gratuito\/\" \/>\n<meta property=\"og:site_name\" content=\"Veltec Kirby specialist\" \/>\n<meta property=\"article:publisher\" content=\"https:\/\/www.facebook.com\/Veltec-Kirby-Specialist-236746293374877\/\" \/>\n<meta property=\"article:modified_time\" content=\"2025-01-24T11:27:25+00:00\" \/>\n<meta property=\"og:image\" content=\"https:\/\/www.veltec.eu\/wp-content\/uploads\/2020\/02\/IMG_627-2.jpg\" \/>\n\t<meta property=\"og:image:width\" content=\"450\" \/>\n\t<meta property=\"og:image:height\" content=\"450\" \/>\n\t<meta property=\"og:image:type\" content=\"image\/jpeg\" \/>\n<meta name=\"twitter:card\" content=\"summary_large_image\" \/>\n<meta name=\"twitter:label1\" content=\"Tiempo de lectura\" \/>\n\t<meta name=\"twitter:data1\" content=\"1 minuto\" \/>\n<script type=\"application\/ld+json\" class=\"yoast-schema-graph\">{\"@context\":\"https:\\\/\\\/schema.org\",\"@graph\":[{\"@type\":\"WebPage\",\"@id\":\"https:\\\/\\\/www.veltec.eu\\\/es\\\/product\\\/bolsas-para-aspiradora-kirby-micron-magic-plus-21-gratuito\\\/\",\"url\":\"https:\\\/\\\/www.veltec.eu\\\/es\\\/product\\\/bolsas-para-aspiradora-kirby-micron-magic-plus-21-gratuito\\\/\",\"name\":\"Bolsas para aspiradora Kirby Micron Magic Plus 2+1 Gratuito - Veltec Kirby specialist\",\"isPartOf\":{\"@id\":\"https:\\\/\\\/www.veltec.eu\\\/en\\\/#website\"},\"primaryImageOfPage\":{\"@id\":\"https:\\\/\\\/www.veltec.eu\\\/es\\\/product\\\/bolsas-para-aspiradora-kirby-micron-magic-plus-21-gratuito\\\/#primaryimage\"},\"image\":{\"@id\":\"https:\\\/\\\/www.veltec.eu\\\/es\\\/product\\\/bolsas-para-aspiradora-kirby-micron-magic-plus-21-gratuito\\\/#primaryimage\"},\"thumbnailUrl\":\"https:\\\/\\\/www.veltec.eu\\\/wp-content\\\/uploads\\\/2020\\\/02\\\/IMG_627-2.jpg\",\"datePublished\":\"2020-02-04T12:14:38+00:00\",\"dateModified\":\"2025-01-24T11:27:25+00:00\",\"description\":\"Bolsas para aspiradora Kirby Micron Magic Plus 2+1 Gratuito Veltec es el proveedor de aspiradoras Kirby desde hace m\u00e1s de 20 a\u00f1os.\",\"breadcrumb\":{\"@id\":\"https:\\\/\\\/www.veltec.eu\\\/es\\\/product\\\/bolsas-para-aspiradora-kirby-micron-magic-plus-21-gratuito\\\/#breadcrumb\"},\"inLanguage\":\"es\",\"potentialAction\":[{\"@type\":\"ReadAction\",\"target\":[\"https:\\\/\\\/www.veltec.eu\\\/es\\\/product\\\/bolsas-para-aspiradora-kirby-micron-magic-plus-21-gratuito\\\/\"]}]},{\"@type\":\"ImageObject\",\"inLanguage\":\"es\",\"@id\":\"https:\\\/\\\/www.veltec.eu\\\/es\\\/product\\\/bolsas-para-aspiradora-kirby-micron-magic-plus-21-gratuito\\\/#primaryimage\",\"url\":\"https:\\\/\\\/www.veltec.eu\\\/wp-content\\\/uploads\\\/2020\\\/02\\\/IMG_627-2.jpg\",\"contentUrl\":\"https:\\\/\\\/www.veltec.eu\\\/wp-content\\\/uploads\\\/2020\\\/02\\\/IMG_627-2.jpg\",\"width\":450,\"height\":450},{\"@type\":\"BreadcrumbList\",\"@id\":\"https:\\\/\\\/www.veltec.eu\\\/es\\\/product\\\/bolsas-para-aspiradora-kirby-micron-magic-plus-21-gratuito\\\/#breadcrumb\",\"itemListElement\":[{\"@type\":\"ListItem\",\"position\":1,\"name\":\"Home\",\"item\":\"https:\\\/\\\/www.veltec.eu\\\/es\\\/\"},{\"@type\":\"ListItem\",\"position\":2,\"name\":\"Produits\",\"item\":\"https:\\\/\\\/www.veltec.eu\\\/fr\\\/shop\\\/\"},{\"@type\":\"ListItem\",\"position\":3,\"name\":\"Bolsas para aspiradora Kirby Micron Magic Plus 2+1 Gratuito\"}]},{\"@type\":\"WebSite\",\"@id\":\"https:\\\/\\\/www.veltec.eu\\\/en\\\/#website\",\"url\":\"https:\\\/\\\/www.veltec.eu\\\/en\\\/\",\"name\":\"Veltec Kirby specialist\",\"description\":\"Kirby stofzuiger producten\",\"publisher\":{\"@id\":\"https:\\\/\\\/www.veltec.eu\\\/en\\\/#organization\"},\"potentialAction\":[{\"@type\":\"SearchAction\",\"target\":{\"@type\":\"EntryPoint\",\"urlTemplate\":\"https:\\\/\\\/www.veltec.eu\\\/en\\\/?s={search_term_string}\"},\"query-input\":{\"@type\":\"PropertyValueSpecification\",\"valueRequired\":true,\"valueName\":\"search_term_string\"}}],\"inLanguage\":\"es\"},{\"@type\":\"Organization\",\"@id\":\"https:\\\/\\\/www.veltec.eu\\\/en\\\/#organization\",\"name\":\"Veltec Kirby Specialist\",\"url\":\"https:\\\/\\\/www.veltec.eu\\\/en\\\/\",\"logo\":{\"@type\":\"ImageObject\",\"inLanguage\":\"es\",\"@id\":\"https:\\\/\\\/www.veltec.eu\\\/en\\\/#\\\/schema\\\/logo\\\/image\\\/\",\"url\":\"https:\\\/\\\/www.veltec.eu\\\/wp-content\\\/uploads\\\/2021\\\/12\\\/Veltec-log-groot-e1537260889125.png\",\"contentUrl\":\"https:\\\/\\\/www.veltec.eu\\\/wp-content\\\/uploads\\\/2021\\\/12\\\/Veltec-log-groot-e1537260889125.png\",\"width\":200,\"height\":60,\"caption\":\"Veltec Kirby Specialist\"},\"image\":{\"@id\":\"https:\\\/\\\/www.veltec.eu\\\/en\\\/#\\\/schema\\\/logo\\\/image\\\/\"},\"sameAs\":[\"https:\\\/\\\/www.facebook.com\\\/Veltec-Kirby-Specialist-236746293374877\\\/\",\"https:\\\/\\\/www.youtube.com\\\/user\\\/VeltecService\"]}]}<\/script>\n<!-- \/ Yoast SEO Premium plugin. -->","yoast_head_json":{"title":"Bolsas para aspiradora Kirby Micron Magic Plus 2+1 Gratuito - Veltec Kirby specialist","description":"Bolsas para aspiradora Kirby Micron Magic Plus 2+1 Gratuito Veltec es el proveedor de aspiradoras Kirby desde hace m\u00e1s de 20 a\u00f1os.","robots":{"index":"index","follow":"follow","max-snippet":"max-snippet:-1","max-image-preview":"max-image-preview:large","max-video-preview":"max-video-preview:-1"},"canonical":"https:\/\/www.veltec.eu\/es\/product\/bolsas-para-aspiradora-kirby-micron-magic-plus-21-gratuito\/","og_locale":"es_ES","og_type":"article","og_title":"Bolsas para aspiradora Kirby Micron Magic Plus 2+1 Gratuito","og_description":"Su ventaja \u20ac 42.95    En stock   Pedido antes de las 23:59, enviado ma\u00f1ana  &nbsp;","og_url":"https:\/\/www.veltec.eu\/es\/product\/bolsas-para-aspiradora-kirby-micron-magic-plus-21-gratuito\/","og_site_name":"Veltec Kirby specialist","article_publisher":"https:\/\/www.facebook.com\/Veltec-Kirby-Specialist-236746293374877\/","article_modified_time":"2025-01-24T11:27:25+00:00","og_image":[{"width":450,"height":450,"url":"https:\/\/www.veltec.eu\/wp-content\/uploads\/2020\/02\/IMG_627-2.jpg","type":"image\/jpeg"}],"twitter_card":"summary_large_image","twitter_misc":{"Tiempo de lectura":"1 minuto"},"schema":{"@context":"https:\/\/schema.org","@graph":[{"@type":"WebPage","@id":"https:\/\/www.veltec.eu\/es\/product\/bolsas-para-aspiradora-kirby-micron-magic-plus-21-gratuito\/","url":"https:\/\/www.veltec.eu\/es\/product\/bolsas-para-aspiradora-kirby-micron-magic-plus-21-gratuito\/","name":"Bolsas para aspiradora Kirby Micron Magic Plus 2+1 Gratuito - Veltec Kirby specialist","isPartOf":{"@id":"https:\/\/www.veltec.eu\/en\/#website"},"primaryImageOfPage":{"@id":"https:\/\/www.veltec.eu\/es\/product\/bolsas-para-aspiradora-kirby-micron-magic-plus-21-gratuito\/#primaryimage"},"image":{"@id":"https:\/\/www.veltec.eu\/es\/product\/bolsas-para-aspiradora-kirby-micron-magic-plus-21-gratuito\/#primaryimage"},"thumbnailUrl":"https:\/\/www.veltec.eu\/wp-content\/uploads\/2020\/02\/IMG_627-2.jpg","datePublished":"2020-02-04T12:14:38+00:00","dateModified":"2025-01-24T11:27:25+00:00","description":"Bolsas para aspiradora Kirby Micron Magic Plus 2+1 Gratuito Veltec es el proveedor de aspiradoras Kirby desde hace m\u00e1s de 20 a\u00f1os.","breadcrumb":{"@id":"https:\/\/www.veltec.eu\/es\/product\/bolsas-para-aspiradora-kirby-micron-magic-plus-21-gratuito\/#breadcrumb"},"inLanguage":"es","potentialAction":[{"@type":"ReadAction","target":["https:\/\/www.veltec.eu\/es\/product\/bolsas-para-aspiradora-kirby-micron-magic-plus-21-gratuito\/"]}]},{"@type":"ImageObject","inLanguage":"es","@id":"https:\/\/www.veltec.eu\/es\/product\/bolsas-para-aspiradora-kirby-micron-magic-plus-21-gratuito\/#primaryimage","url":"https:\/\/www.veltec.eu\/wp-content\/uploads\/2020\/02\/IMG_627-2.jpg","contentUrl":"https:\/\/www.veltec.eu\/wp-content\/uploads\/2020\/02\/IMG_627-2.jpg","width":450,"height":450},{"@type":"BreadcrumbList","@id":"https:\/\/www.veltec.eu\/es\/product\/bolsas-para-aspiradora-kirby-micron-magic-plus-21-gratuito\/#breadcrumb","itemListElement":[{"@type":"ListItem","position":1,"name":"Home","item":"https:\/\/www.veltec.eu\/es\/"},{"@type":"ListItem","position":2,"name":"Produits","item":"https:\/\/www.veltec.eu\/fr\/shop\/"},{"@type":"ListItem","position":3,"name":"Bolsas para aspiradora Kirby Micron Magic Plus 2+1 Gratuito"}]},{"@type":"WebSite","@id":"https:\/\/www.veltec.eu\/en\/#website","url":"https:\/\/www.veltec.eu\/en\/","name":"Veltec Kirby specialist","description":"Kirby stofzuiger producten","publisher":{"@id":"https:\/\/www.veltec.eu\/en\/#organization"},"potentialAction":[{"@type":"SearchAction","target":{"@type":"EntryPoint","urlTemplate":"https:\/\/www.veltec.eu\/en\/?s={search_term_string}"},"query-input":{"@type":"PropertyValueSpecification","valueRequired":true,"valueName":"search_term_string"}}],"inLanguage":"es"},{"@type":"Organization","@id":"https:\/\/www.veltec.eu\/en\/#organization","name":"Veltec Kirby Specialist","url":"https:\/\/www.veltec.eu\/en\/","logo":{"@type":"ImageObject","inLanguage":"es","@id":"https:\/\/www.veltec.eu\/en\/#\/schema\/logo\/image\/","url":"https:\/\/www.veltec.eu\/wp-content\/uploads\/2021\/12\/Veltec-log-groot-e1537260889125.png","contentUrl":"https:\/\/www.veltec.eu\/wp-content\/uploads\/2021\/12\/Veltec-log-groot-e1537260889125.png","width":200,"height":60,"caption":"Veltec Kirby Specialist"},"image":{"@id":"https:\/\/www.veltec.eu\/en\/#\/schema\/logo\/image\/"},"sameAs":["https:\/\/www.facebook.com\/Veltec-Kirby-Specialist-236746293374877\/","https:\/\/www.youtube.com\/user\/VeltecService"]}]}},"_links":{"self":[{"href":"https:\/\/www.veltec.eu\/es\/wp-json\/wp\/v2\/product\/30313","targetHints":{"allow":["GET"]}}],"collection":[{"href":"https:\/\/www.veltec.eu\/es\/wp-json\/wp\/v2\/product"}],"about":[{"href":"https:\/\/www.veltec.eu\/es\/wp-json\/wp\/v2\/types\/product"}],"replies":[{"embeddable":true,"href":"https:\/\/www.veltec.eu\/es\/wp-json\/wp\/v2\/comments?post=30313"}],"wp:featuredmedia":[{"embeddable":true,"href":"https:\/\/www.veltec.eu\/es\/wp-json\/wp\/v2\/media\/58060"}],"wp:attachment":[{"href":"https:\/\/www.veltec.eu\/es\/wp-json\/wp\/v2\/media?parent=30313"}],"wp:term":[{"taxonomy":"product_brand","embeddable":true,"href":"https:\/\/www.veltec.eu\/es\/wp-json\/wp\/v2\/product_brand?post=30313"},{"taxonomy":"product_cat","embeddable":true,"href":"https:\/\/www.veltec.eu\/es\/wp-json\/wp\/v2\/product_cat?post=30313"},{"taxonomy":"product_tag","embeddable":true,"href":"https:\/\/www.veltec.eu\/es\/wp-json\/wp\/v2\/product_tag?post=30313"}],"curies":[{"name":"wp","href":"https:\/\/api.w.org\/{rel}","templated":true}]}}