{"id":29790,"date":"2019-12-30T13:57:32","date_gmt":"2019-12-30T11:57:32","guid":{"rendered":"https:\/\/www.veltec.eu\/product\/accesorios-paquete-para-aspiradoras-kirby-veltec-propia-marca-nl66890\/"},"modified":"2026-01-23T13:04:17","modified_gmt":"2026-01-23T11:04:17","slug":"accesorios-paquete-para-aspiradoras-kirby-veltec-propia-marca-nl66890","status":"publish","type":"product","link":"https:\/\/www.veltec.eu\/es\/product\/accesorios-paquete-para-aspiradoras-kirby-veltec-propia-marca-nl66890\/","title":{"rendered":"Accesorios paquete para Aspiradoras Kirby Veltec propia marca"},"content":{"rendered":"<article class=\"text-token-text-primary w-full focus:outline-none [--shadow-height:45px] has-data-writing-block:pointer-events-none has-data-writing-block:-mt-(--shadow-height) has-data-writing-block:pt-(--shadow-height) [&amp;:has([data-writing-block])&gt;*]:pointer-events-auto scroll-mt-[calc(var(--header-height)+min(200px,max(70px,20svh)))]\" dir=\"auto\" tabindex=\"-1\" data-turn-id=\"c0f72e60-e362-44fa-a88b-053a20172ebd\" data-testid=\"conversation-turn-14\" data-scroll-anchor=\"false\" data-turn=\"assistant\">\n<div class=\"text-base my-auto mx-auto [--thread-content-margin:--spacing(4)] @w-sm\/main:[--thread-content-margin:--spacing(6)] @w-lg\/main:[--thread-content-margin:--spacing(16)] px-(--thread-content-margin)\">\n<div class=\"[--thread-content-max-width:40rem] @w-lg\/main:[--thread-content-max-width:48rem] mx-auto max-w-(--thread-content-max-width) flex-1 group\/turn-messages focus-visible:outline-hidden relative flex w-full min-w-0 flex-col agent-turn\" tabindex=\"-1\">\n<div class=\"flex max-w-full flex-col grow\">\n<div class=\"min-h-8 text-message relative flex w-full flex-col items-end gap-2 text-start break-words whitespace-normal [.text-message+&amp;]:mt-1\" dir=\"auto\" data-message-author-role=\"assistant\" data-message-id=\"16c8bd0f-d141-46f6-aacb-64764694cd20\" data-message-model-slug=\"gpt-5-mini\">\n<div class=\"flex w-full flex-col gap-1 empty:hidden first:pt-[1px]\">\n<div class=\"markdown prose dark:prose-invert w-full wrap-break-word light markdown-new-styling\">\n<h1 data-start=\"0\" data-end=\"65\">Accesorios paquete para Aspiradoras Kirby Veltec propia marca<\/h1>\n<p data-start=\"67\" data-end=\"401\">Descubra el Accesorios paquete para Aspiradoras Kirby Veltec propia marca, un conjunto completo de accesorios que hace que su aspiradora Kirby sea inmediatamente m\u00e1s vers\u00e1til. Gracias a su compatibilidad universal, este paquete se adapta a cualquier modelo Kirby, ofreci\u00e9ndole m\u00e1s posibilidades de limpieza con una sola inversi\u00f3n.<\/p>\n<h2 data-start=\"403\" data-end=\"841\">\u00bfPor qu\u00e9 elegir el Accesorios paquete para Aspiradoras Kirby Veltec propia marca?<\/h2>\n<p data-start=\"403\" data-end=\"841\">Al elegir este paquete de accesorios, obtiene un set completo de herramientas que hace la limpieza m\u00e1s r\u00e1pida y sencilla. Adem\u00e1s, el paquete est\u00e1 especialmente dise\u00f1ado para diferentes tareas, como aspirar, desempolvar y limpiar superficies delicadas. Por ello, es una opci\u00f3n ideal para quienes desean sacar el m\u00e1ximo provecho de su aspiradora Kirby.<\/p>\n<h3 data-start=\"843\" data-end=\"1190\">Compatibilidad universal con todos los modelos Kirby<\/h3>\n<p data-start=\"843\" data-end=\"1190\">El pack de accesorios\u00a0para aspiradoras Kirby\u00a0es adecuado para cualquier aspiradora Kirby. Esto significa que no necesita buscar un modelo espec\u00edfico, ya que las piezas encajan de forma est\u00e1ndar. Adem\u00e1s, evita costes innecesarios al comprar accesorios por separado.<\/p>\n<h2 data-start=\"1192\" data-end=\"1299\">\u00bfQu\u00e9 incluye el Accesorios paquete para Aspiradoras Kirby Veltec propia marca?<\/h2>\n<p data-start=\"1192\" data-end=\"1299\">Contenido del paquete:<\/p>\n<ul data-start=\"1301\" data-end=\"1486\">\n<li data-start=\"1301\" data-end=\"1334\">Manguera (3 m) con conexiones<\/li>\n<li data-start=\"1335\" data-end=\"1381\">Cepillo para parquet con cerdas de caballo<\/li>\n<li data-start=\"1382\" data-end=\"1406\">2 tubos de extensi\u00f3n<\/li>\n<li data-start=\"1407\" data-end=\"1432\">Boquilla para muebles<\/li>\n<li data-start=\"1433\" data-end=\"1461\">Cepillo para desempolvar<\/li>\n<li data-start=\"1462\" data-end=\"1486\">Cepillo para z\u00f3calos<\/li>\n<\/ul>\n<h3 data-start=\"1488\" data-end=\"1775\">Manguera larga para mayor alcance<\/h3>\n<p data-start=\"1488\" data-end=\"1775\">La manguera Kirby de 3 metros con conexiones le permite limpiar f\u00e1cilmente techos altos, escaleras y esquinas dif\u00edciles de alcanzar. As\u00ed, no necesita mover la aspiradora constantemente, lo que ahorra tiempo y hace su rutina de limpieza m\u00e1s c\u00f3moda.<\/p>\n<h3 data-start=\"1777\" data-end=\"2112\">Cepillo para parquet con cerdas de caballo para suelos delicados<\/h3>\n<p data-start=\"1777\" data-end=\"2112\">El cepillo para parquet est\u00e1 dise\u00f1ado para limpiar suelos de madera sin rayarlos. Gracias a las cerdas suaves de caballo, elimina el polvo y la suciedad con cuidado, protegiendo la superficie. Esto es especialmente importante en suelos de madera sensibles a da\u00f1os.<\/p>\n<h3 data-start=\"2114\" data-end=\"2397\">Tubos de extensi\u00f3n para mayor flexibilidad<\/h3>\n<p data-start=\"2114\" data-end=\"2397\">Los dos tubos de extensi\u00f3n de pl\u00e1stico le ofrecen mayor alcance, facilitando la limpieza debajo de muebles y encima de armarios. Adem\u00e1s, son ligeros y resistentes, garantizando un uso prolongado y simplificando las tareas de limpieza.<\/p>\n<h3 data-start=\"2399\" data-end=\"2755\">Boquilla para muebles y cepillo para desempolvar para muebles y superficies delicadas<\/h3>\n<p data-start=\"2399\" data-end=\"2755\">La boquilla para muebles es ideal para aspirar sof\u00e1s, escaleras y cortinas. Adem\u00e1s, el cepillo para desempolvar es perfecto para superficies delicadas como persianas y electr\u00f3nica. Gracias a sus cerdas suaves, limpia sin rayar, eliminando el polvo de forma eficaz.<\/p>\n<h3 data-start=\"2757\" data-end=\"2987\">Cepillo para z\u00f3calos para espacios estrechos<\/h3>\n<p data-start=\"2757\" data-end=\"2987\">El cepillo para z\u00f3calos elimina el polvo de grietas y a lo largo de los z\u00f3calos sin causar da\u00f1os. De esta forma, obtiene un acabado m\u00e1s limpio, incluso en zonas de dif\u00edcil acceso.<\/p>\n<h2 data-start=\"2989\" data-end=\"3378\">Ventajas del Accesorios paquete para Aspiradoras Kirby Veltec propia marca<\/h2>\n<p data-start=\"2989\" data-end=\"3378\">En primer lugar, este paquete aumenta la eficiencia de su aspiradora Kirby al ofrecer varios accesorios en un solo set completo. Adem\u00e1s, es una soluci\u00f3n rentable, ya que no necesita comprar piezas por separado. Por \u00faltimo, usar las herramientas adecuadas contribuye a prolongar la vida \u00fatil de su aspiradora.<\/p>\n<p data-start=\"3380\" data-end=\"3867\" data-is-last-node=\"\" data-is-only-node=\"\">Este pack de accesorios para aspiradoras Kirby Veltec propia marca mejora considerablemente la eficiencia de su rutina de limpieza, porque siempre tendr\u00e1 el accesorio correcto a mano. \u00bfBusca accesorios o piezas adicionales? Entonces consulte nuestros otros productos, como la <a href=\"https:\/\/www.veltec.eu\/es\/manguera-accesorios-kirby\/\" target=\"_blank\" rel=\"noopener\">manguera y accesorios Kirby<\/a> o el s<a href=\"https:\/\/www.veltec.eu\/es\/product\/juego-de-accesorios-kirby-de-14-piezas-nl6768\/\" target=\"_blank\" rel=\"noopener\">et de piezas Kirby<\/a>. Para m\u00e1s informaci\u00f3n sobre accesorios Kirby, tambi\u00e9n puede leer el art\u00edculo del blog: <a href=\"https:\/\/www.servicio-de-aspiradoras-kirby.es\/recambios-kirby\/\" target=\"_blank\" rel=\"noopener\"><em data-start=\"3800\" data-end=\"3866\">Todo sobre las piezas Kirby \u2013 De la transmisi\u00f3n a los accesorios<\/em>.<\/a><\/p>\n<\/div>\n<\/div>\n<\/div>\n<\/div>\n<\/div>\n<\/div>\n<\/article>\n","protected":false},"excerpt":{"rendered":"<p>Het Accesorios paquete para Aspiradoras Kirby Veltec propia marca is een complete accessoireset met 3m slang, parketborstel, verlengbuizen en diverse mondstukken. Dit pakket past op alle Kirby modellen en maakt schoonmaken eenvoudiger en effici\u00ebnter.<\/p>\n[trustindex data-widget-id=48bbd87242952812953642309d4]\n<h3><span style=\"color: #008000;\"><br \/>\nEn stock<\/span><\/h3>\n[av_font_icon icon='ue812' font='entypo-fontello' style='' caption='' size='25px' position='left' color='#43ad66' link='' linktarget='' title_attr='' sonar_effect_effect='' sonar_effect_color='' sonar_effect_duration='1' sonar_effect_scale='' sonar_effect_opac='0.5' animation='' id='' custom_class='' template_class='' av_uid='' sc_version='1.0' admin_preview_bg=''][\/av_font_icon]\n<p><span style=\"color: #008000;\">Pedido antes de las 23:59, enviado ma\u00f1ana<\/span><\/p>\n<p>&nbsp;<\/p>\n","protected":false},"featured_media":66177,"comment_status":"open","ping_status":"closed","template":"","meta":[],"product_brand":[],"product_cat":[357,322],"product_tag":[],"class_list":{"0":"post-29790","1":"product","2":"type-product","3":"status-publish","4":"has-post-thumbnail","6":"product_cat-accesorios-kirby","7":"product_cat-manguera-accesorios-kirby","8":"product_shipping_class-klein-es","10":"first","11":"instock","12":"sale","13":"taxable","14":"shipping-taxable","15":"purchasable","16":"product-type-simple"},"yoast_head":"<!-- This site is optimized with the Yoast SEO Premium plugin v27.1 (Yoast SEO v27.3) - https:\/\/yoast.com\/product\/yoast-seo-premium-wordpress\/ -->\n<title>Accesorios paquete para Aspiradoras Kirby Veltec propia marca<\/title>\n<meta name=\"description\" content=\"Accesorios paquete para Aspiradoras Kirby Veltec propia marca con manguera de 3 m, cepillo para parqu\u00e9, tubos extensibles y boquillas.\" \/>\n<meta name=\"robots\" content=\"index, follow, max-snippet:-1, max-image-preview:large, max-video-preview:-1\" \/>\n<link rel=\"canonical\" href=\"https:\/\/www.veltec.eu\/es\/product\/accesorios-paquete-para-aspiradoras-kirby-veltec-propia-marca-nl66890\/\" \/>\n<meta property=\"og:locale\" content=\"es_ES\" \/>\n<meta property=\"og:type\" content=\"article\" \/>\n<meta property=\"og:title\" content=\"Accesorios paquete para Aspiradoras Kirby Veltec propia marca\" \/>\n<meta property=\"og:description\" content=\"Het Accesorios paquete para Aspiradoras Kirby Veltec propia marca is een complete accessoireset met 3m slang, parketborstel, verlengbuizen en diverse mondstukken. Dit pakket past op alle Kirby modellen en maakt schoonmaken eenvoudiger en effici\u00ebnter.    En stock   Pedido antes de las 23:59, enviado ma\u00f1ana  &nbsp;\" \/>\n<meta property=\"og:url\" content=\"https:\/\/www.veltec.eu\/es\/product\/accesorios-paquete-para-aspiradoras-kirby-veltec-propia-marca-nl66890\/\" \/>\n<meta property=\"og:site_name\" content=\"Veltec Kirby specialist\" \/>\n<meta property=\"article:publisher\" content=\"https:\/\/www.facebook.com\/Veltec-Kirby-Specialist-236746293374877\/\" \/>\n<meta property=\"article:modified_time\" content=\"2026-01-23T11:04:17+00:00\" \/>\n<meta property=\"og:image\" content=\"https:\/\/www.veltec.eu\/wp-content\/uploads\/2019\/12\/GV207014AFT-2-3.jpg\" \/>\n\t<meta property=\"og:image:width\" content=\"549\" \/>\n\t<meta property=\"og:image:height\" content=\"549\" \/>\n\t<meta property=\"og:image:type\" content=\"image\/jpeg\" \/>\n<meta name=\"twitter:card\" content=\"summary_large_image\" \/>\n<meta name=\"twitter:label1\" content=\"Tiempo de lectura\" \/>\n\t<meta name=\"twitter:data1\" content=\"3 minutos\" \/>\n<script type=\"application\/ld+json\" class=\"yoast-schema-graph\">{\"@context\":\"https:\\\/\\\/schema.org\",\"@graph\":[{\"@type\":\"WebPage\",\"@id\":\"https:\\\/\\\/www.veltec.eu\\\/es\\\/product\\\/accesorios-paquete-para-aspiradoras-kirby-veltec-propia-marca-nl66890\\\/\",\"url\":\"https:\\\/\\\/www.veltec.eu\\\/es\\\/product\\\/accesorios-paquete-para-aspiradoras-kirby-veltec-propia-marca-nl66890\\\/\",\"name\":\"Accesorios paquete para Aspiradoras Kirby Veltec propia marca\",\"isPartOf\":{\"@id\":\"https:\\\/\\\/www.veltec.eu\\\/en\\\/#website\"},\"primaryImageOfPage\":{\"@id\":\"https:\\\/\\\/www.veltec.eu\\\/es\\\/product\\\/accesorios-paquete-para-aspiradoras-kirby-veltec-propia-marca-nl66890\\\/#primaryimage\"},\"image\":{\"@id\":\"https:\\\/\\\/www.veltec.eu\\\/es\\\/product\\\/accesorios-paquete-para-aspiradoras-kirby-veltec-propia-marca-nl66890\\\/#primaryimage\"},\"thumbnailUrl\":\"https:\\\/\\\/www.veltec.eu\\\/wp-content\\\/uploads\\\/2019\\\/12\\\/GV207014AFT-2-3.jpg\",\"datePublished\":\"2019-12-30T11:57:32+00:00\",\"dateModified\":\"2026-01-23T11:04:17+00:00\",\"description\":\"Accesorios paquete para Aspiradoras Kirby Veltec propia marca con manguera de 3 m, cepillo para parqu\u00e9, tubos extensibles y boquillas.\",\"breadcrumb\":{\"@id\":\"https:\\\/\\\/www.veltec.eu\\\/es\\\/product\\\/accesorios-paquete-para-aspiradoras-kirby-veltec-propia-marca-nl66890\\\/#breadcrumb\"},\"inLanguage\":\"es\",\"potentialAction\":[{\"@type\":\"ReadAction\",\"target\":[\"https:\\\/\\\/www.veltec.eu\\\/es\\\/product\\\/accesorios-paquete-para-aspiradoras-kirby-veltec-propia-marca-nl66890\\\/\"]}]},{\"@type\":\"ImageObject\",\"inLanguage\":\"es\",\"@id\":\"https:\\\/\\\/www.veltec.eu\\\/es\\\/product\\\/accesorios-paquete-para-aspiradoras-kirby-veltec-propia-marca-nl66890\\\/#primaryimage\",\"url\":\"https:\\\/\\\/www.veltec.eu\\\/wp-content\\\/uploads\\\/2019\\\/12\\\/GV207014AFT-2-3.jpg\",\"contentUrl\":\"https:\\\/\\\/www.veltec.eu\\\/wp-content\\\/uploads\\\/2019\\\/12\\\/GV207014AFT-2-3.jpg\",\"width\":549,\"height\":549},{\"@type\":\"BreadcrumbList\",\"@id\":\"https:\\\/\\\/www.veltec.eu\\\/es\\\/product\\\/accesorios-paquete-para-aspiradoras-kirby-veltec-propia-marca-nl66890\\\/#breadcrumb\",\"itemListElement\":[{\"@type\":\"ListItem\",\"position\":1,\"name\":\"Home\",\"item\":\"https:\\\/\\\/www.veltec.eu\\\/es\\\/\"},{\"@type\":\"ListItem\",\"position\":2,\"name\":\"Produits\",\"item\":\"https:\\\/\\\/www.veltec.eu\\\/fr\\\/shop\\\/\"},{\"@type\":\"ListItem\",\"position\":3,\"name\":\"Accesorios paquete para Aspiradoras Kirby Veltec propia marca\"}]},{\"@type\":\"WebSite\",\"@id\":\"https:\\\/\\\/www.veltec.eu\\\/en\\\/#website\",\"url\":\"https:\\\/\\\/www.veltec.eu\\\/en\\\/\",\"name\":\"Veltec Kirby specialist\",\"description\":\"Kirby stofzuiger producten\",\"publisher\":{\"@id\":\"https:\\\/\\\/www.veltec.eu\\\/en\\\/#organization\"},\"potentialAction\":[{\"@type\":\"SearchAction\",\"target\":{\"@type\":\"EntryPoint\",\"urlTemplate\":\"https:\\\/\\\/www.veltec.eu\\\/en\\\/?s={search_term_string}\"},\"query-input\":{\"@type\":\"PropertyValueSpecification\",\"valueRequired\":true,\"valueName\":\"search_term_string\"}}],\"inLanguage\":\"es\"},{\"@type\":\"Organization\",\"@id\":\"https:\\\/\\\/www.veltec.eu\\\/en\\\/#organization\",\"name\":\"Veltec Kirby Specialist\",\"url\":\"https:\\\/\\\/www.veltec.eu\\\/en\\\/\",\"logo\":{\"@type\":\"ImageObject\",\"inLanguage\":\"es\",\"@id\":\"https:\\\/\\\/www.veltec.eu\\\/en\\\/#\\\/schema\\\/logo\\\/image\\\/\",\"url\":\"https:\\\/\\\/www.veltec.eu\\\/wp-content\\\/uploads\\\/2021\\\/12\\\/Veltec-log-groot-e1537260889125.png\",\"contentUrl\":\"https:\\\/\\\/www.veltec.eu\\\/wp-content\\\/uploads\\\/2021\\\/12\\\/Veltec-log-groot-e1537260889125.png\",\"width\":200,\"height\":60,\"caption\":\"Veltec Kirby Specialist\"},\"image\":{\"@id\":\"https:\\\/\\\/www.veltec.eu\\\/en\\\/#\\\/schema\\\/logo\\\/image\\\/\"},\"sameAs\":[\"https:\\\/\\\/www.facebook.com\\\/Veltec-Kirby-Specialist-236746293374877\\\/\",\"https:\\\/\\\/www.youtube.com\\\/user\\\/VeltecService\"]}]}<\/script>\n<!-- \/ Yoast SEO Premium plugin. -->","yoast_head_json":{"title":"Accesorios paquete para Aspiradoras Kirby Veltec propia marca","description":"Accesorios paquete para Aspiradoras Kirby Veltec propia marca con manguera de 3 m, cepillo para parqu\u00e9, tubos extensibles y boquillas.","robots":{"index":"index","follow":"follow","max-snippet":"max-snippet:-1","max-image-preview":"max-image-preview:large","max-video-preview":"max-video-preview:-1"},"canonical":"https:\/\/www.veltec.eu\/es\/product\/accesorios-paquete-para-aspiradoras-kirby-veltec-propia-marca-nl66890\/","og_locale":"es_ES","og_type":"article","og_title":"Accesorios paquete para Aspiradoras Kirby Veltec propia marca","og_description":"Het Accesorios paquete para Aspiradoras Kirby Veltec propia marca is een complete accessoireset met 3m slang, parketborstel, verlengbuizen en diverse mondstukken. Dit pakket past op alle Kirby modellen en maakt schoonmaken eenvoudiger en effici\u00ebnter.    En stock   Pedido antes de las 23:59, enviado ma\u00f1ana  &nbsp;","og_url":"https:\/\/www.veltec.eu\/es\/product\/accesorios-paquete-para-aspiradoras-kirby-veltec-propia-marca-nl66890\/","og_site_name":"Veltec Kirby specialist","article_publisher":"https:\/\/www.facebook.com\/Veltec-Kirby-Specialist-236746293374877\/","article_modified_time":"2026-01-23T11:04:17+00:00","og_image":[{"width":549,"height":549,"url":"https:\/\/www.veltec.eu\/wp-content\/uploads\/2019\/12\/GV207014AFT-2-3.jpg","type":"image\/jpeg"}],"twitter_card":"summary_large_image","twitter_misc":{"Tiempo de lectura":"3 minutos"},"schema":{"@context":"https:\/\/schema.org","@graph":[{"@type":"WebPage","@id":"https:\/\/www.veltec.eu\/es\/product\/accesorios-paquete-para-aspiradoras-kirby-veltec-propia-marca-nl66890\/","url":"https:\/\/www.veltec.eu\/es\/product\/accesorios-paquete-para-aspiradoras-kirby-veltec-propia-marca-nl66890\/","name":"Accesorios paquete para Aspiradoras Kirby Veltec propia marca","isPartOf":{"@id":"https:\/\/www.veltec.eu\/en\/#website"},"primaryImageOfPage":{"@id":"https:\/\/www.veltec.eu\/es\/product\/accesorios-paquete-para-aspiradoras-kirby-veltec-propia-marca-nl66890\/#primaryimage"},"image":{"@id":"https:\/\/www.veltec.eu\/es\/product\/accesorios-paquete-para-aspiradoras-kirby-veltec-propia-marca-nl66890\/#primaryimage"},"thumbnailUrl":"https:\/\/www.veltec.eu\/wp-content\/uploads\/2019\/12\/GV207014AFT-2-3.jpg","datePublished":"2019-12-30T11:57:32+00:00","dateModified":"2026-01-23T11:04:17+00:00","description":"Accesorios paquete para Aspiradoras Kirby Veltec propia marca con manguera de 3 m, cepillo para parqu\u00e9, tubos extensibles y boquillas.","breadcrumb":{"@id":"https:\/\/www.veltec.eu\/es\/product\/accesorios-paquete-para-aspiradoras-kirby-veltec-propia-marca-nl66890\/#breadcrumb"},"inLanguage":"es","potentialAction":[{"@type":"ReadAction","target":["https:\/\/www.veltec.eu\/es\/product\/accesorios-paquete-para-aspiradoras-kirby-veltec-propia-marca-nl66890\/"]}]},{"@type":"ImageObject","inLanguage":"es","@id":"https:\/\/www.veltec.eu\/es\/product\/accesorios-paquete-para-aspiradoras-kirby-veltec-propia-marca-nl66890\/#primaryimage","url":"https:\/\/www.veltec.eu\/wp-content\/uploads\/2019\/12\/GV207014AFT-2-3.jpg","contentUrl":"https:\/\/www.veltec.eu\/wp-content\/uploads\/2019\/12\/GV207014AFT-2-3.jpg","width":549,"height":549},{"@type":"BreadcrumbList","@id":"https:\/\/www.veltec.eu\/es\/product\/accesorios-paquete-para-aspiradoras-kirby-veltec-propia-marca-nl66890\/#breadcrumb","itemListElement":[{"@type":"ListItem","position":1,"name":"Home","item":"https:\/\/www.veltec.eu\/es\/"},{"@type":"ListItem","position":2,"name":"Produits","item":"https:\/\/www.veltec.eu\/fr\/shop\/"},{"@type":"ListItem","position":3,"name":"Accesorios paquete para Aspiradoras Kirby Veltec propia marca"}]},{"@type":"WebSite","@id":"https:\/\/www.veltec.eu\/en\/#website","url":"https:\/\/www.veltec.eu\/en\/","name":"Veltec Kirby specialist","description":"Kirby stofzuiger producten","publisher":{"@id":"https:\/\/www.veltec.eu\/en\/#organization"},"potentialAction":[{"@type":"SearchAction","target":{"@type":"EntryPoint","urlTemplate":"https:\/\/www.veltec.eu\/en\/?s={search_term_string}"},"query-input":{"@type":"PropertyValueSpecification","valueRequired":true,"valueName":"search_term_string"}}],"inLanguage":"es"},{"@type":"Organization","@id":"https:\/\/www.veltec.eu\/en\/#organization","name":"Veltec Kirby Specialist","url":"https:\/\/www.veltec.eu\/en\/","logo":{"@type":"ImageObject","inLanguage":"es","@id":"https:\/\/www.veltec.eu\/en\/#\/schema\/logo\/image\/","url":"https:\/\/www.veltec.eu\/wp-content\/uploads\/2021\/12\/Veltec-log-groot-e1537260889125.png","contentUrl":"https:\/\/www.veltec.eu\/wp-content\/uploads\/2021\/12\/Veltec-log-groot-e1537260889125.png","width":200,"height":60,"caption":"Veltec Kirby Specialist"},"image":{"@id":"https:\/\/www.veltec.eu\/en\/#\/schema\/logo\/image\/"},"sameAs":["https:\/\/www.facebook.com\/Veltec-Kirby-Specialist-236746293374877\/","https:\/\/www.youtube.com\/user\/VeltecService"]}]}},"_links":{"self":[{"href":"https:\/\/www.veltec.eu\/es\/wp-json\/wp\/v2\/product\/29790","targetHints":{"allow":["GET"]}}],"collection":[{"href":"https:\/\/www.veltec.eu\/es\/wp-json\/wp\/v2\/product"}],"about":[{"href":"https:\/\/www.veltec.eu\/es\/wp-json\/wp\/v2\/types\/product"}],"replies":[{"embeddable":true,"href":"https:\/\/www.veltec.eu\/es\/wp-json\/wp\/v2\/comments?post=29790"}],"wp:featuredmedia":[{"embeddable":true,"href":"https:\/\/www.veltec.eu\/es\/wp-json\/wp\/v2\/media\/66177"}],"wp:attachment":[{"href":"https:\/\/www.veltec.eu\/es\/wp-json\/wp\/v2\/media?parent=29790"}],"wp:term":[{"taxonomy":"product_brand","embeddable":true,"href":"https:\/\/www.veltec.eu\/es\/wp-json\/wp\/v2\/product_brand?post=29790"},{"taxonomy":"product_cat","embeddable":true,"href":"https:\/\/www.veltec.eu\/es\/wp-json\/wp\/v2\/product_cat?post=29790"},{"taxonomy":"product_tag","embeddable":true,"href":"https:\/\/www.veltec.eu\/es\/wp-json\/wp\/v2\/product_tag?post=29790"}],"curies":[{"name":"wp","href":"https:\/\/api.w.org\/{rel}","templated":true}]}}