{"id":28268,"date":"2019-10-11T10:02:19","date_gmt":"2019-10-11T08:02:19","guid":{"rendered":"https:\/\/www.veltec.eu\/product\/tubo-para-aspiradora-kirby-3-metros-veltec-propia-marca-nl9901\/"},"modified":"2026-03-05T10:18:42","modified_gmt":"2026-03-05T08:18:42","slug":"tubo-para-aspiradora-kirby-3-metros-veltec-propia-marca-nl9901","status":"publish","type":"product","link":"https:\/\/www.veltec.eu\/es\/product\/tubo-para-aspiradora-kirby-3-metros-veltec-propia-marca-nl9901\/","title":{"rendered":"Tubo para Aspiradora Kirby 3 Metros Veltec propia marca"},"content":{"rendered":"<div class=\"flex flex-col text-sm pb-25\">\n<article class=\"text-token-text-primary w-full focus:outline-none [--shadow-height:45px] has-data-writing-block:pointer-events-none has-data-writing-block:-mt-(--shadow-height) has-data-writing-block:pt-(--shadow-height) [&amp;:has([data-writing-block])&gt;*]:pointer-events-auto scroll-mt-[calc(var(--header-height)+min(200px,max(70px,20svh)))]\" dir=\"auto\" tabindex=\"-1\" data-turn-id=\"request-WEB:67e6f81e-555c-4332-892b-6d6767d177c3-4\" data-testid=\"conversation-turn-2\" data-scroll-anchor=\"true\" data-turn=\"assistant\">\n<div class=\"text-base my-auto mx-auto pb-10 [--thread-content-margin:--spacing(4)] @w-sm\/main:[--thread-content-margin:--spacing(6)] @w-lg\/main:[--thread-content-margin:--spacing(16)] px-(--thread-content-margin)\">\n<div class=\"[--thread-content-max-width:40rem] @w-lg\/main:[--thread-content-max-width:48rem] mx-auto max-w-(--thread-content-max-width) flex-1 group\/turn-messages focus-visible:outline-hidden relative flex w-full min-w-0 flex-col agent-turn\" tabindex=\"-1\">\n<div class=\"flex max-w-full flex-col grow\">\n<div class=\"min-h-8 text-message relative flex w-full flex-col items-end gap-2 text-start break-words whitespace-normal [.text-message+&amp;]:mt-1\" dir=\"auto\" data-message-author-role=\"assistant\" data-message-id=\"778f8478-6d69-4201-bb5e-07d021f0085f\" data-message-model-slug=\"gpt-5-2\">\n<div class=\"flex w-full flex-col gap-1 empty:hidden first:pt-[1px]\">\n<div class=\"markdown prose dark:prose-invert w-full wrap-break-word light markdown-new-styling\">\n<h1 data-start=\"0\" data-end=\"49\">Tubo para Aspiradora Kirby 3 Metros veltec propia marca<\/h1>\n<p data-start=\"51\" data-end=\"327\">La Tubo para Aspiradora Kirby 3 Metros Veltec propia marca es una manguera de repuesto completa y universal con fijaci\u00f3n delantera y trasera. Gracias a su longitud adicional y a su acabado de alta calidad, esta manguera ofrece una libertad de movimiento \u00f3ptima y una potencia de succi\u00f3n m\u00e1xima para cualquier aspiradora Kirby.<\/p>\n<h2 data-start=\"334\" data-end=\"417\">Manguera para aspiradora de 3 m de la marca propia Veltec: juego completo con fijaciones<\/h2>\n<p data-start=\"419\" data-end=\"785\">La aspiradora con manguera de 3 m de la marca propia Veltec se suministra con conexiones delantera y trasera, lo que le permite beneficiarse inmediatamente de un ajuste perfecto. Adem\u00e1s, este modelo completo garantiza un montaje sencillo sin necesidad de piezas adicionales. De este modo, la manguera se acopla perfectamente a su sistema Kirby y se mantiene toda la potencia de succi\u00f3n.<\/p>\n<p data-start=\"787\" data-end=\"1012\">Adem\u00e1s, esta manguera de repuesto est\u00e1 fabricada con materiales resistentes al desgaste y flexibles, por lo que no supone ning\u00fan problema su uso intensivo durante largos periodos de tiempo. De este modo, la manguera mantiene su forma y fiabilidad, incluso con un uso diario.<\/p>\n<h2 data-start=\"1019\" data-end=\"1103\">Compatibilidad universal de la manguera para aspiradora de 3 m<\/h2>\n<p data-start=\"1105\" data-end=\"1271\">La tubo para aspiradora 3 Metros Veltec propia marca es universal y compatible con todos los modelos Kirby. Por lo tanto, no tendr\u00e1 que preocuparse por encontrar la conexi\u00f3n adecuada.<\/p>\n<p data-start=\"1273\" data-end=\"1317\">Esta manguera para aspiradora es compatible con, entre otros:<\/p>\n<ul data-start=\"1319\" data-end=\"1562\">\n<li data-start=\"1319\" data-end=\"1338\">Avalir Platinum<\/li>\n<li data-start=\"1339\" data-end=\"1351\">Avalir 2<\/li>\n<li data-start=\"1352\" data-end=\"1364\">Avalir 1<\/li>\n<li data-start=\"1365\" data-end=\"1385\">Sentria 2 (G10D)<\/li>\n<li data-start=\"1386\" data-end=\"1405\">Sentria 1 (G10)<\/li>\n<li data-start=\"1406\" data-end=\"1448\">Ultimate G Diamond Edition (G7D of DE)<\/li>\n<li data-start=\"1449\" data-end=\"1474\">Ultimate G (G7 of UG)<\/li>\n<li data-start=\"1475\" data-end=\"1496\">Generation 6 (G6)<\/li>\n<li data-start=\"1497\" data-end=\"1518\">Generation 5 (G5)<\/li>\n<li data-start=\"1519\" data-end=\"1540\">Generation 4 (G4)<\/li>\n<li data-start=\"1541\" data-end=\"1562\">Generation 3 (G3)<\/li>\n<\/ul>\n<p data-start=\"1564\" data-end=\"1667\">Por lo tanto, esta manguera de 3 metros es una soluci\u00f3n vers\u00e1til tanto para modelos antiguos como nuevos.<\/p>\n<p data-start=\"1669\" data-end=\"1781\">Echa un vistazo a nuestra <a href=\"https:\/\/www.veltec.eu\/es\/manguera-accesorios-kirby\/\" target=\"_blank\" rel=\"noopener\">manguera Kirby y accesorios<\/a> para ver otros complementos.<\/p>\n<h2 data-start=\"1788\" data-end=\"1866\">Mayor alcance gracias al tubo flexible para aspiradora de 3 m<\/h2>\n<p data-start=\"1868\" data-end=\"2106\">Con una longitud de tres metros, la manguera para aspiradora de 3 m de la marca propia Veltec ofrece una libertad de movimiento considerablemente mayor durante la limpieza. De este modo, podr\u00e1 llegar sin esfuerzo a escaleras, techos, muebles y rincones de dif\u00edcil acceso.<\/p>\n<p data-start=\"2108\" data-end=\"2298\">Adem\u00e1s, la longitud adicional reduce la necesidad de cambiar de enchufe, lo que no solo ahorra tiempo, sino que tambi\u00e9n aumenta la eficiencia. Esto hace que la limpieza a fondo sea m\u00e1s f\u00e1cil y c\u00f3moda.<\/p>\n<p>Encontrar\u00e1 m\u00e1s informaci\u00f3n t\u00e9cnica en nuestra p\u00e1gina del blog: <a href=\"https:\/\/www.servicio-de-aspiradoras-kirby.es\/manguera-aspiradora-kirby\/\" target=\"_blank\" rel=\"noopener\">Todo sobre la manguera de la aspiradora Kirby.<\/a><\/p>\n<h2 data-start=\"2457\" data-end=\"2537\">F\u00e1cil instalaci\u00f3n de la manguera para aspiradora de 3 m<\/h2>\n<p data-start=\"2539\" data-end=\"2731\">Gracias al ingenioso sistema de clic, la manguera para aspiradora de 3 m de la marca propia Veltec se monta r\u00e1pidamente. De este modo, podr\u00e1 sustituir su manguera antigua sin necesidad de herramientas ni conocimientos t\u00e9cnicos.<\/p>\n<p data-start=\"2733\" data-end=\"2942\">Adem\u00e1s, el firme acoplamiento evita las p\u00e9rdidas de aire, de modo que su aspiradora Kirby sigue ofreciendo un rendimiento \u00f3ptimo. De este modo, la potencia de succi\u00f3n se mantiene constante y potente en cada uso.<\/p>\n<h2 data-start=\"2949\" data-end=\"3024\">Manguera para aspiradora Kirby de 3 m de la marca propia Veltec, una inversi\u00f3n sostenible.<\/h2>\n<p data-start=\"3026\" data-end=\"3264\">Si elige la manguera para aspiradora de 3 metros de la marca propia Veltec, estar\u00e1 invirtiendo en calidad y durabilidad. Por un lado, prolongar\u00e1 la vida \u00fatil de su aspiradora Kirby y, por otro, evitar\u00e1 un desgaste innecesario del propio aparato.<\/p>\n<p data-start=\"3266\" data-end=\"3583\" data-is-last-node=\"\" data-is-only-node=\"\">Adem\u00e1s, la marca propia Veltec es conocida por su excelente relaci\u00f3n calidad-precio, lo que le permite beneficiarse de un rendimiento fiable a un precio atractivo. En resumen, esta manguera de repuesto Kirby de alta calidad ofrece una combinaci\u00f3n ideal de flexibilidad, amplia compatibilidad y durabilidad, lo que la convierte en una soluci\u00f3n completa y pr\u00e1ctica para su aspiradora Kirby.<\/p>\n<\/div>\n<\/div>\n<\/div>\n<\/div>\n<\/div>\n<\/div>\n<\/article>\n<\/div>\n","protected":false},"excerpt":{"rendered":"<p>La manguera para aspiradora Kirby de 3 m de Veltec ofrece una longitud adicional para un alcance m\u00e1ximo y una instalaci\u00f3n sencilla. Apta para todos los modelos Kirby, incluidos Avalir, Sentria y Ultimate.<\/p>\n[trustindex data-widget-id=48bbd87242952812953642309d4]\n<h3><span style=\"color: #008000;\"><br \/>\nEn stock<\/span><\/h3>\n[av_font_icon icon='ue812' font='entypo-fontello' style='' caption='' size='25px' position='left' color='#43ad66' link='' linktarget='' title_attr='' sonar_effect_effect='' sonar_effect_color='' sonar_effect_duration='1' sonar_effect_scale='' sonar_effect_opac='0.5' animation='' id='' custom_class='' template_class='' av_uid='' sc_version='1.0' admin_preview_bg=''][\/av_font_icon]\n<p><span style=\"color: #008000;\">Pedido antes de las 23:59, enviado ma\u00f1ana<\/span><\/p>\n<p>&nbsp;<\/p>\n","protected":false},"featured_media":28203,"comment_status":"open","ping_status":"closed","template":"","meta":[],"product_brand":[],"product_cat":[322],"product_tag":[],"class_list":{"0":"post-28268","1":"product","2":"type-product","3":"status-publish","4":"has-post-thumbnail","6":"product_cat-manguera-accesorios-kirby","7":"product_shipping_class-klein-es","9":"first","10":"instock","11":"sale","12":"taxable","13":"shipping-taxable","14":"purchasable","15":"product-type-simple"},"yoast_head":"<!-- This site is optimized with the Yoast SEO Premium plugin v27.1 (Yoast SEO v27.4) - https:\/\/yoast.com\/product\/yoast-seo-premium-wordpress\/ -->\n<title>Tubo para Aspiradora Kirby 3 Metros Veltec propia marca - Veltec Kirby specialist<\/title>\n<meta name=\"description\" content=\"Tubo para Aspiradora Kirby 3 Metros Veltec propia marca - Veltec es el proveedor de las aspiradoras Kirby desde hace m\u00e1s de 25 a\u00f1os.\" \/>\n<meta name=\"robots\" content=\"index, follow, max-snippet:-1, max-image-preview:large, max-video-preview:-1\" \/>\n<link rel=\"canonical\" href=\"https:\/\/www.veltec.eu\/es\/product\/tubo-para-aspiradora-kirby-3-metros-veltec-propia-marca-nl9901\/\" \/>\n<meta property=\"og:locale\" content=\"es_ES\" \/>\n<meta property=\"og:type\" content=\"article\" \/>\n<meta property=\"og:title\" content=\"Tubo para Aspiradora Kirby 3 Metros Veltec propia marca\" \/>\n<meta property=\"og:description\" content=\"La manguera para aspiradora Kirby de 3 m de Veltec ofrece una longitud adicional para un alcance m\u00e1ximo y una instalaci\u00f3n sencilla. Apta para todos los modelos Kirby, incluidos Avalir, Sentria y Ultimate.    En stock   Pedido antes de las 23:59, enviado ma\u00f1ana  &nbsp;\" \/>\n<meta property=\"og:url\" content=\"https:\/\/www.veltec.eu\/es\/product\/tubo-para-aspiradora-kirby-3-metros-veltec-propia-marca-nl9901\/\" \/>\n<meta property=\"og:site_name\" content=\"Veltec Kirby specialist\" \/>\n<meta property=\"article:publisher\" content=\"https:\/\/www.facebook.com\/Veltec-Kirby-Specialist-236746293374877\/\" \/>\n<meta property=\"article:modified_time\" content=\"2026-03-05T08:18:42+00:00\" \/>\n<meta property=\"og:image\" content=\"https:\/\/www.veltec.eu\/wp-content\/uploads\/2019\/10\/hose-kirby.jpg\" \/>\n\t<meta property=\"og:image:width\" content=\"500\" \/>\n\t<meta property=\"og:image:height\" content=\"500\" \/>\n\t<meta property=\"og:image:type\" content=\"image\/jpeg\" \/>\n<meta name=\"twitter:card\" content=\"summary_large_image\" \/>\n<meta name=\"twitter:label1\" content=\"Tiempo de lectura\" \/>\n\t<meta name=\"twitter:data1\" content=\"4 minutos\" \/>\n<script type=\"application\/ld+json\" class=\"yoast-schema-graph\">{\"@context\":\"https:\\\/\\\/schema.org\",\"@graph\":[{\"@type\":\"WebPage\",\"@id\":\"https:\\\/\\\/www.veltec.eu\\\/es\\\/product\\\/tubo-para-aspiradora-kirby-3-metros-veltec-propia-marca-nl9901\\\/\",\"url\":\"https:\\\/\\\/www.veltec.eu\\\/es\\\/product\\\/tubo-para-aspiradora-kirby-3-metros-veltec-propia-marca-nl9901\\\/\",\"name\":\"Tubo para Aspiradora Kirby 3 Metros Veltec propia marca - Veltec Kirby specialist\",\"isPartOf\":{\"@id\":\"https:\\\/\\\/www.veltec.eu\\\/en\\\/#website\"},\"primaryImageOfPage\":{\"@id\":\"https:\\\/\\\/www.veltec.eu\\\/es\\\/product\\\/tubo-para-aspiradora-kirby-3-metros-veltec-propia-marca-nl9901\\\/#primaryimage\"},\"image\":{\"@id\":\"https:\\\/\\\/www.veltec.eu\\\/es\\\/product\\\/tubo-para-aspiradora-kirby-3-metros-veltec-propia-marca-nl9901\\\/#primaryimage\"},\"thumbnailUrl\":\"https:\\\/\\\/www.veltec.eu\\\/wp-content\\\/uploads\\\/2019\\\/10\\\/hose-kirby.jpg\",\"datePublished\":\"2019-10-11T08:02:19+00:00\",\"dateModified\":\"2026-03-05T08:18:42+00:00\",\"description\":\"Tubo para Aspiradora Kirby 3 Metros Veltec propia marca - Veltec es el proveedor de las aspiradoras Kirby desde hace m\u00e1s de 25 a\u00f1os.\",\"breadcrumb\":{\"@id\":\"https:\\\/\\\/www.veltec.eu\\\/es\\\/product\\\/tubo-para-aspiradora-kirby-3-metros-veltec-propia-marca-nl9901\\\/#breadcrumb\"},\"inLanguage\":\"es\",\"potentialAction\":[{\"@type\":\"ReadAction\",\"target\":[\"https:\\\/\\\/www.veltec.eu\\\/es\\\/product\\\/tubo-para-aspiradora-kirby-3-metros-veltec-propia-marca-nl9901\\\/\"]}]},{\"@type\":\"ImageObject\",\"inLanguage\":\"es\",\"@id\":\"https:\\\/\\\/www.veltec.eu\\\/es\\\/product\\\/tubo-para-aspiradora-kirby-3-metros-veltec-propia-marca-nl9901\\\/#primaryimage\",\"url\":\"https:\\\/\\\/www.veltec.eu\\\/wp-content\\\/uploads\\\/2019\\\/10\\\/hose-kirby.jpg\",\"contentUrl\":\"https:\\\/\\\/www.veltec.eu\\\/wp-content\\\/uploads\\\/2019\\\/10\\\/hose-kirby.jpg\",\"width\":500,\"height\":500},{\"@type\":\"BreadcrumbList\",\"@id\":\"https:\\\/\\\/www.veltec.eu\\\/es\\\/product\\\/tubo-para-aspiradora-kirby-3-metros-veltec-propia-marca-nl9901\\\/#breadcrumb\",\"itemListElement\":[{\"@type\":\"ListItem\",\"position\":1,\"name\":\"Home\",\"item\":\"https:\\\/\\\/www.veltec.eu\\\/es\\\/\"},{\"@type\":\"ListItem\",\"position\":2,\"name\":\"Produits\",\"item\":\"https:\\\/\\\/www.veltec.eu\\\/fr\\\/shop\\\/\"},{\"@type\":\"ListItem\",\"position\":3,\"name\":\"Tubo para Aspiradora Kirby 3 Metros Veltec propia marca\"}]},{\"@type\":\"WebSite\",\"@id\":\"https:\\\/\\\/www.veltec.eu\\\/en\\\/#website\",\"url\":\"https:\\\/\\\/www.veltec.eu\\\/en\\\/\",\"name\":\"Veltec Kirby specialist\",\"description\":\"Kirby stofzuiger producten\",\"publisher\":{\"@id\":\"https:\\\/\\\/www.veltec.eu\\\/en\\\/#organization\"},\"potentialAction\":[{\"@type\":\"SearchAction\",\"target\":{\"@type\":\"EntryPoint\",\"urlTemplate\":\"https:\\\/\\\/www.veltec.eu\\\/en\\\/?s={search_term_string}\"},\"query-input\":{\"@type\":\"PropertyValueSpecification\",\"valueRequired\":true,\"valueName\":\"search_term_string\"}}],\"inLanguage\":\"es\"},{\"@type\":\"Organization\",\"@id\":\"https:\\\/\\\/www.veltec.eu\\\/en\\\/#organization\",\"name\":\"Veltec Kirby Specialist\",\"url\":\"https:\\\/\\\/www.veltec.eu\\\/en\\\/\",\"logo\":{\"@type\":\"ImageObject\",\"inLanguage\":\"es\",\"@id\":\"https:\\\/\\\/www.veltec.eu\\\/en\\\/#\\\/schema\\\/logo\\\/image\\\/\",\"url\":\"https:\\\/\\\/www.veltec.eu\\\/wp-content\\\/uploads\\\/2021\\\/12\\\/Veltec-log-groot-e1537260889125.png\",\"contentUrl\":\"https:\\\/\\\/www.veltec.eu\\\/wp-content\\\/uploads\\\/2021\\\/12\\\/Veltec-log-groot-e1537260889125.png\",\"width\":200,\"height\":60,\"caption\":\"Veltec Kirby Specialist\"},\"image\":{\"@id\":\"https:\\\/\\\/www.veltec.eu\\\/en\\\/#\\\/schema\\\/logo\\\/image\\\/\"},\"sameAs\":[\"https:\\\/\\\/www.facebook.com\\\/Veltec-Kirby-Specialist-236746293374877\\\/\",\"https:\\\/\\\/www.youtube.com\\\/user\\\/VeltecService\"]}]}<\/script>\n<!-- \/ Yoast SEO Premium plugin. -->","yoast_head_json":{"title":"Tubo para Aspiradora Kirby 3 Metros Veltec propia marca - Veltec Kirby specialist","description":"Tubo para Aspiradora Kirby 3 Metros Veltec propia marca - Veltec es el proveedor de las aspiradoras Kirby desde hace m\u00e1s de 25 a\u00f1os.","robots":{"index":"index","follow":"follow","max-snippet":"max-snippet:-1","max-image-preview":"max-image-preview:large","max-video-preview":"max-video-preview:-1"},"canonical":"https:\/\/www.veltec.eu\/es\/product\/tubo-para-aspiradora-kirby-3-metros-veltec-propia-marca-nl9901\/","og_locale":"es_ES","og_type":"article","og_title":"Tubo para Aspiradora Kirby 3 Metros Veltec propia marca","og_description":"La manguera para aspiradora Kirby de 3 m de Veltec ofrece una longitud adicional para un alcance m\u00e1ximo y una instalaci\u00f3n sencilla. Apta para todos los modelos Kirby, incluidos Avalir, Sentria y Ultimate.    En stock   Pedido antes de las 23:59, enviado ma\u00f1ana  &nbsp;","og_url":"https:\/\/www.veltec.eu\/es\/product\/tubo-para-aspiradora-kirby-3-metros-veltec-propia-marca-nl9901\/","og_site_name":"Veltec Kirby specialist","article_publisher":"https:\/\/www.facebook.com\/Veltec-Kirby-Specialist-236746293374877\/","article_modified_time":"2026-03-05T08:18:42+00:00","og_image":[{"width":500,"height":500,"url":"https:\/\/www.veltec.eu\/wp-content\/uploads\/2019\/10\/hose-kirby.jpg","type":"image\/jpeg"}],"twitter_card":"summary_large_image","twitter_misc":{"Tiempo de lectura":"4 minutos"},"schema":{"@context":"https:\/\/schema.org","@graph":[{"@type":"WebPage","@id":"https:\/\/www.veltec.eu\/es\/product\/tubo-para-aspiradora-kirby-3-metros-veltec-propia-marca-nl9901\/","url":"https:\/\/www.veltec.eu\/es\/product\/tubo-para-aspiradora-kirby-3-metros-veltec-propia-marca-nl9901\/","name":"Tubo para Aspiradora Kirby 3 Metros Veltec propia marca - Veltec Kirby specialist","isPartOf":{"@id":"https:\/\/www.veltec.eu\/en\/#website"},"primaryImageOfPage":{"@id":"https:\/\/www.veltec.eu\/es\/product\/tubo-para-aspiradora-kirby-3-metros-veltec-propia-marca-nl9901\/#primaryimage"},"image":{"@id":"https:\/\/www.veltec.eu\/es\/product\/tubo-para-aspiradora-kirby-3-metros-veltec-propia-marca-nl9901\/#primaryimage"},"thumbnailUrl":"https:\/\/www.veltec.eu\/wp-content\/uploads\/2019\/10\/hose-kirby.jpg","datePublished":"2019-10-11T08:02:19+00:00","dateModified":"2026-03-05T08:18:42+00:00","description":"Tubo para Aspiradora Kirby 3 Metros Veltec propia marca - Veltec es el proveedor de las aspiradoras Kirby desde hace m\u00e1s de 25 a\u00f1os.","breadcrumb":{"@id":"https:\/\/www.veltec.eu\/es\/product\/tubo-para-aspiradora-kirby-3-metros-veltec-propia-marca-nl9901\/#breadcrumb"},"inLanguage":"es","potentialAction":[{"@type":"ReadAction","target":["https:\/\/www.veltec.eu\/es\/product\/tubo-para-aspiradora-kirby-3-metros-veltec-propia-marca-nl9901\/"]}]},{"@type":"ImageObject","inLanguage":"es","@id":"https:\/\/www.veltec.eu\/es\/product\/tubo-para-aspiradora-kirby-3-metros-veltec-propia-marca-nl9901\/#primaryimage","url":"https:\/\/www.veltec.eu\/wp-content\/uploads\/2019\/10\/hose-kirby.jpg","contentUrl":"https:\/\/www.veltec.eu\/wp-content\/uploads\/2019\/10\/hose-kirby.jpg","width":500,"height":500},{"@type":"BreadcrumbList","@id":"https:\/\/www.veltec.eu\/es\/product\/tubo-para-aspiradora-kirby-3-metros-veltec-propia-marca-nl9901\/#breadcrumb","itemListElement":[{"@type":"ListItem","position":1,"name":"Home","item":"https:\/\/www.veltec.eu\/es\/"},{"@type":"ListItem","position":2,"name":"Produits","item":"https:\/\/www.veltec.eu\/fr\/shop\/"},{"@type":"ListItem","position":3,"name":"Tubo para Aspiradora Kirby 3 Metros Veltec propia marca"}]},{"@type":"WebSite","@id":"https:\/\/www.veltec.eu\/en\/#website","url":"https:\/\/www.veltec.eu\/en\/","name":"Veltec Kirby specialist","description":"Kirby stofzuiger producten","publisher":{"@id":"https:\/\/www.veltec.eu\/en\/#organization"},"potentialAction":[{"@type":"SearchAction","target":{"@type":"EntryPoint","urlTemplate":"https:\/\/www.veltec.eu\/en\/?s={search_term_string}"},"query-input":{"@type":"PropertyValueSpecification","valueRequired":true,"valueName":"search_term_string"}}],"inLanguage":"es"},{"@type":"Organization","@id":"https:\/\/www.veltec.eu\/en\/#organization","name":"Veltec Kirby Specialist","url":"https:\/\/www.veltec.eu\/en\/","logo":{"@type":"ImageObject","inLanguage":"es","@id":"https:\/\/www.veltec.eu\/en\/#\/schema\/logo\/image\/","url":"https:\/\/www.veltec.eu\/wp-content\/uploads\/2021\/12\/Veltec-log-groot-e1537260889125.png","contentUrl":"https:\/\/www.veltec.eu\/wp-content\/uploads\/2021\/12\/Veltec-log-groot-e1537260889125.png","width":200,"height":60,"caption":"Veltec Kirby Specialist"},"image":{"@id":"https:\/\/www.veltec.eu\/en\/#\/schema\/logo\/image\/"},"sameAs":["https:\/\/www.facebook.com\/Veltec-Kirby-Specialist-236746293374877\/","https:\/\/www.youtube.com\/user\/VeltecService"]}]}},"_links":{"self":[{"href":"https:\/\/www.veltec.eu\/es\/wp-json\/wp\/v2\/product\/28268","targetHints":{"allow":["GET"]}}],"collection":[{"href":"https:\/\/www.veltec.eu\/es\/wp-json\/wp\/v2\/product"}],"about":[{"href":"https:\/\/www.veltec.eu\/es\/wp-json\/wp\/v2\/types\/product"}],"replies":[{"embeddable":true,"href":"https:\/\/www.veltec.eu\/es\/wp-json\/wp\/v2\/comments?post=28268"}],"wp:featuredmedia":[{"embeddable":true,"href":"https:\/\/www.veltec.eu\/es\/wp-json\/wp\/v2\/media\/28203"}],"wp:attachment":[{"href":"https:\/\/www.veltec.eu\/es\/wp-json\/wp\/v2\/media?parent=28268"}],"wp:term":[{"taxonomy":"product_brand","embeddable":true,"href":"https:\/\/www.veltec.eu\/es\/wp-json\/wp\/v2\/product_brand?post=28268"},{"taxonomy":"product_cat","embeddable":true,"href":"https:\/\/www.veltec.eu\/es\/wp-json\/wp\/v2\/product_cat?post=28268"},{"taxonomy":"product_tag","embeddable":true,"href":"https:\/\/www.veltec.eu\/es\/wp-json\/wp\/v2\/product_tag?post=28268"}],"curies":[{"name":"wp","href":"https:\/\/api.w.org\/{rel}","templated":true}]}}