{"id":26887,"date":"2019-09-12T10:22:14","date_gmt":"2019-09-12T08:22:14","guid":{"rendered":"https:\/\/www.veltec.eu\/product\/ruedas-delanteras-kirby-2x-nl3411\/"},"modified":"2025-04-22T15:04:55","modified_gmt":"2025-04-22T13:04:55","slug":"ruedas-delanteras-avalir-kirby-2x-nl3411","status":"publish","type":"product","link":"https:\/\/www.veltec.eu\/es\/product\/ruedas-delanteras-avalir-kirby-2x-nl3411\/","title":{"rendered":"Ruedas Delanteras Avalir Kirby 2x"},"content":{"rendered":"<h1>Kirby Ruedas delanteras Avalir 2x<\/h1>\n<p>Ruedas delanteras Kirby Avalir 2x para los modelos Kirby abajo.<\/p>\n<p>Estas ruedas delanteras son adecuadas para la aspiradora Kirby;<\/p>\n<ul>\n<li>Avalir Platinum<\/li>\n<li>Avalir 2<\/li>\n<li>Avalir 1<\/li>\n<\/ul>\n<h2>Ruedas delanteras Kirby Avalir 2x &#8211; Estabilidad y maniobrabilidad \u00f3ptimas<\/h2>\n<p>\u00bfEst\u00e1 buscando nuevas ruedas delanteras para su aspiradora Kirby Avalir? Estas ruedas delanteras Kirby est\u00e1n especialmente dise\u00f1adas para los modelos Avalir 1, Avalir 2 y Avalir Platinum. Estas ruedas de alta calidad garantizan que su aspiradora Kirby funcione sin problemas y tenga un rendimiento \u00f3ptimo en distintos tipos de suelos.<\/p>\n<p>Aqu\u00ed encontrar\u00e1 todas las <a href=\"https:\/\/www.veltec.eu\/es\/ruedas-accesorios-kirby\/\">ruedas y accesorios Kirby<\/a><\/p>\n<h3>\u00bfPor qu\u00e9 sustituir las dos ruedas delanteras?<\/h3>\n<p>Es esencial sustituir siempre las dos ruedas delanteras. Con el tiempo, las ruedas originales pueden desgastarse, haciendo que su aspiradora Kirby sea menos maniobrable. Sustituir ambas ruedas al mismo tiempo mantiene el equilibrio \u00f3ptimo y evita un desgaste desigual.<\/p>\n<h3>Montaje sencillo en el eje delantero Kirby<\/h3>\n<p>Las ruedas delanteras Kirby son f\u00e1ciles de montar en el eje delantero de su aspiradora. Gracias a su ajuste perfecto, no tendr\u00e1 que preocuparse por la compatibilidad. Con unos sencillos pasos, puede sustituir las ruedas y conseguir que su aspiradora vuelva a rodar como nueva.<\/p>\n<h3>Ventajas de las ruedas delanteras Kirby Avalir 2x<\/h3>\n<ul>\n<li>Ajuste perfecto: Aptas para Avalir 1, Avalir 2 y Avalir Platinum.<\/li>\n<li>Alta calidad: Material resistente al desgaste para una mayor vida \u00fatil.<\/li>\n<li>Maniobrabilidad \u00f3ptima: Garantiza un movimiento suave sobre moqueta y suelos duros.<\/li>\n<li>F\u00e1cil montaje: Auto-reemplazable sin herramientas adicionales.<\/li>\n<li>Evita da\u00f1os: Las nuevas ruedas reducen el desgaste de la base de la aspiradora.<\/li>\n<li>Mayor rendimiento: Su aspiradora se mueve sin esfuerzo sobre diferentes superficies sin ning\u00fan problema.<\/li>\n<li>Material duradero: Soporta un uso intensivo para una larga vida \u00fatil.<\/li>\n<\/ul>\n<h3>P\u00eddalo hoy mismo<\/h3>\n<p>\u00bfQuiere mejorar el rendimiento de su aspiradora Kirby? Pida ahora las ruedas delanteras Kirby y compruebe la diferencia. Con estas nuevas ruedas, su aspiradora seguir\u00e1 maniobrando sin esfuerzo y mantendr\u00e1 su potencia de succi\u00f3n \u00f3ptima. Aseg\u00farese una experiencia de aspiraci\u00f3n suave y prolongue la vida \u00fatil de su aspiradora Kirby sustituyendo sus ruedas a tiempo.<\/p>\n<p>\u00a1Entrega r\u00e1pida y precios competitivos! Haga su pedido hoy y benef\u00edciese de una experiencia de limpieza m\u00e1s eficaz.<\/p>\n","protected":false},"excerpt":{"rendered":"<p>2 ruedas delanteras para el eje delantero de Kirby.<\/p>\n[trustindex data-widget-id=48bbd87242952812953642309d4]\n<h3><span style=\"color: #008000;\"><br \/>\nEn stock<\/span><\/h3>\n[av_font_icon icon='ue812' font='entypo-fontello' style='' caption='' size='25px' position='left' color='#43ad66' link='' linktarget='' title_attr='' sonar_effect_effect='' sonar_effect_color='' sonar_effect_duration='1' sonar_effect_scale='' sonar_effect_opac='0.5' animation='' id='' custom_class='' template_class='' av_uid='' sc_version='1.0' admin_preview_bg=''][\/av_font_icon]\n<p><span style=\"color: #008000;\">Pedido antes de las 23:59, enviado ma\u00f1ana<\/span><\/p>\n<p>&nbsp;<\/p>\n","protected":false},"featured_media":64677,"comment_status":"open","ping_status":"closed","template":"","meta":[],"product_brand":[],"product_cat":[297],"product_tag":[],"class_list":{"0":"post-26887","1":"product","2":"type-product","3":"status-publish","4":"has-post-thumbnail","6":"product_cat-ruedas-accesorios-kirby","7":"product_shipping_class-klein-es","9":"first","10":"instock","11":"taxable","12":"shipping-taxable","13":"purchasable","14":"product-type-simple"},"yoast_head":"<!-- This site is optimized with the Yoast SEO Premium plugin v27.1 (Yoast SEO v27.4) - https:\/\/yoast.com\/product\/yoast-seo-premium-wordpress\/ -->\n<title>Ruedas Delanteras Avalir Kirby 2x - Veltec Kirby specialist<\/title>\n<meta name=\"description\" content=\"Ruedas Delanteras Avalir Kirby 2x - Veltec Kirby Specialist es el proveedor de las aspiradoras Kirby desde hace m\u00e1s de 25 a\u00f1os.\" \/>\n<meta name=\"robots\" content=\"index, follow, max-snippet:-1, max-image-preview:large, max-video-preview:-1\" \/>\n<link rel=\"canonical\" href=\"https:\/\/www.veltec.eu\/nl\/product\/kirby-voorwieltjes-avalir-2x-nl3411\/\" \/>\n<meta property=\"og:locale\" content=\"es_ES\" \/>\n<meta property=\"og:type\" content=\"article\" \/>\n<meta property=\"og:title\" content=\"Ruedas Delanteras Avalir Kirby 2x\" \/>\n<meta property=\"og:description\" content=\"2 ruedas delanteras para el eje delantero de Kirby.    En stock   Pedido antes de las 23:59, enviado ma\u00f1ana  &nbsp;\" \/>\n<meta property=\"og:url\" content=\"https:\/\/www.veltec.eu\/nl\/product\/kirby-voorwieltjes-avalir-2x-nl3411\/\" \/>\n<meta property=\"og:site_name\" content=\"Veltec Kirby specialist\" \/>\n<meta property=\"article:publisher\" content=\"https:\/\/www.facebook.com\/Veltec-Kirby-Specialist-236746293374877\/\" \/>\n<meta property=\"article:modified_time\" content=\"2025-04-22T13:04:55+00:00\" \/>\n<meta property=\"og:image\" content=\"https:\/\/www.veltec.eu\/wp-content\/uploads\/2019\/09\/Wiel.jpg\" \/>\n\t<meta property=\"og:image:width\" content=\"550\" \/>\n\t<meta property=\"og:image:height\" content=\"550\" \/>\n\t<meta property=\"og:image:type\" content=\"image\/jpeg\" \/>\n<meta name=\"twitter:card\" content=\"summary_large_image\" \/>\n<meta name=\"twitter:label1\" content=\"Tiempo de lectura\" \/>\n\t<meta name=\"twitter:data1\" content=\"2 minutos\" \/>\n<script type=\"application\/ld+json\" class=\"yoast-schema-graph\">{\"@context\":\"https:\\\/\\\/schema.org\",\"@graph\":[{\"@type\":\"WebPage\",\"@id\":\"https:\\\/\\\/www.veltec.eu\\\/nl\\\/product\\\/kirby-voorwieltjes-avalir-2x-nl3411\\\/\",\"url\":\"https:\\\/\\\/www.veltec.eu\\\/nl\\\/product\\\/kirby-voorwieltjes-avalir-2x-nl3411\\\/\",\"name\":\"Ruedas Delanteras Avalir Kirby 2x - Veltec Kirby specialist\",\"isPartOf\":{\"@id\":\"https:\\\/\\\/www.veltec.eu\\\/en\\\/#website\"},\"primaryImageOfPage\":{\"@id\":\"https:\\\/\\\/www.veltec.eu\\\/nl\\\/product\\\/kirby-voorwieltjes-avalir-2x-nl3411\\\/#primaryimage\"},\"image\":{\"@id\":\"https:\\\/\\\/www.veltec.eu\\\/nl\\\/product\\\/kirby-voorwieltjes-avalir-2x-nl3411\\\/#primaryimage\"},\"thumbnailUrl\":\"https:\\\/\\\/www.veltec.eu\\\/wp-content\\\/uploads\\\/2019\\\/09\\\/Wiel.jpg\",\"datePublished\":\"2019-09-12T08:22:14+00:00\",\"dateModified\":\"2025-04-22T13:04:55+00:00\",\"description\":\"Ruedas Delanteras Avalir Kirby 2x - Veltec Kirby Specialist es el proveedor de las aspiradoras Kirby desde hace m\u00e1s de 25 a\u00f1os.\",\"breadcrumb\":{\"@id\":\"https:\\\/\\\/www.veltec.eu\\\/nl\\\/product\\\/kirby-voorwieltjes-avalir-2x-nl3411\\\/#breadcrumb\"},\"inLanguage\":\"es\",\"potentialAction\":[{\"@type\":\"ReadAction\",\"target\":[\"https:\\\/\\\/www.veltec.eu\\\/nl\\\/product\\\/kirby-voorwieltjes-avalir-2x-nl3411\\\/\"]}]},{\"@type\":\"ImageObject\",\"inLanguage\":\"es\",\"@id\":\"https:\\\/\\\/www.veltec.eu\\\/nl\\\/product\\\/kirby-voorwieltjes-avalir-2x-nl3411\\\/#primaryimage\",\"url\":\"https:\\\/\\\/www.veltec.eu\\\/wp-content\\\/uploads\\\/2019\\\/09\\\/Wiel.jpg\",\"contentUrl\":\"https:\\\/\\\/www.veltec.eu\\\/wp-content\\\/uploads\\\/2019\\\/09\\\/Wiel.jpg\",\"width\":550,\"height\":550},{\"@type\":\"BreadcrumbList\",\"@id\":\"https:\\\/\\\/www.veltec.eu\\\/nl\\\/product\\\/kirby-voorwieltjes-avalir-2x-nl3411\\\/#breadcrumb\",\"itemListElement\":[{\"@type\":\"ListItem\",\"position\":1,\"name\":\"Home\",\"item\":\"https:\\\/\\\/www.veltec.eu\\\/es\\\/\"},{\"@type\":\"ListItem\",\"position\":2,\"name\":\"Produits\",\"item\":\"https:\\\/\\\/www.veltec.eu\\\/fr\\\/shop\\\/\"},{\"@type\":\"ListItem\",\"position\":3,\"name\":\"Ruedas Delanteras Avalir Kirby 2x\"}]},{\"@type\":\"WebSite\",\"@id\":\"https:\\\/\\\/www.veltec.eu\\\/en\\\/#website\",\"url\":\"https:\\\/\\\/www.veltec.eu\\\/en\\\/\",\"name\":\"Veltec Kirby specialist\",\"description\":\"Kirby stofzuiger producten\",\"publisher\":{\"@id\":\"https:\\\/\\\/www.veltec.eu\\\/en\\\/#organization\"},\"potentialAction\":[{\"@type\":\"SearchAction\",\"target\":{\"@type\":\"EntryPoint\",\"urlTemplate\":\"https:\\\/\\\/www.veltec.eu\\\/en\\\/?s={search_term_string}\"},\"query-input\":{\"@type\":\"PropertyValueSpecification\",\"valueRequired\":true,\"valueName\":\"search_term_string\"}}],\"inLanguage\":\"es\"},{\"@type\":\"Organization\",\"@id\":\"https:\\\/\\\/www.veltec.eu\\\/en\\\/#organization\",\"name\":\"Veltec Kirby Specialist\",\"url\":\"https:\\\/\\\/www.veltec.eu\\\/en\\\/\",\"logo\":{\"@type\":\"ImageObject\",\"inLanguage\":\"es\",\"@id\":\"https:\\\/\\\/www.veltec.eu\\\/en\\\/#\\\/schema\\\/logo\\\/image\\\/\",\"url\":\"https:\\\/\\\/www.veltec.eu\\\/wp-content\\\/uploads\\\/2021\\\/12\\\/Veltec-log-groot-e1537260889125.png\",\"contentUrl\":\"https:\\\/\\\/www.veltec.eu\\\/wp-content\\\/uploads\\\/2021\\\/12\\\/Veltec-log-groot-e1537260889125.png\",\"width\":200,\"height\":60,\"caption\":\"Veltec Kirby Specialist\"},\"image\":{\"@id\":\"https:\\\/\\\/www.veltec.eu\\\/en\\\/#\\\/schema\\\/logo\\\/image\\\/\"},\"sameAs\":[\"https:\\\/\\\/www.facebook.com\\\/Veltec-Kirby-Specialist-236746293374877\\\/\",\"https:\\\/\\\/www.youtube.com\\\/user\\\/VeltecService\"]}]}<\/script>\n<!-- \/ Yoast SEO Premium plugin. -->","yoast_head_json":{"title":"Ruedas Delanteras Avalir Kirby 2x - Veltec Kirby specialist","description":"Ruedas Delanteras Avalir Kirby 2x - Veltec Kirby Specialist es el proveedor de las aspiradoras Kirby desde hace m\u00e1s de 25 a\u00f1os.","robots":{"index":"index","follow":"follow","max-snippet":"max-snippet:-1","max-image-preview":"max-image-preview:large","max-video-preview":"max-video-preview:-1"},"canonical":"https:\/\/www.veltec.eu\/nl\/product\/kirby-voorwieltjes-avalir-2x-nl3411\/","og_locale":"es_ES","og_type":"article","og_title":"Ruedas Delanteras Avalir Kirby 2x","og_description":"2 ruedas delanteras para el eje delantero de Kirby.    En stock   Pedido antes de las 23:59, enviado ma\u00f1ana  &nbsp;","og_url":"https:\/\/www.veltec.eu\/nl\/product\/kirby-voorwieltjes-avalir-2x-nl3411\/","og_site_name":"Veltec Kirby specialist","article_publisher":"https:\/\/www.facebook.com\/Veltec-Kirby-Specialist-236746293374877\/","article_modified_time":"2025-04-22T13:04:55+00:00","og_image":[{"width":550,"height":550,"url":"https:\/\/www.veltec.eu\/wp-content\/uploads\/2019\/09\/Wiel.jpg","type":"image\/jpeg"}],"twitter_card":"summary_large_image","twitter_misc":{"Tiempo de lectura":"2 minutos"},"schema":{"@context":"https:\/\/schema.org","@graph":[{"@type":"WebPage","@id":"https:\/\/www.veltec.eu\/nl\/product\/kirby-voorwieltjes-avalir-2x-nl3411\/","url":"https:\/\/www.veltec.eu\/nl\/product\/kirby-voorwieltjes-avalir-2x-nl3411\/","name":"Ruedas Delanteras Avalir Kirby 2x - Veltec Kirby specialist","isPartOf":{"@id":"https:\/\/www.veltec.eu\/en\/#website"},"primaryImageOfPage":{"@id":"https:\/\/www.veltec.eu\/nl\/product\/kirby-voorwieltjes-avalir-2x-nl3411\/#primaryimage"},"image":{"@id":"https:\/\/www.veltec.eu\/nl\/product\/kirby-voorwieltjes-avalir-2x-nl3411\/#primaryimage"},"thumbnailUrl":"https:\/\/www.veltec.eu\/wp-content\/uploads\/2019\/09\/Wiel.jpg","datePublished":"2019-09-12T08:22:14+00:00","dateModified":"2025-04-22T13:04:55+00:00","description":"Ruedas Delanteras Avalir Kirby 2x - Veltec Kirby Specialist es el proveedor de las aspiradoras Kirby desde hace m\u00e1s de 25 a\u00f1os.","breadcrumb":{"@id":"https:\/\/www.veltec.eu\/nl\/product\/kirby-voorwieltjes-avalir-2x-nl3411\/#breadcrumb"},"inLanguage":"es","potentialAction":[{"@type":"ReadAction","target":["https:\/\/www.veltec.eu\/nl\/product\/kirby-voorwieltjes-avalir-2x-nl3411\/"]}]},{"@type":"ImageObject","inLanguage":"es","@id":"https:\/\/www.veltec.eu\/nl\/product\/kirby-voorwieltjes-avalir-2x-nl3411\/#primaryimage","url":"https:\/\/www.veltec.eu\/wp-content\/uploads\/2019\/09\/Wiel.jpg","contentUrl":"https:\/\/www.veltec.eu\/wp-content\/uploads\/2019\/09\/Wiel.jpg","width":550,"height":550},{"@type":"BreadcrumbList","@id":"https:\/\/www.veltec.eu\/nl\/product\/kirby-voorwieltjes-avalir-2x-nl3411\/#breadcrumb","itemListElement":[{"@type":"ListItem","position":1,"name":"Home","item":"https:\/\/www.veltec.eu\/es\/"},{"@type":"ListItem","position":2,"name":"Produits","item":"https:\/\/www.veltec.eu\/fr\/shop\/"},{"@type":"ListItem","position":3,"name":"Ruedas Delanteras Avalir Kirby 2x"}]},{"@type":"WebSite","@id":"https:\/\/www.veltec.eu\/en\/#website","url":"https:\/\/www.veltec.eu\/en\/","name":"Veltec Kirby specialist","description":"Kirby stofzuiger producten","publisher":{"@id":"https:\/\/www.veltec.eu\/en\/#organization"},"potentialAction":[{"@type":"SearchAction","target":{"@type":"EntryPoint","urlTemplate":"https:\/\/www.veltec.eu\/en\/?s={search_term_string}"},"query-input":{"@type":"PropertyValueSpecification","valueRequired":true,"valueName":"search_term_string"}}],"inLanguage":"es"},{"@type":"Organization","@id":"https:\/\/www.veltec.eu\/en\/#organization","name":"Veltec Kirby Specialist","url":"https:\/\/www.veltec.eu\/en\/","logo":{"@type":"ImageObject","inLanguage":"es","@id":"https:\/\/www.veltec.eu\/en\/#\/schema\/logo\/image\/","url":"https:\/\/www.veltec.eu\/wp-content\/uploads\/2021\/12\/Veltec-log-groot-e1537260889125.png","contentUrl":"https:\/\/www.veltec.eu\/wp-content\/uploads\/2021\/12\/Veltec-log-groot-e1537260889125.png","width":200,"height":60,"caption":"Veltec Kirby Specialist"},"image":{"@id":"https:\/\/www.veltec.eu\/en\/#\/schema\/logo\/image\/"},"sameAs":["https:\/\/www.facebook.com\/Veltec-Kirby-Specialist-236746293374877\/","https:\/\/www.youtube.com\/user\/VeltecService"]}]}},"_links":{"self":[{"href":"https:\/\/www.veltec.eu\/es\/wp-json\/wp\/v2\/product\/26887","targetHints":{"allow":["GET"]}}],"collection":[{"href":"https:\/\/www.veltec.eu\/es\/wp-json\/wp\/v2\/product"}],"about":[{"href":"https:\/\/www.veltec.eu\/es\/wp-json\/wp\/v2\/types\/product"}],"replies":[{"embeddable":true,"href":"https:\/\/www.veltec.eu\/es\/wp-json\/wp\/v2\/comments?post=26887"}],"wp:featuredmedia":[{"embeddable":true,"href":"https:\/\/www.veltec.eu\/es\/wp-json\/wp\/v2\/media\/64677"}],"wp:attachment":[{"href":"https:\/\/www.veltec.eu\/es\/wp-json\/wp\/v2\/media?parent=26887"}],"wp:term":[{"taxonomy":"product_brand","embeddable":true,"href":"https:\/\/www.veltec.eu\/es\/wp-json\/wp\/v2\/product_brand?post=26887"},{"taxonomy":"product_cat","embeddable":true,"href":"https:\/\/www.veltec.eu\/es\/wp-json\/wp\/v2\/product_cat?post=26887"},{"taxonomy":"product_tag","embeddable":true,"href":"https:\/\/www.veltec.eu\/es\/wp-json\/wp\/v2\/product_tag?post=26887"}],"curies":[{"name":"wp","href":"https:\/\/api.w.org\/{rel}","templated":true}]}}