{"id":21205,"date":"2019-06-11T13:58:14","date_gmt":"2019-06-11T11:58:14","guid":{"rendered":"https:\/\/www.veltec.eu\/product\/robot-limpiacristales-excellence-970-nl502\/"},"modified":"2022-01-15T16:34:22","modified_gmt":"2022-01-15T14:34:22","slug":"robot-limpiacristales-excellence-970-nl502","status":"publish","type":"product","link":"https:\/\/www.veltec.eu\/es\/product\/robot-limpiacristales-excellence-970-nl502\/","title":{"rendered":"Robot limpiacristales Excellence 970"},"content":{"rendered":"<h4>Robot limpiacristales Excellence 970<\/h4>\n<p>Olvida todo lo que has visto hasta ahora en el mundo de la limpieza: bienvenido a un nuevo universo, en el que los cristales ser\u00e1n los protagonistas y t\u00fa un espectador de lujo. Hablamos del asombroso robot limpiacristales Excellence 970, vestido con una impresionante estructura cuadrada, dise\u00f1ada para llegar hasta la esquina m\u00e1s complicada y conseguir unos resultados perfectos. iTECH Win 3.0 software de \u00faltima Clean 5 que permite limpiar en 5 etapas y en 4 modos de limpieza con un impresionante acabado profesional en todo tipo de superficies.<\/p>\n<p>No son superpoderes, es tecnolog\u00eda avanzada.<\/p>\n<hr \/>\n<ul>\n<li>Square Design: limpia bordes y esquinas, dise\u00f1o cuadrado, resultados perfectos de forma aut\u00f3noma.<\/li>\n<li>iTech Win 3.0: Software de inteligencia artificial, calcula la ruta m\u00e1s efectiva, detecta los l\u00edmites de la ventana, limpia completamente las superficies con los \u00faltimos sensores de posici\u00f3n de bordes y distancia del mercado. Realiza el recorrido m\u00e1s eficiente.<\/li>\n<li>Advance Clean 5: limpia en 5 etapas, acabado profesional.<\/li>\n<li>Smart Mopping Vibrator: la mopa superior realiza un movimiento de vaiv\u00e9n constante, limpia y elimina la suciedad m\u00e1s dif\u00edcil.<\/li>\n<li>4 Clean Modes: 4 modos de limpieza autom\u00e1ticos, limpia en cualquier posici\u00f3n; N, Z, Loop y \u00c1rea. Realiza 2 pasadas, acabado impecable.<\/li>\n<li>AllSurfaces: limpia todo tipo de superficies, cristales, espejos, mamparas, azulejos, superficies lisas y ventanas interiores y exteriores.<\/li>\n<li>Loop Mode: modo de limpieza de 10 pasadas por el mismo punto, acaba con toda la suciedad del cristal.<\/li>\n<li>Ultra Silence: menos de 71 dB.<\/li>\n<li>Savetime: limpia ventanas el doble de r\u00e1pido. Llega a los rincones m\u00e1s dif\u00edciles, 4 metros de acci\u00f3n.<\/li>\n<li>Extrapower Suction: potente bomba de succi\u00f3n mantiene adherido al cristal con la m\u00e1xima seguridad. Limpia autom\u00e1ticamente pulsando un bot\u00f3n.<\/li>\n<li>Total Comunication: indica el estado de limpieza con luces y sonido.<\/li>\n<li>Cecotec Security System: limpieza m\u00e1s segura.<\/li>\n<li>UPS: sofisticado sistema de alimentaci\u00f3n ininterrumpida, bater\u00eda de Litio que evita que el robot se caiga al suelo durante 15 minutos, si hay un corte de corriente.<\/li>\n<li>Algoritmo de control antica\u00edda: detecci\u00f3n de obst\u00e1culos, vac\u00edo, marcos y bordes.<\/li>\n<li>Cuerda de seguridad muy resistente con ventosa para adherirse al cristal.<\/li>\n<li>AutoStop System: para de forma autom\u00e1tica al finalizar la limpieza.<\/li>\n<li>Eco-friendly: mopas de microfibra de alta calidad reutilizables con 2 modos de limpieza posibles: en seco y en h\u00famedo con productos especializados.<\/li>\n<li>Remote Control: mando a distancia, control completo del robot.<\/li>\n<li>Horizontal Clean: limpia mesas en los modos manual o loop.<\/li>\n<li>Pr\u00e1ctica asa para f\u00e1cil agarre del producto, bot\u00f3n de encendido ergon\u00f3mico.<\/li>\n<li>Incluye l\u00edquido de limpieza especializado.<\/li>\n<\/ul>\n<p>COMPOSICI\u00d3N<\/p>\n<ul>\n<li>Robot limpiacristales Excellence 970.<\/li>\n<li>Adaptador de corriente.<\/li>\n<li>Cable de alimentaci\u00f3n.<\/li>\n<li>Ventosa de seguridad.<\/li>\n<li>Mando a distancia.<\/li>\n<li>2 mopas.<\/li>\n<li>L\u00edquido de limpieza especializado.<\/li>\n<li>Manual de instrucciones.<\/li>\n<\/ul>\n<p><strong>GARANTI\u0301A:\u00a0<\/strong>2 an\u0303os<br \/>\nEl tiempo de entrega de este producto es de 5-10 d\u00edas<\/p>\n","protected":false},"excerpt":{"rendered":"<p>Square Design: limpia bordes y esquinas, dise\u00f1o cuadrado, resultados perfectos de forma aut\u00f3noma.<\/p>\n","protected":false},"featured_media":30148,"comment_status":"open","ping_status":"closed","template":"","meta":[],"product_brand":[],"product_cat":[26],"product_tag":[],"class_list":{"0":"post-21205","1":"product","2":"type-product","3":"status-publish","4":"has-post-thumbnail","6":"product_cat-overige-producten","8":"first","9":"instock","10":"sale","11":"taxable","12":"shipping-taxable","13":"purchasable","14":"product-type-simple"},"yoast_head":"<!-- This site is optimized with the Yoast SEO Premium plugin v27.1 (Yoast SEO v27.3) - https:\/\/yoast.com\/product\/yoast-seo-premium-wordpress\/ -->\n<title>Robot limpiacristales Excellence 970 - Veltec Kirby specialist<\/title>\n<meta name=\"description\" content=\"Robot limpiacristales Excellence 970 Veltec es el proveedor de las aspiradoras Kirby desde hace m\u00e1s de 20 a\u00f1os. Y es su especialista\" \/>\n<meta name=\"robots\" content=\"index, follow, max-snippet:-1, max-image-preview:large, max-video-preview:-1\" \/>\n<link rel=\"canonical\" href=\"https:\/\/www.veltec.eu\/es\/product\/robot-limpiacristales-excellence-970-nl502\/\" \/>\n<meta property=\"og:locale\" content=\"es_ES\" \/>\n<meta property=\"og:type\" content=\"article\" \/>\n<meta property=\"og:title\" content=\"Robot limpiacristales Excellence 970\" \/>\n<meta property=\"og:description\" content=\"Square Design: limpia bordes y esquinas, dise\u00f1o cuadrado, resultados perfectos de forma aut\u00f3noma.\" \/>\n<meta property=\"og:url\" content=\"https:\/\/www.veltec.eu\/es\/product\/robot-limpiacristales-excellence-970-nl502\/\" \/>\n<meta property=\"og:site_name\" content=\"Veltec Kirby specialist\" \/>\n<meta property=\"article:publisher\" content=\"https:\/\/www.facebook.com\/Veltec-Kirby-Specialist-236746293374877\/\" \/>\n<meta property=\"article:modified_time\" content=\"2022-01-15T14:34:22+00:00\" \/>\n<meta property=\"og:image\" content=\"https:\/\/www.veltec.eu\/wp-content\/uploads\/2019\/06\/conga-windroid-970.jpg\" \/>\n\t<meta property=\"og:image:width\" content=\"500\" \/>\n\t<meta property=\"og:image:height\" content=\"500\" \/>\n\t<meta property=\"og:image:type\" content=\"image\/jpeg\" \/>\n<meta name=\"twitter:card\" content=\"summary_large_image\" \/>\n<meta name=\"twitter:label1\" content=\"Tiempo de lectura\" \/>\n\t<meta name=\"twitter:data1\" content=\"3 minutos\" \/>\n<script type=\"application\/ld+json\" class=\"yoast-schema-graph\">{\"@context\":\"https:\\\/\\\/schema.org\",\"@graph\":[{\"@type\":\"WebPage\",\"@id\":\"https:\\\/\\\/www.veltec.eu\\\/es\\\/product\\\/robot-limpiacristales-excellence-970-nl502\\\/\",\"url\":\"https:\\\/\\\/www.veltec.eu\\\/es\\\/product\\\/robot-limpiacristales-excellence-970-nl502\\\/\",\"name\":\"Robot limpiacristales Excellence 970 - Veltec Kirby specialist\",\"isPartOf\":{\"@id\":\"https:\\\/\\\/www.veltec.eu\\\/en\\\/#website\"},\"primaryImageOfPage\":{\"@id\":\"https:\\\/\\\/www.veltec.eu\\\/es\\\/product\\\/robot-limpiacristales-excellence-970-nl502\\\/#primaryimage\"},\"image\":{\"@id\":\"https:\\\/\\\/www.veltec.eu\\\/es\\\/product\\\/robot-limpiacristales-excellence-970-nl502\\\/#primaryimage\"},\"thumbnailUrl\":\"https:\\\/\\\/www.veltec.eu\\\/wp-content\\\/uploads\\\/2019\\\/06\\\/conga-windroid-970.jpg\",\"datePublished\":\"2019-06-11T11:58:14+00:00\",\"dateModified\":\"2022-01-15T14:34:22+00:00\",\"description\":\"Robot limpiacristales Excellence 970 Veltec es el proveedor de las aspiradoras Kirby desde hace m\u00e1s de 20 a\u00f1os. Y es su especialista\",\"breadcrumb\":{\"@id\":\"https:\\\/\\\/www.veltec.eu\\\/es\\\/product\\\/robot-limpiacristales-excellence-970-nl502\\\/#breadcrumb\"},\"inLanguage\":\"es\",\"potentialAction\":[{\"@type\":\"ReadAction\",\"target\":[\"https:\\\/\\\/www.veltec.eu\\\/es\\\/product\\\/robot-limpiacristales-excellence-970-nl502\\\/\"]}]},{\"@type\":\"ImageObject\",\"inLanguage\":\"es\",\"@id\":\"https:\\\/\\\/www.veltec.eu\\\/es\\\/product\\\/robot-limpiacristales-excellence-970-nl502\\\/#primaryimage\",\"url\":\"https:\\\/\\\/www.veltec.eu\\\/wp-content\\\/uploads\\\/2019\\\/06\\\/conga-windroid-970.jpg\",\"contentUrl\":\"https:\\\/\\\/www.veltec.eu\\\/wp-content\\\/uploads\\\/2019\\\/06\\\/conga-windroid-970.jpg\",\"width\":500,\"height\":500},{\"@type\":\"BreadcrumbList\",\"@id\":\"https:\\\/\\\/www.veltec.eu\\\/es\\\/product\\\/robot-limpiacristales-excellence-970-nl502\\\/#breadcrumb\",\"itemListElement\":[{\"@type\":\"ListItem\",\"position\":1,\"name\":\"Home\",\"item\":\"https:\\\/\\\/www.veltec.eu\\\/es\\\/\"},{\"@type\":\"ListItem\",\"position\":2,\"name\":\"Produits\",\"item\":\"https:\\\/\\\/www.veltec.eu\\\/fr\\\/shop\\\/\"},{\"@type\":\"ListItem\",\"position\":3,\"name\":\"Robot limpiacristales Excellence 970\"}]},{\"@type\":\"WebSite\",\"@id\":\"https:\\\/\\\/www.veltec.eu\\\/en\\\/#website\",\"url\":\"https:\\\/\\\/www.veltec.eu\\\/en\\\/\",\"name\":\"Veltec Kirby specialist\",\"description\":\"Kirby stofzuiger producten\",\"publisher\":{\"@id\":\"https:\\\/\\\/www.veltec.eu\\\/en\\\/#organization\"},\"potentialAction\":[{\"@type\":\"SearchAction\",\"target\":{\"@type\":\"EntryPoint\",\"urlTemplate\":\"https:\\\/\\\/www.veltec.eu\\\/en\\\/?s={search_term_string}\"},\"query-input\":{\"@type\":\"PropertyValueSpecification\",\"valueRequired\":true,\"valueName\":\"search_term_string\"}}],\"inLanguage\":\"es\"},{\"@type\":\"Organization\",\"@id\":\"https:\\\/\\\/www.veltec.eu\\\/en\\\/#organization\",\"name\":\"Veltec Kirby Specialist\",\"url\":\"https:\\\/\\\/www.veltec.eu\\\/en\\\/\",\"logo\":{\"@type\":\"ImageObject\",\"inLanguage\":\"es\",\"@id\":\"https:\\\/\\\/www.veltec.eu\\\/en\\\/#\\\/schema\\\/logo\\\/image\\\/\",\"url\":\"https:\\\/\\\/www.veltec.eu\\\/wp-content\\\/uploads\\\/2021\\\/12\\\/Veltec-log-groot-e1537260889125.png\",\"contentUrl\":\"https:\\\/\\\/www.veltec.eu\\\/wp-content\\\/uploads\\\/2021\\\/12\\\/Veltec-log-groot-e1537260889125.png\",\"width\":200,\"height\":60,\"caption\":\"Veltec Kirby Specialist\"},\"image\":{\"@id\":\"https:\\\/\\\/www.veltec.eu\\\/en\\\/#\\\/schema\\\/logo\\\/image\\\/\"},\"sameAs\":[\"https:\\\/\\\/www.facebook.com\\\/Veltec-Kirby-Specialist-236746293374877\\\/\",\"https:\\\/\\\/www.youtube.com\\\/user\\\/VeltecService\"]}]}<\/script>\n<!-- \/ Yoast SEO Premium plugin. -->","yoast_head_json":{"title":"Robot limpiacristales Excellence 970 - Veltec Kirby specialist","description":"Robot limpiacristales Excellence 970 Veltec es el proveedor de las aspiradoras Kirby desde hace m\u00e1s de 20 a\u00f1os. Y es su especialista","robots":{"index":"index","follow":"follow","max-snippet":"max-snippet:-1","max-image-preview":"max-image-preview:large","max-video-preview":"max-video-preview:-1"},"canonical":"https:\/\/www.veltec.eu\/es\/product\/robot-limpiacristales-excellence-970-nl502\/","og_locale":"es_ES","og_type":"article","og_title":"Robot limpiacristales Excellence 970","og_description":"Square Design: limpia bordes y esquinas, dise\u00f1o cuadrado, resultados perfectos de forma aut\u00f3noma.","og_url":"https:\/\/www.veltec.eu\/es\/product\/robot-limpiacristales-excellence-970-nl502\/","og_site_name":"Veltec Kirby specialist","article_publisher":"https:\/\/www.facebook.com\/Veltec-Kirby-Specialist-236746293374877\/","article_modified_time":"2022-01-15T14:34:22+00:00","og_image":[{"width":500,"height":500,"url":"https:\/\/www.veltec.eu\/wp-content\/uploads\/2019\/06\/conga-windroid-970.jpg","type":"image\/jpeg"}],"twitter_card":"summary_large_image","twitter_misc":{"Tiempo de lectura":"3 minutos"},"schema":{"@context":"https:\/\/schema.org","@graph":[{"@type":"WebPage","@id":"https:\/\/www.veltec.eu\/es\/product\/robot-limpiacristales-excellence-970-nl502\/","url":"https:\/\/www.veltec.eu\/es\/product\/robot-limpiacristales-excellence-970-nl502\/","name":"Robot limpiacristales Excellence 970 - Veltec Kirby specialist","isPartOf":{"@id":"https:\/\/www.veltec.eu\/en\/#website"},"primaryImageOfPage":{"@id":"https:\/\/www.veltec.eu\/es\/product\/robot-limpiacristales-excellence-970-nl502\/#primaryimage"},"image":{"@id":"https:\/\/www.veltec.eu\/es\/product\/robot-limpiacristales-excellence-970-nl502\/#primaryimage"},"thumbnailUrl":"https:\/\/www.veltec.eu\/wp-content\/uploads\/2019\/06\/conga-windroid-970.jpg","datePublished":"2019-06-11T11:58:14+00:00","dateModified":"2022-01-15T14:34:22+00:00","description":"Robot limpiacristales Excellence 970 Veltec es el proveedor de las aspiradoras Kirby desde hace m\u00e1s de 20 a\u00f1os. Y es su especialista","breadcrumb":{"@id":"https:\/\/www.veltec.eu\/es\/product\/robot-limpiacristales-excellence-970-nl502\/#breadcrumb"},"inLanguage":"es","potentialAction":[{"@type":"ReadAction","target":["https:\/\/www.veltec.eu\/es\/product\/robot-limpiacristales-excellence-970-nl502\/"]}]},{"@type":"ImageObject","inLanguage":"es","@id":"https:\/\/www.veltec.eu\/es\/product\/robot-limpiacristales-excellence-970-nl502\/#primaryimage","url":"https:\/\/www.veltec.eu\/wp-content\/uploads\/2019\/06\/conga-windroid-970.jpg","contentUrl":"https:\/\/www.veltec.eu\/wp-content\/uploads\/2019\/06\/conga-windroid-970.jpg","width":500,"height":500},{"@type":"BreadcrumbList","@id":"https:\/\/www.veltec.eu\/es\/product\/robot-limpiacristales-excellence-970-nl502\/#breadcrumb","itemListElement":[{"@type":"ListItem","position":1,"name":"Home","item":"https:\/\/www.veltec.eu\/es\/"},{"@type":"ListItem","position":2,"name":"Produits","item":"https:\/\/www.veltec.eu\/fr\/shop\/"},{"@type":"ListItem","position":3,"name":"Robot limpiacristales Excellence 970"}]},{"@type":"WebSite","@id":"https:\/\/www.veltec.eu\/en\/#website","url":"https:\/\/www.veltec.eu\/en\/","name":"Veltec Kirby specialist","description":"Kirby stofzuiger producten","publisher":{"@id":"https:\/\/www.veltec.eu\/en\/#organization"},"potentialAction":[{"@type":"SearchAction","target":{"@type":"EntryPoint","urlTemplate":"https:\/\/www.veltec.eu\/en\/?s={search_term_string}"},"query-input":{"@type":"PropertyValueSpecification","valueRequired":true,"valueName":"search_term_string"}}],"inLanguage":"es"},{"@type":"Organization","@id":"https:\/\/www.veltec.eu\/en\/#organization","name":"Veltec Kirby Specialist","url":"https:\/\/www.veltec.eu\/en\/","logo":{"@type":"ImageObject","inLanguage":"es","@id":"https:\/\/www.veltec.eu\/en\/#\/schema\/logo\/image\/","url":"https:\/\/www.veltec.eu\/wp-content\/uploads\/2021\/12\/Veltec-log-groot-e1537260889125.png","contentUrl":"https:\/\/www.veltec.eu\/wp-content\/uploads\/2021\/12\/Veltec-log-groot-e1537260889125.png","width":200,"height":60,"caption":"Veltec Kirby Specialist"},"image":{"@id":"https:\/\/www.veltec.eu\/en\/#\/schema\/logo\/image\/"},"sameAs":["https:\/\/www.facebook.com\/Veltec-Kirby-Specialist-236746293374877\/","https:\/\/www.youtube.com\/user\/VeltecService"]}]}},"_links":{"self":[{"href":"https:\/\/www.veltec.eu\/es\/wp-json\/wp\/v2\/product\/21205","targetHints":{"allow":["GET"]}}],"collection":[{"href":"https:\/\/www.veltec.eu\/es\/wp-json\/wp\/v2\/product"}],"about":[{"href":"https:\/\/www.veltec.eu\/es\/wp-json\/wp\/v2\/types\/product"}],"replies":[{"embeddable":true,"href":"https:\/\/www.veltec.eu\/es\/wp-json\/wp\/v2\/comments?post=21205"}],"wp:featuredmedia":[{"embeddable":true,"href":"https:\/\/www.veltec.eu\/es\/wp-json\/wp\/v2\/media\/30148"}],"wp:attachment":[{"href":"https:\/\/www.veltec.eu\/es\/wp-json\/wp\/v2\/media?parent=21205"}],"wp:term":[{"taxonomy":"product_brand","embeddable":true,"href":"https:\/\/www.veltec.eu\/es\/wp-json\/wp\/v2\/product_brand?post=21205"},{"taxonomy":"product_cat","embeddable":true,"href":"https:\/\/www.veltec.eu\/es\/wp-json\/wp\/v2\/product_cat?post=21205"},{"taxonomy":"product_tag","embeddable":true,"href":"https:\/\/www.veltec.eu\/es\/wp-json\/wp\/v2\/product_tag?post=21205"}],"curies":[{"name":"wp","href":"https:\/\/api.w.org\/{rel}","templated":true}]}}