{"id":18741,"date":"2019-03-18T11:42:55","date_gmt":"2019-03-18T09:42:55","guid":{"rendered":"https:\/\/www.veltec.eu\/product\/correa-de-transmision-kirby-1x\/"},"modified":"2026-03-05T11:10:15","modified_gmt":"2026-03-05T09:10:15","slug":"correa-de-transmision-kirby-1x-nl33579","status":"publish","type":"product","link":"https:\/\/www.veltec.eu\/es\/product\/correa-de-transmision-kirby-1x-nl33579\/","title":{"rendered":"Correa de Transmisi\u00f3n Kirby 1x"},"content":{"rendered":"<h1 data-start=\"172\" data-end=\"265\">Correa de Transmisi\u00f3n Kirby 1x \u2013 Duradera y Universal para Todas las Aspiradoras Kirby<\/h1>\n<h2 data-start=\"267\" data-end=\"335\">Por qu\u00e9 la Correa de Transmisi\u00f3n Kirby 1x es indispensable<\/h2>\n<p data-start=\"336\" data-end=\"686\">\u00bfBusca una correa de transmisi\u00f3n Kirby de alta calidad para su aspiradora? La Correa de Transmisi\u00f3n Kirby 1x garantiza que el rodillo del cepillo gire suavemente y que su aspiradora funcione con el m\u00e1ximo rendimiento. Este componente esencial mejora la eficiencia general de su aspiradora Kirby y asegura un entorno limpio y fresco en su hogar.<\/p>\n<p data-start=\"688\" data-end=\"1032\">Esta correa es universal y compatible con casi todos los modelos Kirby, incluidos: <em data-start=\"775\" data-end=\"904\">Avalir Platinum, Avalir 2, Avalir 1, Sentria 2 (G10D), Sentria 1 (G10), Ultimate G Diamond Ed. (G7D o DE), Ultimate G (G7 o UG)<\/em> y <em data-start=\"907\" data-end=\"924\">Generations 3\u20136<\/em>.<br data-start=\"925\" data-end=\"928\" \/>\u00bfDesea saber qu\u00e9 correa es la ideal para su modelo? Consulte nuestra <a href=\"https:\/\/www.veltec.eu\/es\/modelo-kirby\/\">gu\u00eda completa de modelos Kirby.<\/a><\/p>\n<h2 data-start=\"1039\" data-end=\"1082\">Alta calidad y m\u00e1xima durabilidad<\/h2>\n<p data-start=\"1083\" data-end=\"1368\">\u00bfQu\u00e9 hace que la Correa de Transmisi\u00f3n Kirby 1x sea tan fiable? Est\u00e1 fabricada con materiales de primera calidad, dise\u00f1ados para resistir el uso intensivo. Gracias a su estructura robusta, la correa apenas se desgasta, lo que garantiza una vida \u00fatil m\u00e1s larga para su aspiradora.<\/p>\n<p data-start=\"1370\" data-end=\"1697\">Al utilizar un repuesto original Kirby, como esta correa de transmisi\u00f3n, evitar\u00e1 problemas de compatibilidad y mantenimiento.<br data-start=\"1499\" data-end=\"1502\" \/>\u00bfDesea aprender a mantener su aspiradora en perfectas condiciones? Lea nuestro art\u00edculo sobre el mantenimiento de piezas Kirby y descubra c\u00f3mo prolongar la vida \u00fatil de su correa del cepillo.<\/p>\n<p data-start=\"1255\" data-end=\"1558\"><div  class='avia-button-wrap avia-button-center  avia-builder-el-0  el_before_av_hr  avia-builder-el-first '>\n<style type=\"text\/css\" data-created_by=\"avia_inline_auto\" id=\"style-css-av-wvoa70-103dc5e42faa9fa70378418b1ccf77dc\">\n#top #wrap_all .avia-button.av-wvoa70-103dc5e42faa9fa70378418b1ccf77dc{\nbackground-color:#2d5c88;\nborder-color:#2d5c88;\nborder-radius:10px 10px 10px 10px;\ntransition:all 0.4s ease-in-out;\nfont-size:15px;\n}\n#top #wrap_all .avia-button.av-wvoa70-103dc5e42faa9fa70378418b1ccf77dc:hover{\ncolor:white;\ntransition:all 0.4s ease-in-out;\n}\n#top #wrap_all .avia-button.av-wvoa70-103dc5e42faa9fa70378418b1ccf77dc:hover .avia_button_background{\nborder-radius:10px 10px 10px 10px;\n}\n#top #wrap_all .avia-button.av-wvoa70-103dc5e42faa9fa70378418b1ccf77dc:hover .avia-svg-icon svg:first-child{\nfill:white;\nstroke:white;\n}\n<\/style>\n<a href='https:\/\/www.servicio-de-aspiradoras-kirby.es\/correa-de-transmision-kirby\/' class='avia-font-color-theme-color avia-button avia-button-fullwidth av-wvoa70-103dc5e42faa9fa70378418b1ccf77dc avia-icon_select-yes-left-icon avia-color-custom'   aria-label=\"\u00a1Mira aqu\u00ed! Todo lo que necesitas saber sobre la correa de transmisi\u00f3n Kirby.\"><span class='avia_button_icon avia_button_icon_left avia-svg-icon avia-font-svg_entypo-fontello' data-av_svg_icon='info-circled' data-av_iconset='svg_entypo-fontello'><svg version=\"1.1\" xmlns=\"http:\/\/www.w3.org\/2000\/svg\" width=\"29\" height=\"32\" viewBox=\"0 0 29 32\" preserveAspectRatio=\"xMidYMid meet\" aria-labelledby='av-svg-title-1' aria-describedby='av-svg-desc-1' role=\"graphics-symbol\">\n<title id='av-svg-title-1'>Info-circled<\/title>\n<desc id='av-svg-desc-1'>Info-circled<\/desc>\n<path d=\"M14.528 1.28q6.080-0.064 10.432 4.16t4.48 10.304q0.064 6.080-4.192 10.464t-10.336 4.512q-6.080 0.064-10.464-4.192t-4.448-10.336q-0.128-6.080 4.16-10.464t10.368-4.448zM16.192 6.144q-1.344 0-2.080 0.768t-0.736 1.6q-0.064 0.896 0.48 1.408t1.568 0.512q1.216 0 1.952-0.704t0.736-1.728q0-1.856-1.92-1.856zM12.352 25.152q0.96 0 2.688-0.832t3.392-2.496l-0.576-0.768q-1.536 1.152-2.304 1.152-0.448 0-0.128-1.216l1.344-5.12q0.832-3.072-0.704-3.072-0.96 0-2.848 0.928t-3.68 2.4l0.512 0.832q1.664-1.088 2.368-1.088 0.384 0 0 1.088l-1.152 4.864q-0.832 3.328 1.088 3.328z\"><\/path>\n<\/svg><\/span><span class='avia_iconbox_title' >\u00a1Mira aqu\u00ed! Todo lo que necesitas saber sobre la correa de transmisi\u00f3n Kirby.<\/span><span class='avia_button_background avia-button avia-button-fullwidth avia-color-theme-color-highlight'><\/span><\/a><\/div><\/p>\n<div  class='hr av-juxpo5-4e51debd0c8ea4cd121d12468522d198 hr-short  avia-builder-el-1  el_after_av_button_big  el_before_av_video  avia-builder-el-first  hr-center'><span class='hr-inner '><span class=\"hr-inner-style\"><\/span><\/span><\/div>\n<h2 data-start=\"1704\" data-end=\"1784\">\u00a1Atenci\u00f3n! Todo lo que debe saber sobre la Correa de Transmisi\u00f3n Kirby<\/h2>\n<p data-start=\"1785\" data-end=\"2083\">Reemplazar su Correa de Transmisi\u00f3n Kirby 1x es un proceso sencillo y no requiere herramientas profesionales. Gracias a sus medidas precisas, esta correa se ajusta perfectamente a distintos modelos Kirby, lo que permite una instalaci\u00f3n r\u00e1pida y una mejora inmediata en la potencia de succi\u00f3n.<\/p>\n<p data-start=\"2085\" data-end=\"2426\">Un rodillo que funciona correctamente gira sin esfuerzo y elimina eficazmente la suciedad, el polvo y los al\u00e9rgenos.<br data-start=\"2201\" data-end=\"2204\" \/>\u00bfHa notado que su aspiradora Kirby ha perdido potencia? Esto suele ser un signo de que la correa necesita ser reemplazada. Consulte nuestro video paso a paso para restaurar el rendimiento \u00f3ptimo de su aspiradora Kirby.<\/p>\n<div  class='avia-video av-lnj3m1-de146df985dbe0dd28e2741edbd86741 avia-video-16-9 av-no-preview-image avia-video-load-always av-lazyload-immediate av-lazyload-video-embed'  itemprop=\"video\" itemtype=\"https:\/\/schema.org\/VideoObject\"  data-original_url='https:\/\/youtu.be\/9C1MGv44fgU'><script type='text\/html' class='av-video-tmpl'><div class='avia-iframe-wrap'><iframe loading=\"lazy\" title=\"Kirby vacuum Veltec - Replace your Kirby vacuum belt\" width=\"1500\" height=\"844\" src=\"https:\/\/www.youtube.com\/embed\/9C1MGv44fgU?feature=oembed&enablejsapi=1&origin=https:\/\/www.veltec.eu&autoplay=0&loop=0&controls=1&mute=0\" frameborder=\"0\" allow=\"accelerometer; autoplay; clipboard-write; encrypted-media; gyroscope; picture-in-picture; web-share\" referrerpolicy=\"strict-origin-when-cross-origin\" allowfullscreen><\/iframe><\/div><\/script><div class='av-click-to-play-overlay'><div class=\"avia_playpause_icon\"><\/div><\/div><\/div>\n<h2 data-start=\"2433\" data-end=\"2496\">Mayor potencia de succi\u00f3n y un ambiente m\u00e1s saludable<\/h2>\n<p data-start=\"2497\" data-end=\"2751\">Una Correa de Transmisi\u00f3n Kirby en buen estado es crucial para el rendimiento de su aspiradora. Un rodillo giratorio sin fricci\u00f3n mejora la eliminaci\u00f3n de polvo y suciedad, algo especialmente importante en hogares con mascotas o personas al\u00e9rgicas.<\/p>\n<p data-start=\"2753\" data-end=\"3051\">Reemplazar regularmente la Correa de Transmisi\u00f3n Kirby 1x aumenta la potencia de succi\u00f3n, mejora la eficiencia general y contribuye a mantener un ambiente m\u00e1s limpio y saludable. Descubra m\u00e1s consejos en nuestro art\u00edculo sobre <a href=\"https:\/\/www.servicio-de-aspiradoras-kirby.es\/mi-kirby-ya-no-tiene-succion\/\">c\u00f3mo mejorar la potencia de succi\u00f3n de los aspiradores Kirby.<\/a><\/p>\n<h2 data-start=\"3058\" data-end=\"3120\">Repuestos originales Kirby \u2013 La elecci\u00f3n inteligente<\/h2>\n<p data-start=\"3121\" data-end=\"3350\">\u00bfPor qu\u00e9 optar por repuestos originales? La Correa de Transmisi\u00f3n Kirby 1x garantiza el mejor rendimiento y la m\u00e1xima fiabilidad. Al elegir una correa original, evita el desgaste prematuro y reduce los costes de reparaci\u00f3n.<\/p>\n<p data-start=\"3352\" data-end=\"3614\">\u00bfQuiere asegurarse de tener siempre una de repuesto? Considere nuestras ofertas por paquetes: <a href=\"https:\/\/www.veltec.eu\/es\/product\/correa-de-transmision-kirby-2x-nl300612\/\"><em data-start=\"3450\" data-end=\"3482\">Correa de Transmisi\u00f3n Kirby 2x<\/em><\/a> o la econ\u00f3mica <a href=\"https:\/\/www.veltec.eu\/it\/product\/kirby-cinghia-trasmissione-3x-nl3006\/\"><em data-start=\"3498\" data-end=\"3530\">Correa de Transmisi\u00f3n Kirby 3x<\/em><\/a>. As\u00ed su aspiradora Kirby siempre estar\u00e1 lista para ofrecer el m\u00e1ximo rendimiento.<\/p>\n<h2 data-start=\"3621\" data-end=\"3680\">Conclusi\u00f3n: Invierta en rendimiento y durabilidad<\/h2>\n<p data-start=\"3681\" data-end=\"3913\">La Correa de Transmisi\u00f3n Kirby 1x es un componente esencial para mantener su aspiradora en perfecto estado. Gracias a sus materiales duraderos, su ajuste preciso y su f\u00e1cil instalaci\u00f3n, su Kirby seguir\u00e1 funcionando como nueva.<\/p>\n<p data-start=\"3915\" data-end=\"4177\">Pida hoy mismo su Correa de Transmisi\u00f3n Kirby 1x y experimente la diferencia en potencia de succi\u00f3n y eficiencia.<br data-start=\"4032\" data-end=\"4035\" \/>Comb\u00ednela con otros <a href=\"https:\/\/www.veltec.eu\/es\/tienda-kirby\/\">repuestos originales Kirby<\/a> para lograr una soluci\u00f3n de limpieza completa y mantener su hogar siempre limpio y saludable.<\/p>\n","protected":false},"excerpt":{"rendered":"<p>La Correa de Transmisi\u00f3n Kirby 1x garantiza un rendimiento \u00f3ptimo y una succi\u00f3n potente. Compatible con todos los modelos Kirby, es f\u00e1cil de instalar y altamente resistente.<\/p>\n[trustindex data-widget-id=48bbd87242952812953642309d4]\n<h3><span style=\"color: #008000;\"><br \/>\nEn stock<\/span><\/h3>\n[av_font_icon icon='ue812' font='entypo-fontello' style='' caption='' size='25px' position='left' color='#43ad66' link='' linktarget='' title_attr='' sonar_effect_effect='' sonar_effect_color='' sonar_effect_duration='1' sonar_effect_scale='' sonar_effect_opac='0.5' animation='' id='' custom_class='' template_class='' av_uid='' sc_version='1.0' admin_preview_bg=''][\/av_font_icon]\n<p><span style=\"color: #008000;\">Pedido antes de las 23:59, enviado ma\u00f1ana<\/span><\/p>\n<p>&nbsp;<\/p>\n","protected":false},"featured_media":18698,"comment_status":"open","ping_status":"closed","template":"","meta":{"_acf_changed":false},"product_brand":[],"product_cat":[338],"product_tag":[],"class_list":{"0":"post-18741","1":"product","2":"type-product","3":"status-publish","4":"has-post-thumbnail","6":"product_cat-cepillos-accesorios-kirby-es","7":"product_shipping_class-klein-es","9":"first","10":"instock","11":"taxable","12":"shipping-taxable","13":"purchasable","14":"product-type-simple"},"acf":[],"yoast_head":"<!-- This site is optimized with the Yoast SEO Premium plugin v27.1 (Yoast SEO v27.4) - https:\/\/yoast.com\/product\/yoast-seo-premium-wordpress\/ -->\n<title>Correa de Transmisi\u00f3n Kirby 1x \u2013 Original, duradera y universal<\/title>\n<meta name=\"description\" content=\"Correa de Transmisi\u00f3n Kirby 1x: duradera, universal y original. Aumenta la potencia de succi\u00f3n y prolonga la vida \u00fatil de tu aspiradora.\" \/>\n<meta name=\"robots\" content=\"index, follow, max-snippet:-1, max-image-preview:large, max-video-preview:-1\" \/>\n<link rel=\"canonical\" href=\"https:\/\/www.veltec.eu\/es\/product\/correa-de-transmision-kirby-1x-nl33579\/\" \/>\n<meta property=\"og:locale\" content=\"es_ES\" \/>\n<meta property=\"og:type\" content=\"article\" \/>\n<meta property=\"og:title\" content=\"Correa de Transmisi\u00f3n Kirby 1x\" \/>\n<meta property=\"og:description\" content=\"La Correa de Transmisi\u00f3n Kirby 1x garantiza un rendimiento \u00f3ptimo y una succi\u00f3n potente. Compatible con todos los modelos Kirby, es f\u00e1cil de instalar y altamente resistente.    En stock   Pedido antes de las 23:59, enviado ma\u00f1ana  &nbsp;\" \/>\n<meta property=\"og:url\" content=\"https:\/\/www.veltec.eu\/es\/product\/correa-de-transmision-kirby-1x-nl33579\/\" \/>\n<meta property=\"og:site_name\" content=\"Veltec Kirby specialist\" \/>\n<meta property=\"article:publisher\" content=\"https:\/\/www.facebook.com\/Veltec-Kirby-Specialist-236746293374877\/\" \/>\n<meta property=\"article:modified_time\" content=\"2026-03-05T09:10:15+00:00\" \/>\n<meta property=\"og:image\" content=\"https:\/\/www.veltec.eu\/wp-content\/uploads\/2019\/03\/Belt-Kirby-1-1.jpg\" \/>\n\t<meta property=\"og:image:width\" content=\"500\" \/>\n\t<meta property=\"og:image:height\" content=\"500\" \/>\n\t<meta property=\"og:image:type\" content=\"image\/jpeg\" \/>\n<meta name=\"twitter:card\" content=\"summary_large_image\" \/>\n<meta name=\"twitter:label1\" content=\"Tiempo de lectura\" \/>\n\t<meta name=\"twitter:data1\" content=\"4 minutos\" \/>\n<script type=\"application\/ld+json\" class=\"yoast-schema-graph\">{\"@context\":\"https:\\\/\\\/schema.org\",\"@graph\":[{\"@type\":\"WebPage\",\"@id\":\"https:\\\/\\\/www.veltec.eu\\\/es\\\/product\\\/correa-de-transmision-kirby-1x-nl33579\\\/\",\"url\":\"https:\\\/\\\/www.veltec.eu\\\/es\\\/product\\\/correa-de-transmision-kirby-1x-nl33579\\\/\",\"name\":\"Correa de Transmisi\u00f3n Kirby 1x \u2013 Original, duradera y universal\",\"isPartOf\":{\"@id\":\"https:\\\/\\\/www.veltec.eu\\\/en\\\/#website\"},\"primaryImageOfPage\":{\"@id\":\"https:\\\/\\\/www.veltec.eu\\\/es\\\/product\\\/correa-de-transmision-kirby-1x-nl33579\\\/#primaryimage\"},\"image\":{\"@id\":\"https:\\\/\\\/www.veltec.eu\\\/es\\\/product\\\/correa-de-transmision-kirby-1x-nl33579\\\/#primaryimage\"},\"thumbnailUrl\":\"https:\\\/\\\/www.veltec.eu\\\/wp-content\\\/uploads\\\/2019\\\/03\\\/Belt-Kirby-1-1.jpg\",\"datePublished\":\"2019-03-18T09:42:55+00:00\",\"dateModified\":\"2026-03-05T09:10:15+00:00\",\"description\":\"Correa de Transmisi\u00f3n Kirby 1x: duradera, universal y original. Aumenta la potencia de succi\u00f3n y prolonga la vida \u00fatil de tu aspiradora.\",\"breadcrumb\":{\"@id\":\"https:\\\/\\\/www.veltec.eu\\\/es\\\/product\\\/correa-de-transmision-kirby-1x-nl33579\\\/#breadcrumb\"},\"inLanguage\":\"es\",\"potentialAction\":[{\"@type\":\"ReadAction\",\"target\":[\"https:\\\/\\\/www.veltec.eu\\\/es\\\/product\\\/correa-de-transmision-kirby-1x-nl33579\\\/\"]}]},{\"@type\":\"ImageObject\",\"inLanguage\":\"es\",\"@id\":\"https:\\\/\\\/www.veltec.eu\\\/es\\\/product\\\/correa-de-transmision-kirby-1x-nl33579\\\/#primaryimage\",\"url\":\"https:\\\/\\\/www.veltec.eu\\\/wp-content\\\/uploads\\\/2019\\\/03\\\/Belt-Kirby-1-1.jpg\",\"contentUrl\":\"https:\\\/\\\/www.veltec.eu\\\/wp-content\\\/uploads\\\/2019\\\/03\\\/Belt-Kirby-1-1.jpg\",\"width\":500,\"height\":500},{\"@type\":\"BreadcrumbList\",\"@id\":\"https:\\\/\\\/www.veltec.eu\\\/es\\\/product\\\/correa-de-transmision-kirby-1x-nl33579\\\/#breadcrumb\",\"itemListElement\":[{\"@type\":\"ListItem\",\"position\":1,\"name\":\"Home\",\"item\":\"https:\\\/\\\/www.veltec.eu\\\/es\\\/\"},{\"@type\":\"ListItem\",\"position\":2,\"name\":\"Kirby Shop\",\"item\":\"https:\\\/\\\/www.veltec.eu\\\/nl\\\/shop-page\\\/\"},{\"@type\":\"ListItem\",\"position\":3,\"name\":\"Correa de Transmisi\u00f3n Kirby 1x\"}]},{\"@type\":\"WebSite\",\"@id\":\"https:\\\/\\\/www.veltec.eu\\\/en\\\/#website\",\"url\":\"https:\\\/\\\/www.veltec.eu\\\/en\\\/\",\"name\":\"Veltec Kirby specialist\",\"description\":\"Kirby stofzuiger producten\",\"publisher\":{\"@id\":\"https:\\\/\\\/www.veltec.eu\\\/en\\\/#organization\"},\"potentialAction\":[{\"@type\":\"SearchAction\",\"target\":{\"@type\":\"EntryPoint\",\"urlTemplate\":\"https:\\\/\\\/www.veltec.eu\\\/en\\\/?s={search_term_string}\"},\"query-input\":{\"@type\":\"PropertyValueSpecification\",\"valueRequired\":true,\"valueName\":\"search_term_string\"}}],\"inLanguage\":\"es\"},{\"@type\":\"Organization\",\"@id\":\"https:\\\/\\\/www.veltec.eu\\\/en\\\/#organization\",\"name\":\"Veltec Kirby Specialist\",\"url\":\"https:\\\/\\\/www.veltec.eu\\\/en\\\/\",\"logo\":{\"@type\":\"ImageObject\",\"inLanguage\":\"es\",\"@id\":\"https:\\\/\\\/www.veltec.eu\\\/en\\\/#\\\/schema\\\/logo\\\/image\\\/\",\"url\":\"https:\\\/\\\/www.veltec.eu\\\/wp-content\\\/uploads\\\/2021\\\/12\\\/Veltec-log-groot-e1537260889125.png\",\"contentUrl\":\"https:\\\/\\\/www.veltec.eu\\\/wp-content\\\/uploads\\\/2021\\\/12\\\/Veltec-log-groot-e1537260889125.png\",\"width\":200,\"height\":60,\"caption\":\"Veltec Kirby Specialist\"},\"image\":{\"@id\":\"https:\\\/\\\/www.veltec.eu\\\/en\\\/#\\\/schema\\\/logo\\\/image\\\/\"},\"sameAs\":[\"https:\\\/\\\/www.facebook.com\\\/Veltec-Kirby-Specialist-236746293374877\\\/\",\"https:\\\/\\\/www.youtube.com\\\/user\\\/VeltecService\"]}]}<\/script>\n<!-- \/ Yoast SEO Premium plugin. -->","yoast_head_json":{"title":"Correa de Transmisi\u00f3n Kirby 1x \u2013 Original, duradera y universal","description":"Correa de Transmisi\u00f3n Kirby 1x: duradera, universal y original. Aumenta la potencia de succi\u00f3n y prolonga la vida \u00fatil de tu aspiradora.","robots":{"index":"index","follow":"follow","max-snippet":"max-snippet:-1","max-image-preview":"max-image-preview:large","max-video-preview":"max-video-preview:-1"},"canonical":"https:\/\/www.veltec.eu\/es\/product\/correa-de-transmision-kirby-1x-nl33579\/","og_locale":"es_ES","og_type":"article","og_title":"Correa de Transmisi\u00f3n Kirby 1x","og_description":"La Correa de Transmisi\u00f3n Kirby 1x garantiza un rendimiento \u00f3ptimo y una succi\u00f3n potente. Compatible con todos los modelos Kirby, es f\u00e1cil de instalar y altamente resistente.    En stock   Pedido antes de las 23:59, enviado ma\u00f1ana  &nbsp;","og_url":"https:\/\/www.veltec.eu\/es\/product\/correa-de-transmision-kirby-1x-nl33579\/","og_site_name":"Veltec Kirby specialist","article_publisher":"https:\/\/www.facebook.com\/Veltec-Kirby-Specialist-236746293374877\/","article_modified_time":"2026-03-05T09:10:15+00:00","og_image":[{"width":500,"height":500,"url":"https:\/\/www.veltec.eu\/wp-content\/uploads\/2019\/03\/Belt-Kirby-1-1.jpg","type":"image\/jpeg"}],"twitter_card":"summary_large_image","twitter_misc":{"Tiempo de lectura":"4 minutos"},"schema":{"@context":"https:\/\/schema.org","@graph":[{"@type":"WebPage","@id":"https:\/\/www.veltec.eu\/es\/product\/correa-de-transmision-kirby-1x-nl33579\/","url":"https:\/\/www.veltec.eu\/es\/product\/correa-de-transmision-kirby-1x-nl33579\/","name":"Correa de Transmisi\u00f3n Kirby 1x \u2013 Original, duradera y universal","isPartOf":{"@id":"https:\/\/www.veltec.eu\/en\/#website"},"primaryImageOfPage":{"@id":"https:\/\/www.veltec.eu\/es\/product\/correa-de-transmision-kirby-1x-nl33579\/#primaryimage"},"image":{"@id":"https:\/\/www.veltec.eu\/es\/product\/correa-de-transmision-kirby-1x-nl33579\/#primaryimage"},"thumbnailUrl":"https:\/\/www.veltec.eu\/wp-content\/uploads\/2019\/03\/Belt-Kirby-1-1.jpg","datePublished":"2019-03-18T09:42:55+00:00","dateModified":"2026-03-05T09:10:15+00:00","description":"Correa de Transmisi\u00f3n Kirby 1x: duradera, universal y original. Aumenta la potencia de succi\u00f3n y prolonga la vida \u00fatil de tu aspiradora.","breadcrumb":{"@id":"https:\/\/www.veltec.eu\/es\/product\/correa-de-transmision-kirby-1x-nl33579\/#breadcrumb"},"inLanguage":"es","potentialAction":[{"@type":"ReadAction","target":["https:\/\/www.veltec.eu\/es\/product\/correa-de-transmision-kirby-1x-nl33579\/"]}]},{"@type":"ImageObject","inLanguage":"es","@id":"https:\/\/www.veltec.eu\/es\/product\/correa-de-transmision-kirby-1x-nl33579\/#primaryimage","url":"https:\/\/www.veltec.eu\/wp-content\/uploads\/2019\/03\/Belt-Kirby-1-1.jpg","contentUrl":"https:\/\/www.veltec.eu\/wp-content\/uploads\/2019\/03\/Belt-Kirby-1-1.jpg","width":500,"height":500},{"@type":"BreadcrumbList","@id":"https:\/\/www.veltec.eu\/es\/product\/correa-de-transmision-kirby-1x-nl33579\/#breadcrumb","itemListElement":[{"@type":"ListItem","position":1,"name":"Home","item":"https:\/\/www.veltec.eu\/es\/"},{"@type":"ListItem","position":2,"name":"Kirby Shop","item":"https:\/\/www.veltec.eu\/nl\/shop-page\/"},{"@type":"ListItem","position":3,"name":"Correa de Transmisi\u00f3n Kirby 1x"}]},{"@type":"WebSite","@id":"https:\/\/www.veltec.eu\/en\/#website","url":"https:\/\/www.veltec.eu\/en\/","name":"Veltec Kirby specialist","description":"Kirby stofzuiger producten","publisher":{"@id":"https:\/\/www.veltec.eu\/en\/#organization"},"potentialAction":[{"@type":"SearchAction","target":{"@type":"EntryPoint","urlTemplate":"https:\/\/www.veltec.eu\/en\/?s={search_term_string}"},"query-input":{"@type":"PropertyValueSpecification","valueRequired":true,"valueName":"search_term_string"}}],"inLanguage":"es"},{"@type":"Organization","@id":"https:\/\/www.veltec.eu\/en\/#organization","name":"Veltec Kirby Specialist","url":"https:\/\/www.veltec.eu\/en\/","logo":{"@type":"ImageObject","inLanguage":"es","@id":"https:\/\/www.veltec.eu\/en\/#\/schema\/logo\/image\/","url":"https:\/\/www.veltec.eu\/wp-content\/uploads\/2021\/12\/Veltec-log-groot-e1537260889125.png","contentUrl":"https:\/\/www.veltec.eu\/wp-content\/uploads\/2021\/12\/Veltec-log-groot-e1537260889125.png","width":200,"height":60,"caption":"Veltec Kirby Specialist"},"image":{"@id":"https:\/\/www.veltec.eu\/en\/#\/schema\/logo\/image\/"},"sameAs":["https:\/\/www.facebook.com\/Veltec-Kirby-Specialist-236746293374877\/","https:\/\/www.youtube.com\/user\/VeltecService"]}]}},"_links":{"self":[{"href":"https:\/\/www.veltec.eu\/es\/wp-json\/wp\/v2\/product\/18741","targetHints":{"allow":["GET"]}}],"collection":[{"href":"https:\/\/www.veltec.eu\/es\/wp-json\/wp\/v2\/product"}],"about":[{"href":"https:\/\/www.veltec.eu\/es\/wp-json\/wp\/v2\/types\/product"}],"replies":[{"embeddable":true,"href":"https:\/\/www.veltec.eu\/es\/wp-json\/wp\/v2\/comments?post=18741"}],"wp:featuredmedia":[{"embeddable":true,"href":"https:\/\/www.veltec.eu\/es\/wp-json\/wp\/v2\/media\/18698"}],"wp:attachment":[{"href":"https:\/\/www.veltec.eu\/es\/wp-json\/wp\/v2\/media?parent=18741"}],"wp:term":[{"taxonomy":"product_brand","embeddable":true,"href":"https:\/\/www.veltec.eu\/es\/wp-json\/wp\/v2\/product_brand?post=18741"},{"taxonomy":"product_cat","embeddable":true,"href":"https:\/\/www.veltec.eu\/es\/wp-json\/wp\/v2\/product_cat?post=18741"},{"taxonomy":"product_tag","embeddable":true,"href":"https:\/\/www.veltec.eu\/es\/wp-json\/wp\/v2\/product_tag?post=18741"}],"curies":[{"name":"wp","href":"https:\/\/api.w.org\/{rel}","templated":true}]}}