{"id":18043,"date":"2019-03-05T12:19:23","date_gmt":"2019-03-05T10:19:23","guid":{"rendered":"https:\/\/www.veltec.eu\/product\/bolsa-exterior-diamond-kirby-nl400\/"},"modified":"2026-05-11T13:42:11","modified_gmt":"2026-05-11T11:42:11","slug":"bolsa-exterior-diamond-kirby-nl400","status":"publish","type":"product","link":"https:\/\/www.veltec.eu\/es\/product\/bolsa-exterior-diamond-kirby-nl400\/","title":{"rendered":"Bolsa Exterior Diamond Kirby"},"content":{"rendered":"<h1>Bolsa Exterior Diamond Kirby<\/h1>\n<p>Bolsa Exterior Diamond Kirby para Kirby G7 (Diamond).<\/p>\n<p><strong>Esta bolsa exterior Kirby s\u00f3lo es adecuada para las aspiradoras Kirby siguientes;<\/strong><\/p>\n<p>Kirby Ultimate (Diamond)<\/p>\n<h2>Bolsa Exterior Diamond Kirby: La elecci\u00f3n perfecta para su aspiradora Kirby<\/h2>\n<p>La bolsa exterior Diamond es una bolsa exterior original especialmente dise\u00f1ada para la serie Kirby Diamond. Sin embargo, gracias a su dise\u00f1o universal, esta bolsa exterior se adapta a cualquier tipo de aspiradora Kirby. Tanto si utiliza un modelo Kirby antiguo como uno m\u00e1s nuevo, esta bolsa exterior le ofrece una combinaci\u00f3n ideal de funcionalidad y estilo. En esta descripci\u00f3n del producto le contaremos todo lo que necesita saber sobre este producto de alta calidad.<\/p>\n<p><a href=\"https:\/\/www.veltec.eu\/es\/aspiradoras-y-bolsas\/bolsa-exterior-kirby-y-accesorios\/\">Aqu\u00ed encontrar\u00e1 todo sobre la bolsa exterior Kirby y sus accesorios<\/a><\/p>\n<h3>\u00bfPor qu\u00e9 elegir la Bolsa Exterior Diamond Kirby?<\/h3>\n<p>La bolsa de exterior Diamond se distingue por una serie de caracter\u00edsticas \u00fanicas:<\/p>\n<ul>\n<li>Dise\u00f1o original de Kirby: Esta bolsa para exteriores no es un accesorio m\u00e1s; es un producto original de Kirby, lo que significa que tiene asegurada la m\u00e1xima calidad.<\/li>\n<li>Compatibilidad universal: Gracias a su inteligente dise\u00f1o, esta bolsa exterior se adapta a todas las aspiradoras Kirby sin esfuerzo. As\u00ed que no tiene que preocuparse por la compatibilidad.<\/li>\n<li>Durabilidad: los materiales utilizados para esta bolsa exterior son de excelente calidad, lo que hace que dure a\u00f1os.<\/li>\n<\/ul>\n<p>\u00bfEst\u00e1 buscando una soluci\u00f3n que sea a la vez pr\u00e1ctica y visualmente atractiva? Entonces la bolsa de exterior Diamond es la elecci\u00f3n ideal.<\/p>\n<h3>Dise\u00f1o elegante para un aspecto lujoso<\/h3>\n<p>Adem\u00e1s de funcionalidad, esta bolsa exterior tambi\u00e9n ofrece un dise\u00f1o elegante que combina perfectamente con la gama Kirby Diamond. El lujoso dise\u00f1o irradia clase y lleva su aspiradora al siguiente nivel. El dise\u00f1o exclusivo garantiza que su Kirby siempre tenga un aspecto moderno, independientemente del modelo.<\/p>\n<p>Gracias a su elegante dise\u00f1o, esta bolsa para exteriores es una excelente elecci\u00f3n para aquellos que valoran tanto la funcionalidad como la apariencia.<\/p>\n<h3>F\u00e1cil de usar e instalar<\/h3>\n<p>Otra ventaja importante de la bolsa para exteriores Diamond es su facilidad de uso. Esta bolsa para exteriores es f\u00e1cil de instalar, lo que le permite volver a utilizar su aspiradora en cuesti\u00f3n de minutos. Adem\u00e1s, es f\u00e1cil de limpiar y mantener, por lo que siempre podr\u00e1 contar con un rendimiento \u00f3ptimo.<\/p>\n<p>Con esta bolsa exterior, no s\u00f3lo obtiene un pr\u00e1ctico accesorio, sino tambi\u00e9n un producto que contribuye a un entorno vital m\u00e1s limpio y saludable.<\/p>\n<h3>Haga su pedido ahora y experimente la diferencia<\/h3>\n<p>\u00bfQuiere mejorar la calidad y el estilo de su aspiradora Kirby? Entonces elija la bolsa exterior Diamond. P\u00eddala hoy mismo y disfrute de las ventajas de este producto de alta calidad.<\/p>\n<p>\u00bfPor qu\u00e9 esperar? Complete su Kirby con la bolsa exterior original que combina estilo, funcionalidad y durabilidad.<\/p>\n","protected":false},"excerpt":{"rendered":"<p>Bolsa exterior para Kirby Diamond.<\/p>\n[trustindex data-widget-id=48bbd87242952812953642309d4]\n<h3><span style=\"color: #008000;\"><br \/>\nEn stock<\/span><\/h3>\n[av_font_icon icon='ue812' font='entypo-fontello' style='' caption='' size='25px' position='left' color='#43ad66' link='' linktarget='' title_attr='' sonar_effect_effect='' sonar_effect_color='' sonar_effect_duration='1' sonar_effect_scale='' sonar_effect_opac='0.5' animation='' id='' custom_class='' template_class='' av_uid='' sc_version='1.0' admin_preview_bg=''][\/av_font_icon]\n<p><span style=\"color: #008000;\">Pedido antes de las 23:59, enviado ma\u00f1ana<\/span><\/p>\n<p>&nbsp;<\/p>\n","protected":false},"featured_media":17993,"comment_status":"open","ping_status":"closed","template":"","meta":{"_acf_changed":false},"product_brand":[],"product_cat":[370],"product_tag":[],"class_list":{"0":"post-18043","1":"product","2":"type-product","3":"status-publish","4":"has-post-thumbnail","6":"product_cat-bolsa-exterior-kirby-y-accesorios","7":"product_shipping_class-klein-es","9":"first","10":"instock","11":"sale","12":"taxable","13":"shipping-taxable","14":"purchasable","15":"product-type-simple"},"acf":[],"yoast_head":"<!-- This site is optimized with the Yoast SEO Premium plugin v27.1 (Yoast SEO v27.5) - https:\/\/yoast.com\/product\/yoast-seo-premium-wordpress\/ -->\n<title>Bolsa Exterior Diamond Kirby - Veltec Kirby specialist<\/title>\n<meta name=\"description\" content=\"Bolsa Exterior Diamond Kirby - Veltec es el proveedor de las aspiradoras Kirby desde hace m\u00e1s de 25 a\u00f1os. Y es su especialista en servicio Kirby\" \/>\n<meta name=\"robots\" content=\"index, follow, max-snippet:-1, max-image-preview:large, max-video-preview:-1\" \/>\n<link rel=\"canonical\" href=\"https:\/\/www.veltec.eu\/es\/product\/bolsa-exterior-diamond-kirby-nl400\/\" \/>\n<meta property=\"og:locale\" content=\"es_ES\" \/>\n<meta property=\"og:type\" content=\"article\" \/>\n<meta property=\"og:title\" content=\"Bolsa Exterior Diamond Kirby\" \/>\n<meta property=\"og:description\" content=\"Bolsa exterior para Kirby Diamond.    En stock   Pedido antes de las 23:59, enviado ma\u00f1ana  &nbsp;\" \/>\n<meta property=\"og:url\" content=\"https:\/\/www.veltec.eu\/es\/product\/bolsa-exterior-diamond-kirby-nl400\/\" \/>\n<meta property=\"og:site_name\" content=\"Veltec Kirby specialist\" \/>\n<meta property=\"article:publisher\" content=\"https:\/\/www.facebook.com\/Veltec-Kirby-Specialist-236746293374877\/\" \/>\n<meta property=\"article:modified_time\" content=\"2026-05-11T11:42:11+00:00\" \/>\n<meta property=\"og:image\" content=\"https:\/\/www.veltec.eu\/wp-content\/uploads\/2019\/03\/Diamond.jpg\" \/>\n\t<meta property=\"og:image:width\" content=\"459\" \/>\n\t<meta property=\"og:image:height\" content=\"426\" \/>\n\t<meta property=\"og:image:type\" content=\"image\/jpeg\" \/>\n<meta name=\"twitter:card\" content=\"summary_large_image\" \/>\n<meta name=\"twitter:label1\" content=\"Tiempo de lectura\" \/>\n\t<meta name=\"twitter:data1\" content=\"3 minutos\" \/>\n<script type=\"application\/ld+json\" class=\"yoast-schema-graph\">{\"@context\":\"https:\\\/\\\/schema.org\",\"@graph\":[{\"@type\":\"WebPage\",\"@id\":\"https:\\\/\\\/www.veltec.eu\\\/es\\\/product\\\/bolsa-exterior-diamond-kirby-nl400\\\/\",\"url\":\"https:\\\/\\\/www.veltec.eu\\\/es\\\/product\\\/bolsa-exterior-diamond-kirby-nl400\\\/\",\"name\":\"Bolsa Exterior Diamond Kirby - Veltec Kirby specialist\",\"isPartOf\":{\"@id\":\"https:\\\/\\\/www.veltec.eu\\\/en\\\/#website\"},\"primaryImageOfPage\":{\"@id\":\"https:\\\/\\\/www.veltec.eu\\\/es\\\/product\\\/bolsa-exterior-diamond-kirby-nl400\\\/#primaryimage\"},\"image\":{\"@id\":\"https:\\\/\\\/www.veltec.eu\\\/es\\\/product\\\/bolsa-exterior-diamond-kirby-nl400\\\/#primaryimage\"},\"thumbnailUrl\":\"https:\\\/\\\/www.veltec.eu\\\/wp-content\\\/uploads\\\/2019\\\/03\\\/Diamond.jpg\",\"datePublished\":\"2019-03-05T10:19:23+00:00\",\"dateModified\":\"2026-05-11T11:42:11+00:00\",\"description\":\"Bolsa Exterior Diamond Kirby - Veltec es el proveedor de las aspiradoras Kirby desde hace m\u00e1s de 25 a\u00f1os. Y es su especialista en servicio Kirby\",\"breadcrumb\":{\"@id\":\"https:\\\/\\\/www.veltec.eu\\\/es\\\/product\\\/bolsa-exterior-diamond-kirby-nl400\\\/#breadcrumb\"},\"inLanguage\":\"es\",\"potentialAction\":[{\"@type\":\"ReadAction\",\"target\":[\"https:\\\/\\\/www.veltec.eu\\\/es\\\/product\\\/bolsa-exterior-diamond-kirby-nl400\\\/\"]}]},{\"@type\":\"ImageObject\",\"inLanguage\":\"es\",\"@id\":\"https:\\\/\\\/www.veltec.eu\\\/es\\\/product\\\/bolsa-exterior-diamond-kirby-nl400\\\/#primaryimage\",\"url\":\"https:\\\/\\\/www.veltec.eu\\\/wp-content\\\/uploads\\\/2019\\\/03\\\/Diamond.jpg\",\"contentUrl\":\"https:\\\/\\\/www.veltec.eu\\\/wp-content\\\/uploads\\\/2019\\\/03\\\/Diamond.jpg\",\"width\":459,\"height\":426},{\"@type\":\"BreadcrumbList\",\"@id\":\"https:\\\/\\\/www.veltec.eu\\\/es\\\/product\\\/bolsa-exterior-diamond-kirby-nl400\\\/#breadcrumb\",\"itemListElement\":[{\"@type\":\"ListItem\",\"position\":1,\"name\":\"Home\",\"item\":\"https:\\\/\\\/www.veltec.eu\\\/es\\\/pagina-de-inicio\\\/\"},{\"@type\":\"ListItem\",\"position\":2,\"name\":\"Tienda Kirby\",\"item\":\"https:\\\/\\\/www.veltec.eu\\\/es\\\/tienda-kirby\\\/\"},{\"@type\":\"ListItem\",\"position\":3,\"name\":\"Bolsa Exterior Diamond Kirby\"}]},{\"@type\":\"WebSite\",\"@id\":\"https:\\\/\\\/www.veltec.eu\\\/en\\\/#website\",\"url\":\"https:\\\/\\\/www.veltec.eu\\\/en\\\/\",\"name\":\"Veltec Kirby specialist\",\"description\":\"Kirby stofzuiger producten\",\"publisher\":{\"@id\":\"https:\\\/\\\/www.veltec.eu\\\/en\\\/#organization\"},\"potentialAction\":[{\"@type\":\"SearchAction\",\"target\":{\"@type\":\"EntryPoint\",\"urlTemplate\":\"https:\\\/\\\/www.veltec.eu\\\/en\\\/?s={search_term_string}\"},\"query-input\":{\"@type\":\"PropertyValueSpecification\",\"valueRequired\":true,\"valueName\":\"search_term_string\"}}],\"inLanguage\":\"es\"},{\"@type\":\"Organization\",\"@id\":\"https:\\\/\\\/www.veltec.eu\\\/en\\\/#organization\",\"name\":\"Veltec Kirby Specialist\",\"url\":\"https:\\\/\\\/www.veltec.eu\\\/en\\\/\",\"logo\":{\"@type\":\"ImageObject\",\"inLanguage\":\"es\",\"@id\":\"https:\\\/\\\/www.veltec.eu\\\/en\\\/#\\\/schema\\\/logo\\\/image\\\/\",\"url\":\"https:\\\/\\\/www.veltec.eu\\\/wp-content\\\/uploads\\\/2021\\\/12\\\/Veltec-log-groot-e1537260889125.png\",\"contentUrl\":\"https:\\\/\\\/www.veltec.eu\\\/wp-content\\\/uploads\\\/2021\\\/12\\\/Veltec-log-groot-e1537260889125.png\",\"width\":200,\"height\":60,\"caption\":\"Veltec Kirby Specialist\"},\"image\":{\"@id\":\"https:\\\/\\\/www.veltec.eu\\\/en\\\/#\\\/schema\\\/logo\\\/image\\\/\"},\"sameAs\":[\"https:\\\/\\\/www.facebook.com\\\/Veltec-Kirby-Specialist-236746293374877\\\/\",\"https:\\\/\\\/www.youtube.com\\\/user\\\/VeltecService\"]}]}<\/script>\n<!-- \/ Yoast SEO Premium plugin. -->","yoast_head_json":{"title":"Bolsa Exterior Diamond Kirby - Veltec Kirby specialist","description":"Bolsa Exterior Diamond Kirby - Veltec es el proveedor de las aspiradoras Kirby desde hace m\u00e1s de 25 a\u00f1os. Y es su especialista en servicio Kirby","robots":{"index":"index","follow":"follow","max-snippet":"max-snippet:-1","max-image-preview":"max-image-preview:large","max-video-preview":"max-video-preview:-1"},"canonical":"https:\/\/www.veltec.eu\/es\/product\/bolsa-exterior-diamond-kirby-nl400\/","og_locale":"es_ES","og_type":"article","og_title":"Bolsa Exterior Diamond Kirby","og_description":"Bolsa exterior para Kirby Diamond.    En stock   Pedido antes de las 23:59, enviado ma\u00f1ana  &nbsp;","og_url":"https:\/\/www.veltec.eu\/es\/product\/bolsa-exterior-diamond-kirby-nl400\/","og_site_name":"Veltec Kirby specialist","article_publisher":"https:\/\/www.facebook.com\/Veltec-Kirby-Specialist-236746293374877\/","article_modified_time":"2026-05-11T11:42:11+00:00","og_image":[{"width":459,"height":426,"url":"https:\/\/www.veltec.eu\/wp-content\/uploads\/2019\/03\/Diamond.jpg","type":"image\/jpeg"}],"twitter_card":"summary_large_image","twitter_misc":{"Tiempo de lectura":"3 minutos"},"schema":{"@context":"https:\/\/schema.org","@graph":[{"@type":"WebPage","@id":"https:\/\/www.veltec.eu\/es\/product\/bolsa-exterior-diamond-kirby-nl400\/","url":"https:\/\/www.veltec.eu\/es\/product\/bolsa-exterior-diamond-kirby-nl400\/","name":"Bolsa Exterior Diamond Kirby - Veltec Kirby specialist","isPartOf":{"@id":"https:\/\/www.veltec.eu\/en\/#website"},"primaryImageOfPage":{"@id":"https:\/\/www.veltec.eu\/es\/product\/bolsa-exterior-diamond-kirby-nl400\/#primaryimage"},"image":{"@id":"https:\/\/www.veltec.eu\/es\/product\/bolsa-exterior-diamond-kirby-nl400\/#primaryimage"},"thumbnailUrl":"https:\/\/www.veltec.eu\/wp-content\/uploads\/2019\/03\/Diamond.jpg","datePublished":"2019-03-05T10:19:23+00:00","dateModified":"2026-05-11T11:42:11+00:00","description":"Bolsa Exterior Diamond Kirby - Veltec es el proveedor de las aspiradoras Kirby desde hace m\u00e1s de 25 a\u00f1os. Y es su especialista en servicio Kirby","breadcrumb":{"@id":"https:\/\/www.veltec.eu\/es\/product\/bolsa-exterior-diamond-kirby-nl400\/#breadcrumb"},"inLanguage":"es","potentialAction":[{"@type":"ReadAction","target":["https:\/\/www.veltec.eu\/es\/product\/bolsa-exterior-diamond-kirby-nl400\/"]}]},{"@type":"ImageObject","inLanguage":"es","@id":"https:\/\/www.veltec.eu\/es\/product\/bolsa-exterior-diamond-kirby-nl400\/#primaryimage","url":"https:\/\/www.veltec.eu\/wp-content\/uploads\/2019\/03\/Diamond.jpg","contentUrl":"https:\/\/www.veltec.eu\/wp-content\/uploads\/2019\/03\/Diamond.jpg","width":459,"height":426},{"@type":"BreadcrumbList","@id":"https:\/\/www.veltec.eu\/es\/product\/bolsa-exterior-diamond-kirby-nl400\/#breadcrumb","itemListElement":[{"@type":"ListItem","position":1,"name":"Home","item":"https:\/\/www.veltec.eu\/es\/pagina-de-inicio\/"},{"@type":"ListItem","position":2,"name":"Tienda Kirby","item":"https:\/\/www.veltec.eu\/es\/tienda-kirby\/"},{"@type":"ListItem","position":3,"name":"Bolsa Exterior Diamond Kirby"}]},{"@type":"WebSite","@id":"https:\/\/www.veltec.eu\/en\/#website","url":"https:\/\/www.veltec.eu\/en\/","name":"Veltec Kirby specialist","description":"Kirby stofzuiger producten","publisher":{"@id":"https:\/\/www.veltec.eu\/en\/#organization"},"potentialAction":[{"@type":"SearchAction","target":{"@type":"EntryPoint","urlTemplate":"https:\/\/www.veltec.eu\/en\/?s={search_term_string}"},"query-input":{"@type":"PropertyValueSpecification","valueRequired":true,"valueName":"search_term_string"}}],"inLanguage":"es"},{"@type":"Organization","@id":"https:\/\/www.veltec.eu\/en\/#organization","name":"Veltec Kirby Specialist","url":"https:\/\/www.veltec.eu\/en\/","logo":{"@type":"ImageObject","inLanguage":"es","@id":"https:\/\/www.veltec.eu\/en\/#\/schema\/logo\/image\/","url":"https:\/\/www.veltec.eu\/wp-content\/uploads\/2021\/12\/Veltec-log-groot-e1537260889125.png","contentUrl":"https:\/\/www.veltec.eu\/wp-content\/uploads\/2021\/12\/Veltec-log-groot-e1537260889125.png","width":200,"height":60,"caption":"Veltec Kirby Specialist"},"image":{"@id":"https:\/\/www.veltec.eu\/en\/#\/schema\/logo\/image\/"},"sameAs":["https:\/\/www.facebook.com\/Veltec-Kirby-Specialist-236746293374877\/","https:\/\/www.youtube.com\/user\/VeltecService"]}]}},"_links":{"self":[{"href":"https:\/\/www.veltec.eu\/es\/wp-json\/wp\/v2\/product\/18043","targetHints":{"allow":["GET"]}}],"collection":[{"href":"https:\/\/www.veltec.eu\/es\/wp-json\/wp\/v2\/product"}],"about":[{"href":"https:\/\/www.veltec.eu\/es\/wp-json\/wp\/v2\/types\/product"}],"replies":[{"embeddable":true,"href":"https:\/\/www.veltec.eu\/es\/wp-json\/wp\/v2\/comments?post=18043"}],"wp:featuredmedia":[{"embeddable":true,"href":"https:\/\/www.veltec.eu\/es\/wp-json\/wp\/v2\/media\/17993"}],"wp:attachment":[{"href":"https:\/\/www.veltec.eu\/es\/wp-json\/wp\/v2\/media?parent=18043"}],"wp:term":[{"taxonomy":"product_brand","embeddable":true,"href":"https:\/\/www.veltec.eu\/es\/wp-json\/wp\/v2\/product_brand?post=18043"},{"taxonomy":"product_cat","embeddable":true,"href":"https:\/\/www.veltec.eu\/es\/wp-json\/wp\/v2\/product_cat?post=18043"},{"taxonomy":"product_tag","embeddable":true,"href":"https:\/\/www.veltec.eu\/es\/wp-json\/wp\/v2\/product_tag?post=18043"}],"curies":[{"name":"wp","href":"https:\/\/api.w.org\/{rel}","templated":true}]}}