{"id":18038,"date":"2019-03-05T12:27:30","date_gmt":"2019-03-05T10:27:30","guid":{"rendered":"https:\/\/www.veltec.eu\/product\/bolsa-exterior-sentria-kirby-2-nl401\/"},"modified":"2024-12-23T13:07:44","modified_gmt":"2024-12-23T11:07:44","slug":"bolsa-exterior-sentria-2-kirby-nl401","status":"publish","type":"product","link":"https:\/\/www.veltec.eu\/es\/product\/bolsa-exterior-sentria-2-kirby-nl401\/","title":{"rendered":"Bolsa Exterior Sentria 2 Kirby"},"content":{"rendered":"<h1>Kirby bolsa exterior Sentria 2<\/h1>\n<p>Bolsa exterior Kirby Sentria 2<\/p>\n<p><strong>Esta bolsa exterior est\u00e1 dise\u00f1ada para las aspiradoras Kirby siguientes;<\/strong><\/p>\n<p>Kirby Sentria II (G10)<\/p>\n<h2>Bolsa exterior Kirby Sentria 2 &#8211; El recambio perfecto para su aspiradora Kirby<\/h2>\n<p>\u00bfEst\u00e1 buscando una nueva bolsa exterior para su aspiradora Kirby? La bolsa exterior Sentria 2 ofrece una soluci\u00f3n excelente. Esta bolsa exterior original est\u00e1 especialmente dise\u00f1ada para la Kirby Sentria 2, pero es universalmente compatible con todos los modelos de aspiradoras Kirby. Gracias a los materiales de alta calidad y al dise\u00f1o elegante, puede contar con una combinaci\u00f3n de funcionalidad y est\u00e9tica. Descubra por qu\u00e9 esta bolsa exterior es la elecci\u00f3n ideal para su aspiradora.<\/p>\n<p><a href=\"https:\/\/www.veltec.eu\/es\/categorie\/bolsa-exterior-kirby-para-el-polvo-accesorios\/\">Aqu\u00ed encontrar\u00e1 todo para la bolsa exterior y accesorios Kirby<\/a><\/p>\n<h3>Compatible universalmente: una bolsa para cada modelo Kirby<\/h3>\n<p>La bolsa exterior Sentria 2 es una bolsa exterior universal, lo que significa que se adapta a todas las aspiradoras Kirby. Esto hace que reemplazar su bolsa exterior actual sea mucho m\u00e1s f\u00e1cil. La \u00fanica diferencia entre los modelos es el dise\u00f1o, por lo que puede elegir este tipo sin preocupaciones, independientemente del modelo Kirby que utilice. Con este ajuste universal, nunca m\u00e1s tendr\u00e1 que preocuparse por encontrar el tama\u00f1o adecuado.<\/p>\n<h3>Materiales de alta calidad para un uso duradero<\/h3>\n<p>Al elegir una nueva bolsa exterior, la calidad es esencial. La bolsa exterior Sentria 2 est\u00e1 fabricada con materiales duraderos y resistentes que garantizan que su aspiradora siga rindiendo al m\u00e1ximo. El material no s\u00f3lo es robusto, sino que tambi\u00e9n est\u00e1 dise\u00f1ado para alejar eficazmente el polvo y la suciedad, manteniendo limpio el interior de su aspiradora. Esto ayuda a prolongar la vida \u00fatil de su aparato.<\/p>\n<h3>Dise\u00f1o elegante a juego con su interior<\/h3>\n<p>Adem\u00e1s de funcionalidad, la bolsa exterior de Sentria 2 tambi\u00e9n ofrece un dise\u00f1o atractivo. La bolsa exterior est\u00e1 disponible en un moderno dise\u00f1o que combina perfectamente con el elegante aspecto de su aspiradora Kirby. Tanto si elige un dise\u00f1o neutro como uno llamativo, esta bolsa exterior a\u00f1ade estilo a su rutina de limpieza diaria.<\/p>\n<h3>F\u00e1cil de instalar y usar<\/h3>\n<p>Otra gran ventaja de la bolsa exterior Sentria 2 es su facilidad de uso. Gracias a su ajuste universal, la bolsa exterior es f\u00e1cil de instalar. En cuesti\u00f3n de minutos, podr\u00e1 volver a utilizar su aspiradora de forma \u00f3ptima. Adem\u00e1s, su ingenioso dise\u00f1o garantiza que la bolsa permanezca firmemente en su sitio durante el aspirado, para que pueda seguir con su trabajo sin interrupciones.<\/p>\n<hr \/>\n<h3>\u00bfPor qu\u00e9 elegir la bolsa exterior Kirby Sentria 2?<\/h3>\n<p>Con la bolsa exterior Sentria 2, usted elige calidad, durabilidad y estilo. Esta bolsa exterior ofrece todo lo que necesita para mantener su aspiradora en las mejores condiciones. Tanto si desea sustituir una bolsa exterior antigua como darle un nuevo aspecto a su aspiradora, esta bolsa es la elecci\u00f3n perfecta.<\/p>\n<p>En resumen, la bolsa exterior Sentria 2 combina funcionalidad con estilo y comodidad. No espere m\u00e1s y renueve hoy mismo su aspiradora Kirby con esta bolsa exterior de alta calidad.<\/p>\n","protected":false},"excerpt":{"rendered":"<p>Bolsa exterior para Kirby Sentria 2.<\/p>\n[trustindex data-widget-id=48bbd87242952812953642309d4]\n<h3><span style=\"color: #008000;\"><br \/>\nEn stock<\/span><\/h3>\n[av_font_icon icon='ue812' font='entypo-fontello' style='' caption='' size='25px' position='left' color='#43ad66' link='' linktarget='' title_attr='' sonar_effect_effect='' sonar_effect_color='' sonar_effect_duration='1' sonar_effect_scale='' sonar_effect_opac='0.5' animation='' id='' custom_class='' template_class='' av_uid='' sc_version='1.0' admin_preview_bg=''][\/av_font_icon]\n<p><span style=\"color: #008000;\">Pedido antes de las 23:59, enviado ma\u00f1ana<\/span><\/p>\n<p>&nbsp;<\/p>\n","protected":false},"featured_media":18009,"comment_status":"open","ping_status":"closed","template":"","meta":[],"product_brand":[],"product_cat":[370],"product_tag":[],"class_list":{"0":"post-18038","1":"product","2":"type-product","3":"status-publish","4":"has-post-thumbnail","6":"product_cat-bolsa-exterior-kirby-para-el-polvo-accesorios","7":"product_shipping_class-klein-es","9":"first","10":"instock","11":"sale","12":"taxable","13":"shipping-taxable","14":"purchasable","15":"product-type-simple"},"yoast_head":"<!-- This site is optimized with the Yoast SEO Premium plugin v27.1 (Yoast SEO v27.4) - https:\/\/yoast.com\/product\/yoast-seo-premium-wordpress\/ -->\n<title>Bolsa Exterior Sentria 2 Kirby - Veltec Kirby specialist<\/title>\n<meta name=\"description\" content=\"Bolsa Exterior Sentria 2 Kirby - Veltec es el proveedor de las aspiradoras Kirby desde hace m\u00e1s de 25 a\u00f1os. Y es su especialista en servicio\" \/>\n<meta name=\"robots\" content=\"index, follow, max-snippet:-1, max-image-preview:large, max-video-preview:-1\" \/>\n<link rel=\"canonical\" href=\"https:\/\/www.veltec.eu\/nl\/product\/kirby-buitenzak-sentria-2-nl401\/\" \/>\n<meta property=\"og:locale\" content=\"es_ES\" \/>\n<meta property=\"og:type\" content=\"article\" \/>\n<meta property=\"og:title\" content=\"Bolsa Exterior Sentria 2 Kirby\" \/>\n<meta property=\"og:description\" content=\"Bolsa exterior para Kirby Sentria 2.    En stock   Pedido antes de las 23:59, enviado ma\u00f1ana  &nbsp;\" \/>\n<meta property=\"og:url\" content=\"https:\/\/www.veltec.eu\/nl\/product\/kirby-buitenzak-sentria-2-nl401\/\" \/>\n<meta property=\"og:site_name\" content=\"Veltec Kirby specialist\" \/>\n<meta property=\"article:publisher\" content=\"https:\/\/www.facebook.com\/Veltec-Kirby-Specialist-236746293374877\/\" \/>\n<meta property=\"article:modified_time\" content=\"2024-12-23T11:07:44+00:00\" \/>\n<meta property=\"og:image\" content=\"https:\/\/www.veltec.eu\/wp-content\/uploads\/2019\/03\/Sentria-2.jpg\" \/>\n\t<meta property=\"og:image:width\" content=\"421\" \/>\n\t<meta property=\"og:image:height\" content=\"426\" \/>\n\t<meta property=\"og:image:type\" content=\"image\/jpeg\" \/>\n<meta name=\"twitter:card\" content=\"summary_large_image\" \/>\n<meta name=\"twitter:label1\" content=\"Tiempo de lectura\" \/>\n\t<meta name=\"twitter:data1\" content=\"3 minutos\" \/>\n<script type=\"application\/ld+json\" class=\"yoast-schema-graph\">{\"@context\":\"https:\\\/\\\/schema.org\",\"@graph\":[{\"@type\":\"WebPage\",\"@id\":\"https:\\\/\\\/www.veltec.eu\\\/nl\\\/product\\\/kirby-buitenzak-sentria-2-nl401\\\/\",\"url\":\"https:\\\/\\\/www.veltec.eu\\\/nl\\\/product\\\/kirby-buitenzak-sentria-2-nl401\\\/\",\"name\":\"Bolsa Exterior Sentria 2 Kirby - Veltec Kirby specialist\",\"isPartOf\":{\"@id\":\"https:\\\/\\\/www.veltec.eu\\\/en\\\/#website\"},\"primaryImageOfPage\":{\"@id\":\"https:\\\/\\\/www.veltec.eu\\\/nl\\\/product\\\/kirby-buitenzak-sentria-2-nl401\\\/#primaryimage\"},\"image\":{\"@id\":\"https:\\\/\\\/www.veltec.eu\\\/nl\\\/product\\\/kirby-buitenzak-sentria-2-nl401\\\/#primaryimage\"},\"thumbnailUrl\":\"https:\\\/\\\/www.veltec.eu\\\/wp-content\\\/uploads\\\/2019\\\/03\\\/Sentria-2.jpg\",\"datePublished\":\"2019-03-05T10:27:30+00:00\",\"dateModified\":\"2024-12-23T11:07:44+00:00\",\"description\":\"Bolsa Exterior Sentria 2 Kirby - Veltec es el proveedor de las aspiradoras Kirby desde hace m\u00e1s de 25 a\u00f1os. Y es su especialista en servicio\",\"breadcrumb\":{\"@id\":\"https:\\\/\\\/www.veltec.eu\\\/nl\\\/product\\\/kirby-buitenzak-sentria-2-nl401\\\/#breadcrumb\"},\"inLanguage\":\"es\",\"potentialAction\":[{\"@type\":\"ReadAction\",\"target\":[\"https:\\\/\\\/www.veltec.eu\\\/nl\\\/product\\\/kirby-buitenzak-sentria-2-nl401\\\/\"]}]},{\"@type\":\"ImageObject\",\"inLanguage\":\"es\",\"@id\":\"https:\\\/\\\/www.veltec.eu\\\/nl\\\/product\\\/kirby-buitenzak-sentria-2-nl401\\\/#primaryimage\",\"url\":\"https:\\\/\\\/www.veltec.eu\\\/wp-content\\\/uploads\\\/2019\\\/03\\\/Sentria-2.jpg\",\"contentUrl\":\"https:\\\/\\\/www.veltec.eu\\\/wp-content\\\/uploads\\\/2019\\\/03\\\/Sentria-2.jpg\",\"width\":421,\"height\":426},{\"@type\":\"BreadcrumbList\",\"@id\":\"https:\\\/\\\/www.veltec.eu\\\/nl\\\/product\\\/kirby-buitenzak-sentria-2-nl401\\\/#breadcrumb\",\"itemListElement\":[{\"@type\":\"ListItem\",\"position\":1,\"name\":\"Home\",\"item\":\"https:\\\/\\\/www.veltec.eu\\\/es\\\/\"},{\"@type\":\"ListItem\",\"position\":2,\"name\":\"Produits\",\"item\":\"https:\\\/\\\/www.veltec.eu\\\/fr\\\/shop\\\/\"},{\"@type\":\"ListItem\",\"position\":3,\"name\":\"Bolsa Exterior Sentria 2 Kirby\"}]},{\"@type\":\"WebSite\",\"@id\":\"https:\\\/\\\/www.veltec.eu\\\/en\\\/#website\",\"url\":\"https:\\\/\\\/www.veltec.eu\\\/en\\\/\",\"name\":\"Veltec Kirby specialist\",\"description\":\"Kirby stofzuiger producten\",\"publisher\":{\"@id\":\"https:\\\/\\\/www.veltec.eu\\\/en\\\/#organization\"},\"potentialAction\":[{\"@type\":\"SearchAction\",\"target\":{\"@type\":\"EntryPoint\",\"urlTemplate\":\"https:\\\/\\\/www.veltec.eu\\\/en\\\/?s={search_term_string}\"},\"query-input\":{\"@type\":\"PropertyValueSpecification\",\"valueRequired\":true,\"valueName\":\"search_term_string\"}}],\"inLanguage\":\"es\"},{\"@type\":\"Organization\",\"@id\":\"https:\\\/\\\/www.veltec.eu\\\/en\\\/#organization\",\"name\":\"Veltec Kirby Specialist\",\"url\":\"https:\\\/\\\/www.veltec.eu\\\/en\\\/\",\"logo\":{\"@type\":\"ImageObject\",\"inLanguage\":\"es\",\"@id\":\"https:\\\/\\\/www.veltec.eu\\\/en\\\/#\\\/schema\\\/logo\\\/image\\\/\",\"url\":\"https:\\\/\\\/www.veltec.eu\\\/wp-content\\\/uploads\\\/2021\\\/12\\\/Veltec-log-groot-e1537260889125.png\",\"contentUrl\":\"https:\\\/\\\/www.veltec.eu\\\/wp-content\\\/uploads\\\/2021\\\/12\\\/Veltec-log-groot-e1537260889125.png\",\"width\":200,\"height\":60,\"caption\":\"Veltec Kirby Specialist\"},\"image\":{\"@id\":\"https:\\\/\\\/www.veltec.eu\\\/en\\\/#\\\/schema\\\/logo\\\/image\\\/\"},\"sameAs\":[\"https:\\\/\\\/www.facebook.com\\\/Veltec-Kirby-Specialist-236746293374877\\\/\",\"https:\\\/\\\/www.youtube.com\\\/user\\\/VeltecService\"]}]}<\/script>\n<!-- \/ Yoast SEO Premium plugin. -->","yoast_head_json":{"title":"Bolsa Exterior Sentria 2 Kirby - Veltec Kirby specialist","description":"Bolsa Exterior Sentria 2 Kirby - Veltec es el proveedor de las aspiradoras Kirby desde hace m\u00e1s de 25 a\u00f1os. Y es su especialista en servicio","robots":{"index":"index","follow":"follow","max-snippet":"max-snippet:-1","max-image-preview":"max-image-preview:large","max-video-preview":"max-video-preview:-1"},"canonical":"https:\/\/www.veltec.eu\/nl\/product\/kirby-buitenzak-sentria-2-nl401\/","og_locale":"es_ES","og_type":"article","og_title":"Bolsa Exterior Sentria 2 Kirby","og_description":"Bolsa exterior para Kirby Sentria 2.    En stock   Pedido antes de las 23:59, enviado ma\u00f1ana  &nbsp;","og_url":"https:\/\/www.veltec.eu\/nl\/product\/kirby-buitenzak-sentria-2-nl401\/","og_site_name":"Veltec Kirby specialist","article_publisher":"https:\/\/www.facebook.com\/Veltec-Kirby-Specialist-236746293374877\/","article_modified_time":"2024-12-23T11:07:44+00:00","og_image":[{"width":421,"height":426,"url":"https:\/\/www.veltec.eu\/wp-content\/uploads\/2019\/03\/Sentria-2.jpg","type":"image\/jpeg"}],"twitter_card":"summary_large_image","twitter_misc":{"Tiempo de lectura":"3 minutos"},"schema":{"@context":"https:\/\/schema.org","@graph":[{"@type":"WebPage","@id":"https:\/\/www.veltec.eu\/nl\/product\/kirby-buitenzak-sentria-2-nl401\/","url":"https:\/\/www.veltec.eu\/nl\/product\/kirby-buitenzak-sentria-2-nl401\/","name":"Bolsa Exterior Sentria 2 Kirby - Veltec Kirby specialist","isPartOf":{"@id":"https:\/\/www.veltec.eu\/en\/#website"},"primaryImageOfPage":{"@id":"https:\/\/www.veltec.eu\/nl\/product\/kirby-buitenzak-sentria-2-nl401\/#primaryimage"},"image":{"@id":"https:\/\/www.veltec.eu\/nl\/product\/kirby-buitenzak-sentria-2-nl401\/#primaryimage"},"thumbnailUrl":"https:\/\/www.veltec.eu\/wp-content\/uploads\/2019\/03\/Sentria-2.jpg","datePublished":"2019-03-05T10:27:30+00:00","dateModified":"2024-12-23T11:07:44+00:00","description":"Bolsa Exterior Sentria 2 Kirby - Veltec es el proveedor de las aspiradoras Kirby desde hace m\u00e1s de 25 a\u00f1os. Y es su especialista en servicio","breadcrumb":{"@id":"https:\/\/www.veltec.eu\/nl\/product\/kirby-buitenzak-sentria-2-nl401\/#breadcrumb"},"inLanguage":"es","potentialAction":[{"@type":"ReadAction","target":["https:\/\/www.veltec.eu\/nl\/product\/kirby-buitenzak-sentria-2-nl401\/"]}]},{"@type":"ImageObject","inLanguage":"es","@id":"https:\/\/www.veltec.eu\/nl\/product\/kirby-buitenzak-sentria-2-nl401\/#primaryimage","url":"https:\/\/www.veltec.eu\/wp-content\/uploads\/2019\/03\/Sentria-2.jpg","contentUrl":"https:\/\/www.veltec.eu\/wp-content\/uploads\/2019\/03\/Sentria-2.jpg","width":421,"height":426},{"@type":"BreadcrumbList","@id":"https:\/\/www.veltec.eu\/nl\/product\/kirby-buitenzak-sentria-2-nl401\/#breadcrumb","itemListElement":[{"@type":"ListItem","position":1,"name":"Home","item":"https:\/\/www.veltec.eu\/es\/"},{"@type":"ListItem","position":2,"name":"Produits","item":"https:\/\/www.veltec.eu\/fr\/shop\/"},{"@type":"ListItem","position":3,"name":"Bolsa Exterior Sentria 2 Kirby"}]},{"@type":"WebSite","@id":"https:\/\/www.veltec.eu\/en\/#website","url":"https:\/\/www.veltec.eu\/en\/","name":"Veltec Kirby specialist","description":"Kirby stofzuiger producten","publisher":{"@id":"https:\/\/www.veltec.eu\/en\/#organization"},"potentialAction":[{"@type":"SearchAction","target":{"@type":"EntryPoint","urlTemplate":"https:\/\/www.veltec.eu\/en\/?s={search_term_string}"},"query-input":{"@type":"PropertyValueSpecification","valueRequired":true,"valueName":"search_term_string"}}],"inLanguage":"es"},{"@type":"Organization","@id":"https:\/\/www.veltec.eu\/en\/#organization","name":"Veltec Kirby Specialist","url":"https:\/\/www.veltec.eu\/en\/","logo":{"@type":"ImageObject","inLanguage":"es","@id":"https:\/\/www.veltec.eu\/en\/#\/schema\/logo\/image\/","url":"https:\/\/www.veltec.eu\/wp-content\/uploads\/2021\/12\/Veltec-log-groot-e1537260889125.png","contentUrl":"https:\/\/www.veltec.eu\/wp-content\/uploads\/2021\/12\/Veltec-log-groot-e1537260889125.png","width":200,"height":60,"caption":"Veltec Kirby Specialist"},"image":{"@id":"https:\/\/www.veltec.eu\/en\/#\/schema\/logo\/image\/"},"sameAs":["https:\/\/www.facebook.com\/Veltec-Kirby-Specialist-236746293374877\/","https:\/\/www.youtube.com\/user\/VeltecService"]}]}},"_links":{"self":[{"href":"https:\/\/www.veltec.eu\/es\/wp-json\/wp\/v2\/product\/18038","targetHints":{"allow":["GET"]}}],"collection":[{"href":"https:\/\/www.veltec.eu\/es\/wp-json\/wp\/v2\/product"}],"about":[{"href":"https:\/\/www.veltec.eu\/es\/wp-json\/wp\/v2\/types\/product"}],"replies":[{"embeddable":true,"href":"https:\/\/www.veltec.eu\/es\/wp-json\/wp\/v2\/comments?post=18038"}],"wp:featuredmedia":[{"embeddable":true,"href":"https:\/\/www.veltec.eu\/es\/wp-json\/wp\/v2\/media\/18009"}],"wp:attachment":[{"href":"https:\/\/www.veltec.eu\/es\/wp-json\/wp\/v2\/media?parent=18038"}],"wp:term":[{"taxonomy":"product_brand","embeddable":true,"href":"https:\/\/www.veltec.eu\/es\/wp-json\/wp\/v2\/product_brand?post=18038"},{"taxonomy":"product_cat","embeddable":true,"href":"https:\/\/www.veltec.eu\/es\/wp-json\/wp\/v2\/product_cat?post=18038"},{"taxonomy":"product_tag","embeddable":true,"href":"https:\/\/www.veltec.eu\/es\/wp-json\/wp\/v2\/product_tag?post=18038"}],"curies":[{"name":"wp","href":"https:\/\/api.w.org\/{rel}","templated":true}]}}