{"id":14477,"date":"2018-12-05T09:54:26","date_gmt":"2018-12-05T07:54:26","guid":{"rendered":"https:\/\/www.veltec.eu\/product\/motor-completo-kirby-re-acondicionado-nl20333\/"},"modified":"2026-01-02T11:45:29","modified_gmt":"2026-01-02T09:45:29","slug":"motor-completo-kirby-re-acondicionado","status":"publish","type":"product","link":"https:\/\/www.veltec.eu\/es\/product\/motor-completo-kirby-re-acondicionado\/","title":{"rendered":"Motor completo Kirby Re-acondicionado"},"content":{"rendered":"<h4>Motor completo Kirby Re-acondicionado<\/h4>\n<p>Este Motor completo Kirby Re-acondicionado y est\u00e1 provisto de:<\/p>\n<ul>\n<li>Pala de Rotor Kirby (turbina) nueva<\/li>\n<li>Cojinete frontal y trasero Kirby nuevo<\/li>\n<li>Cepillo de carb\u00f3n Kirby nuevo 2x<\/li>\n<\/ul>\n<p><strong>Este producto es adecuado para los tipos:<\/strong><\/p>\n<ul>\n<li>Avalir Platinum<\/li>\n<li>Avalir 2<\/li>\n<li>Avalir 1<\/li>\n<li>Sentria 2 (G10D)<\/li>\n<li>Sentria 1 (G10)<\/li>\n<li>Ultimate G Diamond Ed.(G7D or DE)<\/li>\n<li>Ultimate G (G7 or UG)<\/li>\n<li>Generation 6 (G6)<\/li>\n<li>Generation 5 (G5)<\/li>\n<li>Generation 4 (G4)<\/li>\n<li>Generation 3 (G3)<\/li>\n<\/ul>\n<h3>Descubra las ventajas de nuestro Motor completo Kirby Re-acondicionado<\/h3>\n<p>Como distribuidor experimentado y experto en mantenimiento de productos Kirby, hoy estoy aqu\u00ed para ofrecerle una oportunidad \u00fanica de llevar su experiencia de limpieza a un nivel completamente nuevo con nuestro motor Kirby completamente reacondicionado.<\/p>\n<p>Aqu\u00ed puede encontrar todas las <a href=\"https:\/\/www.veltec.eu\/es\/?page_id=59351\">Partes para motor Kirby<\/a><br \/>\n<a href=\"https:\/\/www.veltec.eu\/es\/product\/motor-completo-kirby-nl3076\/\">Si prefiere un Motor completo Kirby nuevo puede encontrarlo aqu\u00ed.<\/a><\/p>\n<h3>El poder de la calidad<\/h3>\n<p>Nuestros motores Kirby remanufacturados se someten a una revisi\u00f3n exhaustiva por parte de t\u00e9cnicos expertos, lo que garantiza que cada componente se inspecciona, limpia y, si es necesario, sustituye cuidadosamente. Esto garantiza no s\u00f3lo un rendimiento \u00f3ptimo, sino tambi\u00e9n fiabilidad y durabilidad.<\/p>\n<h3>Fiabilidad garantizada Motor completo Kirby Re-acondicionado<\/h3>\n<p>Con d\u00e9cadas de experiencia en el mantenimiento de productos Kirby, comprendemos como nadie la importancia de la fiabilidad. Nuestros motores remanufacturados se prueban y comprueban minuciosamente para garantizar que son fiables y ofrecen un rendimiento duradero, para que nunca tenga que preocuparse mientras limpia.<\/p>\n<h3>Limpieza potente en su m\u00e1xima expresi\u00f3n<\/h3>\n<p>El motor Kirby es conocido por su impresionante potencia de succi\u00f3n y limpieza. Con nuestro motor remanufacturado, puede contar con el mismo rendimiento potente que uno nuevo, limpiando a fondo sus suelos y alfombras con cada uso. Diga adi\u00f3s a la suciedad y al polvo porque nuestro motor no deja nada atr\u00e1s.<\/p>\n<h3>Ahorre dinero y ayude al medio ambiente<\/h3>\n<p>Al elegir un motor remanufacturado, no s\u00f3lo ahorra dinero, sino que tambi\u00e9n contribuye a un futuro m\u00e1s sostenible. Al utilizar equipos remanufacturados, reduce la demanda de nueva producci\u00f3n y ayuda a reducir los residuos y a conservar los recursos naturales.<\/p>\n<h3>Garant\u00eda y asistencia<\/h3>\n<p>Nuestros motores Kirby remanufacturados vienen con garant\u00eda, por lo que puede disfrutar de tranquilidad con su compra. Adem\u00e1s, tambi\u00e9n ofrecemos asistencia y asesoramiento sobre el mantenimiento de su Kirby, para que pueda asegurarse de que se mantiene en las mejores condiciones. P\u00f3ngase en contacto con nosotros hoy mismo para solicitar el suyo y disfrutar de las ventajas que le ofrece. Con nuestro motor Kirby reacondicionado, tendr\u00e1 garantizados a\u00f1os de placer en la limpieza.<\/p>\n","protected":false},"excerpt":{"rendered":"<p>Motor completo Kirby, Re-acondicionado.<\/p>\n[trustindex data-widget-id=48bbd87242952812953642309d4]\n<h3><span style=\"color: #008000;\"><br \/>\nEn stock<\/span><\/h3>\n[av_font_icon icon='ue812' font='entypo-fontello' style='' caption='' size='25px' position='left' color='#43ad66' link='' linktarget='' title_attr='' sonar_effect_effect='' sonar_effect_color='' sonar_effect_duration='1' sonar_effect_scale='' sonar_effect_opac='0.5' animation='' id='' custom_class='' template_class='' av_uid='' sc_version='1.0' admin_preview_bg=''][\/av_font_icon]\n<p><span style=\"color: #008000;\">Pedido antes de las 23:59, enviado ma\u00f1ana<\/span><\/p>\n<p>&nbsp;<\/p>\n","protected":false},"featured_media":86106,"comment_status":"open","ping_status":"closed","template":"","meta":{"_acf_changed":false},"product_brand":[],"product_cat":[362],"product_tag":[],"class_list":{"0":"post-14477","1":"product","2":"type-product","3":"status-publish","4":"has-post-thumbnail","6":"product_cat-partes-para-motor-kirby","7":"product_shipping_class-klein-es","9":"first","10":"instock","11":"sale","12":"taxable","13":"shipping-taxable","14":"purchasable","15":"product-type-simple"},"acf":[],"yoast_head":"<!-- This site is optimized with the Yoast SEO Premium plugin v27.1 (Yoast SEO v27.5) - https:\/\/yoast.com\/product\/yoast-seo-premium-wordpress\/ -->\n<title>Motor completo Kirby Re-acondicionado - Veltec Kirby specialist<\/title>\n<meta name=\"description\" content=\"Motor completo Kirby Re-acondicionado Veltec es el proveedor de las aspiradoras Kirby desde hace m\u00e1s de 20 a\u00f1os. Veltec Kirby specialist.\" \/>\n<meta name=\"robots\" content=\"index, follow, max-snippet:-1, max-image-preview:large, max-video-preview:-1\" \/>\n<link rel=\"canonical\" href=\"https:\/\/www.veltec.eu\/es\/product\/motor-completo-kirby-re-acondicionado\/\" \/>\n<meta property=\"og:locale\" content=\"es_ES\" \/>\n<meta property=\"og:type\" content=\"article\" \/>\n<meta property=\"og:title\" content=\"Motor completo Kirby Re-acondicionado\" \/>\n<meta property=\"og:description\" content=\"Motor completo Kirby, Re-acondicionado.    En stock   Pedido antes de las 23:59, enviado ma\u00f1ana  &nbsp;\" \/>\n<meta property=\"og:url\" content=\"https:\/\/www.veltec.eu\/es\/product\/motor-completo-kirby-re-acondicionado\/\" \/>\n<meta property=\"og:site_name\" content=\"Veltec Kirby specialist\" \/>\n<meta property=\"article:publisher\" content=\"https:\/\/www.facebook.com\/Veltec-Kirby-Specialist-236746293374877\/\" \/>\n<meta property=\"article:modified_time\" content=\"2026-01-02T09:45:29+00:00\" \/>\n<meta property=\"og:image\" content=\"https:\/\/www.veltec.eu\/wp-content\/uploads\/2018\/12\/Kirby-motor.png\" \/>\n\t<meta property=\"og:image:width\" content=\"300\" \/>\n\t<meta property=\"og:image:height\" content=\"300\" \/>\n\t<meta property=\"og:image:type\" content=\"image\/png\" \/>\n<meta name=\"twitter:card\" content=\"summary_large_image\" \/>\n<meta name=\"twitter:label1\" content=\"Tiempo de lectura\" \/>\n\t<meta name=\"twitter:data1\" content=\"3 minutos\" \/>\n<script type=\"application\/ld+json\" class=\"yoast-schema-graph\">{\"@context\":\"https:\\\/\\\/schema.org\",\"@graph\":[{\"@type\":\"WebPage\",\"@id\":\"https:\\\/\\\/www.veltec.eu\\\/es\\\/product\\\/motor-completo-kirby-re-acondicionado\\\/\",\"url\":\"https:\\\/\\\/www.veltec.eu\\\/es\\\/product\\\/motor-completo-kirby-re-acondicionado\\\/\",\"name\":\"Motor completo Kirby Re-acondicionado - Veltec Kirby specialist\",\"isPartOf\":{\"@id\":\"https:\\\/\\\/www.veltec.eu\\\/en\\\/#website\"},\"primaryImageOfPage\":{\"@id\":\"https:\\\/\\\/www.veltec.eu\\\/es\\\/product\\\/motor-completo-kirby-re-acondicionado\\\/#primaryimage\"},\"image\":{\"@id\":\"https:\\\/\\\/www.veltec.eu\\\/es\\\/product\\\/motor-completo-kirby-re-acondicionado\\\/#primaryimage\"},\"thumbnailUrl\":\"https:\\\/\\\/www.veltec.eu\\\/wp-content\\\/uploads\\\/2018\\\/12\\\/Kirby-motor.png\",\"datePublished\":\"2018-12-05T07:54:26+00:00\",\"dateModified\":\"2026-01-02T09:45:29+00:00\",\"description\":\"Motor completo Kirby Re-acondicionado Veltec es el proveedor de las aspiradoras Kirby desde hace m\u00e1s de 20 a\u00f1os. Veltec Kirby specialist.\",\"breadcrumb\":{\"@id\":\"https:\\\/\\\/www.veltec.eu\\\/es\\\/product\\\/motor-completo-kirby-re-acondicionado\\\/#breadcrumb\"},\"inLanguage\":\"es\",\"potentialAction\":[{\"@type\":\"ReadAction\",\"target\":[\"https:\\\/\\\/www.veltec.eu\\\/es\\\/product\\\/motor-completo-kirby-re-acondicionado\\\/\"]}]},{\"@type\":\"ImageObject\",\"inLanguage\":\"es\",\"@id\":\"https:\\\/\\\/www.veltec.eu\\\/es\\\/product\\\/motor-completo-kirby-re-acondicionado\\\/#primaryimage\",\"url\":\"https:\\\/\\\/www.veltec.eu\\\/wp-content\\\/uploads\\\/2018\\\/12\\\/Kirby-motor.png\",\"contentUrl\":\"https:\\\/\\\/www.veltec.eu\\\/wp-content\\\/uploads\\\/2018\\\/12\\\/Kirby-motor.png\",\"width\":300,\"height\":300},{\"@type\":\"BreadcrumbList\",\"@id\":\"https:\\\/\\\/www.veltec.eu\\\/es\\\/product\\\/motor-completo-kirby-re-acondicionado\\\/#breadcrumb\",\"itemListElement\":[{\"@type\":\"ListItem\",\"position\":1,\"name\":\"Home\",\"item\":\"https:\\\/\\\/www.veltec.eu\\\/es\\\/pagina-de-inicio\\\/\"},{\"@type\":\"ListItem\",\"position\":2,\"name\":\"Tienda Kirby\",\"item\":\"https:\\\/\\\/www.veltec.eu\\\/es\\\/tienda-kirby\\\/\"},{\"@type\":\"ListItem\",\"position\":3,\"name\":\"Motor completo Kirby Re-acondicionado\"}]},{\"@type\":\"WebSite\",\"@id\":\"https:\\\/\\\/www.veltec.eu\\\/en\\\/#website\",\"url\":\"https:\\\/\\\/www.veltec.eu\\\/en\\\/\",\"name\":\"Veltec Kirby specialist\",\"description\":\"Kirby stofzuiger producten\",\"publisher\":{\"@id\":\"https:\\\/\\\/www.veltec.eu\\\/en\\\/#organization\"},\"potentialAction\":[{\"@type\":\"SearchAction\",\"target\":{\"@type\":\"EntryPoint\",\"urlTemplate\":\"https:\\\/\\\/www.veltec.eu\\\/en\\\/?s={search_term_string}\"},\"query-input\":{\"@type\":\"PropertyValueSpecification\",\"valueRequired\":true,\"valueName\":\"search_term_string\"}}],\"inLanguage\":\"es\"},{\"@type\":\"Organization\",\"@id\":\"https:\\\/\\\/www.veltec.eu\\\/en\\\/#organization\",\"name\":\"Veltec Kirby Specialist\",\"url\":\"https:\\\/\\\/www.veltec.eu\\\/en\\\/\",\"logo\":{\"@type\":\"ImageObject\",\"inLanguage\":\"es\",\"@id\":\"https:\\\/\\\/www.veltec.eu\\\/en\\\/#\\\/schema\\\/logo\\\/image\\\/\",\"url\":\"https:\\\/\\\/www.veltec.eu\\\/wp-content\\\/uploads\\\/2021\\\/12\\\/Veltec-log-groot-e1537260889125.png\",\"contentUrl\":\"https:\\\/\\\/www.veltec.eu\\\/wp-content\\\/uploads\\\/2021\\\/12\\\/Veltec-log-groot-e1537260889125.png\",\"width\":200,\"height\":60,\"caption\":\"Veltec Kirby Specialist\"},\"image\":{\"@id\":\"https:\\\/\\\/www.veltec.eu\\\/en\\\/#\\\/schema\\\/logo\\\/image\\\/\"},\"sameAs\":[\"https:\\\/\\\/www.facebook.com\\\/Veltec-Kirby-Specialist-236746293374877\\\/\",\"https:\\\/\\\/www.youtube.com\\\/user\\\/VeltecService\"]}]}<\/script>\n<!-- \/ Yoast SEO Premium plugin. -->","yoast_head_json":{"title":"Motor completo Kirby Re-acondicionado - Veltec Kirby specialist","description":"Motor completo Kirby Re-acondicionado Veltec es el proveedor de las aspiradoras Kirby desde hace m\u00e1s de 20 a\u00f1os. Veltec Kirby specialist.","robots":{"index":"index","follow":"follow","max-snippet":"max-snippet:-1","max-image-preview":"max-image-preview:large","max-video-preview":"max-video-preview:-1"},"canonical":"https:\/\/www.veltec.eu\/es\/product\/motor-completo-kirby-re-acondicionado\/","og_locale":"es_ES","og_type":"article","og_title":"Motor completo Kirby Re-acondicionado","og_description":"Motor completo Kirby, Re-acondicionado.    En stock   Pedido antes de las 23:59, enviado ma\u00f1ana  &nbsp;","og_url":"https:\/\/www.veltec.eu\/es\/product\/motor-completo-kirby-re-acondicionado\/","og_site_name":"Veltec Kirby specialist","article_publisher":"https:\/\/www.facebook.com\/Veltec-Kirby-Specialist-236746293374877\/","article_modified_time":"2026-01-02T09:45:29+00:00","og_image":[{"width":300,"height":300,"url":"https:\/\/www.veltec.eu\/wp-content\/uploads\/2018\/12\/Kirby-motor.png","type":"image\/png"}],"twitter_card":"summary_large_image","twitter_misc":{"Tiempo de lectura":"3 minutos"},"schema":{"@context":"https:\/\/schema.org","@graph":[{"@type":"WebPage","@id":"https:\/\/www.veltec.eu\/es\/product\/motor-completo-kirby-re-acondicionado\/","url":"https:\/\/www.veltec.eu\/es\/product\/motor-completo-kirby-re-acondicionado\/","name":"Motor completo Kirby Re-acondicionado - Veltec Kirby specialist","isPartOf":{"@id":"https:\/\/www.veltec.eu\/en\/#website"},"primaryImageOfPage":{"@id":"https:\/\/www.veltec.eu\/es\/product\/motor-completo-kirby-re-acondicionado\/#primaryimage"},"image":{"@id":"https:\/\/www.veltec.eu\/es\/product\/motor-completo-kirby-re-acondicionado\/#primaryimage"},"thumbnailUrl":"https:\/\/www.veltec.eu\/wp-content\/uploads\/2018\/12\/Kirby-motor.png","datePublished":"2018-12-05T07:54:26+00:00","dateModified":"2026-01-02T09:45:29+00:00","description":"Motor completo Kirby Re-acondicionado Veltec es el proveedor de las aspiradoras Kirby desde hace m\u00e1s de 20 a\u00f1os. Veltec Kirby specialist.","breadcrumb":{"@id":"https:\/\/www.veltec.eu\/es\/product\/motor-completo-kirby-re-acondicionado\/#breadcrumb"},"inLanguage":"es","potentialAction":[{"@type":"ReadAction","target":["https:\/\/www.veltec.eu\/es\/product\/motor-completo-kirby-re-acondicionado\/"]}]},{"@type":"ImageObject","inLanguage":"es","@id":"https:\/\/www.veltec.eu\/es\/product\/motor-completo-kirby-re-acondicionado\/#primaryimage","url":"https:\/\/www.veltec.eu\/wp-content\/uploads\/2018\/12\/Kirby-motor.png","contentUrl":"https:\/\/www.veltec.eu\/wp-content\/uploads\/2018\/12\/Kirby-motor.png","width":300,"height":300},{"@type":"BreadcrumbList","@id":"https:\/\/www.veltec.eu\/es\/product\/motor-completo-kirby-re-acondicionado\/#breadcrumb","itemListElement":[{"@type":"ListItem","position":1,"name":"Home","item":"https:\/\/www.veltec.eu\/es\/pagina-de-inicio\/"},{"@type":"ListItem","position":2,"name":"Tienda Kirby","item":"https:\/\/www.veltec.eu\/es\/tienda-kirby\/"},{"@type":"ListItem","position":3,"name":"Motor completo Kirby Re-acondicionado"}]},{"@type":"WebSite","@id":"https:\/\/www.veltec.eu\/en\/#website","url":"https:\/\/www.veltec.eu\/en\/","name":"Veltec Kirby specialist","description":"Kirby stofzuiger producten","publisher":{"@id":"https:\/\/www.veltec.eu\/en\/#organization"},"potentialAction":[{"@type":"SearchAction","target":{"@type":"EntryPoint","urlTemplate":"https:\/\/www.veltec.eu\/en\/?s={search_term_string}"},"query-input":{"@type":"PropertyValueSpecification","valueRequired":true,"valueName":"search_term_string"}}],"inLanguage":"es"},{"@type":"Organization","@id":"https:\/\/www.veltec.eu\/en\/#organization","name":"Veltec Kirby Specialist","url":"https:\/\/www.veltec.eu\/en\/","logo":{"@type":"ImageObject","inLanguage":"es","@id":"https:\/\/www.veltec.eu\/en\/#\/schema\/logo\/image\/","url":"https:\/\/www.veltec.eu\/wp-content\/uploads\/2021\/12\/Veltec-log-groot-e1537260889125.png","contentUrl":"https:\/\/www.veltec.eu\/wp-content\/uploads\/2021\/12\/Veltec-log-groot-e1537260889125.png","width":200,"height":60,"caption":"Veltec Kirby Specialist"},"image":{"@id":"https:\/\/www.veltec.eu\/en\/#\/schema\/logo\/image\/"},"sameAs":["https:\/\/www.facebook.com\/Veltec-Kirby-Specialist-236746293374877\/","https:\/\/www.youtube.com\/user\/VeltecService"]}]}},"_links":{"self":[{"href":"https:\/\/www.veltec.eu\/es\/wp-json\/wp\/v2\/product\/14477","targetHints":{"allow":["GET"]}}],"collection":[{"href":"https:\/\/www.veltec.eu\/es\/wp-json\/wp\/v2\/product"}],"about":[{"href":"https:\/\/www.veltec.eu\/es\/wp-json\/wp\/v2\/types\/product"}],"replies":[{"embeddable":true,"href":"https:\/\/www.veltec.eu\/es\/wp-json\/wp\/v2\/comments?post=14477"}],"wp:featuredmedia":[{"embeddable":true,"href":"https:\/\/www.veltec.eu\/es\/wp-json\/wp\/v2\/media\/86106"}],"wp:attachment":[{"href":"https:\/\/www.veltec.eu\/es\/wp-json\/wp\/v2\/media?parent=14477"}],"wp:term":[{"taxonomy":"product_brand","embeddable":true,"href":"https:\/\/www.veltec.eu\/es\/wp-json\/wp\/v2\/product_brand?post=14477"},{"taxonomy":"product_cat","embeddable":true,"href":"https:\/\/www.veltec.eu\/es\/wp-json\/wp\/v2\/product_cat?post=14477"},{"taxonomy":"product_tag","embeddable":true,"href":"https:\/\/www.veltec.eu\/es\/wp-json\/wp\/v2\/product_tag?post=14477"}],"curies":[{"name":"wp","href":"https:\/\/api.w.org\/{rel}","templated":true}]}}