{"id":14054,"date":"2018-11-22T12:53:34","date_gmt":"2018-11-22T10:53:34","guid":{"rendered":"https:\/\/www.veltec.eu\/product\/kirby-sentria-ii\/"},"modified":"2026-05-06T11:00:01","modified_gmt":"2026-05-06T09:00:01","slug":"kirby-sentria-2-basico-nl3965","status":"publish","type":"product","link":"https:\/\/www.veltec.eu\/es\/product\/kirby-sentria-2-basico-nl3965\/","title":{"rendered":"Kirby Sentria 2 B\u00e1sico"},"content":{"rendered":"<h1 data-start=\"335\" data-end=\"415\">Kirby Sentria 2 B\u00e1sico Revisado en taller<\/h1>\n<p data-start=\"417\" data-end=\"976\">\u00bfBusca comprar un Kirby Sentria 2 B\u00e1sico sin el alto precio de una m\u00e1quina nueva? Entonces nuestra Kirby Sentria 2 B\u00e1sico Revisada en taller es la elecci\u00f3n ideal. En nuestro taller especializado Veltec Kirby, revisamos por expertos cada aspiradora Kirby Sentria 2, para que usted se beneficie de un rendimiento de alta calidad, un motor potente y componentes duraderos, con un ahorro de hasta el 80% en comparaci\u00f3n con un producto nuevo. Gracias a esta atractiva oferta del Kirby Sentria 2, usted elige m\u00e1xima calidad y larga vida \u00fatil.<\/p>\n<h2 data-start=\"983\" data-end=\"1051\">Por qu\u00e9 la Kirby Sentria 2 es una elecci\u00f3n inteligente<\/h2>\n<p data-start=\"1052\" data-end=\"1497\">El Kirby Sentria 2 B\u00e1sico es conocido por su carcasa met\u00e1lica, su motor potente y sus opciones de limpieza vers\u00e1tiles. Esta aspiradora Kirby Sentria 2 no solo limpia suelos, sino tambi\u00e9n colchones, muebles, alfombras y cortinas a nivel profesional. Adem\u00e1s, el sistema HEPA filtra incluso los al\u00e9rgenos min\u00fasculos, lo que hace que este modelo Kirby Sentria 2 sea ideal para familias con ni\u00f1os, mascotas o sensibilidad a las alergias.<\/p>\n<p data-start=\"1499\" data-end=\"1569\"><a href=\"https:\/\/www.veltec.eu\/es\/aspiradoras-y-bolsas\/kirby-revisado-en-taller\/\" target=\"_blank\" rel=\"noopener\">Aqu\u00ed encuentra informaci\u00f3n sobre todas las <em data-start=\"1542\" data-end=\"1568\">Kirby Revisado en taller<\/em>.<\/a><\/p>\n<p data-start=\"1499\" data-end=\"1569\"><img decoding=\"async\" class=\"alignright wp-image-85976 \" src=\"https:\/\/www.veltec.eu\/wp-content\/uploads\/2018\/09\/Kirby-refurbished-1-300x300.png\" alt=\"Kirby Sentria 2 B\u00e1sico Revisado en taller\" width=\"245\" height=\"245\" srcset=\"https:\/\/www.veltec.eu\/wp-content\/uploads\/2018\/09\/Kirby-refurbished-1-300x300.png 300w, https:\/\/www.veltec.eu\/wp-content\/uploads\/2018\/09\/Kirby-refurbished-1-80x80.png 80w, https:\/\/www.veltec.eu\/wp-content\/uploads\/2018\/09\/Kirby-refurbished-1-36x36.png 36w, https:\/\/www.veltec.eu\/wp-content\/uploads\/2018\/09\/Kirby-refurbished-1-180x180.png 180w, https:\/\/www.veltec.eu\/wp-content\/uploads\/2018\/09\/Kirby-refurbished-1-120x120.png 120w, https:\/\/www.veltec.eu\/wp-content\/uploads\/2018\/09\/Kirby-refurbished-1-450x450.png 450w, https:\/\/www.veltec.eu\/wp-content\/uploads\/2018\/09\/Kirby-refurbished-1-600x600.png 600w, https:\/\/www.veltec.eu\/wp-content\/uploads\/2018\/09\/Kirby-refurbished-1-100x100.png 100w, https:\/\/www.veltec.eu\/wp-content\/uploads\/2018\/09\/Kirby-refurbished-1.png 626w\" sizes=\"(max-width: 245px) 100vw, 245px\" \/><\/p>\n<h2 data-start=\"1576\" data-end=\"1640\">Revisado en taller por Veltec Kirby \u2013 Calidad garantizada<\/h2>\n<p data-path-to-node=\"10\">Nuestros modelos Kirby Sentria 2 Revisados en taller se compran selectivamente a distribuidores autorizados. Muchos de estos aparatos solo han sido modelos de demostraci\u00f3n, por lo que est\u00e1n t\u00e9cnicamente en \u00f3ptimas condiciones. En nuestro taller Veltec Kirby revisamos completamente cada Kirby Sentria 2:<\/p>\n<ul data-path-to-node=\"11\">\n<li>El motor recibe un mantenimiento exhaustivo.<\/li>\n<li>Todas las piezas desgastadas del motor se reemplazan por piezas originales nuevas.<\/li>\n<li>La carcasa es pulida profesionalmente.<\/li>\n<\/ul>\n<p data-path-to-node=\"12\">As\u00ed, usted recibe una m\u00e1quina Kirby Sentria 2 revisada en taller que funciona y se ve como nueva, pero por una fracci\u00f3n del precio original.<\/p>\n<h2 data-start=\"2200\" data-end=\"2264\">Ventajas de una Kirby Sentria 2 Revisado en taller<\/h2>\n<p data-start=\"2265\" data-end=\"2535\">Con un Kirby Sentria 2\u00a0Revisado en taller, usted elige durabilidad, calidad y un nivel de precios atractivo. La reutilizaci\u00f3n de componentes de alta calidad evita la producci\u00f3n innecesaria de residuos, mientras que usted disfruta del mismo rendimiento de limpieza potente que con un modelo nuevo.<\/p>\n<p>M\u00e1s informaci\u00f3n: <a href=\"https:\/\/www.servicio-de-aspiradoras-kirby.es\/aspiradora-kirby\/\" target=\"_blank\" rel=\"noopener\">Todo lo que necesitas saber sobre la potencia y durabilidad de la aspiradora Kirby<\/a><\/p>\n<h2 data-start=\"2645\" data-end=\"2701\">Esto recibe al comprar una Kirby Sentria 2<\/h2>\n<p data-path-to-node=\"18\">Cuando usted pide un Kirby Sentria 2 B\u00e1sico, recibe:<\/p>\n<ul data-path-to-node=\"19\">\n<li>Un aparato Kirby Sentria 2 completamente Revisado en taller con piezas nuevas donde sea necesario.<\/li>\n<li>Un set completo de 16 accesorios para suelos, muebles, colchones, alfombras y m\u00e1s.<\/li>\n<li>Una m\u00e1quina pulida que parece nueva.<\/li>\n<li>Adem\u00e1s, usted recibe 12 meses de garant\u00eda.<\/li>\n<\/ul>\n<p data-start=\"3022\" data-end=\"3111\">Este modelo Kirby Sentria 2 B\u00e1sico se entrega tal como se muestra en las fotograf\u00edas.<\/p>\n<div id=\"attachment_5503\" style=\"width: 582px\" class=\"wp-caption alignnone\"><img decoding=\"async\" aria-describedby=\"caption-attachment-5503\" class=\"wp-image-5503 size-full\" src=\"https:\/\/www.veltec.eu\/wp-content\/uploads\/2018\/10\/kit_2.jpg\" alt=\"Kirby Sentria 2 B\u00e1sico\" width=\"572\" height=\"406\" srcset=\"https:\/\/www.veltec.eu\/wp-content\/uploads\/2018\/10\/kit_2.jpg 572w, https:\/\/www.veltec.eu\/wp-content\/uploads\/2018\/10\/kit_2-300x213.jpg 300w, https:\/\/www.veltec.eu\/wp-content\/uploads\/2018\/10\/kit_2-260x185.jpg 260w\" sizes=\"(max-width: 572px) 100vw, 572px\" \/><p id=\"caption-attachment-5503\" class=\"wp-caption-text\">Kirby Sentria 2 B\u00e1sico<\/p><\/div>\n<h2 data-start=\"3162\" data-end=\"3205\">Elija hoy una Kirby Sentria 2<\/h2>\n<p data-path-to-node=\"24\">Con el Kirby Sentria 2\u00a0Revisado en taller, usted lleva a casa fiabilidad, rendimiento y durabilidad. Gracias a la revisi\u00f3n profesional de Veltec Kirby, su aparato durar\u00e1 a\u00f1os y usted disfrutar\u00e1 cada d\u00eda de una limpieza profunda e higi\u00e9nica.<\/p>\n<p data-path-to-node=\"25\">Las m\u00e1quinas Kirby se entregan en un plazo de 5 a 10 d\u00edas laborables.<\/p>\n<p><a href=\"https:\/\/www.veltec.eu\/es\/comprar-kirby-sentria\/\" target=\"_blank\" rel=\"noopener\">Encuentra aqu\u00ed m\u00e1s informaci\u00f3n sobre comprar la Kirby Sentria.<\/a><\/p>\n","protected":false},"excerpt":{"rendered":"<p>La Kirby Sentria 2 B\u00e1sico Revisado en taller ofrece potencia profesional, larga durabilidad y una revisi\u00f3n completa realizada por Veltec Kirby. Una opci\u00f3n premium con garant\u00eda de 12 meses y kit de limpieza incluido.<\/p>\n[trustindex data-widget-id=48bbd87242952812953642309d4]\n<h3><span style=\"color: #008000;\"><br \/>\nEn stock<\/span><\/h3>\n[av_font_icon icon='ue812' font='entypo-fontello' style='' caption='' size='25px' position='left' color='#43ad66' link='' linktarget='' title_attr='' sonar_effect_effect='' sonar_effect_color='' sonar_effect_duration='1' sonar_effect_scale='' sonar_effect_opac='0.5' animation='' id='' custom_class='' template_class='' av_uid='' sc_version='1.0' admin_preview_bg=''][\/av_font_icon]\n<p><span style=\"color: #008000;\">El plazo de entrega oscila entre 5 y 10 d\u00edas laborables<\/span><\/p>\n<p>&nbsp;<\/p>\n","protected":false},"featured_media":86032,"comment_status":"open","ping_status":"closed","template":"","meta":{"_acf_changed":false},"product_brand":[],"product_cat":[412],"product_tag":[],"class_list":{"0":"post-14054","1":"product","2":"type-product","3":"status-publish","4":"has-post-thumbnail","6":"product_cat-kirby-revisado-en-taller","7":"product_shipping_class-groot-sp","9":"first","10":"instock","11":"sale","12":"taxable","13":"shipping-taxable","14":"purchasable","15":"product-type-simple"},"acf":[],"yoast_head":"<!-- This site is optimized with the Yoast SEO Premium plugin v27.1 (Yoast SEO v27.5) - https:\/\/yoast.com\/product\/yoast-seo-premium-wordpress\/ -->\n<title>Kirby Sentria 2 B\u00e1sico Revisado en taller | Calidad Premium<\/title>\n<meta name=\"description\" content=\"Kirby Sentria 2 B\u00e1sico Revisado en taller: potencia, durabilidad y ahorro del 80%. Revisado por Veltec Kirby con garant\u00eda de 12 meses.\" \/>\n<meta name=\"robots\" content=\"index, follow, max-snippet:-1, max-image-preview:large, max-video-preview:-1\" \/>\n<link rel=\"canonical\" href=\"https:\/\/www.veltec.eu\/es\/product\/kirby-sentria-2-basico-nl3965\/\" \/>\n<meta property=\"og:locale\" content=\"es_ES\" \/>\n<meta property=\"og:type\" content=\"article\" \/>\n<meta property=\"og:title\" content=\"Kirby Sentria 2 B\u00e1sico\" \/>\n<meta property=\"og:description\" content=\"La Kirby Sentria 2 B\u00e1sico Revisado en taller ofrece potencia profesional, larga durabilidad y una revisi\u00f3n completa realizada por Veltec Kirby. Una opci\u00f3n premium con garant\u00eda de 12 meses y kit de limpieza incluido.    En stock   El plazo de entrega oscila entre 5 y 10 d\u00edas laborables  &nbsp;\" \/>\n<meta property=\"og:url\" content=\"https:\/\/www.veltec.eu\/es\/product\/kirby-sentria-2-basico-nl3965\/\" \/>\n<meta property=\"og:site_name\" content=\"Veltec Kirby specialist\" \/>\n<meta property=\"article:publisher\" content=\"https:\/\/www.facebook.com\/Veltec-Kirby-Specialist-236746293374877\/\" \/>\n<meta property=\"article:modified_time\" content=\"2026-05-06T09:00:01+00:00\" \/>\n<meta property=\"og:image\" content=\"https:\/\/www.veltec.eu\/wp-content\/uploads\/2018\/11\/Kirby-Sentra-2.png\" \/>\n\t<meta property=\"og:image:width\" content=\"600\" \/>\n\t<meta property=\"og:image:height\" content=\"600\" \/>\n\t<meta property=\"og:image:type\" content=\"image\/png\" \/>\n<meta name=\"twitter:card\" content=\"summary_large_image\" \/>\n<meta name=\"twitter:label1\" content=\"Tiempo de lectura\" \/>\n\t<meta name=\"twitter:data1\" content=\"3 minutos\" \/>\n<script type=\"application\/ld+json\" class=\"yoast-schema-graph\">{\"@context\":\"https:\\\/\\\/schema.org\",\"@graph\":[{\"@type\":\"WebPage\",\"@id\":\"https:\\\/\\\/www.veltec.eu\\\/es\\\/product\\\/kirby-sentria-2-basico-nl3965\\\/\",\"url\":\"https:\\\/\\\/www.veltec.eu\\\/es\\\/product\\\/kirby-sentria-2-basico-nl3965\\\/\",\"name\":\"Kirby Sentria 2 B\u00e1sico Revisado en taller | Calidad Premium\",\"isPartOf\":{\"@id\":\"https:\\\/\\\/www.veltec.eu\\\/en\\\/#website\"},\"primaryImageOfPage\":{\"@id\":\"https:\\\/\\\/www.veltec.eu\\\/es\\\/product\\\/kirby-sentria-2-basico-nl3965\\\/#primaryimage\"},\"image\":{\"@id\":\"https:\\\/\\\/www.veltec.eu\\\/es\\\/product\\\/kirby-sentria-2-basico-nl3965\\\/#primaryimage\"},\"thumbnailUrl\":\"https:\\\/\\\/www.veltec.eu\\\/wp-content\\\/uploads\\\/2018\\\/11\\\/Kirby-Sentra-2.png\",\"datePublished\":\"2018-11-22T10:53:34+00:00\",\"dateModified\":\"2026-05-06T09:00:01+00:00\",\"description\":\"Kirby Sentria 2 B\u00e1sico Revisado en taller: potencia, durabilidad y ahorro del 80%. Revisado por Veltec Kirby con garant\u00eda de 12 meses.\",\"breadcrumb\":{\"@id\":\"https:\\\/\\\/www.veltec.eu\\\/es\\\/product\\\/kirby-sentria-2-basico-nl3965\\\/#breadcrumb\"},\"inLanguage\":\"es\",\"potentialAction\":[{\"@type\":\"ReadAction\",\"target\":[\"https:\\\/\\\/www.veltec.eu\\\/es\\\/product\\\/kirby-sentria-2-basico-nl3965\\\/\"]}]},{\"@type\":\"ImageObject\",\"inLanguage\":\"es\",\"@id\":\"https:\\\/\\\/www.veltec.eu\\\/es\\\/product\\\/kirby-sentria-2-basico-nl3965\\\/#primaryimage\",\"url\":\"https:\\\/\\\/www.veltec.eu\\\/wp-content\\\/uploads\\\/2018\\\/11\\\/Kirby-Sentra-2.png\",\"contentUrl\":\"https:\\\/\\\/www.veltec.eu\\\/wp-content\\\/uploads\\\/2018\\\/11\\\/Kirby-Sentra-2.png\",\"width\":600,\"height\":600},{\"@type\":\"BreadcrumbList\",\"@id\":\"https:\\\/\\\/www.veltec.eu\\\/es\\\/product\\\/kirby-sentria-2-basico-nl3965\\\/#breadcrumb\",\"itemListElement\":[{\"@type\":\"ListItem\",\"position\":1,\"name\":\"Home\",\"item\":\"https:\\\/\\\/www.veltec.eu\\\/es\\\/pagina-de-inicio\\\/\"},{\"@type\":\"ListItem\",\"position\":2,\"name\":\"Tienda Kirby\",\"item\":\"https:\\\/\\\/www.veltec.eu\\\/es\\\/tienda-kirby\\\/\"},{\"@type\":\"ListItem\",\"position\":3,\"name\":\"Kirby Sentria 2 B\u00e1sico\"}]},{\"@type\":\"WebSite\",\"@id\":\"https:\\\/\\\/www.veltec.eu\\\/en\\\/#website\",\"url\":\"https:\\\/\\\/www.veltec.eu\\\/en\\\/\",\"name\":\"Veltec Kirby specialist\",\"description\":\"Kirby stofzuiger producten\",\"publisher\":{\"@id\":\"https:\\\/\\\/www.veltec.eu\\\/en\\\/#organization\"},\"potentialAction\":[{\"@type\":\"SearchAction\",\"target\":{\"@type\":\"EntryPoint\",\"urlTemplate\":\"https:\\\/\\\/www.veltec.eu\\\/en\\\/?s={search_term_string}\"},\"query-input\":{\"@type\":\"PropertyValueSpecification\",\"valueRequired\":true,\"valueName\":\"search_term_string\"}}],\"inLanguage\":\"es\"},{\"@type\":\"Organization\",\"@id\":\"https:\\\/\\\/www.veltec.eu\\\/en\\\/#organization\",\"name\":\"Veltec Kirby Specialist\",\"url\":\"https:\\\/\\\/www.veltec.eu\\\/en\\\/\",\"logo\":{\"@type\":\"ImageObject\",\"inLanguage\":\"es\",\"@id\":\"https:\\\/\\\/www.veltec.eu\\\/en\\\/#\\\/schema\\\/logo\\\/image\\\/\",\"url\":\"https:\\\/\\\/www.veltec.eu\\\/wp-content\\\/uploads\\\/2021\\\/12\\\/Veltec-log-groot-e1537260889125.png\",\"contentUrl\":\"https:\\\/\\\/www.veltec.eu\\\/wp-content\\\/uploads\\\/2021\\\/12\\\/Veltec-log-groot-e1537260889125.png\",\"width\":200,\"height\":60,\"caption\":\"Veltec Kirby Specialist\"},\"image\":{\"@id\":\"https:\\\/\\\/www.veltec.eu\\\/en\\\/#\\\/schema\\\/logo\\\/image\\\/\"},\"sameAs\":[\"https:\\\/\\\/www.facebook.com\\\/Veltec-Kirby-Specialist-236746293374877\\\/\",\"https:\\\/\\\/www.youtube.com\\\/user\\\/VeltecService\"]}]}<\/script>\n<!-- \/ Yoast SEO Premium plugin. -->","yoast_head_json":{"title":"Kirby Sentria 2 B\u00e1sico Revisado en taller | Calidad Premium","description":"Kirby Sentria 2 B\u00e1sico Revisado en taller: potencia, durabilidad y ahorro del 80%. Revisado por Veltec Kirby con garant\u00eda de 12 meses.","robots":{"index":"index","follow":"follow","max-snippet":"max-snippet:-1","max-image-preview":"max-image-preview:large","max-video-preview":"max-video-preview:-1"},"canonical":"https:\/\/www.veltec.eu\/es\/product\/kirby-sentria-2-basico-nl3965\/","og_locale":"es_ES","og_type":"article","og_title":"Kirby Sentria 2 B\u00e1sico","og_description":"La Kirby Sentria 2 B\u00e1sico Revisado en taller ofrece potencia profesional, larga durabilidad y una revisi\u00f3n completa realizada por Veltec Kirby. Una opci\u00f3n premium con garant\u00eda de 12 meses y kit de limpieza incluido.    En stock   El plazo de entrega oscila entre 5 y 10 d\u00edas laborables  &nbsp;","og_url":"https:\/\/www.veltec.eu\/es\/product\/kirby-sentria-2-basico-nl3965\/","og_site_name":"Veltec Kirby specialist","article_publisher":"https:\/\/www.facebook.com\/Veltec-Kirby-Specialist-236746293374877\/","article_modified_time":"2026-05-06T09:00:01+00:00","og_image":[{"width":600,"height":600,"url":"https:\/\/www.veltec.eu\/wp-content\/uploads\/2018\/11\/Kirby-Sentra-2.png","type":"image\/png"}],"twitter_card":"summary_large_image","twitter_misc":{"Tiempo de lectura":"3 minutos"},"schema":{"@context":"https:\/\/schema.org","@graph":[{"@type":"WebPage","@id":"https:\/\/www.veltec.eu\/es\/product\/kirby-sentria-2-basico-nl3965\/","url":"https:\/\/www.veltec.eu\/es\/product\/kirby-sentria-2-basico-nl3965\/","name":"Kirby Sentria 2 B\u00e1sico Revisado en taller | Calidad Premium","isPartOf":{"@id":"https:\/\/www.veltec.eu\/en\/#website"},"primaryImageOfPage":{"@id":"https:\/\/www.veltec.eu\/es\/product\/kirby-sentria-2-basico-nl3965\/#primaryimage"},"image":{"@id":"https:\/\/www.veltec.eu\/es\/product\/kirby-sentria-2-basico-nl3965\/#primaryimage"},"thumbnailUrl":"https:\/\/www.veltec.eu\/wp-content\/uploads\/2018\/11\/Kirby-Sentra-2.png","datePublished":"2018-11-22T10:53:34+00:00","dateModified":"2026-05-06T09:00:01+00:00","description":"Kirby Sentria 2 B\u00e1sico Revisado en taller: potencia, durabilidad y ahorro del 80%. Revisado por Veltec Kirby con garant\u00eda de 12 meses.","breadcrumb":{"@id":"https:\/\/www.veltec.eu\/es\/product\/kirby-sentria-2-basico-nl3965\/#breadcrumb"},"inLanguage":"es","potentialAction":[{"@type":"ReadAction","target":["https:\/\/www.veltec.eu\/es\/product\/kirby-sentria-2-basico-nl3965\/"]}]},{"@type":"ImageObject","inLanguage":"es","@id":"https:\/\/www.veltec.eu\/es\/product\/kirby-sentria-2-basico-nl3965\/#primaryimage","url":"https:\/\/www.veltec.eu\/wp-content\/uploads\/2018\/11\/Kirby-Sentra-2.png","contentUrl":"https:\/\/www.veltec.eu\/wp-content\/uploads\/2018\/11\/Kirby-Sentra-2.png","width":600,"height":600},{"@type":"BreadcrumbList","@id":"https:\/\/www.veltec.eu\/es\/product\/kirby-sentria-2-basico-nl3965\/#breadcrumb","itemListElement":[{"@type":"ListItem","position":1,"name":"Home","item":"https:\/\/www.veltec.eu\/es\/pagina-de-inicio\/"},{"@type":"ListItem","position":2,"name":"Tienda Kirby","item":"https:\/\/www.veltec.eu\/es\/tienda-kirby\/"},{"@type":"ListItem","position":3,"name":"Kirby Sentria 2 B\u00e1sico"}]},{"@type":"WebSite","@id":"https:\/\/www.veltec.eu\/en\/#website","url":"https:\/\/www.veltec.eu\/en\/","name":"Veltec Kirby specialist","description":"Kirby stofzuiger producten","publisher":{"@id":"https:\/\/www.veltec.eu\/en\/#organization"},"potentialAction":[{"@type":"SearchAction","target":{"@type":"EntryPoint","urlTemplate":"https:\/\/www.veltec.eu\/en\/?s={search_term_string}"},"query-input":{"@type":"PropertyValueSpecification","valueRequired":true,"valueName":"search_term_string"}}],"inLanguage":"es"},{"@type":"Organization","@id":"https:\/\/www.veltec.eu\/en\/#organization","name":"Veltec Kirby Specialist","url":"https:\/\/www.veltec.eu\/en\/","logo":{"@type":"ImageObject","inLanguage":"es","@id":"https:\/\/www.veltec.eu\/en\/#\/schema\/logo\/image\/","url":"https:\/\/www.veltec.eu\/wp-content\/uploads\/2021\/12\/Veltec-log-groot-e1537260889125.png","contentUrl":"https:\/\/www.veltec.eu\/wp-content\/uploads\/2021\/12\/Veltec-log-groot-e1537260889125.png","width":200,"height":60,"caption":"Veltec Kirby Specialist"},"image":{"@id":"https:\/\/www.veltec.eu\/en\/#\/schema\/logo\/image\/"},"sameAs":["https:\/\/www.facebook.com\/Veltec-Kirby-Specialist-236746293374877\/","https:\/\/www.youtube.com\/user\/VeltecService"]}]}},"_links":{"self":[{"href":"https:\/\/www.veltec.eu\/es\/wp-json\/wp\/v2\/product\/14054","targetHints":{"allow":["GET"]}}],"collection":[{"href":"https:\/\/www.veltec.eu\/es\/wp-json\/wp\/v2\/product"}],"about":[{"href":"https:\/\/www.veltec.eu\/es\/wp-json\/wp\/v2\/types\/product"}],"replies":[{"embeddable":true,"href":"https:\/\/www.veltec.eu\/es\/wp-json\/wp\/v2\/comments?post=14054"}],"wp:featuredmedia":[{"embeddable":true,"href":"https:\/\/www.veltec.eu\/es\/wp-json\/wp\/v2\/media\/86032"}],"wp:attachment":[{"href":"https:\/\/www.veltec.eu\/es\/wp-json\/wp\/v2\/media?parent=14054"}],"wp:term":[{"taxonomy":"product_brand","embeddable":true,"href":"https:\/\/www.veltec.eu\/es\/wp-json\/wp\/v2\/product_brand?post=14054"},{"taxonomy":"product_cat","embeddable":true,"href":"https:\/\/www.veltec.eu\/es\/wp-json\/wp\/v2\/product_cat?post=14054"},{"taxonomy":"product_tag","embeddable":true,"href":"https:\/\/www.veltec.eu\/es\/wp-json\/wp\/v2\/product_tag?post=14054"}],"curies":[{"name":"wp","href":"https:\/\/api.w.org\/{rel}","templated":true}]}}