{"id":12282,"date":"2018-09-24T12:35:32","date_gmt":"2018-09-24T10:35:32","guid":{"rendered":"https:\/\/www.veltec.eu\/kirby-webshop\/mini-emptor-kirby-completo-nl3163\/"},"modified":"2025-01-21T12:35:30","modified_gmt":"2025-01-21T10:35:30","slug":"mini-emptor-kirby-completo-nl3163","status":"publish","type":"product","link":"https:\/\/www.veltec.eu\/es\/product\/mini-emptor-kirby-completo-nl3163\/","title":{"rendered":"Mini Emptor Kirby completo"},"content":{"rendered":"<h1>Mini Emptor Kirby completo<\/h1>\n<p>Kirby Mini Emptor completo con manguera de llenado y conexi\u00f3n para bolsa de polvo.<\/p>\n<p><strong>Este Kirby Mini Emptor es adecuado para todas las aspiradoras Kirby;<\/strong><\/p>\n<ul>\n<li>Avalir Platinum<\/li>\n<li>Avalir 2<\/li>\n<li>Avalir 1<\/li>\n<li>Sentria 2 (G10D)<\/li>\n<li>Sentria 1 (G10)<\/li>\n<li>Ultimate G Diamond Ed.(G7D or DE)<\/li>\n<li>Ultimate G (G7 or UG)<\/li>\n<li>Generation 6 (G6)<\/li>\n<li>Generation 5 (G5)<\/li>\n<li>Generation 4 (G4)<\/li>\n<li>Generation 3 (G3)<\/li>\n<\/ul>\n<h2>Kirby Mini Emptor Completo: La soluci\u00f3n perfecta para un aspirador limpio y eficiente.<\/h2>\n<h3>\u00bfQu\u00e9 es el Kirby Mini Emptor?<\/h3>\n<p>El Kirby Mini Emptor es una parte esencial de su aspiradora Kirby. Se trata de una manguera de llenado que transporta eficazmente la suciedad aspirada hasta la bolsa de la aspiradora. Este componente se coloca en el interior de la bolsa exterior y garantiza que la suciedad y el polvo entren en la bolsa de la aspiradora de forma segura e higi\u00e9nica. Adem\u00e1s, este Mini Emptor se suministra con un pie robusto, que se conecta f\u00e1cilmente a la bolsa exterior de su aspiradora Kirby.<\/p>\n<p><a href=\"https:\/\/www.veltec.eu\/es\/bolsa-exterior-kirby\/\">Aqu\u00ed encontrar\u00e1 todo para la bolsa exterior Kirby y accesorios<\/a><\/p>\n<h3>Universal y apto para todos los modelos Kirby<\/h3>\n<p>Una gran ventaja del Kirby Mini Emptor Complete es que es universal y apto para todo tipo de aspiradoras Kirby. Tanto si tiene un modelo antiguo como si tiene la \u00faltima aspiradora Kirby, esta manguera de llenado se adapta perfectamente. Esto significa que no tiene que preocuparse por la compatibilidad, lo que facilita mucho el pedido.<\/p>\n<h2>\u00bfPor qu\u00e9 elegir el Mini Emptor Kirby?<\/h2>\n<h3>Higiene y eficacia mejoradas<\/h3>\n<p>Kirby Mini Emptor garantiza un funcionamiento \u00f3ptimo de su aspiradora. Gracias a su eficiente construcci\u00f3n, la suciedad es guiada directamente a la bolsa de la aspiradora, evitando obstrucciones en la bolsa exterior. Esto es especialmente \u00fatil si trabaja a menudo con polvo fino, pelo u otros residuos peque\u00f1os. Adem\u00e1s, este componente mejora la higiene general del hogar al evitar que las part\u00edculas de polvo vuelvan a salir al aire.<\/p>\n<h3>Duradero y fiable<\/h3>\n<p>El Mini Emptor est\u00e1 fabricado con materiales de alta calidad que garantizan una larga vida \u00fatil. Esto hace que sea una elecci\u00f3n duradera, por lo que puede confiar en una experiencia de aspiraci\u00f3n sin problemas una y otra vez.<\/p>\n<h3>F\u00e1cil instalaci\u00f3n y uso<\/h3>\n<p>La instalaci\u00f3n del Kirby Mini Emptor Complete es f\u00e1cil, incluso para quienes no tienen conocimientos t\u00e9cnicos. Gracias a su estudiado dise\u00f1o, el componente se adapta perfectamente a la bolsa exterior de su aspiradora. Con unos sencillos pasos, su aspiradora estar\u00e1 lista para ser utilizada de nuevo, sin complicaciones ni complicados manuales.<\/p>\n<h3>Pie incluido para mayor estabilidad<\/h3>\n<p>El pie incluido garantiza que la bolsa exterior se mantenga firme y estable, incluso durante un uso intensivo. Esto no s\u00f3lo aumenta la facilidad de uso, sino que tambi\u00e9n contribuye a la eficacia de su rutina de limpieza.<\/p>\n<hr \/>\n<h3>Pida ahora el Kirby Mini Emptor<\/h3>\n<p>Con el Kirby Mini Emptor Complete obtendr\u00e1 una pieza de recambio fiable y universal que llevar\u00e1 su aspiradora Kirby al siguiente nivel. La combinaci\u00f3n de higiene, durabilidad y facilidad de uso hace que este producto sea imprescindible para cualquier usuario de Kirby. No espere m\u00e1s y experimente por s\u00ed mismo la diferencia que el Kirby Mini Emptor Complete marca en su rutina de limpieza.<\/p>\n","protected":false},"excerpt":{"rendered":"<p>Mini Emptor completo con una manguera de llenado y conexi\u00f3n para la bolsa de polvo.<\/p>\n[trustindex data-widget-id=48bbd87242952812953642309d4]\n<h3><span style=\"color: #008000;\"><br \/>\nEn stock<\/span><\/h3>\n[av_font_icon icon='ue812' font='entypo-fontello' style='' caption='' size='25px' position='left' color='#43ad66' link='' linktarget='' title_attr='' sonar_effect_effect='' sonar_effect_color='' sonar_effect_duration='1' sonar_effect_scale='' sonar_effect_opac='0.5' animation='' id='' custom_class='' template_class='' av_uid='' sc_version='1.0' admin_preview_bg=''][\/av_font_icon]\n<p><span style=\"color: #008000;\">Pedido antes de las 23:59, enviado ma\u00f1ana<\/span><\/p>\n<p>&nbsp;<\/p>\n","protected":false},"featured_media":5918,"comment_status":"open","ping_status":"closed","template":"","meta":[],"product_brand":[],"product_cat":[370],"product_tag":[],"class_list":{"0":"post-12282","1":"product","2":"type-product","3":"status-publish","4":"has-post-thumbnail","6":"product_cat-bolsa-exterior-kirby-para-el-polvo-accesorios","7":"product_shipping_class-klein-es","9":"first","10":"instock","11":"taxable","12":"shipping-taxable","13":"purchasable","14":"product-type-simple"},"yoast_head":"<!-- This site is optimized with the Yoast SEO Premium plugin v27.1 (Yoast SEO v27.3) - https:\/\/yoast.com\/product\/yoast-seo-premium-wordpress\/ -->\n<title>Mini Emptor Kirby completo - Veltec Kirby specialist<\/title>\n<meta name=\"description\" content=\"Mini Emptor Kirby completo - Veltec es el proveedor de las aspiradoras Kirby desde hace m\u00e1s de 25 a\u00f1os. Y es su especialista en servicio Kirby.\" \/>\n<meta name=\"robots\" content=\"index, follow, max-snippet:-1, max-image-preview:large, max-video-preview:-1\" \/>\n<link rel=\"canonical\" href=\"https:\/\/www.veltec.eu\/nl\/product\/kirby-mini-emptor-compleet-nl3163\/\" \/>\n<meta property=\"og:locale\" content=\"es_ES\" \/>\n<meta property=\"og:type\" content=\"article\" \/>\n<meta property=\"og:title\" content=\"Mini Emptor Kirby completo\" \/>\n<meta property=\"og:description\" content=\"Mini Emptor completo con una manguera de llenado y conexi\u00f3n para la bolsa de polvo.    En stock   Pedido antes de las 23:59, enviado ma\u00f1ana  &nbsp;\" \/>\n<meta property=\"og:url\" content=\"https:\/\/www.veltec.eu\/nl\/product\/kirby-mini-emptor-compleet-nl3163\/\" \/>\n<meta property=\"og:site_name\" content=\"Veltec Kirby specialist\" \/>\n<meta property=\"article:publisher\" content=\"https:\/\/www.facebook.com\/Veltec-Kirby-Specialist-236746293374877\/\" \/>\n<meta property=\"article:modified_time\" content=\"2025-01-21T10:35:30+00:00\" \/>\n<meta property=\"og:image\" content=\"https:\/\/www.veltec.eu\/wp-content\/uploads\/2018\/09\/mini_emptor_compleet_-1.jpg\" \/>\n\t<meta property=\"og:image:width\" content=\"300\" \/>\n\t<meta property=\"og:image:height\" content=\"300\" \/>\n\t<meta property=\"og:image:type\" content=\"image\/jpeg\" \/>\n<meta name=\"twitter:card\" content=\"summary_large_image\" \/>\n<meta name=\"twitter:label1\" content=\"Tiempo de lectura\" \/>\n\t<meta name=\"twitter:data1\" content=\"3 minutos\" \/>\n<script type=\"application\/ld+json\" class=\"yoast-schema-graph\">{\"@context\":\"https:\\\/\\\/schema.org\",\"@graph\":[{\"@type\":\"WebPage\",\"@id\":\"https:\\\/\\\/www.veltec.eu\\\/nl\\\/product\\\/kirby-mini-emptor-compleet-nl3163\\\/\",\"url\":\"https:\\\/\\\/www.veltec.eu\\\/nl\\\/product\\\/kirby-mini-emptor-compleet-nl3163\\\/\",\"name\":\"Mini Emptor Kirby completo - Veltec Kirby specialist\",\"isPartOf\":{\"@id\":\"https:\\\/\\\/www.veltec.eu\\\/en\\\/#website\"},\"primaryImageOfPage\":{\"@id\":\"https:\\\/\\\/www.veltec.eu\\\/nl\\\/product\\\/kirby-mini-emptor-compleet-nl3163\\\/#primaryimage\"},\"image\":{\"@id\":\"https:\\\/\\\/www.veltec.eu\\\/nl\\\/product\\\/kirby-mini-emptor-compleet-nl3163\\\/#primaryimage\"},\"thumbnailUrl\":\"https:\\\/\\\/www.veltec.eu\\\/wp-content\\\/uploads\\\/2018\\\/09\\\/mini_emptor_compleet_-1.jpg\",\"datePublished\":\"2018-09-24T10:35:32+00:00\",\"dateModified\":\"2025-01-21T10:35:30+00:00\",\"description\":\"Mini Emptor Kirby completo - Veltec es el proveedor de las aspiradoras Kirby desde hace m\u00e1s de 25 a\u00f1os. Y es su especialista en servicio Kirby.\",\"breadcrumb\":{\"@id\":\"https:\\\/\\\/www.veltec.eu\\\/nl\\\/product\\\/kirby-mini-emptor-compleet-nl3163\\\/#breadcrumb\"},\"inLanguage\":\"es\",\"potentialAction\":[{\"@type\":\"ReadAction\",\"target\":[\"https:\\\/\\\/www.veltec.eu\\\/nl\\\/product\\\/kirby-mini-emptor-compleet-nl3163\\\/\"]}]},{\"@type\":\"ImageObject\",\"inLanguage\":\"es\",\"@id\":\"https:\\\/\\\/www.veltec.eu\\\/nl\\\/product\\\/kirby-mini-emptor-compleet-nl3163\\\/#primaryimage\",\"url\":\"https:\\\/\\\/www.veltec.eu\\\/wp-content\\\/uploads\\\/2018\\\/09\\\/mini_emptor_compleet_-1.jpg\",\"contentUrl\":\"https:\\\/\\\/www.veltec.eu\\\/wp-content\\\/uploads\\\/2018\\\/09\\\/mini_emptor_compleet_-1.jpg\",\"width\":300,\"height\":300,\"caption\":\"Mini Emptor Kirby completo\"},{\"@type\":\"BreadcrumbList\",\"@id\":\"https:\\\/\\\/www.veltec.eu\\\/nl\\\/product\\\/kirby-mini-emptor-compleet-nl3163\\\/#breadcrumb\",\"itemListElement\":[{\"@type\":\"ListItem\",\"position\":1,\"name\":\"Home\",\"item\":\"https:\\\/\\\/www.veltec.eu\\\/es\\\/\"},{\"@type\":\"ListItem\",\"position\":2,\"name\":\"Produits\",\"item\":\"https:\\\/\\\/www.veltec.eu\\\/fr\\\/shop\\\/\"},{\"@type\":\"ListItem\",\"position\":3,\"name\":\"Mini Emptor Kirby completo\"}]},{\"@type\":\"WebSite\",\"@id\":\"https:\\\/\\\/www.veltec.eu\\\/en\\\/#website\",\"url\":\"https:\\\/\\\/www.veltec.eu\\\/en\\\/\",\"name\":\"Veltec Kirby specialist\",\"description\":\"Kirby stofzuiger producten\",\"publisher\":{\"@id\":\"https:\\\/\\\/www.veltec.eu\\\/en\\\/#organization\"},\"potentialAction\":[{\"@type\":\"SearchAction\",\"target\":{\"@type\":\"EntryPoint\",\"urlTemplate\":\"https:\\\/\\\/www.veltec.eu\\\/en\\\/?s={search_term_string}\"},\"query-input\":{\"@type\":\"PropertyValueSpecification\",\"valueRequired\":true,\"valueName\":\"search_term_string\"}}],\"inLanguage\":\"es\"},{\"@type\":\"Organization\",\"@id\":\"https:\\\/\\\/www.veltec.eu\\\/en\\\/#organization\",\"name\":\"Veltec Kirby Specialist\",\"url\":\"https:\\\/\\\/www.veltec.eu\\\/en\\\/\",\"logo\":{\"@type\":\"ImageObject\",\"inLanguage\":\"es\",\"@id\":\"https:\\\/\\\/www.veltec.eu\\\/en\\\/#\\\/schema\\\/logo\\\/image\\\/\",\"url\":\"https:\\\/\\\/www.veltec.eu\\\/wp-content\\\/uploads\\\/2021\\\/12\\\/Veltec-log-groot-e1537260889125.png\",\"contentUrl\":\"https:\\\/\\\/www.veltec.eu\\\/wp-content\\\/uploads\\\/2021\\\/12\\\/Veltec-log-groot-e1537260889125.png\",\"width\":200,\"height\":60,\"caption\":\"Veltec Kirby Specialist\"},\"image\":{\"@id\":\"https:\\\/\\\/www.veltec.eu\\\/en\\\/#\\\/schema\\\/logo\\\/image\\\/\"},\"sameAs\":[\"https:\\\/\\\/www.facebook.com\\\/Veltec-Kirby-Specialist-236746293374877\\\/\",\"https:\\\/\\\/www.youtube.com\\\/user\\\/VeltecService\"]}]}<\/script>\n<!-- \/ Yoast SEO Premium plugin. -->","yoast_head_json":{"title":"Mini Emptor Kirby completo - Veltec Kirby specialist","description":"Mini Emptor Kirby completo - Veltec es el proveedor de las aspiradoras Kirby desde hace m\u00e1s de 25 a\u00f1os. Y es su especialista en servicio Kirby.","robots":{"index":"index","follow":"follow","max-snippet":"max-snippet:-1","max-image-preview":"max-image-preview:large","max-video-preview":"max-video-preview:-1"},"canonical":"https:\/\/www.veltec.eu\/nl\/product\/kirby-mini-emptor-compleet-nl3163\/","og_locale":"es_ES","og_type":"article","og_title":"Mini Emptor Kirby completo","og_description":"Mini Emptor completo con una manguera de llenado y conexi\u00f3n para la bolsa de polvo.    En stock   Pedido antes de las 23:59, enviado ma\u00f1ana  &nbsp;","og_url":"https:\/\/www.veltec.eu\/nl\/product\/kirby-mini-emptor-compleet-nl3163\/","og_site_name":"Veltec Kirby specialist","article_publisher":"https:\/\/www.facebook.com\/Veltec-Kirby-Specialist-236746293374877\/","article_modified_time":"2025-01-21T10:35:30+00:00","og_image":[{"width":300,"height":300,"url":"https:\/\/www.veltec.eu\/wp-content\/uploads\/2018\/09\/mini_emptor_compleet_-1.jpg","type":"image\/jpeg"}],"twitter_card":"summary_large_image","twitter_misc":{"Tiempo de lectura":"3 minutos"},"schema":{"@context":"https:\/\/schema.org","@graph":[{"@type":"WebPage","@id":"https:\/\/www.veltec.eu\/nl\/product\/kirby-mini-emptor-compleet-nl3163\/","url":"https:\/\/www.veltec.eu\/nl\/product\/kirby-mini-emptor-compleet-nl3163\/","name":"Mini Emptor Kirby completo - Veltec Kirby specialist","isPartOf":{"@id":"https:\/\/www.veltec.eu\/en\/#website"},"primaryImageOfPage":{"@id":"https:\/\/www.veltec.eu\/nl\/product\/kirby-mini-emptor-compleet-nl3163\/#primaryimage"},"image":{"@id":"https:\/\/www.veltec.eu\/nl\/product\/kirby-mini-emptor-compleet-nl3163\/#primaryimage"},"thumbnailUrl":"https:\/\/www.veltec.eu\/wp-content\/uploads\/2018\/09\/mini_emptor_compleet_-1.jpg","datePublished":"2018-09-24T10:35:32+00:00","dateModified":"2025-01-21T10:35:30+00:00","description":"Mini Emptor Kirby completo - Veltec es el proveedor de las aspiradoras Kirby desde hace m\u00e1s de 25 a\u00f1os. Y es su especialista en servicio Kirby.","breadcrumb":{"@id":"https:\/\/www.veltec.eu\/nl\/product\/kirby-mini-emptor-compleet-nl3163\/#breadcrumb"},"inLanguage":"es","potentialAction":[{"@type":"ReadAction","target":["https:\/\/www.veltec.eu\/nl\/product\/kirby-mini-emptor-compleet-nl3163\/"]}]},{"@type":"ImageObject","inLanguage":"es","@id":"https:\/\/www.veltec.eu\/nl\/product\/kirby-mini-emptor-compleet-nl3163\/#primaryimage","url":"https:\/\/www.veltec.eu\/wp-content\/uploads\/2018\/09\/mini_emptor_compleet_-1.jpg","contentUrl":"https:\/\/www.veltec.eu\/wp-content\/uploads\/2018\/09\/mini_emptor_compleet_-1.jpg","width":300,"height":300,"caption":"Mini Emptor Kirby completo"},{"@type":"BreadcrumbList","@id":"https:\/\/www.veltec.eu\/nl\/product\/kirby-mini-emptor-compleet-nl3163\/#breadcrumb","itemListElement":[{"@type":"ListItem","position":1,"name":"Home","item":"https:\/\/www.veltec.eu\/es\/"},{"@type":"ListItem","position":2,"name":"Produits","item":"https:\/\/www.veltec.eu\/fr\/shop\/"},{"@type":"ListItem","position":3,"name":"Mini Emptor Kirby completo"}]},{"@type":"WebSite","@id":"https:\/\/www.veltec.eu\/en\/#website","url":"https:\/\/www.veltec.eu\/en\/","name":"Veltec Kirby specialist","description":"Kirby stofzuiger producten","publisher":{"@id":"https:\/\/www.veltec.eu\/en\/#organization"},"potentialAction":[{"@type":"SearchAction","target":{"@type":"EntryPoint","urlTemplate":"https:\/\/www.veltec.eu\/en\/?s={search_term_string}"},"query-input":{"@type":"PropertyValueSpecification","valueRequired":true,"valueName":"search_term_string"}}],"inLanguage":"es"},{"@type":"Organization","@id":"https:\/\/www.veltec.eu\/en\/#organization","name":"Veltec Kirby Specialist","url":"https:\/\/www.veltec.eu\/en\/","logo":{"@type":"ImageObject","inLanguage":"es","@id":"https:\/\/www.veltec.eu\/en\/#\/schema\/logo\/image\/","url":"https:\/\/www.veltec.eu\/wp-content\/uploads\/2021\/12\/Veltec-log-groot-e1537260889125.png","contentUrl":"https:\/\/www.veltec.eu\/wp-content\/uploads\/2021\/12\/Veltec-log-groot-e1537260889125.png","width":200,"height":60,"caption":"Veltec Kirby Specialist"},"image":{"@id":"https:\/\/www.veltec.eu\/en\/#\/schema\/logo\/image\/"},"sameAs":["https:\/\/www.facebook.com\/Veltec-Kirby-Specialist-236746293374877\/","https:\/\/www.youtube.com\/user\/VeltecService"]}]}},"_links":{"self":[{"href":"https:\/\/www.veltec.eu\/es\/wp-json\/wp\/v2\/product\/12282","targetHints":{"allow":["GET"]}}],"collection":[{"href":"https:\/\/www.veltec.eu\/es\/wp-json\/wp\/v2\/product"}],"about":[{"href":"https:\/\/www.veltec.eu\/es\/wp-json\/wp\/v2\/types\/product"}],"replies":[{"embeddable":true,"href":"https:\/\/www.veltec.eu\/es\/wp-json\/wp\/v2\/comments?post=12282"}],"wp:featuredmedia":[{"embeddable":true,"href":"https:\/\/www.veltec.eu\/es\/wp-json\/wp\/v2\/media\/5918"}],"wp:attachment":[{"href":"https:\/\/www.veltec.eu\/es\/wp-json\/wp\/v2\/media?parent=12282"}],"wp:term":[{"taxonomy":"product_brand","embeddable":true,"href":"https:\/\/www.veltec.eu\/es\/wp-json\/wp\/v2\/product_brand?post=12282"},{"taxonomy":"product_cat","embeddable":true,"href":"https:\/\/www.veltec.eu\/es\/wp-json\/wp\/v2\/product_cat?post=12282"},{"taxonomy":"product_tag","embeddable":true,"href":"https:\/\/www.veltec.eu\/es\/wp-json\/wp\/v2\/product_tag?post=12282"}],"curies":[{"name":"wp","href":"https:\/\/api.w.org\/{rel}","templated":true}]}}